{"id":23527,"date":"2025-05-26T10:24:34","date_gmt":"2025-05-26T08:24:34","guid":{"rendered":"https:\/\/www.ferberpainting.com\/products\/hardener-for-porous-crumbling-and-degraded-walls\/"},"modified":"2026-02-15T12:26:55","modified_gmt":"2026-02-15T11:26:55","slug":"hardener-for-porous-crumbling-and-degraded-walls","status":"publish","type":"product","link":"https:\/\/www.ferberpainting.com\/lt\/products\/hardener-for-porous-crumbling-and-degraded-walls\/","title":{"rendered":"Kietiklis, skirtas akytoms, trupan\u010dioms ir degraduojan\u010dioms sienoms"},"content":{"rendered":"<p><strong><img decoding=\"async\" style=\"margin-right: 12px;\" src=\"https:\/\/www.ferberpainting.com\/wp-content\/uploads\/2026\/02\/Check.svg\" alt=\"\" width=\"18\" height=\"15\" \/>Pa\u017eeist\u0173 sien\u0173 sutvirtinimas ir stabilizavimas.<\/strong>\u00a0\u0160is kietiklis yra specialiai sukurtas akytiems, trapiems ar suirusiems pavir\u0161iams stiprinti, nes giliai \u012fsiskverbia \u012f med\u017eiagos strukt\u016br\u0105. Jis atkuria sen\u0173 ar d\u0117l nusid\u0117v\u0117jimo, dr\u0117gm\u0117s ir oro s\u0105lyg\u0173 susilpn\u0117jusi\u0173 sien\u0173 sukibim\u0105, tod\u0117l jos tampa atsparesn\u0117s ir ilgaam\u017ei\u0161kesn\u0117s, nekeisdamos savo pirmin\u0117s i\u0161vaizdos.<\/p>\n<p><strong><img decoding=\"async\" style=\"margin-right: 12px;\" src=\"https:\/\/www.ferberpainting.com\/wp-content\/uploads\/2026\/02\/Check.svg\" alt=\"\" width=\"18\" height=\"15\" \/>Pinig\u0173 gr\u0105\u017einimo garantija.<\/strong> Esame visi\u0161kai tikri, kad m\u016bs\u0173 kietiklis yra veiksmingas por\u0117toms ir trapioms sienoms. Tod\u0117l si\u016blome pinig\u0173 gr\u0105\u017einimo garantij\u0105. Jei tinkamai pagal rekomendacijas panaudojus produkt\u0105, jis nepateisins j\u016bs\u0173 l\u016bkes\u010di\u0173, galite pra\u0161yti bes\u0105lygi\u0161kai gr\u0105\u017einti pinigus, taip u\u017esitikrindami saug\u0173 ir neriziking\u0105 pirkin\u012f.<\/p>\n<p><strong><img decoding=\"async\" style=\"margin-right: 12px;\" src=\"https:\/\/www.ferberpainting.com\/wp-content\/uploads\/2026\/02\/Check.svg\" alt=\"\" width=\"18\" height=\"15\" \/>Suderinamas su \u012fvairiomis med\u017eiagomis.<\/strong>\u00a0\u0160is kietiklis tinka daugeliui mineralini\u0173 pagrind\u0173, toki\u0173 kaip betonas, cementas, nat\u016bralus akmuo, plytos, skiedinys, tinkas ir senos dangos. Jis idealiai tinka fasad\u0173 renovacijai, vidaus ir i\u0161or\u0117s sienoms, r\u016bsiams, po\u017eeminiams plotams ir bet kokiai atramai, kuri gali trup\u0117ti ar suirti.<\/p>\n<p><strong><img decoding=\"async\" style=\"margin-right: 12px;\" src=\"https:\/\/www.ferberpainting.com\/wp-content\/uploads\/2026\/02\/Check.svg\" alt=\"\" width=\"18\" height=\"15\" \/>Ekonomi\u0161kas derlius ir didesnis na\u0161umas.<\/strong>\u00a0D\u0117l didel\u0117s koncentracijos 1 litru produkto galima apdoroti 3-5 m\u00b2, priklausomai nuo pagrindo por\u0117tumo. D\u0117l konsoliduojan\u010dio poveikio i\u0161vengiama brangiai kainuojan\u010di\u0173 pakeitim\u0173 ir pailginamas med\u017eiag\u0173 tarnavimo laikas, tod\u0117l sutaupoma l\u0117\u0161\u0173 pakartotiniam remontui ir apdorojimui.<\/p>\n<p><strong><img decoding=\"async\" style=\"margin-right: 12px;\" src=\"https:\/\/www.ferberpainting.com\/wp-content\/uploads\/2026\/02\/Check.svg\" alt=\"\" width=\"18\" height=\"15\" \/>Saugus ir aplink\u0105 tausojantis produktas.<\/strong>\u00a0\u0160is kietiklis sukurtas be toksi\u0161k\u0173 tirpikli\u0173 ir kenksming\u0173 i\u0161metam\u0173j\u0173 ter\u0161al\u0173, tod\u0117l nekelia pavojaus nei naudotojui, nei aplinkai. Naudojant nekelia pavojaus sveikatai ir gali b\u016bti naudojamas tiek patalpose, tiek lauke, nereikalaujant specialios apsaugos.<\/p>\n<p><strong><img decoding=\"async\" style=\"margin-right: 12px;\" src=\"https:\/\/www.ferberpainting.com\/wp-content\/uploads\/2026\/02\/Check.svg\" alt=\"\" width=\"18\" height=\"15\" \/>Lengva taikyti, kad b\u016bt\u0173 galima greitai \u012fgyvendinti.<\/strong>\u00a0\u0160iam kietikliui, paruo\u0161tam naudoti, nereikia skiedimo ar sud\u0117tingo paruo\u0161imo. J\u012f galima tepti teptuku, voleliu arba purk\u0161ti, u\u017etikrinant tolyg\u0173 paskirstym\u0105 ir optimal\u0173 \u012fsig\u0117rim\u0105 \u012f med\u017eiag\u0105. Jo skysta tekst\u016bra leid\u017eia greitai ir homogeni\u0161kai \u012fsiskverbti, tod\u0117l i\u0161vengiama daug darbo.<\/p>\n<p><strong><img decoding=\"async\" style=\"margin-right: 12px;\" src=\"https:\/\/www.ferberpainting.com\/wp-content\/uploads\/2026\/02\/Check.svg\" alt=\"\" width=\"18\" height=\"15\" \/>Patvarus sprendimas ilgalaik\u0117ms tvirtoms sienoms.<\/strong>\u00a0Skirtingai nuo laikino pavir\u0161iaus apdorojimo, \u0161is kietiklis veikia giliai sienos strukt\u016broje, tvirtai sutvirtindamas susilpn\u0117jusias med\u017eiagas. \u012esig\u0117r\u0119s ir i\u0161d\u017ei\u016bv\u0119s jis suformuoja mineralin\u012f barjer\u0105, atspar\u0173 \u012ftr\u016bkimams, dr\u0117gmei ir i\u0161oriniams pa\u017eeidimams, tod\u0117l u\u017etikrina veiksming\u0105 apsaug\u0105 kelerius metus.<\/p>\n<p><strong><img decoding=\"async\" style=\"margin-right: 12px;\" src=\"https:\/\/www.ferberpainting.com\/wp-content\/uploads\/2026\/02\/Check.svg\" alt=\"\" width=\"18\" height=\"15\" \/>Greitai i\u0161d\u017ei\u016bsta, kad b\u016bt\u0173 galima i\u0161 karto gr\u012f\u017eti \u012f darb\u0105.<\/strong>\u00a0D\u0117l skvarbiojo poveikio, priklausomai nuo pagrindo por\u0117tumo, jis greitai sukiet\u0117ja per kelias valandas. Per 24-48 valandas siena \u012fgauna pakankam\u0105 tvirtum\u0105, kad j\u0105 b\u016bt\u0173 galima padengti da\u017eais, danga ar kita apdaila, taip pagreitinant restauravim\u0105 ir i\u0161vengiant ilg\u0173 laukimo laikotarpi\u0173.<\/p>\n<h2><strong>Naudojimo protokolas<\/strong><\/h2>\n<ul>\n<li><strong>Pavir\u0161iaus paruo\u0161imas :<\/strong> Nuvalykite sien\u0105, pa\u0161alindami dulkes, ne\u0161varumus ir sen\u0173 da\u017e\u0173 ar nelimpan\u010di\u0173 dang\u0173 liku\u010dius. Jei reikia, pavir\u0161i\u0173 lengvai nu\u0161veiskite \u0161epe\u010diu, kad kietiklis geriau \u012fsiskverbt\u0173.<\/li>\n<li><strong>Rekomenduojama doz\u0117 : <\/strong>Tepkite nuo 0,2 iki 0,5 l vienam m\u00b2, priklausomai nuo pagrindo \u012fgeriamumo ir suirimo lygio. Labai trupan\u010dioms sienoms optimaliai sutvirtinti gali prireikti antro tepimo.<\/li>\n<li><strong>Kietiklio naudojimas :<\/strong> Tepkite tiesiai teptuku, voleliu arba ma\u017eo sl\u0117gio purk\u0161tuvu, \u012fsitikinkite, kad pavir\u0161ius gerai \u012fsisavintas. Dirbkite dalimis, kad u\u017etikrintum\u0117te tolyg\u0173 \u012fsig\u0117rim\u0105 ir i\u0161vengtum\u0117te nepakankamai apdorot\u0173 plot\u0173.<\/li>\n<li><strong>\u012esiskverbimo laikas :<\/strong> Leiskite produktui veikti 10-30 minu\u010di\u0173, kad jis giliai \u012fsigert\u0173 \u012f med\u017eiag\u0105. Labai akytus pavir\u0161ius galima padengti antruoju sluoksniu, kai pirmasis i\u0161 dalies i\u0161d\u017ei\u016bsta.<\/li>\n<li><strong>Visi\u0161kas d\u017eiovinimas :<\/strong> Prie\u0161 tepdami apdailos produkt\u0105 - da\u017eus, tink\u0105 ar kit\u0105 dang\u0105 - leiskite jam i\u0161d\u017ei\u016bti 24-48 valandas. Per \u0161\u012f kiet\u0117jimo etap\u0105 venkite ilgalaikio dr\u0117gm\u0117s poveikio.<\/li>\n<li><strong>Apdaila ir prie\u017ei\u016bra :<\/strong> Sutvirtint\u0105 sien\u0105 galima da\u017eyti, tinkuoti arba palikti neapdorot\u0105, priklausomai nuo norimo efekto. Siekiant optimalaus rezultato, prie\u0161 dengiant apdail\u0105 galima \u0161iek tiek pa\u0161lifuoti, kad apdorotas pavir\u0161ius b\u016bt\u0173 lygus.<\/li>\n<li><strong>\u012eranki\u0173 valymas :<\/strong> Po naudojimo \u012frankius i\u0161 karto i\u0161valykite \u0161variu vandeniu, kad jie neu\u017esikim\u0161t\u0173 ir ilgiau tarnaut\u0173.<\/li>\n<\/ul>\n<p>&nbsp;<\/p>","protected":false},"excerpt":{"rendered":"<p>Reinforcement and stabilization of damaged walls.\u00a0This hardener is specially designed to strengthen porous, friable, or degraded surfaces by deeply penetrating the material&#8217;s structure. It restores cohesion to old or weakened walls due to wear, moisture, and weather, making them more resistant and durable without altering their original appearance. Money-back guarantee. We have absolute confidence in [&hellip;]<\/p>\n","protected":false},"featured_media":26025,"comment_status":"open","ping_status":"closed","template":"","meta":{"_uag_custom_page_level_css":"","site-sidebar-layout":"default","site-content-layout":"","ast-site-content-layout":"default","site-content-style":"default","site-sidebar-style":"default","ast-global-header-display":"","ast-banner-title-visibility":"","ast-main-header-display":"","ast-hfb-above-header-display":"","ast-hfb-below-header-display":"","ast-hfb-mobile-header-display":"","site-post-title":"","ast-breadcrumbs-content":"","ast-featured-img":"","footer-sml-layout":"","ast-disable-related-posts":"","theme-transparent-header-meta":"default","adv-header-id-meta":"","stick-header-meta":"","header-above-stick-meta":"","header-main-stick-meta":"","header-below-stick-meta":"","astra-migrate-meta-layouts":"set","ast-page-background-enabled":"default","ast-page-background-meta":{"desktop":{"background-color":"var(--ast-global-color-4)","background-image":"","background-repeat":"repeat","background-position":"center center","background-size":"auto","background-attachment":"scroll","background-type":"","background-media":"","overlay-type":"","overlay-color":"","overlay-opacity":"","overlay-gradient":""},"tablet":{"background-color":"","background-image":"","background-repeat":"repeat","background-position":"center center","background-size":"auto","background-attachment":"scroll","background-type":"","background-media":"","overlay-type":"","overlay-color":"","overlay-opacity":"","overlay-gradient":""},"mobile":{"background-color":"","background-image":"","background-repeat":"repeat","background-position":"center center","background-size":"auto","background-attachment":"scroll","background-type":"","background-media":"","overlay-type":"","overlay-color":"","overlay-opacity":"","overlay-gradient":""}},"ast-content-background-meta":{"desktop":{"background-color":"var(--ast-global-color-5)","background-image":"","background-repeat":"repeat","background-position":"center center","background-size":"auto","background-attachment":"scroll","background-type":"","background-media":"","overlay-type":"","overlay-color":"","overlay-opacity":"","overlay-gradient":""},"tablet":{"background-color":"var(--ast-global-color-5)","background-image":"","background-repeat":"repeat","background-position":"center center","background-size":"auto","background-attachment":"scroll","background-type":"","background-media":"","overlay-type":"","overlay-color":"","overlay-opacity":"","overlay-gradient":""},"mobile":{"background-color":"var(--ast-global-color-5)","background-image":"","background-repeat":"repeat","background-position":"center center","background-size":"auto","background-attachment":"scroll","background-type":"","background-media":"","overlay-type":"","overlay-color":"","overlay-opacity":"","overlay-gradient":""}}},"product_brand":[],"product_cat":[176],"product_tag":[],"class_list":{"0":"post-23527","1":"product","2":"type-product","3":"status-publish","4":"has-post-thumbnail","6":"product_cat-concrete-treatment","7":"desktop-align-left","8":"tablet-align-left","9":"mobile-align-left","11":"first","12":"instock","13":"sale","14":"shipping-taxable","15":"purchasable","16":"product-type-variable","17":"has-default-attributes"},"spectra_custom_meta":{"_visibility":["visible"],"_shopify_product_id":["9059742023925"],"_s2w_shopify_domain":["ferberpainting.myshopify.com"],"_shopify_variant_id":["46481941135605"],"_sku":[""],"_manage_stock":["no"],"total_sales":["157"],"_tax_status":["taxable"],"_tax_class":[""],"_backorders":["no"],"_sold_individually":["no"],"_virtual":["no"],"_downloadable":["no"],"_download_limit":["-1"],"_download_expiry":["-1"],"_stock":[null],"_stock_status":["instock"],"_wc_average_rating":["4.86"],"_wc_review_count":["7"],"_product_attributes":["a:1:{s:6:\"volume\";a:6:{s:4:\"name\";s:6:\"Volume\";s:5:\"value\";s:20:\"5 liters | 25 liters\";s:8:\"position\";i:1;s:10:\"is_visible\";i:0;s:12:\"is_variation\";i:1;s:11:\"is_taxonomy\";i:0;}}"],"_product_version":["10.5.1"],"_thumbnail_id":["26025"],"_product_image_gallery":["26026"],"wpse_downloadable_file_names":[""],"wpse_downloadable_file_urls":[""],"_edit_last":["1"],"_default_attributes":["a:1:{s:6:\"volume\";s:8:\"5 liters\";}"],"_edit_lock":["1771179416:1"],"_price":["29.90","129.90"],"merchant-center-availability":["yes"],"merchant-center-category":["2277"],"_wp_page_template":["default"],"site-sidebar-layout":["default"],"ast-site-content-layout":["default"],"site-content-style":["default"],"site-sidebar-style":["default"],"theme-transparent-header-meta":["default"],"_wc_rating_count":["a:2:{i:4;i:1;i:5;i:6;}"],"astra-migrate-meta-layouts":["set"],"_uag_css_file_name":["uag-css-23527.css"],"_elementor_page_assets":["a:0:{}"],"_uag_page_assets":["a:9:{s:3:\"css\";s:6873:\".wp-block-uagb-image{display:flex}.wp-block-uagb-image__figure{position:relative;display:flex;flex-direction:column;max-width:100%;height:auto;margin:0}.wp-block-uagb-image__figure img{height:auto;display:flex;max-width:100%;transition:box-shadow .2s ease}.wp-block-uagb-image__figure>a{display:inline-block}.wp-block-uagb-image__figure figcaption{text-align:center;margin-top:.5em;margin-bottom:1em}.wp-block-uagb-image .components-placeholder.block-editor-media-placeholder .components-placeholder__instructions{align-self:center}.wp-block-uagb-image--align-left{text-align:left}.wp-block-uagb-image--align-right{text-align:right}.wp-block-uagb-image--align-center{text-align:center}.wp-block-uagb-image--align-full .wp-block-uagb-image__figure{margin-left:calc(50% - 50vw);margin-right:calc(50% - 50vw);max-width:100vw;width:100vw;height:auto}.wp-block-uagb-image--align-full .wp-block-uagb-image__figure img{height:auto;width:100% !important}.wp-block-uagb-image--align-wide .wp-block-uagb-image__figure img{height:auto;width:100%}.wp-block-uagb-image--layout-overlay__color-wrapper{position:absolute;left:0;top:0;right:0;bottom:0;opacity:.2;background:rgba(0,0,0,.5);transition:opacity .35s ease-in-out}.wp-block-uagb-image--layout-overlay-link{position:absolute;left:0;right:0;bottom:0;top:0}.wp-block-uagb-image--layout-overlay .wp-block-uagb-image__figure:hover .wp-block-uagb-image--layout-overlay__color-wrapper{opacity:1}.wp-block-uagb-image--layout-overlay__inner{position:absolute;left:15px;right:15px;bottom:15px;top:15px;display:flex;align-items:center;justify-content:center;flex-direction:column;border-color:#fff;transition:.35s ease-in-out}.wp-block-uagb-image--layout-overlay__inner.top-left,.wp-block-uagb-image--layout-overlay__inner.top-center,.wp-block-uagb-image--layout-overlay__inner.top-right{justify-content:flex-start}.wp-block-uagb-image--layout-overlay__inner.bottom-left,.wp-block-uagb-image--layout-overlay__inner.bottom-center,.wp-block-uagb-image--layout-overlay__inner.bottom-right{justify-content:flex-end}.wp-block-uagb-image--layout-overlay__inner.top-left,.wp-block-uagb-image--layout-overlay__inner.center-left,.wp-block-uagb-image--layout-overlay__inner.bottom-left{align-items:flex-start}.wp-block-uagb-image--layout-overlay__inner.top-right,.wp-block-uagb-image--layout-overlay__inner.center-right,.wp-block-uagb-image--layout-overlay__inner.bottom-right{align-items:flex-end}.wp-block-uagb-image--layout-overlay__inner .uagb-image-heading{color:#fff;transition:transform .35s,opacity .35s ease-in-out;transform:translate3d(0, 24px, 0);margin:0;line-height:1em}.wp-block-uagb-image--layout-overlay__inner .uagb-image-separator{width:30%;border-top-width:2px;border-top-color:#fff;border-top-style:solid;margin-bottom:10px;opacity:0;transition:transform .4s,opacity .4s ease-in-out;transform:translate3d(0, 30px, 0)}.wp-block-uagb-image--layout-overlay__inner .uagb-image-caption{opacity:0;overflow:visible;color:#fff;transition:transform .45s,opacity .45s ease-in-out;transform:translate3d(0, 35px, 0)}.wp-block-uagb-image--layout-overlay__inner:hover .uagb-image-heading,.wp-block-uagb-image--layout-overlay__inner:hover .uagb-image-separator,.wp-block-uagb-image--layout-overlay__inner:hover .uagb-image-caption{opacity:1;transform:translate3d(0, 0, 0)}.wp-block-uagb-image--effect-zoomin .wp-block-uagb-image__figure img,.wp-block-uagb-image--effect-zoomin .wp-block-uagb-image__figure .wp-block-uagb-image--layout-overlay__color-wrapper{transform:scale(1);transition:transform .35s ease-in-out}.wp-block-uagb-image--effect-zoomin .wp-block-uagb-image__figure:hover img,.wp-block-uagb-image--effect-zoomin .wp-block-uagb-image__figure:hover .wp-block-uagb-image--layout-overlay__color-wrapper{transform:scale(1.05)}.wp-block-uagb-image--effect-slide .wp-block-uagb-image__figure img,.wp-block-uagb-image--effect-slide .wp-block-uagb-image__figure .wp-block-uagb-image--layout-overlay__color-wrapper{width:calc(100% + 40px) !important;max-width:none !important;transform:translate3d(-40px, 0, 0);transition:transform .35s ease-in-out}.wp-block-uagb-image--effect-slide .wp-block-uagb-image__figure:hover img,.wp-block-uagb-image--effect-slide .wp-block-uagb-image__figure:hover .wp-block-uagb-image--layout-overlay__color-wrapper{transform:translate3d(0, 0, 0)}.wp-block-uagb-image--effect-grayscale img{filter:grayscale(0%);transition:.35s ease-in-out}.wp-block-uagb-image--effect-grayscale:hover img{filter:grayscale(100%)}.wp-block-uagb-image--effect-blur img{filter:blur(0);transition:.35s ease-in-out}.wp-block-uagb-image--effect-blur:hover img{filter:blur(3px)}.uagb-block-e6f939b3.wp-block-uagb-image--layout-default figure img{box-shadow: 0px 0px 0 #00000070;}.uagb-block-e6f939b3.wp-block-uagb-image .wp-block-uagb-image__figure figcaption{font-style: normal;align-self: center;}.uagb-block-e6f939b3.wp-block-uagb-image--layout-overlay figure img{box-shadow: 0px 0px 0 #00000070;}.uagb-block-e6f939b3.wp-block-uagb-image--layout-overlay .wp-block-uagb-image--layout-overlay__color-wrapper{opacity: 0.2;}.uagb-block-e6f939b3.wp-block-uagb-image--layout-overlay .wp-block-uagb-image--layout-overlay__inner{left: 15px;right: 15px;top: 15px;bottom: 15px;}.uagb-block-e6f939b3.wp-block-uagb-image--layout-overlay .wp-block-uagb-image--layout-overlay__inner .uagb-image-heading{font-style: normal;color: #fff;opacity: 1;}.uagb-block-e6f939b3.wp-block-uagb-image--layout-overlay .wp-block-uagb-image--layout-overlay__inner .uagb-image-heading a{color: #fff;}.uagb-block-e6f939b3.wp-block-uagb-image--layout-overlay .wp-block-uagb-image--layout-overlay__inner .uagb-image-caption{opacity: 0;}.uagb-block-e6f939b3.wp-block-uagb-image--layout-overlay .wp-block-uagb-image__figure:hover .wp-block-uagb-image--layout-overlay__color-wrapper{opacity: 1;}.uagb-block-e6f939b3.wp-block-uagb-image .wp-block-uagb-image--layout-overlay__inner .uagb-image-separator{width: 30%;border-top-width: 2px;border-top-color: #fff;opacity: 0;}.uagb-block-e6f939b3.wp-block-uagb-image .wp-block-uagb-image__figure img{width: px;height: auto;}.uagb-block-e6f939b3.wp-block-uagb-image .wp-block-uagb-image__figure:hover .wp-block-uagb-image--layout-overlay__inner .uagb-image-caption{opacity: 1;}.uagb-block-e6f939b3.wp-block-uagb-image .wp-block-uagb-image__figure:hover .wp-block-uagb-image--layout-overlay__inner .uagb-image-separator{opacity: 1;}.uagb-block-e6f939b3.wp-block-uagb-image--layout-default figure:hover img{box-shadow: 0px 0px 0 #00000070;}.uagb-block-e6f939b3.wp-block-uagb-image--layout-overlay figure:hover img{box-shadow: 0px 0px 0 #00000070;}@media only screen and (max-width: 976px) {.uagb-block-e6f939b3.wp-block-uagb-image .wp-block-uagb-image__figure img{width: px;height: auto;}}@media only screen and (max-width: 767px) {.uagb-block-e6f939b3.wp-block-uagb-image .wp-block-uagb-image__figure img{width: px;height: auto;}}\";s:2:\"js\";s:0:\"\";s:18:\"current_block_list\";a:13:{i:0;s:11:\"core\/search\";i:1;s:10:\"core\/group\";i:2;s:12:\"core\/heading\";i:3;s:17:\"core\/latest-posts\";i:4;s:20:\"core\/latest-comments\";i:5;s:13:\"core\/archives\";i:6;s:15:\"core\/categories\";i:7;s:14:\"core\/paragraph\";i:8;s:10:\"uagb\/image\";i:9;s:11:\"core\/spacer\";i:10;s:30:\"woocommerce\/product-categories\";i:11;s:10:\"core\/image\";i:12;s:14:\"core\/shortcode\";}s:8:\"uag_flag\";b:1;s:11:\"uag_version\";s:10:\"1777096189\";s:6:\"gfonts\";a:0:{}s:10:\"gfonts_url\";s:0:\"\";s:12:\"gfonts_files\";a:0:{}s:14:\"uag_faq_layout\";b:0;}"]},"uagb_featured_image_src":{"full":["https:\/\/www.ferberpainting.com\/wp-content\/uploads\/2025\/05\/HardenerforPorous_Crumbling_andDegradedWalls5L.png",2560,2560,false],"thumbnail":["https:\/\/www.ferberpainting.com\/wp-content\/uploads\/2025\/05\/HardenerforPorous_Crumbling_andDegradedWalls5L-150x150.png",150,150,true],"medium":["https:\/\/www.ferberpainting.com\/wp-content\/uploads\/2025\/05\/HardenerforPorous_Crumbling_andDegradedWalls5L-300x300.png",300,300,true],"medium_large":["https:\/\/www.ferberpainting.com\/wp-content\/uploads\/2025\/05\/HardenerforPorous_Crumbling_andDegradedWalls5L-768x768.png",768,768,true],"large":["https:\/\/www.ferberpainting.com\/wp-content\/uploads\/2025\/05\/HardenerforPorous_Crumbling_andDegradedWalls5L-1024x1024.png",1024,1024,true],"1536x1536":["https:\/\/www.ferberpainting.com\/wp-content\/uploads\/2025\/05\/HardenerforPorous_Crumbling_andDegradedWalls5L-1536x1536.png",1536,1536,true],"2048x2048":["https:\/\/www.ferberpainting.com\/wp-content\/uploads\/2025\/05\/HardenerforPorous_Crumbling_andDegradedWalls5L-2048x2048.png",2048,2048,true],"trp-custom-language-flag":["https:\/\/www.ferberpainting.com\/wp-content\/uploads\/2025\/05\/HardenerforPorous_Crumbling_andDegradedWalls5L-12x12.png",12,12,true],"woocommerce_thumbnail":["https:\/\/www.ferberpainting.com\/wp-content\/uploads\/2025\/05\/HardenerforPorous_Crumbling_andDegradedWalls5L-300x300.png",300,300,true],"woocommerce_single":["https:\/\/www.ferberpainting.com\/wp-content\/uploads\/2025\/05\/HardenerforPorous_Crumbling_andDegradedWalls5L-600x600.png",600,600,true],"woocommerce_gallery_thumbnail":["https:\/\/www.ferberpainting.com\/wp-content\/uploads\/2025\/05\/HardenerforPorous_Crumbling_andDegradedWalls5L-100x100.png",100,100,true]},"uagb_author_info":{"display_name":"admin","author_link":"https:\/\/www.ferberpainting.com\/lt\/author\/"},"uagb_comment_info":7,"uagb_excerpt":"Reinforcement and stabilization of damaged walls.\u00a0This hardener is specially designed to strengthen porous, friable, or degraded surfaces by deeply penetrating the material&#8217;s structure. It restores cohesion to old or weakened walls due to wear, moisture, and weather, making them more resistant and durable without altering their original appearance. Money-back guarantee. We have absolute confidence in&hellip;","_links":{"self":[{"href":"https:\/\/www.ferberpainting.com\/lt\/wp-json\/wp\/v2\/product\/23527","targetHints":{"allow":["GET"]}}],"collection":[{"href":"https:\/\/www.ferberpainting.com\/lt\/wp-json\/wp\/v2\/product"}],"about":[{"href":"https:\/\/www.ferberpainting.com\/lt\/wp-json\/wp\/v2\/types\/product"}],"replies":[{"embeddable":true,"href":"https:\/\/www.ferberpainting.com\/lt\/wp-json\/wp\/v2\/comments?post=23527"}],"version-history":[{"count":9,"href":"https:\/\/www.ferberpainting.com\/lt\/wp-json\/wp\/v2\/product\/23527\/revisions"}],"predecessor-version":[{"id":165974,"href":"https:\/\/www.ferberpainting.com\/lt\/wp-json\/wp\/v2\/product\/23527\/revisions\/165974"}],"wp:featuredmedia":[{"embeddable":true,"href":"https:\/\/www.ferberpainting.com\/lt\/wp-json\/wp\/v2\/media\/26025"}],"wp:attachment":[{"href":"https:\/\/www.ferberpainting.com\/lt\/wp-json\/wp\/v2\/media?parent=23527"}],"wp:term":[{"taxonomy":"product_brand","embeddable":true,"href":"https:\/\/www.ferberpainting.com\/lt\/wp-json\/wp\/v2\/product_brand?post=23527"},{"taxonomy":"product_cat","embeddable":true,"href":"https:\/\/www.ferberpainting.com\/lt\/wp-json\/wp\/v2\/product_cat?post=23527"},{"taxonomy":"product_tag","embeddable":true,"href":"https:\/\/www.ferberpainting.com\/lt\/wp-json\/wp\/v2\/product_tag?post=23527"}],"curies":[{"name":"wp","href":"https:\/\/api.w.org\/{rel}","templated":true}]}}