{"id":23524,"date":"2025-05-26T10:24:34","date_gmt":"2025-05-26T08:24:34","guid":{"rendered":"https:\/\/www.ferberpainting.com\/products\/hair-unblocker\/"},"modified":"2026-02-15T19:15:52","modified_gmt":"2026-02-15T18:15:52","slug":"hair-unblocker","status":"publish","type":"product","link":"https:\/\/www.ferberpainting.com\/lt\/products\/hair-unblocker\/","title":{"rendered":"Plauk\u0173 kam\u0161\u010di\u0173 valiklis"},"content":{"rendered":"<p><strong><img decoding=\"async\" style=\"margin-right: 12px;\" src=\"https:\/\/www.ferberpainting.com\/wp-content\/uploads\/2026\/02\/Check.svg\" alt=\"\" width=\"18\" height=\"15\" \/>Greitas ir veiksmingas plauk\u0173 kam\u0161\u010di\u0173 \u0161alinimas.<\/strong>\u00a0\u0160is plauk\u0173 nutekam\u0173j\u0173 vanden\u0173 valiklis specialiai sukurtas greitai ir veiksmingai i\u0161tirpinti susikaupusius plauk\u0173 gumul\u0117lius du\u0161o, vonios ir kriaukl\u0117s nutekamuosiuose vamzd\u017eiuose. Ypa\u010d veiksminga formul\u0117 giliai \u012fsiskverbia \u012f susipainiojusius plauk\u0173 pluo\u0161tus, muilo liku\u010dius, k\u016bno riebalus ir kitus vamzd\u017eius u\u017ekem\u0161an\u010dius ne\u0161varumus. Jis u\u017etikrina skland\u017ei\u0105 vandens t\u0117km\u0119 ir apsaugo nuo nemaloni\u0173 kvap\u0173, kuriuos sukelia u\u017esistov\u0117j\u0119s vanduo.<\/p>\n<p><strong><img decoding=\"async\" style=\"margin-right: 12px;\" src=\"https:\/\/www.ferberpainting.com\/wp-content\/uploads\/2026\/02\/Check.svg\" alt=\"\" width=\"18\" height=\"15\" \/>Pinig\u0173 gr\u0105\u017einimo garantija.<\/strong>\u00a0Esame visi\u0161kai \u012fsitikin\u0119 savo plauk\u0173 nutek\u0117jimo valymo priemon\u0117s veiksmingumu, tod\u0117l si\u016blome pinig\u0173 gr\u0105\u017einimo garantij\u0105. Jei tinkamai pritaikius produkt\u0105 pagal rekomendacijas, jis nesuteiks pasitenkinimo, \u012fsipareigojame gr\u0105\u017einti pinigus ir u\u017etikrinti neriziking\u0105 pirkin\u012f be joki\u0173 r\u016bpes\u010di\u0173.<\/p>\n<p><strong><img decoding=\"async\" style=\"margin-right: 12px;\" src=\"https:\/\/www.ferberpainting.com\/wp-content\/uploads\/2026\/02\/Check.svg\" alt=\"\" width=\"18\" height=\"15\" \/>Suderinamas su \u012fvairi\u0173 tip\u0173 vamzd\u017eiais ir med\u017eiagomis.<\/strong>\u00a0\u0160is drena\u017eo valiklis tinka PVC, ketaus, vario, ner\u016bdijan\u010diojo plieno ir betoniniams vamzd\u017eiams, tod\u0117l j\u012f galima naudoti daugumoje gyvenam\u0173j\u0173 nam\u0173 ir profesionali\u0173 vandentiekio sistem\u0173. Naudojant rekomenduojamomis proporcijomis, jis taip pat suderinamas su septik\u0173 rezervuarais, tod\u0117l efektyviai veikia nepa\u017eeisdamas drena\u017eo sistem\u0173 bakterij\u0173 pusiausvyros.<\/p>\n<p><strong><img decoding=\"async\" style=\"margin-right: 12px;\" src=\"https:\/\/www.ferberpainting.com\/wp-content\/uploads\/2026\/02\/Check.svg\" alt=\"\" width=\"18\" height=\"15\" \/>Ekonomi\u0161kas ir optimizuotas dozavimas.<\/strong>\u00a0D\u0117l koncentruotos formul\u0117s 1 litras produkto gali sutvarkyti iki 4 u\u017esikim\u0161im\u0173, tod\u0117l tai yra ekonomi\u0161kas ir ilgalaikis sprendimas j\u016bs\u0173 kanalizacijai pri\u017ei\u016br\u0117ti. D\u0117l greito ir tikslingo veikimo suma\u017e\u0117ja vienai intervencijai reikalingas kiekis, tod\u0117l optimizuojamas produkto veiksmingumas ir suma\u017einamos ilgalaik\u0117s prie\u017ei\u016bros i\u0161laidos.<\/p>\n<p><strong><img decoding=\"async\" style=\"margin-right: 12px;\" src=\"https:\/\/www.ferberpainting.com\/wp-content\/uploads\/2026\/02\/Check.svg\" alt=\"\" width=\"18\" height=\"15\" \/>Saugus ir neagresyvus \u012frenginiams skirtas produktas.<\/strong>\u00a0Skirtingai nei \u012fprasti drena\u017eo valikliai, kuri\u0173 pagrind\u0105 sudaro soda arba sieros r\u016bg\u0161tis, \u0161is valiklis nepa\u017eeid\u017eia vamzd\u017ei\u0173 ir sandarikli\u0173, tod\u0117l i\u0161saugo santechnikos \u012frengini\u0173 vientisum\u0105. Jis palaipsniui tirpdo u\u017esikim\u0161imus nesusilpnindamas vamzd\u017ei\u0173, tod\u0117l j\u012f galima saugiai ir reguliariai naudoti be rizikos sugadinti.<\/p>\n<p><strong><img decoding=\"async\" style=\"margin-right: 12px;\" src=\"https:\/\/www.ferberpainting.com\/wp-content\/uploads\/2026\/02\/Check.svg\" alt=\"\" width=\"18\" height=\"15\" \/>Lengva naudoti ir veikti nedelsiant.<\/strong>\u00a0\u0160is drena\u017eo valiklis yra paruo\u0161tas naudoti ir nereikalauja sud\u0117ting\u0173 veiksm\u0173. Tiesiog supilkite j\u012f tiesiai \u012f u\u017esikim\u0161us\u012f nutekam\u0105j\u012f vamzd\u012f, leiskite jam veikti ir tada kruop\u0161\u010diai nuplaukite vandeniu. Greitas jo veikimas veiksmingai i\u0161valo kanalizacij\u0105 vos per 15-30 minu\u010di\u0173, tod\u0117l i\u0161vengsite varginan\u010di\u0173 rankini\u0173 veiksm\u0173, pavyzd\u017eiui, santechniko gyvat\u0117s ar plun\u017eerio naudojimo.<\/p>\n<p><strong><img decoding=\"async\" style=\"margin-right: 12px;\" src=\"https:\/\/www.ferberpainting.com\/wp-content\/uploads\/2026\/02\/Check.svg\" alt=\"\" width=\"18\" height=\"15\" \/>Ilgaam\u017ei\u0161kumas ir apsauga nuo u\u017esikim\u0161imo ateityje.<\/strong>\u00a0\u0160is produktas ne tik veiksmingai tirpdo esamus plauk\u0173 u\u017esikim\u0161imus, bet ir, palaipsniui skaidydamas nuos\u0117das, neleid\u017eia v\u0117l kauptis liku\u010diams. Reguliarus naudojimas padeda suma\u017einti nauj\u0173 u\u017esikim\u0161im\u0173 susidarymo rizik\u0105 ir ilgainiui u\u017etikrina skland\u0173 drena\u017eo veikim\u0105.<\/p>\n<p><strong><img decoding=\"async\" style=\"margin-right: 12px;\" src=\"https:\/\/www.ferberpainting.com\/wp-content\/uploads\/2026\/02\/Check.svg\" alt=\"\" width=\"18\" height=\"15\" \/>Momentinis veikimas, kad b\u016bt\u0173 u\u017etikrintas tiesioginis komfortas.<\/strong>\u00a0U\u017etepus \u0161\u012f drena\u017eo valikl\u012f, jis pradeda veikti, i\u0161ardydamas susipainiojusius plaukus ir u\u017esikim\u0161im\u0105 sukelian\u010dius liku\u010dius. Po paprasto nuplovimo vanduo v\u0117l teka normaliai, o nutekamasis vamzdis v\u0117l skland\u017eiai funkcionuoja be u\u017esistov\u0117jusio vandens ir nemaloni\u0173 kvap\u0173.<\/p>\n<h2><strong>Naudojimo protokolas<\/strong><\/h2>\n<ul>\n<li><strong>Vamzd\u017ei\u0173 paruo\u0161imas <\/strong>: Prie\u0161 tepdami \u012fsitikinkite, kad stovin\u010dio vandens yra kuo ma\u017eiau, kad produktas b\u016bt\u0173 kuo veiksmingesnis. Jei reikia, rankiniu b\u016bdu pa\u0161alinkite matomus plaukus ties sifono \u012f\u0117jimu.<\/li>\n<li><strong>Rekomenduojama doz\u0117 <\/strong>: 250 ml produkto pilkite tiesiai \u012f u\u017esikim\u0161us\u012f nutekam\u0105j\u012f vamzd\u012f, kad sutvarkytum\u0117te u\u017esikim\u0161us\u012f nutekam\u0105j\u012f vamzd\u012f. 1 litras gali sutvarkyti iki 4 u\u017esikim\u0161im\u0173. Jei u\u017esikim\u0161imas didesnis, po keli\u0173 valand\u0173 galima naudoti antr\u0105 kart\u0105.<\/li>\n<li><strong>Drena\u017eo valiklio naudojimas <\/strong>: \u012epilkite produkt\u0105 \u012f kanalizacij\u0105 l\u0117tai, i\u0161 karto nepildami vandens, kad jis tikslingai veikt\u0173 liku\u010dius.<\/li>\n<li><strong>Veiksm\u0173 laikas <\/strong>: Palikite j\u012f 15-30 minu\u010di\u0173, priklausomai nuo u\u017esikim\u0161imo sunkumo. Jei u\u017esikim\u0161\u0119 itin sunkiai, prie\u0161 skalaudami palikite veikti iki 1 valandos.<\/li>\n<li><strong>Skalavimas ir srauto tikrinimas <\/strong>: Pra\u0117jus poilsio laikui, kruop\u0161\u010diai nuplaukite kar\u0161tu vandeniu, kad pa\u0161alintum\u0117te i\u0161tirpusius liku\u010dius ir u\u017etikrintum\u0117te optimal\u0173 sraut\u0105. Jei reikia, pakartokite proces\u0105, jei u\u017esikim\u0161o.<\/li>\n<li><strong>Prevencin\u0117 prie\u017ei\u016bra <\/strong>: Kad i\u0161vengtum\u0117te plauk\u0173 sankaup\u0173 ir nauj\u0173 u\u017esikim\u0161im\u0173, kart\u0105 per m\u0117nes\u012f naudokite nedidel\u012f kiek\u012f produkto, kad palaikytum\u0117te skland\u017ei\u0105 vandens cirkuliacij\u0105 ir suma\u017eintum\u0117te liku\u010di\u0173 kaupim\u0105si.<\/li>\n<li><strong>Naudojimo atsargumo priemon\u0117s <\/strong>: Nemai\u0161ykite su kitais cheminiais produktais, ypa\u010d su drena\u017eo valikliais, kuri\u0173 sud\u0117tyje yra sodos arba sieros r\u016bg\u0161ties. Venkite s\u0105ly\u010dio su oda ir akimis. Atsitiktinai patekus \u012f akis, nedelsiant nuplaukite \u0161variu vandeniu ir, jei reikia, kreipkit\u0117s \u012f gydytoj\u0105.<\/li>\n<li><strong>Saugojimas ir konservavimas <\/strong>: Laikykite gamin\u012f sausoje ir \u0161iltoje vietoje, apsaugotoje nuo \u0161viesos ir vaikams nepasiekiamoje vietoje. Panaudojus buteliuk\u0105 sandariai u\u017edarykite, kad tirpalas nei\u0161garuot\u0173 ir nesuirt\u0173.<\/li>\n<\/ul>\n<p>Naudodami \u0161\u012f plauk\u0173 kanalizacijos valikl\u012f atsisveikinkite su u\u017esikim\u0161usiais vamzd\u017eiais ir l\u0117tu drena\u017eu. M\u0117gaukit\u0117s greitu, veiksmingu ir ilgalaikiu plauk\u0173 u\u017esikim\u0161im\u0173 \u0161alinimo sprendimu, kuris i\u0161saugo j\u016bs\u0173 vandentiekio \u012frengini\u0173 vientisum\u0105.<\/p>","protected":false},"excerpt":{"rendered":"<p>Fast and effective removal of hair clogs.\u00a0This hair drain cleaner is specifically designed to quickly and efficiently dissolve accumulated hair clumps in shower, bathtub, and sink drains. Its ultra-performance formula penetrates deep into tangled hair fibers, soap residues, body grease, and other impurities that clog the pipes. It ensures smooth water flow and prevents unpleasant [&hellip;]<\/p>\n","protected":false},"featured_media":26023,"comment_status":"open","ping_status":"closed","template":"","meta":{"_uag_custom_page_level_css":"","site-sidebar-layout":"default","site-content-layout":"","ast-site-content-layout":"default","site-content-style":"default","site-sidebar-style":"default","ast-global-header-display":"","ast-banner-title-visibility":"","ast-main-header-display":"","ast-hfb-above-header-display":"","ast-hfb-below-header-display":"","ast-hfb-mobile-header-display":"","site-post-title":"","ast-breadcrumbs-content":"","ast-featured-img":"","footer-sml-layout":"","ast-disable-related-posts":"","theme-transparent-header-meta":"default","adv-header-id-meta":"","stick-header-meta":"","header-above-stick-meta":"","header-main-stick-meta":"","header-below-stick-meta":"","astra-migrate-meta-layouts":"set","ast-page-background-enabled":"default","ast-page-background-meta":{"desktop":{"background-color":"var(--ast-global-color-4)","background-image":"","background-repeat":"repeat","background-position":"center center","background-size":"auto","background-attachment":"scroll","background-type":"","background-media":"","overlay-type":"","overlay-color":"","overlay-opacity":"","overlay-gradient":""},"tablet":{"background-color":"","background-image":"","background-repeat":"repeat","background-position":"center center","background-size":"auto","background-attachment":"scroll","background-type":"","background-media":"","overlay-type":"","overlay-color":"","overlay-opacity":"","overlay-gradient":""},"mobile":{"background-color":"","background-image":"","background-repeat":"repeat","background-position":"center center","background-size":"auto","background-attachment":"scroll","background-type":"","background-media":"","overlay-type":"","overlay-color":"","overlay-opacity":"","overlay-gradient":""}},"ast-content-background-meta":{"desktop":{"background-color":"var(--ast-global-color-5)","background-image":"","background-repeat":"repeat","background-position":"center center","background-size":"auto","background-attachment":"scroll","background-type":"","background-media":"","overlay-type":"","overlay-color":"","overlay-opacity":"","overlay-gradient":""},"tablet":{"background-color":"var(--ast-global-color-5)","background-image":"","background-repeat":"repeat","background-position":"center center","background-size":"auto","background-attachment":"scroll","background-type":"","background-media":"","overlay-type":"","overlay-color":"","overlay-opacity":"","overlay-gradient":""},"mobile":{"background-color":"var(--ast-global-color-5)","background-image":"","background-repeat":"repeat","background-position":"center center","background-size":"auto","background-attachment":"scroll","background-type":"","background-media":"","overlay-type":"","overlay-color":"","overlay-opacity":"","overlay-gradient":""}}},"product_brand":[],"product_cat":[175],"product_tag":[],"class_list":{"0":"post-23524","1":"product","2":"type-product","3":"status-publish","4":"has-post-thumbnail","6":"product_cat-cleaning-products","7":"desktop-align-left","8":"tablet-align-left","9":"mobile-align-left","11":"first","12":"instock","13":"sale","14":"taxable","15":"shipping-taxable","16":"purchasable","17":"product-type-variable","18":"has-default-attributes"},"spectra_custom_meta":{"_visibility":["visible"],"_shopify_product_id":["9062360973557"],"_s2w_shopify_domain":["ferberpainting.myshopify.com"],"_shopify_variant_id":["46603056513269"],"_sku":[""],"_manage_stock":["no"],"total_sales":["11"],"_tax_status":["taxable"],"_tax_class":[""],"_backorders":["no"],"_sold_individually":["no"],"_virtual":["no"],"_downloadable":["no"],"_download_limit":["-1"],"_download_expiry":["-1"],"_stock":[null],"_stock_status":["instock"],"_wc_average_rating":["4.88"],"_wc_review_count":["8"],"_product_attributes":["a:1:{s:6:\"volume\";a:6:{s:4:\"name\";s:6:\"Volume\";s:5:\"value\";s:20:\"5 liters | 25 liters\";s:8:\"position\";i:1;s:10:\"is_visible\";i:0;s:12:\"is_variation\";i:1;s:11:\"is_taxonomy\";i:0;}}"],"_product_version":["10.5.1"],"_thumbnail_id":["26023"],"_product_image_gallery":["26024"],"wpse_downloadable_file_names":[""],"wpse_downloadable_file_urls":[""],"_edit_last":["1"],"_default_attributes":["a:1:{s:6:\"volume\";s:8:\"5 liters\";}"],"_edit_lock":["1771179393:1"],"merchant-center-availability":["yes"],"merchant-center-category":["1749"],"_price":["29.90","129.90"],"_wp_page_template":["default"],"site-sidebar-layout":["default"],"ast-site-content-layout":["default"],"site-content-style":["default"],"site-sidebar-style":["default"],"theme-transparent-header-meta":["default"],"_wc_rating_count":["a:2:{i:4;i:1;i:5;i:7;}"],"astra-migrate-meta-layouts":["set"],"_uag_css_file_name":["uag-css-23524.css"],"_elementor_page_assets":["a:0:{}"],"_uag_page_assets":["a:9:{s:3:\"css\";s:7133:\".uag-blocks-common-selector{z-index:var(--z-index-desktop) !important}@media(max-width: 976px){.uag-blocks-common-selector{z-index:var(--z-index-tablet) !important}}@media(max-width: 767px){.uag-blocks-common-selector{z-index:var(--z-index-mobile) !important}}.wp-block-uagb-image{display:flex}.wp-block-uagb-image__figure{position:relative;display:flex;flex-direction:column;max-width:100%;height:auto;margin:0}.wp-block-uagb-image__figure img{height:auto;display:flex;max-width:100%;transition:box-shadow .2s ease}.wp-block-uagb-image__figure>a{display:inline-block}.wp-block-uagb-image__figure figcaption{text-align:center;margin-top:.5em;margin-bottom:1em}.wp-block-uagb-image .components-placeholder.block-editor-media-placeholder .components-placeholder__instructions{align-self:center}.wp-block-uagb-image--align-left{text-align:left}.wp-block-uagb-image--align-right{text-align:right}.wp-block-uagb-image--align-center{text-align:center}.wp-block-uagb-image--align-full .wp-block-uagb-image__figure{margin-left:calc(50% - 50vw);margin-right:calc(50% - 50vw);max-width:100vw;width:100vw;height:auto}.wp-block-uagb-image--align-full .wp-block-uagb-image__figure img{height:auto;width:100% !important}.wp-block-uagb-image--align-wide .wp-block-uagb-image__figure img{height:auto;width:100%}.wp-block-uagb-image--layout-overlay__color-wrapper{position:absolute;left:0;top:0;right:0;bottom:0;opacity:.2;background:rgba(0,0,0,.5);transition:opacity .35s ease-in-out}.wp-block-uagb-image--layout-overlay-link{position:absolute;left:0;right:0;bottom:0;top:0}.wp-block-uagb-image--layout-overlay .wp-block-uagb-image__figure:hover .wp-block-uagb-image--layout-overlay__color-wrapper{opacity:1}.wp-block-uagb-image--layout-overlay__inner{position:absolute;left:15px;right:15px;bottom:15px;top:15px;display:flex;align-items:center;justify-content:center;flex-direction:column;border-color:#fff;transition:.35s ease-in-out}.wp-block-uagb-image--layout-overlay__inner.top-left,.wp-block-uagb-image--layout-overlay__inner.top-center,.wp-block-uagb-image--layout-overlay__inner.top-right{justify-content:flex-start}.wp-block-uagb-image--layout-overlay__inner.bottom-left,.wp-block-uagb-image--layout-overlay__inner.bottom-center,.wp-block-uagb-image--layout-overlay__inner.bottom-right{justify-content:flex-end}.wp-block-uagb-image--layout-overlay__inner.top-left,.wp-block-uagb-image--layout-overlay__inner.center-left,.wp-block-uagb-image--layout-overlay__inner.bottom-left{align-items:flex-start}.wp-block-uagb-image--layout-overlay__inner.top-right,.wp-block-uagb-image--layout-overlay__inner.center-right,.wp-block-uagb-image--layout-overlay__inner.bottom-right{align-items:flex-end}.wp-block-uagb-image--layout-overlay__inner .uagb-image-heading{color:#fff;transition:transform .35s,opacity .35s ease-in-out;transform:translate3d(0, 24px, 0);margin:0;line-height:1em}.wp-block-uagb-image--layout-overlay__inner .uagb-image-separator{width:30%;border-top-width:2px;border-top-color:#fff;border-top-style:solid;margin-bottom:10px;opacity:0;transition:transform .4s,opacity .4s ease-in-out;transform:translate3d(0, 30px, 0)}.wp-block-uagb-image--layout-overlay__inner .uagb-image-caption{opacity:0;overflow:visible;color:#fff;transition:transform .45s,opacity .45s ease-in-out;transform:translate3d(0, 35px, 0)}.wp-block-uagb-image--layout-overlay__inner:hover .uagb-image-heading,.wp-block-uagb-image--layout-overlay__inner:hover .uagb-image-separator,.wp-block-uagb-image--layout-overlay__inner:hover .uagb-image-caption{opacity:1;transform:translate3d(0, 0, 0)}.wp-block-uagb-image--effect-zoomin .wp-block-uagb-image__figure img,.wp-block-uagb-image--effect-zoomin .wp-block-uagb-image__figure .wp-block-uagb-image--layout-overlay__color-wrapper{transform:scale(1);transition:transform .35s ease-in-out}.wp-block-uagb-image--effect-zoomin .wp-block-uagb-image__figure:hover img,.wp-block-uagb-image--effect-zoomin .wp-block-uagb-image__figure:hover .wp-block-uagb-image--layout-overlay__color-wrapper{transform:scale(1.05)}.wp-block-uagb-image--effect-slide .wp-block-uagb-image__figure img,.wp-block-uagb-image--effect-slide .wp-block-uagb-image__figure .wp-block-uagb-image--layout-overlay__color-wrapper{width:calc(100% + 40px) !important;max-width:none !important;transform:translate3d(-40px, 0, 0);transition:transform .35s ease-in-out}.wp-block-uagb-image--effect-slide .wp-block-uagb-image__figure:hover img,.wp-block-uagb-image--effect-slide .wp-block-uagb-image__figure:hover .wp-block-uagb-image--layout-overlay__color-wrapper{transform:translate3d(0, 0, 0)}.wp-block-uagb-image--effect-grayscale img{filter:grayscale(0%);transition:.35s ease-in-out}.wp-block-uagb-image--effect-grayscale:hover img{filter:grayscale(100%)}.wp-block-uagb-image--effect-blur img{filter:blur(0);transition:.35s ease-in-out}.wp-block-uagb-image--effect-blur:hover img{filter:blur(3px)}.uagb-block-e6f939b3.wp-block-uagb-image--layout-default figure img{box-shadow: 0px 0px 0 #00000070;}.uagb-block-e6f939b3.wp-block-uagb-image .wp-block-uagb-image__figure figcaption{font-style: normal;align-self: center;}.uagb-block-e6f939b3.wp-block-uagb-image--layout-overlay figure img{box-shadow: 0px 0px 0 #00000070;}.uagb-block-e6f939b3.wp-block-uagb-image--layout-overlay .wp-block-uagb-image--layout-overlay__color-wrapper{opacity: 0.2;}.uagb-block-e6f939b3.wp-block-uagb-image--layout-overlay .wp-block-uagb-image--layout-overlay__inner{left: 15px;right: 15px;top: 15px;bottom: 15px;}.uagb-block-e6f939b3.wp-block-uagb-image--layout-overlay .wp-block-uagb-image--layout-overlay__inner .uagb-image-heading{font-style: normal;color: #fff;opacity: 1;}.uagb-block-e6f939b3.wp-block-uagb-image--layout-overlay .wp-block-uagb-image--layout-overlay__inner .uagb-image-heading a{color: #fff;}.uagb-block-e6f939b3.wp-block-uagb-image--layout-overlay .wp-block-uagb-image--layout-overlay__inner .uagb-image-caption{opacity: 0;}.uagb-block-e6f939b3.wp-block-uagb-image--layout-overlay .wp-block-uagb-image__figure:hover .wp-block-uagb-image--layout-overlay__color-wrapper{opacity: 1;}.uagb-block-e6f939b3.wp-block-uagb-image .wp-block-uagb-image--layout-overlay__inner .uagb-image-separator{width: 30%;border-top-width: 2px;border-top-color: #fff;opacity: 0;}.uagb-block-e6f939b3.wp-block-uagb-image .wp-block-uagb-image__figure img{width: px;height: auto;}.uagb-block-e6f939b3.wp-block-uagb-image .wp-block-uagb-image__figure:hover .wp-block-uagb-image--layout-overlay__inner .uagb-image-caption{opacity: 1;}.uagb-block-e6f939b3.wp-block-uagb-image .wp-block-uagb-image__figure:hover .wp-block-uagb-image--layout-overlay__inner .uagb-image-separator{opacity: 1;}.uagb-block-e6f939b3.wp-block-uagb-image--layout-default figure:hover img{box-shadow: 0px 0px 0 #00000070;}.uagb-block-e6f939b3.wp-block-uagb-image--layout-overlay figure:hover img{box-shadow: 0px 0px 0 #00000070;}@media only screen and (max-width: 976px) {.uagb-block-e6f939b3.wp-block-uagb-image .wp-block-uagb-image__figure img{width: px;height: auto;}}@media only screen and (max-width: 767px) {.uagb-block-e6f939b3.wp-block-uagb-image .wp-block-uagb-image__figure img{width: px;height: auto;}}\";s:2:\"js\";s:0:\"\";s:18:\"current_block_list\";a:13:{i:0;s:11:\"core\/search\";i:1;s:10:\"core\/group\";i:2;s:12:\"core\/heading\";i:3;s:17:\"core\/latest-posts\";i:4;s:20:\"core\/latest-comments\";i:5;s:13:\"core\/archives\";i:6;s:15:\"core\/categories\";i:7;s:14:\"core\/paragraph\";i:8;s:10:\"uagb\/image\";i:9;s:11:\"core\/spacer\";i:10;s:30:\"woocommerce\/product-categories\";i:11;s:10:\"core\/image\";i:12;s:14:\"core\/shortcode\";}s:8:\"uag_flag\";b:1;s:11:\"uag_version\";s:10:\"1777229695\";s:6:\"gfonts\";a:0:{}s:10:\"gfonts_url\";s:0:\"\";s:12:\"gfonts_files\";a:0:{}s:14:\"uag_faq_layout\";b:0;}"]},"uagb_featured_image_src":{"full":["https:\/\/www.ferberpainting.com\/wp-content\/uploads\/2025\/05\/HairUnblocker5L.png",2560,2560,false],"thumbnail":["https:\/\/www.ferberpainting.com\/wp-content\/uploads\/2025\/05\/HairUnblocker5L-150x150.png",150,150,true],"medium":["https:\/\/www.ferberpainting.com\/wp-content\/uploads\/2025\/05\/HairUnblocker5L-300x300.png",300,300,true],"medium_large":["https:\/\/www.ferberpainting.com\/wp-content\/uploads\/2025\/05\/HairUnblocker5L-768x768.png",768,768,true],"large":["https:\/\/www.ferberpainting.com\/wp-content\/uploads\/2025\/05\/HairUnblocker5L-1024x1024.png",1024,1024,true],"1536x1536":["https:\/\/www.ferberpainting.com\/wp-content\/uploads\/2025\/05\/HairUnblocker5L-1536x1536.png",1536,1536,true],"2048x2048":["https:\/\/www.ferberpainting.com\/wp-content\/uploads\/2025\/05\/HairUnblocker5L-2048x2048.png",2048,2048,true],"trp-custom-language-flag":["https:\/\/www.ferberpainting.com\/wp-content\/uploads\/2025\/05\/HairUnblocker5L-12x12.png",12,12,true],"woocommerce_thumbnail":["https:\/\/www.ferberpainting.com\/wp-content\/uploads\/2025\/05\/HairUnblocker5L-300x300.png",300,300,true],"woocommerce_single":["https:\/\/www.ferberpainting.com\/wp-content\/uploads\/2025\/05\/HairUnblocker5L-600x600.png",600,600,true],"woocommerce_gallery_thumbnail":["https:\/\/www.ferberpainting.com\/wp-content\/uploads\/2025\/05\/HairUnblocker5L-100x100.png",100,100,true]},"uagb_author_info":{"display_name":"admin","author_link":"https:\/\/www.ferberpainting.com\/lt\/author\/"},"uagb_comment_info":8,"uagb_excerpt":"Fast and effective removal of hair clogs.\u00a0This hair drain cleaner is specifically designed to quickly and efficiently dissolve accumulated hair clumps in shower, bathtub, and sink drains. Its ultra-performance formula penetrates deep into tangled hair fibers, soap residues, body grease, and other impurities that clog the pipes. It ensures smooth water flow and prevents unpleasant&hellip;","_links":{"self":[{"href":"https:\/\/www.ferberpainting.com\/lt\/wp-json\/wp\/v2\/product\/23524","targetHints":{"allow":["GET"]}}],"collection":[{"href":"https:\/\/www.ferberpainting.com\/lt\/wp-json\/wp\/v2\/product"}],"about":[{"href":"https:\/\/www.ferberpainting.com\/lt\/wp-json\/wp\/v2\/types\/product"}],"replies":[{"embeddable":true,"href":"https:\/\/www.ferberpainting.com\/lt\/wp-json\/wp\/v2\/comments?post=23524"}],"version-history":[{"count":5,"href":"https:\/\/www.ferberpainting.com\/lt\/wp-json\/wp\/v2\/product\/23524\/revisions"}],"predecessor-version":[{"id":166352,"href":"https:\/\/www.ferberpainting.com\/lt\/wp-json\/wp\/v2\/product\/23524\/revisions\/166352"}],"wp:featuredmedia":[{"embeddable":true,"href":"https:\/\/www.ferberpainting.com\/lt\/wp-json\/wp\/v2\/media\/26023"}],"wp:attachment":[{"href":"https:\/\/www.ferberpainting.com\/lt\/wp-json\/wp\/v2\/media?parent=23524"}],"wp:term":[{"taxonomy":"product_brand","embeddable":true,"href":"https:\/\/www.ferberpainting.com\/lt\/wp-json\/wp\/v2\/product_brand?post=23524"},{"taxonomy":"product_cat","embeddable":true,"href":"https:\/\/www.ferberpainting.com\/lt\/wp-json\/wp\/v2\/product_cat?post=23524"},{"taxonomy":"product_tag","embeddable":true,"href":"https:\/\/www.ferberpainting.com\/lt\/wp-json\/wp\/v2\/product_tag?post=23524"}],"curies":[{"name":"wp","href":"https:\/\/api.w.org\/{rel}","templated":true}]}}