{"id":23517,"date":"2025-07-01T11:59:28","date_gmt":"2025-07-01T09:59:28","guid":{"rendered":"https:\/\/www.ferberpainting.com\/?post_type=product&#038;p=23508"},"modified":"2026-02-15T19:12:45","modified_gmt":"2026-02-15T18:12:45","slug":"grout-water-repellent","status":"publish","type":"product","link":"https:\/\/www.ferberpainting.com\/lt\/products\/grout-water-repellent\/","title":{"rendered":"Vandeniui atspari priemon\u0117 si\u016bl\u0117ms"},"content":{"rendered":"<p><strong><img decoding=\"async\" style=\"margin-right: 12px;\" src=\"https:\/\/www.ferberpainting.com\/wp-content\/uploads\/2026\/02\/Check.svg\" alt=\"\" width=\"18\" height=\"15\" \/>Ilgalaik\u0117 apsauga nuo dr\u0117gm\u0117s.<\/strong>\u00a0\u0160i sand\u016br\u0173 hidroizoliacija yra idealus sprendimas, apsaugantis sand\u016bras nuo vandens prasiskverbimo ir dr\u0117gm\u0117s. Jis sukuria vandeniui nelaid\u0173 barjer\u0105 ant si\u016bli\u0173 pavir\u0161i\u0173, neleid\u017eia prasiskverbti vandeniui, o gretimoms med\u017eiagoms leid\u017eia kv\u0117puoti. Puikiai tinka plyteli\u0173, m\u016bro, betono ar plyt\u0173 sand\u016broms, u\u017etikrina ilgalaik\u0119 apsaug\u0105, nesvarbu, ar naudojama patalpose, ar lauke.<\/p>\n<p><strong><img decoding=\"async\" style=\"margin-right: 12px;\" src=\"https:\/\/www.ferberpainting.com\/wp-content\/uploads\/2026\/02\/Check.svg\" alt=\"\" width=\"18\" height=\"15\" \/>Garantuojamas pasitenkinimas arba pinig\u0173 gr\u0105\u017einimas.<\/strong>\u00a0Esame \u012fsitikin\u0119 savo produkto veiksmingumu, tod\u0117l si\u016blome pasitenkinimo arba pinig\u0173 gr\u0105\u017einimo garantij\u0105. Jei nesate visi\u0161kai patenkinti rezultatais, galite pra\u0161yti gr\u0105\u017einti vis\u0105 sumok\u0117t\u0105 sum\u0105. \u0160i garantija leid\u017eia jums i\u0161bandyti produkt\u0105 be rizikos ir m\u0117gautis pirkimu be r\u016bpes\u010di\u0173.<\/p>\n<p><strong><img decoding=\"async\" style=\"margin-right: 12px;\" src=\"https:\/\/www.ferberpainting.com\/wp-content\/uploads\/2026\/02\/Check.svg\" alt=\"\" width=\"18\" height=\"15\" \/>Suderinamas su \u012fvairiomis med\u017eiagomis.<\/strong>\u00a0\u0160is gaminys skirtas naudoti \u012fvairi\u0173 tip\u0173 jungtims ir med\u017eiagoms. Jis ypa\u010d veiksmingas plyteli\u0173, betono, cemento ir plyt\u0173 sand\u016broms, taip pat pana\u0161ioms med\u017eiagoms. Nesvarbu, ar \u0161i si\u016bli\u0173 impregnavimo priemon\u0117 skirta naudoti vonios kambaryje, virtuv\u0117je, terasoje, ar dr\u0117gm\u0117s veikiamose lauko si\u016bl\u0117se, ji yra universalus sprendimas, u\u017etikrinantis optimal\u0173 veikim\u0105 ant daugelio pavir\u0161i\u0173.<\/p>\n<p><strong><img decoding=\"async\" style=\"margin-right: 12px;\" src=\"https:\/\/www.ferberpainting.com\/wp-content\/uploads\/2026\/02\/Check.svg\" alt=\"\" width=\"18\" height=\"15\" \/>Ekonomi\u0161kas veikimas.<\/strong>\u00a0\u0160is sand\u016br\u0173 hidroizoliacinis sluoksnis pasi\u017eymi puikiu ekonomi\u0161kumu. 5 litr\u0173 talpa galima apdoroti de\u0161imtis kvadratini\u0173 metr\u0173 si\u016bli\u0173, u\u017etikrinant ilgalaik\u0119 apsaug\u0105 vienu u\u017etepimu. Vidutini\u0161kai vienu litru apdorojama apie 10-12 m\u00b2 si\u016bli\u0173, priklausomai nuo j\u0173 dyd\u017eio ir akytumo, tod\u0117l \u0161is produktas yra labai vertingas dideliems projektams.<\/p>\n<p><strong><img decoding=\"async\" style=\"margin-right: 12px;\" src=\"https:\/\/www.ferberpainting.com\/wp-content\/uploads\/2026\/02\/Check.svg\" alt=\"\" width=\"18\" height=\"15\" \/>Saugus ir draugi\u0161kas med\u017eiagoms.<\/strong>\u00a0\u0160is produktas sukurtas i\u0161 specialiai parinkt\u0173 saugi\u0173 ingredient\u0173, kad b\u016bt\u0173 saugus naudoti, ir tausoja apdorotas med\u017eiagas. Jo sud\u0117tyje n\u0117ra a\u0161tri\u0173 chemini\u0173 med\u017eiag\u0173, tod\u0117l jis idealiai tinka jautriems pavir\u0161iams, pavyzd\u017eiui, plyteli\u0173 si\u016bl\u0117ms ir por\u0117toms med\u017eiagoms. Jis nekei\u010dia si\u016bli\u0173 i\u0161vaizdos, tekst\u016bros ar spalvos, tod\u0117l apdaila i\u0161lieka nat\u016brali ir esteti\u0161ka.<\/p>\n<p><strong><img decoding=\"async\" style=\"margin-right: 12px;\" src=\"https:\/\/www.ferberpainting.com\/wp-content\/uploads\/2026\/02\/Check.svg\" alt=\"\" width=\"18\" height=\"15\" \/>Greitas ir paprastas naudojimas.<\/strong>\u00a0\u0160is sand\u016br\u0173 hidroizoliacinis sluoksnis yra paruo\u0161tas naudoti, jo nereikia skiesti. Paprastas jo naudojimas nereikalauja joki\u0173 speciali\u0173 \u012fg\u016bd\u017ei\u0173. Tiesiog u\u017epurk\u0161kite tiesiai ant si\u016bli\u0173 ir paskleiskite teptuku, voleliu ar kempine. Produktas lengvai \u012fsigeria ir greitai d\u017ei\u016bsta, tod\u0117l i\u0161 karto apsaugo nuo dr\u0117gm\u0117s.<\/p>\n<p><strong><img decoding=\"async\" style=\"margin-right: 12px;\" src=\"https:\/\/www.ferberpainting.com\/wp-content\/uploads\/2026\/02\/Check.svg\" alt=\"\" width=\"18\" height=\"15\" \/>Padidintas patvarumas.<\/strong>\u00a0U\u017eteptas produktas sudaro nematom\u0105 barjer\u0105, kuris apsaugo sand\u016bras nuo dr\u0117gm\u0117s ir vandens kelis m\u0117nesius ar net metus, priklausomai nuo poveikio. Jis sukurtas taip, kad atlaikyt\u0173 at\u0161iaurias lauko s\u0105lygas ir lengvai nesuyra net po keli\u0173 plovim\u0173 ar didel\u0117s dr\u0117gm\u0117s laikotarpi\u0173. Jums suteikiama ilgalaik\u0117 apsauga su minimalia prie\u017ei\u016bra.<\/p>\n<p><strong><img decoding=\"async\" style=\"margin-right: 12px;\" src=\"https:\/\/www.ferberpainting.com\/wp-content\/uploads\/2026\/02\/Check.svg\" alt=\"\" width=\"18\" height=\"15\" \/>Greitas veikimas ir nedelsiamas veiksmingumas.<\/strong>\u00a0\u0160is sand\u016br\u0173 hidroizoliacinis sluoksnis veikia labai greitai. Po paprasto u\u017etepimo produktas paprastai i\u0161d\u017ei\u016bsta grei\u010diau nei per valand\u0105 ir pradeda veikti apsauginiu poveikiu. Jis beveik i\u0161 karto pradeda atstumti vanden\u012f, tod\u0117l netrukus po to galite toliau naudoti apdorot\u0105 viet\u0105.<\/p>\n<h2><strong>Naudojimo protokolas<\/strong><\/h2>\n<ul>\n<li><strong>Pavir\u0161iaus paruo\u0161imas <\/strong>: Prie\u0161 tepdami sand\u016br\u0173 hidroizoliacin\u0119 med\u017eiag\u0105 \u012fsitikinkite, kad sand\u016bros yra \u0161varios, sausos, ant j\u0173 n\u0117ra dulki\u0173, purvo ar liku\u010di\u0173. Jei reikia, nuvalykite si\u016bles tinkamu valikliu ir leiskite joms visi\u0161kai i\u0161d\u017ei\u016bti. Labai svarbu, kad si\u016bl\u0117s b\u016bt\u0173 visi\u0161kai sausos, kad produktas tinkamai \u012fsigert\u0173.<\/li>\n<li><strong>Produkto taikymas <\/strong>: Produktas yra paruo\u0161tas naudoti ir jo nereikia skiesti. Prie\u0161 naudodami lengvai pakratykite talpykl\u0105. Tolygiai u\u017epurk\u0161kite produkt\u0105 tiesiai ant s\u0105nari\u0173. Taip pat galite naudoti \u0161epet\u0117l\u012f arba kempin\u0119, kad produktas b\u016bt\u0173 paskirstytas ir u\u017etikrintas visi\u0161kas \u012fsiskverbimas.<\/li>\n<li><strong>Naudotina suma <\/strong>: Vidutini\u0161kai vienas litras produkto padengia ma\u017edaug 10-12 m\u00b2 si\u016bli\u0173. Optimaliai apsaugai u\u017etikrinti naudokite ne vien\u0105 stor\u0105, o kelis lengvus sluoksnius.<\/li>\n<li><strong>D\u017ei\u016bvimo laikas <\/strong>: U\u017etep\u0119 palikite gamin\u012f d\u017ei\u016bti nuo 30 minu\u010di\u0173 iki 1 valandos, priklausomai nuo temperat\u016bros ir dr\u0117gm\u0117s. I\u0161d\u017ei\u016bv\u0119s jis suformuoja vandeniui nelaid\u0173 barjer\u0105, kuris veiksmingai apsaugo nuo vandens prasiskverbimo. Kad pasiektum\u0117te geriausi\u0173 rezultat\u0173, venkite, kad kelias pirm\u0105sias valandas po u\u017etepimo pavir\u0161ius b\u016bt\u0173 veikiamas dr\u0117gm\u0117s.<\/li>\n<li><strong>Prie\u017ei\u016bra ir pakartotinis taikymas <\/strong>: Kad produktas i\u0161likt\u0173 veiksmingas, j\u012f rekomenduojama pakartotinai naudoti kas 6-12 m\u0117nesi\u0173, priklausomai nuo oro s\u0105lyg\u0173 ir dr\u0117gm\u0117s. Paprasta si\u016bli\u0173 ap\u017ei\u016bra pad\u0117s nustatyti, ar reikia tepti i\u0161 naujo. Jei atsiranda nusid\u0117v\u0117jimo ar vandens prasiskverbimo po\u017eymi\u0173, produkt\u0105 tepkite i\u0161 naujo.<\/li>\n<li><strong>Papildomos atsargumo priemon\u0117s <\/strong>: Nenaudokite a\u0161tri\u0173 ar abrazyvini\u0173 valikli\u0173 apdorotoms si\u016bl\u0117ms valyti, nes jie gali pa\u017eeisti vandeniui atspari\u0105 dang\u0105. Jei reikia valyti, rinkit\u0117s \u0161velnias, neerzinan\u010dias priemones, kad i\u0161saugotum\u0117te hidroizoliacin\u0119 dang\u0105 ir prailgintum\u0117te jos tarnavimo laik\u0105.<\/li>\n<\/ul>\n<p>S\u0105nari\u0173 hidroizoliacija yra paprastas, greitas ir veiksmingas sprendimas, padedantis prailginti s\u0105nari\u0173 tarnavimo laik\u0105 ir apsaugoti juos nuo dr\u0117gm\u0117s. Nesvarbu, ar tai b\u016bt\u0173 plyteli\u0173, m\u016bro, ar betono si\u016bl\u0117s, jis pad\u0117s i\u0161laikyti pavir\u0161i\u0173 saus\u0105 ir atspar\u0173 net ir labai dr\u0117gnoje aplinkoje.<\/p>","protected":false},"excerpt":{"rendered":"<p>Long-Lasting Protection Against Moisture.\u00a0This joint waterproofer is the ideal solution to protect your joints from water infiltration and humidity. It creates a waterproof barrier on joint surfaces, preventing water from penetrating while allowing adjacent materials to breathe. Perfect for tile, masonry, concrete, or brick joints, it provides long-lasting protection, whether used indoors or outdoors. Satisfaction [&hellip;]<\/p>\n","protected":false},"featured_media":36284,"comment_status":"open","ping_status":"closed","template":"","meta":{"_uag_custom_page_level_css":"","site-sidebar-layout":"default","site-content-layout":"","ast-site-content-layout":"default","site-content-style":"default","site-sidebar-style":"default","ast-global-header-display":"","ast-banner-title-visibility":"","ast-main-header-display":"","ast-hfb-above-header-display":"","ast-hfb-below-header-display":"","ast-hfb-mobile-header-display":"","site-post-title":"","ast-breadcrumbs-content":"","ast-featured-img":"","footer-sml-layout":"","ast-disable-related-posts":"","theme-transparent-header-meta":"default","adv-header-id-meta":"","stick-header-meta":"","header-above-stick-meta":"","header-main-stick-meta":"","header-below-stick-meta":"","astra-migrate-meta-layouts":"set","ast-page-background-enabled":"default","ast-page-background-meta":{"desktop":{"background-color":"var(--ast-global-color-4)","background-image":"","background-repeat":"repeat","background-position":"center center","background-size":"auto","background-attachment":"scroll","background-type":"","background-media":"","overlay-type":"","overlay-color":"","overlay-opacity":"","overlay-gradient":""},"tablet":{"background-color":"","background-image":"","background-repeat":"repeat","background-position":"center center","background-size":"auto","background-attachment":"scroll","background-type":"","background-media":"","overlay-type":"","overlay-color":"","overlay-opacity":"","overlay-gradient":""},"mobile":{"background-color":"","background-image":"","background-repeat":"repeat","background-position":"center center","background-size":"auto","background-attachment":"scroll","background-type":"","background-media":"","overlay-type":"","overlay-color":"","overlay-opacity":"","overlay-gradient":""}},"ast-content-background-meta":{"desktop":{"background-color":"var(--ast-global-color-5)","background-image":"","background-repeat":"repeat","background-position":"center center","background-size":"auto","background-attachment":"scroll","background-type":"","background-media":"","overlay-type":"","overlay-color":"","overlay-opacity":"","overlay-gradient":""},"tablet":{"background-color":"var(--ast-global-color-5)","background-image":"","background-repeat":"repeat","background-position":"center center","background-size":"auto","background-attachment":"scroll","background-type":"","background-media":"","overlay-type":"","overlay-color":"","overlay-opacity":"","overlay-gradient":""},"mobile":{"background-color":"var(--ast-global-color-5)","background-image":"","background-repeat":"repeat","background-position":"center center","background-size":"auto","background-attachment":"scroll","background-type":"","background-media":"","overlay-type":"","overlay-color":"","overlay-opacity":"","overlay-gradient":""}}},"product_brand":[],"product_cat":[191],"product_tag":[],"class_list":{"0":"post-23517","1":"product","2":"type-product","3":"status-publish","4":"has-post-thumbnail","6":"product_cat-water-repellent","7":"desktop-align-left","8":"tablet-align-left","9":"mobile-align-left","11":"first","12":"instock","13":"sale","14":"taxable","15":"shipping-taxable","16":"purchasable","17":"product-type-variable","18":"has-default-attributes"},"spectra_custom_meta":{"_visibility":["visible"],"_shopify_product_id":["9106583847157"],"_s2w_shopify_domain":["ferberpainting.myshopify.com"],"_shopify_variant_id":["46626295415029"],"_sku":[""],"_manage_stock":["no"],"total_sales":["15"],"_tax_status":["taxable"],"_tax_class":[""],"_backorders":["no"],"_sold_individually":["no"],"_virtual":["no"],"_downloadable":["no"],"_download_limit":["-1"],"_download_expiry":["-1"],"_stock":[null],"_stock_status":["instock"],"_wc_average_rating":["5.00"],"_wc_review_count":["10"],"_product_attributes":["a:1:{s:6:\"volume\";a:6:{s:4:\"name\";s:6:\"Volume\";s:5:\"value\";s:20:\"5 liters | 25 liters\";s:8:\"position\";i:1;s:10:\"is_visible\";i:0;s:12:\"is_variation\";i:1;s:11:\"is_taxonomy\";i:0;}}"],"_product_version":["10.5.1"],"wpse_downloadable_file_names":[""],"wpse_downloadable_file_urls":[""],"_edit_last":["1"],"_default_attributes":["a:1:{s:6:\"volume\";s:8:\"5 liters\";}"],"_edit_lock":["1771179050:1"],"_price":["29.90","129.90"],"merchant-center-category":["503744"],"merchant-center-availability":["yes"],"_thumbnail_id":["36284"],"_wp_page_template":["default"],"_wp_old_date":["2025-05-26"],"_product_image_gallery":["36278"],"site-sidebar-layout":["default"],"ast-site-content-layout":["default"],"site-content-style":["default"],"site-sidebar-style":["default"],"theme-transparent-header-meta":["default"],"_wc_rating_count":["a:1:{i:5;i:10;}"],"astra-migrate-meta-layouts":["set"],"_uag_css_file_name":["uag-css-23517.css"],"_elementor_page_assets":["a:0:{}"],"_uag_page_assets":["a:9:{s:3:\"css\";s:7133:\".uag-blocks-common-selector{z-index:var(--z-index-desktop) !important}@media(max-width: 976px){.uag-blocks-common-selector{z-index:var(--z-index-tablet) !important}}@media(max-width: 767px){.uag-blocks-common-selector{z-index:var(--z-index-mobile) !important}}.wp-block-uagb-image{display:flex}.wp-block-uagb-image__figure{position:relative;display:flex;flex-direction:column;max-width:100%;height:auto;margin:0}.wp-block-uagb-image__figure img{height:auto;display:flex;max-width:100%;transition:box-shadow .2s ease}.wp-block-uagb-image__figure>a{display:inline-block}.wp-block-uagb-image__figure figcaption{text-align:center;margin-top:.5em;margin-bottom:1em}.wp-block-uagb-image .components-placeholder.block-editor-media-placeholder .components-placeholder__instructions{align-self:center}.wp-block-uagb-image--align-left{text-align:left}.wp-block-uagb-image--align-right{text-align:right}.wp-block-uagb-image--align-center{text-align:center}.wp-block-uagb-image--align-full .wp-block-uagb-image__figure{margin-left:calc(50% - 50vw);margin-right:calc(50% - 50vw);max-width:100vw;width:100vw;height:auto}.wp-block-uagb-image--align-full .wp-block-uagb-image__figure img{height:auto;width:100% !important}.wp-block-uagb-image--align-wide .wp-block-uagb-image__figure img{height:auto;width:100%}.wp-block-uagb-image--layout-overlay__color-wrapper{position:absolute;left:0;top:0;right:0;bottom:0;opacity:.2;background:rgba(0,0,0,.5);transition:opacity .35s ease-in-out}.wp-block-uagb-image--layout-overlay-link{position:absolute;left:0;right:0;bottom:0;top:0}.wp-block-uagb-image--layout-overlay .wp-block-uagb-image__figure:hover .wp-block-uagb-image--layout-overlay__color-wrapper{opacity:1}.wp-block-uagb-image--layout-overlay__inner{position:absolute;left:15px;right:15px;bottom:15px;top:15px;display:flex;align-items:center;justify-content:center;flex-direction:column;border-color:#fff;transition:.35s ease-in-out}.wp-block-uagb-image--layout-overlay__inner.top-left,.wp-block-uagb-image--layout-overlay__inner.top-center,.wp-block-uagb-image--layout-overlay__inner.top-right{justify-content:flex-start}.wp-block-uagb-image--layout-overlay__inner.bottom-left,.wp-block-uagb-image--layout-overlay__inner.bottom-center,.wp-block-uagb-image--layout-overlay__inner.bottom-right{justify-content:flex-end}.wp-block-uagb-image--layout-overlay__inner.top-left,.wp-block-uagb-image--layout-overlay__inner.center-left,.wp-block-uagb-image--layout-overlay__inner.bottom-left{align-items:flex-start}.wp-block-uagb-image--layout-overlay__inner.top-right,.wp-block-uagb-image--layout-overlay__inner.center-right,.wp-block-uagb-image--layout-overlay__inner.bottom-right{align-items:flex-end}.wp-block-uagb-image--layout-overlay__inner .uagb-image-heading{color:#fff;transition:transform .35s,opacity .35s ease-in-out;transform:translate3d(0, 24px, 0);margin:0;line-height:1em}.wp-block-uagb-image--layout-overlay__inner .uagb-image-separator{width:30%;border-top-width:2px;border-top-color:#fff;border-top-style:solid;margin-bottom:10px;opacity:0;transition:transform .4s,opacity .4s ease-in-out;transform:translate3d(0, 30px, 0)}.wp-block-uagb-image--layout-overlay__inner .uagb-image-caption{opacity:0;overflow:visible;color:#fff;transition:transform .45s,opacity .45s ease-in-out;transform:translate3d(0, 35px, 0)}.wp-block-uagb-image--layout-overlay__inner:hover .uagb-image-heading,.wp-block-uagb-image--layout-overlay__inner:hover .uagb-image-separator,.wp-block-uagb-image--layout-overlay__inner:hover .uagb-image-caption{opacity:1;transform:translate3d(0, 0, 0)}.wp-block-uagb-image--effect-zoomin .wp-block-uagb-image__figure img,.wp-block-uagb-image--effect-zoomin .wp-block-uagb-image__figure .wp-block-uagb-image--layout-overlay__color-wrapper{transform:scale(1);transition:transform .35s ease-in-out}.wp-block-uagb-image--effect-zoomin .wp-block-uagb-image__figure:hover img,.wp-block-uagb-image--effect-zoomin .wp-block-uagb-image__figure:hover .wp-block-uagb-image--layout-overlay__color-wrapper{transform:scale(1.05)}.wp-block-uagb-image--effect-slide .wp-block-uagb-image__figure img,.wp-block-uagb-image--effect-slide .wp-block-uagb-image__figure .wp-block-uagb-image--layout-overlay__color-wrapper{width:calc(100% + 40px) !important;max-width:none !important;transform:translate3d(-40px, 0, 0);transition:transform .35s ease-in-out}.wp-block-uagb-image--effect-slide .wp-block-uagb-image__figure:hover img,.wp-block-uagb-image--effect-slide .wp-block-uagb-image__figure:hover .wp-block-uagb-image--layout-overlay__color-wrapper{transform:translate3d(0, 0, 0)}.wp-block-uagb-image--effect-grayscale img{filter:grayscale(0%);transition:.35s ease-in-out}.wp-block-uagb-image--effect-grayscale:hover img{filter:grayscale(100%)}.wp-block-uagb-image--effect-blur img{filter:blur(0);transition:.35s ease-in-out}.wp-block-uagb-image--effect-blur:hover img{filter:blur(3px)}.uagb-block-e6f939b3.wp-block-uagb-image--layout-default figure img{box-shadow: 0px 0px 0 #00000070;}.uagb-block-e6f939b3.wp-block-uagb-image .wp-block-uagb-image__figure figcaption{font-style: normal;align-self: center;}.uagb-block-e6f939b3.wp-block-uagb-image--layout-overlay figure img{box-shadow: 0px 0px 0 #00000070;}.uagb-block-e6f939b3.wp-block-uagb-image--layout-overlay .wp-block-uagb-image--layout-overlay__color-wrapper{opacity: 0.2;}.uagb-block-e6f939b3.wp-block-uagb-image--layout-overlay .wp-block-uagb-image--layout-overlay__inner{left: 15px;right: 15px;top: 15px;bottom: 15px;}.uagb-block-e6f939b3.wp-block-uagb-image--layout-overlay .wp-block-uagb-image--layout-overlay__inner .uagb-image-heading{font-style: normal;color: #fff;opacity: 1;}.uagb-block-e6f939b3.wp-block-uagb-image--layout-overlay .wp-block-uagb-image--layout-overlay__inner .uagb-image-heading a{color: #fff;}.uagb-block-e6f939b3.wp-block-uagb-image--layout-overlay .wp-block-uagb-image--layout-overlay__inner .uagb-image-caption{opacity: 0;}.uagb-block-e6f939b3.wp-block-uagb-image--layout-overlay .wp-block-uagb-image__figure:hover .wp-block-uagb-image--layout-overlay__color-wrapper{opacity: 1;}.uagb-block-e6f939b3.wp-block-uagb-image .wp-block-uagb-image--layout-overlay__inner .uagb-image-separator{width: 30%;border-top-width: 2px;border-top-color: #fff;opacity: 0;}.uagb-block-e6f939b3.wp-block-uagb-image .wp-block-uagb-image__figure img{width: px;height: auto;}.uagb-block-e6f939b3.wp-block-uagb-image .wp-block-uagb-image__figure:hover .wp-block-uagb-image--layout-overlay__inner .uagb-image-caption{opacity: 1;}.uagb-block-e6f939b3.wp-block-uagb-image .wp-block-uagb-image__figure:hover .wp-block-uagb-image--layout-overlay__inner .uagb-image-separator{opacity: 1;}.uagb-block-e6f939b3.wp-block-uagb-image--layout-default figure:hover img{box-shadow: 0px 0px 0 #00000070;}.uagb-block-e6f939b3.wp-block-uagb-image--layout-overlay figure:hover img{box-shadow: 0px 0px 0 #00000070;}@media only screen and (max-width: 976px) {.uagb-block-e6f939b3.wp-block-uagb-image .wp-block-uagb-image__figure img{width: px;height: auto;}}@media only screen and (max-width: 767px) {.uagb-block-e6f939b3.wp-block-uagb-image .wp-block-uagb-image__figure img{width: px;height: auto;}}\";s:2:\"js\";s:0:\"\";s:18:\"current_block_list\";a:13:{i:0;s:11:\"core\/search\";i:1;s:10:\"core\/group\";i:2;s:12:\"core\/heading\";i:3;s:17:\"core\/latest-posts\";i:4;s:20:\"core\/latest-comments\";i:5;s:13:\"core\/archives\";i:6;s:15:\"core\/categories\";i:7;s:14:\"core\/paragraph\";i:8;s:10:\"uagb\/image\";i:9;s:11:\"core\/spacer\";i:10;s:30:\"woocommerce\/product-categories\";i:11;s:10:\"core\/image\";i:12;s:14:\"core\/shortcode\";}s:8:\"uag_flag\";b:1;s:11:\"uag_version\";s:10:\"1777267632\";s:6:\"gfonts\";a:0:{}s:10:\"gfonts_url\";s:0:\"\";s:12:\"gfonts_files\";a:0:{}s:14:\"uag_faq_layout\";b:0;}"]},"uagb_featured_image_src":{"full":["https:\/\/www.ferberpainting.com\/wp-content\/uploads\/2025\/05\/Grout-Water-Repellent-5L-.png",2560,2560,false],"thumbnail":["https:\/\/www.ferberpainting.com\/wp-content\/uploads\/2025\/05\/Grout-Water-Repellent-5L--150x150.png",150,150,true],"medium":["https:\/\/www.ferberpainting.com\/wp-content\/uploads\/2025\/05\/Grout-Water-Repellent-5L--300x300.png",300,300,true],"medium_large":["https:\/\/www.ferberpainting.com\/wp-content\/uploads\/2025\/05\/Grout-Water-Repellent-5L--768x768.png",768,768,true],"large":["https:\/\/www.ferberpainting.com\/wp-content\/uploads\/2025\/05\/Grout-Water-Repellent-5L--1024x1024.png",1024,1024,true],"1536x1536":["https:\/\/www.ferberpainting.com\/wp-content\/uploads\/2025\/05\/Grout-Water-Repellent-5L--1536x1536.png",1536,1536,true],"2048x2048":["https:\/\/www.ferberpainting.com\/wp-content\/uploads\/2025\/05\/Grout-Water-Repellent-5L--2048x2048.png",2048,2048,true],"trp-custom-language-flag":["https:\/\/www.ferberpainting.com\/wp-content\/uploads\/2025\/05\/Grout-Water-Repellent-5L--12x12.png",12,12,true],"woocommerce_thumbnail":["https:\/\/www.ferberpainting.com\/wp-content\/uploads\/2025\/05\/Grout-Water-Repellent-5L--300x300.png",300,300,true],"woocommerce_single":["https:\/\/www.ferberpainting.com\/wp-content\/uploads\/2025\/05\/Grout-Water-Repellent-5L--600x600.png",600,600,true],"woocommerce_gallery_thumbnail":["https:\/\/www.ferberpainting.com\/wp-content\/uploads\/2025\/05\/Grout-Water-Repellent-5L--100x100.png",100,100,true]},"uagb_author_info":{"display_name":"admin","author_link":"https:\/\/www.ferberpainting.com\/lt\/author\/"},"uagb_comment_info":10,"uagb_excerpt":"Long-Lasting Protection Against Moisture.\u00a0This joint waterproofer is the ideal solution to protect your joints from water infiltration and humidity. It creates a waterproof barrier on joint surfaces, preventing water from penetrating while allowing adjacent materials to breathe. Perfect for tile, masonry, concrete, or brick joints, it provides long-lasting protection, whether used indoors or outdoors. Satisfaction&hellip;","_links":{"self":[{"href":"https:\/\/www.ferberpainting.com\/lt\/wp-json\/wp\/v2\/product\/23517","targetHints":{"allow":["GET"]}}],"collection":[{"href":"https:\/\/www.ferberpainting.com\/lt\/wp-json\/wp\/v2\/product"}],"about":[{"href":"https:\/\/www.ferberpainting.com\/lt\/wp-json\/wp\/v2\/types\/product"}],"replies":[{"embeddable":true,"href":"https:\/\/www.ferberpainting.com\/lt\/wp-json\/wp\/v2\/comments?post=23517"}],"version-history":[{"count":4,"href":"https:\/\/www.ferberpainting.com\/lt\/wp-json\/wp\/v2\/product\/23517\/revisions"}],"predecessor-version":[{"id":166347,"href":"https:\/\/www.ferberpainting.com\/lt\/wp-json\/wp\/v2\/product\/23517\/revisions\/166347"}],"wp:featuredmedia":[{"embeddable":true,"href":"https:\/\/www.ferberpainting.com\/lt\/wp-json\/wp\/v2\/media\/36284"}],"wp:attachment":[{"href":"https:\/\/www.ferberpainting.com\/lt\/wp-json\/wp\/v2\/media?parent=23517"}],"wp:term":[{"taxonomy":"product_brand","embeddable":true,"href":"https:\/\/www.ferberpainting.com\/lt\/wp-json\/wp\/v2\/product_brand?post=23517"},{"taxonomy":"product_cat","embeddable":true,"href":"https:\/\/www.ferberpainting.com\/lt\/wp-json\/wp\/v2\/product_cat?post=23517"},{"taxonomy":"product_tag","embeddable":true,"href":"https:\/\/www.ferberpainting.com\/lt\/wp-json\/wp\/v2\/product_tag?post=23517"}],"curies":[{"name":"wp","href":"https:\/\/api.w.org\/{rel}","templated":true}]}}