{"id":23514,"date":"2025-07-01T12:21:32","date_gmt":"2025-07-01T10:21:32","guid":{"rendered":"https:\/\/www.ferberpainting.com\/?post_type=product&#038;p=23508"},"modified":"2026-02-15T19:10:22","modified_gmt":"2026-02-15T18:10:22","slug":"grout-cleaner","status":"publish","type":"product","link":"https:\/\/www.ferberpainting.com\/lt\/products\/grout-cleaner\/","title":{"rendered":"Skiedinio valiklis"},"content":{"rendered":"<p><strong><img decoding=\"async\" style=\"margin-right: 12px;\" src=\"https:\/\/www.ferberpainting.com\/wp-content\/uploads\/2026\/02\/Check.svg\" alt=\"\" width=\"18\" height=\"15\" \/>Optimalus efektyvumas.<\/strong>\u00a0\u0160is skiedini\u0173 valiklis yra specialiai sukurtas taip, kad veiksmingai pa\u0161alint\u0173 \u012fsisen\u0117jusius ne\u0161varumus, pel\u0117sio d\u0117mes, kalkes, muilo liku\u010dius ir kitus ne\u0161varumus, kurie gadina si\u016bli\u0173 i\u0161vaizd\u0105. D\u0117l galingos formul\u0117s jis prasiskverbia giliai, kad i\u0161tirpint\u0173 ne\u0161varumus ir atkurt\u0173 pirmin\u0119 skiedinio spalv\u0105 - balt\u0105, pilk\u0105 ar spalvot\u0105. Jis atgaivina \u0161vie\u017ei\u0105 plyteli\u0173 si\u016bli\u0173 ant grind\u0173 ar sien\u0173 i\u0161vaizd\u0105, u\u017etikrina nepriekai\u0161ting\u0105 higien\u0105 ir nepriekai\u0161ting\u0105 apdail\u0105.<\/p>\n<p><strong><img decoding=\"async\" style=\"margin-right: 12px;\" src=\"https:\/\/www.ferberpainting.com\/wp-content\/uploads\/2026\/02\/Check.svg\" alt=\"\" width=\"18\" height=\"15\" \/>Pinig\u0173 gr\u0105\u017einimo garantija.<\/strong>\u00a0Esame visi\u0161kai \u012fsitikin\u0119 savo valiklio veiksmingumu. Jei po naudojimo nesate visi\u0161kai patenkinti, galite atgauti vis\u0105 sumok\u0117t\u0105 sum\u0105. Dr\u0105siai i\u0161bandykite m\u016bs\u0173 gamin\u012f ir be jokios rizikos atkurkite s\u0105nari\u0173 spindes\u012f ir \u0161var\u0105.<\/p>\n<p><strong><img decoding=\"async\" style=\"margin-right: 12px;\" src=\"https:\/\/www.ferberpainting.com\/wp-content\/uploads\/2026\/02\/Check.svg\" alt=\"\" width=\"18\" height=\"15\" \/>I\u0161skirtinis universalumas.<\/strong>\u00a0\u0160is valiklis skirtas ne tik plyteli\u0173 skiediniui! Jis taip pat idealiai tinka silikonin\u0117ms si\u016bl\u0117ms, vonios ir virtuv\u0117s sandarikliams ir net lauko si\u016bl\u0117ms terasose ir prie baseino. Jis tinka epoksidin\u0117ms si\u016bl\u0117ms, skiediniui ar cementui, tod\u0117l u\u017etikrina veiksming\u0105 \u012fvairi\u0173 pavir\u0161i\u0173 valym\u0105. Jis vienodai gerai veikia tiek vidaus, tiek lauko sand\u016bras, veikiamas gamtos veiksni\u0173, u\u017etikrindamas ilgalaik\u012f \u0161varum\u0105 ir apsaug\u0105.<\/p>\n<p><strong><img decoding=\"async\" style=\"margin-right: 12px;\" src=\"https:\/\/www.ferberpainting.com\/wp-content\/uploads\/2026\/02\/Check.svg\" alt=\"\" width=\"18\" height=\"15\" \/>Ekonomi\u0161kas.<\/strong>\u00a0\u0160is 5 litr\u0173 formato ir itin veiksmingos formul\u0117s valiklis pasi\u017eymi puikia verte. Nedidelio kiekio u\u017etenka dideliam plotui padengti be atliek\u0173. Vidutini\u0161kai vienas litras valo iki 100 m\u00b2 skiedinio, tod\u0117l tai ekonomi\u0161kas sprendimas tiek profesionaliam, tiek buitiniam naudojimui.<\/p>\n<p><strong><img decoding=\"async\" style=\"margin-right: 12px;\" src=\"https:\/\/www.ferberpainting.com\/wp-content\/uploads\/2026\/02\/Check.svg\" alt=\"\" width=\"18\" height=\"15\" \/>Saugu naudoti.<\/strong>\u00a0Skirtingai nei druskos r\u016bg\u0161ties pagrindo ar abrazyvini\u0173 valikli\u0173, kurie gali pa\u017eeisti skiedin\u012f ir plyteles, \u0161iame produkte n\u0117ra a\u0161tri\u0173 tirpikli\u0173 ar toksi\u0161k\u0173 med\u017eiag\u0173. Jis nei\u0161skiria kenksming\u0173 gar\u0173, nedirgina odos ir tausoja jautrias med\u017eiagas. Saugus naudoti gyvenamosiose patalpose, vonios kambariuose ir virtuv\u0117se, jis u\u017etikrina optimali\u0105 higien\u0105 be pavojaus sveikatai.<\/p>\n<p><strong><img decoding=\"async\" style=\"margin-right: 12px;\" src=\"https:\/\/www.ferberpainting.com\/wp-content\/uploads\/2026\/02\/Check.svg\" alt=\"\" width=\"18\" height=\"15\" \/>Lengva naudoti.<\/strong>\u00a0\u0160is produktas yra paruo\u0161tas naudoti, jo nereikia skiesti ar sud\u0117tingai tvarkyti. Tepkite tiesiai ant skiedinio \u0161epet\u0117liu, kempine arba purk\u0161tuvu. D\u0117l greito veikimo ir intuityvaus naudojimo skiedinio prie\u017ei\u016bra tampa paprastesn\u0117 ir greitesn\u0117 nei bet kada anks\u010diau.<\/p>\n<p><strong><img decoding=\"async\" style=\"margin-right: 12px;\" src=\"https:\/\/www.ferberpainting.com\/wp-content\/uploads\/2026\/02\/Check.svg\" alt=\"\" width=\"18\" height=\"15\" \/>Ilgalaik\u0117 apsauga.<\/strong>\u00a0Pa\u0161alindamas pel\u0117sio ir kalki\u0173 nuos\u0117das, \u0161is valiklis prailgina skiedinio tarnavimo laik\u0105 ir i\u0161saugo jo sandarum\u0105. Jis neleid\u017eia augti grybeliui ir bakterijoms, suma\u017eina nuos\u0117d\u0173 susidarym\u0105 ir i\u0161laiko skiedin\u012f \u0161var\u0173 bei tvirt\u0105. Reguliariai naudojant, skiedinys atrodo kaip naujas ir apsaugo nuo ankstyvo nusid\u0117v\u0117jimo.<\/p>\n<p><strong><img decoding=\"async\" style=\"margin-right: 12px;\" src=\"https:\/\/www.ferberpainting.com\/wp-content\/uploads\/2026\/02\/Check.svg\" alt=\"\" width=\"18\" height=\"15\" \/>Greitas veiksmas.<\/strong>\u00a0D\u0117l itin reaktyvios formul\u0117s \u0161is valiklis i\u0161 karto veikia d\u0117mes ir \u012fsisen\u0117jusius ne\u0161varumus. Vos per kelias minutes jis i\u0161tirpina liku\u010dius ir padeda juos pa\u0161alinti be stipraus \u0161veitimo. \u0160is valiklis puikiai tinka greitai ir efektyviai vonios kambario, grind\u0173 ar terasos skiedinio prie\u017ei\u016brai.<\/p>\n<h2><strong>Naudojimo protokolas<\/strong><\/h2>\n<ul>\n<li><strong>Paruo\u0161imas <\/strong>: Prie\u0161 tepdami gamin\u012f \u012fsitikinkite, kad pavir\u0161ius yra sausas arba \u0161iek tiek dr\u0117gnas. Nor\u0117dami optimizuoti valym\u0105, nuvalykite dulkes.<\/li>\n<li><strong>Rankinis taikymas <\/strong>: Nedidel\u012f kiek\u012f valiklio supilkite ant \u0161epet\u0117lio ar kempin\u0117s su mink\u0161tais \u0161ereliais ir tepkite tiesiai ant skiedinio, \u0161veiskite sukamaisiais judesiais, kad skiedinys visi\u0161kai \u012fsigert\u0173.<\/li>\n<li><strong>Didelio pavir\u0161iaus taikymas <\/strong>: Dideliems skiedinio plotams valyti naudokite purk\u0161tuv\u0105, kad tolygiai paskirstytum\u0117te valikl\u012f. Leiskite jam kelet\u0105 minu\u010di\u0173 nusistov\u0117ti ir tik tada \u0161veiskite \u0161epet\u0117liu.<\/li>\n<li><strong>Didelio intensyvumo skiedinio valymas <\/strong>: Jei d\u0117m\u0117s \u012fsisen\u0117jusios, prie\u0161 \u0161vei\u010diant dant\u0173 \u0161epet\u0117liu arba specialiu skiedinio \u0161epet\u0117liu, leiskite priemonei 5-10 minu\u010di\u0173 nusistov\u0117ti ant si\u016bli\u0173.<\/li>\n<li><strong>Skalavimas <\/strong>: Kruop\u0161\u010diai nuplaukite \u0161variu vandeniu, naudodami kempin\u0119 arba dr\u0117gn\u0105 \u0161luost\u0119, kad pa\u0161alintum\u0117te produkto liku\u010dius ir pasiektum\u0117te nepriekai\u0161ting\u0105 apdail\u0105.<\/li>\n<li><strong>D\u017eiovinimas ir apdaila <\/strong>: Leiskite pavir\u0161iui i\u0161d\u017ei\u016bti arba nuvalykite j\u012f \u0161varia, sausa mikropluo\u0161to \u0161luoste, kad atsiskleist\u0173 nat\u016brali s\u0105nari\u0173 spalva ir blizgesys.<\/li>\n<li><strong>Naudojimo da\u017enumas <\/strong>: Naudokite kart\u0105 per m\u0117nes\u012f reguliariai prie\u017ei\u016brai arba i\u0161 karto, kai tik pasirodo ne\u0161varum\u0173 ar d\u0117mi\u0173, kad i\u0161vengtum\u0117te j\u0173 kaupimosi. Dr\u0117gm\u0117s veikiamas patalpas, pavyzd\u017eiui, du\u0161\u0105 ar virtuv\u0119, rekomenduojama valyti kas dvi savaites.<\/li>\n<li><strong>Saugykla <\/strong>: Po kiekvieno naudojimo sandariai u\u017edarykite talpykl\u0105. Laikykite v\u0117sioje, sausoje, apsaugotoje nuo \u0161viesos ir ekstremalios temperat\u016bros vietoje, kad produktas ilgai i\u0161likt\u0173 veiksmingas.<\/li>\n<\/ul>\n<p>Naudodami m\u016bs\u0173 skiedini\u0173 valikl\u012f greitai ir veiksmingai pa\u0161alinkite ne\u0161varumus ir pel\u0117s\u012f ir suteikite savo pavir\u0161iams nauj\u0105 gyvenim\u0105. Tai galingas, saugus ir paprastas sprendimas, kad skiedinys b\u016bt\u0173 nepriekai\u0161tingas be joki\u0173 pastang\u0173.<\/p>","protected":false},"excerpt":{"rendered":"<p>Optimal Efficiency.\u00a0This grout cleaner is specially formulated to effectively remove embedded dirt, mold stains, limescale, soap residue, and other grime that tarnishes the appearance of joints. Thanks to its powerful formula, it penetrates deep to dissolve impurities and restore the original color of grout\u2014whether white, grey, or colored. It revives the fresh look of tiled [&hellip;]<\/p>\n","protected":false},"featured_media":36317,"comment_status":"open","ping_status":"closed","template":"","meta":{"_uag_custom_page_level_css":"","site-sidebar-layout":"default","site-content-layout":"","ast-site-content-layout":"default","site-content-style":"default","site-sidebar-style":"default","ast-global-header-display":"","ast-banner-title-visibility":"","ast-main-header-display":"","ast-hfb-above-header-display":"","ast-hfb-below-header-display":"","ast-hfb-mobile-header-display":"","site-post-title":"","ast-breadcrumbs-content":"","ast-featured-img":"","footer-sml-layout":"","ast-disable-related-posts":"","theme-transparent-header-meta":"default","adv-header-id-meta":"","stick-header-meta":"","header-above-stick-meta":"","header-main-stick-meta":"","header-below-stick-meta":"","astra-migrate-meta-layouts":"set","ast-page-background-enabled":"default","ast-page-background-meta":{"desktop":{"background-color":"var(--ast-global-color-4)","background-image":"","background-repeat":"repeat","background-position":"center center","background-size":"auto","background-attachment":"scroll","background-type":"","background-media":"","overlay-type":"","overlay-color":"","overlay-opacity":"","overlay-gradient":""},"tablet":{"background-color":"","background-image":"","background-repeat":"repeat","background-position":"center center","background-size":"auto","background-attachment":"scroll","background-type":"","background-media":"","overlay-type":"","overlay-color":"","overlay-opacity":"","overlay-gradient":""},"mobile":{"background-color":"","background-image":"","background-repeat":"repeat","background-position":"center center","background-size":"auto","background-attachment":"scroll","background-type":"","background-media":"","overlay-type":"","overlay-color":"","overlay-opacity":"","overlay-gradient":""}},"ast-content-background-meta":{"desktop":{"background-color":"var(--ast-global-color-5)","background-image":"","background-repeat":"repeat","background-position":"center center","background-size":"auto","background-attachment":"scroll","background-type":"","background-media":"","overlay-type":"","overlay-color":"","overlay-opacity":"","overlay-gradient":""},"tablet":{"background-color":"var(--ast-global-color-5)","background-image":"","background-repeat":"repeat","background-position":"center center","background-size":"auto","background-attachment":"scroll","background-type":"","background-media":"","overlay-type":"","overlay-color":"","overlay-opacity":"","overlay-gradient":""},"mobile":{"background-color":"var(--ast-global-color-5)","background-image":"","background-repeat":"repeat","background-position":"center center","background-size":"auto","background-attachment":"scroll","background-type":"","background-media":"","overlay-type":"","overlay-color":"","overlay-opacity":"","overlay-gradient":""}}},"product_brand":[],"product_cat":[175],"product_tag":[],"class_list":{"0":"post-23514","1":"product","2":"type-product","3":"status-publish","4":"has-post-thumbnail","6":"product_cat-cleaning-products","7":"desktop-align-left","8":"tablet-align-left","9":"mobile-align-left","11":"first","12":"instock","13":"sale","14":"taxable","15":"shipping-taxable","16":"purchasable","17":"product-type-variable","18":"has-default-attributes"},"spectra_custom_meta":{"_visibility":["visible"],"_shopify_product_id":["9102686191861"],"_s2w_shopify_domain":["ferberpainting.myshopify.com"],"_shopify_variant_id":["46616746655989"],"_sku":[""],"_manage_stock":["no"],"total_sales":["31"],"_tax_status":["taxable"],"_tax_class":[""],"_backorders":["no"],"_sold_individually":["no"],"_virtual":["no"],"_downloadable":["no"],"_download_limit":["-1"],"_download_expiry":["-1"],"_stock":[null],"_stock_status":["instock"],"_wc_average_rating":["5.00"],"_wc_review_count":["11"],"_product_attributes":["a:1:{s:6:\"volume\";a:6:{s:4:\"name\";s:6:\"Volume\";s:5:\"value\";s:20:\"5 liters | 25 liters\";s:8:\"position\";i:1;s:10:\"is_visible\";i:0;s:12:\"is_variation\";i:1;s:11:\"is_taxonomy\";i:0;}}"],"_product_version":["10.5.1"],"wpse_downloadable_file_names":[""],"wpse_downloadable_file_urls":[""],"_edit_last":["1"],"_default_attributes":["a:1:{s:6:\"volume\";s:8:\"5 liters\";}"],"_edit_lock":["1771178952:1"],"_price":["29.90","129.90"],"merchant-center-availability":["yes"],"merchant-center-category":["7504"],"_thumbnail_id":["36317"],"_wp_page_template":["default"],"_wp_old_date":["2025-05-26"],"_product_image_gallery":["36318"],"site-sidebar-layout":["default"],"ast-site-content-layout":["default"],"site-content-style":["default"],"site-sidebar-style":["default"],"theme-transparent-header-meta":["default"],"_wc_rating_count":["a:1:{i:5;i:11;}"],"astra-migrate-meta-layouts":["set"],"_uag_css_file_name":["uag-css-23514.css"],"_elementor_page_assets":["a:0:{}"],"_uag_page_assets":["a:9:{s:3:\"css\";s:7133:\".uag-blocks-common-selector{z-index:var(--z-index-desktop) !important}@media(max-width: 976px){.uag-blocks-common-selector{z-index:var(--z-index-tablet) !important}}@media(max-width: 767px){.uag-blocks-common-selector{z-index:var(--z-index-mobile) !important}}.wp-block-uagb-image{display:flex}.wp-block-uagb-image__figure{position:relative;display:flex;flex-direction:column;max-width:100%;height:auto;margin:0}.wp-block-uagb-image__figure img{height:auto;display:flex;max-width:100%;transition:box-shadow .2s ease}.wp-block-uagb-image__figure>a{display:inline-block}.wp-block-uagb-image__figure figcaption{text-align:center;margin-top:.5em;margin-bottom:1em}.wp-block-uagb-image .components-placeholder.block-editor-media-placeholder .components-placeholder__instructions{align-self:center}.wp-block-uagb-image--align-left{text-align:left}.wp-block-uagb-image--align-right{text-align:right}.wp-block-uagb-image--align-center{text-align:center}.wp-block-uagb-image--align-full .wp-block-uagb-image__figure{margin-left:calc(50% - 50vw);margin-right:calc(50% - 50vw);max-width:100vw;width:100vw;height:auto}.wp-block-uagb-image--align-full .wp-block-uagb-image__figure img{height:auto;width:100% !important}.wp-block-uagb-image--align-wide .wp-block-uagb-image__figure img{height:auto;width:100%}.wp-block-uagb-image--layout-overlay__color-wrapper{position:absolute;left:0;top:0;right:0;bottom:0;opacity:.2;background:rgba(0,0,0,.5);transition:opacity .35s ease-in-out}.wp-block-uagb-image--layout-overlay-link{position:absolute;left:0;right:0;bottom:0;top:0}.wp-block-uagb-image--layout-overlay .wp-block-uagb-image__figure:hover .wp-block-uagb-image--layout-overlay__color-wrapper{opacity:1}.wp-block-uagb-image--layout-overlay__inner{position:absolute;left:15px;right:15px;bottom:15px;top:15px;display:flex;align-items:center;justify-content:center;flex-direction:column;border-color:#fff;transition:.35s ease-in-out}.wp-block-uagb-image--layout-overlay__inner.top-left,.wp-block-uagb-image--layout-overlay__inner.top-center,.wp-block-uagb-image--layout-overlay__inner.top-right{justify-content:flex-start}.wp-block-uagb-image--layout-overlay__inner.bottom-left,.wp-block-uagb-image--layout-overlay__inner.bottom-center,.wp-block-uagb-image--layout-overlay__inner.bottom-right{justify-content:flex-end}.wp-block-uagb-image--layout-overlay__inner.top-left,.wp-block-uagb-image--layout-overlay__inner.center-left,.wp-block-uagb-image--layout-overlay__inner.bottom-left{align-items:flex-start}.wp-block-uagb-image--layout-overlay__inner.top-right,.wp-block-uagb-image--layout-overlay__inner.center-right,.wp-block-uagb-image--layout-overlay__inner.bottom-right{align-items:flex-end}.wp-block-uagb-image--layout-overlay__inner .uagb-image-heading{color:#fff;transition:transform .35s,opacity .35s ease-in-out;transform:translate3d(0, 24px, 0);margin:0;line-height:1em}.wp-block-uagb-image--layout-overlay__inner .uagb-image-separator{width:30%;border-top-width:2px;border-top-color:#fff;border-top-style:solid;margin-bottom:10px;opacity:0;transition:transform .4s,opacity .4s ease-in-out;transform:translate3d(0, 30px, 0)}.wp-block-uagb-image--layout-overlay__inner .uagb-image-caption{opacity:0;overflow:visible;color:#fff;transition:transform .45s,opacity .45s ease-in-out;transform:translate3d(0, 35px, 0)}.wp-block-uagb-image--layout-overlay__inner:hover .uagb-image-heading,.wp-block-uagb-image--layout-overlay__inner:hover .uagb-image-separator,.wp-block-uagb-image--layout-overlay__inner:hover .uagb-image-caption{opacity:1;transform:translate3d(0, 0, 0)}.wp-block-uagb-image--effect-zoomin .wp-block-uagb-image__figure img,.wp-block-uagb-image--effect-zoomin .wp-block-uagb-image__figure .wp-block-uagb-image--layout-overlay__color-wrapper{transform:scale(1);transition:transform .35s ease-in-out}.wp-block-uagb-image--effect-zoomin .wp-block-uagb-image__figure:hover img,.wp-block-uagb-image--effect-zoomin .wp-block-uagb-image__figure:hover .wp-block-uagb-image--layout-overlay__color-wrapper{transform:scale(1.05)}.wp-block-uagb-image--effect-slide .wp-block-uagb-image__figure img,.wp-block-uagb-image--effect-slide .wp-block-uagb-image__figure .wp-block-uagb-image--layout-overlay__color-wrapper{width:calc(100% + 40px) !important;max-width:none !important;transform:translate3d(-40px, 0, 0);transition:transform .35s ease-in-out}.wp-block-uagb-image--effect-slide .wp-block-uagb-image__figure:hover img,.wp-block-uagb-image--effect-slide .wp-block-uagb-image__figure:hover .wp-block-uagb-image--layout-overlay__color-wrapper{transform:translate3d(0, 0, 0)}.wp-block-uagb-image--effect-grayscale img{filter:grayscale(0%);transition:.35s ease-in-out}.wp-block-uagb-image--effect-grayscale:hover img{filter:grayscale(100%)}.wp-block-uagb-image--effect-blur img{filter:blur(0);transition:.35s ease-in-out}.wp-block-uagb-image--effect-blur:hover img{filter:blur(3px)}.uagb-block-e6f939b3.wp-block-uagb-image--layout-default figure img{box-shadow: 0px 0px 0 #00000070;}.uagb-block-e6f939b3.wp-block-uagb-image .wp-block-uagb-image__figure figcaption{font-style: normal;align-self: center;}.uagb-block-e6f939b3.wp-block-uagb-image--layout-overlay figure img{box-shadow: 0px 0px 0 #00000070;}.uagb-block-e6f939b3.wp-block-uagb-image--layout-overlay .wp-block-uagb-image--layout-overlay__color-wrapper{opacity: 0.2;}.uagb-block-e6f939b3.wp-block-uagb-image--layout-overlay .wp-block-uagb-image--layout-overlay__inner{left: 15px;right: 15px;top: 15px;bottom: 15px;}.uagb-block-e6f939b3.wp-block-uagb-image--layout-overlay .wp-block-uagb-image--layout-overlay__inner .uagb-image-heading{font-style: normal;color: #fff;opacity: 1;}.uagb-block-e6f939b3.wp-block-uagb-image--layout-overlay .wp-block-uagb-image--layout-overlay__inner .uagb-image-heading a{color: #fff;}.uagb-block-e6f939b3.wp-block-uagb-image--layout-overlay .wp-block-uagb-image--layout-overlay__inner .uagb-image-caption{opacity: 0;}.uagb-block-e6f939b3.wp-block-uagb-image--layout-overlay .wp-block-uagb-image__figure:hover .wp-block-uagb-image--layout-overlay__color-wrapper{opacity: 1;}.uagb-block-e6f939b3.wp-block-uagb-image .wp-block-uagb-image--layout-overlay__inner .uagb-image-separator{width: 30%;border-top-width: 2px;border-top-color: #fff;opacity: 0;}.uagb-block-e6f939b3.wp-block-uagb-image .wp-block-uagb-image__figure img{width: px;height: auto;}.uagb-block-e6f939b3.wp-block-uagb-image .wp-block-uagb-image__figure:hover .wp-block-uagb-image--layout-overlay__inner .uagb-image-caption{opacity: 1;}.uagb-block-e6f939b3.wp-block-uagb-image .wp-block-uagb-image__figure:hover .wp-block-uagb-image--layout-overlay__inner .uagb-image-separator{opacity: 1;}.uagb-block-e6f939b3.wp-block-uagb-image--layout-default figure:hover img{box-shadow: 0px 0px 0 #00000070;}.uagb-block-e6f939b3.wp-block-uagb-image--layout-overlay figure:hover img{box-shadow: 0px 0px 0 #00000070;}@media only screen and (max-width: 976px) {.uagb-block-e6f939b3.wp-block-uagb-image .wp-block-uagb-image__figure img{width: px;height: auto;}}@media only screen and (max-width: 767px) {.uagb-block-e6f939b3.wp-block-uagb-image .wp-block-uagb-image__figure img{width: px;height: auto;}}\";s:2:\"js\";s:0:\"\";s:18:\"current_block_list\";a:13:{i:0;s:11:\"core\/search\";i:1;s:10:\"core\/group\";i:2;s:12:\"core\/heading\";i:3;s:17:\"core\/latest-posts\";i:4;s:20:\"core\/latest-comments\";i:5;s:13:\"core\/archives\";i:6;s:15:\"core\/categories\";i:7;s:14:\"core\/paragraph\";i:8;s:10:\"uagb\/image\";i:9;s:11:\"core\/spacer\";i:10;s:30:\"woocommerce\/product-categories\";i:11;s:10:\"core\/image\";i:12;s:14:\"core\/shortcode\";}s:8:\"uag_flag\";b:1;s:11:\"uag_version\";s:10:\"1777228630\";s:6:\"gfonts\";a:0:{}s:10:\"gfonts_url\";s:0:\"\";s:12:\"gfonts_files\";a:0:{}s:14:\"uag_faq_layout\";b:0;}"]},"uagb_featured_image_src":{"full":["https:\/\/www.ferberpainting.com\/wp-content\/uploads\/2025\/05\/Grout-Cleaner-5L-.png",2560,2560,false],"thumbnail":["https:\/\/www.ferberpainting.com\/wp-content\/uploads\/2025\/05\/Grout-Cleaner-5L--150x150.png",150,150,true],"medium":["https:\/\/www.ferberpainting.com\/wp-content\/uploads\/2025\/05\/Grout-Cleaner-5L--300x300.png",300,300,true],"medium_large":["https:\/\/www.ferberpainting.com\/wp-content\/uploads\/2025\/05\/Grout-Cleaner-5L--768x768.png",768,768,true],"large":["https:\/\/www.ferberpainting.com\/wp-content\/uploads\/2025\/05\/Grout-Cleaner-5L--1024x1024.png",1024,1024,true],"1536x1536":["https:\/\/www.ferberpainting.com\/wp-content\/uploads\/2025\/05\/Grout-Cleaner-5L--1536x1536.png",1536,1536,true],"2048x2048":["https:\/\/www.ferberpainting.com\/wp-content\/uploads\/2025\/05\/Grout-Cleaner-5L--2048x2048.png",2048,2048,true],"trp-custom-language-flag":["https:\/\/www.ferberpainting.com\/wp-content\/uploads\/2025\/05\/Grout-Cleaner-5L--12x12.png",12,12,true],"woocommerce_thumbnail":["https:\/\/www.ferberpainting.com\/wp-content\/uploads\/2025\/05\/Grout-Cleaner-5L--300x300.png",300,300,true],"woocommerce_single":["https:\/\/www.ferberpainting.com\/wp-content\/uploads\/2025\/05\/Grout-Cleaner-5L--600x600.png",600,600,true],"woocommerce_gallery_thumbnail":["https:\/\/www.ferberpainting.com\/wp-content\/uploads\/2025\/05\/Grout-Cleaner-5L--100x100.png",100,100,true]},"uagb_author_info":{"display_name":"admin","author_link":"https:\/\/www.ferberpainting.com\/lt\/author\/"},"uagb_comment_info":11,"uagb_excerpt":"Optimal Efficiency.\u00a0This grout cleaner is specially formulated to effectively remove embedded dirt, mold stains, limescale, soap residue, and other grime that tarnishes the appearance of joints. Thanks to its powerful formula, it penetrates deep to dissolve impurities and restore the original color of grout\u2014whether white, grey, or colored. It revives the fresh look of tiled&hellip;","_links":{"self":[{"href":"https:\/\/www.ferberpainting.com\/lt\/wp-json\/wp\/v2\/product\/23514","targetHints":{"allow":["GET"]}}],"collection":[{"href":"https:\/\/www.ferberpainting.com\/lt\/wp-json\/wp\/v2\/product"}],"about":[{"href":"https:\/\/www.ferberpainting.com\/lt\/wp-json\/wp\/v2\/types\/product"}],"replies":[{"embeddable":true,"href":"https:\/\/www.ferberpainting.com\/lt\/wp-json\/wp\/v2\/comments?post=23514"}],"version-history":[{"count":4,"href":"https:\/\/www.ferberpainting.com\/lt\/wp-json\/wp\/v2\/product\/23514\/revisions"}],"predecessor-version":[{"id":166345,"href":"https:\/\/www.ferberpainting.com\/lt\/wp-json\/wp\/v2\/product\/23514\/revisions\/166345"}],"wp:featuredmedia":[{"embeddable":true,"href":"https:\/\/www.ferberpainting.com\/lt\/wp-json\/wp\/v2\/media\/36317"}],"wp:attachment":[{"href":"https:\/\/www.ferberpainting.com\/lt\/wp-json\/wp\/v2\/media?parent=23514"}],"wp:term":[{"taxonomy":"product_brand","embeddable":true,"href":"https:\/\/www.ferberpainting.com\/lt\/wp-json\/wp\/v2\/product_brand?post=23514"},{"taxonomy":"product_cat","embeddable":true,"href":"https:\/\/www.ferberpainting.com\/lt\/wp-json\/wp\/v2\/product_cat?post=23514"},{"taxonomy":"product_tag","embeddable":true,"href":"https:\/\/www.ferberpainting.com\/lt\/wp-json\/wp\/v2\/product_tag?post=23514"}],"curies":[{"name":"wp","href":"https:\/\/api.w.org\/{rel}","templated":true}]}}