{"id":23501,"date":"2025-07-01T12:15:25","date_gmt":"2025-07-01T10:15:25","guid":{"rendered":"https:\/\/www.ferberpainting.com\/?post_type=product&#038;p=23490"},"modified":"2026-02-15T15:32:55","modified_gmt":"2026-02-15T14:32:55","slug":"granite-water-repellent","status":"publish","type":"product","link":"https:\/\/www.ferberpainting.com\/lt\/products\/granite-water-repellent\/","title":{"rendered":"Hidrofobin\u0117 danga granitui"},"content":{"rendered":"<p><img decoding=\"async\" style=\"margin-right: 12px;\" src=\"https:\/\/www.ferberpainting.com\/wp-content\/uploads\/2026\/02\/Check.svg\" alt=\"\" width=\"18\" height=\"15\" \/><strong>I\u0161skirtin\u0117 granito apsauga.<\/strong>\u00a0Granito impregnantas yra specialiai sukurtas taip, kad optimaliai apsaugot\u0173 granito pavir\u0161ius nuo dr\u0117gm\u0117s, vandens prasiskverbimo ir d\u0117mi\u0173. \u0160is produktas sukuria nematom\u0105 barjer\u0105, neleid\u017eiant\u012f vandeniui prasiskverbti, ta\u010diau leid\u017eiant\u012f med\u017eiagai kv\u0117puoti, taip i\u0161saugant jos i\u0161vaizd\u0105 ir strukt\u016br\u0105. Priemon\u0117 ypa\u010d tinka lauko pavir\u0161iams, tokiems kaip priva\u017eiavimo keliai, terasos, laiptai ar granito stalvir\u0161iai.<\/p>\n<p><img decoding=\"async\" style=\"margin-right: 12px;\" src=\"https:\/\/www.ferberpainting.com\/wp-content\/uploads\/2026\/02\/Check.svg\" alt=\"\" width=\"18\" height=\"15\" \/><strong>Pinig\u0173 gr\u0105\u017einimo garantija.<\/strong>\u00a0Esame \u012fsitikin\u0119 savo granito impregnavimo priemon\u0117s veiksmingumu. Jei nesate visi\u0161kai patenkinti rezultatais, suteikiame pasitenkinimo garantij\u0105 arba gr\u0105\u017einame visus pinigus. Taigi, jei gaminys nepateisins j\u016bs\u0173 l\u016bkes\u010di\u0173, galite pra\u0161yti gr\u0105\u017einti pinigus, tod\u0117l gal\u0117site pirkti visi\u0161kai ramiai.<\/p>\n<p><img decoding=\"async\" style=\"margin-right: 12px;\" src=\"https:\/\/www.ferberpainting.com\/wp-content\/uploads\/2026\/02\/Check.svg\" alt=\"\" width=\"18\" height=\"15\" \/><strong>\u012evairios paskirties granito med\u017eiagoms.<\/strong>\u00a0\u0160is gaminys specialiai sukurtas granitui, bet gali b\u016bti naudojamas ir pana\u0161iems akmeniniams pavir\u0161iams, pavyzd\u017eiui, marmurui ar kvarcui. Jis idealiai tinka \u012fvairioms nat\u016bralioms akmens med\u017eiagoms, ypa\u010d naudojamoms lauko kra\u0161tovaizd\u017eio formavimui ar vidaus apdailai, pavyzd\u017eiui, virtuv\u0117ms ir vonios kambariams, apsaugoti. Vandeniui atspari priemon\u0117 apsaugo nuo riebal\u0173, alyvos ir vandens d\u0117mi\u0173, i\u0161laiko nat\u016brali\u0105 granito i\u0161vaizd\u0105, nekeisdama jo spalvos.<\/p>\n<p><img decoding=\"async\" style=\"margin-right: 12px;\" src=\"https:\/\/www.ferberpainting.com\/wp-content\/uploads\/2026\/02\/Check.svg\" alt=\"\" width=\"18\" height=\"15\" \/><strong>Ekonomi\u0161kas veikimas.<\/strong>\u00a0Granito impregnantas pasi\u017eymi puikia i\u0161eiga. Vos vienu litru produkto galima padengti ma\u017edaug 8-10 m\u00b2 pavir\u0161iaus, priklausomai nuo med\u017eiagos por\u0117tumo. 5 litr\u0173 talpa galima padengti iki 50 m\u00b2, tod\u0117l tai ekonomi\u0161kas sprendimas apsaugoti didelius plotus vienu u\u017etepimu.<\/p>\n<p><img decoding=\"async\" style=\"margin-right: 12px;\" src=\"https:\/\/www.ferberpainting.com\/wp-content\/uploads\/2026\/02\/Check.svg\" alt=\"\" width=\"18\" height=\"15\" \/><strong>Saugu.<\/strong>\u00a0\u0160is impregnantas sukurtas taip, kad b\u016bt\u0173 saugus, jame n\u0117ra toksi\u0161k\u0173 ar kenksming\u0173 med\u017eiag\u0173. J\u0105 galima saugiai naudoti net ir jautrioje aplinkoje, pavyzd\u017eiui, virtuv\u0117je ar lauke. Be to, jis neskleid\u017eia stipri\u0173 gar\u0173 ir nekelia pavojaus sveikatai, jei naudojamas pagal instrukcijas.<\/p>\n<p><img decoding=\"async\" style=\"margin-right: 12px;\" src=\"https:\/\/www.ferberpainting.com\/wp-content\/uploads\/2026\/02\/Check.svg\" alt=\"\" width=\"18\" height=\"15\" \/><strong>Lengva naudoti.<\/strong>\u00a0\u0160\u012f gamin\u012f labai lengva naudoti. Jis yra paruo\u0161tas naudoti, jo nereikia skiesti, tod\u0117l sutaupoma daug laiko. J\u012f galima tepti purk\u0161tuvu, teptuku arba voleliu. Jo skysta formul\u0117 leid\u017eia tolygiai tepti net ant nelygi\u0173 pavir\u0161i\u0173, u\u017etikrinant optimal\u0173 padengim\u0105 nepaliekant \u017eymi\u0173.<\/p>\n<p><img decoding=\"async\" style=\"margin-right: 12px;\" src=\"https:\/\/www.ferberpainting.com\/wp-content\/uploads\/2026\/02\/Check.svg\" alt=\"\" width=\"18\" height=\"15\" \/><strong>Patvarus.<\/strong>\u00a0Granito hidroizoliacijos priemon\u0117 yra ilgaam\u017e\u0117. U\u017etepta ji sudaro apsaugin\u012f sluoksn\u012f, atspar\u0173 oro s\u0105lygoms, ultravioletiniams spinduliams ir \u012fprastoms chemin\u0117ms med\u017eiagoms. Ji apsaugo pavir\u0161i\u0173 kelerius metus, tod\u0117l nereikia da\u017enai pakartotinai tepti. Jos patvarumas padeda i\u0161saugoti nat\u016brali\u0105 granito i\u0161vaizd\u0105 ir kartu suma\u017eina ilgalaik\u0117s prie\u017ei\u016bros i\u0161laidas.<\/p>\n<p><img decoding=\"async\" style=\"margin-right: 12px;\" src=\"https:\/\/www.ferberpainting.com\/wp-content\/uploads\/2026\/02\/Check.svg\" alt=\"\" width=\"18\" height=\"15\" \/><strong>Greitas d\u017eiovinimas.<\/strong>\u00a0\u0160is produktas ne tik veiksmingas, bet ir greitai d\u017ei\u016bsta. Priklausomai nuo klimato s\u0105lyg\u0173, jis i\u0161d\u017ei\u016bsta ma\u017edaug per 1-2 valandas. Ta\u010diau, norint u\u017etikrinti optimali\u0105 apsaug\u0105 ir visi\u0161k\u0105 \u012fsiskverbim\u0105 \u012f granit\u0105, rekomenduojame palaukti apie 24 valandas prie\u0161 veikiant pavir\u0161i\u0173 dr\u0117gme ar vandeniu. Toks greitas d\u017ei\u016bvimas leid\u017eia efektyviai tepti netrikdant \u012fprasto apdorot\u0173 pavir\u0161i\u0173 naudojimo.<\/p>\n<h2><strong>Naudojimo protokolas<\/strong><\/h2>\n<ul>\n<li><strong>Pavir\u0161iaus paruo\u0161imas <\/strong>: Prie\u0161 tepdami granito impregnant\u0105 \u012fsitikinkite, kad pavir\u0161ius yra \u0161varus ir sausas. Pavir\u0161i\u0173 valykite \u0161velniu plovikliu ir mink\u0161tu \u0161epet\u0117liu arba \u0161luoste. Pa\u0161alinkite visus ne\u0161varumus, dulkes, samanas ar pel\u0117sius. U\u017esispyrusioms d\u0117m\u0117ms valyti galima naudoti granitui skirt\u0105 valikl\u012f. Nuval\u0119 pavir\u0161i\u0173, prie\u0161 tepdami impregnant\u0105, leiskite jam visi\u0161kai i\u0161d\u017ei\u016bti.<\/li>\n<li><strong>Produkto taikymas <\/strong>: Vandeniui atspari priemon\u0117 yra paruo\u0161ta naudoti, jos nereikia skiesti. Tepkite purk\u0161tuvu, teptuku arba voleliu, priklausomai nuo pavir\u0161iaus dyd\u017eio. Nor\u0117dami tolygiai padengti, tepkite lengvais sluoksniais ir u\u017etikrinkite visi\u0161k\u0105 padengim\u0105. Ypa\u010d daug d\u0117mesio skirkite sand\u016broms ir kra\u0161tams, kurie da\u017enai yra labiausiai pa\u017eeid\u017eiami vandens prasiskverbimo. Tolygiai paskirstykite produkt\u0105, kad i\u0161vengtum\u0117te kaupimosi ir u\u017etikrintum\u0117te \u0161vari\u0105 apdail\u0105.<\/li>\n<li><strong>Naudotina suma <\/strong>: Vandeniui atsparios med\u017eiagos i\u0161eiga priklauso nuo granito por\u0117tumo. Vidutini\u0161kai 1 litras produkto padengia 8-10 m\u00b2. Priklausomai nuo pavir\u0161iaus b\u016bkl\u0117s, 5 litr\u0173 talpos pakanka apdoroti 40-50 m\u00b2. Jei dengiamas antras sluoksnis, produkto s\u0105naudos bus \u0161iek tiek didesn\u0117s.<\/li>\n<li><strong>D\u017ei\u016bvimo laikas <\/strong>: U\u017etepus produkt\u0105, jis i\u0161d\u017ei\u016bsta ma\u017edaug per 1-2 valandas. Ta\u010diau siekiant u\u017etikrinti optimali\u0105 apsaug\u0105 ir \u012fsiskverbim\u0105, rekomenduojama palaukti 24 valandas, kol pavir\u0161ius bus veikiamas vandens ar didel\u0117s dr\u0117gm\u0117s. \u0160is laikotarpis taip pat padeda padidinti apsaugos ilgaam\u017ei\u0161kum\u0105.<\/li>\n<li><strong>Pakartotin\u0117 parai\u0161ka <\/strong>: Atsi\u017evelgiant \u012f oro s\u0105lygas ir nat\u016bral\u0173 nusid\u0117v\u0117jim\u0105, granito impregnant\u0105 gali tekti pakartotinai tepti kas 2-5 metus. Tam dar kart\u0105 nuvalykite pavir\u0161i\u0173 ir u\u017etepkite nauj\u0105 hidroizoliacin\u0117s priemon\u0117s sluoksn\u012f. \u0160is pakartotinis padengimas u\u017etikrina nuolatin\u0119 apsaug\u0105 nuo dr\u0117gm\u0117s, d\u0117mi\u0173 ir purvo.<\/li>\n<li><strong>Apdoroto pavir\u0161iaus prie\u017ei\u016bra <\/strong>: Po apdorojimo granitas tampa atsparesnis d\u0117m\u0117ms ir vandeniui. \u012eprastiniam valymui pavir\u0161i\u0173 nuvalykite mink\u0161ta, neabrazyvine \u0161luoste arba kempine. Venkite a\u0161tri\u0173 chemini\u0173 med\u017eiag\u0173, kurios gali pa\u017eeisti apsaugin\u012f sluoksn\u012f. Apdoroto granito i\u0161vaizdai ir vientisumui i\u0161saugoti u\u017etenka papras\u010diausiai nuplauti drungnu vandeniu.<\/li>\n<\/ul>","protected":false},"excerpt":{"rendered":"<p>Exceptional protection for granite.\u00a0The granite waterproofer is specially formulated to provide optimal protection against moisture, water infiltration, and stains on granite surfaces. This product creates an invisible barrier that prevents water from penetrating while allowing the material to breathe, thereby preserving its appearance and structure. It is particularly suitable for outdoor surfaces such as driveways, [&hellip;]<\/p>\n","protected":false},"featured_media":36308,"comment_status":"open","ping_status":"closed","template":"","meta":{"_uag_custom_page_level_css":"","site-sidebar-layout":"default","site-content-layout":"","ast-site-content-layout":"default","site-content-style":"default","site-sidebar-style":"default","ast-global-header-display":"","ast-banner-title-visibility":"","ast-main-header-display":"","ast-hfb-above-header-display":"","ast-hfb-below-header-display":"","ast-hfb-mobile-header-display":"","site-post-title":"","ast-breadcrumbs-content":"","ast-featured-img":"","footer-sml-layout":"","ast-disable-related-posts":"","theme-transparent-header-meta":"default","adv-header-id-meta":"","stick-header-meta":"","header-above-stick-meta":"","header-main-stick-meta":"","header-below-stick-meta":"","astra-migrate-meta-layouts":"set","ast-page-background-enabled":"default","ast-page-background-meta":{"desktop":{"background-color":"var(--ast-global-color-4)","background-image":"","background-repeat":"repeat","background-position":"center center","background-size":"auto","background-attachment":"scroll","background-type":"","background-media":"","overlay-type":"","overlay-color":"","overlay-opacity":"","overlay-gradient":""},"tablet":{"background-color":"","background-image":"","background-repeat":"repeat","background-position":"center center","background-size":"auto","background-attachment":"scroll","background-type":"","background-media":"","overlay-type":"","overlay-color":"","overlay-opacity":"","overlay-gradient":""},"mobile":{"background-color":"","background-image":"","background-repeat":"repeat","background-position":"center center","background-size":"auto","background-attachment":"scroll","background-type":"","background-media":"","overlay-type":"","overlay-color":"","overlay-opacity":"","overlay-gradient":""}},"ast-content-background-meta":{"desktop":{"background-color":"var(--ast-global-color-5)","background-image":"","background-repeat":"repeat","background-position":"center center","background-size":"auto","background-attachment":"scroll","background-type":"","background-media":"","overlay-type":"","overlay-color":"","overlay-opacity":"","overlay-gradient":""},"tablet":{"background-color":"var(--ast-global-color-5)","background-image":"","background-repeat":"repeat","background-position":"center center","background-size":"auto","background-attachment":"scroll","background-type":"","background-media":"","overlay-type":"","overlay-color":"","overlay-opacity":"","overlay-gradient":""},"mobile":{"background-color":"var(--ast-global-color-5)","background-image":"","background-repeat":"repeat","background-position":"center center","background-size":"auto","background-attachment":"scroll","background-type":"","background-media":"","overlay-type":"","overlay-color":"","overlay-opacity":"","overlay-gradient":""}}},"product_brand":[],"product_cat":[191],"product_tag":[],"class_list":{"0":"post-23501","1":"product","2":"type-product","3":"status-publish","4":"has-post-thumbnail","6":"product_cat-water-repellent","7":"desktop-align-left","8":"tablet-align-left","9":"mobile-align-left","11":"first","12":"instock","13":"sale","14":"taxable","15":"shipping-taxable","16":"purchasable","17":"product-type-variable","18":"has-default-attributes"},"spectra_custom_meta":{"_visibility":["visible"],"_shopify_product_id":["9106657444085"],"_s2w_shopify_domain":["ferberpainting.myshopify.com"],"_shopify_variant_id":["46626410561781"],"_sku":[""],"_manage_stock":["no"],"total_sales":["57"],"_tax_status":["taxable"],"_tax_class":[""],"_backorders":["no"],"_sold_individually":["no"],"_virtual":["no"],"_downloadable":["no"],"_download_limit":["-1"],"_download_expiry":["-1"],"_stock":[null],"_stock_status":["instock"],"_wc_average_rating":["5.00"],"_wc_review_count":["36"],"_product_attributes":["a:1:{s:6:\"volume\";a:6:{s:4:\"name\";s:6:\"Volume\";s:5:\"value\";s:20:\"5 liters | 25 liters\";s:8:\"position\";i:1;s:10:\"is_visible\";i:0;s:12:\"is_variation\";i:1;s:11:\"is_taxonomy\";i:0;}}"],"_product_version":["10.5.1"],"wpse_downloadable_file_names":[""],"wpse_downloadable_file_urls":[""],"_edit_last":["1"],"_default_attributes":["a:1:{s:6:\"volume\";s:8:\"5 liters\";}"],"_edit_lock":["1771167149:1"],"_price":["29.90","129.90"],"merchant-center-availability":["yes"],"merchant-center-category":["503744"],"_thumbnail_id":["36308"],"_wp_page_template":["default"],"_wp_old_date":["2025-05-26"],"_product_image_gallery":["36309"],"site-sidebar-layout":["default"],"ast-site-content-layout":["default"],"site-content-style":["default"],"site-sidebar-style":["default"],"theme-transparent-header-meta":["default"],"_wc_rating_count":["a:1:{i:5;i:36;}"],"astra-migrate-meta-layouts":["set"],"_uag_css_file_name":["uag-css-23501.css"],"_elementor_page_assets":["a:0:{}"],"_uag_page_assets":["a:9:{s:3:\"css\";s:6873:\".wp-block-uagb-image{display:flex}.wp-block-uagb-image__figure{position:relative;display:flex;flex-direction:column;max-width:100%;height:auto;margin:0}.wp-block-uagb-image__figure img{height:auto;display:flex;max-width:100%;transition:box-shadow .2s ease}.wp-block-uagb-image__figure>a{display:inline-block}.wp-block-uagb-image__figure figcaption{text-align:center;margin-top:.5em;margin-bottom:1em}.wp-block-uagb-image .components-placeholder.block-editor-media-placeholder .components-placeholder__instructions{align-self:center}.wp-block-uagb-image--align-left{text-align:left}.wp-block-uagb-image--align-right{text-align:right}.wp-block-uagb-image--align-center{text-align:center}.wp-block-uagb-image--align-full .wp-block-uagb-image__figure{margin-left:calc(50% - 50vw);margin-right:calc(50% - 50vw);max-width:100vw;width:100vw;height:auto}.wp-block-uagb-image--align-full .wp-block-uagb-image__figure img{height:auto;width:100% !important}.wp-block-uagb-image--align-wide .wp-block-uagb-image__figure img{height:auto;width:100%}.wp-block-uagb-image--layout-overlay__color-wrapper{position:absolute;left:0;top:0;right:0;bottom:0;opacity:.2;background:rgba(0,0,0,.5);transition:opacity .35s ease-in-out}.wp-block-uagb-image--layout-overlay-link{position:absolute;left:0;right:0;bottom:0;top:0}.wp-block-uagb-image--layout-overlay .wp-block-uagb-image__figure:hover .wp-block-uagb-image--layout-overlay__color-wrapper{opacity:1}.wp-block-uagb-image--layout-overlay__inner{position:absolute;left:15px;right:15px;bottom:15px;top:15px;display:flex;align-items:center;justify-content:center;flex-direction:column;border-color:#fff;transition:.35s ease-in-out}.wp-block-uagb-image--layout-overlay__inner.top-left,.wp-block-uagb-image--layout-overlay__inner.top-center,.wp-block-uagb-image--layout-overlay__inner.top-right{justify-content:flex-start}.wp-block-uagb-image--layout-overlay__inner.bottom-left,.wp-block-uagb-image--layout-overlay__inner.bottom-center,.wp-block-uagb-image--layout-overlay__inner.bottom-right{justify-content:flex-end}.wp-block-uagb-image--layout-overlay__inner.top-left,.wp-block-uagb-image--layout-overlay__inner.center-left,.wp-block-uagb-image--layout-overlay__inner.bottom-left{align-items:flex-start}.wp-block-uagb-image--layout-overlay__inner.top-right,.wp-block-uagb-image--layout-overlay__inner.center-right,.wp-block-uagb-image--layout-overlay__inner.bottom-right{align-items:flex-end}.wp-block-uagb-image--layout-overlay__inner .uagb-image-heading{color:#fff;transition:transform .35s,opacity .35s ease-in-out;transform:translate3d(0, 24px, 0);margin:0;line-height:1em}.wp-block-uagb-image--layout-overlay__inner .uagb-image-separator{width:30%;border-top-width:2px;border-top-color:#fff;border-top-style:solid;margin-bottom:10px;opacity:0;transition:transform .4s,opacity .4s ease-in-out;transform:translate3d(0, 30px, 0)}.wp-block-uagb-image--layout-overlay__inner .uagb-image-caption{opacity:0;overflow:visible;color:#fff;transition:transform .45s,opacity .45s ease-in-out;transform:translate3d(0, 35px, 0)}.wp-block-uagb-image--layout-overlay__inner:hover .uagb-image-heading,.wp-block-uagb-image--layout-overlay__inner:hover .uagb-image-separator,.wp-block-uagb-image--layout-overlay__inner:hover .uagb-image-caption{opacity:1;transform:translate3d(0, 0, 0)}.wp-block-uagb-image--effect-zoomin .wp-block-uagb-image__figure img,.wp-block-uagb-image--effect-zoomin .wp-block-uagb-image__figure .wp-block-uagb-image--layout-overlay__color-wrapper{transform:scale(1);transition:transform .35s ease-in-out}.wp-block-uagb-image--effect-zoomin .wp-block-uagb-image__figure:hover img,.wp-block-uagb-image--effect-zoomin .wp-block-uagb-image__figure:hover .wp-block-uagb-image--layout-overlay__color-wrapper{transform:scale(1.05)}.wp-block-uagb-image--effect-slide .wp-block-uagb-image__figure img,.wp-block-uagb-image--effect-slide .wp-block-uagb-image__figure .wp-block-uagb-image--layout-overlay__color-wrapper{width:calc(100% + 40px) !important;max-width:none !important;transform:translate3d(-40px, 0, 0);transition:transform .35s ease-in-out}.wp-block-uagb-image--effect-slide .wp-block-uagb-image__figure:hover img,.wp-block-uagb-image--effect-slide .wp-block-uagb-image__figure:hover .wp-block-uagb-image--layout-overlay__color-wrapper{transform:translate3d(0, 0, 0)}.wp-block-uagb-image--effect-grayscale img{filter:grayscale(0%);transition:.35s ease-in-out}.wp-block-uagb-image--effect-grayscale:hover img{filter:grayscale(100%)}.wp-block-uagb-image--effect-blur img{filter:blur(0);transition:.35s ease-in-out}.wp-block-uagb-image--effect-blur:hover img{filter:blur(3px)}.uagb-block-e6f939b3.wp-block-uagb-image--layout-default figure img{box-shadow: 0px 0px 0 #00000070;}.uagb-block-e6f939b3.wp-block-uagb-image .wp-block-uagb-image__figure figcaption{font-style: normal;align-self: center;}.uagb-block-e6f939b3.wp-block-uagb-image--layout-overlay figure img{box-shadow: 0px 0px 0 #00000070;}.uagb-block-e6f939b3.wp-block-uagb-image--layout-overlay .wp-block-uagb-image--layout-overlay__color-wrapper{opacity: 0.2;}.uagb-block-e6f939b3.wp-block-uagb-image--layout-overlay .wp-block-uagb-image--layout-overlay__inner{left: 15px;right: 15px;top: 15px;bottom: 15px;}.uagb-block-e6f939b3.wp-block-uagb-image--layout-overlay .wp-block-uagb-image--layout-overlay__inner .uagb-image-heading{font-style: normal;color: #fff;opacity: 1;}.uagb-block-e6f939b3.wp-block-uagb-image--layout-overlay .wp-block-uagb-image--layout-overlay__inner .uagb-image-heading a{color: #fff;}.uagb-block-e6f939b3.wp-block-uagb-image--layout-overlay .wp-block-uagb-image--layout-overlay__inner .uagb-image-caption{opacity: 0;}.uagb-block-e6f939b3.wp-block-uagb-image--layout-overlay .wp-block-uagb-image__figure:hover .wp-block-uagb-image--layout-overlay__color-wrapper{opacity: 1;}.uagb-block-e6f939b3.wp-block-uagb-image .wp-block-uagb-image--layout-overlay__inner .uagb-image-separator{width: 30%;border-top-width: 2px;border-top-color: #fff;opacity: 0;}.uagb-block-e6f939b3.wp-block-uagb-image .wp-block-uagb-image__figure img{width: px;height: auto;}.uagb-block-e6f939b3.wp-block-uagb-image .wp-block-uagb-image__figure:hover .wp-block-uagb-image--layout-overlay__inner .uagb-image-caption{opacity: 1;}.uagb-block-e6f939b3.wp-block-uagb-image .wp-block-uagb-image__figure:hover .wp-block-uagb-image--layout-overlay__inner .uagb-image-separator{opacity: 1;}.uagb-block-e6f939b3.wp-block-uagb-image--layout-default figure:hover img{box-shadow: 0px 0px 0 #00000070;}.uagb-block-e6f939b3.wp-block-uagb-image--layout-overlay figure:hover img{box-shadow: 0px 0px 0 #00000070;}@media only screen and (max-width: 976px) {.uagb-block-e6f939b3.wp-block-uagb-image .wp-block-uagb-image__figure img{width: px;height: auto;}}@media only screen and (max-width: 767px) {.uagb-block-e6f939b3.wp-block-uagb-image .wp-block-uagb-image__figure img{width: px;height: auto;}}\";s:2:\"js\";s:0:\"\";s:18:\"current_block_list\";a:13:{i:0;s:11:\"core\/search\";i:1;s:10:\"core\/group\";i:2;s:12:\"core\/heading\";i:3;s:17:\"core\/latest-posts\";i:4;s:20:\"core\/latest-comments\";i:5;s:13:\"core\/archives\";i:6;s:15:\"core\/categories\";i:7;s:14:\"core\/paragraph\";i:8;s:10:\"uagb\/image\";i:9;s:11:\"core\/spacer\";i:10;s:30:\"woocommerce\/product-categories\";i:11;s:10:\"core\/image\";i:12;s:14:\"core\/shortcode\";}s:8:\"uag_flag\";b:1;s:11:\"uag_version\";s:10:\"1777262723\";s:6:\"gfonts\";a:0:{}s:10:\"gfonts_url\";s:0:\"\";s:12:\"gfonts_files\";a:0:{}s:14:\"uag_faq_layout\";b:0;}"]},"uagb_featured_image_src":{"full":["https:\/\/www.ferberpainting.com\/wp-content\/uploads\/2025\/05\/Granite-Water-Repellent-5L.png",2560,2560,false],"thumbnail":["https:\/\/www.ferberpainting.com\/wp-content\/uploads\/2025\/05\/Granite-Water-Repellent-5L-150x150.png",150,150,true],"medium":["https:\/\/www.ferberpainting.com\/wp-content\/uploads\/2025\/05\/Granite-Water-Repellent-5L-300x300.png",300,300,true],"medium_large":["https:\/\/www.ferberpainting.com\/wp-content\/uploads\/2025\/05\/Granite-Water-Repellent-5L-768x768.png",768,768,true],"large":["https:\/\/www.ferberpainting.com\/wp-content\/uploads\/2025\/05\/Granite-Water-Repellent-5L-1024x1024.png",1024,1024,true],"1536x1536":["https:\/\/www.ferberpainting.com\/wp-content\/uploads\/2025\/05\/Granite-Water-Repellent-5L-1536x1536.png",1536,1536,true],"2048x2048":["https:\/\/www.ferberpainting.com\/wp-content\/uploads\/2025\/05\/Granite-Water-Repellent-5L-2048x2048.png",2048,2048,true],"trp-custom-language-flag":["https:\/\/www.ferberpainting.com\/wp-content\/uploads\/2025\/05\/Granite-Water-Repellent-5L-12x12.png",12,12,true],"woocommerce_thumbnail":["https:\/\/www.ferberpainting.com\/wp-content\/uploads\/2025\/05\/Granite-Water-Repellent-5L-300x300.png",300,300,true],"woocommerce_single":["https:\/\/www.ferberpainting.com\/wp-content\/uploads\/2025\/05\/Granite-Water-Repellent-5L-600x600.png",600,600,true],"woocommerce_gallery_thumbnail":["https:\/\/www.ferberpainting.com\/wp-content\/uploads\/2025\/05\/Granite-Water-Repellent-5L-100x100.png",100,100,true]},"uagb_author_info":{"display_name":"admin","author_link":"https:\/\/www.ferberpainting.com\/lt\/author\/"},"uagb_comment_info":36,"uagb_excerpt":"Exceptional protection for granite.\u00a0The granite waterproofer is specially formulated to provide optimal protection against moisture, water infiltration, and stains on granite surfaces. This product creates an invisible barrier that prevents water from penetrating while allowing the material to breathe, thereby preserving its appearance and structure. It is particularly suitable for outdoor surfaces such as driveways,&hellip;","_links":{"self":[{"href":"https:\/\/www.ferberpainting.com\/lt\/wp-json\/wp\/v2\/product\/23501","targetHints":{"allow":["GET"]}}],"collection":[{"href":"https:\/\/www.ferberpainting.com\/lt\/wp-json\/wp\/v2\/product"}],"about":[{"href":"https:\/\/www.ferberpainting.com\/lt\/wp-json\/wp\/v2\/types\/product"}],"replies":[{"embeddable":true,"href":"https:\/\/www.ferberpainting.com\/lt\/wp-json\/wp\/v2\/comments?post=23501"}],"version-history":[{"count":5,"href":"https:\/\/www.ferberpainting.com\/lt\/wp-json\/wp\/v2\/product\/23501\/revisions"}],"predecessor-version":[{"id":166245,"href":"https:\/\/www.ferberpainting.com\/lt\/wp-json\/wp\/v2\/product\/23501\/revisions\/166245"}],"wp:featuredmedia":[{"embeddable":true,"href":"https:\/\/www.ferberpainting.com\/lt\/wp-json\/wp\/v2\/media\/36308"}],"wp:attachment":[{"href":"https:\/\/www.ferberpainting.com\/lt\/wp-json\/wp\/v2\/media?parent=23501"}],"wp:term":[{"taxonomy":"product_brand","embeddable":true,"href":"https:\/\/www.ferberpainting.com\/lt\/wp-json\/wp\/v2\/product_brand?post=23501"},{"taxonomy":"product_cat","embeddable":true,"href":"https:\/\/www.ferberpainting.com\/lt\/wp-json\/wp\/v2\/product_cat?post=23501"},{"taxonomy":"product_tag","embeddable":true,"href":"https:\/\/www.ferberpainting.com\/lt\/wp-json\/wp\/v2\/product_tag?post=23501"}],"curies":[{"name":"wp","href":"https:\/\/api.w.org\/{rel}","templated":true}]}}