{"id":23481,"date":"2025-05-26T10:24:22","date_gmt":"2025-05-26T08:24:22","guid":{"rendered":"https:\/\/www.ferberpainting.com\/products\/geranium-fertilizer\/"},"modified":"2026-02-15T14:19:28","modified_gmt":"2026-02-15T13:19:28","slug":"geranium-fertilizer","status":"publish","type":"product","link":"https:\/\/www.ferberpainting.com\/lt\/products\/geranium-fertilizer\/","title":{"rendered":"Pelargonij\u0173 tr\u0105\u0161os"},"content":{"rendered":"<p><img decoding=\"async\" style=\"margin-right: 12px;\" src=\"https:\/\/www.ferberpainting.com\/wp-content\/uploads\/2026\/02\/Check.svg\" alt=\"\" width=\"18\" height=\"15\" \/><strong>Specialiai sukurtos tr\u0105\u0161os akinan\u010diam \u017eyd\u0117jimui ir ve\u0161liai lapijai.<\/strong>\u00a0Pelargonijos yra svarb\u016bs augalai, kurie spalvingais \u017eiedais ir tankia lapija puo\u0161ia sodus, balkonus ir terasas. \u0160ios NPK 15-15-15 tr\u0105\u0161os sukurtos atsi\u017evelgiant \u012f specifinius pelargonij\u0173 poreikius: jose puikiai subalansuotas azoto (N) santykis, skatinantis tanki\u0105 ir gyvybing\u0105 lapij\u0105, fosforo (P) - stipriam \u0161akn\u0173 vystymuisi ir gausiam \u017eyd\u0117jimui, kalio (K) - atsparumui ligoms ir atsparumui klimato s\u0105lygoms. Efektyviai maitindamos pelargonijas, \u0161ios tr\u0105\u0161os u\u017etikrina energing\u0105 augim\u0105 ir ilgalaik\u012f \u017eyd\u0117jim\u0105.<\/p>\n<p><img decoding=\"async\" style=\"margin-right: 12px;\" src=\"https:\/\/www.ferberpainting.com\/wp-content\/uploads\/2026\/02\/Check.svg\" alt=\"\" width=\"18\" height=\"15\" \/><strong>Pinig\u0173 gr\u0105\u017einimo garantija.<\/strong>\u00a0Esame visi\u0161kai tikri d\u0117l savo tr\u0105\u0161\u0173 pelargonijoms veiksmingumo, tod\u0117l suteikiame pinig\u0173 gr\u0105\u017einimo garantij\u0105. Jei po naudojimo pagal rekomendacijas j\u016bs\u0173 pelargonij\u0173 augimas, \u017eyd\u0117jimas ar atsparumas pastebimai nepager\u0117s, mes \u012fsipareigojame gr\u0105\u017einti visus pinigus. Taigi galite pirkti visi\u0161kai ramiai ir pasitik\u0117dami savimi.<\/p>\n<p><img decoding=\"async\" style=\"margin-right: 12px;\" src=\"https:\/\/www.ferberpainting.com\/wp-content\/uploads\/2026\/02\/Check.svg\" alt=\"\" width=\"18\" height=\"15\" \/><strong>Tinka visoms veisl\u0117ms ir visoms auginimo s\u0105lygoms.<\/strong>\u00a0\u0160ios tr\u0105\u0161os idealiai tinka vis\u0173 veisli\u0173 pelargonijoms - zonin\u0117ms, geben\u0117ms, kvapiosioms pelargonijoms. Taip pat tinka augalams vazonuose, sodo lysv\u0117se, atvirame grunte, balkonuose ar \u0161iltnamiuose. Puikiai veikia vis\u0173 tip\u0173 substratuose, \u012fskaitant lengv\u0105, sm\u0117ling\u0105, humusing\u0105 ar kompostu praturtint\u0105 dirvo\u017eem\u012f, tod\u0117l u\u017etikrina optimal\u0173 tr\u0119\u0161im\u0105 nepriklausomai nuo auginimo b\u016bdo.<\/p>\n<p><img decoding=\"async\" style=\"margin-right: 12px;\" src=\"https:\/\/www.ferberpainting.com\/wp-content\/uploads\/2026\/02\/Check.svg\" alt=\"\" width=\"18\" height=\"15\" \/><strong>Ekonomi\u0161kas ir ilgalaikis tr\u0119\u0161imas.<\/strong>\u00a0D\u0117l koncentruotos skystos formul\u0117s i\u0161 5 litr\u0173 talpyklos galima paruo\u0161ti iki 1000 litr\u0173 tr\u0119\u0161iamojo tirpalo, o tai u\u017etikrina ilgalaik\u012f ir ekonomi\u0161k\u0105 naudojim\u0105. 5 ml doz\u0117 litrui vandens leid\u017eia optimaliai tr\u0119\u0161ti be atliek\u0173 ir maistini\u0173 med\u017eiag\u0173 pertekliaus. Jo geb\u0117jimas ilg\u0105 laik\u0105 maitinti pelargonijas suma\u017eina tr\u0119\u0161imo da\u017enum\u0105, kartu u\u017etikrinant reguliar\u0173 augim\u0105 ir akinant\u012f \u017eyd\u0117jim\u0105.<\/p>\n<p><img decoding=\"async\" style=\"margin-right: 12px;\" src=\"https:\/\/www.ferberpainting.com\/wp-content\/uploads\/2026\/02\/Check.svg\" alt=\"\" width=\"18\" height=\"15\" \/><strong>Saugi ir aplinkai nekenksminga tr\u0105\u0161a.<\/strong>\u00a0\u0160ios tr\u0105\u0161os pagamintos be agresyvi\u0173 chemini\u0173 produkt\u0173, tod\u0117l tausoja nat\u016brali\u0105 dirvo\u017eemio pusiausvyr\u0105 ir sodo biologin\u0119 \u012fvairov\u0119. Jos sud\u0117tyje n\u0117ra joki\u0173 kenksming\u0173 element\u0173, galin\u010di\u0173 pakeisti dirvo\u017eemio kokyb\u0119 ar paveikti aplinkin\u0119 faun\u0105 ir flor\u0105. Ji saugi naminiams gyv\u016bnams ir vaikams, tod\u0117l u\u017etikrina saug\u0173 sodo ir balkono tr\u0119\u0161im\u0105.<\/p>\n<p><img decoding=\"async\" style=\"margin-right: 12px;\" src=\"https:\/\/www.ferberpainting.com\/wp-content\/uploads\/2026\/02\/Check.svg\" alt=\"\" width=\"18\" height=\"15\" \/><strong>Lengvai tr\u0119\u0161iama, kad tr\u0119\u0161ti b\u016bt\u0173 lengva.<\/strong>\u00a0Skirtingai nuo kiet\u0173j\u0173 tr\u0105\u0161\u0173, kurias reikia kruop\u0161\u010diai i\u0161barstyti, \u0161ios tr\u0105\u0161os papras\u010diausiai praskied\u017eiamos vandeniu ir paskleid\u017eiamos laistant arba pur\u0161kiant lapus, tod\u0117l \u0161aknys ir lapai jas greitai ir tolygiai \u012fsisavina. D\u0117l paprasto naudojimo net pradedantieji sodininkai gali be vargo u\u017esiauginti sveikas pelargonijas.<\/p>\n<p><img decoding=\"async\" style=\"margin-right: 12px;\" src=\"https:\/\/www.ferberpainting.com\/wp-content\/uploads\/2026\/02\/Check.svg\" alt=\"\" width=\"18\" height=\"15\" \/><strong>I\u0161pl\u0117stas veikimas, u\u017etikrinantis nuolatin\u012f \u017eyd\u0117jim\u0105 ir geresn\u012f atsparum\u0105 ligoms.<\/strong>\u00a0D\u0117l laipsni\u0161ko maistini\u0173 med\u017eiag\u0173 i\u0161siskyrimo \u0161ios tr\u0105\u0161os maitina pelargonijas kelet\u0105 savai\u010di\u0173, tod\u0117l jos ilgai \u017eydi sodriomis spalvomis. Be to, ji sustiprina atsparum\u0105 tokioms ligoms kaip r\u016bdys ar miltlig\u0117 ir apsaugo nuo klimato s\u0105lyg\u0173, pavyzd\u017eiui, kar\u0161\u010dio ar v\u0117jo.<\/p>\n<p><img decoding=\"async\" style=\"margin-right: 12px;\" src=\"https:\/\/www.ferberpainting.com\/wp-content\/uploads\/2026\/02\/Check.svg\" alt=\"\" width=\"18\" height=\"15\" \/><strong>Matomi rezultatai jau po pirm\u0173j\u0173 savai\u010di\u0173.<\/strong>\u00a0\u0160ios tr\u0105\u0161os nuo pat pirm\u0173j\u0173 tr\u0119\u0161im\u0173 skatina nauj\u0173 \u016bgli\u0173 atsiradim\u0105, sustiprina \u017eied\u0173 spalv\u0105 ir padidina lapijos tankum\u0105. J\u016bs\u0173 pelargonijos greitai atgyja, tampa gyvybingesn\u0117s, gausiau \u017eydi ir atrodo dekoratyviau.<\/p>\n<h2><strong>Naudojimo protokolas<\/strong><\/h2>\n<ul>\n<li><strong>Tr\u0105\u0161\u0173 skiedimas <\/strong>: 1 litrui vandens sumai\u0161ykite 5 ml tr\u0105\u0161\u0173. Prie\u0161 kiekvien\u0105 tr\u0119\u0161im\u0105 tirpal\u0105 suplakite, kad maistin\u0117s med\u017eiagos pasiskirstyt\u0173 tolygiai.<\/li>\n<li><strong>Taikymo b\u016bdas<\/strong> :\n<ul>\n<li><strong>Laistant <\/strong>: Atskiest\u0105 tirpal\u0105 pilkite tiesiai ant pelargonij\u0173 pagrindo, stengdamiesi sudr\u0117kinti dirv\u0105 be pertekliaus, kad b\u016bt\u0173 i\u0161vengta maisto med\u017eiag\u0173 i\u0161plovimo.<\/li>\n<li><strong>Pur\u0161kiant ant lap\u0173<\/strong> : Anksti ryte arba v\u0117lai vakare lengvai u\u017epurk\u0161kite tirpalo ant lap\u0173 ir stieb\u0173, kad i\u0161vengtum\u0117te greito garavimo ir u\u017etikrintum\u0117te optimal\u0173 \u012fsisavinim\u0105.<\/li>\n<\/ul>\n<\/li>\n<li><strong>Taikymo da\u017enumas<\/strong> :\n<ul>\n<li><strong>Augimo ir \u017eyd\u0117jimo laikotarpiu (pavasar\u012f-vasar\u0105) <\/strong>: Tr\u0105\u0161as tr\u0119\u0161kite kas dvi savaites, kad u\u017etikrintum\u0117te nuolatin\u012f \u017eyd\u0117jim\u0105 ir gerai i\u0161sivys\u010diusi\u0105 lapij\u0105.<\/li>\n<li><strong>Ramyb\u0117s laikotarpiu (ruden\u012f-\u017eiem\u0105) <\/strong>: Suma\u017einkite da\u017enum\u0105 iki vieno karto per m\u0117nes\u012f, kad i\u0161laikytum\u0117te augal\u0173 gyvybingum\u0105, pernelyg nestimuliuodami augimo.<\/li>\n<\/ul>\n<\/li>\n<li><strong>Papildomas laistymas <\/strong>: Po tr\u0119\u0161imo palaukite 48 valandas, kol v\u0117l palaistysite, kad \u0161aknys kuo geriau \u012fsisavint\u0173 maisting\u0105sias med\u017eiagas.<\/li>\n<li><strong>Naudojimo atsargumo priemon\u0117s <\/strong>: Neperdozuokite tr\u0105\u0161\u0173, kad substrate nesusikaupt\u0173 per daug mineralini\u0173 drusk\u0173, kurios gali sul\u0117tinti pelargonij\u0173 augim\u0105. Tr\u0119\u0161kite tik \u0161iek tiek dr\u0117gn\u0105 dirvo\u017eem\u012f, kad u\u017etikrintum\u0117te optimal\u0173 maisto med\u017eiag\u0173 \u012fsisavinim\u0105.<\/li>\n<li><strong>Saugojimas ir konservavimas <\/strong>: Tr\u0105\u0161as laikykite sausoje, vidutinio klimato vietoje, apsaugotoje nuo \u0161viesos ir dr\u0117gm\u0117s. Po kiekvieno naudojimo visada sandariai u\u017edarykite talpykl\u0105, kad i\u0161saugotum\u0117te produkto veiksmingum\u0105 ir i\u0161vengtum\u0117te garavimo.<\/li>\n<\/ul>\n<p>Naudodami \u0161ias pelargonijoms skirtas tr\u0105\u0161as, suteikite savo augalams visapusi\u0161k\u0105 mityb\u0105, puikiai pritaikyt\u0105 prie j\u0173 specifini\u0173 poreiki\u0173, u\u017etikrinan\u010di\u0105 energing\u0105 augim\u0105, nuolatin\u012f \u017eyd\u0117jim\u0105 ir geresn\u012f atsparum\u0105 lauko s\u0105lygoms. Tai idealus sprendimas, pad\u0117siantis puo\u0161ti g\u0117lynus, vazonus ir balkonus \u0161vytin\u010diomis ir sveikomis pelargonijomis vis\u0105 sezon\u0105.<\/p>","protected":false},"excerpt":{"rendered":"<p>A fertilizer specially designed for dazzling blooming and lush foliage.\u00a0Geraniums are essential plants for beautifying gardens, balconies, and terraces with their colorful flowers and dense foliage. This NPK 15-15-15 fertilizer has been formulated to meet the specific needs of geraniums by providing them with a perfectly balanced ratio of nitrogen (N) to stimulate dense and [&hellip;]<\/p>\n","protected":false},"featured_media":26006,"comment_status":"open","ping_status":"closed","template":"","meta":{"_uag_custom_page_level_css":"","site-sidebar-layout":"default","site-content-layout":"","ast-site-content-layout":"default","site-content-style":"default","site-sidebar-style":"default","ast-global-header-display":"","ast-banner-title-visibility":"","ast-main-header-display":"","ast-hfb-above-header-display":"","ast-hfb-below-header-display":"","ast-hfb-mobile-header-display":"","site-post-title":"","ast-breadcrumbs-content":"","ast-featured-img":"","footer-sml-layout":"","ast-disable-related-posts":"","theme-transparent-header-meta":"default","adv-header-id-meta":"","stick-header-meta":"","header-above-stick-meta":"","header-main-stick-meta":"","header-below-stick-meta":"","astra-migrate-meta-layouts":"set","ast-page-background-enabled":"default","ast-page-background-meta":{"desktop":{"background-color":"var(--ast-global-color-4)","background-image":"","background-repeat":"repeat","background-position":"center center","background-size":"auto","background-attachment":"scroll","background-type":"","background-media":"","overlay-type":"","overlay-color":"","overlay-opacity":"","overlay-gradient":""},"tablet":{"background-color":"","background-image":"","background-repeat":"repeat","background-position":"center center","background-size":"auto","background-attachment":"scroll","background-type":"","background-media":"","overlay-type":"","overlay-color":"","overlay-opacity":"","overlay-gradient":""},"mobile":{"background-color":"","background-image":"","background-repeat":"repeat","background-position":"center center","background-size":"auto","background-attachment":"scroll","background-type":"","background-media":"","overlay-type":"","overlay-color":"","overlay-opacity":"","overlay-gradient":""}},"ast-content-background-meta":{"desktop":{"background-color":"var(--ast-global-color-5)","background-image":"","background-repeat":"repeat","background-position":"center center","background-size":"auto","background-attachment":"scroll","background-type":"","background-media":"","overlay-type":"","overlay-color":"","overlay-opacity":"","overlay-gradient":""},"tablet":{"background-color":"var(--ast-global-color-5)","background-image":"","background-repeat":"repeat","background-position":"center center","background-size":"auto","background-attachment":"scroll","background-type":"","background-media":"","overlay-type":"","overlay-color":"","overlay-opacity":"","overlay-gradient":""},"mobile":{"background-color":"var(--ast-global-color-5)","background-image":"","background-repeat":"repeat","background-position":"center center","background-size":"auto","background-attachment":"scroll","background-type":"","background-media":"","overlay-type":"","overlay-color":"","overlay-opacity":"","overlay-gradient":""}}},"product_brand":[],"product_cat":[178],"product_tag":[],"class_list":{"0":"post-23481","1":"product","2":"type-product","3":"status-publish","4":"has-post-thumbnail","6":"product_cat-fertilizers","7":"desktop-align-left","8":"tablet-align-left","9":"mobile-align-left","11":"first","12":"instock","13":"sale","14":"taxable","15":"shipping-taxable","16":"purchasable","17":"product-type-variable","18":"has-default-attributes"},"spectra_custom_meta":{"_visibility":["visible"],"_shopify_product_id":["9066898522357"],"_s2w_shopify_domain":["ferberpainting.myshopify.com"],"_shopify_variant_id":["46505231548661"],"_sku":[""],"_manage_stock":["no"],"total_sales":["9"],"_tax_status":["taxable"],"_tax_class":[""],"_backorders":["no"],"_sold_individually":["no"],"_virtual":["no"],"_downloadable":["no"],"_download_limit":["-1"],"_download_expiry":["-1"],"_stock":[null],"_stock_status":["instock"],"_wc_average_rating":["4.77"],"_wc_review_count":["13"],"_product_attributes":["a:1:{s:6:\"volume\";a:6:{s:4:\"name\";s:6:\"Volume\";s:5:\"value\";s:20:\"5 liters | 25 liters\";s:8:\"position\";i:1;s:10:\"is_visible\";i:0;s:12:\"is_variation\";i:1;s:11:\"is_taxonomy\";i:0;}}"],"_product_version":["10.5.1"],"_thumbnail_id":["26006"],"_product_image_gallery":["26007"],"wpse_downloadable_file_names":[""],"wpse_downloadable_file_urls":[""],"_edit_last":["1"],"_default_attributes":["a:1:{s:6:\"volume\";s:8:\"5 liters\";}"],"_wc_rating_count":["a:2:{i:4;i:3;i:5;i:10;}"],"_edit_lock":["1771161428:1"],"_price":["29.90","129.90"],"merchant-center-availability":["yes"],"merchant-center-category":["113"],"_wp_page_template":["default"],"site-sidebar-layout":["default"],"ast-site-content-layout":["default"],"site-content-style":["default"],"site-sidebar-style":["default"],"theme-transparent-header-meta":["default"],"astra-migrate-meta-layouts":["set"],"_uag_css_file_name":["uag-css-23481.css"],"_elementor_page_assets":["a:0:{}"],"_uag_page_assets":["a:9:{s:3:\"css\";s:7133:\".uag-blocks-common-selector{z-index:var(--z-index-desktop) !important}@media(max-width: 976px){.uag-blocks-common-selector{z-index:var(--z-index-tablet) !important}}@media(max-width: 767px){.uag-blocks-common-selector{z-index:var(--z-index-mobile) !important}}.wp-block-uagb-image{display:flex}.wp-block-uagb-image__figure{position:relative;display:flex;flex-direction:column;max-width:100%;height:auto;margin:0}.wp-block-uagb-image__figure img{height:auto;display:flex;max-width:100%;transition:box-shadow .2s ease}.wp-block-uagb-image__figure>a{display:inline-block}.wp-block-uagb-image__figure figcaption{text-align:center;margin-top:.5em;margin-bottom:1em}.wp-block-uagb-image .components-placeholder.block-editor-media-placeholder .components-placeholder__instructions{align-self:center}.wp-block-uagb-image--align-left{text-align:left}.wp-block-uagb-image--align-right{text-align:right}.wp-block-uagb-image--align-center{text-align:center}.wp-block-uagb-image--align-full .wp-block-uagb-image__figure{margin-left:calc(50% - 50vw);margin-right:calc(50% - 50vw);max-width:100vw;width:100vw;height:auto}.wp-block-uagb-image--align-full .wp-block-uagb-image__figure img{height:auto;width:100% !important}.wp-block-uagb-image--align-wide .wp-block-uagb-image__figure img{height:auto;width:100%}.wp-block-uagb-image--layout-overlay__color-wrapper{position:absolute;left:0;top:0;right:0;bottom:0;opacity:.2;background:rgba(0,0,0,.5);transition:opacity .35s ease-in-out}.wp-block-uagb-image--layout-overlay-link{position:absolute;left:0;right:0;bottom:0;top:0}.wp-block-uagb-image--layout-overlay .wp-block-uagb-image__figure:hover .wp-block-uagb-image--layout-overlay__color-wrapper{opacity:1}.wp-block-uagb-image--layout-overlay__inner{position:absolute;left:15px;right:15px;bottom:15px;top:15px;display:flex;align-items:center;justify-content:center;flex-direction:column;border-color:#fff;transition:.35s ease-in-out}.wp-block-uagb-image--layout-overlay__inner.top-left,.wp-block-uagb-image--layout-overlay__inner.top-center,.wp-block-uagb-image--layout-overlay__inner.top-right{justify-content:flex-start}.wp-block-uagb-image--layout-overlay__inner.bottom-left,.wp-block-uagb-image--layout-overlay__inner.bottom-center,.wp-block-uagb-image--layout-overlay__inner.bottom-right{justify-content:flex-end}.wp-block-uagb-image--layout-overlay__inner.top-left,.wp-block-uagb-image--layout-overlay__inner.center-left,.wp-block-uagb-image--layout-overlay__inner.bottom-left{align-items:flex-start}.wp-block-uagb-image--layout-overlay__inner.top-right,.wp-block-uagb-image--layout-overlay__inner.center-right,.wp-block-uagb-image--layout-overlay__inner.bottom-right{align-items:flex-end}.wp-block-uagb-image--layout-overlay__inner .uagb-image-heading{color:#fff;transition:transform .35s,opacity .35s ease-in-out;transform:translate3d(0, 24px, 0);margin:0;line-height:1em}.wp-block-uagb-image--layout-overlay__inner .uagb-image-separator{width:30%;border-top-width:2px;border-top-color:#fff;border-top-style:solid;margin-bottom:10px;opacity:0;transition:transform .4s,opacity .4s ease-in-out;transform:translate3d(0, 30px, 0)}.wp-block-uagb-image--layout-overlay__inner .uagb-image-caption{opacity:0;overflow:visible;color:#fff;transition:transform .45s,opacity .45s ease-in-out;transform:translate3d(0, 35px, 0)}.wp-block-uagb-image--layout-overlay__inner:hover .uagb-image-heading,.wp-block-uagb-image--layout-overlay__inner:hover .uagb-image-separator,.wp-block-uagb-image--layout-overlay__inner:hover .uagb-image-caption{opacity:1;transform:translate3d(0, 0, 0)}.wp-block-uagb-image--effect-zoomin .wp-block-uagb-image__figure img,.wp-block-uagb-image--effect-zoomin .wp-block-uagb-image__figure .wp-block-uagb-image--layout-overlay__color-wrapper{transform:scale(1);transition:transform .35s ease-in-out}.wp-block-uagb-image--effect-zoomin .wp-block-uagb-image__figure:hover img,.wp-block-uagb-image--effect-zoomin .wp-block-uagb-image__figure:hover .wp-block-uagb-image--layout-overlay__color-wrapper{transform:scale(1.05)}.wp-block-uagb-image--effect-slide .wp-block-uagb-image__figure img,.wp-block-uagb-image--effect-slide .wp-block-uagb-image__figure .wp-block-uagb-image--layout-overlay__color-wrapper{width:calc(100% + 40px) !important;max-width:none !important;transform:translate3d(-40px, 0, 0);transition:transform .35s ease-in-out}.wp-block-uagb-image--effect-slide .wp-block-uagb-image__figure:hover img,.wp-block-uagb-image--effect-slide .wp-block-uagb-image__figure:hover .wp-block-uagb-image--layout-overlay__color-wrapper{transform:translate3d(0, 0, 0)}.wp-block-uagb-image--effect-grayscale img{filter:grayscale(0%);transition:.35s ease-in-out}.wp-block-uagb-image--effect-grayscale:hover img{filter:grayscale(100%)}.wp-block-uagb-image--effect-blur img{filter:blur(0);transition:.35s ease-in-out}.wp-block-uagb-image--effect-blur:hover img{filter:blur(3px)}.uagb-block-e6f939b3.wp-block-uagb-image--layout-default figure img{box-shadow: 0px 0px 0 #00000070;}.uagb-block-e6f939b3.wp-block-uagb-image .wp-block-uagb-image__figure figcaption{font-style: normal;align-self: center;}.uagb-block-e6f939b3.wp-block-uagb-image--layout-overlay figure img{box-shadow: 0px 0px 0 #00000070;}.uagb-block-e6f939b3.wp-block-uagb-image--layout-overlay .wp-block-uagb-image--layout-overlay__color-wrapper{opacity: 0.2;}.uagb-block-e6f939b3.wp-block-uagb-image--layout-overlay .wp-block-uagb-image--layout-overlay__inner{left: 15px;right: 15px;top: 15px;bottom: 15px;}.uagb-block-e6f939b3.wp-block-uagb-image--layout-overlay .wp-block-uagb-image--layout-overlay__inner .uagb-image-heading{font-style: normal;color: #fff;opacity: 1;}.uagb-block-e6f939b3.wp-block-uagb-image--layout-overlay .wp-block-uagb-image--layout-overlay__inner .uagb-image-heading a{color: #fff;}.uagb-block-e6f939b3.wp-block-uagb-image--layout-overlay .wp-block-uagb-image--layout-overlay__inner .uagb-image-caption{opacity: 0;}.uagb-block-e6f939b3.wp-block-uagb-image--layout-overlay .wp-block-uagb-image__figure:hover .wp-block-uagb-image--layout-overlay__color-wrapper{opacity: 1;}.uagb-block-e6f939b3.wp-block-uagb-image .wp-block-uagb-image--layout-overlay__inner .uagb-image-separator{width: 30%;border-top-width: 2px;border-top-color: #fff;opacity: 0;}.uagb-block-e6f939b3.wp-block-uagb-image .wp-block-uagb-image__figure img{width: px;height: auto;}.uagb-block-e6f939b3.wp-block-uagb-image .wp-block-uagb-image__figure:hover .wp-block-uagb-image--layout-overlay__inner .uagb-image-caption{opacity: 1;}.uagb-block-e6f939b3.wp-block-uagb-image .wp-block-uagb-image__figure:hover .wp-block-uagb-image--layout-overlay__inner .uagb-image-separator{opacity: 1;}.uagb-block-e6f939b3.wp-block-uagb-image--layout-default figure:hover img{box-shadow: 0px 0px 0 #00000070;}.uagb-block-e6f939b3.wp-block-uagb-image--layout-overlay figure:hover img{box-shadow: 0px 0px 0 #00000070;}@media only screen and (max-width: 976px) {.uagb-block-e6f939b3.wp-block-uagb-image .wp-block-uagb-image__figure img{width: px;height: auto;}}@media only screen and (max-width: 767px) {.uagb-block-e6f939b3.wp-block-uagb-image .wp-block-uagb-image__figure img{width: px;height: auto;}}\";s:2:\"js\";s:0:\"\";s:18:\"current_block_list\";a:13:{i:0;s:11:\"core\/search\";i:1;s:10:\"core\/group\";i:2;s:12:\"core\/heading\";i:3;s:17:\"core\/latest-posts\";i:4;s:20:\"core\/latest-comments\";i:5;s:13:\"core\/archives\";i:6;s:15:\"core\/categories\";i:7;s:14:\"core\/paragraph\";i:8;s:10:\"uagb\/image\";i:9;s:11:\"core\/spacer\";i:10;s:30:\"woocommerce\/product-categories\";i:11;s:10:\"core\/image\";i:12;s:14:\"core\/shortcode\";}s:8:\"uag_flag\";b:1;s:11:\"uag_version\";s:10:\"1777376222\";s:6:\"gfonts\";a:0:{}s:10:\"gfonts_url\";s:0:\"\";s:12:\"gfonts_files\";a:0:{}s:14:\"uag_faq_layout\";b:0;}"]},"uagb_featured_image_src":{"full":["https:\/\/www.ferberpainting.com\/wp-content\/uploads\/2025\/05\/GeraniumFertilizer5L.png",2560,2560,false],"thumbnail":["https:\/\/www.ferberpainting.com\/wp-content\/uploads\/2025\/05\/GeraniumFertilizer5L-150x150.png",150,150,true],"medium":["https:\/\/www.ferberpainting.com\/wp-content\/uploads\/2025\/05\/GeraniumFertilizer5L-300x300.png",300,300,true],"medium_large":["https:\/\/www.ferberpainting.com\/wp-content\/uploads\/2025\/05\/GeraniumFertilizer5L-768x768.png",768,768,true],"large":["https:\/\/www.ferberpainting.com\/wp-content\/uploads\/2025\/05\/GeraniumFertilizer5L-1024x1024.png",1024,1024,true],"1536x1536":["https:\/\/www.ferberpainting.com\/wp-content\/uploads\/2025\/05\/GeraniumFertilizer5L-1536x1536.png",1536,1536,true],"2048x2048":["https:\/\/www.ferberpainting.com\/wp-content\/uploads\/2025\/05\/GeraniumFertilizer5L-2048x2048.png",2048,2048,true],"trp-custom-language-flag":["https:\/\/www.ferberpainting.com\/wp-content\/uploads\/2025\/05\/GeraniumFertilizer5L-12x12.png",12,12,true],"woocommerce_thumbnail":["https:\/\/www.ferberpainting.com\/wp-content\/uploads\/2025\/05\/GeraniumFertilizer5L-300x300.png",300,300,true],"woocommerce_single":["https:\/\/www.ferberpainting.com\/wp-content\/uploads\/2025\/05\/GeraniumFertilizer5L-600x600.png",600,600,true],"woocommerce_gallery_thumbnail":["https:\/\/www.ferberpainting.com\/wp-content\/uploads\/2025\/05\/GeraniumFertilizer5L-100x100.png",100,100,true]},"uagb_author_info":{"display_name":"admin","author_link":"https:\/\/www.ferberpainting.com\/lt\/author\/"},"uagb_comment_info":13,"uagb_excerpt":"A fertilizer specially designed for dazzling blooming and lush foliage.\u00a0Geraniums are essential plants for beautifying gardens, balconies, and terraces with their colorful flowers and dense foliage. This NPK 15-15-15 fertilizer has been formulated to meet the specific needs of geraniums by providing them with a perfectly balanced ratio of nitrogen (N) to stimulate dense and&hellip;","_links":{"self":[{"href":"https:\/\/www.ferberpainting.com\/lt\/wp-json\/wp\/v2\/product\/23481","targetHints":{"allow":["GET"]}}],"collection":[{"href":"https:\/\/www.ferberpainting.com\/lt\/wp-json\/wp\/v2\/product"}],"about":[{"href":"https:\/\/www.ferberpainting.com\/lt\/wp-json\/wp\/v2\/types\/product"}],"replies":[{"embeddable":true,"href":"https:\/\/www.ferberpainting.com\/lt\/wp-json\/wp\/v2\/comments?post=23481"}],"version-history":[{"count":5,"href":"https:\/\/www.ferberpainting.com\/lt\/wp-json\/wp\/v2\/product\/23481\/revisions"}],"predecessor-version":[{"id":166173,"href":"https:\/\/www.ferberpainting.com\/lt\/wp-json\/wp\/v2\/product\/23481\/revisions\/166173"}],"wp:featuredmedia":[{"embeddable":true,"href":"https:\/\/www.ferberpainting.com\/lt\/wp-json\/wp\/v2\/media\/26006"}],"wp:attachment":[{"href":"https:\/\/www.ferberpainting.com\/lt\/wp-json\/wp\/v2\/media?parent=23481"}],"wp:term":[{"taxonomy":"product_brand","embeddable":true,"href":"https:\/\/www.ferberpainting.com\/lt\/wp-json\/wp\/v2\/product_brand?post=23481"},{"taxonomy":"product_cat","embeddable":true,"href":"https:\/\/www.ferberpainting.com\/lt\/wp-json\/wp\/v2\/product_cat?post=23481"},{"taxonomy":"product_tag","embeddable":true,"href":"https:\/\/www.ferberpainting.com\/lt\/wp-json\/wp\/v2\/product_tag?post=23481"}],"curies":[{"name":"wp","href":"https:\/\/api.w.org\/{rel}","templated":true}]}}