{"id":23462,"date":"2025-05-26T10:24:13","date_gmt":"2025-05-26T08:24:13","guid":{"rendered":"https:\/\/www.ferberpainting.com\/products\/flower-fertilizer\/"},"modified":"2026-02-15T14:13:14","modified_gmt":"2026-02-15T13:13:14","slug":"flower-fertilizer","status":"publish","type":"product","link":"https:\/\/www.ferberpainting.com\/lt\/products\/flower-fertilizer\/","title":{"rendered":"G\u0117li\u0173 tr\u0105\u0161os"},"content":{"rendered":"<p><img decoding=\"async\" style=\"margin-right: 12px;\" src=\"https:\/\/www.ferberpainting.com\/wp-content\/uploads\/2026\/02\/Check.svg\" alt=\"\" width=\"18\" height=\"15\" \/><strong>Visapusi\u0161kos tr\u0105\u0161os gyvybingiems ir ilgai \u017eydintiems augalams.<\/strong>\u00a0G\u0117li\u0173 tr\u0105\u0161os specialiai sukurtos vis\u0173 \u017eydin\u010di\u0173 augal\u0173 augimui ir \u017eyd\u0117jimui skatinti. D\u0117l subalansuotos NPK 15-15-15 formul\u0117s j\u016bs\u0173 augalams suteikiama b\u016btin\u0173 maistini\u0173 med\u017eiag\u0173, kad jie optimaliai vystyt\u0173si, gausiai \u017eyd\u0117t\u0173 ir tur\u0117t\u0173 ry\u0161kias spalvas. Nesvarbu, ar tai b\u016bt\u0173 vienme\u010diai, ar daugiame\u010diai augalai, ar vazonuose, ar atvirame grunte, \u0161ios tr\u0105\u0161os u\u017etikrina ilgalaik\u012f \u017eyd\u0117jim\u0105 ir sustiprina augal\u0173 sveikat\u0105.<\/p>\n<p><img decoding=\"async\" style=\"margin-right: 12px;\" src=\"https:\/\/www.ferberpainting.com\/wp-content\/uploads\/2026\/02\/Check.svg\" alt=\"\" width=\"18\" height=\"15\" \/><strong>Pinig\u0173 gr\u0105\u017einimo garantija.<\/strong>\u00a0Mes visi\u0161kai pasitikime savo g\u0117li\u0173 tr\u0105\u0161\u0173 veiksmingumu. Taigi, jei, nepaisant tinkamo naudojimo, nepasteb\u0117site jokio matomo augal\u0173 pager\u0117jimo, jums bus gr\u0105\u017einti visi pinigai be joki\u0173 klausim\u0173.<\/p>\n<p><img decoding=\"async\" style=\"margin-right: 12px;\" src=\"https:\/\/www.ferberpainting.com\/wp-content\/uploads\/2026\/02\/Check.svg\" alt=\"\" width=\"18\" height=\"15\" \/><strong>Suderinamas su vis\u0173 tip\u0173 dirvo\u017eemiu ir auginimo terp\u0117mis.<\/strong>\u00a0\u0160ios tr\u0105\u0161os yra universalios ir veiksmingos \u012fvairiuose substratuose, \u012fskaitant molio, sm\u0117lio, kalki\u0173 ir humuso turting\u0105 dirvo\u017eem\u012f. Taip pat tinka sodininkystei konteineriuose, vazonuose, sodo lysv\u0117se, atvirame grunte ir net hidroponikoje. Jo poveikis optimalus vis\u0173 r\u016b\u0161i\u0173 g\u0117l\u0117ms, auginamoms kambaryje, lauke ar \u0161iltnamyje.<\/p>\n<p><img decoding=\"async\" style=\"margin-right: 12px;\" src=\"https:\/\/www.ferberpainting.com\/wp-content\/uploads\/2026\/02\/Check.svg\" alt=\"\" width=\"18\" height=\"15\" \/><strong>I\u0161skirtinis derlingumas ir ekonomi\u0161kumas.<\/strong>\u00a0D\u0117l labai koncentruotos formul\u0117s, vos i\u0161 5 ml tr\u0105\u0161\u0173 galima paruo\u0161ti iki 1000 litr\u0173 maitinamojo tirpalo, kurio u\u017etenka daugeliui augal\u0173. Veiksmingam tr\u0119\u0161imui pakanka tik 5 ml praskiest\u0173 tr\u0105\u0161\u0173 1 litrui vandens, u\u017etikrinant ilgalaik\u012f naudojim\u0105 ir puik\u0173 kainos ir kokyb\u0117s santyk\u012f.<\/p>\n<p><img decoding=\"async\" style=\"margin-right: 12px;\" src=\"https:\/\/www.ferberpainting.com\/wp-content\/uploads\/2026\/02\/Check.svg\" alt=\"\" width=\"18\" height=\"15\" \/><strong>Ekologi\u0161kos ir saugios tr\u0105\u0161os.<\/strong>\u00a0\u0160iose tr\u0105\u0161ose n\u0117ra kenksming\u0173 pried\u0173, jos yra 100% biologi\u0161kai skaid\u017eios ir netoksi\u0161kos. Ji neter\u0161ia dirvo\u017eemio, po\u017eeminio vandens ir oro, tod\u0117l yra idealus pasirinkimas ekologi\u0161kai s\u0105moningai ir atsakingai kult\u016brai. Be to, ji skatina nauding\u0173 dirvo\u017eemio mikroorganizm\u0173 veikl\u0105, gerina dirvo\u017eemio strukt\u016br\u0105 ir didina maisto med\u017eiag\u0173 \u012fsisavinim\u0105 augaluose.<\/p>\n<p><img decoding=\"async\" style=\"margin-right: 12px;\" src=\"https:\/\/www.ferberpainting.com\/wp-content\/uploads\/2026\/02\/Check.svg\" alt=\"\" width=\"18\" height=\"15\" \/><strong>Skubus poveikis ir optimalus \u012fsisavinimas.<\/strong>\u00a0Nesvarbu, ar j\u016bs\u0173 augalai sunkiai \u012fsisavina maisting\u0105sias med\u017eiagas d\u0117l \u0161akn\u0173 pa\u017eeidim\u0173, ar d\u0117l prast\u0173 dirvo\u017eemio s\u0105lyg\u0173, \u0161ios skystos tr\u0105\u0161os i\u0161 karto i\u0161tirpsta vandenyje, tod\u0117l augalai jas tolygiai paskirsto ir greitai \u012fsisavina. J\u0105 lengva pamatuoti, n\u0117ra rizikos perdozuoti ar pakenkti naudotojui.<\/p>\n<p><img decoding=\"async\" style=\"margin-right: 12px;\" src=\"https:\/\/www.ferberpainting.com\/wp-content\/uploads\/2026\/02\/Check.svg\" alt=\"\" width=\"18\" height=\"15\" \/><strong>Laipsni\u0161kas veikimas ir ilgalaikis poveikis.<\/strong>\u00a0D\u0117l subalansuotos sud\u0117ties \u0161ios tr\u0105\u0161os palaipsniui i\u0161skiria pagrindines maistines med\u017eiagas, tod\u0117l u\u017etikrina nuolatin\u012f augim\u0105 ir ilgesn\u012f \u017eyd\u0117jim\u0105. Jos padeda augalams apsisaugoti nuo lig\u0173, kenk\u0117j\u0173 ir nepalanki\u0173 klimato s\u0105lyg\u0173, u\u017etikrina tvirt\u0105 ir gyvybing\u0105 \u017eyd\u0117jim\u0105 vis\u0105 sezon\u0105.<\/p>\n<p><img decoding=\"async\" style=\"margin-right: 12px;\" src=\"https:\/\/www.ferberpainting.com\/wp-content\/uploads\/2026\/02\/Check.svg\" alt=\"\" width=\"18\" height=\"15\" \/><strong>Matomi rezultatai jau po keli\u0173 dien\u0173.<\/strong>\u00a0Jau po pirmojo pur\u0161kimo augalai \u012fgauna intensyvesnes spalvas, tampa gyvybingesni ir harmoningai auga. Azotas skatina subalansuot\u0105 lap\u0173 augim\u0105, fosforas - nauj\u0173 \u017eiedini\u0173 pumpur\u0173 formavim\u0105si, o kalis - atsparum\u0105 ir \u017eied\u0173 kokyb\u0119.<\/p>\n<p><img decoding=\"async\" style=\"margin-right: 12px;\" src=\"https:\/\/www.ferberpainting.com\/wp-content\/uploads\/2026\/02\/Check.svg\" alt=\"\" width=\"18\" height=\"15\" \/><strong>Tinka visiems \u017eydintiems augalams.<\/strong>\u00a0\u0160ios tr\u0105\u0161os idealiai tinka ro\u017e\u0117ms, pelargonijoms, begonijoms, jurginams, petunijoms, orchid\u0117joms, levandoms, hibiskams, lelijoms ir visiems \u017eydintiems augalams, auginamiems kambaryje, balkone ar sode. Jis taip pat tinka tropiniams augalams, skintoms g\u0117l\u0117ms ir ilgai \u017eydintiems kr\u016bmams.<\/p>\n<h2><strong>Naudojimo protokolas<\/strong><\/h2>\n<ul>\n<li><strong>Parai\u0161k\u0173 teikimo laikotarpis <\/strong>: Pavasar\u012f tr\u0119\u0161kite iki vasaros pabaigos - tai idealus laikotarpis \u017eyd\u0117jimui skatinti. Kambarinius ir \u017eiem\u0105 \u017eydin\u010dius augalus rekomenduojama tr\u0119\u0161ti i\u0161tisus metus.<\/li>\n<li><strong>Tirpalo paruo\u0161imas <\/strong>: Kad gautum\u0117te veiksming\u0105 ir subalansuot\u0105 maistini\u0173 med\u017eiag\u0173 tirpal\u0105, 5 ml tr\u0105\u0161\u0173 praskieskite 1 litre vandens.<\/li>\n<li><strong>Taikymo metodai <\/strong>:\n<ul>\n<li><strong>Dirvos laistymas <\/strong>: U\u017epilkite maitinam\u0105j\u012f tirpal\u0105 tiesiai ant dirvo\u017eemio arba substrato, stengdamiesi neliesti g\u0117li\u0173.<\/li>\n<li><strong>Pur\u0161kimas ant lap\u0173 <\/strong>: Lengvai purk\u0161kite ant lap\u0173, taip skatinsite greit\u0105 maisting\u0173j\u0173 med\u017eiag\u0173 \u012fsisavinim\u0105.<\/li>\n<\/ul>\n<\/li>\n<li><strong>Taikymo da\u017enumas <\/strong>:\n<ul>\n<li><strong>\u017dydintys augalai <\/strong>: Kad nuolat \u017eyd\u0117t\u0173, purk\u0161kite kas 10-15 dien\u0173.<\/li>\n<li><strong>Technin\u0117s prie\u017ei\u016bros augalai<\/strong>: Tr\u0119\u0161kite kas 3 savaites, kad i\u0161saugotum\u0117te gyvybingum\u0105 ir \u017eied\u0173 gro\u017e\u012f.<\/li>\n<\/ul>\n<\/li>\n<li><strong>Naudojimo atsargumo priemon\u0117s <\/strong>:\n<ul>\n<li>Kad maistin\u0117s med\u017eiagos per daug nei\u0161garuot\u0173, venkite tr\u0119\u0161ti pilnoje saul\u0117je arba per kar\u0161\u010dius.<\/li>\n<li>Neperdozuokite, nes per didelis tr\u0105\u0161\u0173 kiekis gali paskatinti per didel\u012f lapijos augim\u0105 \u017eied\u0173 s\u0105skaita.<\/li>\n<\/ul>\n<\/li>\n<\/ul>\n<p>Naudodami m\u016bs\u0173 g\u0117li\u0173 tr\u0105\u0161as, suteikite savo augalams i\u0161skirtin\u012f, ilgalaik\u012f ir spindint\u012f \u017eyd\u0117jim\u0105 i\u0161tisus metus.<\/p>","protected":false},"excerpt":{"rendered":"<p>A complete fertilizer for vibrant and long-lasting blooms.\u00a0The flower fertilizer is specially designed to stimulate the growth and blooming of all flowering plants. Thanks to its balanced NPK 15-15-15 formula, it provides your plants with the essential nutrients for optimal development, abundant flowering and vibrant colors. Whether for annuals, perennials, in pots or in open [&hellip;]<\/p>\n","protected":false},"featured_media":25990,"comment_status":"open","ping_status":"closed","template":"","meta":{"_uag_custom_page_level_css":"","site-sidebar-layout":"default","site-content-layout":"","ast-site-content-layout":"default","site-content-style":"default","site-sidebar-style":"default","ast-global-header-display":"","ast-banner-title-visibility":"","ast-main-header-display":"","ast-hfb-above-header-display":"","ast-hfb-below-header-display":"","ast-hfb-mobile-header-display":"","site-post-title":"","ast-breadcrumbs-content":"","ast-featured-img":"","footer-sml-layout":"","ast-disable-related-posts":"","theme-transparent-header-meta":"default","adv-header-id-meta":"","stick-header-meta":"","header-above-stick-meta":"","header-main-stick-meta":"","header-below-stick-meta":"","astra-migrate-meta-layouts":"set","ast-page-background-enabled":"default","ast-page-background-meta":{"desktop":{"background-color":"var(--ast-global-color-4)","background-image":"","background-repeat":"repeat","background-position":"center center","background-size":"auto","background-attachment":"scroll","background-type":"","background-media":"","overlay-type":"","overlay-color":"","overlay-opacity":"","overlay-gradient":""},"tablet":{"background-color":"","background-image":"","background-repeat":"repeat","background-position":"center center","background-size":"auto","background-attachment":"scroll","background-type":"","background-media":"","overlay-type":"","overlay-color":"","overlay-opacity":"","overlay-gradient":""},"mobile":{"background-color":"","background-image":"","background-repeat":"repeat","background-position":"center center","background-size":"auto","background-attachment":"scroll","background-type":"","background-media":"","overlay-type":"","overlay-color":"","overlay-opacity":"","overlay-gradient":""}},"ast-content-background-meta":{"desktop":{"background-color":"var(--ast-global-color-5)","background-image":"","background-repeat":"repeat","background-position":"center center","background-size":"auto","background-attachment":"scroll","background-type":"","background-media":"","overlay-type":"","overlay-color":"","overlay-opacity":"","overlay-gradient":""},"tablet":{"background-color":"var(--ast-global-color-5)","background-image":"","background-repeat":"repeat","background-position":"center center","background-size":"auto","background-attachment":"scroll","background-type":"","background-media":"","overlay-type":"","overlay-color":"","overlay-opacity":"","overlay-gradient":""},"mobile":{"background-color":"var(--ast-global-color-5)","background-image":"","background-repeat":"repeat","background-position":"center center","background-size":"auto","background-attachment":"scroll","background-type":"","background-media":"","overlay-type":"","overlay-color":"","overlay-opacity":"","overlay-gradient":""}}},"product_brand":[],"product_cat":[178],"product_tag":[],"class_list":{"0":"post-23462","1":"product","2":"type-product","3":"status-publish","4":"has-post-thumbnail","6":"product_cat-fertilizers","7":"desktop-align-left","8":"tablet-align-left","9":"mobile-align-left","11":"first","12":"instock","13":"sale","14":"shipping-taxable","15":"purchasable","16":"product-type-variable","17":"has-default-attributes"},"spectra_custom_meta":{"_visibility":["visible"],"_shopify_product_id":["9077333065973"],"_s2w_shopify_domain":["ferberpainting.myshopify.com"],"_shopify_variant_id":["46537953870069"],"_sku":[""],"_manage_stock":["no"],"total_sales":["5"],"_tax_status":["taxable"],"_tax_class":[""],"_backorders":["no"],"_sold_individually":["no"],"_virtual":["no"],"_downloadable":["no"],"_download_limit":["-1"],"_download_expiry":["-1"],"_stock":[null],"_stock_status":["instock"],"_wc_average_rating":["4.71"],"_wc_review_count":["7"],"_product_attributes":["a:1:{s:6:\"volume\";a:6:{s:4:\"name\";s:6:\"Volume\";s:5:\"value\";s:20:\"5 liters | 25 liters\";s:8:\"position\";i:1;s:10:\"is_visible\";i:0;s:12:\"is_variation\";i:1;s:11:\"is_taxonomy\";i:0;}}"],"_product_version":["10.5.1"],"_thumbnail_id":["25990"],"_product_image_gallery":["25991"],"wpse_downloadable_file_names":[""],"wpse_downloadable_file_urls":[""],"_edit_last":["1"],"_default_attributes":["a:1:{s:6:\"volume\";s:8:\"5 liters\";}"],"_edit_lock":["1771161053:1"],"merchant-center-availability":["yes"],"merchant-center-category":["113"],"_price":["29.90","129.90"],"_wp_page_template":["default"],"site-sidebar-layout":["default"],"ast-site-content-layout":["default"],"site-content-style":["default"],"site-sidebar-style":["default"],"theme-transparent-header-meta":["default"],"_wc_rating_count":["a:2:{i:4;i:2;i:5;i:5;}"],"astra-migrate-meta-layouts":["set"],"_uag_css_file_name":["uag-css-23462.css"],"_elementor_page_assets":["a:0:{}"],"_uag_page_assets":["a:9:{s:3:\"css\";s:7133:\".uag-blocks-common-selector{z-index:var(--z-index-desktop) !important}@media(max-width: 976px){.uag-blocks-common-selector{z-index:var(--z-index-tablet) !important}}@media(max-width: 767px){.uag-blocks-common-selector{z-index:var(--z-index-mobile) !important}}.wp-block-uagb-image{display:flex}.wp-block-uagb-image__figure{position:relative;display:flex;flex-direction:column;max-width:100%;height:auto;margin:0}.wp-block-uagb-image__figure img{height:auto;display:flex;max-width:100%;transition:box-shadow .2s ease}.wp-block-uagb-image__figure>a{display:inline-block}.wp-block-uagb-image__figure figcaption{text-align:center;margin-top:.5em;margin-bottom:1em}.wp-block-uagb-image .components-placeholder.block-editor-media-placeholder .components-placeholder__instructions{align-self:center}.wp-block-uagb-image--align-left{text-align:left}.wp-block-uagb-image--align-right{text-align:right}.wp-block-uagb-image--align-center{text-align:center}.wp-block-uagb-image--align-full .wp-block-uagb-image__figure{margin-left:calc(50% - 50vw);margin-right:calc(50% - 50vw);max-width:100vw;width:100vw;height:auto}.wp-block-uagb-image--align-full .wp-block-uagb-image__figure img{height:auto;width:100% !important}.wp-block-uagb-image--align-wide .wp-block-uagb-image__figure img{height:auto;width:100%}.wp-block-uagb-image--layout-overlay__color-wrapper{position:absolute;left:0;top:0;right:0;bottom:0;opacity:.2;background:rgba(0,0,0,.5);transition:opacity .35s ease-in-out}.wp-block-uagb-image--layout-overlay-link{position:absolute;left:0;right:0;bottom:0;top:0}.wp-block-uagb-image--layout-overlay .wp-block-uagb-image__figure:hover .wp-block-uagb-image--layout-overlay__color-wrapper{opacity:1}.wp-block-uagb-image--layout-overlay__inner{position:absolute;left:15px;right:15px;bottom:15px;top:15px;display:flex;align-items:center;justify-content:center;flex-direction:column;border-color:#fff;transition:.35s ease-in-out}.wp-block-uagb-image--layout-overlay__inner.top-left,.wp-block-uagb-image--layout-overlay__inner.top-center,.wp-block-uagb-image--layout-overlay__inner.top-right{justify-content:flex-start}.wp-block-uagb-image--layout-overlay__inner.bottom-left,.wp-block-uagb-image--layout-overlay__inner.bottom-center,.wp-block-uagb-image--layout-overlay__inner.bottom-right{justify-content:flex-end}.wp-block-uagb-image--layout-overlay__inner.top-left,.wp-block-uagb-image--layout-overlay__inner.center-left,.wp-block-uagb-image--layout-overlay__inner.bottom-left{align-items:flex-start}.wp-block-uagb-image--layout-overlay__inner.top-right,.wp-block-uagb-image--layout-overlay__inner.center-right,.wp-block-uagb-image--layout-overlay__inner.bottom-right{align-items:flex-end}.wp-block-uagb-image--layout-overlay__inner .uagb-image-heading{color:#fff;transition:transform .35s,opacity .35s ease-in-out;transform:translate3d(0, 24px, 0);margin:0;line-height:1em}.wp-block-uagb-image--layout-overlay__inner .uagb-image-separator{width:30%;border-top-width:2px;border-top-color:#fff;border-top-style:solid;margin-bottom:10px;opacity:0;transition:transform .4s,opacity .4s ease-in-out;transform:translate3d(0, 30px, 0)}.wp-block-uagb-image--layout-overlay__inner .uagb-image-caption{opacity:0;overflow:visible;color:#fff;transition:transform .45s,opacity .45s ease-in-out;transform:translate3d(0, 35px, 0)}.wp-block-uagb-image--layout-overlay__inner:hover .uagb-image-heading,.wp-block-uagb-image--layout-overlay__inner:hover .uagb-image-separator,.wp-block-uagb-image--layout-overlay__inner:hover .uagb-image-caption{opacity:1;transform:translate3d(0, 0, 0)}.wp-block-uagb-image--effect-zoomin .wp-block-uagb-image__figure img,.wp-block-uagb-image--effect-zoomin .wp-block-uagb-image__figure .wp-block-uagb-image--layout-overlay__color-wrapper{transform:scale(1);transition:transform .35s ease-in-out}.wp-block-uagb-image--effect-zoomin .wp-block-uagb-image__figure:hover img,.wp-block-uagb-image--effect-zoomin .wp-block-uagb-image__figure:hover .wp-block-uagb-image--layout-overlay__color-wrapper{transform:scale(1.05)}.wp-block-uagb-image--effect-slide .wp-block-uagb-image__figure img,.wp-block-uagb-image--effect-slide .wp-block-uagb-image__figure .wp-block-uagb-image--layout-overlay__color-wrapper{width:calc(100% + 40px) !important;max-width:none !important;transform:translate3d(-40px, 0, 0);transition:transform .35s ease-in-out}.wp-block-uagb-image--effect-slide .wp-block-uagb-image__figure:hover img,.wp-block-uagb-image--effect-slide .wp-block-uagb-image__figure:hover .wp-block-uagb-image--layout-overlay__color-wrapper{transform:translate3d(0, 0, 0)}.wp-block-uagb-image--effect-grayscale img{filter:grayscale(0%);transition:.35s ease-in-out}.wp-block-uagb-image--effect-grayscale:hover img{filter:grayscale(100%)}.wp-block-uagb-image--effect-blur img{filter:blur(0);transition:.35s ease-in-out}.wp-block-uagb-image--effect-blur:hover img{filter:blur(3px)}.uagb-block-e6f939b3.wp-block-uagb-image--layout-default figure img{box-shadow: 0px 0px 0 #00000070;}.uagb-block-e6f939b3.wp-block-uagb-image .wp-block-uagb-image__figure figcaption{font-style: normal;align-self: center;}.uagb-block-e6f939b3.wp-block-uagb-image--layout-overlay figure img{box-shadow: 0px 0px 0 #00000070;}.uagb-block-e6f939b3.wp-block-uagb-image--layout-overlay .wp-block-uagb-image--layout-overlay__color-wrapper{opacity: 0.2;}.uagb-block-e6f939b3.wp-block-uagb-image--layout-overlay .wp-block-uagb-image--layout-overlay__inner{left: 15px;right: 15px;top: 15px;bottom: 15px;}.uagb-block-e6f939b3.wp-block-uagb-image--layout-overlay .wp-block-uagb-image--layout-overlay__inner .uagb-image-heading{font-style: normal;color: #fff;opacity: 1;}.uagb-block-e6f939b3.wp-block-uagb-image--layout-overlay .wp-block-uagb-image--layout-overlay__inner .uagb-image-heading a{color: #fff;}.uagb-block-e6f939b3.wp-block-uagb-image--layout-overlay .wp-block-uagb-image--layout-overlay__inner .uagb-image-caption{opacity: 0;}.uagb-block-e6f939b3.wp-block-uagb-image--layout-overlay .wp-block-uagb-image__figure:hover .wp-block-uagb-image--layout-overlay__color-wrapper{opacity: 1;}.uagb-block-e6f939b3.wp-block-uagb-image .wp-block-uagb-image--layout-overlay__inner .uagb-image-separator{width: 30%;border-top-width: 2px;border-top-color: #fff;opacity: 0;}.uagb-block-e6f939b3.wp-block-uagb-image .wp-block-uagb-image__figure img{width: px;height: auto;}.uagb-block-e6f939b3.wp-block-uagb-image .wp-block-uagb-image__figure:hover .wp-block-uagb-image--layout-overlay__inner .uagb-image-caption{opacity: 1;}.uagb-block-e6f939b3.wp-block-uagb-image .wp-block-uagb-image__figure:hover .wp-block-uagb-image--layout-overlay__inner .uagb-image-separator{opacity: 1;}.uagb-block-e6f939b3.wp-block-uagb-image--layout-default figure:hover img{box-shadow: 0px 0px 0 #00000070;}.uagb-block-e6f939b3.wp-block-uagb-image--layout-overlay figure:hover img{box-shadow: 0px 0px 0 #00000070;}@media only screen and (max-width: 976px) {.uagb-block-e6f939b3.wp-block-uagb-image .wp-block-uagb-image__figure img{width: px;height: auto;}}@media only screen and (max-width: 767px) {.uagb-block-e6f939b3.wp-block-uagb-image .wp-block-uagb-image__figure img{width: px;height: auto;}}\";s:2:\"js\";s:0:\"\";s:18:\"current_block_list\";a:13:{i:0;s:11:\"core\/search\";i:1;s:10:\"core\/group\";i:2;s:12:\"core\/heading\";i:3;s:17:\"core\/latest-posts\";i:4;s:20:\"core\/latest-comments\";i:5;s:13:\"core\/archives\";i:6;s:15:\"core\/categories\";i:7;s:14:\"core\/paragraph\";i:8;s:10:\"uagb\/image\";i:9;s:11:\"core\/spacer\";i:10;s:30:\"woocommerce\/product-categories\";i:11;s:10:\"core\/image\";i:12;s:14:\"core\/shortcode\";}s:8:\"uag_flag\";b:1;s:11:\"uag_version\";s:10:\"1777182974\";s:6:\"gfonts\";a:0:{}s:10:\"gfonts_url\";s:0:\"\";s:12:\"gfonts_files\";a:0:{}s:14:\"uag_faq_layout\";b:0;}"]},"uagb_featured_image_src":{"full":["https:\/\/www.ferberpainting.com\/wp-content\/uploads\/2025\/05\/FlowerFertilizer5L.png",2560,2560,false],"thumbnail":["https:\/\/www.ferberpainting.com\/wp-content\/uploads\/2025\/05\/FlowerFertilizer5L-150x150.png",150,150,true],"medium":["https:\/\/www.ferberpainting.com\/wp-content\/uploads\/2025\/05\/FlowerFertilizer5L-300x300.png",300,300,true],"medium_large":["https:\/\/www.ferberpainting.com\/wp-content\/uploads\/2025\/05\/FlowerFertilizer5L-768x768.png",768,768,true],"large":["https:\/\/www.ferberpainting.com\/wp-content\/uploads\/2025\/05\/FlowerFertilizer5L-1024x1024.png",1024,1024,true],"1536x1536":["https:\/\/www.ferberpainting.com\/wp-content\/uploads\/2025\/05\/FlowerFertilizer5L-1536x1536.png",1536,1536,true],"2048x2048":["https:\/\/www.ferberpainting.com\/wp-content\/uploads\/2025\/05\/FlowerFertilizer5L-2048x2048.png",2048,2048,true],"trp-custom-language-flag":["https:\/\/www.ferberpainting.com\/wp-content\/uploads\/2025\/05\/FlowerFertilizer5L-12x12.png",12,12,true],"woocommerce_thumbnail":["https:\/\/www.ferberpainting.com\/wp-content\/uploads\/2025\/05\/FlowerFertilizer5L-300x300.png",300,300,true],"woocommerce_single":["https:\/\/www.ferberpainting.com\/wp-content\/uploads\/2025\/05\/FlowerFertilizer5L-600x600.png",600,600,true],"woocommerce_gallery_thumbnail":["https:\/\/www.ferberpainting.com\/wp-content\/uploads\/2025\/05\/FlowerFertilizer5L-100x100.png",100,100,true]},"uagb_author_info":{"display_name":"admin","author_link":"https:\/\/www.ferberpainting.com\/lt\/author\/"},"uagb_comment_info":7,"uagb_excerpt":"A complete fertilizer for vibrant and long-lasting blooms.\u00a0The flower fertilizer is specially designed to stimulate the growth and blooming of all flowering plants. Thanks to its balanced NPK 15-15-15 formula, it provides your plants with the essential nutrients for optimal development, abundant flowering and vibrant colors. Whether for annuals, perennials, in pots or in open&hellip;","_links":{"self":[{"href":"https:\/\/www.ferberpainting.com\/lt\/wp-json\/wp\/v2\/product\/23462","targetHints":{"allow":["GET"]}}],"collection":[{"href":"https:\/\/www.ferberpainting.com\/lt\/wp-json\/wp\/v2\/product"}],"about":[{"href":"https:\/\/www.ferberpainting.com\/lt\/wp-json\/wp\/v2\/types\/product"}],"replies":[{"embeddable":true,"href":"https:\/\/www.ferberpainting.com\/lt\/wp-json\/wp\/v2\/comments?post=23462"}],"version-history":[{"count":5,"href":"https:\/\/www.ferberpainting.com\/lt\/wp-json\/wp\/v2\/product\/23462\/revisions"}],"predecessor-version":[{"id":166164,"href":"https:\/\/www.ferberpainting.com\/lt\/wp-json\/wp\/v2\/product\/23462\/revisions\/166164"}],"wp:featuredmedia":[{"embeddable":true,"href":"https:\/\/www.ferberpainting.com\/lt\/wp-json\/wp\/v2\/media\/25990"}],"wp:attachment":[{"href":"https:\/\/www.ferberpainting.com\/lt\/wp-json\/wp\/v2\/media?parent=23462"}],"wp:term":[{"taxonomy":"product_brand","embeddable":true,"href":"https:\/\/www.ferberpainting.com\/lt\/wp-json\/wp\/v2\/product_brand?post=23462"},{"taxonomy":"product_cat","embeddable":true,"href":"https:\/\/www.ferberpainting.com\/lt\/wp-json\/wp\/v2\/product_cat?post=23462"},{"taxonomy":"product_tag","embeddable":true,"href":"https:\/\/www.ferberpainting.com\/lt\/wp-json\/wp\/v2\/product_tag?post=23462"}],"curies":[{"name":"wp","href":"https:\/\/api.w.org\/{rel}","templated":true}]}}