{"id":23217,"date":"2025-07-01T13:27:04","date_gmt":"2025-07-01T11:27:04","guid":{"rendered":"https:\/\/www.ferberpainting.com\/?post_type=product&#038;p=23217"},"modified":"2026-02-15T13:56:17","modified_gmt":"2026-02-15T12:56:17","slug":"expanding-foam-cleaner","status":"publish","type":"product","link":"https:\/\/www.ferberpainting.com\/lt\/products\/expanding-foam-cleaner\/","title":{"rendered":"PU put\u0173 valiklis"},"content":{"rendered":"<p><img decoding=\"async\" style=\"margin-right: 12px;\" src=\"https:\/\/www.ferberpainting.com\/wp-content\/uploads\/2026\/02\/Check.svg\" alt=\"\" width=\"18\" height=\"15\" \/><strong>Optimalus efektyvumas.<\/strong>\u00a0\u0160is besiple\u010dian\u010di\u0173 put\u0173 valiklis skirtas veiksmingai pa\u0161alinti \u0161vie\u017eias poliuretano put\u0173 liekanas nuo \u012franki\u0173, pavir\u0161i\u0173 ir net odos. Jo galinga formul\u0117 greitai i\u0161tirpina nesukiet\u0117jusias putas ir apsaugo nuo ankstyvo sukiet\u0117jimo, tod\u0117l po naudojimo lengviau valyti aplikatoriaus pistoletus ir pavir\u0161ius. Jis u\u017etikrina \u0161var\u0173 ir tvarking\u0105 darb\u0105 kiekvien\u0105 kart\u0105, nes neleid\u017eia susidaryti negra\u017eioms put\u0173 sankaupoms.<\/p>\n<p><img decoding=\"async\" style=\"margin-right: 12px;\" src=\"https:\/\/www.ferberpainting.com\/wp-content\/uploads\/2026\/02\/Check.svg\" alt=\"\" width=\"18\" height=\"15\" \/><strong>Pinig\u0173 gr\u0105\u017einimo garantija.<\/strong>\u00a0Esame visi\u0161kai \u012fsitikin\u0119 savo valymo \u012frenginio veikimu. Jei rezultatai j\u016bs\u0173 visi\u0161kai netenkina, galite atgauti visus sumok\u0117tus pinigus. I\u0161bandykite m\u016bs\u0173 gamin\u012f nerizikuodami ir m\u0117gaukit\u0117s nepriekai\u0161tingu pavir\u0161iumi po kiekvieno naudojimo.<\/p>\n<p><img decoding=\"async\" style=\"margin-right: 12px;\" src=\"https:\/\/www.ferberpainting.com\/wp-content\/uploads\/2026\/02\/Check.svg\" alt=\"\" width=\"18\" height=\"15\" \/><strong>I\u0161skirtinis universalumas.<\/strong>\u00a0\u0160is valiklis skirtas ne tik put\u0173 pistoletams! Jis taip pat pa\u0161alina \u0161vie\u017eias putas i\u0161 \u012fvairi\u0173 med\u017eiag\u0173, pvz., betono, cemento, skiedinio, metalo, med\u017eio, plastiko, aliuminio, stiklo ir keramikos. Jis taip pat idealiai tinka valyti \u012frang\u0105, darbo pavir\u0161ius ir net drabu\u017eius, kai putos dar mink\u0161tos, u\u017etikrinant greit\u0105 ir veiksming\u0105 vis\u0173 paveikt\u0173 pavir\u0161i\u0173 valym\u0105.<\/p>\n<p><img decoding=\"async\" style=\"margin-right: 12px;\" src=\"https:\/\/www.ferberpainting.com\/wp-content\/uploads\/2026\/02\/Check.svg\" alt=\"\" width=\"18\" height=\"15\" \/><strong>Ekonomi\u0161kas.<\/strong>\u00a0\u0160is 5 litr\u0173 talpos buteliukas ir didel\u0117 koncentracija u\u017etikrina puik\u0173 valiklio na\u0161um\u0105. Nedidelio kiekio u\u017etenka i\u0161tirpinti nesukiet\u0117jusias putas ir vienu u\u017etepimu i\u0161valyti kelis \u012frankius ar pavir\u0161ius. Vidutini\u0161kai vienas litras valo iki 20 m\u00b2 putomis u\u017eter\u0161to pavir\u0161iaus, tod\u0117l tai yra veiksmingas ir ekonomi\u0161kas sprendimas, skirtas reguliariam ar intensyviam naudojimui.<\/p>\n<p><img decoding=\"async\" style=\"margin-right: 12px;\" src=\"https:\/\/www.ferberpainting.com\/wp-content\/uploads\/2026\/02\/Check.svg\" alt=\"\" width=\"18\" height=\"15\" \/><strong>Saugu naudoti.<\/strong>\u00a0Skirtingai nuo a\u0161tri\u0173 tirpikli\u0173, kurie gali pa\u017eeisti med\u017eiagas arba sudirginti od\u0105, \u0161is valiklis sukurtas taip, kad b\u016bt\u0173 saugus tiek pavir\u0161iams, tiek naudotojams. Jame n\u0117ra toksi\u0161k\u0173 gar\u0173, jis nekelia korozijos pavojaus ir garantuoja saug\u0173 naudojim\u0105 tiek profesionalams, tiek namudininkams. \u0160velniai veikiantis valiklis veiksmingai valo, nekenkdamas \u012frangai ar apdorotiems pavir\u0161iams.<\/p>\n<p><img decoding=\"async\" style=\"margin-right: 12px;\" src=\"https:\/\/www.ferberpainting.com\/wp-content\/uploads\/2026\/02\/Check.svg\" alt=\"\" width=\"18\" height=\"15\" \/><strong>Lengva naudoti.<\/strong>\u00a0\u0160is produktas yra paruo\u0161tas naudoti, jo nereikia skiesti ar sud\u0117tingai ruo\u0161ti. Jis tepamas tiesiai ant nesukiet\u0117jusi\u0173 put\u0173 naudojant \u0161luost\u0119, kempin\u0119 arba purk\u0161tuv\u0105. Greitai ir intuityviai veikianti priemon\u0117 leid\u017eia be vargo pa\u0161alinti liku\u010dius, tod\u0117l \u012franki\u0173 ir pavir\u0161i\u0173 valymas tampa greitesnis ir lengvesnis nei bet kada anks\u010diau.<\/p>\n<p><img decoding=\"async\" style=\"margin-right: 12px;\" src=\"https:\/\/www.ferberpainting.com\/wp-content\/uploads\/2026\/02\/Check.svg\" alt=\"\" width=\"18\" height=\"15\" \/><strong>Ilgalaikis veikimas.<\/strong>\u00a0Efektyviai \u0161alindamas put\u0173 liku\u010dius, \u0161is valiklis prailgina put\u0173 pistolet\u0173 ir darbo \u012franki\u0173 tarnavimo laik\u0105. Jis apsaugo komponentus nuo u\u017esikim\u0161imo ir u\u017etikrina optimal\u0173 veikim\u0105. Reguliariai naudojant \u0161\u012f gamin\u012f \u012franga i\u0161lieka \u0161vari ir geros darbin\u0117s b\u016bkl\u0117s, i\u0161vengiama brangiai kainuojan\u010di\u0173 pakeitim\u0173 d\u0117l i\u0161d\u017ei\u016bvusi\u0173 put\u0173 u\u017esikim\u0161imo.<\/p>\n<p><img decoding=\"async\" style=\"margin-right: 12px;\" src=\"https:\/\/www.ferberpainting.com\/wp-content\/uploads\/2026\/02\/Check.svg\" alt=\"\" width=\"18\" height=\"15\" \/><strong>Greitas veiksmas.<\/strong>\u00a0D\u0117l itin reaktyvios formul\u0117s \u0161is valiklis i\u0161 karto veikia \u0161vie\u017eias besiple\u010dian\u010dias putas. Vos per kelias sekundes jis i\u0161tirpina liku\u010dius ir leid\u017eia lengvai pa\u0161alinti be \u0161veitimo. Jis u\u017etikrina greit\u0105 ir veiksming\u0105 valym\u0105 - idealiai tinka darboviet\u0117ms, kuriose greitis ir \u0161vara yra labai svarb\u016bs, kad rezultatas b\u016bt\u0173 tvarkingas.<\/p>\n<h2><strong>Naudojimo protokolas<\/strong><\/h2>\n<ul>\n<li><strong>Paruo\u0161imas <\/strong>: Prie\u0161 naudodami valikl\u012f \u012fsitikinkite, kad putplastis dar \u0161vie\u017eias. Nor\u0117dami pasiekti optimali\u0173 rezultat\u0173, nelaukite, kol ji sukiet\u0117s.<\/li>\n<li><strong>Pavir\u0161iaus pritaikymas <\/strong>: Nedidel\u012f kiek\u012f valiklio supilkite ant \u0161varios \u0161luost\u0117s ar kempin\u0117s ir sukamaisiais judesiais u\u017etepkite tiesiai ant put\u0173.<\/li>\n<li><strong>Put\u0173 pistoleto naudojimas <\/strong>: Atsukite panaudot\u0173 put\u0173 balion\u0117l\u012f, \u012f pistolet\u0105 \u012fstatykite valiklio antgal\u012f ir purk\u0161kite valikl\u012f, kol skystis i\u0161b\u0117gs \u0161varus. Taip u\u017etikrinamas visi\u0161kas vidini\u0173 liku\u010di\u0173 pa\u0161alinimas.<\/li>\n<li><strong>Valymo \u012frankiai ir \u012franga <\/strong>: U\u017etepkite valiklio ant \u0161luost\u0117s, sumirkytos produkte, ir nuvalykite menteles, peilius, menteles ir kitus \u012frankius, naudojamus su putomis. Palikite kelias akimirkas nusistov\u0117ti, tada nu\u0161luostykite sausai.<\/li>\n<li><strong>Drabu\u017ei\u0173 ir audini\u0173 valymas <\/strong>: Jei ant audinio pateko pursl\u0173, nedelsdami u\u017etepkite nedidel\u012f kiek\u012f valiklio ir \u0161velniai nu\u0161veiskite, kol putos nesukiet\u0117jo. Kruop\u0161\u010diai nuplaukite \u0161variu vandeniu.<\/li>\n<li><strong>D\u017eiovinimas ir apdaila <\/strong>: Prie\u0161 pakartotinai naudodami, leiskite pavir\u0161iams visi\u0161kai i\u0161d\u017ei\u016bti. Pistolet\u0173 mechanizm\u0105 visi\u0161kai i\u0161valykite prie\u0161 montuodami nauj\u0105 kanistr\u0105.<\/li>\n<li><strong>Naudojimo da\u017enumas <\/strong>: Kad neu\u017esikim\u0161t\u0173, naudokite po kiekvieno putplas\u010dio naudojimo. Pavir\u0161ius tepkite i\u0161 karto, kai tik pasirodo put\u0173 liku\u010diai, kad nesukiet\u0117t\u0173.<\/li>\n<li><strong>Saugykla <\/strong>: Po kiekvieno naudojimo sandariai u\u017edarykite buteliuk\u0105 ir laikykite v\u0117sioje, sausoje, apsaugotoje nuo \u0161viesos ir ekstremalios temperat\u016bros vietoje, kad i\u0161saugotum\u0117te ilgalaik\u012f produkto veiksmingum\u0105.<\/li>\n<\/ul>\n<p>Naudodami m\u016bs\u0173 besiple\u010dian\u010di\u0173 put\u0173 valikl\u012f greitai ir veiksmingai pa\u0161alinsite liku\u010dius, o j\u016bs\u0173 \u012frankiai ir darbo pavir\u0161iai i\u0161liks puikios b\u016bkl\u0117s. Idealus sprendimas greitam, tvarkingam ir nesud\u0117tingam valymui.<\/p>","protected":false},"excerpt":{"rendered":"<p>Optimal Efficiency.\u00a0This expanding foam cleaner is designed to effectively remove fresh polyurethane foam residues from tools, surfaces, and even skin. Its powerful formula rapidly dissolves uncured foam and prevents premature hardening, making it easier to clean applicator guns and surfaces after use. It ensures clean and neat work every time by preventing unsightly foam buildup. [&hellip;]<\/p>\n","protected":false},"featured_media":36372,"comment_status":"open","ping_status":"closed","template":"","meta":{"_uag_custom_page_level_css":"","site-sidebar-layout":"default","site-content-layout":"","ast-site-content-layout":"default","site-content-style":"default","site-sidebar-style":"default","ast-global-header-display":"","ast-banner-title-visibility":"","ast-main-header-display":"","ast-hfb-above-header-display":"","ast-hfb-below-header-display":"","ast-hfb-mobile-header-display":"","site-post-title":"","ast-breadcrumbs-content":"","ast-featured-img":"","footer-sml-layout":"","ast-disable-related-posts":"","theme-transparent-header-meta":"default","adv-header-id-meta":"","stick-header-meta":"","header-above-stick-meta":"","header-main-stick-meta":"","header-below-stick-meta":"","astra-migrate-meta-layouts":"set","ast-page-background-enabled":"default","ast-page-background-meta":{"desktop":{"background-color":"var(--ast-global-color-4)","background-image":"","background-repeat":"repeat","background-position":"center center","background-size":"auto","background-attachment":"scroll","background-type":"","background-media":"","overlay-type":"","overlay-color":"","overlay-opacity":"","overlay-gradient":""},"tablet":{"background-color":"","background-image":"","background-repeat":"repeat","background-position":"center center","background-size":"auto","background-attachment":"scroll","background-type":"","background-media":"","overlay-type":"","overlay-color":"","overlay-opacity":"","overlay-gradient":""},"mobile":{"background-color":"","background-image":"","background-repeat":"repeat","background-position":"center center","background-size":"auto","background-attachment":"scroll","background-type":"","background-media":"","overlay-type":"","overlay-color":"","overlay-opacity":"","overlay-gradient":""}},"ast-content-background-meta":{"desktop":{"background-color":"var(--ast-global-color-5)","background-image":"","background-repeat":"repeat","background-position":"center center","background-size":"auto","background-attachment":"scroll","background-type":"","background-media":"","overlay-type":"","overlay-color":"","overlay-opacity":"","overlay-gradient":""},"tablet":{"background-color":"var(--ast-global-color-5)","background-image":"","background-repeat":"repeat","background-position":"center center","background-size":"auto","background-attachment":"scroll","background-type":"","background-media":"","overlay-type":"","overlay-color":"","overlay-opacity":"","overlay-gradient":""},"mobile":{"background-color":"var(--ast-global-color-5)","background-image":"","background-repeat":"repeat","background-position":"center center","background-size":"auto","background-attachment":"scroll","background-type":"","background-media":"","overlay-type":"","overlay-color":"","overlay-opacity":"","overlay-gradient":""}}},"product_brand":[],"product_cat":[175],"product_tag":[],"class_list":{"0":"post-23217","1":"product","2":"type-product","3":"status-publish","4":"has-post-thumbnail","6":"product_cat-cleaning-products","7":"desktop-align-left","8":"tablet-align-left","9":"mobile-align-left","11":"first","12":"instock","13":"sale","14":"taxable","15":"shipping-taxable","16":"purchasable","17":"product-type-variable","18":"has-default-attributes"},"spectra_custom_meta":{"_visibility":["visible"],"_shopify_product_id":["9104800776437"],"_s2w_shopify_domain":["ferberpainting.myshopify.com"],"_shopify_variant_id":["46620998238453"],"_sku":[""],"_manage_stock":["no"],"total_sales":["1"],"_tax_status":["taxable"],"_tax_class":[""],"_backorders":["no"],"_sold_individually":["no"],"_virtual":["no"],"_downloadable":["no"],"_download_limit":["-1"],"_download_expiry":["-1"],"_stock":[null],"_stock_status":["instock"],"_wc_average_rating":["5.00"],"_wc_review_count":["19"],"_product_attributes":["a:1:{s:6:\"volume\";a:6:{s:4:\"name\";s:6:\"Volume\";s:5:\"value\";s:20:\"5 liters | 25 liters\";s:8:\"position\";i:1;s:10:\"is_visible\";i:0;s:12:\"is_variation\";i:1;s:11:\"is_taxonomy\";i:0;}}"],"_product_version":["10.5.1"],"wpse_downloadable_file_names":[""],"wpse_downloadable_file_urls":[""],"_edit_last":["1"],"_default_attributes":["a:1:{s:6:\"volume\";s:8:\"5 liters\";}"],"_edit_lock":["1771160038:1"],"merchant-center-availability":["yes"],"merchant-center-category":["7504"],"_price":["29.90","129.90"],"_thumbnail_id":["36372"],"_wp_page_template":["default"],"_wp_old_date":["2025-05-26"],"_product_image_gallery":["36373"],"site-sidebar-layout":["default"],"ast-site-content-layout":["default"],"site-content-style":["default"],"site-sidebar-style":["default"],"theme-transparent-header-meta":["default"],"_wc_rating_count":["a:1:{i:5;i:19;}"],"astra-migrate-meta-layouts":["set"],"_uag_css_file_name":["uag-css-23217.css"],"_elementor_page_assets":["a:0:{}"],"_uag_page_assets":["a:9:{s:3:\"css\";s:7133:\".uag-blocks-common-selector{z-index:var(--z-index-desktop) !important}@media(max-width: 976px){.uag-blocks-common-selector{z-index:var(--z-index-tablet) !important}}@media(max-width: 767px){.uag-blocks-common-selector{z-index:var(--z-index-mobile) !important}}.wp-block-uagb-image{display:flex}.wp-block-uagb-image__figure{position:relative;display:flex;flex-direction:column;max-width:100%;height:auto;margin:0}.wp-block-uagb-image__figure img{height:auto;display:flex;max-width:100%;transition:box-shadow .2s ease}.wp-block-uagb-image__figure>a{display:inline-block}.wp-block-uagb-image__figure figcaption{text-align:center;margin-top:.5em;margin-bottom:1em}.wp-block-uagb-image .components-placeholder.block-editor-media-placeholder .components-placeholder__instructions{align-self:center}.wp-block-uagb-image--align-left{text-align:left}.wp-block-uagb-image--align-right{text-align:right}.wp-block-uagb-image--align-center{text-align:center}.wp-block-uagb-image--align-full .wp-block-uagb-image__figure{margin-left:calc(50% - 50vw);margin-right:calc(50% - 50vw);max-width:100vw;width:100vw;height:auto}.wp-block-uagb-image--align-full .wp-block-uagb-image__figure img{height:auto;width:100% !important}.wp-block-uagb-image--align-wide .wp-block-uagb-image__figure img{height:auto;width:100%}.wp-block-uagb-image--layout-overlay__color-wrapper{position:absolute;left:0;top:0;right:0;bottom:0;opacity:.2;background:rgba(0,0,0,.5);transition:opacity .35s ease-in-out}.wp-block-uagb-image--layout-overlay-link{position:absolute;left:0;right:0;bottom:0;top:0}.wp-block-uagb-image--layout-overlay .wp-block-uagb-image__figure:hover .wp-block-uagb-image--layout-overlay__color-wrapper{opacity:1}.wp-block-uagb-image--layout-overlay__inner{position:absolute;left:15px;right:15px;bottom:15px;top:15px;display:flex;align-items:center;justify-content:center;flex-direction:column;border-color:#fff;transition:.35s ease-in-out}.wp-block-uagb-image--layout-overlay__inner.top-left,.wp-block-uagb-image--layout-overlay__inner.top-center,.wp-block-uagb-image--layout-overlay__inner.top-right{justify-content:flex-start}.wp-block-uagb-image--layout-overlay__inner.bottom-left,.wp-block-uagb-image--layout-overlay__inner.bottom-center,.wp-block-uagb-image--layout-overlay__inner.bottom-right{justify-content:flex-end}.wp-block-uagb-image--layout-overlay__inner.top-left,.wp-block-uagb-image--layout-overlay__inner.center-left,.wp-block-uagb-image--layout-overlay__inner.bottom-left{align-items:flex-start}.wp-block-uagb-image--layout-overlay__inner.top-right,.wp-block-uagb-image--layout-overlay__inner.center-right,.wp-block-uagb-image--layout-overlay__inner.bottom-right{align-items:flex-end}.wp-block-uagb-image--layout-overlay__inner .uagb-image-heading{color:#fff;transition:transform .35s,opacity .35s ease-in-out;transform:translate3d(0, 24px, 0);margin:0;line-height:1em}.wp-block-uagb-image--layout-overlay__inner .uagb-image-separator{width:30%;border-top-width:2px;border-top-color:#fff;border-top-style:solid;margin-bottom:10px;opacity:0;transition:transform .4s,opacity .4s ease-in-out;transform:translate3d(0, 30px, 0)}.wp-block-uagb-image--layout-overlay__inner .uagb-image-caption{opacity:0;overflow:visible;color:#fff;transition:transform .45s,opacity .45s ease-in-out;transform:translate3d(0, 35px, 0)}.wp-block-uagb-image--layout-overlay__inner:hover .uagb-image-heading,.wp-block-uagb-image--layout-overlay__inner:hover .uagb-image-separator,.wp-block-uagb-image--layout-overlay__inner:hover .uagb-image-caption{opacity:1;transform:translate3d(0, 0, 0)}.wp-block-uagb-image--effect-zoomin .wp-block-uagb-image__figure img,.wp-block-uagb-image--effect-zoomin .wp-block-uagb-image__figure .wp-block-uagb-image--layout-overlay__color-wrapper{transform:scale(1);transition:transform .35s ease-in-out}.wp-block-uagb-image--effect-zoomin .wp-block-uagb-image__figure:hover img,.wp-block-uagb-image--effect-zoomin .wp-block-uagb-image__figure:hover .wp-block-uagb-image--layout-overlay__color-wrapper{transform:scale(1.05)}.wp-block-uagb-image--effect-slide .wp-block-uagb-image__figure img,.wp-block-uagb-image--effect-slide .wp-block-uagb-image__figure .wp-block-uagb-image--layout-overlay__color-wrapper{width:calc(100% + 40px) !important;max-width:none !important;transform:translate3d(-40px, 0, 0);transition:transform .35s ease-in-out}.wp-block-uagb-image--effect-slide .wp-block-uagb-image__figure:hover img,.wp-block-uagb-image--effect-slide .wp-block-uagb-image__figure:hover .wp-block-uagb-image--layout-overlay__color-wrapper{transform:translate3d(0, 0, 0)}.wp-block-uagb-image--effect-grayscale img{filter:grayscale(0%);transition:.35s ease-in-out}.wp-block-uagb-image--effect-grayscale:hover img{filter:grayscale(100%)}.wp-block-uagb-image--effect-blur img{filter:blur(0);transition:.35s ease-in-out}.wp-block-uagb-image--effect-blur:hover img{filter:blur(3px)}.uagb-block-e6f939b3.wp-block-uagb-image--layout-default figure img{box-shadow: 0px 0px 0 #00000070;}.uagb-block-e6f939b3.wp-block-uagb-image .wp-block-uagb-image__figure figcaption{font-style: normal;align-self: center;}.uagb-block-e6f939b3.wp-block-uagb-image--layout-overlay figure img{box-shadow: 0px 0px 0 #00000070;}.uagb-block-e6f939b3.wp-block-uagb-image--layout-overlay .wp-block-uagb-image--layout-overlay__color-wrapper{opacity: 0.2;}.uagb-block-e6f939b3.wp-block-uagb-image--layout-overlay .wp-block-uagb-image--layout-overlay__inner{left: 15px;right: 15px;top: 15px;bottom: 15px;}.uagb-block-e6f939b3.wp-block-uagb-image--layout-overlay .wp-block-uagb-image--layout-overlay__inner .uagb-image-heading{font-style: normal;color: #fff;opacity: 1;}.uagb-block-e6f939b3.wp-block-uagb-image--layout-overlay .wp-block-uagb-image--layout-overlay__inner .uagb-image-heading a{color: #fff;}.uagb-block-e6f939b3.wp-block-uagb-image--layout-overlay .wp-block-uagb-image--layout-overlay__inner .uagb-image-caption{opacity: 0;}.uagb-block-e6f939b3.wp-block-uagb-image--layout-overlay .wp-block-uagb-image__figure:hover .wp-block-uagb-image--layout-overlay__color-wrapper{opacity: 1;}.uagb-block-e6f939b3.wp-block-uagb-image .wp-block-uagb-image--layout-overlay__inner .uagb-image-separator{width: 30%;border-top-width: 2px;border-top-color: #fff;opacity: 0;}.uagb-block-e6f939b3.wp-block-uagb-image .wp-block-uagb-image__figure img{width: px;height: auto;}.uagb-block-e6f939b3.wp-block-uagb-image .wp-block-uagb-image__figure:hover .wp-block-uagb-image--layout-overlay__inner .uagb-image-caption{opacity: 1;}.uagb-block-e6f939b3.wp-block-uagb-image .wp-block-uagb-image__figure:hover .wp-block-uagb-image--layout-overlay__inner .uagb-image-separator{opacity: 1;}.uagb-block-e6f939b3.wp-block-uagb-image--layout-default figure:hover img{box-shadow: 0px 0px 0 #00000070;}.uagb-block-e6f939b3.wp-block-uagb-image--layout-overlay figure:hover img{box-shadow: 0px 0px 0 #00000070;}@media only screen and (max-width: 976px) {.uagb-block-e6f939b3.wp-block-uagb-image .wp-block-uagb-image__figure img{width: px;height: auto;}}@media only screen and (max-width: 767px) {.uagb-block-e6f939b3.wp-block-uagb-image .wp-block-uagb-image__figure img{width: px;height: auto;}}\";s:2:\"js\";s:0:\"\";s:18:\"current_block_list\";a:13:{i:0;s:11:\"core\/search\";i:1;s:10:\"core\/group\";i:2;s:12:\"core\/heading\";i:3;s:17:\"core\/latest-posts\";i:4;s:20:\"core\/latest-comments\";i:5;s:13:\"core\/archives\";i:6;s:15:\"core\/categories\";i:7;s:14:\"core\/paragraph\";i:8;s:10:\"uagb\/image\";i:9;s:11:\"core\/spacer\";i:10;s:30:\"woocommerce\/product-categories\";i:11;s:10:\"core\/image\";i:12;s:14:\"core\/shortcode\";}s:8:\"uag_flag\";b:1;s:11:\"uag_version\";s:10:\"1777228522\";s:6:\"gfonts\";a:0:{}s:10:\"gfonts_url\";s:0:\"\";s:12:\"gfonts_files\";a:0:{}s:14:\"uag_faq_layout\";b:0;}"]},"uagb_featured_image_src":{"full":["https:\/\/www.ferberpainting.com\/wp-content\/uploads\/2025\/05\/Expanding-Foam-Cleaner-5L.png",2560,2560,false],"thumbnail":["https:\/\/www.ferberpainting.com\/wp-content\/uploads\/2025\/05\/Expanding-Foam-Cleaner-5L-150x150.png",150,150,true],"medium":["https:\/\/www.ferberpainting.com\/wp-content\/uploads\/2025\/05\/Expanding-Foam-Cleaner-5L-300x300.png",300,300,true],"medium_large":["https:\/\/www.ferberpainting.com\/wp-content\/uploads\/2025\/05\/Expanding-Foam-Cleaner-5L-768x768.png",768,768,true],"large":["https:\/\/www.ferberpainting.com\/wp-content\/uploads\/2025\/05\/Expanding-Foam-Cleaner-5L-1024x1024.png",1024,1024,true],"1536x1536":["https:\/\/www.ferberpainting.com\/wp-content\/uploads\/2025\/05\/Expanding-Foam-Cleaner-5L-1536x1536.png",1536,1536,true],"2048x2048":["https:\/\/www.ferberpainting.com\/wp-content\/uploads\/2025\/05\/Expanding-Foam-Cleaner-5L-2048x2048.png",2048,2048,true],"trp-custom-language-flag":["https:\/\/www.ferberpainting.com\/wp-content\/uploads\/2025\/05\/Expanding-Foam-Cleaner-5L-12x12.png",12,12,true],"woocommerce_thumbnail":["https:\/\/www.ferberpainting.com\/wp-content\/uploads\/2025\/05\/Expanding-Foam-Cleaner-5L-300x300.png",300,300,true],"woocommerce_single":["https:\/\/www.ferberpainting.com\/wp-content\/uploads\/2025\/05\/Expanding-Foam-Cleaner-5L-600x600.png",600,600,true],"woocommerce_gallery_thumbnail":["https:\/\/www.ferberpainting.com\/wp-content\/uploads\/2025\/05\/Expanding-Foam-Cleaner-5L-100x100.png",100,100,true]},"uagb_author_info":{"display_name":"admin","author_link":"https:\/\/www.ferberpainting.com\/lt\/author\/"},"uagb_comment_info":19,"uagb_excerpt":"Optimal Efficiency.\u00a0This expanding foam cleaner is designed to effectively remove fresh polyurethane foam residues from tools, surfaces, and even skin. Its powerful formula rapidly dissolves uncured foam and prevents premature hardening, making it easier to clean applicator guns and surfaces after use. It ensures clean and neat work every time by preventing unsightly foam buildup.&hellip;","_links":{"self":[{"href":"https:\/\/www.ferberpainting.com\/lt\/wp-json\/wp\/v2\/product\/23217","targetHints":{"allow":["GET"]}}],"collection":[{"href":"https:\/\/www.ferberpainting.com\/lt\/wp-json\/wp\/v2\/product"}],"about":[{"href":"https:\/\/www.ferberpainting.com\/lt\/wp-json\/wp\/v2\/types\/product"}],"replies":[{"embeddable":true,"href":"https:\/\/www.ferberpainting.com\/lt\/wp-json\/wp\/v2\/comments?post=23217"}],"version-history":[{"count":4,"href":"https:\/\/www.ferberpainting.com\/lt\/wp-json\/wp\/v2\/product\/23217\/revisions"}],"predecessor-version":[{"id":166107,"href":"https:\/\/www.ferberpainting.com\/lt\/wp-json\/wp\/v2\/product\/23217\/revisions\/166107"}],"wp:featuredmedia":[{"embeddable":true,"href":"https:\/\/www.ferberpainting.com\/lt\/wp-json\/wp\/v2\/media\/36372"}],"wp:attachment":[{"href":"https:\/\/www.ferberpainting.com\/lt\/wp-json\/wp\/v2\/media?parent=23217"}],"wp:term":[{"taxonomy":"product_brand","embeddable":true,"href":"https:\/\/www.ferberpainting.com\/lt\/wp-json\/wp\/v2\/product_brand?post=23217"},{"taxonomy":"product_cat","embeddable":true,"href":"https:\/\/www.ferberpainting.com\/lt\/wp-json\/wp\/v2\/product_cat?post=23217"},{"taxonomy":"product_tag","embeddable":true,"href":"https:\/\/www.ferberpainting.com\/lt\/wp-json\/wp\/v2\/product_tag?post=23217"}],"curies":[{"name":"wp","href":"https:\/\/api.w.org\/{rel}","templated":true}]}}