{"id":23205,"date":"2025-05-26T10:23:19","date_gmt":"2025-05-26T08:23:19","guid":{"rendered":"https:\/\/www.ferberpainting.com\/products\/drain-unblocker\/"},"modified":"2026-02-15T13:52:04","modified_gmt":"2026-02-15T12:52:04","slug":"drain-unblocker","status":"publish","type":"product","link":"https:\/\/www.ferberpainting.com\/lt\/products\/drain-unblocker\/","title":{"rendered":"Vamzd\u017ei\u0173 valiklis"},"content":{"rendered":"<p><img decoding=\"async\" style=\"margin-right: 12px;\" src=\"https:\/\/www.ferberpainting.com\/wp-content\/uploads\/2026\/02\/Check.svg\" alt=\"\" width=\"18\" height=\"15\" \/><strong>Greitas ir veiksmingas u\u017esikim\u0161im\u0173 \u0161alinimas.<\/strong>\u00a0\u0160is kanalizacijos atkim\u0161iklis skirtas greitai i\u0161tirpdyti u\u017esikim\u0161imus, susidariusius d\u0117l organini\u0173 liku\u010di\u0173, riebal\u0173, plauk\u0173, muilo ir kit\u0173 vamzd\u017eiuose susikaupusi\u0173 \u0161iuk\u0161li\u0173. Jo galinga formul\u0117 giliai \u012fsiskverbia, kad atkurt\u0173 skland\u017ei\u0105 vandens t\u0117km\u0119 ir u\u017ekirst\u0173 keli\u0105 nemaloniems kvapams. Priemon\u0117 ypa\u010d tinka kriaukl\u0117ms, praustuvams, du\u0161ams, vonioms ir buitiniams vamzd\u017eiams, u\u017etikrindama optimali\u0105 drena\u017eo sistemos prie\u017ei\u016br\u0105.<\/p>\n<p><img decoding=\"async\" style=\"margin-right: 12px;\" src=\"https:\/\/www.ferberpainting.com\/wp-content\/uploads\/2026\/02\/Check.svg\" alt=\"\" width=\"18\" height=\"15\" \/><strong>Pinig\u0173 gr\u0105\u017einimo garantija.<\/strong>\u00a0Esame visi\u0161kai \u012fsitikin\u0119 savo drena\u017eo atkim\u0161imo priemon\u0117s veiksmingumu, tod\u0117l si\u016blome pinig\u0173 gr\u0105\u017einimo garantij\u0105. Jei pritaikius produkt\u0105 pagal instrukcijas problema nei\u0161sisprend\u017eia, galite pra\u0161yti gr\u0105\u017einti pinigus be joki\u0173 s\u0105lyg\u0173, taip u\u017etikrindami saug\u0173 ir neriziking\u0105 pirkim\u0105.<\/p>\n<p><img decoding=\"async\" style=\"margin-right: 12px;\" src=\"https:\/\/www.ferberpainting.com\/wp-content\/uploads\/2026\/02\/Check.svg\" alt=\"\" width=\"18\" height=\"15\" \/><strong>Suderinamas su \u012fvairi\u0173 tip\u0173 vamzd\u017eiais ir med\u017eiagomis.<\/strong>\u00a0\u0160is atblokuotuvas tinka PVC, variniams, ketaus ir ner\u016bdijan\u010diojo plieno vamzd\u017eiams, taip pat \u0161iuolaikiniams ir seniems \u012frenginiams. J\u012f galima saugiai naudoti daugumoje buitini\u0173 ir profesionali\u0173 drena\u017eo sistem\u0173, \u012fskaitant septikus, nerizikuojant pa\u017eeisti vamzd\u017ei\u0173.<\/p>\n<p><img decoding=\"async\" style=\"margin-right: 12px;\" src=\"https:\/\/www.ferberpainting.com\/wp-content\/uploads\/2026\/02\/Check.svg\" alt=\"\" width=\"18\" height=\"15\" \/><strong>Ekonomi\u0161kas ir optimizuotas dozavimas.<\/strong>\u00a0D\u0117l itin koncentruotos formul\u0117s 1 litras produkto gali sutvarkyti iki 4 u\u017esikim\u0161im\u0173, tod\u0117l jis yra ekonomi\u0161kas ir veiksmingas sprendimas reguliariai vamzd\u017ei\u0173 prie\u017ei\u016brai. D\u0117l tikslingo veikimo suma\u017e\u0117ja kiekvienam naudojimui reikalingas kiekis, tod\u0117l i\u0161vengiama atliek\u0173 ir u\u017etikrinamas maksimalus efektyvumas sunaudojant minimal\u0173 produkto kiek\u012f.<\/p>\n<p><img decoding=\"async\" style=\"margin-right: 12px;\" src=\"https:\/\/www.ferberpainting.com\/wp-content\/uploads\/2026\/02\/Check.svg\" alt=\"\" width=\"18\" height=\"15\" \/><strong>Saugus gaminys, apsaugantis j\u016bs\u0173 \u012frenginius.<\/strong>\u00a0Skirtingai nuo tradicini\u0173 atblokavimo priemoni\u0173, kuri\u0173 sud\u0117tyje yra labai \u0117sdinan\u010di\u0173 med\u017eiag\u0173, \u0161i atblokavimo priemon\u0117 nepa\u017eeid\u017eia vamzd\u017ei\u0173, jei naudojama pagal instrukcijas. Jis veikia kontroliuojamai, i\u0161tirpindamas blokuojan\u010dias med\u017eiagas, nepa\u017eeisdamas vamzd\u017eio strukt\u016bros, tod\u0117l j\u012f galima reguliariai naudoti be ilgalaik\u0117s degradacijos rizikos.<\/p>\n<p><img decoding=\"async\" style=\"margin-right: 12px;\" src=\"https:\/\/www.ferberpainting.com\/wp-content\/uploads\/2026\/02\/Check.svg\" alt=\"\" width=\"18\" height=\"15\" \/><strong>Lengva naudoti ir greitai veikia.<\/strong>\u00a0\u0160is atblokuoklis yra paruo\u0161tas naudoti ir jam nereikia jokio i\u0161ankstinio pasiruo\u0161imo. Tiesiog \u012fpilkite jo tiesiai \u012f u\u017esikim\u0161us\u012f nutekam\u0105j\u012f vamzd\u012f, palaukite kelias minutes ir kruop\u0161\u010diai nuplaukite vandeniu, kad nutek\u0117jimas v\u0117l b\u016bt\u0173 sklandus. D\u0117l itin greito veikimo vamzd\u017eiai neu\u017esikem\u0161a vos per 15-30 minu\u010di\u0173, tod\u0117l suma\u017e\u0117ja nepatogum\u0173 d\u0117l u\u017esikim\u0161usios drena\u017eo sistemos.<\/p>\n<p><img decoding=\"async\" style=\"margin-right: 12px;\" src=\"https:\/\/www.ferberpainting.com\/wp-content\/uploads\/2026\/02\/Check.svg\" alt=\"\" width=\"18\" height=\"15\" \/><strong>Ilgalaikis poveikis ir b\u016bsim\u0173 u\u017esikim\u0161im\u0173 prevencija.<\/strong>\u00a0\u0160is produktas ne tik veiksmingai atkem\u0161a vamzd\u017eius, bet ir neleid\u017eia susidaryti naujiems kam\u0161\u010diams, nes palaipsniui tirpdo susikaupusius liku\u010dius. Reguliarus naudojimas padeda palaikyti \u0161vari\u0105 ir veikian\u010di\u0105 drena\u017eo sistem\u0105, i\u0161vengti brangiai kainuojan\u010di\u0173 intervencij\u0173 ir nepatogum\u0173 d\u0117l nuolatini\u0173 u\u017esikim\u0161im\u0173.<\/p>\n<p><img decoding=\"async\" style=\"margin-right: 12px;\" src=\"https:\/\/www.ferberpainting.com\/wp-content\/uploads\/2026\/02\/Check.svg\" alt=\"\" width=\"18\" height=\"15\" \/><strong>Nedelsiant pasiekiami ilgalaikiai rezultatai ir ilgalaikis komfortas.<\/strong>\u00a0Nuo pat panaudojimo momento \u0161i atblokuojanti priemon\u0117 pradeda \u0161alinti nuos\u0117das ir med\u017eiagas, trukdan\u010dias vamzd\u017eiams. Po paprasto nuplovimo vanduo v\u0117l lengvai teka, tod\u0117l greitai galima normaliai naudotis sanitariniais \u012frenginiais.<\/p>\n<h2><strong>Naudojimo protokolas<\/strong><\/h2>\n<ul>\n<li><strong>Vamzd\u017ei\u0173 paruo\u0161imas <\/strong>: Prie\u0161 tepdami \u012fsitikinkite, kad u\u017esistov\u0117j\u0119s vanduo yra kuo labiau nuleistas, kad produktas gal\u0117t\u0173 tiesiogiai veikti u\u017esikim\u0161usi\u0105 viet\u0105.<\/li>\n<li><strong>Rekomenduojama doz\u0117 <\/strong>: Vienam u\u017esikim\u0161usiam nutekamajam vamzd\u017eiui \u012fpilkite 250 ml produkto, t. y. vienu litru galima i\u0161valyti iki 4 u\u017esikim\u0161im\u0173. Profilaktinei prie\u017ei\u016brai galima reguliariai naudoti ma\u017eesn\u012f kiek\u012f.<\/li>\n<li><strong>\"Unblocker\" programa <\/strong>: L\u0117tai supilkite rekomenduojam\u0105 doz\u0119 tiesiai \u012f pa\u017eeist\u0105 kanalizacij\u0105, nepildami vandens ir nemai\u0161ydami su kitais cheminiais produktais.<\/li>\n<li><strong>Veiksm\u0173 laikas <\/strong>: Leiskite jam veikti 15-30 minu\u010di\u0173, priklausomai nuo u\u017esikim\u0161imo sunkumo. Jei u\u017esikim\u0161imas yra sunkiau \u012fveikiamas, prie\u0161 kruop\u0161\u010diai i\u0161plaudami leiskite jam veikti iki 1 valandos.<\/li>\n<li><strong>Skalavimas ir srauto valdymas <\/strong>: Pra\u0117jus laukimo laikui, kruop\u0161\u010diai nuplaukite kar\u0161tu vandeniu, kad pa\u0161alintum\u0117te i\u0161tirpusius liku\u010dius, ir patikrinkite, ar srautas v\u0117l tapo normalus.<\/li>\n<li><strong>Prevencin\u0117 prie\u017ei\u016bra <\/strong>: Kad ateityje i\u0161vengtum\u0117te u\u017esikim\u0161imo, naudokite kart\u0105 per m\u0117nes\u012f nedideliais kiekiais, kad palaipsniui i\u0161tirpt\u0173 nuos\u0117dos ir b\u016bt\u0173 palaikomas optimalus srautas.<\/li>\n<li><strong>Naudojimo atsargumo priemon\u0117s <\/strong>: Nenaudokite ant aliuminio ar cinko pavir\u0161i\u0173. Venkite s\u0105ly\u010dio su oda ir akimis. Patekus \u012f akis, nedelsiant nuplaukite \u0161variu vandeniu.<\/li>\n<li><strong>Saugojimas ir konservavimas <\/strong>: Produkt\u0105 laikykite v\u0117sioje, sausoje, apsaugotoje nuo \u0161viesos ir vaikams nepasiekiamoje vietoje. Panaudojus sandariai u\u017edarykite, kad nei\u0161garuot\u0173.<\/li>\n<\/ul>\n<p>Naudodami \u0161i\u0105 drena\u017eo atblokavim\u0105 u\u017etikrinan\u010di\u0105 priemon\u0119 veiksmingai pa\u0161alinsite u\u017esikim\u0161imus ir visus metus palaikysite skland\u017ei\u0105 ir veiksming\u0105 drena\u017eo sistem\u0105, u\u017etikrindami greitus, ekonomi\u0161kus ir saugius \u012frengim\u0173 rezultatus.<\/p>","protected":false},"excerpt":{"rendered":"<p>Fast and Effective Clog Removal.\u00a0This drain unblocker is designed to quickly dissolve clogs caused by organic residues, grease, hair, soap, and other debris accumulated in pipes. Its powerful formula penetrates deeply to restore a smooth water flow and prevent unpleasant odors. It is particularly suitable for sinks, washbasins, showers, bathtubs, and household pipes, ensuring optimal [&hellip;]<\/p>\n","protected":false},"featured_media":25757,"comment_status":"open","ping_status":"closed","template":"","meta":{"_uag_custom_page_level_css":"","site-sidebar-layout":"default","site-content-layout":"","ast-site-content-layout":"default","site-content-style":"default","site-sidebar-style":"default","ast-global-header-display":"","ast-banner-title-visibility":"","ast-main-header-display":"","ast-hfb-above-header-display":"","ast-hfb-below-header-display":"","ast-hfb-mobile-header-display":"","site-post-title":"","ast-breadcrumbs-content":"","ast-featured-img":"","footer-sml-layout":"","ast-disable-related-posts":"","theme-transparent-header-meta":"default","adv-header-id-meta":"","stick-header-meta":"","header-above-stick-meta":"","header-main-stick-meta":"","header-below-stick-meta":"","astra-migrate-meta-layouts":"set","ast-page-background-enabled":"default","ast-page-background-meta":{"desktop":{"background-color":"var(--ast-global-color-4)","background-image":"","background-repeat":"repeat","background-position":"center center","background-size":"auto","background-attachment":"scroll","background-type":"","background-media":"","overlay-type":"","overlay-color":"","overlay-opacity":"","overlay-gradient":""},"tablet":{"background-color":"","background-image":"","background-repeat":"repeat","background-position":"center center","background-size":"auto","background-attachment":"scroll","background-type":"","background-media":"","overlay-type":"","overlay-color":"","overlay-opacity":"","overlay-gradient":""},"mobile":{"background-color":"","background-image":"","background-repeat":"repeat","background-position":"center center","background-size":"auto","background-attachment":"scroll","background-type":"","background-media":"","overlay-type":"","overlay-color":"","overlay-opacity":"","overlay-gradient":""}},"ast-content-background-meta":{"desktop":{"background-color":"var(--ast-global-color-5)","background-image":"","background-repeat":"repeat","background-position":"center center","background-size":"auto","background-attachment":"scroll","background-type":"","background-media":"","overlay-type":"","overlay-color":"","overlay-opacity":"","overlay-gradient":""},"tablet":{"background-color":"var(--ast-global-color-5)","background-image":"","background-repeat":"repeat","background-position":"center center","background-size":"auto","background-attachment":"scroll","background-type":"","background-media":"","overlay-type":"","overlay-color":"","overlay-opacity":"","overlay-gradient":""},"mobile":{"background-color":"var(--ast-global-color-5)","background-image":"","background-repeat":"repeat","background-position":"center center","background-size":"auto","background-attachment":"scroll","background-type":"","background-media":"","overlay-type":"","overlay-color":"","overlay-opacity":"","overlay-gradient":""}}},"product_brand":[],"product_cat":[175],"product_tag":[],"class_list":{"0":"post-23205","1":"product","2":"type-product","3":"status-publish","4":"has-post-thumbnail","6":"product_cat-cleaning-products","7":"desktop-align-left","8":"tablet-align-left","9":"mobile-align-left","11":"first","12":"instock","13":"sale","14":"taxable","15":"shipping-taxable","16":"purchasable","17":"product-type-variable","18":"has-default-attributes"},"spectra_custom_meta":{"_visibility":["visible"],"_shopify_product_id":["9062189367541"],"_s2w_shopify_domain":["ferberpainting.myshopify.com"],"_shopify_variant_id":["46487978508533"],"_sku":[""],"_manage_stock":["no"],"total_sales":["57"],"_tax_status":["taxable"],"_tax_class":[""],"_backorders":["no"],"_sold_individually":["no"],"_virtual":["no"],"_downloadable":["no"],"_download_limit":["-1"],"_download_expiry":["-1"],"_stock":[null],"_stock_status":["instock"],"_wc_average_rating":["5.00"],"_wc_review_count":["6"],"_product_attributes":["a:1:{s:6:\"volume\";a:6:{s:4:\"name\";s:6:\"Volume\";s:5:\"value\";s:20:\"5 liters | 25 liters\";s:8:\"position\";i:1;s:10:\"is_visible\";i:0;s:12:\"is_variation\";i:1;s:11:\"is_taxonomy\";i:0;}}"],"_product_version":["10.5.1"],"_thumbnail_id":["25757"],"_product_image_gallery":["25758"],"wpse_downloadable_file_names":[""],"wpse_downloadable_file_urls":[""],"_edit_last":["1"],"_default_attributes":["a:1:{s:6:\"volume\";s:8:\"5 liters\";}"],"_edit_lock":["1771159789:1"],"merchant-center-availability":["yes"],"merchant-center-category":["1749"],"_price":["29.90","129.90"],"_wp_page_template":["default"],"site-sidebar-layout":["default"],"ast-site-content-layout":["default"],"site-content-style":["default"],"site-sidebar-style":["default"],"theme-transparent-header-meta":["default"],"_wc_rating_count":["a:1:{i:5;i:6;}"],"astra-migrate-meta-layouts":["set"],"_uag_css_file_name":["uag-css-23205.css"],"_elementor_page_assets":["a:0:{}"],"_uag_page_assets":["a:9:{s:3:\"css\";s:6873:\".wp-block-uagb-image{display:flex}.wp-block-uagb-image__figure{position:relative;display:flex;flex-direction:column;max-width:100%;height:auto;margin:0}.wp-block-uagb-image__figure img{height:auto;display:flex;max-width:100%;transition:box-shadow .2s ease}.wp-block-uagb-image__figure>a{display:inline-block}.wp-block-uagb-image__figure figcaption{text-align:center;margin-top:.5em;margin-bottom:1em}.wp-block-uagb-image .components-placeholder.block-editor-media-placeholder .components-placeholder__instructions{align-self:center}.wp-block-uagb-image--align-left{text-align:left}.wp-block-uagb-image--align-right{text-align:right}.wp-block-uagb-image--align-center{text-align:center}.wp-block-uagb-image--align-full .wp-block-uagb-image__figure{margin-left:calc(50% - 50vw);margin-right:calc(50% - 50vw);max-width:100vw;width:100vw;height:auto}.wp-block-uagb-image--align-full .wp-block-uagb-image__figure img{height:auto;width:100% !important}.wp-block-uagb-image--align-wide .wp-block-uagb-image__figure img{height:auto;width:100%}.wp-block-uagb-image--layout-overlay__color-wrapper{position:absolute;left:0;top:0;right:0;bottom:0;opacity:.2;background:rgba(0,0,0,.5);transition:opacity .35s ease-in-out}.wp-block-uagb-image--layout-overlay-link{position:absolute;left:0;right:0;bottom:0;top:0}.wp-block-uagb-image--layout-overlay .wp-block-uagb-image__figure:hover .wp-block-uagb-image--layout-overlay__color-wrapper{opacity:1}.wp-block-uagb-image--layout-overlay__inner{position:absolute;left:15px;right:15px;bottom:15px;top:15px;display:flex;align-items:center;justify-content:center;flex-direction:column;border-color:#fff;transition:.35s ease-in-out}.wp-block-uagb-image--layout-overlay__inner.top-left,.wp-block-uagb-image--layout-overlay__inner.top-center,.wp-block-uagb-image--layout-overlay__inner.top-right{justify-content:flex-start}.wp-block-uagb-image--layout-overlay__inner.bottom-left,.wp-block-uagb-image--layout-overlay__inner.bottom-center,.wp-block-uagb-image--layout-overlay__inner.bottom-right{justify-content:flex-end}.wp-block-uagb-image--layout-overlay__inner.top-left,.wp-block-uagb-image--layout-overlay__inner.center-left,.wp-block-uagb-image--layout-overlay__inner.bottom-left{align-items:flex-start}.wp-block-uagb-image--layout-overlay__inner.top-right,.wp-block-uagb-image--layout-overlay__inner.center-right,.wp-block-uagb-image--layout-overlay__inner.bottom-right{align-items:flex-end}.wp-block-uagb-image--layout-overlay__inner .uagb-image-heading{color:#fff;transition:transform .35s,opacity .35s ease-in-out;transform:translate3d(0, 24px, 0);margin:0;line-height:1em}.wp-block-uagb-image--layout-overlay__inner .uagb-image-separator{width:30%;border-top-width:2px;border-top-color:#fff;border-top-style:solid;margin-bottom:10px;opacity:0;transition:transform .4s,opacity .4s ease-in-out;transform:translate3d(0, 30px, 0)}.wp-block-uagb-image--layout-overlay__inner .uagb-image-caption{opacity:0;overflow:visible;color:#fff;transition:transform .45s,opacity .45s ease-in-out;transform:translate3d(0, 35px, 0)}.wp-block-uagb-image--layout-overlay__inner:hover .uagb-image-heading,.wp-block-uagb-image--layout-overlay__inner:hover .uagb-image-separator,.wp-block-uagb-image--layout-overlay__inner:hover .uagb-image-caption{opacity:1;transform:translate3d(0, 0, 0)}.wp-block-uagb-image--effect-zoomin .wp-block-uagb-image__figure img,.wp-block-uagb-image--effect-zoomin .wp-block-uagb-image__figure .wp-block-uagb-image--layout-overlay__color-wrapper{transform:scale(1);transition:transform .35s ease-in-out}.wp-block-uagb-image--effect-zoomin .wp-block-uagb-image__figure:hover img,.wp-block-uagb-image--effect-zoomin .wp-block-uagb-image__figure:hover .wp-block-uagb-image--layout-overlay__color-wrapper{transform:scale(1.05)}.wp-block-uagb-image--effect-slide .wp-block-uagb-image__figure img,.wp-block-uagb-image--effect-slide .wp-block-uagb-image__figure .wp-block-uagb-image--layout-overlay__color-wrapper{width:calc(100% + 40px) !important;max-width:none !important;transform:translate3d(-40px, 0, 0);transition:transform .35s ease-in-out}.wp-block-uagb-image--effect-slide .wp-block-uagb-image__figure:hover img,.wp-block-uagb-image--effect-slide .wp-block-uagb-image__figure:hover .wp-block-uagb-image--layout-overlay__color-wrapper{transform:translate3d(0, 0, 0)}.wp-block-uagb-image--effect-grayscale img{filter:grayscale(0%);transition:.35s ease-in-out}.wp-block-uagb-image--effect-grayscale:hover img{filter:grayscale(100%)}.wp-block-uagb-image--effect-blur img{filter:blur(0);transition:.35s ease-in-out}.wp-block-uagb-image--effect-blur:hover img{filter:blur(3px)}.uagb-block-e6f939b3.wp-block-uagb-image--layout-default figure img{box-shadow: 0px 0px 0 #00000070;}.uagb-block-e6f939b3.wp-block-uagb-image .wp-block-uagb-image__figure figcaption{font-style: normal;align-self: center;}.uagb-block-e6f939b3.wp-block-uagb-image--layout-overlay figure img{box-shadow: 0px 0px 0 #00000070;}.uagb-block-e6f939b3.wp-block-uagb-image--layout-overlay .wp-block-uagb-image--layout-overlay__color-wrapper{opacity: 0.2;}.uagb-block-e6f939b3.wp-block-uagb-image--layout-overlay .wp-block-uagb-image--layout-overlay__inner{left: 15px;right: 15px;top: 15px;bottom: 15px;}.uagb-block-e6f939b3.wp-block-uagb-image--layout-overlay .wp-block-uagb-image--layout-overlay__inner .uagb-image-heading{font-style: normal;color: #fff;opacity: 1;}.uagb-block-e6f939b3.wp-block-uagb-image--layout-overlay .wp-block-uagb-image--layout-overlay__inner .uagb-image-heading a{color: #fff;}.uagb-block-e6f939b3.wp-block-uagb-image--layout-overlay .wp-block-uagb-image--layout-overlay__inner .uagb-image-caption{opacity: 0;}.uagb-block-e6f939b3.wp-block-uagb-image--layout-overlay .wp-block-uagb-image__figure:hover .wp-block-uagb-image--layout-overlay__color-wrapper{opacity: 1;}.uagb-block-e6f939b3.wp-block-uagb-image .wp-block-uagb-image--layout-overlay__inner .uagb-image-separator{width: 30%;border-top-width: 2px;border-top-color: #fff;opacity: 0;}.uagb-block-e6f939b3.wp-block-uagb-image .wp-block-uagb-image__figure img{width: px;height: auto;}.uagb-block-e6f939b3.wp-block-uagb-image .wp-block-uagb-image__figure:hover .wp-block-uagb-image--layout-overlay__inner .uagb-image-caption{opacity: 1;}.uagb-block-e6f939b3.wp-block-uagb-image .wp-block-uagb-image__figure:hover .wp-block-uagb-image--layout-overlay__inner .uagb-image-separator{opacity: 1;}.uagb-block-e6f939b3.wp-block-uagb-image--layout-default figure:hover img{box-shadow: 0px 0px 0 #00000070;}.uagb-block-e6f939b3.wp-block-uagb-image--layout-overlay figure:hover img{box-shadow: 0px 0px 0 #00000070;}@media only screen and (max-width: 976px) {.uagb-block-e6f939b3.wp-block-uagb-image .wp-block-uagb-image__figure img{width: px;height: auto;}}@media only screen and (max-width: 767px) {.uagb-block-e6f939b3.wp-block-uagb-image .wp-block-uagb-image__figure img{width: px;height: auto;}}\";s:2:\"js\";s:0:\"\";s:18:\"current_block_list\";a:13:{i:0;s:11:\"core\/search\";i:1;s:10:\"core\/group\";i:2;s:12:\"core\/heading\";i:3;s:17:\"core\/latest-posts\";i:4;s:20:\"core\/latest-comments\";i:5;s:13:\"core\/archives\";i:6;s:15:\"core\/categories\";i:7;s:14:\"core\/paragraph\";i:8;s:10:\"uagb\/image\";i:9;s:11:\"core\/spacer\";i:10;s:30:\"woocommerce\/product-categories\";i:11;s:10:\"core\/image\";i:12;s:14:\"core\/shortcode\";}s:8:\"uag_flag\";b:1;s:11:\"uag_version\";s:10:\"1777233786\";s:6:\"gfonts\";a:0:{}s:10:\"gfonts_url\";s:0:\"\";s:12:\"gfonts_files\";a:0:{}s:14:\"uag_faq_layout\";b:0;}"]},"uagb_featured_image_src":{"full":["https:\/\/www.ferberpainting.com\/wp-content\/uploads\/2025\/05\/DrainUnblocker5L.png",2560,2560,false],"thumbnail":["https:\/\/www.ferberpainting.com\/wp-content\/uploads\/2025\/05\/DrainUnblocker5L-150x150.png",150,150,true],"medium":["https:\/\/www.ferberpainting.com\/wp-content\/uploads\/2025\/05\/DrainUnblocker5L-300x300.png",300,300,true],"medium_large":["https:\/\/www.ferberpainting.com\/wp-content\/uploads\/2025\/05\/DrainUnblocker5L-768x768.png",768,768,true],"large":["https:\/\/www.ferberpainting.com\/wp-content\/uploads\/2025\/05\/DrainUnblocker5L-1024x1024.png",1024,1024,true],"1536x1536":["https:\/\/www.ferberpainting.com\/wp-content\/uploads\/2025\/05\/DrainUnblocker5L-1536x1536.png",1536,1536,true],"2048x2048":["https:\/\/www.ferberpainting.com\/wp-content\/uploads\/2025\/05\/DrainUnblocker5L-2048x2048.png",2048,2048,true],"trp-custom-language-flag":["https:\/\/www.ferberpainting.com\/wp-content\/uploads\/2025\/05\/DrainUnblocker5L-12x12.png",12,12,true],"woocommerce_thumbnail":["https:\/\/www.ferberpainting.com\/wp-content\/uploads\/2025\/05\/DrainUnblocker5L-300x300.png",300,300,true],"woocommerce_single":["https:\/\/www.ferberpainting.com\/wp-content\/uploads\/2025\/05\/DrainUnblocker5L-600x600.png",600,600,true],"woocommerce_gallery_thumbnail":["https:\/\/www.ferberpainting.com\/wp-content\/uploads\/2025\/05\/DrainUnblocker5L-100x100.png",100,100,true]},"uagb_author_info":{"display_name":"admin","author_link":"https:\/\/www.ferberpainting.com\/lt\/author\/"},"uagb_comment_info":6,"uagb_excerpt":"Fast and Effective Clog Removal.\u00a0This drain unblocker is designed to quickly dissolve clogs caused by organic residues, grease, hair, soap, and other debris accumulated in pipes. Its powerful formula penetrates deeply to restore a smooth water flow and prevent unpleasant odors. It is particularly suitable for sinks, washbasins, showers, bathtubs, and household pipes, ensuring optimal&hellip;","_links":{"self":[{"href":"https:\/\/www.ferberpainting.com\/lt\/wp-json\/wp\/v2\/product\/23205","targetHints":{"allow":["GET"]}}],"collection":[{"href":"https:\/\/www.ferberpainting.com\/lt\/wp-json\/wp\/v2\/product"}],"about":[{"href":"https:\/\/www.ferberpainting.com\/lt\/wp-json\/wp\/v2\/types\/product"}],"replies":[{"embeddable":true,"href":"https:\/\/www.ferberpainting.com\/lt\/wp-json\/wp\/v2\/comments?post=23205"}],"version-history":[{"count":4,"href":"https:\/\/www.ferberpainting.com\/lt\/wp-json\/wp\/v2\/product\/23205\/revisions"}],"predecessor-version":[{"id":166102,"href":"https:\/\/www.ferberpainting.com\/lt\/wp-json\/wp\/v2\/product\/23205\/revisions\/166102"}],"wp:featuredmedia":[{"embeddable":true,"href":"https:\/\/www.ferberpainting.com\/lt\/wp-json\/wp\/v2\/media\/25757"}],"wp:attachment":[{"href":"https:\/\/www.ferberpainting.com\/lt\/wp-json\/wp\/v2\/media?parent=23205"}],"wp:term":[{"taxonomy":"product_brand","embeddable":true,"href":"https:\/\/www.ferberpainting.com\/lt\/wp-json\/wp\/v2\/product_brand?post=23205"},{"taxonomy":"product_cat","embeddable":true,"href":"https:\/\/www.ferberpainting.com\/lt\/wp-json\/wp\/v2\/product_cat?post=23205"},{"taxonomy":"product_tag","embeddable":true,"href":"https:\/\/www.ferberpainting.com\/lt\/wp-json\/wp\/v2\/product_tag?post=23205"}],"curies":[{"name":"wp","href":"https:\/\/api.w.org\/{rel}","templated":true}]}}