{"id":23171,"date":"2025-07-01T16:43:49","date_gmt":"2025-07-01T14:43:49","guid":{"rendered":"https:\/\/www.ferberpainting.com\/?post_type=product&#038;p=23171"},"modified":"2026-02-15T13:36:11","modified_gmt":"2026-02-15T12:36:11","slug":"concrete-and-cement-water-repellent","status":"publish","type":"product","link":"https:\/\/www.ferberpainting.com\/lt\/products\/concrete-and-cement-water-repellent\/","title":{"rendered":"Hidrofobin\u0117 priemon\u0117 betonui ir cementui"},"content":{"rendered":"<p><img decoding=\"async\" style=\"margin-right: 12px;\" src=\"https:\/\/www.ferberpainting.com\/wp-content\/uploads\/2026\/02\/Check.svg\" alt=\"\" width=\"18\" height=\"15\" \/><strong>Optimali apsauga nuo dr\u0117gm\u0117s.<\/strong>\u00a0Betono ir cemento hidroizoliacija yra idealus sprendimas, apsaugantis betoninius pavir\u0161ius nuo dr\u0117gm\u0117s, vandens prasiskverbimo ir su dr\u0117gme susijusio irimo. Sukurdamas hidrofobin\u012f barjer\u0105, jis neleid\u017eia prasiskverbti vandeniui, kartu leisdamas med\u017eiagai kv\u0117puoti, o tai labai svarbu norint i\u0161vengti pel\u0117sio susidarymo ir prailginti konstrukcij\u0173 tarnavimo laik\u0105.<\/p>\n<p><img decoding=\"async\" style=\"margin-right: 12px;\" src=\"https:\/\/www.ferberpainting.com\/wp-content\/uploads\/2026\/02\/Check.svg\" alt=\"\" width=\"18\" height=\"15\" \/><strong>Pinig\u0173 gr\u0105\u017einimo garantija.<\/strong>\u00a0Esame visi\u0161kai \u012fsitikin\u0119 savo produkto veiksmingumu, tod\u0117l si\u016blome pasitenkinimo arba pinig\u0173 gr\u0105\u017einimo garantij\u0105. Jei nesate visi\u0161kai patenkinti, galite pra\u0161yti gr\u0105\u017einti vis\u0105 sumok\u0117t\u0105 sum\u0105. \u0160i garantija suteikia galimyb\u0119 nerizikuojant ir ramiai i\u0161bandyti produkt\u0105.<\/p>\n<p><img decoding=\"async\" style=\"margin-right: 12px;\" src=\"https:\/\/www.ferberpainting.com\/wp-content\/uploads\/2026\/02\/Check.svg\" alt=\"\" width=\"18\" height=\"15\" \/><strong>Universalus pritaikymas.<\/strong>\u00a0\u0160is produktas specialiai sukurtas betono ir cemento, taip pat pana\u0161i\u0173 med\u017eiag\u0173, pavyzd\u017eiui, skiedinio ir lyginamojo sluoksnio, apdorojimui. Nesvarbu, ar tai b\u016bt\u0173 lauko konstrukcijos, pavyzd\u017eiui, sienos, priva\u017eiavimai, terasos, ar pamatai ir r\u016bsiai, \u0161is impregnantas yra universalus sprendimas, atitinkantis \u012fvairius apsaugos poreikius.<\/p>\n<p><img decoding=\"async\" style=\"margin-right: 12px;\" src=\"https:\/\/www.ferberpainting.com\/wp-content\/uploads\/2026\/02\/Check.svg\" alt=\"\" width=\"18\" height=\"15\" \/><strong>Ekonomi\u0161kas veikimas.<\/strong>\u00a0Betono ir cemento hidroizoliacija pasi\u017eymi puikiu ekonomi\u0161kumu. Viena 5 litr\u0173 talpa padengia 30-50 m\u00b2 plot\u0105, priklausomai nuo pavir\u0161iaus por\u0117tumo. Tai leid\u017eia palyginti nebrangiu produktu apdoroti didelius plotus. D\u0117l jo efektyvumo ilgalaikei pavir\u0161iaus apsaugai paprastai u\u017etenka tik vieno u\u017etepimo.<\/p>\n<p><img decoding=\"async\" style=\"margin-right: 12px;\" src=\"https:\/\/www.ferberpainting.com\/wp-content\/uploads\/2026\/02\/Check.svg\" alt=\"\" width=\"18\" height=\"15\" \/><strong>Saugus naudotojams ir aplinkai.<\/strong>\u00a0\u0160is hidroizoliatorius, kurio sud\u0117tyje yra kruop\u0161\u010diai atrinkt\u0173 ingredient\u0173, nekelia pavojaus sveikatai, jei naudojamas taip, kaip nurodyta. Be to, jis nekenkia aplinkai, nes nei\u0161skiria toksini\u0173 med\u017eiag\u0173 ir neter\u0161ia dirvo\u017eemio ar vandens. J\u012f galima saugiai naudoti net u\u017edarose patalpose arba \u0161alia augal\u0173 ir jautri\u0173 zon\u0173.<\/p>\n<p><img decoding=\"async\" style=\"margin-right: 12px;\" src=\"https:\/\/www.ferberpainting.com\/wp-content\/uploads\/2026\/02\/Check.svg\" alt=\"\" width=\"18\" height=\"15\" \/><strong>Paprastas ir greitas naudojimas.<\/strong>\u00a0\u0160\u012f gamin\u012f labai lengva naudoti. Paruo\u0161tas naudoti, jo nereikia skiesti ar specialiai ruo\u0161ti, tod\u0117l j\u012f galima naudoti greitai ir be r\u016bpes\u010di\u0173. Tiesiog purk\u0161kite arba teptuku ar voleliu u\u017etepkite ant norim\u0173 pavir\u0161i\u0173. Tiesioginis jo naudojimas nereikalauja speciali\u0173 \u012fg\u016bd\u017ei\u0173, tod\u0117l jis tinka net \"pasidaryk pats\" naudotojams.<\/p>\n<p><img decoding=\"async\" style=\"margin-right: 12px;\" src=\"https:\/\/www.ferberpainting.com\/wp-content\/uploads\/2026\/02\/Check.svg\" alt=\"\" width=\"18\" height=\"15\" \/><strong>I\u0161skirtinis patvarumas.<\/strong>\u00a0U\u017etepus hidroizoliacin\u0119 med\u017eiag\u0105, susidaro ilgaam\u017eis, oro s\u0105lygoms atsparus apsauginis barjeras. D\u0117l auk\u0161tos kokyb\u0117s formul\u0117s ji sukuria nematom\u0105 vandeniui atspari\u0105 pl\u0117vel\u0119, kuri neleid\u017eia vandeniui prasiskverbti \u012f beton\u0105 ar cement\u0105. Priklausomai nuo poveikio ir pavir\u0161iaus prie\u017ei\u016bros, apsauga i\u0161lieka veiksminga kelis m\u0117nesius ar net metus.<\/p>\n<p><img decoding=\"async\" style=\"margin-right: 12px;\" src=\"https:\/\/www.ferberpainting.com\/wp-content\/uploads\/2026\/02\/Check.svg\" alt=\"\" width=\"18\" height=\"15\" \/><strong>Greitas efektyvumas.<\/strong>\u00a0\u0160is produktas veikia greitai. U\u017eteptas jis i\u0161 karto \u012fsiskverbia giliai \u012f betono ar cemento poras ir per labai trump\u0105 laik\u0105 pradeda formuoti apsaugin\u012f barjer\u0105. Priklausomai nuo klimato s\u0105lyg\u0173, jis i\u0161d\u017ei\u016bsta ma\u017edaug per 30-60 minu\u010di\u0173, tod\u0117l apdorot\u0105 plot\u0105 galima greitai naudoti pakartotinai, nelaukiant valand\u0173 ar dien\u0173, kol bus visi\u0161kai apsaugotas.<\/p>\n<h2><strong>Naudojimo protokolas<\/strong><\/h2>\n<ul>\n<li><strong>Pavir\u0161iaus paruo\u0161imas <\/strong>: Prie\u0161 tepdami impregnant\u0105 \u012fsitikinkite, kad pavir\u0161ius yra \u0161varus, sausas, ant jo n\u0117ra dulki\u0173, purvo ar alyvos. Jei reikia, nuvalykite pavir\u0161i\u0173 tinkamu valikliu ir leiskite jam i\u0161d\u017ei\u016bti 24 valandas. Kad b\u016bt\u0173 u\u017etikrintas optimalus sukibimas, prie\u0161 tepant pavir\u0161ius turi b\u016bti visi\u0161kai sausas.<\/li>\n<li><strong>Produkto taikymas <\/strong>: Vandeniui atspari priemon\u0117 yra paruo\u0161ta naudoti - skiedimo nereikia. Prie\u0161 kiekvien\u0105 naudojim\u0105 gerai suplakite. Tolygiai u\u017etepkite purk\u0161tuvu, teptuku arba voleliu. Dideliems pavir\u0161iams rekomenduojama naudoti purk\u0161tuv\u0105, kad grei\u010diau ir tolygiau padengtum\u0117te.<\/li>\n<li><strong>Naudotina suma <\/strong>: Priklausomai nuo akytumo, vienas litras apdoroja ma\u017edaug 6-10 m\u00b2. Svarbu i\u0161 anksto \u012fvertinti pavir\u0161iaus plot\u0105. Jei pavir\u0161ius labai por\u0117tas, pra\u0117jus 15-20 minu\u010di\u0173 po pirmojo tepimo, u\u017etepkite antr\u0105j\u012f sluoksn\u012f, kad sustiprintum\u0117te apsaug\u0105.<\/li>\n<li><strong>D\u017ei\u016bvimo laikas <\/strong>: Po u\u017etepimo leiskite produktui i\u0161d\u017ei\u016bti nuo 30 iki 60 minu\u010di\u0173, priklausomai nuo dr\u0117gm\u0117s ir aplinkos temperat\u016bros. Prie\u0161 naudodami arba veikiami vandens, \u012fsitikinkite, kad pavir\u0161ius visi\u0161kai i\u0161d\u017ei\u016bvo. Kad u\u017etikrintum\u0117te maksimal\u0173 veikim\u0105, pirm\u0105sias valandas po u\u017etepimo venkite dr\u0117gm\u0117s poveikio pavir\u0161iui.<\/li>\n<li><strong>Pakartotin\u0117 parai\u0161ka <\/strong>: Priklausomai nuo oro s\u0105lyg\u0173 poveikio ir pavir\u0161iaus nusid\u0117v\u0117jimo, tepkite kas 12-18 m\u0117nesi\u0173. Jei v\u0117l atsiranda dr\u0117gm\u0117s po\u017eymi\u0173 arba pradeda skverbtis vanduo, v\u0117l u\u017etepkite nauj\u0105 sluoksn\u012f, kad b\u016bt\u0173 atkurtas visas veiksmingumas.<\/li>\n<li><strong>Technin\u0117 prie\u017ei\u016bra <\/strong>: Nor\u0117dami prailginti gaminio tarnavimo laik\u0105, ant apdorot\u0173 pavir\u0161i\u0173 nenaudokite abrazyvini\u0173 ar a\u0161tri\u0173 chemini\u0173 valikli\u0173. Pirmenyb\u0119 teikite \u0161velniam valymui vandeniu ir mink\u0161ta \u0161luoste.<\/li>\n<\/ul>\n<p>Betono ir cemento hidroizoliacija yra visapusi\u0161kas, veiksmingas ir ekonomi\u0161kas sprendimas, apsaugantis j\u016bs\u0173 pavir\u0161ius nuo dr\u0117gm\u0117s. D\u0117l paprasto naudojimo, greito veikimo ir ilgaam\u017ei\u0161kumo tai yra geriausias produktas betono ir cemento konstrukcij\u0173 ilgaam\u017ei\u0161kumui i\u0161saugoti. D\u0117l netoksi\u0161kos formul\u0117s ir ekologinio saugumo j\u012f gali ramiai naudoti kiekvienas.<\/p>","protected":false},"excerpt":{"rendered":"<p>Optimal Protection Against Moisture.\u00a0The concrete and cement waterproofer is the ideal solution to protect concrete surfaces from moisture, water infiltration, and humidity-related degradation. By creating a hydrophobic barrier, it prevents water from penetrating while allowing the material to breathe, which is essential to prevent mold formation and extend the lifespan of structures. Money-back guarantee.\u00a0We have [&hellip;]<\/p>\n","protected":false},"featured_media":36478,"comment_status":"open","ping_status":"closed","template":"","meta":{"_uag_custom_page_level_css":"","site-sidebar-layout":"default","site-content-layout":"","ast-site-content-layout":"default","site-content-style":"default","site-sidebar-style":"default","ast-global-header-display":"","ast-banner-title-visibility":"","ast-main-header-display":"","ast-hfb-above-header-display":"","ast-hfb-below-header-display":"","ast-hfb-mobile-header-display":"","site-post-title":"","ast-breadcrumbs-content":"","ast-featured-img":"","footer-sml-layout":"","ast-disable-related-posts":"","theme-transparent-header-meta":"default","adv-header-id-meta":"","stick-header-meta":"","header-above-stick-meta":"","header-main-stick-meta":"","header-below-stick-meta":"","astra-migrate-meta-layouts":"set","ast-page-background-enabled":"default","ast-page-background-meta":{"desktop":{"background-color":"var(--ast-global-color-4)","background-image":"","background-repeat":"repeat","background-position":"center center","background-size":"auto","background-attachment":"scroll","background-type":"","background-media":"","overlay-type":"","overlay-color":"","overlay-opacity":"","overlay-gradient":""},"tablet":{"background-color":"","background-image":"","background-repeat":"repeat","background-position":"center center","background-size":"auto","background-attachment":"scroll","background-type":"","background-media":"","overlay-type":"","overlay-color":"","overlay-opacity":"","overlay-gradient":""},"mobile":{"background-color":"","background-image":"","background-repeat":"repeat","background-position":"center center","background-size":"auto","background-attachment":"scroll","background-type":"","background-media":"","overlay-type":"","overlay-color":"","overlay-opacity":"","overlay-gradient":""}},"ast-content-background-meta":{"desktop":{"background-color":"var(--ast-global-color-5)","background-image":"","background-repeat":"repeat","background-position":"center center","background-size":"auto","background-attachment":"scroll","background-type":"","background-media":"","overlay-type":"","overlay-color":"","overlay-opacity":"","overlay-gradient":""},"tablet":{"background-color":"var(--ast-global-color-5)","background-image":"","background-repeat":"repeat","background-position":"center center","background-size":"auto","background-attachment":"scroll","background-type":"","background-media":"","overlay-type":"","overlay-color":"","overlay-opacity":"","overlay-gradient":""},"mobile":{"background-color":"var(--ast-global-color-5)","background-image":"","background-repeat":"repeat","background-position":"center center","background-size":"auto","background-attachment":"scroll","background-type":"","background-media":"","overlay-type":"","overlay-color":"","overlay-opacity":"","overlay-gradient":""}}},"product_brand":[],"product_cat":[176,191],"product_tag":[],"class_list":{"0":"post-23171","1":"product","2":"type-product","3":"status-publish","4":"has-post-thumbnail","6":"product_cat-concrete-treatment","7":"product_cat-water-repellent","8":"desktop-align-left","9":"tablet-align-left","10":"mobile-align-left","12":"first","13":"instock","14":"sale","15":"shipping-taxable","16":"purchasable","17":"product-type-variable","18":"has-default-attributes"},"spectra_custom_meta":{"_visibility":["visible"],"_shopify_product_id":["9106591973621"],"_s2w_shopify_domain":["ferberpainting.myshopify.com"],"_shopify_variant_id":["46626306851061"],"_sku":[""],"_manage_stock":["no"],"total_sales":["61"],"_tax_status":["taxable"],"_tax_class":[""],"_backorders":["no"],"_sold_individually":["no"],"_virtual":["no"],"_downloadable":["no"],"_download_limit":["-1"],"_download_expiry":["-1"],"_stock":[null],"_stock_status":["instock"],"_wc_average_rating":["5.00"],"_wc_review_count":["10"],"_product_attributes":["a:1:{s:6:\"volume\";a:6:{s:4:\"name\";s:6:\"Volume\";s:5:\"value\";s:20:\"5 liters | 25 liters\";s:8:\"position\";i:1;s:10:\"is_visible\";i:0;s:12:\"is_variation\";i:1;s:11:\"is_taxonomy\";i:0;}}"],"_product_version":["10.5.1"],"wpse_downloadable_file_names":[""],"wpse_downloadable_file_urls":[""],"_edit_last":["1"],"_default_attributes":["a:1:{s:6:\"volume\";s:8:\"5 liters\";}"],"_edit_lock":["1771158831:1"],"_price":["29.90","129.90"],"merchant-center-availability":["yes"],"merchant-center-category":["503744"],"_thumbnail_id":["36478"],"_wp_page_template":["default"],"_wp_old_date":["2025-05-26"],"_product_image_gallery":["36479"],"site-sidebar-layout":["default"],"ast-site-content-layout":["default"],"site-content-style":["default"],"site-sidebar-style":["default"],"theme-transparent-header-meta":["default"],"_wc_rating_count":["a:1:{i:5;i:10;}"],"astra-migrate-meta-layouts":["set"],"_uag_css_file_name":["uag-css-23171.css"],"_elementor_page_assets":["a:0:{}"],"_uag_page_assets":["a:9:{s:3:\"css\";s:6873:\".wp-block-uagb-image{display:flex}.wp-block-uagb-image__figure{position:relative;display:flex;flex-direction:column;max-width:100%;height:auto;margin:0}.wp-block-uagb-image__figure img{height:auto;display:flex;max-width:100%;transition:box-shadow .2s ease}.wp-block-uagb-image__figure>a{display:inline-block}.wp-block-uagb-image__figure figcaption{text-align:center;margin-top:.5em;margin-bottom:1em}.wp-block-uagb-image .components-placeholder.block-editor-media-placeholder .components-placeholder__instructions{align-self:center}.wp-block-uagb-image--align-left{text-align:left}.wp-block-uagb-image--align-right{text-align:right}.wp-block-uagb-image--align-center{text-align:center}.wp-block-uagb-image--align-full .wp-block-uagb-image__figure{margin-left:calc(50% - 50vw);margin-right:calc(50% - 50vw);max-width:100vw;width:100vw;height:auto}.wp-block-uagb-image--align-full .wp-block-uagb-image__figure img{height:auto;width:100% !important}.wp-block-uagb-image--align-wide .wp-block-uagb-image__figure img{height:auto;width:100%}.wp-block-uagb-image--layout-overlay__color-wrapper{position:absolute;left:0;top:0;right:0;bottom:0;opacity:.2;background:rgba(0,0,0,.5);transition:opacity .35s ease-in-out}.wp-block-uagb-image--layout-overlay-link{position:absolute;left:0;right:0;bottom:0;top:0}.wp-block-uagb-image--layout-overlay .wp-block-uagb-image__figure:hover .wp-block-uagb-image--layout-overlay__color-wrapper{opacity:1}.wp-block-uagb-image--layout-overlay__inner{position:absolute;left:15px;right:15px;bottom:15px;top:15px;display:flex;align-items:center;justify-content:center;flex-direction:column;border-color:#fff;transition:.35s ease-in-out}.wp-block-uagb-image--layout-overlay__inner.top-left,.wp-block-uagb-image--layout-overlay__inner.top-center,.wp-block-uagb-image--layout-overlay__inner.top-right{justify-content:flex-start}.wp-block-uagb-image--layout-overlay__inner.bottom-left,.wp-block-uagb-image--layout-overlay__inner.bottom-center,.wp-block-uagb-image--layout-overlay__inner.bottom-right{justify-content:flex-end}.wp-block-uagb-image--layout-overlay__inner.top-left,.wp-block-uagb-image--layout-overlay__inner.center-left,.wp-block-uagb-image--layout-overlay__inner.bottom-left{align-items:flex-start}.wp-block-uagb-image--layout-overlay__inner.top-right,.wp-block-uagb-image--layout-overlay__inner.center-right,.wp-block-uagb-image--layout-overlay__inner.bottom-right{align-items:flex-end}.wp-block-uagb-image--layout-overlay__inner .uagb-image-heading{color:#fff;transition:transform .35s,opacity .35s ease-in-out;transform:translate3d(0, 24px, 0);margin:0;line-height:1em}.wp-block-uagb-image--layout-overlay__inner .uagb-image-separator{width:30%;border-top-width:2px;border-top-color:#fff;border-top-style:solid;margin-bottom:10px;opacity:0;transition:transform .4s,opacity .4s ease-in-out;transform:translate3d(0, 30px, 0)}.wp-block-uagb-image--layout-overlay__inner .uagb-image-caption{opacity:0;overflow:visible;color:#fff;transition:transform .45s,opacity .45s ease-in-out;transform:translate3d(0, 35px, 0)}.wp-block-uagb-image--layout-overlay__inner:hover .uagb-image-heading,.wp-block-uagb-image--layout-overlay__inner:hover .uagb-image-separator,.wp-block-uagb-image--layout-overlay__inner:hover .uagb-image-caption{opacity:1;transform:translate3d(0, 0, 0)}.wp-block-uagb-image--effect-zoomin .wp-block-uagb-image__figure img,.wp-block-uagb-image--effect-zoomin .wp-block-uagb-image__figure .wp-block-uagb-image--layout-overlay__color-wrapper{transform:scale(1);transition:transform .35s ease-in-out}.wp-block-uagb-image--effect-zoomin .wp-block-uagb-image__figure:hover img,.wp-block-uagb-image--effect-zoomin .wp-block-uagb-image__figure:hover .wp-block-uagb-image--layout-overlay__color-wrapper{transform:scale(1.05)}.wp-block-uagb-image--effect-slide .wp-block-uagb-image__figure img,.wp-block-uagb-image--effect-slide .wp-block-uagb-image__figure .wp-block-uagb-image--layout-overlay__color-wrapper{width:calc(100% + 40px) !important;max-width:none !important;transform:translate3d(-40px, 0, 0);transition:transform .35s ease-in-out}.wp-block-uagb-image--effect-slide .wp-block-uagb-image__figure:hover img,.wp-block-uagb-image--effect-slide .wp-block-uagb-image__figure:hover .wp-block-uagb-image--layout-overlay__color-wrapper{transform:translate3d(0, 0, 0)}.wp-block-uagb-image--effect-grayscale img{filter:grayscale(0%);transition:.35s ease-in-out}.wp-block-uagb-image--effect-grayscale:hover img{filter:grayscale(100%)}.wp-block-uagb-image--effect-blur img{filter:blur(0);transition:.35s ease-in-out}.wp-block-uagb-image--effect-blur:hover img{filter:blur(3px)}.uagb-block-e6f939b3.wp-block-uagb-image--layout-default figure img{box-shadow: 0px 0px 0 #00000070;}.uagb-block-e6f939b3.wp-block-uagb-image .wp-block-uagb-image__figure figcaption{font-style: normal;align-self: center;}.uagb-block-e6f939b3.wp-block-uagb-image--layout-overlay figure img{box-shadow: 0px 0px 0 #00000070;}.uagb-block-e6f939b3.wp-block-uagb-image--layout-overlay .wp-block-uagb-image--layout-overlay__color-wrapper{opacity: 0.2;}.uagb-block-e6f939b3.wp-block-uagb-image--layout-overlay .wp-block-uagb-image--layout-overlay__inner{left: 15px;right: 15px;top: 15px;bottom: 15px;}.uagb-block-e6f939b3.wp-block-uagb-image--layout-overlay .wp-block-uagb-image--layout-overlay__inner .uagb-image-heading{font-style: normal;color: #fff;opacity: 1;}.uagb-block-e6f939b3.wp-block-uagb-image--layout-overlay .wp-block-uagb-image--layout-overlay__inner .uagb-image-heading a{color: #fff;}.uagb-block-e6f939b3.wp-block-uagb-image--layout-overlay .wp-block-uagb-image--layout-overlay__inner .uagb-image-caption{opacity: 0;}.uagb-block-e6f939b3.wp-block-uagb-image--layout-overlay .wp-block-uagb-image__figure:hover .wp-block-uagb-image--layout-overlay__color-wrapper{opacity: 1;}.uagb-block-e6f939b3.wp-block-uagb-image .wp-block-uagb-image--layout-overlay__inner .uagb-image-separator{width: 30%;border-top-width: 2px;border-top-color: #fff;opacity: 0;}.uagb-block-e6f939b3.wp-block-uagb-image .wp-block-uagb-image__figure img{width: px;height: auto;}.uagb-block-e6f939b3.wp-block-uagb-image .wp-block-uagb-image__figure:hover .wp-block-uagb-image--layout-overlay__inner .uagb-image-caption{opacity: 1;}.uagb-block-e6f939b3.wp-block-uagb-image .wp-block-uagb-image__figure:hover .wp-block-uagb-image--layout-overlay__inner .uagb-image-separator{opacity: 1;}.uagb-block-e6f939b3.wp-block-uagb-image--layout-default figure:hover img{box-shadow: 0px 0px 0 #00000070;}.uagb-block-e6f939b3.wp-block-uagb-image--layout-overlay figure:hover img{box-shadow: 0px 0px 0 #00000070;}@media only screen and (max-width: 976px) {.uagb-block-e6f939b3.wp-block-uagb-image .wp-block-uagb-image__figure img{width: px;height: auto;}}@media only screen and (max-width: 767px) {.uagb-block-e6f939b3.wp-block-uagb-image .wp-block-uagb-image__figure img{width: px;height: auto;}}\";s:2:\"js\";s:0:\"\";s:18:\"current_block_list\";a:13:{i:0;s:11:\"core\/search\";i:1;s:10:\"core\/group\";i:2;s:12:\"core\/heading\";i:3;s:17:\"core\/latest-posts\";i:4;s:20:\"core\/latest-comments\";i:5;s:13:\"core\/archives\";i:6;s:15:\"core\/categories\";i:7;s:14:\"core\/paragraph\";i:8;s:10:\"uagb\/image\";i:9;s:11:\"core\/spacer\";i:10;s:30:\"woocommerce\/product-categories\";i:11;s:10:\"core\/image\";i:12;s:14:\"core\/shortcode\";}s:8:\"uag_flag\";b:1;s:11:\"uag_version\";s:10:\"1777102684\";s:6:\"gfonts\";a:0:{}s:10:\"gfonts_url\";s:0:\"\";s:12:\"gfonts_files\";a:0:{}s:14:\"uag_faq_layout\";b:0;}"]},"uagb_featured_image_src":{"full":["https:\/\/www.ferberpainting.com\/wp-content\/uploads\/2025\/05\/Concrete-and-Cement-Water-Repellent-5L-.png",2560,2560,false],"thumbnail":["https:\/\/www.ferberpainting.com\/wp-content\/uploads\/2025\/05\/Concrete-and-Cement-Water-Repellent-5L--150x150.png",150,150,true],"medium":["https:\/\/www.ferberpainting.com\/wp-content\/uploads\/2025\/05\/Concrete-and-Cement-Water-Repellent-5L--300x300.png",300,300,true],"medium_large":["https:\/\/www.ferberpainting.com\/wp-content\/uploads\/2025\/05\/Concrete-and-Cement-Water-Repellent-5L--768x768.png",768,768,true],"large":["https:\/\/www.ferberpainting.com\/wp-content\/uploads\/2025\/05\/Concrete-and-Cement-Water-Repellent-5L--1024x1024.png",1024,1024,true],"1536x1536":["https:\/\/www.ferberpainting.com\/wp-content\/uploads\/2025\/05\/Concrete-and-Cement-Water-Repellent-5L--1536x1536.png",1536,1536,true],"2048x2048":["https:\/\/www.ferberpainting.com\/wp-content\/uploads\/2025\/05\/Concrete-and-Cement-Water-Repellent-5L--2048x2048.png",2048,2048,true],"trp-custom-language-flag":["https:\/\/www.ferberpainting.com\/wp-content\/uploads\/2025\/05\/Concrete-and-Cement-Water-Repellent-5L--12x12.png",12,12,true],"woocommerce_thumbnail":["https:\/\/www.ferberpainting.com\/wp-content\/uploads\/2025\/05\/Concrete-and-Cement-Water-Repellent-5L--300x300.png",300,300,true],"woocommerce_single":["https:\/\/www.ferberpainting.com\/wp-content\/uploads\/2025\/05\/Concrete-and-Cement-Water-Repellent-5L--600x600.png",600,600,true],"woocommerce_gallery_thumbnail":["https:\/\/www.ferberpainting.com\/wp-content\/uploads\/2025\/05\/Concrete-and-Cement-Water-Repellent-5L--100x100.png",100,100,true]},"uagb_author_info":{"display_name":"admin","author_link":"https:\/\/www.ferberpainting.com\/lt\/author\/"},"uagb_comment_info":10,"uagb_excerpt":"Optimal Protection Against Moisture.\u00a0The concrete and cement waterproofer is the ideal solution to protect concrete surfaces from moisture, water infiltration, and humidity-related degradation. By creating a hydrophobic barrier, it prevents water from penetrating while allowing the material to breathe, which is essential to prevent mold formation and extend the lifespan of structures. Money-back guarantee.\u00a0We have&hellip;","_links":{"self":[{"href":"https:\/\/www.ferberpainting.com\/lt\/wp-json\/wp\/v2\/product\/23171","targetHints":{"allow":["GET"]}}],"collection":[{"href":"https:\/\/www.ferberpainting.com\/lt\/wp-json\/wp\/v2\/product"}],"about":[{"href":"https:\/\/www.ferberpainting.com\/lt\/wp-json\/wp\/v2\/types\/product"}],"replies":[{"embeddable":true,"href":"https:\/\/www.ferberpainting.com\/lt\/wp-json\/wp\/v2\/comments?post=23171"}],"version-history":[{"count":5,"href":"https:\/\/www.ferberpainting.com\/lt\/wp-json\/wp\/v2\/product\/23171\/revisions"}],"predecessor-version":[{"id":166082,"href":"https:\/\/www.ferberpainting.com\/lt\/wp-json\/wp\/v2\/product\/23171\/revisions\/166082"}],"wp:featuredmedia":[{"embeddable":true,"href":"https:\/\/www.ferberpainting.com\/lt\/wp-json\/wp\/v2\/media\/36478"}],"wp:attachment":[{"href":"https:\/\/www.ferberpainting.com\/lt\/wp-json\/wp\/v2\/media?parent=23171"}],"wp:term":[{"taxonomy":"product_brand","embeddable":true,"href":"https:\/\/www.ferberpainting.com\/lt\/wp-json\/wp\/v2\/product_brand?post=23171"},{"taxonomy":"product_cat","embeddable":true,"href":"https:\/\/www.ferberpainting.com\/lt\/wp-json\/wp\/v2\/product_cat?post=23171"},{"taxonomy":"product_tag","embeddable":true,"href":"https:\/\/www.ferberpainting.com\/lt\/wp-json\/wp\/v2\/product_tag?post=23171"}],"curies":[{"name":"wp","href":"https:\/\/api.w.org\/{rel}","templated":true}]}}