{"id":23156,"date":"2025-05-26T10:23:03","date_gmt":"2025-05-26T08:23:03","guid":{"rendered":"https:\/\/www.ferberpainting.com\/products\/concrete-and-cement-accelerator\/"},"modified":"2026-02-15T13:33:15","modified_gmt":"2026-02-15T12:33:15","slug":"concrete-and-cement-accelerator","status":"publish","type":"product","link":"https:\/\/www.ferberpainting.com\/lt\/products\/concrete-and-cement-accelerator\/","title":{"rendered":"Betono ir cemento kiet\u0117jimo greitiklis"},"content":{"rendered":"<p><img decoding=\"async\" style=\"margin-right: 12px;\" src=\"https:\/\/www.ferberpainting.com\/wp-content\/uploads\/2026\/02\/Check.svg\" alt=\"\" width=\"18\" height=\"15\" \/><strong>Sutrumpintas nustatymo laikas.<\/strong>\u00a0\u0160is kiet\u0117jimo greitintuvas specialiai sukurtas taip, kad gerokai sutrumpint\u0173 betono, cemento ir skiedinio kiet\u0117jimo laik\u0105, tod\u0117l j\u012f galima grei\u010diau naudoti ir optimizuoti darbo eig\u0105 statybviet\u0117se. Jis idealiai tinka projektams, kuriuose labai svarbu taupyti laik\u0105, ypa\u010d \u0161altu oru, kai nat\u016bralus kiet\u0117jimas sul\u0117t\u0117ja.<\/p>\n<p><img decoding=\"async\" style=\"margin-right: 12px;\" src=\"https:\/\/www.ferberpainting.com\/wp-content\/uploads\/2026\/02\/Check.svg\" alt=\"\" width=\"18\" height=\"15\" \/><strong>Pinig\u0173 gr\u0105\u017einimo garantija.<\/strong>\u00a0Esame \u012fsitikin\u0119 savo nustatymo greitintuvo veiksmingumu ir si\u016blome pinig\u0173 gr\u0105\u017einimo garantij\u0105. Jei gaminys neatitinka j\u016bs\u0173 l\u016bkes\u010di\u0173, galite pra\u0161yti gr\u0105\u017einti pinigus be joki\u0173 s\u0105lyg\u0173, taip u\u017etikrindami visi\u0161kai saug\u0173 ir neriziking\u0105 pirkim\u0105.<\/p>\n<p><img decoding=\"async\" style=\"margin-right: 12px;\" src=\"https:\/\/www.ferberpainting.com\/wp-content\/uploads\/2026\/02\/Check.svg\" alt=\"\" width=\"18\" height=\"15\" \/><strong>Universalus, skirtas \u012fvairioms med\u017eiagoms.<\/strong>\u00a0\u0160is greitintuvas suderinamas su \u012fvairiomis med\u017eiagomis, \u012fskaitant beton\u0105, cement\u0105 ir skiedin\u012f. Jis tinka standartiniams m\u016brijimo darbams, taip pat specifi\u0161kesn\u0117ms reikm\u0117ms, pavyzd\u017eiui, surenkamajam m\u016brui, greitam remontui, i\u0161lyginamiesiems sluoksniams ir plok\u0161t\u0117ms, kurioms reikia greito sukiet\u0117jimo.<\/p>\n<p><img decoding=\"async\" style=\"margin-right: 12px;\" src=\"https:\/\/www.ferberpainting.com\/wp-content\/uploads\/2026\/02\/Check.svg\" alt=\"\" width=\"18\" height=\"15\" \/><strong>Optimalus ekonomi\u0161kai efektyvus veikimas.<\/strong>\u00a0D\u0117l didel\u0117s koncentracijos reikia tik nedidelio greitintuvo kiekio, kad b\u016bt\u0173 pasiektas reik\u0161mingas poveikis. Vidutini\u0161kai pakanka nuo 0,5 iki 2 litr\u0173 produkto, kad b\u016bt\u0173 pagreitintas 100 kg cemento ri\u0161imasis, tod\u0117l gaunamas puikus kainos ir kokyb\u0117s santykis. Reguliuojama jo doz\u0117 leid\u017eia optimizuoti naudojim\u0105 priklausomai nuo klimato s\u0105lyg\u0173 ir statybviet\u0117s reikalavim\u0173.<\/p>\n<p><img decoding=\"async\" style=\"margin-right: 12px;\" src=\"https:\/\/www.ferberpainting.com\/wp-content\/uploads\/2026\/02\/Check.svg\" alt=\"\" width=\"18\" height=\"15\" \/><strong>Saugumas ir netoksi\u0161kumas.<\/strong>\u00a0Saugiai naudojamame greitintuve n\u0117ra toksi\u0161k\u0173 med\u017eiag\u0173, tod\u0117l jis nekelia pavojaus darbuotoj\u0173 ar aplinkos sveikatai. Jis nei\u0161skiria kenksming\u0173 gar\u0173 ir gali b\u016bti dr\u0105siai naudojamas tiek patalpose, tiek lauke.<\/p>\n<p><img decoding=\"async\" style=\"margin-right: 12px;\" src=\"https:\/\/www.ferberpainting.com\/wp-content\/uploads\/2026\/02\/Check.svg\" alt=\"\" width=\"18\" height=\"15\" \/><strong>Lengva naudoti.<\/strong>\u00a0\u0160\u012f gamin\u012f labai lengva naudoti, jam nereikia specialios \u012frangos. J\u012f galima d\u0117ti tiesiai \u012f mai\u0161ymo vanden\u012f arba mai\u0161yti su betonu ar skiediniu j\u012f ruo\u0161iant. Tikslus jo dozavimas u\u017etikrina greit\u0105 ir veiksming\u0105 naudojim\u0105 net ir nepatyrusiems naudotojams.<\/p>\n<p><img decoding=\"async\" style=\"margin-right: 12px;\" src=\"https:\/\/www.ferberpainting.com\/wp-content\/uploads\/2026\/02\/Check.svg\" alt=\"\" width=\"18\" height=\"15\" \/><strong>Geresnis patvarumas.<\/strong>\u00a0Pagreitindamas kiet\u0117jimo laik\u0105, \u0161is produktas skatina tolygesn\u012f kiet\u0117jim\u0105 ir didina mechanin\u012f betono stiprum\u0105. Jis suma\u017eina \u012ftr\u016bkim\u0173 rizik\u0105, susijusi\u0105 su u\u017e\u0161alimo ir at\u0161ilimo ciklais, ir optimizuoja galutin\u0119 strukt\u016br\u0105, u\u017etikrindamas ilgesn\u012f atlikt\u0173 darb\u0173 ilgaam\u017ei\u0161kum\u0105.<\/p>\n<p><img decoding=\"async\" style=\"margin-right: 12px;\" src=\"https:\/\/www.ferberpainting.com\/wp-content\/uploads\/2026\/02\/Check.svg\" alt=\"\" width=\"18\" height=\"15\" \/><strong>I\u0161skirtinis laiko taupymas.<\/strong>\u00a0\u0160is greitintuvas ypa\u010d tinka tais atvejais, kai reikia greitai i\u0161d\u017eiovinti beton\u0105 ar cement\u0105, tod\u0117l gerokai sutrump\u0117ja laukimo laikas tarp statybos etap\u0173. Jis leid\u017eia grei\u010diau nuimti klojinius, anks\u010diau pakrauti plok\u0161tes ir u\u017etikrina didesn\u012f efektyvum\u0105, ypa\u010d atliekant skubius darbus.<\/p>\n<h2><strong>Naudojimo protokolas<\/strong><\/h2>\n<ul>\n<li><strong>Rekomenduojama doz\u0117 :<\/strong> 100 kg cemento naudokite nuo 0,5 l iki 2 l greitintuvo, priklausomai nuo norimo greitinimo lygio ir i\u0161orini\u0173 s\u0105lyg\u0173. Didesn\u0119 doz\u0119 rekomenduojama naudoti esant \u0161altam orui arba kai b\u016btina greitai sukiet\u0117ti.<\/li>\n<li><strong>Mai\u0161ymo integracija :<\/strong> Prie\u0161 pilant akceleratori\u0173 \u012f beton\u0105 ar skiedin\u012f, \u012fpilkite j\u012f tiesiai \u012f mai\u0161om\u0105 vanden\u012f. J\u012f taip pat galima palaipsniui \u012fmai\u0161yti mai\u0161ymo metu, kad b\u016bt\u0173 u\u017etikrinta geresn\u0117 produkto homogenizacija.<\/li>\n<li><strong>Efektyvus mai\u0161ymas :<\/strong> Visus komponentus mai\u0161ykite bent 3-5 minutes, kad u\u017etikrintum\u0117te tolyg\u0173 pasiskirstym\u0105 ir i\u0161vengtum\u0117te vietin\u0117s per didel\u0117s produkto koncentracijos.<\/li>\n<li><strong>Kiet\u0117jimo kontrol\u0117 :<\/strong> Patikrinkite betono stingim\u0105 po u\u017epylimo, atsi\u017evelgdami \u012f aplinkos s\u0105lygas (temperat\u016br\u0105, dr\u0117gm\u0119), nes greit\u0117jimo poveikis gali skirtis priklausomai nuo aplinkybi\u0173.<\/li>\n<li><strong>Naudojimas ir apdaila :<\/strong> Kai mi\u0161inys bus paruo\u0161tas, nedelsdami prad\u0117kite j\u012f naudoti. D\u0117l pagreitinto kiet\u0117jimo reikia skubiai atlikti darbus, kad mi\u0161inys ar betono partija nesukiet\u0117t\u0173 per anksti.<\/li>\n<li><strong>\u012eranki\u0173 valymas :<\/strong> Po naudojimo kruop\u0161\u010diai nuplaukite \u012frankius ir talpyklas, kad nelikt\u0173 sukiet\u0117jusio betono liku\u010di\u0173 ir jie i\u0161likt\u0173 ilgaam\u017eiai.<\/li>\n<\/ul>","protected":false},"excerpt":{"rendered":"<p>Reduced Setting Time.\u00a0This setting accelerator is specially designed to significantly shorten the curing time of concrete, cement, and mortar, enabling faster application and optimizing workflow on construction sites. It is ideal for projects where time savings are crucial, especially in cold weather when natural setting slows down. Money-back Guarantee.\u00a0We are confident in the effectiveness of [&hellip;]<\/p>\n","protected":false},"featured_media":25731,"comment_status":"open","ping_status":"closed","template":"","meta":{"_uag_custom_page_level_css":"","site-sidebar-layout":"default","site-content-layout":"","ast-site-content-layout":"default","site-content-style":"default","site-sidebar-style":"default","ast-global-header-display":"","ast-banner-title-visibility":"","ast-main-header-display":"","ast-hfb-above-header-display":"","ast-hfb-below-header-display":"","ast-hfb-mobile-header-display":"","site-post-title":"","ast-breadcrumbs-content":"","ast-featured-img":"","footer-sml-layout":"","ast-disable-related-posts":"","theme-transparent-header-meta":"default","adv-header-id-meta":"","stick-header-meta":"","header-above-stick-meta":"","header-main-stick-meta":"","header-below-stick-meta":"","astra-migrate-meta-layouts":"set","ast-page-background-enabled":"default","ast-page-background-meta":{"desktop":{"background-color":"var(--ast-global-color-4)","background-image":"","background-repeat":"repeat","background-position":"center center","background-size":"auto","background-attachment":"scroll","background-type":"","background-media":"","overlay-type":"","overlay-color":"","overlay-opacity":"","overlay-gradient":""},"tablet":{"background-color":"","background-image":"","background-repeat":"repeat","background-position":"center center","background-size":"auto","background-attachment":"scroll","background-type":"","background-media":"","overlay-type":"","overlay-color":"","overlay-opacity":"","overlay-gradient":""},"mobile":{"background-color":"","background-image":"","background-repeat":"repeat","background-position":"center center","background-size":"auto","background-attachment":"scroll","background-type":"","background-media":"","overlay-type":"","overlay-color":"","overlay-opacity":"","overlay-gradient":""}},"ast-content-background-meta":{"desktop":{"background-color":"var(--ast-global-color-5)","background-image":"","background-repeat":"repeat","background-position":"center center","background-size":"auto","background-attachment":"scroll","background-type":"","background-media":"","overlay-type":"","overlay-color":"","overlay-opacity":"","overlay-gradient":""},"tablet":{"background-color":"var(--ast-global-color-5)","background-image":"","background-repeat":"repeat","background-position":"center center","background-size":"auto","background-attachment":"scroll","background-type":"","background-media":"","overlay-type":"","overlay-color":"","overlay-opacity":"","overlay-gradient":""},"mobile":{"background-color":"var(--ast-global-color-5)","background-image":"","background-repeat":"repeat","background-position":"center center","background-size":"auto","background-attachment":"scroll","background-type":"","background-media":"","overlay-type":"","overlay-color":"","overlay-opacity":"","overlay-gradient":""}}},"product_brand":[],"product_cat":[176],"product_tag":[],"class_list":{"0":"post-23156","1":"product","2":"type-product","3":"status-publish","4":"has-post-thumbnail","6":"product_cat-concrete-treatment","7":"desktop-align-left","8":"tablet-align-left","9":"mobile-align-left","11":"first","12":"instock","13":"sale","14":"shipping-taxable","15":"purchasable","16":"product-type-variable","17":"has-default-attributes"},"spectra_custom_meta":{"_visibility":["visible"],"_shopify_product_id":["9058933833973"],"_s2w_shopify_domain":["ferberpainting.myshopify.com"],"_shopify_variant_id":["46479732900085"],"_sku":[""],"_manage_stock":["no"],"total_sales":["33"],"_tax_status":["taxable"],"_tax_class":[""],"_backorders":["no"],"_sold_individually":["no"],"_virtual":["no"],"_downloadable":["no"],"_download_limit":["-1"],"_download_expiry":["-1"],"_stock":[null],"_stock_status":["instock"],"_wc_average_rating":["4.86"],"_wc_review_count":["7"],"_product_attributes":["a:1:{s:6:\"volume\";a:6:{s:4:\"name\";s:6:\"Volume\";s:5:\"value\";s:20:\"5 liters | 25 liters\";s:8:\"position\";i:1;s:10:\"is_visible\";i:0;s:12:\"is_variation\";i:1;s:11:\"is_taxonomy\";i:0;}}"],"_product_version":["10.5.1"],"_thumbnail_id":["25731"],"_product_image_gallery":["25732"],"wpse_downloadable_file_names":[""],"wpse_downloadable_file_urls":[""],"_edit_last":["1"],"_default_attributes":["a:1:{s:6:\"volume\";s:8:\"5 liters\";}"],"_edit_lock":["1771158656:1"],"_price":["29.90","129.90"],"merchant-center-availability":["yes"],"merchant-center-category":["2277"],"_wp_page_template":["default"],"site-sidebar-layout":["default"],"ast-site-content-layout":["default"],"site-content-style":["default"],"site-sidebar-style":["default"],"theme-transparent-header-meta":["default"],"_wc_rating_count":["a:2:{i:4;i:1;i:5;i:6;}"],"astra-migrate-meta-layouts":["set"],"_uag_css_file_name":["uag-css-23156.css"],"_elementor_page_assets":["a:0:{}"]},"uagb_featured_image_src":{"full":["https:\/\/www.ferberpainting.com\/wp-content\/uploads\/2025\/05\/ConcreteandCementAccelerator5L.png",2560,2560,false],"thumbnail":["https:\/\/www.ferberpainting.com\/wp-content\/uploads\/2025\/05\/ConcreteandCementAccelerator5L-150x150.png",150,150,true],"medium":["https:\/\/www.ferberpainting.com\/wp-content\/uploads\/2025\/05\/ConcreteandCementAccelerator5L-300x300.png",300,300,true],"medium_large":["https:\/\/www.ferberpainting.com\/wp-content\/uploads\/2025\/05\/ConcreteandCementAccelerator5L-768x768.png",768,768,true],"large":["https:\/\/www.ferberpainting.com\/wp-content\/uploads\/2025\/05\/ConcreteandCementAccelerator5L-1024x1024.png",1024,1024,true],"1536x1536":["https:\/\/www.ferberpainting.com\/wp-content\/uploads\/2025\/05\/ConcreteandCementAccelerator5L-1536x1536.png",1536,1536,true],"2048x2048":["https:\/\/www.ferberpainting.com\/wp-content\/uploads\/2025\/05\/ConcreteandCementAccelerator5L-2048x2048.png",2048,2048,true],"trp-custom-language-flag":["https:\/\/www.ferberpainting.com\/wp-content\/uploads\/2025\/05\/ConcreteandCementAccelerator5L-12x12.png",12,12,true],"woocommerce_thumbnail":["https:\/\/www.ferberpainting.com\/wp-content\/uploads\/2025\/05\/ConcreteandCementAccelerator5L-300x300.png",300,300,true],"woocommerce_single":["https:\/\/www.ferberpainting.com\/wp-content\/uploads\/2025\/05\/ConcreteandCementAccelerator5L-600x600.png",600,600,true],"woocommerce_gallery_thumbnail":["https:\/\/www.ferberpainting.com\/wp-content\/uploads\/2025\/05\/ConcreteandCementAccelerator5L-100x100.png",100,100,true]},"uagb_author_info":{"display_name":"admin","author_link":"https:\/\/www.ferberpainting.com\/lt\/author\/"},"uagb_comment_info":7,"uagb_excerpt":"Reduced Setting Time.\u00a0This setting accelerator is specially designed to significantly shorten the curing time of concrete, cement, and mortar, enabling faster application and optimizing workflow on construction sites. It is ideal for projects where time savings are crucial, especially in cold weather when natural setting slows down. Money-back Guarantee.\u00a0We are confident in the effectiveness of&hellip;","_links":{"self":[{"href":"https:\/\/www.ferberpainting.com\/lt\/wp-json\/wp\/v2\/product\/23156","targetHints":{"allow":["GET"]}}],"collection":[{"href":"https:\/\/www.ferberpainting.com\/lt\/wp-json\/wp\/v2\/product"}],"about":[{"href":"https:\/\/www.ferberpainting.com\/lt\/wp-json\/wp\/v2\/types\/product"}],"replies":[{"embeddable":true,"href":"https:\/\/www.ferberpainting.com\/lt\/wp-json\/wp\/v2\/comments?post=23156"}],"version-history":[{"count":5,"href":"https:\/\/www.ferberpainting.com\/lt\/wp-json\/wp\/v2\/product\/23156\/revisions"}],"predecessor-version":[{"id":166075,"href":"https:\/\/www.ferberpainting.com\/lt\/wp-json\/wp\/v2\/product\/23156\/revisions\/166075"}],"wp:featuredmedia":[{"embeddable":true,"href":"https:\/\/www.ferberpainting.com\/lt\/wp-json\/wp\/v2\/media\/25731"}],"wp:attachment":[{"href":"https:\/\/www.ferberpainting.com\/lt\/wp-json\/wp\/v2\/media?parent=23156"}],"wp:term":[{"taxonomy":"product_brand","embeddable":true,"href":"https:\/\/www.ferberpainting.com\/lt\/wp-json\/wp\/v2\/product_brand?post=23156"},{"taxonomy":"product_cat","embeddable":true,"href":"https:\/\/www.ferberpainting.com\/lt\/wp-json\/wp\/v2\/product_cat?post=23156"},{"taxonomy":"product_tag","embeddable":true,"href":"https:\/\/www.ferberpainting.com\/lt\/wp-json\/wp\/v2\/product_tag?post=23156"}],"curies":[{"name":"wp","href":"https:\/\/api.w.org\/{rel}","templated":true}]}}