{"id":23143,"date":"2025-07-01T17:41:50","date_gmt":"2025-07-01T15:41:50","guid":{"rendered":"https:\/\/www.ferberpainting.com\/?post_type=product&#038;p=23136"},"modified":"2026-02-15T13:29:24","modified_gmt":"2026-02-15T12:29:24","slug":"cleaner-for-vacuum-mop-and-robot","status":"publish","type":"product","link":"https:\/\/www.ferberpainting.com\/lt\/products\/cleaner-for-vacuum-mop-and-robot\/","title":{"rendered":"Dulki\u0173 siurblio mopui ir robotui skirtas valiklis"},"content":{"rendered":"<p><img decoding=\"async\" style=\"margin-right: 12px;\" src=\"https:\/\/www.ferberpainting.com\/wp-content\/uploads\/2026\/02\/Check.svg\" alt=\"\" width=\"18\" height=\"15\" \/><strong>Optimalus efektyvumas.<\/strong>\u00a0\u0160is dulki\u0173 siurbliui-mopui ir robotui skirtas valiklis d\u0117l savo galingos ir specialiai sukurtos formul\u0117s kruop\u0161\u010diai pa\u0161alina purvo liku\u010dius, \u012fsisen\u0117jusias d\u0117mes ir \u012fsisen\u0117jusias \u017eymes nuo vis\u0173 tip\u0173 grind\u0173. Jis veikia tiesiai j\u016bs\u0173 prietaiso rezervuare ir nepriekai\u0161tingai valo, nepalikdamas dry\u017ei\u0173 ar lipni\u0173 liku\u010di\u0173.<\/p>\n<p><img decoding=\"async\" style=\"margin-right: 12px;\" src=\"https:\/\/www.ferberpainting.com\/wp-content\/uploads\/2026\/02\/Check.svg\" alt=\"\" width=\"18\" height=\"15\" \/><strong>Pinig\u0173 gr\u0105\u017einimo garantija.<\/strong>\u00a0Mes visi\u0161kai pasitikime savo produkto veiksmingumu. Jei po naudojimo nesate visi\u0161kai patenkinti, galite atgauti vis\u0105 sumok\u0117t\u0105 sum\u0105. Tod\u0117l galite ramiai i\u0161bandyti \u0161\u012f valikl\u012f be jokios rizikos likti nepatenkinti.<\/p>\n<p><img decoding=\"async\" style=\"margin-right: 12px;\" src=\"https:\/\/www.ferberpainting.com\/wp-content\/uploads\/2026\/02\/Check.svg\" alt=\"\" width=\"18\" height=\"15\" \/><strong>I\u0161skirtinis universalumas.<\/strong>\u00a0\u0160is valiklis tinka ne tik vieno tipo pavir\u0161iams! Jis vienodai gerai veikia tiek ant kiet\u0173 grind\u0173, tiek ant poringesni\u0173 pavir\u0161i\u0173. Jis veiksmingas plytel\u0117ms, poliruotam betonui, cementui, sandariai u\u017eda\u017eytai kietmed\u017eio medienai, laminatui, vinilui, PVC, taip pat nat\u016bralaus akmens ir marmuro pavir\u0161iams. Nesvarbu, kokio tipo yra j\u016bs\u0173 grindys, \u0161is produktas prisitaiko ir u\u017etikrina nepriekai\u0161ting\u0105 \u0161var\u0105.<\/p>\n<p><img decoding=\"async\" style=\"margin-right: 12px;\" src=\"https:\/\/www.ferberpainting.com\/wp-content\/uploads\/2026\/02\/Check.svg\" alt=\"\" width=\"18\" height=\"15\" \/><strong>Ekonomi\u0161kas veikimas.<\/strong>\u00a0D\u0117l 5 litr\u0173 talpos kanistro formato ir paruo\u0161tos naudoti formul\u0117s \u0161is valiklis u\u017etikrina didesn\u012f valymo paj\u0117gum\u0105. Vienu plovimu galima i\u0161valyti didel\u012f plot\u0105, tod\u0117l kiekvienas panaudotas litras yra labai efektyvus. Vidutini\u0161kai vienu litru produkto galima i\u0161valyti iki 100 m\u00b2, tod\u0117l jis yra itin ekonomi\u0161kas ilgalaikiam naudojimui.<\/p>\n<p><img decoding=\"async\" style=\"margin-right: 12px;\" src=\"https:\/\/www.ferberpainting.com\/wp-content\/uploads\/2026\/02\/Check.svg\" alt=\"\" width=\"18\" height=\"15\" \/><strong>Saugu naudoti.<\/strong>\u00a0\u0160is valiklis sukurtas taip, kad j\u012f b\u016bt\u0173 galima naudoti saugiai, be toksi\u0161k\u0173 gar\u0173 ir sveikatai pavojing\u0173 komponent\u0173. Jame n\u0117ra agresyvi\u0173 med\u017eiag\u0173 ar korozini\u0173 med\u017eiag\u0173, galin\u010di\u0173 pakenkti j\u016bs\u0173 grindims ar prietaisui. J\u012f galima reguliariai naudoti be pavojaus nam\u0173 gyventojams, \u012fskaitant vaikus ir naminius gyv\u016bnus.<\/p>\n<p><img decoding=\"async\" style=\"margin-right: 12px;\" src=\"https:\/\/www.ferberpainting.com\/wp-content\/uploads\/2026\/02\/Check.svg\" alt=\"\" width=\"18\" height=\"15\" \/><strong>Lengva naudoti.<\/strong>\u00a0\u0160is produktas yra paruo\u0161tas naudoti - jo nereikia skiesti ar mai\u0161yti su kitu produktu. Tiesiog \u012fpilkite j\u012f tiesiai \u012f dulki\u0173 siurblio-mop'o arba roboto bakel\u012f ir prad\u0117kite \u012fprast\u0105 valymo cikl\u0105. Galingas jo veikimas u\u017etikrina lengv\u0105 valym\u0105, tod\u0117l jums nereik\u0117s papildomai \u012fsiki\u0161ti.<\/p>\n<p><img decoding=\"async\" style=\"margin-right: 12px;\" src=\"https:\/\/www.ferberpainting.com\/wp-content\/uploads\/2026\/02\/Check.svg\" alt=\"\" width=\"18\" height=\"15\" \/><strong>Ilgalaikis patvarumas.<\/strong>\u00a0Kitaip nei kiti gaminiai, kurie gali u\u017ekim\u0161ti prietaiso vidin\u0119 sistem\u0105, \u0161is valiklis ilgam i\u0161saugo jo veikim\u0105. Jis neleid\u017eia susikaupti nuos\u0117doms siurbimo ir plovimo sistemose, tod\u0117l prailgina prietaiso tarnavimo laik\u0105 ir suma\u017eina da\u017enos technin\u0117s prie\u017ei\u016bros poreik\u012f.<\/p>\n<p><img decoding=\"async\" style=\"margin-right: 12px;\" src=\"https:\/\/www.ferberpainting.com\/wp-content\/uploads\/2026\/02\/Check.svg\" alt=\"\" width=\"18\" height=\"15\" \/><strong>Greitas veiksmas.<\/strong>\u00a0\u0160is valiklis pradeda veikti i\u0161 karto prasid\u0117jus valymo ciklui. Vos per kelias minutes jis i\u0161tirpina ne\u0161varumus ir pa\u0161alina d\u0117mes be ilgo laukimo. Jis u\u017etikrina greit\u0105 ir veiksming\u0105 valym\u0105 - puikiai tinka kasdien\u0117ms ar retkar\u010diais atliekamoms valymo u\u017eduotims.<\/p>\n<h2><strong>Naudojimo protokolas<\/strong><\/h2>\n<ul>\n<li><strong>Paruo\u0161imas <\/strong>: Atidarykite talpykl\u0105 ir \u012fpilkite valiklio tiesiai \u012f dulki\u0173 siurblio arba roboto rezervuar\u0105, neskied\u017eiant.<\/li>\n<li><strong>Veiklos prad\u017eios svetain\u0117 <\/strong>: Paleiskite \u012fprast\u0105 \u012frenginio valymo program\u0105, kad produktas tolygiai pasiskirstyt\u0173 ant pavir\u0161iaus.<\/li>\n<li><strong>Apdaila <\/strong>: Baig\u0119 valym\u0105, jei reikia, i\u0161plaukite prietaiso rezervuar\u0105 \u0161variu vandeniu, kad laikui b\u0117gant nesikaupt\u0173 produkt\u0173.<\/li>\n<li><strong>Saugykla <\/strong>: Sandariai u\u017edaryt\u0105 talpykl\u0105 laikykite apsaugot\u0105 nuo \u0161viesos ir kar\u0161\u010dio, kad i\u0161saugotum\u0117te visas produkto savybes.<\/li>\n<\/ul>\n<p>Su m\u016bs\u0173 dulki\u0173 siurbliu-mopu ir robotu-valytuvu u\u017etikrinkite nepriekai\u0161ting\u0105 ir optimal\u0173 grind\u0173 valym\u0105, kartu u\u017etikrindami prietaiso ilgaam\u017ei\u0161kum\u0105 ir efektyvum\u0105.<\/p>","protected":false},"excerpt":{"rendered":"<p>Optimal efficiency.\u00a0Thanks to its powerful and specially designed formula, this cleaner for vacuum-mop and robot thoroughly removes dirt residues, stubborn stains, and embedded marks from all types of floors. It works directly in your device\u2019s tank to deliver flawless cleaning, leaving no streaks or sticky residue. Money-back guarantee.\u00a0We have complete confidence in the effectiveness of [&hellip;]<\/p>\n","protected":false},"featured_media":36515,"comment_status":"open","ping_status":"closed","template":"","meta":{"_uag_custom_page_level_css":"","site-sidebar-layout":"default","site-content-layout":"","ast-site-content-layout":"default","site-content-style":"default","site-sidebar-style":"default","ast-global-header-display":"","ast-banner-title-visibility":"","ast-main-header-display":"","ast-hfb-above-header-display":"","ast-hfb-below-header-display":"","ast-hfb-mobile-header-display":"","site-post-title":"","ast-breadcrumbs-content":"","ast-featured-img":"","footer-sml-layout":"","ast-disable-related-posts":"","theme-transparent-header-meta":"default","adv-header-id-meta":"","stick-header-meta":"","header-above-stick-meta":"","header-main-stick-meta":"","header-below-stick-meta":"","astra-migrate-meta-layouts":"set","ast-page-background-enabled":"default","ast-page-background-meta":{"desktop":{"background-color":"var(--ast-global-color-4)","background-image":"","background-repeat":"repeat","background-position":"center center","background-size":"auto","background-attachment":"scroll","background-type":"","background-media":"","overlay-type":"","overlay-color":"","overlay-opacity":"","overlay-gradient":""},"tablet":{"background-color":"","background-image":"","background-repeat":"repeat","background-position":"center center","background-size":"auto","background-attachment":"scroll","background-type":"","background-media":"","overlay-type":"","overlay-color":"","overlay-opacity":"","overlay-gradient":""},"mobile":{"background-color":"","background-image":"","background-repeat":"repeat","background-position":"center center","background-size":"auto","background-attachment":"scroll","background-type":"","background-media":"","overlay-type":"","overlay-color":"","overlay-opacity":"","overlay-gradient":""}},"ast-content-background-meta":{"desktop":{"background-color":"var(--ast-global-color-5)","background-image":"","background-repeat":"repeat","background-position":"center center","background-size":"auto","background-attachment":"scroll","background-type":"","background-media":"","overlay-type":"","overlay-color":"","overlay-opacity":"","overlay-gradient":""},"tablet":{"background-color":"var(--ast-global-color-5)","background-image":"","background-repeat":"repeat","background-position":"center center","background-size":"auto","background-attachment":"scroll","background-type":"","background-media":"","overlay-type":"","overlay-color":"","overlay-opacity":"","overlay-gradient":""},"mobile":{"background-color":"var(--ast-global-color-5)","background-image":"","background-repeat":"repeat","background-position":"center center","background-size":"auto","background-attachment":"scroll","background-type":"","background-media":"","overlay-type":"","overlay-color":"","overlay-opacity":"","overlay-gradient":""}}},"product_brand":[],"product_cat":[175],"product_tag":[],"class_list":{"0":"post-23143","1":"product","2":"type-product","3":"status-publish","4":"has-post-thumbnail","6":"product_cat-cleaning-products","7":"desktop-align-left","8":"tablet-align-left","9":"mobile-align-left","11":"first","12":"instock","13":"sale","14":"taxable","15":"shipping-taxable","16":"purchasable","17":"product-type-variable","18":"has-default-attributes"},"spectra_custom_meta":{"_visibility":["visible"],"_shopify_product_id":["9100799410421"],"_s2w_shopify_domain":["ferberpainting.myshopify.com"],"_shopify_variant_id":["46610315149557"],"_sku":[""],"_manage_stock":["no"],"total_sales":["107"],"_tax_status":["taxable"],"_tax_class":[""],"_backorders":["no"],"_sold_individually":["no"],"_virtual":["no"],"_downloadable":["no"],"_download_limit":["-1"],"_download_expiry":["-1"],"_stock":[null],"_stock_status":["instock"],"_wc_average_rating":["5.00"],"_wc_review_count":["17"],"_product_attributes":["a:1:{s:6:\"volume\";a:6:{s:4:\"name\";s:6:\"Volume\";s:5:\"value\";s:20:\"5 liters | 25 liters\";s:8:\"position\";i:1;s:10:\"is_visible\";i:0;s:12:\"is_variation\";i:1;s:11:\"is_taxonomy\";i:0;}}"],"_product_version":["10.5.1"],"wpse_downloadable_file_names":[""],"wpse_downloadable_file_urls":[""],"_edit_last":["1"],"_default_attributes":["a:1:{s:6:\"volume\";s:8:\"5 liters\";}"],"_edit_lock":["1771158423:1"],"_price":["29.90","129.90"],"merchant-center-availability":["yes"],"merchant-center-category":["4977"],"_thumbnail_id":["36515"],"_wp_page_template":["default"],"_wp_old_date":["2025-05-26"],"_product_image_gallery":["36516"],"site-sidebar-layout":["default"],"ast-site-content-layout":["default"],"site-content-style":["default"],"site-sidebar-style":["default"],"theme-transparent-header-meta":["default"],"_wc_rating_count":["a:1:{i:5;i:17;}"],"astra-migrate-meta-layouts":["set"],"_uag_css_file_name":["uag-css-23143.css"],"_elementor_page_assets":["a:0:{}"],"_uag_page_assets":["a:9:{s:3:\"css\";s:7133:\".uag-blocks-common-selector{z-index:var(--z-index-desktop) !important}@media(max-width: 976px){.uag-blocks-common-selector{z-index:var(--z-index-tablet) !important}}@media(max-width: 767px){.uag-blocks-common-selector{z-index:var(--z-index-mobile) !important}}.wp-block-uagb-image{display:flex}.wp-block-uagb-image__figure{position:relative;display:flex;flex-direction:column;max-width:100%;height:auto;margin:0}.wp-block-uagb-image__figure img{height:auto;display:flex;max-width:100%;transition:box-shadow .2s ease}.wp-block-uagb-image__figure>a{display:inline-block}.wp-block-uagb-image__figure figcaption{text-align:center;margin-top:.5em;margin-bottom:1em}.wp-block-uagb-image .components-placeholder.block-editor-media-placeholder .components-placeholder__instructions{align-self:center}.wp-block-uagb-image--align-left{text-align:left}.wp-block-uagb-image--align-right{text-align:right}.wp-block-uagb-image--align-center{text-align:center}.wp-block-uagb-image--align-full .wp-block-uagb-image__figure{margin-left:calc(50% - 50vw);margin-right:calc(50% - 50vw);max-width:100vw;width:100vw;height:auto}.wp-block-uagb-image--align-full .wp-block-uagb-image__figure img{height:auto;width:100% !important}.wp-block-uagb-image--align-wide .wp-block-uagb-image__figure img{height:auto;width:100%}.wp-block-uagb-image--layout-overlay__color-wrapper{position:absolute;left:0;top:0;right:0;bottom:0;opacity:.2;background:rgba(0,0,0,.5);transition:opacity .35s ease-in-out}.wp-block-uagb-image--layout-overlay-link{position:absolute;left:0;right:0;bottom:0;top:0}.wp-block-uagb-image--layout-overlay .wp-block-uagb-image__figure:hover .wp-block-uagb-image--layout-overlay__color-wrapper{opacity:1}.wp-block-uagb-image--layout-overlay__inner{position:absolute;left:15px;right:15px;bottom:15px;top:15px;display:flex;align-items:center;justify-content:center;flex-direction:column;border-color:#fff;transition:.35s ease-in-out}.wp-block-uagb-image--layout-overlay__inner.top-left,.wp-block-uagb-image--layout-overlay__inner.top-center,.wp-block-uagb-image--layout-overlay__inner.top-right{justify-content:flex-start}.wp-block-uagb-image--layout-overlay__inner.bottom-left,.wp-block-uagb-image--layout-overlay__inner.bottom-center,.wp-block-uagb-image--layout-overlay__inner.bottom-right{justify-content:flex-end}.wp-block-uagb-image--layout-overlay__inner.top-left,.wp-block-uagb-image--layout-overlay__inner.center-left,.wp-block-uagb-image--layout-overlay__inner.bottom-left{align-items:flex-start}.wp-block-uagb-image--layout-overlay__inner.top-right,.wp-block-uagb-image--layout-overlay__inner.center-right,.wp-block-uagb-image--layout-overlay__inner.bottom-right{align-items:flex-end}.wp-block-uagb-image--layout-overlay__inner .uagb-image-heading{color:#fff;transition:transform .35s,opacity .35s ease-in-out;transform:translate3d(0, 24px, 0);margin:0;line-height:1em}.wp-block-uagb-image--layout-overlay__inner .uagb-image-separator{width:30%;border-top-width:2px;border-top-color:#fff;border-top-style:solid;margin-bottom:10px;opacity:0;transition:transform .4s,opacity .4s ease-in-out;transform:translate3d(0, 30px, 0)}.wp-block-uagb-image--layout-overlay__inner .uagb-image-caption{opacity:0;overflow:visible;color:#fff;transition:transform .45s,opacity .45s ease-in-out;transform:translate3d(0, 35px, 0)}.wp-block-uagb-image--layout-overlay__inner:hover .uagb-image-heading,.wp-block-uagb-image--layout-overlay__inner:hover .uagb-image-separator,.wp-block-uagb-image--layout-overlay__inner:hover .uagb-image-caption{opacity:1;transform:translate3d(0, 0, 0)}.wp-block-uagb-image--effect-zoomin .wp-block-uagb-image__figure img,.wp-block-uagb-image--effect-zoomin .wp-block-uagb-image__figure .wp-block-uagb-image--layout-overlay__color-wrapper{transform:scale(1);transition:transform .35s ease-in-out}.wp-block-uagb-image--effect-zoomin .wp-block-uagb-image__figure:hover img,.wp-block-uagb-image--effect-zoomin .wp-block-uagb-image__figure:hover .wp-block-uagb-image--layout-overlay__color-wrapper{transform:scale(1.05)}.wp-block-uagb-image--effect-slide .wp-block-uagb-image__figure img,.wp-block-uagb-image--effect-slide .wp-block-uagb-image__figure .wp-block-uagb-image--layout-overlay__color-wrapper{width:calc(100% + 40px) !important;max-width:none !important;transform:translate3d(-40px, 0, 0);transition:transform .35s ease-in-out}.wp-block-uagb-image--effect-slide .wp-block-uagb-image__figure:hover img,.wp-block-uagb-image--effect-slide .wp-block-uagb-image__figure:hover .wp-block-uagb-image--layout-overlay__color-wrapper{transform:translate3d(0, 0, 0)}.wp-block-uagb-image--effect-grayscale img{filter:grayscale(0%);transition:.35s ease-in-out}.wp-block-uagb-image--effect-grayscale:hover img{filter:grayscale(100%)}.wp-block-uagb-image--effect-blur img{filter:blur(0);transition:.35s ease-in-out}.wp-block-uagb-image--effect-blur:hover img{filter:blur(3px)}.uagb-block-e6f939b3.wp-block-uagb-image--layout-default figure img{box-shadow: 0px 0px 0 #00000070;}.uagb-block-e6f939b3.wp-block-uagb-image .wp-block-uagb-image__figure figcaption{font-style: normal;align-self: center;}.uagb-block-e6f939b3.wp-block-uagb-image--layout-overlay figure img{box-shadow: 0px 0px 0 #00000070;}.uagb-block-e6f939b3.wp-block-uagb-image--layout-overlay .wp-block-uagb-image--layout-overlay__color-wrapper{opacity: 0.2;}.uagb-block-e6f939b3.wp-block-uagb-image--layout-overlay .wp-block-uagb-image--layout-overlay__inner{left: 15px;right: 15px;top: 15px;bottom: 15px;}.uagb-block-e6f939b3.wp-block-uagb-image--layout-overlay .wp-block-uagb-image--layout-overlay__inner .uagb-image-heading{font-style: normal;color: #fff;opacity: 1;}.uagb-block-e6f939b3.wp-block-uagb-image--layout-overlay .wp-block-uagb-image--layout-overlay__inner .uagb-image-heading a{color: #fff;}.uagb-block-e6f939b3.wp-block-uagb-image--layout-overlay .wp-block-uagb-image--layout-overlay__inner .uagb-image-caption{opacity: 0;}.uagb-block-e6f939b3.wp-block-uagb-image--layout-overlay .wp-block-uagb-image__figure:hover .wp-block-uagb-image--layout-overlay__color-wrapper{opacity: 1;}.uagb-block-e6f939b3.wp-block-uagb-image .wp-block-uagb-image--layout-overlay__inner .uagb-image-separator{width: 30%;border-top-width: 2px;border-top-color: #fff;opacity: 0;}.uagb-block-e6f939b3.wp-block-uagb-image .wp-block-uagb-image__figure img{width: px;height: auto;}.uagb-block-e6f939b3.wp-block-uagb-image .wp-block-uagb-image__figure:hover .wp-block-uagb-image--layout-overlay__inner .uagb-image-caption{opacity: 1;}.uagb-block-e6f939b3.wp-block-uagb-image .wp-block-uagb-image__figure:hover .wp-block-uagb-image--layout-overlay__inner .uagb-image-separator{opacity: 1;}.uagb-block-e6f939b3.wp-block-uagb-image--layout-default figure:hover img{box-shadow: 0px 0px 0 #00000070;}.uagb-block-e6f939b3.wp-block-uagb-image--layout-overlay figure:hover img{box-shadow: 0px 0px 0 #00000070;}@media only screen and (max-width: 976px) {.uagb-block-e6f939b3.wp-block-uagb-image .wp-block-uagb-image__figure img{width: px;height: auto;}}@media only screen and (max-width: 767px) {.uagb-block-e6f939b3.wp-block-uagb-image .wp-block-uagb-image__figure img{width: px;height: auto;}}\";s:2:\"js\";s:0:\"\";s:18:\"current_block_list\";a:13:{i:0;s:11:\"core\/search\";i:1;s:10:\"core\/group\";i:2;s:12:\"core\/heading\";i:3;s:17:\"core\/latest-posts\";i:4;s:20:\"core\/latest-comments\";i:5;s:13:\"core\/archives\";i:6;s:15:\"core\/categories\";i:7;s:14:\"core\/paragraph\";i:8;s:10:\"uagb\/image\";i:9;s:11:\"core\/spacer\";i:10;s:30:\"woocommerce\/product-categories\";i:11;s:10:\"core\/image\";i:12;s:14:\"core\/shortcode\";}s:8:\"uag_flag\";b:1;s:11:\"uag_version\";s:10:\"1777197333\";s:6:\"gfonts\";a:0:{}s:10:\"gfonts_url\";s:0:\"\";s:12:\"gfonts_files\";a:0:{}s:14:\"uag_faq_layout\";b:0;}"]},"uagb_featured_image_src":{"full":["https:\/\/www.ferberpainting.com\/wp-content\/uploads\/2025\/05\/Cleaner-for-Vacuum-Mop-and-Robot-5L.png",2560,2560,false],"thumbnail":["https:\/\/www.ferberpainting.com\/wp-content\/uploads\/2025\/05\/Cleaner-for-Vacuum-Mop-and-Robot-5L-150x150.png",150,150,true],"medium":["https:\/\/www.ferberpainting.com\/wp-content\/uploads\/2025\/05\/Cleaner-for-Vacuum-Mop-and-Robot-5L-300x300.png",300,300,true],"medium_large":["https:\/\/www.ferberpainting.com\/wp-content\/uploads\/2025\/05\/Cleaner-for-Vacuum-Mop-and-Robot-5L-768x768.png",768,768,true],"large":["https:\/\/www.ferberpainting.com\/wp-content\/uploads\/2025\/05\/Cleaner-for-Vacuum-Mop-and-Robot-5L-1024x1024.png",1024,1024,true],"1536x1536":["https:\/\/www.ferberpainting.com\/wp-content\/uploads\/2025\/05\/Cleaner-for-Vacuum-Mop-and-Robot-5L-1536x1536.png",1536,1536,true],"2048x2048":["https:\/\/www.ferberpainting.com\/wp-content\/uploads\/2025\/05\/Cleaner-for-Vacuum-Mop-and-Robot-5L-2048x2048.png",2048,2048,true],"trp-custom-language-flag":["https:\/\/www.ferberpainting.com\/wp-content\/uploads\/2025\/05\/Cleaner-for-Vacuum-Mop-and-Robot-5L-12x12.png",12,12,true],"woocommerce_thumbnail":["https:\/\/www.ferberpainting.com\/wp-content\/uploads\/2025\/05\/Cleaner-for-Vacuum-Mop-and-Robot-5L-300x300.png",300,300,true],"woocommerce_single":["https:\/\/www.ferberpainting.com\/wp-content\/uploads\/2025\/05\/Cleaner-for-Vacuum-Mop-and-Robot-5L-600x600.png",600,600,true],"woocommerce_gallery_thumbnail":["https:\/\/www.ferberpainting.com\/wp-content\/uploads\/2025\/05\/Cleaner-for-Vacuum-Mop-and-Robot-5L-100x100.png",100,100,true]},"uagb_author_info":{"display_name":"admin","author_link":"https:\/\/www.ferberpainting.com\/lt\/author\/"},"uagb_comment_info":17,"uagb_excerpt":"Optimal efficiency.\u00a0Thanks to its powerful and specially designed formula, this cleaner for vacuum-mop and robot thoroughly removes dirt residues, stubborn stains, and embedded marks from all types of floors. It works directly in your device\u2019s tank to deliver flawless cleaning, leaving no streaks or sticky residue. Money-back guarantee.\u00a0We have complete confidence in the effectiveness of&hellip;","_links":{"self":[{"href":"https:\/\/www.ferberpainting.com\/lt\/wp-json\/wp\/v2\/product\/23143","targetHints":{"allow":["GET"]}}],"collection":[{"href":"https:\/\/www.ferberpainting.com\/lt\/wp-json\/wp\/v2\/product"}],"about":[{"href":"https:\/\/www.ferberpainting.com\/lt\/wp-json\/wp\/v2\/types\/product"}],"replies":[{"embeddable":true,"href":"https:\/\/www.ferberpainting.com\/lt\/wp-json\/wp\/v2\/comments?post=23143"}],"version-history":[{"count":4,"href":"https:\/\/www.ferberpainting.com\/lt\/wp-json\/wp\/v2\/product\/23143\/revisions"}],"predecessor-version":[{"id":166069,"href":"https:\/\/www.ferberpainting.com\/lt\/wp-json\/wp\/v2\/product\/23143\/revisions\/166069"}],"wp:featuredmedia":[{"embeddable":true,"href":"https:\/\/www.ferberpainting.com\/lt\/wp-json\/wp\/v2\/media\/36515"}],"wp:attachment":[{"href":"https:\/\/www.ferberpainting.com\/lt\/wp-json\/wp\/v2\/media?parent=23143"}],"wp:term":[{"taxonomy":"product_brand","embeddable":true,"href":"https:\/\/www.ferberpainting.com\/lt\/wp-json\/wp\/v2\/product_brand?post=23143"},{"taxonomy":"product_cat","embeddable":true,"href":"https:\/\/www.ferberpainting.com\/lt\/wp-json\/wp\/v2\/product_cat?post=23143"},{"taxonomy":"product_tag","embeddable":true,"href":"https:\/\/www.ferberpainting.com\/lt\/wp-json\/wp\/v2\/product_tag?post=23143"}],"curies":[{"name":"wp","href":"https:\/\/api.w.org\/{rel}","templated":true}]}}