{"id":23136,"date":"2025-07-01T17:25:33","date_gmt":"2025-07-01T15:25:33","guid":{"rendered":"https:\/\/www.ferberpainting.com\/?post_type=product&#038;p=23136"},"modified":"2026-02-15T13:27:20","modified_gmt":"2026-02-15T12:27:20","slug":"chimney-and-fireplace-cleaner","status":"publish","type":"product","link":"https:\/\/www.ferberpainting.com\/lt\/products\/chimney-and-fireplace-cleaner\/","title":{"rendered":"Kamin\u0173 ir \u017eidini\u0173 valiklis"},"content":{"rendered":"<p><img decoding=\"async\" style=\"margin-right: 12px;\" src=\"https:\/\/www.ferberpainting.com\/wp-content\/uploads\/2026\/02\/Check.svg\" alt=\"\" width=\"18\" height=\"15\" \/><strong>Optimalus veiksmingumas.<\/strong>\u00a0\u0160is \u017eidini\u0173 ir krosni\u0173 stiklo valiklis specialiai sukurtas taip, kad veiksmingai pa\u0161alint\u0173 suod\u017eius, degut\u0105 ir pelen\u0173 nuos\u0117das, susikaupusias ant \u017eidinio stiklo ir vidini\u0173 sieneli\u0173. Jis veikia giliai, kad atkurt\u0173 stiklo skaidrum\u0105, pa\u0161alint\u0173 liku\u010dius nuo plyt\u0173 ir plieno ir u\u017etikrint\u0173 nepriekai\u0161ting\u0105 \u0161var\u0105 po kiekvieno naudojimo.<\/p>\n<p><img decoding=\"async\" style=\"margin-right: 12px;\" src=\"https:\/\/www.ferberpainting.com\/wp-content\/uploads\/2026\/02\/Check.svg\" alt=\"\" width=\"18\" height=\"15\" \/><strong>Pinig\u0173 gr\u0105\u017einimo garantija.<\/strong>\u00a0Esame \u012fsitikin\u0119 savo valymo priemon\u0117s veiksmingumu. Jei po naudojimo nesate visi\u0161kai patenkinti, galite atgauti vis\u0105 sumok\u0117t\u0105 sum\u0105. I\u0161bandykite m\u016bs\u0173 gamin\u012f visi\u0161kai ramiai - jokios rizikos.<\/p>\n<p><img decoding=\"async\" style=\"margin-right: 12px;\" src=\"https:\/\/www.ferberpainting.com\/wp-content\/uploads\/2026\/02\/Check.svg\" alt=\"\" width=\"18\" height=\"15\" \/><strong>I\u0161skirtinis universalumas.<\/strong>\u00a0\u0160is valiklis skirtas ne tik \u017eidinio stiklui! Jis taip pat veiksmingas malkomis k\u016brenamoms krosnel\u0117ms, atviriems \u017eidiniams, kepsnin\u0117ms, ketaus plok\u0161t\u0117ms ir metalin\u0117ms grotel\u0117ms. Jis suderinamas su \u012fvairiomis med\u017eiagomis, tokiomis kaip stiklas, plienas, ketus, \u0161amotin\u0117s plytos, betonas ir nat\u016bralus akmuo, tod\u0117l u\u017etikrina optimal\u0173 valym\u0105 nepa\u017eeid\u017eiant pavir\u0161i\u0173.<\/p>\n<p><img decoding=\"async\" style=\"margin-right: 12px;\" src=\"https:\/\/www.ferberpainting.com\/wp-content\/uploads\/2026\/02\/Check.svg\" alt=\"\" width=\"18\" height=\"15\" \/><strong>Ekonomi\u0161kas.<\/strong>\u00a0D\u0117l 5 litr\u0173 talpos indo ir itin koncentruotos formul\u0117s \u0161is valiklis pasi\u017eymi puikiu na\u0161umu. Nedidelio kiekio u\u017etenka dideliems u\u017eter\u0161tiems pavir\u0161iams valyti. Vidutini\u0161kai vienu litru galima i\u0161valyti iki 50 m\u00b2 stiklo ar metalo pavir\u0161i\u0173, tod\u0117l tai ekonomi\u0161kas ir patvarus sprendimas.<\/p>\n<p><img decoding=\"async\" style=\"margin-right: 12px;\" src=\"https:\/\/www.ferberpainting.com\/wp-content\/uploads\/2026\/02\/Check.svg\" alt=\"\" width=\"18\" height=\"15\" \/><strong>Saugu naudoti.<\/strong>\u00a0Skirtingai nuo a\u0161tri\u0173 komercini\u0173 valikli\u0173, \u0161io produkto sud\u0117tyje n\u0117ra korozij\u0105 sukelian\u010di\u0173 ar pavojing\u0173 med\u017eiag\u0173. Jis neskleid\u017eia nuoding\u0173 gar\u0173, nepalieka chemini\u0173 med\u017eiag\u0173 liku\u010di\u0173 ir nekelia pavojaus sveikatai, jei naudojamas pagal instrukcij\u0105. J\u012f galima naudoti patalpose, nesukeliant pavojaus nam\u0173 gyventojams.<\/p>\n<p><img decoding=\"async\" style=\"margin-right: 12px;\" src=\"https:\/\/www.ferberpainting.com\/wp-content\/uploads\/2026\/02\/Check.svg\" alt=\"\" width=\"18\" height=\"15\" \/><strong>Lengva naudoti.<\/strong>\u00a0\u0160is valiklis yra paruo\u0161tas naudoti, jo nereikia skiesti ar specialiai ruo\u0161ti. Tiesiog u\u017etepkite tiesiai ant sutepto pavir\u0161iaus, leiskite jam kelet\u0105 akimirk\u0173 veikti ir \u0161velniai nu\u0161veiskite, kad pa\u0161alintum\u0117te suod\u017eius ir derv\u0105. Nereikia pernelyg dideli\u0173 pastang\u0173, tod\u0117l valyti daug lengviau.<\/p>\n<p><img decoding=\"async\" style=\"margin-right: 12px;\" src=\"https:\/\/www.ferberpainting.com\/wp-content\/uploads\/2026\/02\/Check.svg\" alt=\"\" width=\"18\" height=\"15\" \/><strong>Ilgalaik\u0117 apsauga.<\/strong>\u00a0Veiksmingai valydamas ir \u0161alindamas anglies liku\u010dius, \u0161is produktas padeda prailginti \u0161ildymo \u012frangos tarnavimo laik\u0105. Jis neleid\u017eia kauptis suod\u017eiams ir dervoms, ma\u017eina ankstyv\u0105 \u017eidinio stiklo ir vidini\u0173 sien\u0173 u\u017eter\u0161tum\u0105.<\/p>\n<p><img decoding=\"async\" style=\"margin-right: 12px;\" src=\"https:\/\/www.ferberpainting.com\/wp-content\/uploads\/2026\/02\/Check.svg\" alt=\"\" width=\"18\" height=\"15\" \/><strong>Greitas veiksmas.<\/strong>\u00a0D\u0117l itin reaktyvios formul\u0117s \u0161is valiklis akimirksniu veikia suod\u017eius ir derv\u0173 nuos\u0117das. Vos per kelias sekundes jis i\u0161tirpina ne\u0161varumus ir palengvina j\u0173 pa\u0161alinim\u0105 be intensyvaus \u0161veitimo. Idealiai tinka greitam ir efektyviam valymui, tod\u0117l akimirksniu atkuria nepriekai\u0161ting\u0105 pavir\u0161i\u0173 b\u016bkl\u0119.<\/p>\n<h2><strong>Naudojimo instrukcijos<\/strong><\/h2>\n<ul>\n<li><strong>Paruo\u0161imas <\/strong>: Pasir\u016bpinkite, kad valomas pavir\u0161ius b\u016bt\u0173 \u0161altas arba \u0161iek tiek \u0161iltas, kad produktas b\u016bt\u0173 kuo veiksmingesnis ir greitai nei\u0161garuot\u0173.<\/li>\n<li><strong>Parai\u0161ka <\/strong>: U\u017etepkite nedidel\u012f kiek\u012f valiklio tiesiai ant mink\u0161tos \u0161luost\u0117s, kempin\u0117s ar tinkamo \u0161epet\u0117lio ir u\u017etepkite ant sutepto pavir\u0161iaus.<\/li>\n<li><strong>Valymas <\/strong>: Palikite 2-5 minutes, kad produktas i\u0161tirpint\u0173 suod\u017eius ir dervos liku\u010dius. \u0160velniai patrinkite skudur\u0117liu, kempine arba neabrazyviniu \u0161epe\u010diu, kad pa\u0161alintum\u0117te nuos\u0117das.<\/li>\n<li><strong>Skalavimas <\/strong>: Stiklo ir metalo pavir\u0161ius nuvalykite dr\u0117gnu skudur\u0117liu, kad pa\u0161alintum\u0117te visus produkto liku\u010dius. Por\u0117tus pavir\u0161ius, pavyzd\u017eiui, plytas ar akmen\u012f, jei reikia, nuplaukite \u0161variu vandeniu.<\/li>\n<li><strong>D\u017eiovinimas ir apdaila <\/strong>: Nuvalykite \u0161varia, sausa \u0161luoste, kad apdaila b\u016bt\u0173 nepriekai\u0161tinga ir optimaliai blizg\u0117t\u0173.<\/li>\n<li><strong>Naudojimo da\u017enumas <\/strong>: Naudokite po kiekvieno gaisro, kad nesusidaryt\u0173 per daug suod\u017ei\u0173, arba kai \u012fd\u0117klo stiklas tampa nepermatomas, kad gerai matyt\u0173si liepsnos.<\/li>\n<li><strong>Saugykla <\/strong>: Po kiekvieno naudojimo sandariai u\u017edarykite talpykl\u0105 ir laikykite j\u0105 v\u0117sioje, sausoje, apsaugotoje nuo \u0161viesos ir ekstremalios temperat\u016bros vietoje, kad i\u0161saugotum\u0117te visas produkto savybes.<\/li>\n<\/ul>\n<p>Naudodami m\u016bs\u0173 \u017eidini\u0173 ir krosni\u0173 stiklo valikl\u012f akimirksniu gal\u0117site d\u017eiaugtis nepriekai\u0161tingais pavir\u0161iais ir maksimaliai i\u0161naudoti savo \u017eidin\u012f - be r\u016bpes\u010di\u0173, susijusi\u0173 su valymu.<\/p>","protected":false},"excerpt":{"rendered":"<p>Optimal effectiveness.\u00a0This fireplace and stove glass cleaner has been specially formulated to effectively remove soot, tar, and ash deposits that accumulate on the glass and inner walls of your fireplace. It works deep down to restore glass clarity, remove residues from bricks and steel, and ensure impeccable cleanliness after each use. Money-back guarantee.\u00a0We are confident [&hellip;]<\/p>\n","protected":false},"featured_media":36499,"comment_status":"open","ping_status":"closed","template":"","meta":{"_uag_custom_page_level_css":"","site-sidebar-layout":"default","site-content-layout":"","ast-site-content-layout":"default","site-content-style":"default","site-sidebar-style":"default","ast-global-header-display":"","ast-banner-title-visibility":"","ast-main-header-display":"","ast-hfb-above-header-display":"","ast-hfb-below-header-display":"","ast-hfb-mobile-header-display":"","site-post-title":"","ast-breadcrumbs-content":"","ast-featured-img":"","footer-sml-layout":"","ast-disable-related-posts":"","theme-transparent-header-meta":"default","adv-header-id-meta":"","stick-header-meta":"","header-above-stick-meta":"","header-main-stick-meta":"","header-below-stick-meta":"","astra-migrate-meta-layouts":"set","ast-page-background-enabled":"default","ast-page-background-meta":{"desktop":{"background-color":"var(--ast-global-color-4)","background-image":"","background-repeat":"repeat","background-position":"center center","background-size":"auto","background-attachment":"scroll","background-type":"","background-media":"","overlay-type":"","overlay-color":"","overlay-opacity":"","overlay-gradient":""},"tablet":{"background-color":"","background-image":"","background-repeat":"repeat","background-position":"center center","background-size":"auto","background-attachment":"scroll","background-type":"","background-media":"","overlay-type":"","overlay-color":"","overlay-opacity":"","overlay-gradient":""},"mobile":{"background-color":"","background-image":"","background-repeat":"repeat","background-position":"center center","background-size":"auto","background-attachment":"scroll","background-type":"","background-media":"","overlay-type":"","overlay-color":"","overlay-opacity":"","overlay-gradient":""}},"ast-content-background-meta":{"desktop":{"background-color":"var(--ast-global-color-5)","background-image":"","background-repeat":"repeat","background-position":"center center","background-size":"auto","background-attachment":"scroll","background-type":"","background-media":"","overlay-type":"","overlay-color":"","overlay-opacity":"","overlay-gradient":""},"tablet":{"background-color":"var(--ast-global-color-5)","background-image":"","background-repeat":"repeat","background-position":"center center","background-size":"auto","background-attachment":"scroll","background-type":"","background-media":"","overlay-type":"","overlay-color":"","overlay-opacity":"","overlay-gradient":""},"mobile":{"background-color":"var(--ast-global-color-5)","background-image":"","background-repeat":"repeat","background-position":"center center","background-size":"auto","background-attachment":"scroll","background-type":"","background-media":"","overlay-type":"","overlay-color":"","overlay-opacity":"","overlay-gradient":""}}},"product_brand":[],"product_cat":[175],"product_tag":[],"class_list":{"0":"post-23136","1":"product","2":"type-product","3":"status-publish","4":"has-post-thumbnail","6":"product_cat-cleaning-products","7":"desktop-align-left","8":"tablet-align-left","9":"mobile-align-left","11":"first","12":"instock","13":"sale","14":"taxable","15":"shipping-taxable","16":"purchasable","17":"product-type-variable","18":"has-default-attributes"},"spectra_custom_meta":{"_visibility":["visible"],"_shopify_product_id":["9101783400693"],"_s2w_shopify_domain":["ferberpainting.myshopify.com"],"_shopify_variant_id":["46613421588725"],"_sku":[""],"_manage_stock":["no"],"total_sales":["27"],"_tax_status":["taxable"],"_tax_class":[""],"_backorders":["no"],"_sold_individually":["no"],"_virtual":["no"],"_downloadable":["no"],"_download_limit":["-1"],"_download_expiry":["-1"],"_stock":[null],"_stock_status":["instock"],"_wc_average_rating":["5.00"],"_wc_review_count":["11"],"_product_attributes":["a:1:{s:6:\"volume\";a:6:{s:4:\"name\";s:6:\"Volume\";s:5:\"value\";s:20:\"5 liters | 25 liters\";s:8:\"position\";i:1;s:10:\"is_visible\";i:0;s:12:\"is_variation\";i:1;s:11:\"is_taxonomy\";i:0;}}"],"_product_version":["10.5.1"],"wpse_downloadable_file_names":[""],"wpse_downloadable_file_urls":[""],"_edit_last":["1"],"_default_attributes":["a:1:{s:6:\"volume\";s:8:\"5 liters\";}"],"_edit_lock":["1771158306:1"],"_price":["29.90","129.90"],"merchant-center-availability":["yes"],"merchant-center-category":["1479"],"_thumbnail_id":["36499"],"_wp_page_template":["default"],"_wp_old_date":["2025-05-26"],"_product_image_gallery":["36501"],"site-sidebar-layout":["default"],"ast-site-content-layout":["default"],"site-content-style":["default"],"site-sidebar-style":["default"],"theme-transparent-header-meta":["default"],"_wc_rating_count":["a:1:{i:5;i:11;}"],"astra-migrate-meta-layouts":["set"],"_uag_css_file_name":["uag-css-23136.css"],"_elementor_page_assets":["a:0:{}"],"_uag_page_assets":["a:9:{s:3:\"css\";s:7133:\".uag-blocks-common-selector{z-index:var(--z-index-desktop) !important}@media(max-width: 976px){.uag-blocks-common-selector{z-index:var(--z-index-tablet) !important}}@media(max-width: 767px){.uag-blocks-common-selector{z-index:var(--z-index-mobile) !important}}.wp-block-uagb-image{display:flex}.wp-block-uagb-image__figure{position:relative;display:flex;flex-direction:column;max-width:100%;height:auto;margin:0}.wp-block-uagb-image__figure img{height:auto;display:flex;max-width:100%;transition:box-shadow .2s ease}.wp-block-uagb-image__figure>a{display:inline-block}.wp-block-uagb-image__figure figcaption{text-align:center;margin-top:.5em;margin-bottom:1em}.wp-block-uagb-image .components-placeholder.block-editor-media-placeholder .components-placeholder__instructions{align-self:center}.wp-block-uagb-image--align-left{text-align:left}.wp-block-uagb-image--align-right{text-align:right}.wp-block-uagb-image--align-center{text-align:center}.wp-block-uagb-image--align-full .wp-block-uagb-image__figure{margin-left:calc(50% - 50vw);margin-right:calc(50% - 50vw);max-width:100vw;width:100vw;height:auto}.wp-block-uagb-image--align-full .wp-block-uagb-image__figure img{height:auto;width:100% !important}.wp-block-uagb-image--align-wide .wp-block-uagb-image__figure img{height:auto;width:100%}.wp-block-uagb-image--layout-overlay__color-wrapper{position:absolute;left:0;top:0;right:0;bottom:0;opacity:.2;background:rgba(0,0,0,.5);transition:opacity .35s ease-in-out}.wp-block-uagb-image--layout-overlay-link{position:absolute;left:0;right:0;bottom:0;top:0}.wp-block-uagb-image--layout-overlay .wp-block-uagb-image__figure:hover .wp-block-uagb-image--layout-overlay__color-wrapper{opacity:1}.wp-block-uagb-image--layout-overlay__inner{position:absolute;left:15px;right:15px;bottom:15px;top:15px;display:flex;align-items:center;justify-content:center;flex-direction:column;border-color:#fff;transition:.35s ease-in-out}.wp-block-uagb-image--layout-overlay__inner.top-left,.wp-block-uagb-image--layout-overlay__inner.top-center,.wp-block-uagb-image--layout-overlay__inner.top-right{justify-content:flex-start}.wp-block-uagb-image--layout-overlay__inner.bottom-left,.wp-block-uagb-image--layout-overlay__inner.bottom-center,.wp-block-uagb-image--layout-overlay__inner.bottom-right{justify-content:flex-end}.wp-block-uagb-image--layout-overlay__inner.top-left,.wp-block-uagb-image--layout-overlay__inner.center-left,.wp-block-uagb-image--layout-overlay__inner.bottom-left{align-items:flex-start}.wp-block-uagb-image--layout-overlay__inner.top-right,.wp-block-uagb-image--layout-overlay__inner.center-right,.wp-block-uagb-image--layout-overlay__inner.bottom-right{align-items:flex-end}.wp-block-uagb-image--layout-overlay__inner .uagb-image-heading{color:#fff;transition:transform .35s,opacity .35s ease-in-out;transform:translate3d(0, 24px, 0);margin:0;line-height:1em}.wp-block-uagb-image--layout-overlay__inner .uagb-image-separator{width:30%;border-top-width:2px;border-top-color:#fff;border-top-style:solid;margin-bottom:10px;opacity:0;transition:transform .4s,opacity .4s ease-in-out;transform:translate3d(0, 30px, 0)}.wp-block-uagb-image--layout-overlay__inner .uagb-image-caption{opacity:0;overflow:visible;color:#fff;transition:transform .45s,opacity .45s ease-in-out;transform:translate3d(0, 35px, 0)}.wp-block-uagb-image--layout-overlay__inner:hover .uagb-image-heading,.wp-block-uagb-image--layout-overlay__inner:hover .uagb-image-separator,.wp-block-uagb-image--layout-overlay__inner:hover .uagb-image-caption{opacity:1;transform:translate3d(0, 0, 0)}.wp-block-uagb-image--effect-zoomin .wp-block-uagb-image__figure img,.wp-block-uagb-image--effect-zoomin .wp-block-uagb-image__figure .wp-block-uagb-image--layout-overlay__color-wrapper{transform:scale(1);transition:transform .35s ease-in-out}.wp-block-uagb-image--effect-zoomin .wp-block-uagb-image__figure:hover img,.wp-block-uagb-image--effect-zoomin .wp-block-uagb-image__figure:hover .wp-block-uagb-image--layout-overlay__color-wrapper{transform:scale(1.05)}.wp-block-uagb-image--effect-slide .wp-block-uagb-image__figure img,.wp-block-uagb-image--effect-slide .wp-block-uagb-image__figure .wp-block-uagb-image--layout-overlay__color-wrapper{width:calc(100% + 40px) !important;max-width:none !important;transform:translate3d(-40px, 0, 0);transition:transform .35s ease-in-out}.wp-block-uagb-image--effect-slide .wp-block-uagb-image__figure:hover img,.wp-block-uagb-image--effect-slide .wp-block-uagb-image__figure:hover .wp-block-uagb-image--layout-overlay__color-wrapper{transform:translate3d(0, 0, 0)}.wp-block-uagb-image--effect-grayscale img{filter:grayscale(0%);transition:.35s ease-in-out}.wp-block-uagb-image--effect-grayscale:hover img{filter:grayscale(100%)}.wp-block-uagb-image--effect-blur img{filter:blur(0);transition:.35s ease-in-out}.wp-block-uagb-image--effect-blur:hover img{filter:blur(3px)}.uagb-block-e6f939b3.wp-block-uagb-image--layout-default figure img{box-shadow: 0px 0px 0 #00000070;}.uagb-block-e6f939b3.wp-block-uagb-image .wp-block-uagb-image__figure figcaption{font-style: normal;align-self: center;}.uagb-block-e6f939b3.wp-block-uagb-image--layout-overlay figure img{box-shadow: 0px 0px 0 #00000070;}.uagb-block-e6f939b3.wp-block-uagb-image--layout-overlay .wp-block-uagb-image--layout-overlay__color-wrapper{opacity: 0.2;}.uagb-block-e6f939b3.wp-block-uagb-image--layout-overlay .wp-block-uagb-image--layout-overlay__inner{left: 15px;right: 15px;top: 15px;bottom: 15px;}.uagb-block-e6f939b3.wp-block-uagb-image--layout-overlay .wp-block-uagb-image--layout-overlay__inner .uagb-image-heading{font-style: normal;color: #fff;opacity: 1;}.uagb-block-e6f939b3.wp-block-uagb-image--layout-overlay .wp-block-uagb-image--layout-overlay__inner .uagb-image-heading a{color: #fff;}.uagb-block-e6f939b3.wp-block-uagb-image--layout-overlay .wp-block-uagb-image--layout-overlay__inner .uagb-image-caption{opacity: 0;}.uagb-block-e6f939b3.wp-block-uagb-image--layout-overlay .wp-block-uagb-image__figure:hover .wp-block-uagb-image--layout-overlay__color-wrapper{opacity: 1;}.uagb-block-e6f939b3.wp-block-uagb-image .wp-block-uagb-image--layout-overlay__inner .uagb-image-separator{width: 30%;border-top-width: 2px;border-top-color: #fff;opacity: 0;}.uagb-block-e6f939b3.wp-block-uagb-image .wp-block-uagb-image__figure img{width: px;height: auto;}.uagb-block-e6f939b3.wp-block-uagb-image .wp-block-uagb-image__figure:hover .wp-block-uagb-image--layout-overlay__inner .uagb-image-caption{opacity: 1;}.uagb-block-e6f939b3.wp-block-uagb-image .wp-block-uagb-image__figure:hover .wp-block-uagb-image--layout-overlay__inner .uagb-image-separator{opacity: 1;}.uagb-block-e6f939b3.wp-block-uagb-image--layout-default figure:hover img{box-shadow: 0px 0px 0 #00000070;}.uagb-block-e6f939b3.wp-block-uagb-image--layout-overlay figure:hover img{box-shadow: 0px 0px 0 #00000070;}@media only screen and (max-width: 976px) {.uagb-block-e6f939b3.wp-block-uagb-image .wp-block-uagb-image__figure img{width: px;height: auto;}}@media only screen and (max-width: 767px) {.uagb-block-e6f939b3.wp-block-uagb-image .wp-block-uagb-image__figure img{width: px;height: auto;}}\";s:2:\"js\";s:0:\"\";s:18:\"current_block_list\";a:13:{i:0;s:11:\"core\/search\";i:1;s:10:\"core\/group\";i:2;s:12:\"core\/heading\";i:3;s:17:\"core\/latest-posts\";i:4;s:20:\"core\/latest-comments\";i:5;s:13:\"core\/archives\";i:6;s:15:\"core\/categories\";i:7;s:14:\"core\/paragraph\";i:8;s:10:\"uagb\/image\";i:9;s:11:\"core\/spacer\";i:10;s:30:\"woocommerce\/product-categories\";i:11;s:10:\"core\/image\";i:12;s:14:\"core\/shortcode\";}s:8:\"uag_flag\";b:1;s:11:\"uag_version\";s:10:\"1777228525\";s:6:\"gfonts\";a:0:{}s:10:\"gfonts_url\";s:0:\"\";s:12:\"gfonts_files\";a:0:{}s:14:\"uag_faq_layout\";b:0;}"]},"uagb_featured_image_src":{"full":["https:\/\/www.ferberpainting.com\/wp-content\/uploads\/2025\/05\/Chimney-and-Fireplace-Cleaner-5L-Mockup-.png",2560,2560,false],"thumbnail":["https:\/\/www.ferberpainting.com\/wp-content\/uploads\/2025\/05\/Chimney-and-Fireplace-Cleaner-5L-Mockup--150x150.png",150,150,true],"medium":["https:\/\/www.ferberpainting.com\/wp-content\/uploads\/2025\/05\/Chimney-and-Fireplace-Cleaner-5L-Mockup--300x300.png",300,300,true],"medium_large":["https:\/\/www.ferberpainting.com\/wp-content\/uploads\/2025\/05\/Chimney-and-Fireplace-Cleaner-5L-Mockup--768x768.png",768,768,true],"large":["https:\/\/www.ferberpainting.com\/wp-content\/uploads\/2025\/05\/Chimney-and-Fireplace-Cleaner-5L-Mockup--1024x1024.png",1024,1024,true],"1536x1536":["https:\/\/www.ferberpainting.com\/wp-content\/uploads\/2025\/05\/Chimney-and-Fireplace-Cleaner-5L-Mockup--1536x1536.png",1536,1536,true],"2048x2048":["https:\/\/www.ferberpainting.com\/wp-content\/uploads\/2025\/05\/Chimney-and-Fireplace-Cleaner-5L-Mockup--2048x2048.png",2048,2048,true],"trp-custom-language-flag":["https:\/\/www.ferberpainting.com\/wp-content\/uploads\/2025\/05\/Chimney-and-Fireplace-Cleaner-5L-Mockup--12x12.png",12,12,true],"woocommerce_thumbnail":["https:\/\/www.ferberpainting.com\/wp-content\/uploads\/2025\/05\/Chimney-and-Fireplace-Cleaner-5L-Mockup--300x300.png",300,300,true],"woocommerce_single":["https:\/\/www.ferberpainting.com\/wp-content\/uploads\/2025\/05\/Chimney-and-Fireplace-Cleaner-5L-Mockup--600x600.png",600,600,true],"woocommerce_gallery_thumbnail":["https:\/\/www.ferberpainting.com\/wp-content\/uploads\/2025\/05\/Chimney-and-Fireplace-Cleaner-5L-Mockup--100x100.png",100,100,true]},"uagb_author_info":{"display_name":"admin","author_link":"https:\/\/www.ferberpainting.com\/lt\/author\/"},"uagb_comment_info":11,"uagb_excerpt":"Optimal effectiveness.\u00a0This fireplace and stove glass cleaner has been specially formulated to effectively remove soot, tar, and ash deposits that accumulate on the glass and inner walls of your fireplace. It works deep down to restore glass clarity, remove residues from bricks and steel, and ensure impeccable cleanliness after each use. Money-back guarantee.\u00a0We are confident&hellip;","_links":{"self":[{"href":"https:\/\/www.ferberpainting.com\/lt\/wp-json\/wp\/v2\/product\/23136","targetHints":{"allow":["GET"]}}],"collection":[{"href":"https:\/\/www.ferberpainting.com\/lt\/wp-json\/wp\/v2\/product"}],"about":[{"href":"https:\/\/www.ferberpainting.com\/lt\/wp-json\/wp\/v2\/types\/product"}],"replies":[{"embeddable":true,"href":"https:\/\/www.ferberpainting.com\/lt\/wp-json\/wp\/v2\/comments?post=23136"}],"version-history":[{"count":5,"href":"https:\/\/www.ferberpainting.com\/lt\/wp-json\/wp\/v2\/product\/23136\/revisions"}],"predecessor-version":[{"id":166066,"href":"https:\/\/www.ferberpainting.com\/lt\/wp-json\/wp\/v2\/product\/23136\/revisions\/166066"}],"wp:featuredmedia":[{"embeddable":true,"href":"https:\/\/www.ferberpainting.com\/lt\/wp-json\/wp\/v2\/media\/36499"}],"wp:attachment":[{"href":"https:\/\/www.ferberpainting.com\/lt\/wp-json\/wp\/v2\/media?parent=23136"}],"wp:term":[{"taxonomy":"product_brand","embeddable":true,"href":"https:\/\/www.ferberpainting.com\/lt\/wp-json\/wp\/v2\/product_brand?post=23136"},{"taxonomy":"product_cat","embeddable":true,"href":"https:\/\/www.ferberpainting.com\/lt\/wp-json\/wp\/v2\/product_cat?post=23136"},{"taxonomy":"product_tag","embeddable":true,"href":"https:\/\/www.ferberpainting.com\/lt\/wp-json\/wp\/v2\/product_tag?post=23136"}],"curies":[{"name":"wp","href":"https:\/\/api.w.org\/{rel}","templated":true}]}}