{"id":23134,"date":"2025-05-26T10:22:55","date_gmt":"2025-05-26T08:22:55","guid":{"rendered":"https:\/\/www.ferberpainting.com\/products\/cherry-laurel-fertilizer\/"},"modified":"2026-02-15T13:26:08","modified_gmt":"2026-02-15T12:26:08","slug":"cherry-laurel-fertilizer","status":"publish","type":"product","link":"https:\/\/www.ferberpainting.com\/lt\/products\/cherry-laurel-fertilizer\/","title":{"rendered":"Vy\u0161nini\u0173 laur\u0173 tr\u0105\u0161os 25 kg"},"content":{"rendered":"<p><img decoding=\"async\" style=\"margin-right: 12px;\" src=\"https:\/\/www.ferberpainting.com\/wp-content\/uploads\/2026\/02\/Check.svg\" alt=\"\" width=\"18\" height=\"15\" \/><strong>Visapusi\u0161kos tr\u0105\u0161os sveikiems vy\u0161ni\u0173 laur\u0173 lapams ir tankiai lapijai auginti.<\/strong>\u00a0Vy\u0161ninis lauramedis, dar vadinamas Prunus laurocerasus, yra gyvatvori\u0173 augalas, kuriam reikia subalansuoto maisto med\u017eiag\u0173 tiekimo, kad i\u0161likt\u0173 tankus, \u017ealias ir atsparus ligoms. Tai l\u0117to veikimo tr\u0105\u0161os, kuri\u0173 subalansuota NPK 10-10-10 formul\u0117 skatina spart\u0173 lap\u0173, \u0161ak\u0173 ir \u0161akn\u0173 augim\u0105, u\u017etikrina stor\u0105 ir vienod\u0105 lapij\u0105 i\u0161tisus metus.<\/p>\n<p><img decoding=\"async\" style=\"margin-right: 12px;\" src=\"https:\/\/www.ferberpainting.com\/wp-content\/uploads\/2026\/02\/Check.svg\" alt=\"\" width=\"18\" height=\"15\" \/><strong>Pinig\u0173 gr\u0105\u017einimo garantija.<\/strong>\u00a0Tvirtai tikime m\u016bs\u0173 vy\u0161ni\u0173 laur\u0173 tr\u0105\u0161\u0173 veiksmingumu, ta\u010diau jei po reguliaraus naudojimo pagal rekomendacijas nepasteb\u0117site jokio gyvatvor\u0117s augimo ar tankumo pager\u0117jimo, \u012fsipareigojame gr\u0105\u017einti vis\u0105 sum\u0105 pagal m\u016bs\u0173 s\u0105lygas.<\/p>\n<p><img decoding=\"async\" style=\"margin-right: 12px;\" src=\"https:\/\/www.ferberpainting.com\/wp-content\/uploads\/2026\/02\/Check.svg\" alt=\"\" width=\"18\" height=\"15\" \/><strong>Tinka visiems dirvo\u017eemio tipams ir sodinimo s\u0105lygoms.<\/strong>\u00a0Nesvarbu, ar vy\u0161nios auga molingoje, sm\u0117lingoje, kalkingoje ar dulkingoje dirvoje, \u0161ios tr\u0105\u0161os sukurtos taip, kad optimaliai pasisavint\u0173 maisting\u0105sias med\u017eiagas. Ji tinka sodinti atvirame grunte, vazonuose ir tinka tiek pat gerai auginti mieste, tiek nat\u016bralioje aplinkoje.<\/p>\n<p><img decoding=\"async\" style=\"margin-right: 12px;\" src=\"https:\/\/www.ferberpainting.com\/wp-content\/uploads\/2026\/02\/Check.svg\" alt=\"\" width=\"18\" height=\"15\" \/><strong>Puiki ekonomin\u0117 i\u0161eiga ir optimalus dozavimas.<\/strong>\u00a0D\u0117l didel\u0117s maistini\u0173 med\u017eiag\u0173 koncentracijos \u0161iomis kietosiomis tr\u0105\u0161omis vienu 25 kg mai\u0161u galima tr\u0119\u0161ti daug vy\u0161ni\u0173 laur\u0173. Rekomenduojamas 200 g tr\u0105\u0161\u0173 kiekis vienam med\u017eiui u\u017etikrina nepertraukiam\u0105 ir subalansuot\u0105 augim\u0105 kelis m\u0117nesius, tod\u0117l nereikia da\u017enai daryti intervencij\u0173.<\/p>\n<p><img decoding=\"async\" style=\"margin-right: 12px;\" src=\"https:\/\/www.ferberpainting.com\/wp-content\/uploads\/2026\/02\/Check.svg\" alt=\"\" width=\"18\" height=\"15\" \/><strong>Saugus aplinkai ir biologinei \u012fvairovei.<\/strong>\u00a0\u0160iose nat\u016braliose tr\u0105\u0161ose n\u0117ra a\u0161tri\u0173 chemini\u0173 med\u017eiag\u0173, sunki\u0173j\u0173 metal\u0173 ar ter\u0161ian\u010di\u0173 med\u017eiag\u0173. Ji tausoja dirvo\u017eemio mikroorganizmus ir skatina sveik\u0105 ekologin\u0119 pusiausvyr\u0105. N\u0117ra \u0161akn\u0173 nudegimo pavojaus, tod\u0117l puikiai tinka \u0161eimos sodininkystei ar kra\u0161tovaizd\u017eio formavimui.<\/p>\n<p><img decoding=\"async\" style=\"margin-right: 12px;\" src=\"https:\/\/www.ferberpainting.com\/wp-content\/uploads\/2026\/02\/Check.svg\" alt=\"\" width=\"18\" height=\"15\" \/><strong>Greitas ir paprastas naudojimas, nereikia sud\u0117tingo paruo\u0161imo.<\/strong>\u00a0Kitaip nei skystos tr\u0105\u0161os, kurias reikia mai\u0161yti ir tiksliai skiesti, \u0161ios kietos granuliuotos tr\u0105\u0161os yra paruo\u0161tos naudoti. Tiesiog paskleiskite j\u0105 aplink augalo pagrind\u0105 ir \u0161iek tiek palaistykite, kad tr\u0105\u0161os geriau \u012fsigert\u0173.<\/p>\n<p><img decoding=\"async\" style=\"margin-right: 12px;\" src=\"https:\/\/www.ferberpainting.com\/wp-content\/uploads\/2026\/02\/Check.svg\" alt=\"\" width=\"18\" height=\"15\" \/><strong>Ilgalaikis veikimas ir minimali prie\u017ei\u016bra.<\/strong>\u00a0\u0160ios tr\u0105\u0161os l\u0117tai i\u0161siskiria, tod\u0117l kelis m\u0117nesius maitina vy\u0161nialap\u012f, tod\u0117l tr\u0119\u0161imo da\u017enumas suma\u017e\u0117ja, o augalas vystosi nuolat ir tolygiai. Stiprindamos \u0161aknis, stiebus ir lapus, jos u\u017etikrina tanki\u0105 ir esteti\u0161k\u0105 gyvatvor\u0119 i\u0161tisus metus.<\/p>\n<p><img decoding=\"async\" style=\"margin-right: 12px;\" src=\"https:\/\/www.ferberpainting.com\/wp-content\/uploads\/2026\/02\/Check.svg\" alt=\"\" width=\"18\" height=\"15\" \/><strong>Matomi rezultatai jau po pirm\u0173j\u0173 savai\u010di\u0173.<\/strong>\u00a0Po tr\u0119\u0161imo tr\u0105\u0161os pradeda skatinti augim\u0105 jau pirmosiomis savait\u0117mis. Lapai tampa tankesni ir blizgesni, augalas i\u0161leid\u017eia naujus gyvybingus \u016bglius, padid\u0117ja jo atsparumas ligoms ir kenk\u0117jams.<\/p>\n<p><img decoding=\"async\" style=\"margin-right: 12px;\" src=\"https:\/\/www.ferberpainting.com\/wp-content\/uploads\/2026\/02\/Check.svg\" alt=\"\" width=\"18\" height=\"15\" \/><strong>Taip pat tinka kitiems kr\u016bmams ir gyvatvori\u0173 augalams.<\/strong>\u00a0\u0160ios universalios tr\u0105\u0161os puikiai tinka ne tik vy\u0161nioms, bet ir kitiems vis\u017ealiams gyvatvori\u0173 kr\u016bmams ir dekoratyviniams kr\u016bmams, tokiems kaip fotinijos, eleagnusai, privet\u0117s ar kukmed\u017eiai. Taip pat puikiai tinka g\u0117lynams ar gyvatvor\u0117ms.<\/p>\n<h2><strong>Naudojimo protokolas<\/strong><\/h2>\n<ul>\n<li><strong>Parai\u0161k\u0173 teikimo laikotarpis<\/strong> : Tr\u0105\u0161omis tr\u0119\u0161kite pavasario prad\u017eioje, kad paskatintum\u0117te pavasarin\u012f augim\u0105, antr\u0105 kart\u0105 - ruden\u012f, kad sustiprintum\u0117te augal\u0105 prie\u0161 \u017eiem\u0105.<\/li>\n<li><strong>Taikymo b\u016bdas<\/strong> :\n<ul>\n<li>I\u0161berkite 200 g tr\u0105\u0161\u0173 vienam med\u017eiui arba vienam tiesiniam gyvatvor\u0117s metrui, i\u0161barstykite jas aplink pagrind\u0105, neliesdami tiesiogiai kamieno.<\/li>\n<li>Lengvai sugr\u0117bkite dirvos pavir\u0161i\u0173, kad granul\u0117s b\u016bt\u0173 lengviau \u012fterptos.<\/li>\n<li>Po pur\u0161kimo kruop\u0161\u010diai palaistykite, kad suaktyvintum\u0117te maistini\u0173 med\u017eiag\u0173 sklaid\u0105 dirvo\u017eemyje.<\/li>\n<\/ul>\n<\/li>\n<li><strong>Taikymo da\u017enumas<\/strong> :\n<ul>\n<li><strong>Vy\u0161ni\u0173 laurai (iki 3 met\u0173)<\/strong>: geram vystymuisi u\u017etikrinti pakanka 2 parai\u0161k\u0173 per metus.<\/li>\n<li><strong>Suaug\u0119 vy\u0161ni\u0173 laurai<\/strong>: Vienkartinis kasmetinis tr\u0119\u0161imas kovo-baland\u017eio m\u0117n. u\u017etikrina optimali\u0105 prie\u017ei\u016br\u0105 ir intensyv\u0173 augim\u0105.<\/li>\n<\/ul>\n<\/li>\n<li><strong>Naudojimo atsargumo priemon\u0117s<\/strong> :\n<ul>\n<li>Nenaudokite per daug, nes tai gali paskatinti pernelyg gausi\u0105 lapij\u0105 ir pakenkti bendrai augalo strukt\u016brai.<\/li>\n<li>Kad tr\u0105\u0161os b\u016bt\u0173 geriau \u012fsisavinamos, tr\u0119\u0161kite ne saul\u0117toje vietoje arba sausros metu.<\/li>\n<li>Visada palaistykite po tr\u0119\u0161imo, kad maistin\u0117s med\u017eiagos greitai ir tolygiai pasiskirstyt\u0173.<\/li>\n<\/ul>\n<\/li>\n<\/ul>\n<p>Naudodami \u0161ias vy\u0161nini\u0173 laur\u0173 tr\u0105\u0161as, d\u017eiaukit\u0117s tankia, ve\u0161lia ir atsparia gyvatvore be dideli\u0173 pastang\u0173 ir varginan\u010dios prie\u017ei\u016bros.<\/p>","protected":false},"excerpt":{"rendered":"<p>A complete fertilizer for healthy cherry laurel and dense foliage.\u00a0The cherry laurel, also known as Prunus laurocerasus, is a hedge plant that needs a balanced nutrient supply to stay dense, green, and disease-resistant. This is a slow-release fertilizer, with its balanced NPK 10-10-10 formula, it stimulates rapid growth of leaves, branches and roots, ensuring thick [&hellip;]<\/p>\n","protected":false},"featured_media":25721,"comment_status":"open","ping_status":"closed","template":"","meta":{"_uag_custom_page_level_css":"","site-sidebar-layout":"default","site-content-layout":"","ast-site-content-layout":"default","site-content-style":"default","site-sidebar-style":"default","ast-global-header-display":"","ast-banner-title-visibility":"","ast-main-header-display":"","ast-hfb-above-header-display":"","ast-hfb-below-header-display":"","ast-hfb-mobile-header-display":"","site-post-title":"","ast-breadcrumbs-content":"","ast-featured-img":"","footer-sml-layout":"","ast-disable-related-posts":"","theme-transparent-header-meta":"default","adv-header-id-meta":"","stick-header-meta":"","header-above-stick-meta":"","header-main-stick-meta":"","header-below-stick-meta":"","astra-migrate-meta-layouts":"set","ast-page-background-enabled":"default","ast-page-background-meta":{"desktop":{"background-color":"var(--ast-global-color-4)","background-image":"","background-repeat":"repeat","background-position":"center center","background-size":"auto","background-attachment":"scroll","background-type":"","background-media":"","overlay-type":"","overlay-color":"","overlay-opacity":"","overlay-gradient":""},"tablet":{"background-color":"","background-image":"","background-repeat":"repeat","background-position":"center center","background-size":"auto","background-attachment":"scroll","background-type":"","background-media":"","overlay-type":"","overlay-color":"","overlay-opacity":"","overlay-gradient":""},"mobile":{"background-color":"","background-image":"","background-repeat":"repeat","background-position":"center center","background-size":"auto","background-attachment":"scroll","background-type":"","background-media":"","overlay-type":"","overlay-color":"","overlay-opacity":"","overlay-gradient":""}},"ast-content-background-meta":{"desktop":{"background-color":"var(--ast-global-color-5)","background-image":"","background-repeat":"repeat","background-position":"center center","background-size":"auto","background-attachment":"scroll","background-type":"","background-media":"","overlay-type":"","overlay-color":"","overlay-opacity":"","overlay-gradient":""},"tablet":{"background-color":"var(--ast-global-color-5)","background-image":"","background-repeat":"repeat","background-position":"center center","background-size":"auto","background-attachment":"scroll","background-type":"","background-media":"","overlay-type":"","overlay-color":"","overlay-opacity":"","overlay-gradient":""},"mobile":{"background-color":"var(--ast-global-color-5)","background-image":"","background-repeat":"repeat","background-position":"center center","background-size":"auto","background-attachment":"scroll","background-type":"","background-media":"","overlay-type":"","overlay-color":"","overlay-opacity":"","overlay-gradient":""}}},"product_brand":[],"product_cat":[178],"product_tag":[],"class_list":{"0":"post-23134","1":"product","2":"type-product","3":"status-publish","4":"has-post-thumbnail","6":"product_cat-fertilizers","7":"desktop-align-left","8":"tablet-align-left","9":"mobile-align-left","11":"first","12":"instock","13":"taxable","14":"shipping-taxable","15":"purchasable","16":"product-type-simple"},"spectra_custom_meta":{"_visibility":["visible"],"_shopify_product_id":["9073339367669"],"_s2w_shopify_domain":["ferberpainting.myshopify.com"],"_shopify_variant_id":["46524717334773"],"_sku":["FPCHERRYLAURELFERTILIZER25KG"],"_regular_price":["39.90"],"_price":["39.90"],"_sale_price":[""],"_weight":["18.7"],"_thumbnail_id":["25721"],"_global_unique_id":["5056773818095"],"total_sales":["9"],"_tax_status":["taxable"],"_tax_class":[""],"_manage_stock":["no"],"_backorders":["no"],"_sold_individually":["no"],"_virtual":["no"],"_downloadable":["no"],"_download_limit":["-1"],"_download_expiry":["-1"],"_stock":[null],"_stock_status":["instock"],"_wc_average_rating":["5.00"],"_wc_review_count":["25"],"_product_version":["10.5.1"],"_wc_rating_count":["a:1:{i:5;i:25;}"],"_edit_lock":["1771158371:1"],"merchant-center-availability":["yes"],"merchant-center-category":["113"],"_edit_last":["1"],"_wp_page_template":["default"],"site-sidebar-layout":["default"],"ast-site-content-layout":["default"],"site-content-style":["default"],"site-sidebar-style":["default"],"theme-transparent-header-meta":["default"],"astra-migrate-meta-layouts":["set"],"_uag_css_file_name":["uag-css-23134.css"],"_uag_page_assets":["a:9:{s:3:\"css\";s:7133:\".uag-blocks-common-selector{z-index:var(--z-index-desktop) !important}@media(max-width: 976px){.uag-blocks-common-selector{z-index:var(--z-index-tablet) !important}}@media(max-width: 767px){.uag-blocks-common-selector{z-index:var(--z-index-mobile) !important}}.wp-block-uagb-image{display:flex}.wp-block-uagb-image__figure{position:relative;display:flex;flex-direction:column;max-width:100%;height:auto;margin:0}.wp-block-uagb-image__figure img{height:auto;display:flex;max-width:100%;transition:box-shadow .2s ease}.wp-block-uagb-image__figure>a{display:inline-block}.wp-block-uagb-image__figure figcaption{text-align:center;margin-top:.5em;margin-bottom:1em}.wp-block-uagb-image .components-placeholder.block-editor-media-placeholder .components-placeholder__instructions{align-self:center}.wp-block-uagb-image--align-left{text-align:left}.wp-block-uagb-image--align-right{text-align:right}.wp-block-uagb-image--align-center{text-align:center}.wp-block-uagb-image--align-full .wp-block-uagb-image__figure{margin-left:calc(50% - 50vw);margin-right:calc(50% - 50vw);max-width:100vw;width:100vw;height:auto}.wp-block-uagb-image--align-full .wp-block-uagb-image__figure img{height:auto;width:100% !important}.wp-block-uagb-image--align-wide .wp-block-uagb-image__figure img{height:auto;width:100%}.wp-block-uagb-image--layout-overlay__color-wrapper{position:absolute;left:0;top:0;right:0;bottom:0;opacity:.2;background:rgba(0,0,0,.5);transition:opacity .35s ease-in-out}.wp-block-uagb-image--layout-overlay-link{position:absolute;left:0;right:0;bottom:0;top:0}.wp-block-uagb-image--layout-overlay .wp-block-uagb-image__figure:hover .wp-block-uagb-image--layout-overlay__color-wrapper{opacity:1}.wp-block-uagb-image--layout-overlay__inner{position:absolute;left:15px;right:15px;bottom:15px;top:15px;display:flex;align-items:center;justify-content:center;flex-direction:column;border-color:#fff;transition:.35s ease-in-out}.wp-block-uagb-image--layout-overlay__inner.top-left,.wp-block-uagb-image--layout-overlay__inner.top-center,.wp-block-uagb-image--layout-overlay__inner.top-right{justify-content:flex-start}.wp-block-uagb-image--layout-overlay__inner.bottom-left,.wp-block-uagb-image--layout-overlay__inner.bottom-center,.wp-block-uagb-image--layout-overlay__inner.bottom-right{justify-content:flex-end}.wp-block-uagb-image--layout-overlay__inner.top-left,.wp-block-uagb-image--layout-overlay__inner.center-left,.wp-block-uagb-image--layout-overlay__inner.bottom-left{align-items:flex-start}.wp-block-uagb-image--layout-overlay__inner.top-right,.wp-block-uagb-image--layout-overlay__inner.center-right,.wp-block-uagb-image--layout-overlay__inner.bottom-right{align-items:flex-end}.wp-block-uagb-image--layout-overlay__inner .uagb-image-heading{color:#fff;transition:transform .35s,opacity .35s ease-in-out;transform:translate3d(0, 24px, 0);margin:0;line-height:1em}.wp-block-uagb-image--layout-overlay__inner .uagb-image-separator{width:30%;border-top-width:2px;border-top-color:#fff;border-top-style:solid;margin-bottom:10px;opacity:0;transition:transform .4s,opacity .4s ease-in-out;transform:translate3d(0, 30px, 0)}.wp-block-uagb-image--layout-overlay__inner .uagb-image-caption{opacity:0;overflow:visible;color:#fff;transition:transform .45s,opacity .45s ease-in-out;transform:translate3d(0, 35px, 0)}.wp-block-uagb-image--layout-overlay__inner:hover .uagb-image-heading,.wp-block-uagb-image--layout-overlay__inner:hover .uagb-image-separator,.wp-block-uagb-image--layout-overlay__inner:hover .uagb-image-caption{opacity:1;transform:translate3d(0, 0, 0)}.wp-block-uagb-image--effect-zoomin .wp-block-uagb-image__figure img,.wp-block-uagb-image--effect-zoomin .wp-block-uagb-image__figure .wp-block-uagb-image--layout-overlay__color-wrapper{transform:scale(1);transition:transform .35s ease-in-out}.wp-block-uagb-image--effect-zoomin .wp-block-uagb-image__figure:hover img,.wp-block-uagb-image--effect-zoomin .wp-block-uagb-image__figure:hover .wp-block-uagb-image--layout-overlay__color-wrapper{transform:scale(1.05)}.wp-block-uagb-image--effect-slide .wp-block-uagb-image__figure img,.wp-block-uagb-image--effect-slide .wp-block-uagb-image__figure .wp-block-uagb-image--layout-overlay__color-wrapper{width:calc(100% + 40px) !important;max-width:none !important;transform:translate3d(-40px, 0, 0);transition:transform .35s ease-in-out}.wp-block-uagb-image--effect-slide .wp-block-uagb-image__figure:hover img,.wp-block-uagb-image--effect-slide .wp-block-uagb-image__figure:hover .wp-block-uagb-image--layout-overlay__color-wrapper{transform:translate3d(0, 0, 0)}.wp-block-uagb-image--effect-grayscale img{filter:grayscale(0%);transition:.35s ease-in-out}.wp-block-uagb-image--effect-grayscale:hover img{filter:grayscale(100%)}.wp-block-uagb-image--effect-blur img{filter:blur(0);transition:.35s ease-in-out}.wp-block-uagb-image--effect-blur:hover img{filter:blur(3px)}.uagb-block-e6f939b3.wp-block-uagb-image--layout-default figure img{box-shadow: 0px 0px 0 #00000070;}.uagb-block-e6f939b3.wp-block-uagb-image .wp-block-uagb-image__figure figcaption{font-style: normal;align-self: center;}.uagb-block-e6f939b3.wp-block-uagb-image--layout-overlay figure img{box-shadow: 0px 0px 0 #00000070;}.uagb-block-e6f939b3.wp-block-uagb-image--layout-overlay .wp-block-uagb-image--layout-overlay__color-wrapper{opacity: 0.2;}.uagb-block-e6f939b3.wp-block-uagb-image--layout-overlay .wp-block-uagb-image--layout-overlay__inner{left: 15px;right: 15px;top: 15px;bottom: 15px;}.uagb-block-e6f939b3.wp-block-uagb-image--layout-overlay .wp-block-uagb-image--layout-overlay__inner .uagb-image-heading{font-style: normal;color: #fff;opacity: 1;}.uagb-block-e6f939b3.wp-block-uagb-image--layout-overlay .wp-block-uagb-image--layout-overlay__inner .uagb-image-heading a{color: #fff;}.uagb-block-e6f939b3.wp-block-uagb-image--layout-overlay .wp-block-uagb-image--layout-overlay__inner .uagb-image-caption{opacity: 0;}.uagb-block-e6f939b3.wp-block-uagb-image--layout-overlay .wp-block-uagb-image__figure:hover .wp-block-uagb-image--layout-overlay__color-wrapper{opacity: 1;}.uagb-block-e6f939b3.wp-block-uagb-image .wp-block-uagb-image--layout-overlay__inner .uagb-image-separator{width: 30%;border-top-width: 2px;border-top-color: #fff;opacity: 0;}.uagb-block-e6f939b3.wp-block-uagb-image .wp-block-uagb-image__figure img{width: px;height: auto;}.uagb-block-e6f939b3.wp-block-uagb-image .wp-block-uagb-image__figure:hover .wp-block-uagb-image--layout-overlay__inner .uagb-image-caption{opacity: 1;}.uagb-block-e6f939b3.wp-block-uagb-image .wp-block-uagb-image__figure:hover .wp-block-uagb-image--layout-overlay__inner .uagb-image-separator{opacity: 1;}.uagb-block-e6f939b3.wp-block-uagb-image--layout-default figure:hover img{box-shadow: 0px 0px 0 #00000070;}.uagb-block-e6f939b3.wp-block-uagb-image--layout-overlay figure:hover img{box-shadow: 0px 0px 0 #00000070;}@media only screen and (max-width: 976px) {.uagb-block-e6f939b3.wp-block-uagb-image .wp-block-uagb-image__figure img{width: px;height: auto;}}@media only screen and (max-width: 767px) {.uagb-block-e6f939b3.wp-block-uagb-image .wp-block-uagb-image__figure img{width: px;height: auto;}}\";s:2:\"js\";s:0:\"\";s:18:\"current_block_list\";a:13:{i:0;s:11:\"core\/search\";i:1;s:10:\"core\/group\";i:2;s:12:\"core\/heading\";i:3;s:17:\"core\/latest-posts\";i:4;s:20:\"core\/latest-comments\";i:5;s:13:\"core\/archives\";i:6;s:15:\"core\/categories\";i:7;s:14:\"core\/paragraph\";i:8;s:10:\"uagb\/image\";i:9;s:11:\"core\/spacer\";i:10;s:30:\"woocommerce\/product-categories\";i:11;s:10:\"core\/image\";i:12;s:14:\"core\/shortcode\";}s:8:\"uag_flag\";b:1;s:11:\"uag_version\";s:10:\"1777196033\";s:6:\"gfonts\";a:0:{}s:10:\"gfonts_url\";s:0:\"\";s:12:\"gfonts_files\";a:0:{}s:14:\"uag_faq_layout\";b:0;}"],"_elementor_page_assets":["a:0:{}"]},"uagb_featured_image_src":{"full":["https:\/\/www.ferberpainting.com\/wp-content\/uploads\/2025\/05\/CherryLaurelFertilizer.png",2560,2560,false],"thumbnail":["https:\/\/www.ferberpainting.com\/wp-content\/uploads\/2025\/05\/CherryLaurelFertilizer-150x150.png",150,150,true],"medium":["https:\/\/www.ferberpainting.com\/wp-content\/uploads\/2025\/05\/CherryLaurelFertilizer-300x300.png",300,300,true],"medium_large":["https:\/\/www.ferberpainting.com\/wp-content\/uploads\/2025\/05\/CherryLaurelFertilizer-768x768.png",768,768,true],"large":["https:\/\/www.ferberpainting.com\/wp-content\/uploads\/2025\/05\/CherryLaurelFertilizer-1024x1024.png",1024,1024,true],"1536x1536":["https:\/\/www.ferberpainting.com\/wp-content\/uploads\/2025\/05\/CherryLaurelFertilizer-1536x1536.png",1536,1536,true],"2048x2048":["https:\/\/www.ferberpainting.com\/wp-content\/uploads\/2025\/05\/CherryLaurelFertilizer-2048x2048.png",2048,2048,true],"trp-custom-language-flag":["https:\/\/www.ferberpainting.com\/wp-content\/uploads\/2025\/05\/CherryLaurelFertilizer-12x12.png",12,12,true],"woocommerce_thumbnail":["https:\/\/www.ferberpainting.com\/wp-content\/uploads\/2025\/05\/CherryLaurelFertilizer-300x300.png",300,300,true],"woocommerce_single":["https:\/\/www.ferberpainting.com\/wp-content\/uploads\/2025\/05\/CherryLaurelFertilizer-600x600.png",600,600,true],"woocommerce_gallery_thumbnail":["https:\/\/www.ferberpainting.com\/wp-content\/uploads\/2025\/05\/CherryLaurelFertilizer-100x100.png",100,100,true]},"uagb_author_info":{"display_name":"admin","author_link":"https:\/\/www.ferberpainting.com\/lt\/author\/"},"uagb_comment_info":25,"uagb_excerpt":"A complete fertilizer for healthy cherry laurel and dense foliage.\u00a0The cherry laurel, also known as Prunus laurocerasus, is a hedge plant that needs a balanced nutrient supply to stay dense, green, and disease-resistant. This is a slow-release fertilizer, with its balanced NPK 10-10-10 formula, it stimulates rapid growth of leaves, branches and roots, ensuring thick&hellip;","_links":{"self":[{"href":"https:\/\/www.ferberpainting.com\/lt\/wp-json\/wp\/v2\/product\/23134","targetHints":{"allow":["GET"]}}],"collection":[{"href":"https:\/\/www.ferberpainting.com\/lt\/wp-json\/wp\/v2\/product"}],"about":[{"href":"https:\/\/www.ferberpainting.com\/lt\/wp-json\/wp\/v2\/types\/product"}],"replies":[{"embeddable":true,"href":"https:\/\/www.ferberpainting.com\/lt\/wp-json\/wp\/v2\/comments?post=23134"}],"version-history":[{"count":7,"href":"https:\/\/www.ferberpainting.com\/lt\/wp-json\/wp\/v2\/product\/23134\/revisions"}],"predecessor-version":[{"id":164351,"href":"https:\/\/www.ferberpainting.com\/lt\/wp-json\/wp\/v2\/product\/23134\/revisions\/164351"}],"wp:featuredmedia":[{"embeddable":true,"href":"https:\/\/www.ferberpainting.com\/lt\/wp-json\/wp\/v2\/media\/25721"}],"wp:attachment":[{"href":"https:\/\/www.ferberpainting.com\/lt\/wp-json\/wp\/v2\/media?parent=23134"}],"wp:term":[{"taxonomy":"product_brand","embeddable":true,"href":"https:\/\/www.ferberpainting.com\/lt\/wp-json\/wp\/v2\/product_brand?post=23134"},{"taxonomy":"product_cat","embeddable":true,"href":"https:\/\/www.ferberpainting.com\/lt\/wp-json\/wp\/v2\/product_cat?post=23134"},{"taxonomy":"product_tag","embeddable":true,"href":"https:\/\/www.ferberpainting.com\/lt\/wp-json\/wp\/v2\/product_tag?post=23134"}],"curies":[{"name":"wp","href":"https:\/\/api.w.org\/{rel}","templated":true}]}}