{"id":23110,"date":"2025-05-26T10:22:47","date_gmt":"2025-05-26T08:22:47","guid":{"rendered":"https:\/\/www.ferberpainting.com\/products\/bonsai-fertilizer\/"},"modified":"2026-02-15T13:12:27","modified_gmt":"2026-02-15T12:12:27","slug":"bonsai-fertilizer","status":"publish","type":"product","link":"https:\/\/www.ferberpainting.com\/lt\/products\/bonsai-fertilizer\/","title":{"rendered":"Bons\u0173 tr\u0105\u0161os"},"content":{"rendered":"<p><img decoding=\"async\" style=\"margin-right: 12px;\" src=\"https:\/\/www.ferberpainting.com\/wp-content\/uploads\/2026\/02\/Check.svg\" alt=\"\" width=\"18\" height=\"15\" \/><strong>Subalansuotos tr\u0105\u0161os sveikam bonsai.<\/strong>\u00a0\u0160ios bonsai tr\u0105\u0161os yra specialiai sukurtos taip, kad patenkint\u0173 \u0161i\u0173 miniati\u016brini\u0173 medeli\u0173 mitybos poreikius. D\u0117l NPK 15-15-15 sud\u0117ties \u0161i tr\u0105\u0161a optimaliai subalansuoja azoto (N), skatinan\u010dio lapijos vystym\u0105si, fosforo (P), skatinan\u010dio stipr\u0173 \u0161akn\u0173 vystym\u0105si, ir kalio (K), didinan\u010dio atsparum\u0105 ligoms ir atsparum\u0105 klimato svyravimams, kiek\u012f. Taip u\u017etikrinama, kad bonsai b\u016bt\u0173 visi\u0161kai sveiki, su tankia lapija, stipriomis \u0161aknimis ir kontroliuojamu augimu.<\/p>\n<p><img decoding=\"async\" style=\"margin-right: 12px;\" src=\"https:\/\/www.ferberpainting.com\/wp-content\/uploads\/2026\/02\/Check.svg\" alt=\"\" width=\"18\" height=\"15\" \/><strong>Pinig\u0173 gr\u0105\u017einimo garantija.<\/strong>\u00a0Mes visi\u0161kai pasitikime savo bons\u0173 tr\u0105\u0161\u0173 veiksmingumu, tod\u0117l si\u016blome pinig\u0173 gr\u0105\u017einimo garantij\u0105. Jei naudodami tr\u0105\u0161as pagal instrukcijas nepasteb\u0117site akivaizd\u017ei\u0173 bons\u0173 gyvybingumo ir strukt\u016bros pager\u0117jim\u0173, pa\u017eadame bes\u0105lygi\u0161kai gr\u0105\u017einti pinigus, tod\u0117l gal\u0117site pirkti visi\u0161kai ramiai.<\/p>\n<p><img decoding=\"async\" style=\"margin-right: 12px;\" src=\"https:\/\/www.ferberpainting.com\/wp-content\/uploads\/2026\/02\/Check.svg\" alt=\"\" width=\"18\" height=\"15\" \/><strong>Tinka vis\u0173 tip\u0173 bonsams, auginamiems tiek patalpose, tiek lauke.<\/strong>\u00a0\u0160ios tr\u0105\u0161os tinka tiek kambariniams, tiek lauko bonsams, nesvarbu, ar tai b\u016bt\u0173 lapuo\u010diai (klevai, fikusai, uosiai, karmonai), ar spygliuo\u010diai (pu\u0161ys, kadagiai, kiparisai). Jis taip pat skatina jaun\u0173 augal\u0173 ir brand\u017ei\u0173 med\u017ei\u0173 augim\u0105, u\u017etikrindamas harmoning\u0105 ir kontroliuojam\u0105 vystym\u0105si.<\/p>\n<p><img decoding=\"async\" style=\"margin-right: 12px;\" src=\"https:\/\/www.ferberpainting.com\/wp-content\/uploads\/2026\/02\/Check.svg\" alt=\"\" width=\"18\" height=\"15\" \/><strong>Ekonomi\u0161kas derlius ir ilgalaikis tr\u0119\u0161imas.<\/strong>\u00a0D\u0117l skystos koncentruotos formul\u0117s 5 litr\u0173 talpoje galima paruo\u0161ti iki 1000 litr\u0173 tr\u0119\u0161iamojo tirpalo, tod\u0117l tr\u0119\u0161imas yra ilgalaikis ir ekonomi\u0161kas. Vienam litrui vandens dozuojant 5 ml, u\u017etikrinamas greitas maisting\u0173j\u0173 med\u017eiag\u0173 \u012fsisavinimas ir optimalus naudojimas, kartu suma\u017einant atliek\u0173 kiek\u012f.<\/p>\n<p><img decoding=\"async\" style=\"margin-right: 12px;\" src=\"https:\/\/www.ferberpainting.com\/wp-content\/uploads\/2026\/02\/Check.svg\" alt=\"\" width=\"18\" height=\"15\" \/><strong>Saugi tr\u0105\u0161a jautrioms bons\u0173 \u0161aknims.<\/strong>\u00a0\u0160ios tr\u0105\u0161os pagamintos be agresyvi\u0173 chemini\u0173 med\u017eiag\u0173, tod\u0117l nepa\u017eeid\u017eia subtilios bonsai substrato pusiausvyros. Jos saugios aplinkai, naminiams gyv\u016bnams ir dirvo\u017eemiui, tod\u0117l jas galima naudoti reguliariai, nerizikuojant nudeginti \u0161akn\u0173 ar kauptis drusk\u0173 ir mineral\u0173 pertekliui.<\/p>\n<p><img decoding=\"async\" style=\"margin-right: 12px;\" src=\"https:\/\/www.ferberpainting.com\/wp-content\/uploads\/2026\/02\/Check.svg\" alt=\"\" width=\"18\" height=\"15\" \/><strong>Lengva naudoti, kad prie\u017ei\u016bra b\u016bt\u0173 paprastesn\u0117.<\/strong>\u00a0\u0160ios skystos tr\u0105\u0161os skied\u017eiamos tiesiai \u012f laistymo vanden\u012f, tod\u0117l tr\u0119\u0161iama vienodai ir efektyviai, \u012fdedant kuo ma\u017eiau pastang\u0173. J\u0105 galima laistyti laistant prie med\u017eio pagrindo arba pur\u0161kiant ant lap\u0173, taip u\u017etikrinant laipsni\u0161k\u0105 ir kontroliuojam\u0105 bonsai sveikatai b\u016btin\u0173 maistini\u0173 med\u017eiag\u0173 \u012fsisavinim\u0105.<\/p>\n<p><img decoding=\"async\" style=\"margin-right: 12px;\" src=\"https:\/\/www.ferberpainting.com\/wp-content\/uploads\/2026\/02\/Check.svg\" alt=\"\" width=\"18\" height=\"15\" \/><strong>Tvar\u016bs veiksmai siekiant darnaus vystymosi.<\/strong>\u00a0D\u0117l l\u0117to maisting\u0173j\u0173 med\u017eiag\u0173 i\u0161siskyrimo \u0161ios tr\u0105\u0161os skatina kontroliuojam\u0105 augim\u0105, tod\u0117l i\u0161vengiama bet kokio nestrukt\u016brizuoto vystymosi. Be to, jos padeda i\u0161laikyti tobul\u0105 pusiausvyr\u0105 tarp lapijos ir \u0161akn\u0173, o tai labai svarbu tiek bons\u0173 sveikatai, tiek estetikai.<\/p>\n<p><img decoding=\"async\" style=\"margin-right: 12px;\" src=\"https:\/\/www.ferberpainting.com\/wp-content\/uploads\/2026\/02\/Check.svg\" alt=\"\" width=\"18\" height=\"15\" \/><strong>Pastebimi rezultatai jau po pirm\u0173j\u0173 aplikacij\u0173.<\/strong>\u00a0Per pirm\u0105sias naudojimo savaites \u0161ios tr\u0105\u0161os skatina nauj\u0173 lap\u0173 augim\u0105, i\u0161ry\u0161kina lap\u0173 spalv\u0105 ir stiprina \u0161ak\u0173 strukt\u016br\u0105. Taip pat padeda med\u017eiui geriau atlaikyti sezoninius svyravimus ir reguliar\u0173 gen\u0117jim\u0105, kad bonsai i\u0161likt\u0173 gyvybingi ir geros formos.<\/p>\n<h2><strong>Naudojimo protokolas<\/strong><\/h2>\n<ul>\n<li><strong>Tr\u0105\u0161\u0173 skiedimas <\/strong>: 1 litrui vandens sumai\u0161ykite 5 ml tr\u0105\u0161\u0173. Prie\u0161 kiekvien\u0105 tr\u0119\u0161im\u0105 tirpal\u0105 gerai suplakite, kad maistin\u0117s med\u017eiagos pasiskirstyt\u0173 tolygiai.<\/li>\n<li><strong>Taikymo b\u016bdas <\/strong>:\n<ul>\n<li><strong>Laistant <\/strong>: Atskiest\u0105 tirpal\u0105 pilkite tiesiai ant substrato, stengdamiesi sudr\u0117kinti tolygiai, be vandens pertekliaus, kad dirvo\u017eemis neb\u016bt\u0173 prisotintas.<\/li>\n<li><strong>Pur\u0161kiant ant lap\u0173<\/strong> (neprivaloma) : Anksti ryte arba v\u0117lai vakare lengvai u\u017epurk\u0161kite tirpalo ant lap\u0173, kad jis greitai nei\u0161garuot\u0173 ir geriau \u012fsigert\u0173.<\/li>\n<\/ul>\n<\/li>\n<li><strong>Naudojimo da\u017enumas <\/strong>: Tr\u0119\u0161kite kas 15 dien\u0173 aktyvaus augimo laikotarpiu (pavasar\u012f-vasar\u0105) ir kart\u0105 per m\u0117nes\u012f ramyb\u0117s periodu (ruden\u012f-\u017eiem\u0105), kad u\u017etikrintum\u0117te reguliar\u0173 ir kontroliuojam\u0105 augim\u0105.<\/li>\n<li><strong>Papildomas laistymas <\/strong>: Po tr\u0119\u0161imo palaukite 48 valandas, kol v\u0117l palaistysite, kad medis kuo geriau \u012fsisavint\u0173 maisting\u0105sias med\u017eiagas.<\/li>\n<li><strong>Naudojimo atsargumo priemon\u0117s <\/strong>: Neperdozuokite tr\u0105\u0161\u0173, kad i\u0161vengtum\u0117te pernelyg greito bons\u0173 vystymosi ir pusiausvyros sutrikimo. Tr\u0119\u0161kite tik ant \u0161iek tiek dr\u0117gno substrato, kad geriau \u012fsigert\u0173.<\/li>\n<li><strong>Saugojimas ir konservavimas <\/strong>: Tr\u0105\u0161as laikykite sausoje, vidutinio klimato vietoje, apsaugotoje nuo \u0161viesos ir dr\u0117gm\u0117s. Po kiekvieno panaudojimo sandariai u\u017edarykite talpykl\u0105, kad i\u0161saugotum\u0117te produkto veiksmingum\u0105 ir i\u0161vengtum\u0117te garavimo.<\/li>\n<\/ul>\n<p>Su \u0161iomis bonsai tr\u0105\u0161omis savo medeliui suteiksite visapusi\u0161k\u0105, prie konkre\u010di\u0173 jo poreiki\u0173 pritaikyt\u0105 maist\u0105, skatinan\u010di\u0105 subalansuot\u0105 augim\u0105, didesn\u012f atsparum\u0105 ir sodri\u0105, gyvybing\u0105 lapij\u0105. Tai idealus sprendimas, kad bonsai medeliai b\u016bt\u0173 akinantys ir puikiai der\u0117t\u0173 su aplinka.<\/p>","protected":false},"excerpt":{"rendered":"<p>A balanced fertilizer for a healthy bonsai.\u00a0This bonsai fertilizer is specially formulated to meet the nutritional needs of these miniature trees. Thanks to its NPK 15-15-15 composition, it provides an optimal balance between nitrogen (N), which stimulates foliage development, phosphorus (P), which promotes strong root development, and potassium (K), which enhances disease resistance and climate [&hellip;]<\/p>\n","protected":false},"featured_media":25709,"comment_status":"open","ping_status":"closed","template":"","meta":{"_uag_custom_page_level_css":"","site-sidebar-layout":"default","site-content-layout":"","ast-site-content-layout":"default","site-content-style":"default","site-sidebar-style":"default","ast-global-header-display":"","ast-banner-title-visibility":"","ast-main-header-display":"","ast-hfb-above-header-display":"","ast-hfb-below-header-display":"","ast-hfb-mobile-header-display":"","site-post-title":"","ast-breadcrumbs-content":"","ast-featured-img":"","footer-sml-layout":"","ast-disable-related-posts":"","theme-transparent-header-meta":"default","adv-header-id-meta":"","stick-header-meta":"","header-above-stick-meta":"","header-main-stick-meta":"","header-below-stick-meta":"","astra-migrate-meta-layouts":"set","ast-page-background-enabled":"default","ast-page-background-meta":{"desktop":{"background-color":"var(--ast-global-color-4)","background-image":"","background-repeat":"repeat","background-position":"center center","background-size":"auto","background-attachment":"scroll","background-type":"","background-media":"","overlay-type":"","overlay-color":"","overlay-opacity":"","overlay-gradient":""},"tablet":{"background-color":"","background-image":"","background-repeat":"repeat","background-position":"center center","background-size":"auto","background-attachment":"scroll","background-type":"","background-media":"","overlay-type":"","overlay-color":"","overlay-opacity":"","overlay-gradient":""},"mobile":{"background-color":"","background-image":"","background-repeat":"repeat","background-position":"center center","background-size":"auto","background-attachment":"scroll","background-type":"","background-media":"","overlay-type":"","overlay-color":"","overlay-opacity":"","overlay-gradient":""}},"ast-content-background-meta":{"desktop":{"background-color":"var(--ast-global-color-5)","background-image":"","background-repeat":"repeat","background-position":"center center","background-size":"auto","background-attachment":"scroll","background-type":"","background-media":"","overlay-type":"","overlay-color":"","overlay-opacity":"","overlay-gradient":""},"tablet":{"background-color":"var(--ast-global-color-5)","background-image":"","background-repeat":"repeat","background-position":"center center","background-size":"auto","background-attachment":"scroll","background-type":"","background-media":"","overlay-type":"","overlay-color":"","overlay-opacity":"","overlay-gradient":""},"mobile":{"background-color":"var(--ast-global-color-5)","background-image":"","background-repeat":"repeat","background-position":"center center","background-size":"auto","background-attachment":"scroll","background-type":"","background-media":"","overlay-type":"","overlay-color":"","overlay-opacity":"","overlay-gradient":""}}},"product_brand":[],"product_cat":[178],"product_tag":[],"class_list":{"0":"post-23110","1":"product","2":"type-product","3":"status-publish","4":"has-post-thumbnail","6":"product_cat-fertilizers","7":"desktop-align-left","8":"tablet-align-left","9":"mobile-align-left","11":"first","12":"instock","13":"sale","14":"shipping-taxable","15":"purchasable","16":"product-type-variable","17":"has-default-attributes"},"spectra_custom_meta":{"_visibility":["visible"],"_shopify_product_id":["9064504557813"],"_s2w_shopify_domain":["ferberpainting.myshopify.com"],"_shopify_variant_id":["46495620432117"],"_sku":[""],"_manage_stock":["no"],"total_sales":["29"],"_tax_status":["taxable"],"_tax_class":[""],"_backorders":["no"],"_sold_individually":["no"],"_virtual":["no"],"_downloadable":["no"],"_download_limit":["-1"],"_download_expiry":["-1"],"_stock":[null],"_stock_status":["instock"],"_wc_average_rating":["4.95"],"_wc_review_count":["20"],"_product_attributes":["a:1:{s:6:\"volume\";a:6:{s:4:\"name\";s:6:\"Volume\";s:5:\"value\";s:20:\"5 liters | 25 liters\";s:8:\"position\";i:1;s:10:\"is_visible\";i:0;s:12:\"is_variation\";i:1;s:11:\"is_taxonomy\";i:0;}}"],"_product_version":["10.5.1"],"_thumbnail_id":["25709"],"_product_image_gallery":["25710"],"wpse_downloadable_file_names":[""],"wpse_downloadable_file_urls":[""],"_edit_last":["1"],"_default_attributes":["a:1:{s:6:\"volume\";s:8:\"5 liters\";}"],"_wc_rating_count":["a:2:{i:4;i:1;i:5;i:19;}"],"_edit_lock":["1771157427:1"],"_price":["29.90","129.90"],"merchant-center-availability":["yes"],"merchant-center-category":["113"],"_wp_page_template":["default"],"site-sidebar-layout":["default"],"ast-site-content-layout":["default"],"site-content-style":["default"],"site-sidebar-style":["default"],"theme-transparent-header-meta":["default"],"astra-migrate-meta-layouts":["set"],"_uag_css_file_name":["uag-css-23110.css"],"_elementor_page_assets":["a:0:{}"],"_uag_page_assets":["a:9:{s:3:\"css\";s:6873:\".wp-block-uagb-image{display:flex}.wp-block-uagb-image__figure{position:relative;display:flex;flex-direction:column;max-width:100%;height:auto;margin:0}.wp-block-uagb-image__figure img{height:auto;display:flex;max-width:100%;transition:box-shadow .2s ease}.wp-block-uagb-image__figure>a{display:inline-block}.wp-block-uagb-image__figure figcaption{text-align:center;margin-top:.5em;margin-bottom:1em}.wp-block-uagb-image .components-placeholder.block-editor-media-placeholder .components-placeholder__instructions{align-self:center}.wp-block-uagb-image--align-left{text-align:left}.wp-block-uagb-image--align-right{text-align:right}.wp-block-uagb-image--align-center{text-align:center}.wp-block-uagb-image--align-full .wp-block-uagb-image__figure{margin-left:calc(50% - 50vw);margin-right:calc(50% - 50vw);max-width:100vw;width:100vw;height:auto}.wp-block-uagb-image--align-full .wp-block-uagb-image__figure img{height:auto;width:100% !important}.wp-block-uagb-image--align-wide .wp-block-uagb-image__figure img{height:auto;width:100%}.wp-block-uagb-image--layout-overlay__color-wrapper{position:absolute;left:0;top:0;right:0;bottom:0;opacity:.2;background:rgba(0,0,0,.5);transition:opacity .35s ease-in-out}.wp-block-uagb-image--layout-overlay-link{position:absolute;left:0;right:0;bottom:0;top:0}.wp-block-uagb-image--layout-overlay .wp-block-uagb-image__figure:hover .wp-block-uagb-image--layout-overlay__color-wrapper{opacity:1}.wp-block-uagb-image--layout-overlay__inner{position:absolute;left:15px;right:15px;bottom:15px;top:15px;display:flex;align-items:center;justify-content:center;flex-direction:column;border-color:#fff;transition:.35s ease-in-out}.wp-block-uagb-image--layout-overlay__inner.top-left,.wp-block-uagb-image--layout-overlay__inner.top-center,.wp-block-uagb-image--layout-overlay__inner.top-right{justify-content:flex-start}.wp-block-uagb-image--layout-overlay__inner.bottom-left,.wp-block-uagb-image--layout-overlay__inner.bottom-center,.wp-block-uagb-image--layout-overlay__inner.bottom-right{justify-content:flex-end}.wp-block-uagb-image--layout-overlay__inner.top-left,.wp-block-uagb-image--layout-overlay__inner.center-left,.wp-block-uagb-image--layout-overlay__inner.bottom-left{align-items:flex-start}.wp-block-uagb-image--layout-overlay__inner.top-right,.wp-block-uagb-image--layout-overlay__inner.center-right,.wp-block-uagb-image--layout-overlay__inner.bottom-right{align-items:flex-end}.wp-block-uagb-image--layout-overlay__inner .uagb-image-heading{color:#fff;transition:transform .35s,opacity .35s ease-in-out;transform:translate3d(0, 24px, 0);margin:0;line-height:1em}.wp-block-uagb-image--layout-overlay__inner .uagb-image-separator{width:30%;border-top-width:2px;border-top-color:#fff;border-top-style:solid;margin-bottom:10px;opacity:0;transition:transform .4s,opacity .4s ease-in-out;transform:translate3d(0, 30px, 0)}.wp-block-uagb-image--layout-overlay__inner .uagb-image-caption{opacity:0;overflow:visible;color:#fff;transition:transform .45s,opacity .45s ease-in-out;transform:translate3d(0, 35px, 0)}.wp-block-uagb-image--layout-overlay__inner:hover .uagb-image-heading,.wp-block-uagb-image--layout-overlay__inner:hover .uagb-image-separator,.wp-block-uagb-image--layout-overlay__inner:hover .uagb-image-caption{opacity:1;transform:translate3d(0, 0, 0)}.wp-block-uagb-image--effect-zoomin .wp-block-uagb-image__figure img,.wp-block-uagb-image--effect-zoomin .wp-block-uagb-image__figure .wp-block-uagb-image--layout-overlay__color-wrapper{transform:scale(1);transition:transform .35s ease-in-out}.wp-block-uagb-image--effect-zoomin .wp-block-uagb-image__figure:hover img,.wp-block-uagb-image--effect-zoomin .wp-block-uagb-image__figure:hover .wp-block-uagb-image--layout-overlay__color-wrapper{transform:scale(1.05)}.wp-block-uagb-image--effect-slide .wp-block-uagb-image__figure img,.wp-block-uagb-image--effect-slide .wp-block-uagb-image__figure .wp-block-uagb-image--layout-overlay__color-wrapper{width:calc(100% + 40px) !important;max-width:none !important;transform:translate3d(-40px, 0, 0);transition:transform .35s ease-in-out}.wp-block-uagb-image--effect-slide .wp-block-uagb-image__figure:hover img,.wp-block-uagb-image--effect-slide .wp-block-uagb-image__figure:hover .wp-block-uagb-image--layout-overlay__color-wrapper{transform:translate3d(0, 0, 0)}.wp-block-uagb-image--effect-grayscale img{filter:grayscale(0%);transition:.35s ease-in-out}.wp-block-uagb-image--effect-grayscale:hover img{filter:grayscale(100%)}.wp-block-uagb-image--effect-blur img{filter:blur(0);transition:.35s ease-in-out}.wp-block-uagb-image--effect-blur:hover img{filter:blur(3px)}.uagb-block-e6f939b3.wp-block-uagb-image--layout-default figure img{box-shadow: 0px 0px 0 #00000070;}.uagb-block-e6f939b3.wp-block-uagb-image .wp-block-uagb-image__figure figcaption{font-style: normal;align-self: center;}.uagb-block-e6f939b3.wp-block-uagb-image--layout-overlay figure img{box-shadow: 0px 0px 0 #00000070;}.uagb-block-e6f939b3.wp-block-uagb-image--layout-overlay .wp-block-uagb-image--layout-overlay__color-wrapper{opacity: 0.2;}.uagb-block-e6f939b3.wp-block-uagb-image--layout-overlay .wp-block-uagb-image--layout-overlay__inner{left: 15px;right: 15px;top: 15px;bottom: 15px;}.uagb-block-e6f939b3.wp-block-uagb-image--layout-overlay .wp-block-uagb-image--layout-overlay__inner .uagb-image-heading{font-style: normal;color: #fff;opacity: 1;}.uagb-block-e6f939b3.wp-block-uagb-image--layout-overlay .wp-block-uagb-image--layout-overlay__inner .uagb-image-heading a{color: #fff;}.uagb-block-e6f939b3.wp-block-uagb-image--layout-overlay .wp-block-uagb-image--layout-overlay__inner .uagb-image-caption{opacity: 0;}.uagb-block-e6f939b3.wp-block-uagb-image--layout-overlay .wp-block-uagb-image__figure:hover .wp-block-uagb-image--layout-overlay__color-wrapper{opacity: 1;}.uagb-block-e6f939b3.wp-block-uagb-image .wp-block-uagb-image--layout-overlay__inner .uagb-image-separator{width: 30%;border-top-width: 2px;border-top-color: #fff;opacity: 0;}.uagb-block-e6f939b3.wp-block-uagb-image .wp-block-uagb-image__figure img{width: px;height: auto;}.uagb-block-e6f939b3.wp-block-uagb-image .wp-block-uagb-image__figure:hover .wp-block-uagb-image--layout-overlay__inner .uagb-image-caption{opacity: 1;}.uagb-block-e6f939b3.wp-block-uagb-image .wp-block-uagb-image__figure:hover .wp-block-uagb-image--layout-overlay__inner .uagb-image-separator{opacity: 1;}.uagb-block-e6f939b3.wp-block-uagb-image--layout-default figure:hover img{box-shadow: 0px 0px 0 #00000070;}.uagb-block-e6f939b3.wp-block-uagb-image--layout-overlay figure:hover img{box-shadow: 0px 0px 0 #00000070;}@media only screen and (max-width: 976px) {.uagb-block-e6f939b3.wp-block-uagb-image .wp-block-uagb-image__figure img{width: px;height: auto;}}@media only screen and (max-width: 767px) {.uagb-block-e6f939b3.wp-block-uagb-image .wp-block-uagb-image__figure img{width: px;height: auto;}}\";s:2:\"js\";s:0:\"\";s:18:\"current_block_list\";a:13:{i:0;s:11:\"core\/search\";i:1;s:10:\"core\/group\";i:2;s:12:\"core\/heading\";i:3;s:17:\"core\/latest-posts\";i:4;s:20:\"core\/latest-comments\";i:5;s:13:\"core\/archives\";i:6;s:15:\"core\/categories\";i:7;s:14:\"core\/paragraph\";i:8;s:10:\"uagb\/image\";i:9;s:11:\"core\/spacer\";i:10;s:30:\"woocommerce\/product-categories\";i:11;s:10:\"core\/image\";i:12;s:14:\"core\/shortcode\";}s:8:\"uag_flag\";b:1;s:11:\"uag_version\";s:10:\"1777036401\";s:6:\"gfonts\";a:0:{}s:10:\"gfonts_url\";s:0:\"\";s:12:\"gfonts_files\";a:0:{}s:14:\"uag_faq_layout\";b:0;}"]},"uagb_featured_image_src":{"full":["https:\/\/www.ferberpainting.com\/wp-content\/uploads\/2025\/05\/BonsaiFertilizer5L.png",2560,2560,false],"thumbnail":["https:\/\/www.ferberpainting.com\/wp-content\/uploads\/2025\/05\/BonsaiFertilizer5L-150x150.png",150,150,true],"medium":["https:\/\/www.ferberpainting.com\/wp-content\/uploads\/2025\/05\/BonsaiFertilizer5L-300x300.png",300,300,true],"medium_large":["https:\/\/www.ferberpainting.com\/wp-content\/uploads\/2025\/05\/BonsaiFertilizer5L-768x768.png",768,768,true],"large":["https:\/\/www.ferberpainting.com\/wp-content\/uploads\/2025\/05\/BonsaiFertilizer5L-1024x1024.png",1024,1024,true],"1536x1536":["https:\/\/www.ferberpainting.com\/wp-content\/uploads\/2025\/05\/BonsaiFertilizer5L-1536x1536.png",1536,1536,true],"2048x2048":["https:\/\/www.ferberpainting.com\/wp-content\/uploads\/2025\/05\/BonsaiFertilizer5L-2048x2048.png",2048,2048,true],"trp-custom-language-flag":["https:\/\/www.ferberpainting.com\/wp-content\/uploads\/2025\/05\/BonsaiFertilizer5L-12x12.png",12,12,true],"woocommerce_thumbnail":["https:\/\/www.ferberpainting.com\/wp-content\/uploads\/2025\/05\/BonsaiFertilizer5L-300x300.png",300,300,true],"woocommerce_single":["https:\/\/www.ferberpainting.com\/wp-content\/uploads\/2025\/05\/BonsaiFertilizer5L-600x600.png",600,600,true],"woocommerce_gallery_thumbnail":["https:\/\/www.ferberpainting.com\/wp-content\/uploads\/2025\/05\/BonsaiFertilizer5L-100x100.png",100,100,true]},"uagb_author_info":{"display_name":"admin","author_link":"https:\/\/www.ferberpainting.com\/lt\/author\/"},"uagb_comment_info":20,"uagb_excerpt":"A balanced fertilizer for a healthy bonsai.\u00a0This bonsai fertilizer is specially formulated to meet the nutritional needs of these miniature trees. Thanks to its NPK 15-15-15 composition, it provides an optimal balance between nitrogen (N), which stimulates foliage development, phosphorus (P), which promotes strong root development, and potassium (K), which enhances disease resistance and climate&hellip;","_links":{"self":[{"href":"https:\/\/www.ferberpainting.com\/lt\/wp-json\/wp\/v2\/product\/23110","targetHints":{"allow":["GET"]}}],"collection":[{"href":"https:\/\/www.ferberpainting.com\/lt\/wp-json\/wp\/v2\/product"}],"about":[{"href":"https:\/\/www.ferberpainting.com\/lt\/wp-json\/wp\/v2\/types\/product"}],"replies":[{"embeddable":true,"href":"https:\/\/www.ferberpainting.com\/lt\/wp-json\/wp\/v2\/comments?post=23110"}],"version-history":[{"count":5,"href":"https:\/\/www.ferberpainting.com\/lt\/wp-json\/wp\/v2\/product\/23110\/revisions"}],"predecessor-version":[{"id":166046,"href":"https:\/\/www.ferberpainting.com\/lt\/wp-json\/wp\/v2\/product\/23110\/revisions\/166046"}],"wp:featuredmedia":[{"embeddable":true,"href":"https:\/\/www.ferberpainting.com\/lt\/wp-json\/wp\/v2\/media\/25709"}],"wp:attachment":[{"href":"https:\/\/www.ferberpainting.com\/lt\/wp-json\/wp\/v2\/media?parent=23110"}],"wp:term":[{"taxonomy":"product_brand","embeddable":true,"href":"https:\/\/www.ferberpainting.com\/lt\/wp-json\/wp\/v2\/product_brand?post=23110"},{"taxonomy":"product_cat","embeddable":true,"href":"https:\/\/www.ferberpainting.com\/lt\/wp-json\/wp\/v2\/product_cat?post=23110"},{"taxonomy":"product_tag","embeddable":true,"href":"https:\/\/www.ferberpainting.com\/lt\/wp-json\/wp\/v2\/product_tag?post=23110"}],"curies":[{"name":"wp","href":"https:\/\/api.w.org\/{rel}","templated":true}]}}