{"id":23095,"date":"2025-05-26T10:22:41","date_gmt":"2025-05-26T08:22:41","guid":{"rendered":"https:\/\/www.ferberpainting.com\/products\/bituminous-foundation-sealant\/"},"modified":"2026-02-24T17:58:40","modified_gmt":"2026-02-24T16:58:40","slug":"bituminous-foundation-sealant","status":"publish","type":"product","link":"https:\/\/www.ferberpainting.com\/lt\/products\/bituminous-foundation-sealant\/","title":{"rendered":"Bituminis pamat\u0173 sandariklis"},"content":{"rendered":"<p><img decoding=\"async\" style=\"margin-right: 12px;\" src=\"https:\/\/www.ferberpainting.com\/wp-content\/uploads\/2026\/02\/Check.svg\" alt=\"\" width=\"18\" height=\"15\" \/><strong>Optimali apsauga nuo dr\u0117gm\u0117s ir vandens prasiskverbimo.<\/strong>\u00a0\u0160i bitumin\u0117 danga specialiai sukurta siekiant u\u017etikrinti patvari\u0105 pamat\u0173 ir po\u017eemini\u0173 konstrukcij\u0173 hidroizoliacij\u0105. Ji sukuria nelaid\u0173 vandeniui barjer\u0105, kuris neleid\u017eia vandeniui prasiskverbti \u012f sienas, taip suma\u017eindamas dr\u0117gm\u0117s, pel\u0117sio ir infiltracijos sukeltos \u017ealos rizik\u0105. Jis taip pat apsaugo nuo nutekan\u010dio vandens ir kapiliarinio kilimo, u\u017etikrindamas konstrukcij\u0173 ilgaam\u017ei\u0161kum\u0105.<\/p>\n<p><img decoding=\"async\" style=\"margin-right: 12px;\" src=\"https:\/\/www.ferberpainting.com\/wp-content\/uploads\/2026\/02\/Check.svg\" alt=\"\" width=\"18\" height=\"15\" \/><strong>Pinig\u0173 gr\u0105\u017einimo garantija.<\/strong>\u00a0Mes visi\u0161kai pasitikime savo bitumin\u0117s hidroizoliacin\u0117s dangos veiksmingumu. Tod\u0117l si\u016blome pinig\u0173 gr\u0105\u017einimo garantij\u0105. Jei pritaikius gamin\u012f pagal rekomendacijas jis neatitinka j\u016bs\u0173 l\u016bkes\u010di\u0173, turite galimyb\u0119 pra\u0161yti gr\u0105\u017einti pinigus be joki\u0173 s\u0105lyg\u0173, taip u\u017etikrindami saug\u0173 ir neriziking\u0105 pirkim\u0105.<\/p>\n<p><img decoding=\"async\" style=\"margin-right: 12px;\" src=\"https:\/\/www.ferberpainting.com\/wp-content\/uploads\/2026\/02\/Check.svg\" alt=\"\" width=\"18\" height=\"15\" \/><strong>Suderinamas su \u012fvairiais pavir\u0161iais.<\/strong>\u00a0\u0160i bitumin\u0117 danga yra suderinama su betonu, cementu, skiediniu ir plytomis, tod\u0117l yra universalus sprendimas hidroizoliuoti pamatus, r\u016bsius, po\u017eemines sienas ir su \u017eeme besilie\u010dian\u010dias konstrukcijas. J\u0105 taip pat galima naudoti ant vertikali\u0173 ar horizontali\u0173 pavir\u0161i\u0173, ant nauj\u0173 ar renovuojam\u0173 pavir\u0161i\u0173, nereikalaujant specialaus grunto geram sukibimui u\u017etikrinti.<\/p>\n<p><img decoding=\"async\" style=\"margin-right: 12px;\" src=\"https:\/\/www.ferberpainting.com\/wp-content\/uploads\/2026\/02\/Check.svg\" alt=\"\" width=\"18\" height=\"15\" \/><strong>Ekonomi\u0161kumas ir maksimalus na\u0161umas.<\/strong>\u00a0D\u0117l koncentruotos sud\u0117ties 10 kg bitumin\u0117s dangos, priklausomai nuo pagrindo \u012fgeriamumo ir u\u017etepto storio, galima padengti ma\u017edaug 1 m\u00b2. Puiki padengiamoji galia u\u017etikrina veiksming\u0105 apsaug\u0105 ma\u017eesn\u0117mis s\u0105naudomis, tod\u0117l suma\u017e\u0117ja bendros darb\u0173 s\u0105naudos ir kartu u\u017etikrinama auk\u0161tos kokyb\u0117s hidroizoliacija.<\/p>\n<p><img decoding=\"async\" style=\"margin-right: 12px;\" src=\"https:\/\/www.ferberpainting.com\/wp-content\/uploads\/2026\/02\/Check.svg\" alt=\"\" width=\"18\" height=\"15\" \/><strong>Saugus ir nepavojingas produktas naudotojui.<\/strong>\u00a0\u0160ios dangos sud\u0117tyje n\u0117ra agresyvi\u0173 tirpikli\u0173, tod\u0117l ji neskleid\u017eia kenksming\u0173 gar\u0173 ir j\u0105 saugu naudoti net u\u017edarose patalpose. Jai nereikia speciali\u0173 apsaugos priemoni\u0173, ta\u010diau rekomenduojama m\u016bv\u0117ti pir\u0161tines, kad i\u0161vengtum\u0117te tiesioginio s\u0105ly\u010dio su oda. Ji atitinka galiojan\u010dius aplinkosaugos standartus, tod\u0117l u\u017etikrina saug\u0173 naudojim\u0105 tiek naudotojui, tiek aplinkai.<\/p>\n<p><img decoding=\"async\" style=\"margin-right: 12px;\" src=\"https:\/\/www.ferberpainting.com\/wp-content\/uploads\/2026\/02\/Check.svg\" alt=\"\" width=\"18\" height=\"15\" \/><strong>Lengvas taikymas ir greitas \u012fdiegimas.<\/strong>\u00a0\u0160i bitumin\u0117 danga yra paruo\u0161ta naudoti ir gali b\u016bti lengvai tepama teptuku, voleliu ar mentele, prie\u0161 tai jos nereikia mai\u0161yti. Jos skysta tekst\u016bra leid\u017eia homogeni\u0161kai paskirstyti ant pavir\u0161iaus, i\u0161vengiant silpn\u0173 viet\u0173. Net ir nepatyrusiems naudotojams j\u0105 paprasta dengti, nes nuo pirmojo sluoksnio u\u017etikrinamas tolygus padengimas.<\/p>\n<p><img decoding=\"async\" style=\"margin-right: 12px;\" src=\"https:\/\/www.ferberpainting.com\/wp-content\/uploads\/2026\/02\/Check.svg\" alt=\"\" width=\"18\" height=\"15\" \/><strong>I\u0161skirtinis patvarumas, u\u017etikrinantis ilgalaik\u0119 apsaug\u0105.<\/strong>\u00a0U\u017etepta ir i\u0161d\u017ei\u016bvusi \u0161i bitumin\u0117 danga yra labai atspari oro s\u0105lygoms, u\u017e\u0161alimo ir at\u0161ilimo ciklams bei dirvo\u017eemyje esan\u010dioms chemin\u0117ms med\u017eiagoms. Ji i\u0161laiko savo hidroizoliacines savybes kelerius metus, nereikalaudama specialios prie\u017ei\u016bros, tod\u0117l u\u017etikrina veiksming\u0105 ir ilgalaik\u0119 pamat\u0173 ir po\u017eemini\u0173 konstrukcij\u0173 apsaug\u0105.<\/p>\n<p><img decoding=\"async\" style=\"margin-right: 12px;\" src=\"https:\/\/www.ferberpainting.com\/wp-content\/uploads\/2026\/02\/Check.svg\" alt=\"\" width=\"18\" height=\"15\" \/><strong>Greitas d\u017ei\u016bvimas, kad b\u016bt\u0173 galima grei\u010diau \u012fgyvendinti.<\/strong>\u00a0Jo sud\u0117tis leid\u017eia i\u0161d\u017eiovinti pavir\u0161i\u0173 per 3-6 valandas, o visi\u0161kai i\u0161d\u017ei\u016bti per 24-48 valandas, priklausomai nuo s\u0105lyg\u0173.<\/p>\n<h2><strong>Naudojimo protokolas<\/strong><\/h2>\n<ul>\n<li><strong>Pavir\u0161iaus paruo\u0161imas <\/strong>: Kruop\u0161\u010diai nuvalykite apdorojam\u0105 pavir\u0161i\u0173, pa\u0161alindami dulkes, purv\u0105, riebal\u0173 d\u0117mes ir bet kokius trupan\u010dius liku\u010dius. Labai sugerian\u010dius arba por\u0117tus pavir\u0161ius prie\u0161 tepant rekomenduojama lengvai sudr\u0117kinti.<\/li>\n<li><strong>Rekomenduojama doz\u0117 <\/strong>: Priklausomai nuo pavir\u0161iaus \u0161iurk\u0161tumo ir \u012fgeriamumo, u\u017etepkite 10 kg bitumin\u0117s dangos 1 m\u00b2. Kad hidroizoliacija b\u016bt\u0173 geresn\u0117, planuokite dengti du ar tris sluoksnius i\u0161 eil\u0117s.<\/li>\n<li><strong>Dangos dengimas <\/strong>: Paskirstykite produkt\u0105 voleliu, pla\u010diu \u0161epe\u010diu arba mentele, kad visas pavir\u0161ius b\u016bt\u0173 tolygiai padengtas. Tepkite kry\u017eminiais sluoksniais, kad maksimaliai padidintum\u0117te sukibim\u0105 ir i\u0161vengtum\u0117te neapsaugot\u0173 viet\u0173.<\/li>\n<li><strong>D\u017ei\u016bvimo laikas tarp sluoksni\u0173 <\/strong>: Prie\u0161 dengdami antr\u0105 sluoksn\u012f, leiskite i\u0161d\u017ei\u016bti bent 3-6 valandas. D\u017ei\u016bvimo laikas gali skirtis priklausomai nuo temperat\u016bros ir aplinkos dr\u0117gm\u0117s.<\/li>\n<li><strong>Apdaila ir papildoma apsauga <\/strong>: Pra\u0117jus 24-48 valandoms po visi\u0161ko i\u0161d\u017ei\u016bvimo, apdorot\u0105 pavir\u0161i\u0173 galima padengti papildoma danga, pavyzd\u017eiui, apsaugine danga, drena\u017eu arba \u0161ilumos izoliacija.<\/li>\n<li><strong>\u012eranki\u0173 valymas <\/strong>: Po naudojimo, kol danga nesukiet\u0117jo, nedelsiant nuvalykite \u012frankius tinkamu tirpikliu arba \u0161iltu muiluotu vandeniu.<\/li>\n<\/ul>","protected":false},"excerpt":{"rendered":"<p>Optimal protection against humidity and water infiltration.\u00a0This bituminous coating is specially designed to ensure durable waterproofing of foundations and underground structures. It creates a waterproof barrier that prevents water from penetrating walls, thus reducing the risks of humidity, mold, and damage caused by infiltration. It also protects against runoff water and capillary rise, ensuring the [&hellip;]<\/p>\n","protected":false},"featured_media":164720,"comment_status":"open","ping_status":"closed","template":"","meta":{"_uag_custom_page_level_css":"","site-sidebar-layout":"default","site-content-layout":"","ast-site-content-layout":"default","site-content-style":"default","site-sidebar-style":"default","ast-global-header-display":"","ast-banner-title-visibility":"","ast-main-header-display":"","ast-hfb-above-header-display":"","ast-hfb-below-header-display":"","ast-hfb-mobile-header-display":"","site-post-title":"","ast-breadcrumbs-content":"","ast-featured-img":"","footer-sml-layout":"","ast-disable-related-posts":"","theme-transparent-header-meta":"default","adv-header-id-meta":"","stick-header-meta":"","header-above-stick-meta":"","header-main-stick-meta":"","header-below-stick-meta":"","astra-migrate-meta-layouts":"set","ast-page-background-enabled":"default","ast-page-background-meta":{"desktop":{"background-color":"var(--ast-global-color-4)","background-image":"","background-repeat":"repeat","background-position":"center center","background-size":"auto","background-attachment":"scroll","background-type":"","background-media":"","overlay-type":"","overlay-color":"","overlay-opacity":"","overlay-gradient":""},"tablet":{"background-color":"","background-image":"","background-repeat":"repeat","background-position":"center center","background-size":"auto","background-attachment":"scroll","background-type":"","background-media":"","overlay-type":"","overlay-color":"","overlay-opacity":"","overlay-gradient":""},"mobile":{"background-color":"","background-image":"","background-repeat":"repeat","background-position":"center center","background-size":"auto","background-attachment":"scroll","background-type":"","background-media":"","overlay-type":"","overlay-color":"","overlay-opacity":"","overlay-gradient":""}},"ast-content-background-meta":{"desktop":{"background-color":"var(--ast-global-color-5)","background-image":"","background-repeat":"repeat","background-position":"center center","background-size":"auto","background-attachment":"scroll","background-type":"","background-media":"","overlay-type":"","overlay-color":"","overlay-opacity":"","overlay-gradient":""},"tablet":{"background-color":"var(--ast-global-color-5)","background-image":"","background-repeat":"repeat","background-position":"center center","background-size":"auto","background-attachment":"scroll","background-type":"","background-media":"","overlay-type":"","overlay-color":"","overlay-opacity":"","overlay-gradient":""},"mobile":{"background-color":"var(--ast-global-color-5)","background-image":"","background-repeat":"repeat","background-position":"center center","background-size":"auto","background-attachment":"scroll","background-type":"","background-media":"","overlay-type":"","overlay-color":"","overlay-opacity":"","overlay-gradient":""}}},"product_brand":[],"product_cat":[192],"product_tag":[],"class_list":{"0":"post-23095","1":"product","2":"type-product","3":"status-publish","4":"has-post-thumbnail","6":"product_cat-waterproof-sealant","7":"desktop-align-left","8":"tablet-align-left","9":"mobile-align-left","11":"first","12":"instock","13":"sale","14":"shipping-taxable","15":"purchasable","16":"product-type-variable","17":"has-default-attributes"},"spectra_custom_meta":{"_visibility":["visible"],"_shopify_product_id":["9061074927861"],"_s2w_shopify_domain":["ferberpainting.myshopify.com"],"_shopify_variant_id":["46484461158645"],"_sku":["FPBITUMINOUSFOUNDATIONSEALANT"],"_manage_stock":["no"],"total_sales":["8"],"_tax_status":["taxable"],"_tax_class":[""],"_backorders":["no"],"_sold_individually":["no"],"_virtual":["no"],"_downloadable":["no"],"_download_limit":["-1"],"_download_expiry":["-1"],"_stock":[null],"_stock_status":["instock"],"_wc_average_rating":["4.57"],"_wc_review_count":["7"],"_product_attributes":["a:1:{s:6:\"volume\";a:6:{s:4:\"name\";s:6:\"Volume\";s:5:\"value\";s:13:\"10 kg | 40 kg\";s:8:\"position\";i:1;s:10:\"is_visible\";i:0;s:12:\"is_variation\";i:1;s:11:\"is_taxonomy\";i:0;}}"],"_product_version":["10.5.2"],"_thumbnail_id":["164720"],"_product_image_gallery":["164721"],"wpse_downloadable_file_names":[""],"wpse_downloadable_file_urls":[""],"_edit_last":["1"],"_edit_lock":["1771952180:1"],"_default_attributes":["a:1:{s:6:\"volume\";s:5:\"10 kg\";}"],"merchant-center-availability":["yes"],"merchant-center-category":["2282"],"_wp_page_template":["default"],"site-sidebar-layout":["default"],"ast-site-content-layout":["default"],"site-content-style":["default"],"site-sidebar-style":["default"],"theme-transparent-header-meta":["default"],"_wc_rating_count":["a:2:{i:4;i:3;i:5;i:4;}"],"_price":["29.90","99.90"],"astra-migrate-meta-layouts":["set"],"_uag_css_file_name":["uag-css-23095.css"],"_elementor_page_assets":["a:0:{}"],"_uag_page_assets":["a:9:{s:3:\"css\";s:6873:\".wp-block-uagb-image{display:flex}.wp-block-uagb-image__figure{position:relative;display:flex;flex-direction:column;max-width:100%;height:auto;margin:0}.wp-block-uagb-image__figure img{height:auto;display:flex;max-width:100%;transition:box-shadow .2s ease}.wp-block-uagb-image__figure>a{display:inline-block}.wp-block-uagb-image__figure figcaption{text-align:center;margin-top:.5em;margin-bottom:1em}.wp-block-uagb-image .components-placeholder.block-editor-media-placeholder .components-placeholder__instructions{align-self:center}.wp-block-uagb-image--align-left{text-align:left}.wp-block-uagb-image--align-right{text-align:right}.wp-block-uagb-image--align-center{text-align:center}.wp-block-uagb-image--align-full .wp-block-uagb-image__figure{margin-left:calc(50% - 50vw);margin-right:calc(50% - 50vw);max-width:100vw;width:100vw;height:auto}.wp-block-uagb-image--align-full .wp-block-uagb-image__figure img{height:auto;width:100% !important}.wp-block-uagb-image--align-wide .wp-block-uagb-image__figure img{height:auto;width:100%}.wp-block-uagb-image--layout-overlay__color-wrapper{position:absolute;left:0;top:0;right:0;bottom:0;opacity:.2;background:rgba(0,0,0,.5);transition:opacity .35s ease-in-out}.wp-block-uagb-image--layout-overlay-link{position:absolute;left:0;right:0;bottom:0;top:0}.wp-block-uagb-image--layout-overlay .wp-block-uagb-image__figure:hover .wp-block-uagb-image--layout-overlay__color-wrapper{opacity:1}.wp-block-uagb-image--layout-overlay__inner{position:absolute;left:15px;right:15px;bottom:15px;top:15px;display:flex;align-items:center;justify-content:center;flex-direction:column;border-color:#fff;transition:.35s ease-in-out}.wp-block-uagb-image--layout-overlay__inner.top-left,.wp-block-uagb-image--layout-overlay__inner.top-center,.wp-block-uagb-image--layout-overlay__inner.top-right{justify-content:flex-start}.wp-block-uagb-image--layout-overlay__inner.bottom-left,.wp-block-uagb-image--layout-overlay__inner.bottom-center,.wp-block-uagb-image--layout-overlay__inner.bottom-right{justify-content:flex-end}.wp-block-uagb-image--layout-overlay__inner.top-left,.wp-block-uagb-image--layout-overlay__inner.center-left,.wp-block-uagb-image--layout-overlay__inner.bottom-left{align-items:flex-start}.wp-block-uagb-image--layout-overlay__inner.top-right,.wp-block-uagb-image--layout-overlay__inner.center-right,.wp-block-uagb-image--layout-overlay__inner.bottom-right{align-items:flex-end}.wp-block-uagb-image--layout-overlay__inner .uagb-image-heading{color:#fff;transition:transform .35s,opacity .35s ease-in-out;transform:translate3d(0, 24px, 0);margin:0;line-height:1em}.wp-block-uagb-image--layout-overlay__inner .uagb-image-separator{width:30%;border-top-width:2px;border-top-color:#fff;border-top-style:solid;margin-bottom:10px;opacity:0;transition:transform .4s,opacity .4s ease-in-out;transform:translate3d(0, 30px, 0)}.wp-block-uagb-image--layout-overlay__inner .uagb-image-caption{opacity:0;overflow:visible;color:#fff;transition:transform .45s,opacity .45s ease-in-out;transform:translate3d(0, 35px, 0)}.wp-block-uagb-image--layout-overlay__inner:hover .uagb-image-heading,.wp-block-uagb-image--layout-overlay__inner:hover .uagb-image-separator,.wp-block-uagb-image--layout-overlay__inner:hover .uagb-image-caption{opacity:1;transform:translate3d(0, 0, 0)}.wp-block-uagb-image--effect-zoomin .wp-block-uagb-image__figure img,.wp-block-uagb-image--effect-zoomin .wp-block-uagb-image__figure .wp-block-uagb-image--layout-overlay__color-wrapper{transform:scale(1);transition:transform .35s ease-in-out}.wp-block-uagb-image--effect-zoomin .wp-block-uagb-image__figure:hover img,.wp-block-uagb-image--effect-zoomin .wp-block-uagb-image__figure:hover .wp-block-uagb-image--layout-overlay__color-wrapper{transform:scale(1.05)}.wp-block-uagb-image--effect-slide .wp-block-uagb-image__figure img,.wp-block-uagb-image--effect-slide .wp-block-uagb-image__figure .wp-block-uagb-image--layout-overlay__color-wrapper{width:calc(100% + 40px) !important;max-width:none !important;transform:translate3d(-40px, 0, 0);transition:transform .35s ease-in-out}.wp-block-uagb-image--effect-slide .wp-block-uagb-image__figure:hover img,.wp-block-uagb-image--effect-slide .wp-block-uagb-image__figure:hover .wp-block-uagb-image--layout-overlay__color-wrapper{transform:translate3d(0, 0, 0)}.wp-block-uagb-image--effect-grayscale img{filter:grayscale(0%);transition:.35s ease-in-out}.wp-block-uagb-image--effect-grayscale:hover img{filter:grayscale(100%)}.wp-block-uagb-image--effect-blur img{filter:blur(0);transition:.35s ease-in-out}.wp-block-uagb-image--effect-blur:hover img{filter:blur(3px)}.uagb-block-e6f939b3.wp-block-uagb-image--layout-default figure img{box-shadow: 0px 0px 0 #00000070;}.uagb-block-e6f939b3.wp-block-uagb-image .wp-block-uagb-image__figure figcaption{font-style: normal;align-self: center;}.uagb-block-e6f939b3.wp-block-uagb-image--layout-overlay figure img{box-shadow: 0px 0px 0 #00000070;}.uagb-block-e6f939b3.wp-block-uagb-image--layout-overlay .wp-block-uagb-image--layout-overlay__color-wrapper{opacity: 0.2;}.uagb-block-e6f939b3.wp-block-uagb-image--layout-overlay .wp-block-uagb-image--layout-overlay__inner{left: 15px;right: 15px;top: 15px;bottom: 15px;}.uagb-block-e6f939b3.wp-block-uagb-image--layout-overlay .wp-block-uagb-image--layout-overlay__inner .uagb-image-heading{font-style: normal;color: #fff;opacity: 1;}.uagb-block-e6f939b3.wp-block-uagb-image--layout-overlay .wp-block-uagb-image--layout-overlay__inner .uagb-image-heading a{color: #fff;}.uagb-block-e6f939b3.wp-block-uagb-image--layout-overlay .wp-block-uagb-image--layout-overlay__inner .uagb-image-caption{opacity: 0;}.uagb-block-e6f939b3.wp-block-uagb-image--layout-overlay .wp-block-uagb-image__figure:hover .wp-block-uagb-image--layout-overlay__color-wrapper{opacity: 1;}.uagb-block-e6f939b3.wp-block-uagb-image .wp-block-uagb-image--layout-overlay__inner .uagb-image-separator{width: 30%;border-top-width: 2px;border-top-color: #fff;opacity: 0;}.uagb-block-e6f939b3.wp-block-uagb-image .wp-block-uagb-image__figure img{width: px;height: auto;}.uagb-block-e6f939b3.wp-block-uagb-image .wp-block-uagb-image__figure:hover .wp-block-uagb-image--layout-overlay__inner .uagb-image-caption{opacity: 1;}.uagb-block-e6f939b3.wp-block-uagb-image .wp-block-uagb-image__figure:hover .wp-block-uagb-image--layout-overlay__inner .uagb-image-separator{opacity: 1;}.uagb-block-e6f939b3.wp-block-uagb-image--layout-default figure:hover img{box-shadow: 0px 0px 0 #00000070;}.uagb-block-e6f939b3.wp-block-uagb-image--layout-overlay figure:hover img{box-shadow: 0px 0px 0 #00000070;}@media only screen and (max-width: 976px) {.uagb-block-e6f939b3.wp-block-uagb-image .wp-block-uagb-image__figure img{width: px;height: auto;}}@media only screen and (max-width: 767px) {.uagb-block-e6f939b3.wp-block-uagb-image .wp-block-uagb-image__figure img{width: px;height: auto;}}\";s:2:\"js\";s:0:\"\";s:18:\"current_block_list\";a:13:{i:0;s:11:\"core\/search\";i:1;s:10:\"core\/group\";i:2;s:12:\"core\/heading\";i:3;s:17:\"core\/latest-posts\";i:4;s:20:\"core\/latest-comments\";i:5;s:13:\"core\/archives\";i:6;s:15:\"core\/categories\";i:7;s:14:\"core\/paragraph\";i:8;s:10:\"uagb\/image\";i:9;s:11:\"core\/spacer\";i:10;s:30:\"woocommerce\/product-categories\";i:11;s:10:\"core\/image\";i:12;s:14:\"core\/shortcode\";}s:8:\"uag_flag\";b:1;s:11:\"uag_version\";s:10:\"1776796228\";s:6:\"gfonts\";a:0:{}s:10:\"gfonts_url\";s:0:\"\";s:12:\"gfonts_files\";a:0:{}s:14:\"uag_faq_layout\";b:0;}"]},"uagb_featured_image_src":{"full":["https:\/\/www.ferberpainting.com\/wp-content\/uploads\/2025\/05\/Bituminous-Foundation-Sealant-10-KG-mockups.png",2560,2560,false],"thumbnail":["https:\/\/www.ferberpainting.com\/wp-content\/uploads\/2025\/05\/Bituminous-Foundation-Sealant-10-KG-mockups-150x150.png",150,150,true],"medium":["https:\/\/www.ferberpainting.com\/wp-content\/uploads\/2025\/05\/Bituminous-Foundation-Sealant-10-KG-mockups-300x300.png",300,300,true],"medium_large":["https:\/\/www.ferberpainting.com\/wp-content\/uploads\/2025\/05\/Bituminous-Foundation-Sealant-10-KG-mockups-768x768.png",768,768,true],"large":["https:\/\/www.ferberpainting.com\/wp-content\/uploads\/2025\/05\/Bituminous-Foundation-Sealant-10-KG-mockups-1024x1024.png",1024,1024,true],"1536x1536":["https:\/\/www.ferberpainting.com\/wp-content\/uploads\/2025\/05\/Bituminous-Foundation-Sealant-10-KG-mockups-1536x1536.png",1536,1536,true],"2048x2048":["https:\/\/www.ferberpainting.com\/wp-content\/uploads\/2025\/05\/Bituminous-Foundation-Sealant-10-KG-mockups-2048x2048.png",2048,2048,true],"trp-custom-language-flag":["https:\/\/www.ferberpainting.com\/wp-content\/uploads\/2025\/05\/Bituminous-Foundation-Sealant-10-KG-mockups-12x12.png",12,12,true],"woocommerce_thumbnail":["https:\/\/www.ferberpainting.com\/wp-content\/uploads\/2025\/05\/Bituminous-Foundation-Sealant-10-KG-mockups-300x300.png",300,300,true],"woocommerce_single":["https:\/\/www.ferberpainting.com\/wp-content\/uploads\/2025\/05\/Bituminous-Foundation-Sealant-10-KG-mockups-600x600.png",600,600,true],"woocommerce_gallery_thumbnail":["https:\/\/www.ferberpainting.com\/wp-content\/uploads\/2025\/05\/Bituminous-Foundation-Sealant-10-KG-mockups-100x100.png",100,100,true]},"uagb_author_info":{"display_name":"admin","author_link":"https:\/\/www.ferberpainting.com\/lt\/author\/"},"uagb_comment_info":7,"uagb_excerpt":"Optimal protection against humidity and water infiltration.\u00a0This bituminous coating is specially designed to ensure durable waterproofing of foundations and underground structures. It creates a waterproof barrier that prevents water from penetrating walls, thus reducing the risks of humidity, mold, and damage caused by infiltration. It also protects against runoff water and capillary rise, ensuring the&hellip;","_links":{"self":[{"href":"https:\/\/www.ferberpainting.com\/lt\/wp-json\/wp\/v2\/product\/23095","targetHints":{"allow":["GET"]}}],"collection":[{"href":"https:\/\/www.ferberpainting.com\/lt\/wp-json\/wp\/v2\/product"}],"about":[{"href":"https:\/\/www.ferberpainting.com\/lt\/wp-json\/wp\/v2\/types\/product"}],"replies":[{"embeddable":true,"href":"https:\/\/www.ferberpainting.com\/lt\/wp-json\/wp\/v2\/comments?post=23095"}],"version-history":[{"count":6,"href":"https:\/\/www.ferberpainting.com\/lt\/wp-json\/wp\/v2\/product\/23095\/revisions"}],"predecessor-version":[{"id":166040,"href":"https:\/\/www.ferberpainting.com\/lt\/wp-json\/wp\/v2\/product\/23095\/revisions\/166040"}],"wp:featuredmedia":[{"embeddable":true,"href":"https:\/\/www.ferberpainting.com\/lt\/wp-json\/wp\/v2\/media\/164720"}],"wp:attachment":[{"href":"https:\/\/www.ferberpainting.com\/lt\/wp-json\/wp\/v2\/media?parent=23095"}],"wp:term":[{"taxonomy":"product_brand","embeddable":true,"href":"https:\/\/www.ferberpainting.com\/lt\/wp-json\/wp\/v2\/product_brand?post=23095"},{"taxonomy":"product_cat","embeddable":true,"href":"https:\/\/www.ferberpainting.com\/lt\/wp-json\/wp\/v2\/product_cat?post=23095"},{"taxonomy":"product_tag","embeddable":true,"href":"https:\/\/www.ferberpainting.com\/lt\/wp-json\/wp\/v2\/product_tag?post=23095"}],"curies":[{"name":"wp","href":"https:\/\/api.w.org\/{rel}","templated":true}]}}