{"id":23083,"date":"2025-05-26T10:22:36","date_gmt":"2025-05-26T08:22:36","guid":{"rendered":"https:\/\/www.ferberpainting.com\/products\/banana-tree-fertilizer\/"},"modified":"2026-02-24T18:51:33","modified_gmt":"2026-02-24T17:51:33","slug":"banana-tree-fertilizer","status":"publish","type":"product","link":"https:\/\/www.ferberpainting.com\/lt\/products\/banana-tree-fertilizer\/","title":{"rendered":"Bananmed\u017ei\u0173 tr\u0105\u0161os"},"content":{"rendered":"<p><img decoding=\"async\" style=\"margin-right: 12px;\" src=\"https:\/\/www.ferberpainting.com\/wp-content\/uploads\/2026\/02\/Check.svg\" alt=\"\" width=\"18\" height=\"15\" \/><strong>Visapusi\u0161kos tr\u0105\u0161os greitam augimui ir gausiam banan\u0173 derliui u\u017etikrinti. <\/strong>\u0160ios tr\u0105\u0161os bananams yra specialiai sukurtos taip, kad atitikt\u0173 specifinius \u0161io atogr\u0105\u017e\u0173 augalo, kuriam reikia daug maistini\u0173 med\u017eiag\u0173, poreikius. D\u0117l NPK 15-15-15 sud\u0117ties \u0161i tr\u0105\u0161a pasi\u017eymi subalansuotu azoto (N) kiekiu, skatinan\u010diu spart\u0173 lap\u0173 augim\u0105, fosforo (P) kiekiu, skatinan\u010diu stipr\u0173 \u0161aknijim\u0105si, ir kalio (K) kiekiu, gerinan\u010diu vaisi\u0173 der\u0117jim\u0105 ir atsparum\u0105 ligoms. Taip u\u017etikrinamas energingas augimas, tanki lapija ir skan\u016bs bei aromatingi vaisiai.<\/p>\n<p><img decoding=\"async\" style=\"margin-right: 12px;\" src=\"https:\/\/www.ferberpainting.com\/wp-content\/uploads\/2026\/02\/Check.svg\" alt=\"\" width=\"18\" height=\"15\" \/><strong>Pinig\u0173 gr\u0105\u017einimo garantija.\u00a0<\/strong>Esame taip \u012fsitikin\u0119 savo banan\u0173 tr\u0105\u0161\u0173 veiksmingumu, kad suteikiame pinig\u0173 gr\u0105\u017einimo garantij\u0105. Jei po rekomenduojamo naudojimo nepasteb\u0117site pastebimo augimo, gyvybingumo ar vaisi\u0173 u\u017emezgimo pager\u0117jimo, mes \u012fsipareigojame gr\u0105\u017einti visus pinigus ir u\u017etikrinti, kad pirkinys bus saugus ir nesukels r\u016bpes\u010di\u0173.<\/p>\n<p><img decoding=\"async\" style=\"margin-right: 12px;\" src=\"https:\/\/www.ferberpainting.com\/wp-content\/uploads\/2026\/02\/Check.svg\" alt=\"\" width=\"18\" height=\"15\" \/><strong>Tinka vis\u0173 veisli\u0173 bananams ir visoms auginimo s\u0105lygoms. <\/strong>\u0160ios tr\u0105\u0161os tinka bananams vazonuose, atvirame grunte, dekoratyvioms ir vaisin\u0117ms veisl\u0117ms, pavyzd\u017eiui, Musa basjoo, Musa acuminata ir Musa paradisiaca. Ji veiksminga vis\u0173 tip\u0173 dirvo\u017eemyje ir skatina optimal\u0173 augim\u0105 tiek vidutinio, tiek atogr\u0105\u017e\u0173 klimato zonose, u\u017etikrindama tinkam\u0105 tr\u0119\u0161im\u0105, pritaikyt\u0105 kiekvienam auginimo b\u016bdui.<\/p>\n<p><img decoding=\"async\" style=\"margin-right: 12px;\" src=\"https:\/\/www.ferberpainting.com\/wp-content\/uploads\/2026\/02\/Check.svg\" alt=\"\" width=\"18\" height=\"15\" \/><strong>Ekonomi\u0161kas ir ilgalaikis tr\u0119\u0161imas. <\/strong>D\u0117l koncentruotos skys\u010dio formul\u0117s 5 l talpoje galima paruo\u0161ti iki 1000 litr\u0173 tr\u0105\u0161\u0173 tirpalo, tod\u0117l tr\u0119\u0161imas yra ilgalaikis ir ekonomi\u0161kas. 5 ml doz\u0117 litrui vandens u\u017etikrina greit\u0105 maisting\u0173j\u0173 med\u017eiag\u0173 \u012fsisavinim\u0105 ir optimal\u0173 naudojim\u0105, kartu ma\u017einant atliek\u0173 kiek\u012f.<\/p>\n<p><img decoding=\"async\" style=\"margin-right: 12px;\" src=\"https:\/\/www.ferberpainting.com\/wp-content\/uploads\/2026\/02\/Check.svg\" alt=\"\" width=\"18\" height=\"15\" \/><strong>Saugi tr\u0105\u0161a, nekelianti pavojaus aplinkai. <\/strong>\u0160ios tr\u0105\u0161os, kuri\u0173 sud\u0117tyje n\u0117ra agresyvi\u0173 chemini\u0173 med\u017eiag\u0173, nepa\u017eeid\u017eia nat\u016bralios dirvo\u017eemio pusiausvyros ir nekelia pavojaus plantacijoms, po\u017eeminiam vandeniui ar naminiams gyv\u016bnams. Ji skatina nauding\u0105 mikrob\u0173 veikl\u0105 ir gerina substrato strukt\u016br\u0105, u\u017etikrindama geresn\u012f maistini\u0173 med\u017eiag\u0173 ir dr\u0117gm\u0117s sulaikym\u0105, b\u016btin\u0105 auginant bananus.<\/p>\n<p><img decoding=\"async\" style=\"margin-right: 12px;\" src=\"https:\/\/www.ferberpainting.com\/wp-content\/uploads\/2026\/02\/Check.svg\" alt=\"\" width=\"18\" height=\"15\" \/><strong>Lengvas tr\u0119\u0161imas be vargo. <\/strong>\u0160ios skystos tr\u0105\u0161os skied\u017eiamos tiesiai laistymo vandenyje, tod\u0117l tr\u0119\u0161iama tolygiai ir efektyviai, \u012fdedant nedaug pastang\u0173. J\u0105 galima laistyti laistant prie augalo pagrindo arba purk\u0161ti ant lap\u0173, kad \u0161aknys ir lapai optimaliai \u012fsisavint\u0173 maisting\u0105sias med\u017eiagas, o banan\u0173 augalai tapt\u0173 gyvybingesni ir produktyvesni.<\/p>\n<p><img decoding=\"async\" style=\"margin-right: 12px;\" src=\"https:\/\/www.ferberpainting.com\/wp-content\/uploads\/2026\/02\/Check.svg\" alt=\"\" width=\"18\" height=\"15\" \/><strong>Tvar\u016bs veiksmai siekiant spartesnio augimo ir didesn\u0117s gamybos. <\/strong>D\u0117l laipsni\u0161ko maisting\u0173j\u0173 med\u017eiag\u0173 i\u0161siskyrimo \u0161ios tr\u0105\u0161os tausojan\u010diai maitina banan\u0173 augalus, skatina spart\u0173 lap\u0173 ir stieb\u0173 augim\u0105 bei gaus\u0173 ir nuolatin\u012f vaisi\u0173 der\u0117jim\u0105. Taip pat padeda stiprinti atsparum\u0105 ligoms, parazitams ir klimato poveikiui, pavyzd\u017eiui, v\u0117jui ir sausrai.<\/p>\n<p><img decoding=\"async\" style=\"margin-right: 12px;\" src=\"https:\/\/www.ferberpainting.com\/wp-content\/uploads\/2026\/02\/Check.svg\" alt=\"\" width=\"18\" height=\"15\" \/><strong>Matomi rezultatai per pirm\u0105sias savaites. <\/strong>Nuo pat pirm\u0173j\u0173 tr\u0119\u0161im\u0173 \u0161ios tr\u0105\u0161os skatina nauj\u0173 \u016bgli\u0173 augim\u0105, didina lap\u0173 tankum\u0105 ir skatina didesni\u0173 bei gausesni\u0173 vaisi\u0173 keki\u0173 formavim\u0105si. Ji taip pat padeda augalui pasiruo\u0161ti \u017eyd\u0117jimo ir vaisi\u0173 u\u017emezgimo faz\u0117ms, u\u017etikrindama gaus\u0173 ir kokybi\u0161k\u0105 derli\u0173.<\/p>\n<h2><strong>Naudojimo protokolas<\/strong><\/h2>\n<ul>\n<li><strong>Tr\u0105\u0161\u0173 skiedimas :<\/strong> 1 litrui vandens sumai\u0161ykite 5 ml tr\u0105\u0161\u0173. Prie\u0161 kiekvien\u0105 tr\u0119\u0161im\u0105 tirpal\u0105 gerai suplakite, kad maistin\u0117s med\u017eiagos pasiskirstyt\u0173 tolygiai.<\/li>\n<li><strong>Taikymo b\u016bdas:<\/strong>\n<ul>\n<li><strong>Laistant :<\/strong> Atskiest\u0105 tirpal\u0105 pilkite tiesiai ant banan\u0173 augalo pagrindo, stengdamiesi tolygiai sudr\u0117kinti dirvo\u017eem\u012f, kad vanduo nenutek\u0117t\u0173.<\/li>\n<li><strong>Pur\u0161kiant ant lap\u0173 :<\/strong> Anksti ryte arba v\u0117lai vakare lengvai i\u0161purk\u0161kite tirpal\u0105 ant lap\u0173, kad jis greitai nei\u0161garuot\u0173 ir kuo geriau \u012fsigert\u0173.<\/li>\n<\/ul>\n<\/li>\n<li><strong>Naudojimo da\u017enumas:<\/strong> Tr\u0105\u0161as tr\u0119\u0161kite kas dvi savaites augimo ir \u017eyd\u0117jimo laikotarpiu (pavasar\u012f-vasar\u0105) ir kart\u0105 per m\u0117nes\u012f ramyb\u0117s laikotarpiu (ruden\u012f-\u017eiem\u0105), kad palaikytum\u0117te stabil\u0173 augim\u0105.<\/li>\n<li><strong>Papildomas laistymas :<\/strong> Po tr\u0119\u0161imo palaukite 48 valandas ir v\u0117l palaistykite, kad \u0161aknys kuo geriau \u012fsisavint\u0173 maisting\u0105sias med\u017eiagas.<\/li>\n<li><strong>Naudojimo atsargumo priemon\u0117s :<\/strong> Neperdozuokite tr\u0105\u0161\u0173, kad b\u016bt\u0173 i\u0161vengta augimo disbalanso ar per didelio mineralini\u0173 drusk\u0173 kaupimosi dirvo\u017eemyje. Tr\u0119\u0161kite tik \u0161iek tiek dr\u0117gn\u0105 dirvo\u017eem\u012f, kad geriau pasisavint\u0173 tr\u0105\u0161as.<\/li>\n<li><strong>Saugojimas ir konservavimas :<\/strong> Tr\u0105\u0161as laikykite v\u0117sioje, sausoje, apsaugotoje nuo \u0161viesos ir dr\u0117gm\u0117s vietoje. Po kiekvieno naudojimo sandariai u\u017edarykite talpykl\u0105, kad produktas i\u0161likt\u0173 veiksmingas ir nei\u0161garuot\u0173.<\/li>\n<\/ul>\n<p>Su \u0161iomis tr\u0105\u0161omis bananams augalui suteikiama visavert\u0117 ir subalansuota mityba, skatinanti energing\u0105 augim\u0105, greitesn\u012f \u017eyd\u0117jim\u0105 ir gaus\u0173 bei aromating\u0105 banan\u0173 derli\u0173. Tai idealus sprendimas, u\u017etikrinantis sveikus banan\u0173 augalus ir i\u0161skirtin\u012f derli\u0173 i\u0161tisus metus.<\/p>","protected":false},"excerpt":{"rendered":"<p>A complete fertilizer for fast growth and abundant banana production. This banana fertilizer is specially formulated to meet the specific needs of this tropical plant, which is demanding in nutrients. Thanks to its NPK 15-15-15 composition, it offers a balanced supply of nitrogen (N) to stimulate rapid leaf growth, phosphorus (P) to promote strong rooting, [&hellip;]<\/p>\n","protected":false},"featured_media":25305,"comment_status":"open","ping_status":"closed","template":"","meta":{"_uag_custom_page_level_css":"","site-sidebar-layout":"default","site-content-layout":"","ast-site-content-layout":"default","site-content-style":"default","site-sidebar-style":"default","ast-global-header-display":"","ast-banner-title-visibility":"","ast-main-header-display":"","ast-hfb-above-header-display":"","ast-hfb-below-header-display":"","ast-hfb-mobile-header-display":"","site-post-title":"","ast-breadcrumbs-content":"","ast-featured-img":"","footer-sml-layout":"","ast-disable-related-posts":"","theme-transparent-header-meta":"default","adv-header-id-meta":"","stick-header-meta":"","header-above-stick-meta":"","header-main-stick-meta":"","header-below-stick-meta":"","astra-migrate-meta-layouts":"set","ast-page-background-enabled":"default","ast-page-background-meta":{"desktop":{"background-color":"var(--ast-global-color-4)","background-image":"","background-repeat":"repeat","background-position":"center center","background-size":"auto","background-attachment":"scroll","background-type":"","background-media":"","overlay-type":"","overlay-color":"","overlay-opacity":"","overlay-gradient":""},"tablet":{"background-color":"","background-image":"","background-repeat":"repeat","background-position":"center center","background-size":"auto","background-attachment":"scroll","background-type":"","background-media":"","overlay-type":"","overlay-color":"","overlay-opacity":"","overlay-gradient":""},"mobile":{"background-color":"","background-image":"","background-repeat":"repeat","background-position":"center center","background-size":"auto","background-attachment":"scroll","background-type":"","background-media":"","overlay-type":"","overlay-color":"","overlay-opacity":"","overlay-gradient":""}},"ast-content-background-meta":{"desktop":{"background-color":"var(--ast-global-color-5)","background-image":"","background-repeat":"repeat","background-position":"center center","background-size":"auto","background-attachment":"scroll","background-type":"","background-media":"","overlay-type":"","overlay-color":"","overlay-opacity":"","overlay-gradient":""},"tablet":{"background-color":"var(--ast-global-color-5)","background-image":"","background-repeat":"repeat","background-position":"center center","background-size":"auto","background-attachment":"scroll","background-type":"","background-media":"","overlay-type":"","overlay-color":"","overlay-opacity":"","overlay-gradient":""},"mobile":{"background-color":"var(--ast-global-color-5)","background-image":"","background-repeat":"repeat","background-position":"center center","background-size":"auto","background-attachment":"scroll","background-type":"","background-media":"","overlay-type":"","overlay-color":"","overlay-opacity":"","overlay-gradient":""}}},"product_brand":[],"product_cat":[178],"product_tag":[],"class_list":{"0":"post-23083","1":"product","2":"type-product","3":"status-publish","4":"has-post-thumbnail","6":"product_cat-fertilizers","7":"desktop-align-left","8":"tablet-align-left","9":"mobile-align-left","11":"first","12":"instock","13":"sale","14":"shipping-taxable","15":"purchasable","16":"product-type-variable","17":"has-default-attributes"},"spectra_custom_meta":{"_visibility":["visible"],"_shopify_product_id":["9066079977717"],"_s2w_shopify_domain":["ferberpainting.myshopify.com"],"_shopify_variant_id":["46501631459573"],"_sku":["FPBANANATREEFERTILIZER"],"_manage_stock":["no"],"total_sales":["111"],"_tax_status":["taxable"],"_tax_class":[""],"_backorders":["no"],"_sold_individually":["no"],"_virtual":["no"],"_downloadable":["no"],"_download_limit":["-1"],"_download_expiry":["-1"],"_stock":[null],"_stock_status":["instock"],"_wc_average_rating":["5.00"],"_wc_review_count":["5"],"_product_attributes":["a:1:{s:6:\"volume\";a:6:{s:4:\"name\";s:6:\"Volume\";s:5:\"value\";s:20:\"5 liters | 25 liters\";s:8:\"position\";i:1;s:10:\"is_visible\";i:0;s:12:\"is_variation\";i:1;s:11:\"is_taxonomy\";i:0;}}"],"_product_version":["10.5.2"],"_thumbnail_id":["25305"],"_product_image_gallery":["25335"],"wpse_downloadable_file_names":[""],"wpse_downloadable_file_urls":[""],"_edit_last":["1"],"_default_attributes":["a:1:{s:6:\"volume\";s:8:\"5 liters\";}"],"_wc_rating_count":["a:1:{i:5;i:5;}"],"_edit_lock":["1772569275:1"],"merchant-center-availability":["yes"],"merchant-center-category":["113"],"_wp_page_template":["default"],"site-sidebar-layout":["default"],"ast-site-content-layout":["default"],"site-content-style":["default"],"site-sidebar-style":["default"],"theme-transparent-header-meta":["default"],"_price":["29.90","129.90"],"astra-migrate-meta-layouts":["set"],"_uag_css_file_name":["uag-css-23083.css"],"_elementor_page_assets":["a:0:{}"],"_uag_page_assets":["a:9:{s:3:\"css\";s:6873:\".wp-block-uagb-image{display:flex}.wp-block-uagb-image__figure{position:relative;display:flex;flex-direction:column;max-width:100%;height:auto;margin:0}.wp-block-uagb-image__figure img{height:auto;display:flex;max-width:100%;transition:box-shadow .2s ease}.wp-block-uagb-image__figure>a{display:inline-block}.wp-block-uagb-image__figure figcaption{text-align:center;margin-top:.5em;margin-bottom:1em}.wp-block-uagb-image .components-placeholder.block-editor-media-placeholder .components-placeholder__instructions{align-self:center}.wp-block-uagb-image--align-left{text-align:left}.wp-block-uagb-image--align-right{text-align:right}.wp-block-uagb-image--align-center{text-align:center}.wp-block-uagb-image--align-full .wp-block-uagb-image__figure{margin-left:calc(50% - 50vw);margin-right:calc(50% - 50vw);max-width:100vw;width:100vw;height:auto}.wp-block-uagb-image--align-full .wp-block-uagb-image__figure img{height:auto;width:100% !important}.wp-block-uagb-image--align-wide .wp-block-uagb-image__figure img{height:auto;width:100%}.wp-block-uagb-image--layout-overlay__color-wrapper{position:absolute;left:0;top:0;right:0;bottom:0;opacity:.2;background:rgba(0,0,0,.5);transition:opacity .35s ease-in-out}.wp-block-uagb-image--layout-overlay-link{position:absolute;left:0;right:0;bottom:0;top:0}.wp-block-uagb-image--layout-overlay .wp-block-uagb-image__figure:hover .wp-block-uagb-image--layout-overlay__color-wrapper{opacity:1}.wp-block-uagb-image--layout-overlay__inner{position:absolute;left:15px;right:15px;bottom:15px;top:15px;display:flex;align-items:center;justify-content:center;flex-direction:column;border-color:#fff;transition:.35s ease-in-out}.wp-block-uagb-image--layout-overlay__inner.top-left,.wp-block-uagb-image--layout-overlay__inner.top-center,.wp-block-uagb-image--layout-overlay__inner.top-right{justify-content:flex-start}.wp-block-uagb-image--layout-overlay__inner.bottom-left,.wp-block-uagb-image--layout-overlay__inner.bottom-center,.wp-block-uagb-image--layout-overlay__inner.bottom-right{justify-content:flex-end}.wp-block-uagb-image--layout-overlay__inner.top-left,.wp-block-uagb-image--layout-overlay__inner.center-left,.wp-block-uagb-image--layout-overlay__inner.bottom-left{align-items:flex-start}.wp-block-uagb-image--layout-overlay__inner.top-right,.wp-block-uagb-image--layout-overlay__inner.center-right,.wp-block-uagb-image--layout-overlay__inner.bottom-right{align-items:flex-end}.wp-block-uagb-image--layout-overlay__inner .uagb-image-heading{color:#fff;transition:transform .35s,opacity .35s ease-in-out;transform:translate3d(0, 24px, 0);margin:0;line-height:1em}.wp-block-uagb-image--layout-overlay__inner .uagb-image-separator{width:30%;border-top-width:2px;border-top-color:#fff;border-top-style:solid;margin-bottom:10px;opacity:0;transition:transform .4s,opacity .4s ease-in-out;transform:translate3d(0, 30px, 0)}.wp-block-uagb-image--layout-overlay__inner .uagb-image-caption{opacity:0;overflow:visible;color:#fff;transition:transform .45s,opacity .45s ease-in-out;transform:translate3d(0, 35px, 0)}.wp-block-uagb-image--layout-overlay__inner:hover .uagb-image-heading,.wp-block-uagb-image--layout-overlay__inner:hover .uagb-image-separator,.wp-block-uagb-image--layout-overlay__inner:hover .uagb-image-caption{opacity:1;transform:translate3d(0, 0, 0)}.wp-block-uagb-image--effect-zoomin .wp-block-uagb-image__figure img,.wp-block-uagb-image--effect-zoomin .wp-block-uagb-image__figure .wp-block-uagb-image--layout-overlay__color-wrapper{transform:scale(1);transition:transform .35s ease-in-out}.wp-block-uagb-image--effect-zoomin .wp-block-uagb-image__figure:hover img,.wp-block-uagb-image--effect-zoomin .wp-block-uagb-image__figure:hover .wp-block-uagb-image--layout-overlay__color-wrapper{transform:scale(1.05)}.wp-block-uagb-image--effect-slide .wp-block-uagb-image__figure img,.wp-block-uagb-image--effect-slide .wp-block-uagb-image__figure .wp-block-uagb-image--layout-overlay__color-wrapper{width:calc(100% + 40px) !important;max-width:none !important;transform:translate3d(-40px, 0, 0);transition:transform .35s ease-in-out}.wp-block-uagb-image--effect-slide .wp-block-uagb-image__figure:hover img,.wp-block-uagb-image--effect-slide .wp-block-uagb-image__figure:hover .wp-block-uagb-image--layout-overlay__color-wrapper{transform:translate3d(0, 0, 0)}.wp-block-uagb-image--effect-grayscale img{filter:grayscale(0%);transition:.35s ease-in-out}.wp-block-uagb-image--effect-grayscale:hover img{filter:grayscale(100%)}.wp-block-uagb-image--effect-blur img{filter:blur(0);transition:.35s ease-in-out}.wp-block-uagb-image--effect-blur:hover img{filter:blur(3px)}.uagb-block-e6f939b3.wp-block-uagb-image--layout-default figure img{box-shadow: 0px 0px 0 #00000070;}.uagb-block-e6f939b3.wp-block-uagb-image .wp-block-uagb-image__figure figcaption{font-style: normal;align-self: center;}.uagb-block-e6f939b3.wp-block-uagb-image--layout-overlay figure img{box-shadow: 0px 0px 0 #00000070;}.uagb-block-e6f939b3.wp-block-uagb-image--layout-overlay .wp-block-uagb-image--layout-overlay__color-wrapper{opacity: 0.2;}.uagb-block-e6f939b3.wp-block-uagb-image--layout-overlay .wp-block-uagb-image--layout-overlay__inner{left: 15px;right: 15px;top: 15px;bottom: 15px;}.uagb-block-e6f939b3.wp-block-uagb-image--layout-overlay .wp-block-uagb-image--layout-overlay__inner .uagb-image-heading{font-style: normal;color: #fff;opacity: 1;}.uagb-block-e6f939b3.wp-block-uagb-image--layout-overlay .wp-block-uagb-image--layout-overlay__inner .uagb-image-heading a{color: #fff;}.uagb-block-e6f939b3.wp-block-uagb-image--layout-overlay .wp-block-uagb-image--layout-overlay__inner .uagb-image-caption{opacity: 0;}.uagb-block-e6f939b3.wp-block-uagb-image--layout-overlay .wp-block-uagb-image__figure:hover .wp-block-uagb-image--layout-overlay__color-wrapper{opacity: 1;}.uagb-block-e6f939b3.wp-block-uagb-image .wp-block-uagb-image--layout-overlay__inner .uagb-image-separator{width: 30%;border-top-width: 2px;border-top-color: #fff;opacity: 0;}.uagb-block-e6f939b3.wp-block-uagb-image .wp-block-uagb-image__figure img{width: px;height: auto;}.uagb-block-e6f939b3.wp-block-uagb-image .wp-block-uagb-image__figure:hover .wp-block-uagb-image--layout-overlay__inner .uagb-image-caption{opacity: 1;}.uagb-block-e6f939b3.wp-block-uagb-image .wp-block-uagb-image__figure:hover .wp-block-uagb-image--layout-overlay__inner .uagb-image-separator{opacity: 1;}.uagb-block-e6f939b3.wp-block-uagb-image--layout-default figure:hover img{box-shadow: 0px 0px 0 #00000070;}.uagb-block-e6f939b3.wp-block-uagb-image--layout-overlay figure:hover img{box-shadow: 0px 0px 0 #00000070;}@media only screen and (max-width: 976px) {.uagb-block-e6f939b3.wp-block-uagb-image .wp-block-uagb-image__figure img{width: px;height: auto;}}@media only screen and (max-width: 767px) {.uagb-block-e6f939b3.wp-block-uagb-image .wp-block-uagb-image__figure img{width: px;height: auto;}}\";s:2:\"js\";s:0:\"\";s:18:\"current_block_list\";a:13:{i:0;s:11:\"core\/search\";i:1;s:10:\"core\/group\";i:2;s:12:\"core\/heading\";i:3;s:17:\"core\/latest-posts\";i:4;s:20:\"core\/latest-comments\";i:5;s:13:\"core\/archives\";i:6;s:15:\"core\/categories\";i:7;s:14:\"core\/paragraph\";i:8;s:10:\"uagb\/image\";i:9;s:11:\"core\/spacer\";i:10;s:30:\"woocommerce\/product-categories\";i:11;s:10:\"core\/image\";i:12;s:14:\"core\/shortcode\";}s:8:\"uag_flag\";b:1;s:11:\"uag_version\";s:10:\"1777120569\";s:6:\"gfonts\";a:0:{}s:10:\"gfonts_url\";s:0:\"\";s:12:\"gfonts_files\";a:0:{}s:14:\"uag_faq_layout\";b:0;}"]},"uagb_featured_image_src":{"full":["https:\/\/www.ferberpainting.com\/wp-content\/uploads\/2025\/05\/BananaTreeFertilizer5L.png",2560,2560,false],"thumbnail":["https:\/\/www.ferberpainting.com\/wp-content\/uploads\/2025\/05\/BananaTreeFertilizer5L-150x150.png",150,150,true],"medium":["https:\/\/www.ferberpainting.com\/wp-content\/uploads\/2025\/05\/BananaTreeFertilizer5L-300x300.png",300,300,true],"medium_large":["https:\/\/www.ferberpainting.com\/wp-content\/uploads\/2025\/05\/BananaTreeFertilizer5L-768x768.png",768,768,true],"large":["https:\/\/www.ferberpainting.com\/wp-content\/uploads\/2025\/05\/BananaTreeFertilizer5L-1024x1024.png",1024,1024,true],"1536x1536":["https:\/\/www.ferberpainting.com\/wp-content\/uploads\/2025\/05\/BananaTreeFertilizer5L-1536x1536.png",1536,1536,true],"2048x2048":["https:\/\/www.ferberpainting.com\/wp-content\/uploads\/2025\/05\/BananaTreeFertilizer5L-2048x2048.png",2048,2048,true],"trp-custom-language-flag":["https:\/\/www.ferberpainting.com\/wp-content\/uploads\/2025\/05\/BananaTreeFertilizer5L-12x12.png",12,12,true],"woocommerce_thumbnail":["https:\/\/www.ferberpainting.com\/wp-content\/uploads\/2025\/05\/BananaTreeFertilizer5L-300x300.png",300,300,true],"woocommerce_single":["https:\/\/www.ferberpainting.com\/wp-content\/uploads\/2025\/05\/BananaTreeFertilizer5L-600x600.png",600,600,true],"woocommerce_gallery_thumbnail":["https:\/\/www.ferberpainting.com\/wp-content\/uploads\/2025\/05\/BananaTreeFertilizer5L-100x100.png",100,100,true]},"uagb_author_info":{"display_name":"admin","author_link":"https:\/\/www.ferberpainting.com\/lt\/author\/"},"uagb_comment_info":5,"uagb_excerpt":"A complete fertilizer for fast growth and abundant banana production. This banana fertilizer is specially formulated to meet the specific needs of this tropical plant, which is demanding in nutrients. Thanks to its NPK 15-15-15 composition, it offers a balanced supply of nitrogen (N) to stimulate rapid leaf growth, phosphorus (P) to promote strong rooting,&hellip;","_links":{"self":[{"href":"https:\/\/www.ferberpainting.com\/lt\/wp-json\/wp\/v2\/product\/23083","targetHints":{"allow":["GET"]}}],"collection":[{"href":"https:\/\/www.ferberpainting.com\/lt\/wp-json\/wp\/v2\/product"}],"about":[{"href":"https:\/\/www.ferberpainting.com\/lt\/wp-json\/wp\/v2\/types\/product"}],"replies":[{"embeddable":true,"href":"https:\/\/www.ferberpainting.com\/lt\/wp-json\/wp\/v2\/comments?post=23083"}],"version-history":[{"count":5,"href":"https:\/\/www.ferberpainting.com\/lt\/wp-json\/wp\/v2\/product\/23083\/revisions"}],"predecessor-version":[{"id":166033,"href":"https:\/\/www.ferberpainting.com\/lt\/wp-json\/wp\/v2\/product\/23083\/revisions\/166033"}],"wp:featuredmedia":[{"embeddable":true,"href":"https:\/\/www.ferberpainting.com\/lt\/wp-json\/wp\/v2\/media\/25305"}],"wp:attachment":[{"href":"https:\/\/www.ferberpainting.com\/lt\/wp-json\/wp\/v2\/media?parent=23083"}],"wp:term":[{"taxonomy":"product_brand","embeddable":true,"href":"https:\/\/www.ferberpainting.com\/lt\/wp-json\/wp\/v2\/product_brand?post=23083"},{"taxonomy":"product_cat","embeddable":true,"href":"https:\/\/www.ferberpainting.com\/lt\/wp-json\/wp\/v2\/product_cat?post=23083"},{"taxonomy":"product_tag","embeddable":true,"href":"https:\/\/www.ferberpainting.com\/lt\/wp-json\/wp\/v2\/product_tag?post=23083"}],"curies":[{"name":"wp","href":"https:\/\/api.w.org\/{rel}","templated":true}]}}