{"id":23070,"date":"2025-05-26T10:22:29","date_gmt":"2025-05-26T08:22:29","guid":{"rendered":"https:\/\/www.ferberpainting.com\/products\/asphalt-cold-patch\/"},"modified":"2026-02-24T17:53:18","modified_gmt":"2026-02-24T16:53:18","slug":"asphalt-cold-patch","status":"publish","type":"product","link":"https:\/\/www.ferberpainting.com\/lt\/products\/asphalt-cold-patch\/","title":{"rendered":"\u0160altasis asfaltas"},"content":{"rendered":"<p><img decoding=\"async\" style=\"margin-right: 12px;\" src=\"https:\/\/www.ferberpainting.com\/wp-content\/uploads\/2026\/02\/Check.svg\" alt=\"\" width=\"18\" height=\"15\" \/><strong>Greitas ir efektyvus asfaltuot\u0173 pavir\u0161i\u0173 remontas.<\/strong>\u00a0\u0160is \u0161alto mi\u0161inio asfaltas yra specialiai sukurtas taip, kad b\u016bt\u0173 galima paprastai ir patvariai remontuoti kelius, \u0161aligatvius, automobili\u0173 stov\u0117jimo aik\u0161teles ir kitus i\u0161 asfalto ar betono pagamintus pavir\u0161ius. Tai veiksmingas sprendimas, skirtas duob\u0117ms, \u012ftr\u016bkimams, deformacijoms ir skyl\u0117ms u\u017epildyti, nereikalaujantis sud\u0117tingos \u012frangos ar profesionalaus \u012fsiki\u0161imo, u\u017etikrinantis greit\u0105 ir patikim\u0105 atstatym\u0105.<\/p>\n<p><img decoding=\"async\" style=\"margin-right: 12px;\" src=\"https:\/\/www.ferberpainting.com\/wp-content\/uploads\/2026\/02\/Check.svg\" alt=\"\" width=\"18\" height=\"15\" \/><strong>Pinig\u0173 gr\u0105\u017einimo garantija.<\/strong>\u00a0Mes visi\u0161kai pasitikime savo \u0161altojo asfalto mi\u0161inio veiksmingumu. Tod\u0117l si\u016blome pinig\u0173 gr\u0105\u017einimo garantij\u0105. Jei produktas neatitinka j\u016bs\u0173 l\u016bkes\u010di\u0173, panaudojus j\u012f pagal rekomendacijas, turite galimyb\u0119 pra\u0161yti gr\u0105\u017einti pinigus be joki\u0173 s\u0105lyg\u0173, taip u\u017etikrindami saug\u0173 ir neriziking\u0105 pirkim\u0105.<\/p>\n<p><img decoding=\"async\" style=\"margin-right: 12px;\" src=\"https:\/\/www.ferberpainting.com\/wp-content\/uploads\/2026\/02\/Check.svg\" alt=\"\" width=\"18\" height=\"15\" \/><strong>Suderinamas su \u012fvairi\u0173 tip\u0173 pavir\u0161iais.<\/strong>\u00a0\u0160is asfaltas tinka betonui, asfaltui, cementui ir kitoms keli\u0173 dangoms, tod\u0117l yra universalus produktas, skirtas keli\u0173, priva\u017eiavim\u0173, kiem\u0173 ir automobili\u0173 stov\u0117jimo aik\u0161teli\u0173 prie\u017ei\u016brai ir atnaujinimui. J\u012f galima naudoti tiek miesto, tiek priva\u010dioje aplinkoje, u\u017etikrinant \u012fvairioms \u017eem\u0117s konfig\u016bracijoms pritaikyt\u0105 remonto sprendim\u0105.<\/p>\n<p><img decoding=\"async\" style=\"margin-right: 12px;\" src=\"https:\/\/www.ferberpainting.com\/wp-content\/uploads\/2026\/02\/Check.svg\" alt=\"\" width=\"18\" height=\"15\" \/><strong>Ekonomi\u0161kai efektyvi ir optimizuota apr\u0117ptis.<\/strong>\u00a0D\u0117l itin veiksmingos sud\u0117ties 10 kg asfalto galima padengti ma\u017edaug 1 m\u00b2 1 cm storio dangos. J\u012f galima dengti keliais sluoksniais, kad b\u016bt\u0173 pasiektas reikiamas storis, nesuma\u017einant sukibimo kokyb\u0117s, tod\u0117l galima optimaliai naudoti med\u017eiagas ir pasiekti puik\u0173 kainos ir kokyb\u0117s santyk\u012f.<\/p>\n<p><img decoding=\"async\" style=\"margin-right: 12px;\" src=\"https:\/\/www.ferberpainting.com\/wp-content\/uploads\/2026\/02\/Check.svg\" alt=\"\" width=\"18\" height=\"15\" \/><strong>Saugus ir aplinkai nekenksmingas produktas.<\/strong>\u00a0\u0160is \u0161altojo asfalto mi\u0161inys yra pagamintas be agresyvi\u0173 tirpikli\u0173 ir toksini\u0173 med\u017eiag\u0173, tod\u0117l j\u012f saugu naudoti. Jis nekelia pavojaus naudotojams ir neskleid\u017eia kenksming\u0173 gar\u0173, tod\u0117l j\u012f galima naudoti tiek lauke, tiek patalpose, esant tam tikroms v\u0117dinimo s\u0105lygoms.<\/p>\n<p><img decoding=\"async\" style=\"margin-right: 12px;\" src=\"https:\/\/www.ferberpainting.com\/wp-content\/uploads\/2026\/02\/Check.svg\" alt=\"\" width=\"18\" height=\"15\" \/><strong>Lengvas pritaikymas, kad remontas nekelt\u0173 r\u016bpes\u010di\u0173.<\/strong>\u00a0\u0160iam asfaltui, skirtingai nei kar\u0161to mi\u0161inio asfaltui, kur\u012f reikia sud\u0117tingai kloti, nereikia jokios i\u0161ankstin\u0117s kaitinimo ar specialios \u012frangos. J\u012f galima kloti tiesiai ant apdorojamo ploto, sutankinti rankiniu arba mechaniniu b\u016bdu ir per trump\u0105 laik\u0105 u\u017etikrinti transporto priemoni\u0173 ir p\u0117s\u010di\u0173j\u0173 eism\u0105.<\/p>\n<p><img decoding=\"async\" style=\"margin-right: 12px;\" src=\"https:\/\/www.ferberpainting.com\/wp-content\/uploads\/2026\/02\/Check.svg\" alt=\"\" width=\"18\" height=\"15\" \/><strong>Ilgaam\u017ei\u0161kumas ir atsparumas oro s\u0105lygoms bei apkrovoms.<\/strong>\u00a0\u012erengtas ir sutankintas \u0161is asfaltas yra labai atsparus klimato svyravimams, u\u017e\u0161alimo ir at\u0161ilimo ciklams ir da\u017enam transporto priemoni\u0173 eismui. Jis u\u017etikrina ilgalaik\u012f remont\u0105 ir apsaugo nuo greito pavir\u0161iaus irimo, tod\u0117l yra patikimas ir tvarus sprendimas keli\u0173 ir va\u017eiuojamosios dalies prie\u017ei\u016brai.<\/p>\n<p><img decoding=\"async\" style=\"margin-right: 12px;\" src=\"https:\/\/www.ferberpainting.com\/wp-content\/uploads\/2026\/02\/Check.svg\" alt=\"\" width=\"18\" height=\"15\" \/><strong>Greitas paslaug\u0173 atk\u016brimas, kad sutaupytum\u0117te kuo daugiau laiko.<\/strong>\u00a0D\u0117l optimalaus kiet\u0117jimo geb\u0117jimo \u0161is asfaltas i\u0161 karto po u\u017etepimo yra tinkamas naudoti, o maksimal\u0173 stiprum\u0105 pasiekia per kelias valandas. Juo galima greitai remontuoti kelius ir eismo zonas be ilgo nejudinimo, u\u017etikrinant, kad eismas bus atnaujintas nedelsiant, nesuma\u017einant dangos tvirtumo.<\/p>\n<h2><strong>Naudojimo protokolas<\/strong><\/h2>\n<ul>\n<li><strong>Pavir\u0161iaus paruo\u0161imas <\/strong>: Kruop\u0161\u010diai nuvalykite apdorojam\u0105 plot\u0105, pa\u0161alindami dulkes, \u017evyr\u0105 ir \u0161iuk\u0161les, kurios gali tur\u0117ti \u012ftakos sukibimui. \u012esitikinkite, kad pavir\u0161ius yra stabilus, ir, jei reikia, \u0161iek tiek sudr\u0117kinkite pavir\u0161i\u0173, kad pagerintum\u0117te sukibim\u0105.<\/li>\n<li><strong>Rekomenduojama doz\u0117 <\/strong>: U\u017etepkite ma\u017edaug 10 kg asfalto mi\u0161inio, kad padengtum\u0117te 1 m\u00b2 1 cm storio sluoksn\u012f. Jei remontas yra gilesnis, klokite vienas po kito 3-5 cm sluoksnius, gerai sutankindami kiekvien\u0105 sluoksn\u012f prie\u0161 d\u0117dami kit\u0105.<\/li>\n<li><strong>Asfalto mi\u0161inio naudojimas <\/strong>: \u0160alt\u0105 asfalto mi\u0161in\u012f pilkite tiesiai \u012f ertm\u0119 arba ant apdorojamo pavir\u0161iaus, tolygiai paskirstydami kastuvu arba mentele. \u012esitikinkite, kad med\u017eiaga gerai pasiskirst\u0117 visame remonto plote.<\/li>\n<li><strong>Sutankinimas ir i\u0161lyginimas <\/strong>: Stipriai sutankinkite asfalto mi\u0161in\u012f tankintuvu, vibracine plok\u0161te arba voleliu, kad u\u017etikrintum\u0117te optimal\u0173 tank\u012f ir i\u0161vengtum\u0117te b\u016bsim\u0173 deformacij\u0173. Patikrinkite, ar pavir\u0161ius yra lygus, ir, jei reikia, pakoreguokite.<\/li>\n<li><strong>D\u017ei\u016bvimo laikas <\/strong>: Po tepimo leiskite kelias valandas pails\u0117ti. Asfalto mi\u0161inys i\u0161 karto tampa tinkamas eismui, ta\u010diau optimal\u0173 stiprum\u0105 pasiekia po 24-48 valand\u0173, priklausomai nuo oro s\u0105lyg\u0173 ir atlikto sutankinimo.<\/li>\n<li><strong>Prie\u017ei\u016bra ir ilgaam\u017ei\u0161kumas <\/strong>: Sukiet\u0117jus \u0161iam asfalto mi\u0161iniui nereikia ypatingos prie\u017ei\u016bros. Jei po keleri\u0173 met\u0173 jis nat\u016braliai nusid\u0117vi, papras\u010diausiai <strong>pakartotinis taikymas<\/strong> patepus pa\u017eeist\u0105 viet\u0105 produktu, jis v\u0117l taps veiksmingas ir stiprus.<\/li>\n<li><strong>\u012eranki\u0173 valymas <\/strong>: Panaudoj\u0119 \u012frankius, nedelsdami nuvalykite juos vandeniu sudr\u0117kinta \u0161luoste arba tinkamu nuriebalinimo skys\u010diu, kad nesusidaryt\u0173 bitumo liku\u010di\u0173.<\/li>\n<\/ul>\n<p>Naudodami \u0161\u012f \u0161alto asfalto mi\u0161in\u012f greitai, patvariai ir ekonomi\u0161kai efektyviai suremontuosite visus asfalto pavir\u0161ius, u\u017etikrindami greit\u0105 atk\u016brim\u0105 ir optimal\u0173 atsparum\u0105 eismo s\u0105lygoms ir oro s\u0105lygoms.<\/p>","protected":false},"excerpt":{"rendered":"<p>Fast and Efficient Repair of Paved Surfaces.\u00a0This cold-mix asphalt is specially designed to allow simple and durable repairs of roads, sidewalks, parking lots, and other surfaces made of asphalt or concrete. It provides an effective solution for filling potholes, cracks, deformations, and holes without requiring complex equipment or professional intervention, ensuring a quick and reliable [&hellip;]<\/p>\n","protected":false},"featured_media":164716,"comment_status":"open","ping_status":"closed","template":"","meta":{"_uag_custom_page_level_css":"","site-sidebar-layout":"default","site-content-layout":"","ast-site-content-layout":"default","site-content-style":"default","site-sidebar-style":"default","ast-global-header-display":"","ast-banner-title-visibility":"","ast-main-header-display":"","ast-hfb-above-header-display":"","ast-hfb-below-header-display":"","ast-hfb-mobile-header-display":"","site-post-title":"","ast-breadcrumbs-content":"","ast-featured-img":"","footer-sml-layout":"","ast-disable-related-posts":"","theme-transparent-header-meta":"default","adv-header-id-meta":"","stick-header-meta":"","header-above-stick-meta":"","header-main-stick-meta":"","header-below-stick-meta":"","astra-migrate-meta-layouts":"set","ast-page-background-enabled":"default","ast-page-background-meta":{"desktop":{"background-color":"var(--ast-global-color-4)","background-image":"","background-repeat":"repeat","background-position":"center center","background-size":"auto","background-attachment":"scroll","background-type":"","background-media":"","overlay-type":"","overlay-color":"","overlay-opacity":"","overlay-gradient":""},"tablet":{"background-color":"","background-image":"","background-repeat":"repeat","background-position":"center center","background-size":"auto","background-attachment":"scroll","background-type":"","background-media":"","overlay-type":"","overlay-color":"","overlay-opacity":"","overlay-gradient":""},"mobile":{"background-color":"","background-image":"","background-repeat":"repeat","background-position":"center center","background-size":"auto","background-attachment":"scroll","background-type":"","background-media":"","overlay-type":"","overlay-color":"","overlay-opacity":"","overlay-gradient":""}},"ast-content-background-meta":{"desktop":{"background-color":"var(--ast-global-color-5)","background-image":"","background-repeat":"repeat","background-position":"center center","background-size":"auto","background-attachment":"scroll","background-type":"","background-media":"","overlay-type":"","overlay-color":"","overlay-opacity":"","overlay-gradient":""},"tablet":{"background-color":"var(--ast-global-color-5)","background-image":"","background-repeat":"repeat","background-position":"center center","background-size":"auto","background-attachment":"scroll","background-type":"","background-media":"","overlay-type":"","overlay-color":"","overlay-opacity":"","overlay-gradient":""},"mobile":{"background-color":"var(--ast-global-color-5)","background-image":"","background-repeat":"repeat","background-position":"center center","background-size":"auto","background-attachment":"scroll","background-type":"","background-media":"","overlay-type":"","overlay-color":"","overlay-opacity":"","overlay-gradient":""}}},"product_brand":[],"product_cat":[176],"product_tag":[],"class_list":{"0":"post-23070","1":"product","2":"type-product","3":"status-publish","4":"has-post-thumbnail","6":"product_cat-concrete-treatment","7":"desktop-align-left","8":"tablet-align-left","9":"mobile-align-left","11":"first","12":"instock","13":"sale","14":"shipping-taxable","15":"purchasable","16":"product-type-variable","17":"has-default-attributes"},"spectra_custom_meta":{"_visibility":["visible"],"_shopify_product_id":["9061096882421"],"_s2w_shopify_domain":["ferberpainting.myshopify.com"],"_shopify_variant_id":["46484510834933"],"_sku":["FPASPHALTCOLDPATCH"],"_manage_stock":["no"],"total_sales":["31"],"_tax_status":["taxable"],"_tax_class":[""],"_backorders":["no"],"_sold_individually":["no"],"_virtual":["no"],"_downloadable":["no"],"_download_limit":["-1"],"_download_expiry":["-1"],"_stock":[null],"_stock_status":["instock"],"_wc_average_rating":["4.57"],"_wc_review_count":["7"],"_product_attributes":["a:1:{s:6:\"volume\";a:6:{s:4:\"name\";s:6:\"Volume\";s:5:\"value\";s:13:\"10 kg | 40 kg\";s:8:\"position\";i:1;s:10:\"is_visible\";i:0;s:12:\"is_variation\";i:1;s:11:\"is_taxonomy\";i:0;}}"],"_product_version":["10.5.2"],"_product_image_gallery":["164717"],"wpse_downloadable_file_names":[""],"wpse_downloadable_file_urls":[""],"_edit_last":["1"],"_default_attributes":["a:1:{s:6:\"volume\";s:5:\"10 kg\";}"],"_edit_lock":["1771951910:1"],"merchant-center-availability":["yes"],"merchant-center-category":["2282"],"_wp_page_template":["default"],"site-sidebar-layout":["default"],"ast-site-content-layout":["default"],"site-content-style":["default"],"site-sidebar-style":["default"],"theme-transparent-header-meta":["default"],"_wc_rating_count":["a:2:{i:4;i:3;i:5;i:4;}"],"_price":["29.90","99.90"],"_thumbnail_id":["164716"],"astra-migrate-meta-layouts":["set"],"_uag_css_file_name":["uag-css-23070.css"],"_elementor_page_assets":["a:0:{}"],"_uag_page_assets":["a:9:{s:3:\"css\";s:7133:\".uag-blocks-common-selector{z-index:var(--z-index-desktop) !important}@media(max-width: 976px){.uag-blocks-common-selector{z-index:var(--z-index-tablet) !important}}@media(max-width: 767px){.uag-blocks-common-selector{z-index:var(--z-index-mobile) !important}}.wp-block-uagb-image{display:flex}.wp-block-uagb-image__figure{position:relative;display:flex;flex-direction:column;max-width:100%;height:auto;margin:0}.wp-block-uagb-image__figure img{height:auto;display:flex;max-width:100%;transition:box-shadow .2s ease}.wp-block-uagb-image__figure>a{display:inline-block}.wp-block-uagb-image__figure figcaption{text-align:center;margin-top:.5em;margin-bottom:1em}.wp-block-uagb-image .components-placeholder.block-editor-media-placeholder .components-placeholder__instructions{align-self:center}.wp-block-uagb-image--align-left{text-align:left}.wp-block-uagb-image--align-right{text-align:right}.wp-block-uagb-image--align-center{text-align:center}.wp-block-uagb-image--align-full .wp-block-uagb-image__figure{margin-left:calc(50% - 50vw);margin-right:calc(50% - 50vw);max-width:100vw;width:100vw;height:auto}.wp-block-uagb-image--align-full .wp-block-uagb-image__figure img{height:auto;width:100% !important}.wp-block-uagb-image--align-wide .wp-block-uagb-image__figure img{height:auto;width:100%}.wp-block-uagb-image--layout-overlay__color-wrapper{position:absolute;left:0;top:0;right:0;bottom:0;opacity:.2;background:rgba(0,0,0,.5);transition:opacity .35s ease-in-out}.wp-block-uagb-image--layout-overlay-link{position:absolute;left:0;right:0;bottom:0;top:0}.wp-block-uagb-image--layout-overlay .wp-block-uagb-image__figure:hover .wp-block-uagb-image--layout-overlay__color-wrapper{opacity:1}.wp-block-uagb-image--layout-overlay__inner{position:absolute;left:15px;right:15px;bottom:15px;top:15px;display:flex;align-items:center;justify-content:center;flex-direction:column;border-color:#fff;transition:.35s ease-in-out}.wp-block-uagb-image--layout-overlay__inner.top-left,.wp-block-uagb-image--layout-overlay__inner.top-center,.wp-block-uagb-image--layout-overlay__inner.top-right{justify-content:flex-start}.wp-block-uagb-image--layout-overlay__inner.bottom-left,.wp-block-uagb-image--layout-overlay__inner.bottom-center,.wp-block-uagb-image--layout-overlay__inner.bottom-right{justify-content:flex-end}.wp-block-uagb-image--layout-overlay__inner.top-left,.wp-block-uagb-image--layout-overlay__inner.center-left,.wp-block-uagb-image--layout-overlay__inner.bottom-left{align-items:flex-start}.wp-block-uagb-image--layout-overlay__inner.top-right,.wp-block-uagb-image--layout-overlay__inner.center-right,.wp-block-uagb-image--layout-overlay__inner.bottom-right{align-items:flex-end}.wp-block-uagb-image--layout-overlay__inner .uagb-image-heading{color:#fff;transition:transform .35s,opacity .35s ease-in-out;transform:translate3d(0, 24px, 0);margin:0;line-height:1em}.wp-block-uagb-image--layout-overlay__inner .uagb-image-separator{width:30%;border-top-width:2px;border-top-color:#fff;border-top-style:solid;margin-bottom:10px;opacity:0;transition:transform .4s,opacity .4s ease-in-out;transform:translate3d(0, 30px, 0)}.wp-block-uagb-image--layout-overlay__inner .uagb-image-caption{opacity:0;overflow:visible;color:#fff;transition:transform .45s,opacity .45s ease-in-out;transform:translate3d(0, 35px, 0)}.wp-block-uagb-image--layout-overlay__inner:hover .uagb-image-heading,.wp-block-uagb-image--layout-overlay__inner:hover .uagb-image-separator,.wp-block-uagb-image--layout-overlay__inner:hover .uagb-image-caption{opacity:1;transform:translate3d(0, 0, 0)}.wp-block-uagb-image--effect-zoomin .wp-block-uagb-image__figure img,.wp-block-uagb-image--effect-zoomin .wp-block-uagb-image__figure .wp-block-uagb-image--layout-overlay__color-wrapper{transform:scale(1);transition:transform .35s ease-in-out}.wp-block-uagb-image--effect-zoomin .wp-block-uagb-image__figure:hover img,.wp-block-uagb-image--effect-zoomin .wp-block-uagb-image__figure:hover .wp-block-uagb-image--layout-overlay__color-wrapper{transform:scale(1.05)}.wp-block-uagb-image--effect-slide .wp-block-uagb-image__figure img,.wp-block-uagb-image--effect-slide .wp-block-uagb-image__figure .wp-block-uagb-image--layout-overlay__color-wrapper{width:calc(100% + 40px) !important;max-width:none !important;transform:translate3d(-40px, 0, 0);transition:transform .35s ease-in-out}.wp-block-uagb-image--effect-slide .wp-block-uagb-image__figure:hover img,.wp-block-uagb-image--effect-slide .wp-block-uagb-image__figure:hover .wp-block-uagb-image--layout-overlay__color-wrapper{transform:translate3d(0, 0, 0)}.wp-block-uagb-image--effect-grayscale img{filter:grayscale(0%);transition:.35s ease-in-out}.wp-block-uagb-image--effect-grayscale:hover img{filter:grayscale(100%)}.wp-block-uagb-image--effect-blur img{filter:blur(0);transition:.35s ease-in-out}.wp-block-uagb-image--effect-blur:hover img{filter:blur(3px)}.uagb-block-e6f939b3.wp-block-uagb-image--layout-default figure img{box-shadow: 0px 0px 0 #00000070;}.uagb-block-e6f939b3.wp-block-uagb-image .wp-block-uagb-image__figure figcaption{font-style: normal;align-self: center;}.uagb-block-e6f939b3.wp-block-uagb-image--layout-overlay figure img{box-shadow: 0px 0px 0 #00000070;}.uagb-block-e6f939b3.wp-block-uagb-image--layout-overlay .wp-block-uagb-image--layout-overlay__color-wrapper{opacity: 0.2;}.uagb-block-e6f939b3.wp-block-uagb-image--layout-overlay .wp-block-uagb-image--layout-overlay__inner{left: 15px;right: 15px;top: 15px;bottom: 15px;}.uagb-block-e6f939b3.wp-block-uagb-image--layout-overlay .wp-block-uagb-image--layout-overlay__inner .uagb-image-heading{font-style: normal;color: #fff;opacity: 1;}.uagb-block-e6f939b3.wp-block-uagb-image--layout-overlay .wp-block-uagb-image--layout-overlay__inner .uagb-image-heading a{color: #fff;}.uagb-block-e6f939b3.wp-block-uagb-image--layout-overlay .wp-block-uagb-image--layout-overlay__inner .uagb-image-caption{opacity: 0;}.uagb-block-e6f939b3.wp-block-uagb-image--layout-overlay .wp-block-uagb-image__figure:hover .wp-block-uagb-image--layout-overlay__color-wrapper{opacity: 1;}.uagb-block-e6f939b3.wp-block-uagb-image .wp-block-uagb-image--layout-overlay__inner .uagb-image-separator{width: 30%;border-top-width: 2px;border-top-color: #fff;opacity: 0;}.uagb-block-e6f939b3.wp-block-uagb-image .wp-block-uagb-image__figure img{width: px;height: auto;}.uagb-block-e6f939b3.wp-block-uagb-image .wp-block-uagb-image__figure:hover .wp-block-uagb-image--layout-overlay__inner .uagb-image-caption{opacity: 1;}.uagb-block-e6f939b3.wp-block-uagb-image .wp-block-uagb-image__figure:hover .wp-block-uagb-image--layout-overlay__inner .uagb-image-separator{opacity: 1;}.uagb-block-e6f939b3.wp-block-uagb-image--layout-default figure:hover img{box-shadow: 0px 0px 0 #00000070;}.uagb-block-e6f939b3.wp-block-uagb-image--layout-overlay figure:hover img{box-shadow: 0px 0px 0 #00000070;}@media only screen and (max-width: 976px) {.uagb-block-e6f939b3.wp-block-uagb-image .wp-block-uagb-image__figure img{width: px;height: auto;}}@media only screen and (max-width: 767px) {.uagb-block-e6f939b3.wp-block-uagb-image .wp-block-uagb-image__figure img{width: px;height: auto;}}\";s:2:\"js\";s:0:\"\";s:18:\"current_block_list\";a:13:{i:0;s:11:\"core\/search\";i:1;s:10:\"core\/group\";i:2;s:12:\"core\/heading\";i:3;s:17:\"core\/latest-posts\";i:4;s:20:\"core\/latest-comments\";i:5;s:13:\"core\/archives\";i:6;s:15:\"core\/categories\";i:7;s:14:\"core\/paragraph\";i:8;s:10:\"uagb\/image\";i:9;s:11:\"core\/spacer\";i:10;s:30:\"woocommerce\/product-categories\";i:11;s:10:\"core\/image\";i:12;s:14:\"core\/shortcode\";}s:8:\"uag_flag\";b:1;s:11:\"uag_version\";s:10:\"1777098085\";s:6:\"gfonts\";a:0:{}s:10:\"gfonts_url\";s:0:\"\";s:12:\"gfonts_files\";a:0:{}s:14:\"uag_faq_layout\";b:0;}"]},"uagb_featured_image_src":{"full":["https:\/\/www.ferberpainting.com\/wp-content\/uploads\/2025\/05\/Asphalt-Cold-Patch-10-KG-Mockups.png",2560,2560,false],"thumbnail":["https:\/\/www.ferberpainting.com\/wp-content\/uploads\/2025\/05\/Asphalt-Cold-Patch-10-KG-Mockups-150x150.png",150,150,true],"medium":["https:\/\/www.ferberpainting.com\/wp-content\/uploads\/2025\/05\/Asphalt-Cold-Patch-10-KG-Mockups-300x300.png",300,300,true],"medium_large":["https:\/\/www.ferberpainting.com\/wp-content\/uploads\/2025\/05\/Asphalt-Cold-Patch-10-KG-Mockups-768x768.png",768,768,true],"large":["https:\/\/www.ferberpainting.com\/wp-content\/uploads\/2025\/05\/Asphalt-Cold-Patch-10-KG-Mockups-1024x1024.png",1024,1024,true],"1536x1536":["https:\/\/www.ferberpainting.com\/wp-content\/uploads\/2025\/05\/Asphalt-Cold-Patch-10-KG-Mockups-1536x1536.png",1536,1536,true],"2048x2048":["https:\/\/www.ferberpainting.com\/wp-content\/uploads\/2025\/05\/Asphalt-Cold-Patch-10-KG-Mockups-2048x2048.png",2048,2048,true],"trp-custom-language-flag":["https:\/\/www.ferberpainting.com\/wp-content\/uploads\/2025\/05\/Asphalt-Cold-Patch-10-KG-Mockups-12x12.png",12,12,true],"woocommerce_thumbnail":["https:\/\/www.ferberpainting.com\/wp-content\/uploads\/2025\/05\/Asphalt-Cold-Patch-10-KG-Mockups-300x300.png",300,300,true],"woocommerce_single":["https:\/\/www.ferberpainting.com\/wp-content\/uploads\/2025\/05\/Asphalt-Cold-Patch-10-KG-Mockups-600x600.png",600,600,true],"woocommerce_gallery_thumbnail":["https:\/\/www.ferberpainting.com\/wp-content\/uploads\/2025\/05\/Asphalt-Cold-Patch-10-KG-Mockups-100x100.png",100,100,true]},"uagb_author_info":{"display_name":"admin","author_link":"https:\/\/www.ferberpainting.com\/lt\/author\/"},"uagb_comment_info":7,"uagb_excerpt":"Fast and Efficient Repair of Paved Surfaces.\u00a0This cold-mix asphalt is specially designed to allow simple and durable repairs of roads, sidewalks, parking lots, and other surfaces made of asphalt or concrete. It provides an effective solution for filling potholes, cracks, deformations, and holes without requiring complex equipment or professional intervention, ensuring a quick and reliable&hellip;","_links":{"self":[{"href":"https:\/\/www.ferberpainting.com\/lt\/wp-json\/wp\/v2\/product\/23070","targetHints":{"allow":["GET"]}}],"collection":[{"href":"https:\/\/www.ferberpainting.com\/lt\/wp-json\/wp\/v2\/product"}],"about":[{"href":"https:\/\/www.ferberpainting.com\/lt\/wp-json\/wp\/v2\/types\/product"}],"replies":[{"embeddable":true,"href":"https:\/\/www.ferberpainting.com\/lt\/wp-json\/wp\/v2\/comments?post=23070"}],"version-history":[{"count":6,"href":"https:\/\/www.ferberpainting.com\/lt\/wp-json\/wp\/v2\/product\/23070\/revisions"}],"predecessor-version":[{"id":166027,"href":"https:\/\/www.ferberpainting.com\/lt\/wp-json\/wp\/v2\/product\/23070\/revisions\/166027"}],"wp:featuredmedia":[{"embeddable":true,"href":"https:\/\/www.ferberpainting.com\/lt\/wp-json\/wp\/v2\/media\/164716"}],"wp:attachment":[{"href":"https:\/\/www.ferberpainting.com\/lt\/wp-json\/wp\/v2\/media?parent=23070"}],"wp:term":[{"taxonomy":"product_brand","embeddable":true,"href":"https:\/\/www.ferberpainting.com\/lt\/wp-json\/wp\/v2\/product_brand?post=23070"},{"taxonomy":"product_cat","embeddable":true,"href":"https:\/\/www.ferberpainting.com\/lt\/wp-json\/wp\/v2\/product_cat?post=23070"},{"taxonomy":"product_tag","embeddable":true,"href":"https:\/\/www.ferberpainting.com\/lt\/wp-json\/wp\/v2\/product_tag?post=23070"}],"curies":[{"name":"wp","href":"https:\/\/api.w.org\/{rel}","templated":true}]}}