{"id":23069,"date":"2025-05-26T10:22:29","date_gmt":"2025-05-26T08:22:29","guid":{"rendered":"https:\/\/www.ferberpainting.com\/products\/apple-and-pear-tree-fertilizer\/"},"modified":"2026-02-15T13:01:27","modified_gmt":"2026-02-15T12:01:27","slug":"apple-and-pear-tree-fertilizer","status":"publish","type":"product","link":"https:\/\/www.ferberpainting.com\/lt\/products\/apple-and-pear-tree-fertilizer\/","title":{"rendered":"Obel\u0173 ir kriau\u0161i\u0173 tr\u0105\u0161os 25 kg"},"content":{"rendered":"<p><img decoding=\"async\" style=\"margin-right: 12px;\" src=\"https:\/\/www.ferberpainting.com\/wp-content\/uploads\/2026\/02\/Check.svg\" alt=\"\" width=\"18\" height=\"15\" \/><strong>Tr\u0105\u0161os, specialiai sukurtos obel\u0173 ir kriau\u0161i\u0173 augimui ir der\u0117jimui skatinti.<\/strong>\u00a0\u0160ios tr\u0105\u0161os, kuri\u0173 sud\u0117tyje yra subalansuotas azotas (N), fosforas (P) ir kalis (K) ir kuri\u0173 sud\u0117tis NPK 10-10-10, u\u017etikrina optimal\u0173 \u0161akn\u0173, lap\u0173 ir vaisi\u0173 vystym\u0105si. Ji skatina intensyv\u0173 augim\u0105, gaus\u0173 \u017eyd\u0117jim\u0105 ir gaus\u0173 vaisi\u0173 der\u0117jim\u0105, tod\u0117l obuoliai ir kriau\u0161\u0117s bus skan\u016bs ir gerai i\u0161sivyst\u0119.<\/p>\n<p><img decoding=\"async\" style=\"margin-right: 12px;\" src=\"https:\/\/www.ferberpainting.com\/wp-content\/uploads\/2026\/02\/Check.svg\" alt=\"\" width=\"18\" height=\"15\" \/><strong>Pinig\u0173 gr\u0105\u017einimo garantija.<\/strong>\u00a0Kadangi esame \u012fsitikin\u0119 savo tr\u0105\u0161\u0173 veiksmingumu, suteikiame pinig\u0173 gr\u0105\u017einimo garantij\u0105. Jei po suderinto naudojimo nepasteb\u0117site \u017eymaus vaismed\u017ei\u0173 b\u016bkl\u0117s pager\u0117jimo, mes \u012fsipareigojame gr\u0105\u017einti visus pinigus.<\/p>\n<p><img decoding=\"async\" style=\"margin-right: 12px;\" src=\"https:\/\/www.ferberpainting.com\/wp-content\/uploads\/2026\/02\/Check.svg\" alt=\"\" width=\"18\" height=\"15\" \/><strong>Tinka vis\u0173 tip\u0173 dirvo\u017eemiams ir vaismed\u017eiams.<\/strong>\u00a0\u0160ios tr\u0105\u0161os idealiai tinka vis\u0173 veisli\u0173 obelims ir kriau\u0161\u0117ms, nesvarbu, ar jos yra jaunos, ar suaugusios, ar auga \u017eem\u0117je, ar vazonuose. \u0160i tr\u0105\u0161a taip pat tinka ir kitiems vaismed\u017eiams, pavyzd\u017eiui, vy\u0161nioms, slyvoms ar svarainiams, apr\u016bpindama juos b\u016btinomis maistin\u0117mis med\u017eiagomis sveikam augimui.<\/p>\n<p><img decoding=\"async\" style=\"margin-right: 12px;\" src=\"https:\/\/www.ferberpainting.com\/wp-content\/uploads\/2026\/02\/Check.svg\" alt=\"\" width=\"18\" height=\"15\" \/><strong>Puikus ekonominis derlius.<\/strong>\u00a0Optimalus derlius - 200 gram\u0173 vienam med\u017eiui, tod\u0117l 25 kg mai\u0161as gali pamaitinti iki 125 medeli\u0173. Kietos konsistencijos mediena i\u0161vengiama atliek\u0173 ir u\u017etikrinamas laipsni\u0161kas ir ilgalaikis maisting\u0173j\u0173 med\u017eiag\u0173 i\u0161siskyrimas per vis\u0105 augimo cikl\u0105.<\/p>\n<p><img decoding=\"async\" style=\"margin-right: 12px;\" src=\"https:\/\/www.ferberpainting.com\/wp-content\/uploads\/2026\/02\/Check.svg\" alt=\"\" width=\"18\" height=\"15\" \/><strong>Saugus augalams ir aplinkai produktas.<\/strong>\u00a0Skirtingai nuo grie\u017et\u0173 chemini\u0173 tr\u0105\u0161\u0173, \u0161ios tr\u0105\u0161os sukurtos taip, kad tausot\u0173 dirvo\u017eem\u012f ir ekosistemas. L\u0117tas j\u0173 i\u0161siskyrimas padeda i\u0161vengti perdozavimo ir suma\u017eina po\u017eeminio vandens tar\u0161os rizik\u0105.<\/p>\n<p><img decoding=\"async\" style=\"margin-right: 12px;\" src=\"https:\/\/www.ferberpainting.com\/wp-content\/uploads\/2026\/02\/Check.svg\" alt=\"\" width=\"18\" height=\"15\" \/><strong>Lengva naudoti neskied\u017eiant.<\/strong>\u00a0\u0160ioms tr\u0105\u0161oms nereikia sud\u0117tingo paruo\u0161imo. Tiesiog paskleiskite jas aplink med\u017eio pagrind\u0105 ir lengvai \u012fterpkite \u012f dirv\u0105. Nereikia skiedimo ar mai\u0161ymo, tod\u0117l tr\u0105\u0161os naudojamos greitai ir efektyviai.<\/p>\n<p><img decoding=\"async\" style=\"margin-right: 12px;\" src=\"https:\/\/www.ferberpainting.com\/wp-content\/uploads\/2026\/02\/Check.svg\" alt=\"\" width=\"18\" height=\"15\" \/><strong>Ilgalaikis poveikis - kasmet gausus derlius.<\/strong>\u00a0\u0160ios tr\u0105\u0161os palaipsniui i\u0161siskiria, tod\u0117l nuolat maitina \u0161aknis, stiprina atsparum\u0105 ligoms ir klimato poveikiui. Reguliarus naudojimas pagerina vaisi\u0173 kokyb\u0119 ir optimizuoja derli\u0173 per kelis sezonus.<\/p>\n<p><img decoding=\"async\" style=\"margin-right: 12px;\" src=\"https:\/\/www.ferberpainting.com\/wp-content\/uploads\/2026\/02\/Check.svg\" alt=\"\" width=\"18\" height=\"15\" \/><strong>Pastebimi rezultatai jau po pirm\u0173j\u0173 aplikacij\u0173.<\/strong>\u00a0Nuo pat pirmojo naudojimo pasteb\u0117site, kad med\u017eiai tampa gyvybingesni, lapai \u017ealesni ir tankesni, intensyviau \u017eydi, o tai skatina geresn\u012f apdulkinim\u0105 ir vaisi\u0173 u\u017emezgim\u0105.<\/p>\n<h2><strong>Naudojimo protokolas<\/strong><\/h2>\n<p><strong>Rekomenduojama doz\u0117 <\/strong>:<\/p>\n<ul>\n<li><strong>Jauni medeliai (iki 3 met\u0173 am\u017eiaus) <\/strong>: Vienam med\u017eiui i\u0161berkite 100 g tr\u0105\u0161\u0173, paskleiskite aplink kamien\u0105.<\/li>\n<li><strong>Suaug\u0119 med\u017eiai <\/strong>: Optimaliam augimui ir gausiam vaisi\u0173 der\u0117jimui u\u017etikrinti naudokite 200 g vienam med\u017eiui.<\/li>\n<\/ul>\n<p><strong>Taikymo da\u017enumas <\/strong>:<\/p>\n<ul>\n<li><strong>Ankstyv\u0105 pavasar\u012f (kovo-baland\u017eio m\u0117n.) <\/strong>: Skatinti lap\u0173 ir \u017eied\u0173 augim\u0105.<\/li>\n<li><strong>Po \u017eyd\u0117jimo (gegu\u017e\u0117s-bir\u017eelio m\u0117n.) <\/strong>: Remti vaisi\u0173 vystym\u0105si.<\/li>\n<li><strong>Ankstyvas ruduo (rugs\u0117jo-spalio m\u0117n.) <\/strong>: Paruo\u0161ti med\u012f \u017eiemai ir padidinti jo maistini\u0173 med\u017eiag\u0173 atsargas.<\/li>\n<\/ul>\n<p><strong>Taikymo metodas <\/strong>:<\/p>\n<ul>\n<li>I\u0161barstykite tr\u0105\u0161as ratu aplink med\u017eio pagrind\u0105, ma\u017edaug 30-50 cm nuo kamieno, kur auga maitinamosios \u0161aknys.<\/li>\n<li>Lengvai \u012fterpkite gr\u0117bliu arba kauptuku, kad geriau \u012fsigert\u0173.<\/li>\n<li>Po pur\u0161kimo gausiai palaistykite, kad maistingosios med\u017eiagos palaipsniui i\u0161tirpt\u0173 dirvo\u017eemyje.<\/li>\n<\/ul>\n<p><strong>Naudojimo atsargumo priemon\u0117s <\/strong>:<\/p>\n<ul>\n<li>Neperdozuokite, kad i\u0161vengtum\u0117te azoto pertekliaus, kuris gali paskatinti lap\u0173 augim\u0105 vaisi\u0173 der\u0117jimo s\u0105skaita.<\/li>\n<li>Nepurk\u0161kite per arti kamieno, kad neapkrautum\u0117te pagrindini\u0173 \u0161akn\u0173.<\/li>\n<li>Venkite purk\u0161ti per kar\u0161\u010dius, kad med\u017eiai nepatirt\u0173 streso.<\/li>\n<\/ul>\n<p><strong>Saugojimas ir konservavimas <\/strong>:<\/p>\n<ul>\n<li>Tr\u0105\u0161as laikykite sausoje, nuo dr\u0117gm\u0117s apsaugotoje vietoje.<\/li>\n<li>Kiekvien\u0105 kart\u0105 panaudoj\u0119 mai\u0161el\u012f sandariai u\u017edarykite, kad i\u0161likt\u0173 tr\u0119\u0161iamosios savyb\u0117s.<\/li>\n<\/ul>\n<p>Naudodami \u0161ias obelims ir kriau\u0161\u0117ms skirtas tr\u0105\u0161as u\u017etikrinkite optimal\u0173 med\u017ei\u0173 augim\u0105, gaus\u0173 \u017eyd\u0117jim\u0105 ir gaus\u0173 derli\u0173. Idealiai tinka sodams ir nam\u0173 sodams, nes kasmet u\u017etikrina auk\u0161tos kokyb\u0117s sald\u017eius ir sultingus vaisius.<\/p>","protected":false},"excerpt":{"rendered":"<p>A fertilizer specially designed to promote the growth and fruiting of apple and pear trees.\u00a0This fertilizer, balanced in nitrogen (N), phosphorus (P), and potassium (K), with an NPK 10-10-10 formulation, ensures the optimal development of roots, leaves, and fruits. It promotes vigorous growth, abundant flowering, and generous fruiting, guaranteeing tasty and well-formed apples and pears. [&hellip;]<\/p>\n","protected":false},"featured_media":24947,"comment_status":"open","ping_status":"closed","template":"","meta":{"_uag_custom_page_level_css":"","site-sidebar-layout":"default","site-content-layout":"","ast-site-content-layout":"default","site-content-style":"default","site-sidebar-style":"default","ast-global-header-display":"","ast-banner-title-visibility":"","ast-main-header-display":"","ast-hfb-above-header-display":"","ast-hfb-below-header-display":"","ast-hfb-mobile-header-display":"","site-post-title":"","ast-breadcrumbs-content":"","ast-featured-img":"","footer-sml-layout":"","ast-disable-related-posts":"","theme-transparent-header-meta":"default","adv-header-id-meta":"","stick-header-meta":"","header-above-stick-meta":"","header-main-stick-meta":"","header-below-stick-meta":"","astra-migrate-meta-layouts":"set","ast-page-background-enabled":"default","ast-page-background-meta":{"desktop":{"background-color":"var(--ast-global-color-4)","background-image":"","background-repeat":"repeat","background-position":"center center","background-size":"auto","background-attachment":"scroll","background-type":"","background-media":"","overlay-type":"","overlay-color":"","overlay-opacity":"","overlay-gradient":""},"tablet":{"background-color":"","background-image":"","background-repeat":"repeat","background-position":"center center","background-size":"auto","background-attachment":"scroll","background-type":"","background-media":"","overlay-type":"","overlay-color":"","overlay-opacity":"","overlay-gradient":""},"mobile":{"background-color":"","background-image":"","background-repeat":"repeat","background-position":"center center","background-size":"auto","background-attachment":"scroll","background-type":"","background-media":"","overlay-type":"","overlay-color":"","overlay-opacity":"","overlay-gradient":""}},"ast-content-background-meta":{"desktop":{"background-color":"var(--ast-global-color-5)","background-image":"","background-repeat":"repeat","background-position":"center center","background-size":"auto","background-attachment":"scroll","background-type":"","background-media":"","overlay-type":"","overlay-color":"","overlay-opacity":"","overlay-gradient":""},"tablet":{"background-color":"var(--ast-global-color-5)","background-image":"","background-repeat":"repeat","background-position":"center center","background-size":"auto","background-attachment":"scroll","background-type":"","background-media":"","overlay-type":"","overlay-color":"","overlay-opacity":"","overlay-gradient":""},"mobile":{"background-color":"var(--ast-global-color-5)","background-image":"","background-repeat":"repeat","background-position":"center center","background-size":"auto","background-attachment":"scroll","background-type":"","background-media":"","overlay-type":"","overlay-color":"","overlay-opacity":"","overlay-gradient":""}}},"product_brand":[],"product_cat":[178],"product_tag":[],"class_list":{"0":"post-23069","1":"product","2":"type-product","3":"status-publish","4":"has-post-thumbnail","6":"product_cat-fertilizers","7":"desktop-align-left","8":"tablet-align-left","9":"mobile-align-left","11":"first","12":"instock","13":"taxable","14":"shipping-taxable","15":"purchasable","16":"product-type-simple"},"spectra_custom_meta":{"_visibility":["visible"],"_shopify_product_id":["9071371780341"],"_s2w_shopify_domain":["ferberpainting.myshopify.com"],"_shopify_variant_id":["46516174651637"],"_sku":["FPAPPLEANDPEARTREEFERTILIZER25KG"],"_regular_price":["39.90"],"_price":["39.90"],"_sale_price":[""],"_weight":["18.7"],"_thumbnail_id":["24947"],"_global_unique_id":["5056773817715"],"total_sales":["16"],"_tax_status":["taxable"],"_tax_class":[""],"_manage_stock":["no"],"_backorders":["no"],"_sold_individually":["no"],"_virtual":["no"],"_downloadable":["no"],"_download_limit":["-1"],"_download_expiry":["-1"],"_stock":[null],"_stock_status":["instock"],"_wc_average_rating":["5.00"],"_wc_review_count":["14"],"_product_version":["10.5.1"],"_wc_rating_count":["a:1:{i:5;i:14;}"],"_edit_lock":["1771156822:1"],"merchant-center-availability":["yes"],"merchant-center-category":["113"],"_edit_last":["1"],"_wp_page_template":["default"],"site-sidebar-layout":["default"],"ast-site-content-layout":["default"],"site-content-style":["default"],"site-sidebar-style":["default"],"theme-transparent-header-meta":["default"],"astra-migrate-meta-layouts":["set"],"_uag_css_file_name":["uag-css-23069.css"],"_elementor_page_assets":["a:0:{}"],"_uag_page_assets":["a:9:{s:3:\"css\";s:7133:\".uag-blocks-common-selector{z-index:var(--z-index-desktop) !important}@media(max-width: 976px){.uag-blocks-common-selector{z-index:var(--z-index-tablet) !important}}@media(max-width: 767px){.uag-blocks-common-selector{z-index:var(--z-index-mobile) !important}}.wp-block-uagb-image{display:flex}.wp-block-uagb-image__figure{position:relative;display:flex;flex-direction:column;max-width:100%;height:auto;margin:0}.wp-block-uagb-image__figure img{height:auto;display:flex;max-width:100%;transition:box-shadow .2s ease}.wp-block-uagb-image__figure>a{display:inline-block}.wp-block-uagb-image__figure figcaption{text-align:center;margin-top:.5em;margin-bottom:1em}.wp-block-uagb-image .components-placeholder.block-editor-media-placeholder .components-placeholder__instructions{align-self:center}.wp-block-uagb-image--align-left{text-align:left}.wp-block-uagb-image--align-right{text-align:right}.wp-block-uagb-image--align-center{text-align:center}.wp-block-uagb-image--align-full .wp-block-uagb-image__figure{margin-left:calc(50% - 50vw);margin-right:calc(50% - 50vw);max-width:100vw;width:100vw;height:auto}.wp-block-uagb-image--align-full .wp-block-uagb-image__figure img{height:auto;width:100% !important}.wp-block-uagb-image--align-wide .wp-block-uagb-image__figure img{height:auto;width:100%}.wp-block-uagb-image--layout-overlay__color-wrapper{position:absolute;left:0;top:0;right:0;bottom:0;opacity:.2;background:rgba(0,0,0,.5);transition:opacity .35s ease-in-out}.wp-block-uagb-image--layout-overlay-link{position:absolute;left:0;right:0;bottom:0;top:0}.wp-block-uagb-image--layout-overlay .wp-block-uagb-image__figure:hover .wp-block-uagb-image--layout-overlay__color-wrapper{opacity:1}.wp-block-uagb-image--layout-overlay__inner{position:absolute;left:15px;right:15px;bottom:15px;top:15px;display:flex;align-items:center;justify-content:center;flex-direction:column;border-color:#fff;transition:.35s ease-in-out}.wp-block-uagb-image--layout-overlay__inner.top-left,.wp-block-uagb-image--layout-overlay__inner.top-center,.wp-block-uagb-image--layout-overlay__inner.top-right{justify-content:flex-start}.wp-block-uagb-image--layout-overlay__inner.bottom-left,.wp-block-uagb-image--layout-overlay__inner.bottom-center,.wp-block-uagb-image--layout-overlay__inner.bottom-right{justify-content:flex-end}.wp-block-uagb-image--layout-overlay__inner.top-left,.wp-block-uagb-image--layout-overlay__inner.center-left,.wp-block-uagb-image--layout-overlay__inner.bottom-left{align-items:flex-start}.wp-block-uagb-image--layout-overlay__inner.top-right,.wp-block-uagb-image--layout-overlay__inner.center-right,.wp-block-uagb-image--layout-overlay__inner.bottom-right{align-items:flex-end}.wp-block-uagb-image--layout-overlay__inner .uagb-image-heading{color:#fff;transition:transform .35s,opacity .35s ease-in-out;transform:translate3d(0, 24px, 0);margin:0;line-height:1em}.wp-block-uagb-image--layout-overlay__inner .uagb-image-separator{width:30%;border-top-width:2px;border-top-color:#fff;border-top-style:solid;margin-bottom:10px;opacity:0;transition:transform .4s,opacity .4s ease-in-out;transform:translate3d(0, 30px, 0)}.wp-block-uagb-image--layout-overlay__inner .uagb-image-caption{opacity:0;overflow:visible;color:#fff;transition:transform .45s,opacity .45s ease-in-out;transform:translate3d(0, 35px, 0)}.wp-block-uagb-image--layout-overlay__inner:hover .uagb-image-heading,.wp-block-uagb-image--layout-overlay__inner:hover .uagb-image-separator,.wp-block-uagb-image--layout-overlay__inner:hover .uagb-image-caption{opacity:1;transform:translate3d(0, 0, 0)}.wp-block-uagb-image--effect-zoomin .wp-block-uagb-image__figure img,.wp-block-uagb-image--effect-zoomin .wp-block-uagb-image__figure .wp-block-uagb-image--layout-overlay__color-wrapper{transform:scale(1);transition:transform .35s ease-in-out}.wp-block-uagb-image--effect-zoomin .wp-block-uagb-image__figure:hover img,.wp-block-uagb-image--effect-zoomin .wp-block-uagb-image__figure:hover .wp-block-uagb-image--layout-overlay__color-wrapper{transform:scale(1.05)}.wp-block-uagb-image--effect-slide .wp-block-uagb-image__figure img,.wp-block-uagb-image--effect-slide .wp-block-uagb-image__figure .wp-block-uagb-image--layout-overlay__color-wrapper{width:calc(100% + 40px) !important;max-width:none !important;transform:translate3d(-40px, 0, 0);transition:transform .35s ease-in-out}.wp-block-uagb-image--effect-slide .wp-block-uagb-image__figure:hover img,.wp-block-uagb-image--effect-slide .wp-block-uagb-image__figure:hover .wp-block-uagb-image--layout-overlay__color-wrapper{transform:translate3d(0, 0, 0)}.wp-block-uagb-image--effect-grayscale img{filter:grayscale(0%);transition:.35s ease-in-out}.wp-block-uagb-image--effect-grayscale:hover img{filter:grayscale(100%)}.wp-block-uagb-image--effect-blur img{filter:blur(0);transition:.35s ease-in-out}.wp-block-uagb-image--effect-blur:hover img{filter:blur(3px)}.uagb-block-e6f939b3.wp-block-uagb-image--layout-default figure img{box-shadow: 0px 0px 0 #00000070;}.uagb-block-e6f939b3.wp-block-uagb-image .wp-block-uagb-image__figure figcaption{font-style: normal;align-self: center;}.uagb-block-e6f939b3.wp-block-uagb-image--layout-overlay figure img{box-shadow: 0px 0px 0 #00000070;}.uagb-block-e6f939b3.wp-block-uagb-image--layout-overlay .wp-block-uagb-image--layout-overlay__color-wrapper{opacity: 0.2;}.uagb-block-e6f939b3.wp-block-uagb-image--layout-overlay .wp-block-uagb-image--layout-overlay__inner{left: 15px;right: 15px;top: 15px;bottom: 15px;}.uagb-block-e6f939b3.wp-block-uagb-image--layout-overlay .wp-block-uagb-image--layout-overlay__inner .uagb-image-heading{font-style: normal;color: #fff;opacity: 1;}.uagb-block-e6f939b3.wp-block-uagb-image--layout-overlay .wp-block-uagb-image--layout-overlay__inner .uagb-image-heading a{color: #fff;}.uagb-block-e6f939b3.wp-block-uagb-image--layout-overlay .wp-block-uagb-image--layout-overlay__inner .uagb-image-caption{opacity: 0;}.uagb-block-e6f939b3.wp-block-uagb-image--layout-overlay .wp-block-uagb-image__figure:hover .wp-block-uagb-image--layout-overlay__color-wrapper{opacity: 1;}.uagb-block-e6f939b3.wp-block-uagb-image .wp-block-uagb-image--layout-overlay__inner .uagb-image-separator{width: 30%;border-top-width: 2px;border-top-color: #fff;opacity: 0;}.uagb-block-e6f939b3.wp-block-uagb-image .wp-block-uagb-image__figure img{width: px;height: auto;}.uagb-block-e6f939b3.wp-block-uagb-image .wp-block-uagb-image__figure:hover .wp-block-uagb-image--layout-overlay__inner .uagb-image-caption{opacity: 1;}.uagb-block-e6f939b3.wp-block-uagb-image .wp-block-uagb-image__figure:hover .wp-block-uagb-image--layout-overlay__inner .uagb-image-separator{opacity: 1;}.uagb-block-e6f939b3.wp-block-uagb-image--layout-default figure:hover img{box-shadow: 0px 0px 0 #00000070;}.uagb-block-e6f939b3.wp-block-uagb-image--layout-overlay figure:hover img{box-shadow: 0px 0px 0 #00000070;}@media only screen and (max-width: 976px) {.uagb-block-e6f939b3.wp-block-uagb-image .wp-block-uagb-image__figure img{width: px;height: auto;}}@media only screen and (max-width: 767px) {.uagb-block-e6f939b3.wp-block-uagb-image .wp-block-uagb-image__figure img{width: px;height: auto;}}\";s:2:\"js\";s:0:\"\";s:18:\"current_block_list\";a:13:{i:0;s:11:\"core\/search\";i:1;s:10:\"core\/group\";i:2;s:12:\"core\/heading\";i:3;s:17:\"core\/latest-posts\";i:4;s:20:\"core\/latest-comments\";i:5;s:13:\"core\/archives\";i:6;s:15:\"core\/categories\";i:7;s:14:\"core\/paragraph\";i:8;s:10:\"uagb\/image\";i:9;s:11:\"core\/spacer\";i:10;s:30:\"woocommerce\/product-categories\";i:11;s:10:\"core\/image\";i:12;s:14:\"core\/shortcode\";}s:8:\"uag_flag\";b:1;s:11:\"uag_version\";s:10:\"1777198168\";s:6:\"gfonts\";a:0:{}s:10:\"gfonts_url\";s:0:\"\";s:12:\"gfonts_files\";a:0:{}s:14:\"uag_faq_layout\";b:0;}"]},"uagb_featured_image_src":{"full":["https:\/\/www.ferberpainting.com\/wp-content\/uploads\/2025\/05\/AppleandPearTreeFertilizer.png",2560,2560,false],"thumbnail":["https:\/\/www.ferberpainting.com\/wp-content\/uploads\/2025\/05\/AppleandPearTreeFertilizer-150x150.png",150,150,true],"medium":["https:\/\/www.ferberpainting.com\/wp-content\/uploads\/2025\/05\/AppleandPearTreeFertilizer-300x300.png",300,300,true],"medium_large":["https:\/\/www.ferberpainting.com\/wp-content\/uploads\/2025\/05\/AppleandPearTreeFertilizer-768x768.png",768,768,true],"large":["https:\/\/www.ferberpainting.com\/wp-content\/uploads\/2025\/05\/AppleandPearTreeFertilizer-1024x1024.png",1024,1024,true],"1536x1536":["https:\/\/www.ferberpainting.com\/wp-content\/uploads\/2025\/05\/AppleandPearTreeFertilizer-1536x1536.png",1536,1536,true],"2048x2048":["https:\/\/www.ferberpainting.com\/wp-content\/uploads\/2025\/05\/AppleandPearTreeFertilizer-2048x2048.png",2048,2048,true],"trp-custom-language-flag":["https:\/\/www.ferberpainting.com\/wp-content\/uploads\/2025\/05\/AppleandPearTreeFertilizer-12x12.png",12,12,true],"woocommerce_thumbnail":["https:\/\/www.ferberpainting.com\/wp-content\/uploads\/2025\/05\/AppleandPearTreeFertilizer-300x300.png",300,300,true],"woocommerce_single":["https:\/\/www.ferberpainting.com\/wp-content\/uploads\/2025\/05\/AppleandPearTreeFertilizer-600x600.png",600,600,true],"woocommerce_gallery_thumbnail":["https:\/\/www.ferberpainting.com\/wp-content\/uploads\/2025\/05\/AppleandPearTreeFertilizer-100x100.png",100,100,true]},"uagb_author_info":{"display_name":"admin","author_link":"https:\/\/www.ferberpainting.com\/lt\/author\/"},"uagb_comment_info":14,"uagb_excerpt":"A fertilizer specially designed to promote the growth and fruiting of apple and pear trees.\u00a0This fertilizer, balanced in nitrogen (N), phosphorus (P), and potassium (K), with an NPK 10-10-10 formulation, ensures the optimal development of roots, leaves, and fruits. It promotes vigorous growth, abundant flowering, and generous fruiting, guaranteeing tasty and well-formed apples and pears.&hellip;","_links":{"self":[{"href":"https:\/\/www.ferberpainting.com\/lt\/wp-json\/wp\/v2\/product\/23069","targetHints":{"allow":["GET"]}}],"collection":[{"href":"https:\/\/www.ferberpainting.com\/lt\/wp-json\/wp\/v2\/product"}],"about":[{"href":"https:\/\/www.ferberpainting.com\/lt\/wp-json\/wp\/v2\/types\/product"}],"replies":[{"embeddable":true,"href":"https:\/\/www.ferberpainting.com\/lt\/wp-json\/wp\/v2\/comments?post=23069"}],"version-history":[{"count":7,"href":"https:\/\/www.ferberpainting.com\/lt\/wp-json\/wp\/v2\/product\/23069\/revisions"}],"predecessor-version":[{"id":166025,"href":"https:\/\/www.ferberpainting.com\/lt\/wp-json\/wp\/v2\/product\/23069\/revisions\/166025"}],"wp:featuredmedia":[{"embeddable":true,"href":"https:\/\/www.ferberpainting.com\/lt\/wp-json\/wp\/v2\/media\/24947"}],"wp:attachment":[{"href":"https:\/\/www.ferberpainting.com\/lt\/wp-json\/wp\/v2\/media?parent=23069"}],"wp:term":[{"taxonomy":"product_brand","embeddable":true,"href":"https:\/\/www.ferberpainting.com\/lt\/wp-json\/wp\/v2\/product_brand?post=23069"},{"taxonomy":"product_cat","embeddable":true,"href":"https:\/\/www.ferberpainting.com\/lt\/wp-json\/wp\/v2\/product_cat?post=23069"},{"taxonomy":"product_tag","embeddable":true,"href":"https:\/\/www.ferberpainting.com\/lt\/wp-json\/wp\/v2\/product_tag?post=23069"}],"curies":[{"name":"wp","href":"https:\/\/api.w.org\/{rel}","templated":true}]}}