{"id":23056,"date":"2025-05-26T10:22:24","date_gmt":"2025-05-26T08:22:24","guid":{"rendered":"https:\/\/www.ferberpainting.com\/products\/anthurium-fertilizer\/"},"modified":"2026-02-24T18:46:25","modified_gmt":"2026-02-24T17:46:25","slug":"anthurium-fertilizer","status":"publish","type":"product","link":"https:\/\/www.ferberpainting.com\/lt\/products\/anthurium-fertilizer\/","title":{"rendered":"Ant\u016brio tr\u0105\u0161os"},"content":{"rendered":"<p><img decoding=\"async\" style=\"margin-right: 12px;\" src=\"https:\/\/www.ferberpainting.com\/wp-content\/uploads\/2026\/02\/Check.svg\" alt=\"\" width=\"18\" height=\"15\" \/><strong>Subalansuotos tr\u0105\u0161os sveikiems anturiumams.<\/strong>\u00a0\u0160ios tr\u0105\u0161os anturiumams yra specialiai sukurtos \u0161io tropinio augalo, gars\u0117jan\u010dio ry\u0161kiais \u017eiedais ir ve\u0161lia lapija, augimui, \u017eyd\u0117jimui ir atsparumui skatinti. D\u0117l NPK 15-15-15 sud\u0117ties \u0161i tr\u0105\u0161a puikiai subalansuoja azoto (N), kuris skatina lapijos vystym\u0105si, fosforo (P), kuris padeda formuotis stiprioms \u0161aknims, ir kalio (K), kuris didina atsparum\u0105 ligoms ir skatina \u017eyd\u0117jim\u0105. Tai u\u017etikrina gyvybingesn\u012f augal\u0105 su \u017ealiais lapais ir intensyviais, blizgan\u010diais \u017eiedais.<\/p>\n<p><img decoding=\"async\" style=\"margin-right: 12px;\" src=\"https:\/\/www.ferberpainting.com\/wp-content\/uploads\/2026\/02\/Check.svg\" alt=\"\" width=\"18\" height=\"15\" \/><strong>Pinig\u0173 gr\u0105\u017einimo garantija.<\/strong>\u00a0Mes visi\u0161kai pasitikime savo tr\u0105\u0161\u0173 anturiumams veiksmingumu, tod\u0117l suteikiame pinig\u0173 gr\u0105\u017einimo garantij\u0105. Jei, nepaisant to, kad tr\u0105\u0161os naudojamos pagal rekomendacijas, j\u016bs\u0173 anturiumo augimas, gyvybingumas ar \u017eyd\u0117jimas akivaizd\u017eiai nepager\u0117s, pa\u017eadame bes\u0105lygi\u0161kai gr\u0105\u017einti pinigus ir u\u017etikrinti, kad pirkinys bus \u012fsigytas be rizikos.<\/p>\n<p><img decoding=\"async\" style=\"margin-right: 12px;\" src=\"https:\/\/www.ferberpainting.com\/wp-content\/uploads\/2026\/02\/Check.svg\" alt=\"\" width=\"18\" height=\"15\" \/><strong>Tinka vis\u0173 r\u016b\u0161i\u0173 anturiumams ir \u012fvairi\u0173 tip\u0173 substratams.<\/strong>\u00a0\u0160ios tr\u0105\u0161os pritaikytos raudoniems, rausviems, violetiniams, m\u0117lyniems anturiumams ir kitoms hibridin\u0117ms veisl\u0117ms, auginamoms vazonuose, \u0161iltnamiuose ar atvirame dirvo\u017eemyje tropinio klimato \u0161alyse. Ji naudojama vis\u0173 tip\u0173 substratuose, ypa\u010d \u017eiev\u0117s pagrindo mi\u0161iniuose, durp\u0117se, kokoso pluo\u0161te ar perlite, u\u017etikrinant optimal\u0173 maistini\u0173 med\u017eiag\u0173 \u012fsisavinim\u0105, nei\u0161balansuojant dirvo\u017eemio.<\/p>\n<p><img decoding=\"async\" style=\"margin-right: 12px;\" src=\"https:\/\/www.ferberpainting.com\/wp-content\/uploads\/2026\/02\/Check.svg\" alt=\"\" width=\"18\" height=\"15\" \/><strong>Ekonomi\u0161kas derlius ir ilgalaikis tr\u0119\u0161imas.<\/strong>\u00a0D\u0117l skystos koncentruotos formul\u0117s 5 litr\u0173 talpos skardin\u0117je paruo\u0161iama iki 1000 litr\u0173 tr\u0119\u0161iamojo tirpalo, o tai u\u017etikrina ilgalaik\u012f ir ekonomi\u0161k\u0105 naudojim\u0105. Dozavimas 5 ml litrui vandens u\u017etikrina reguliar\u0173 tr\u0119\u0161im\u0105 ir suma\u017eina perdozavimo ir atliek\u0173 rizik\u0105.<\/p>\n<p><img decoding=\"async\" style=\"margin-right: 12px;\" src=\"https:\/\/www.ferberpainting.com\/wp-content\/uploads\/2026\/02\/Check.svg\" alt=\"\" width=\"18\" height=\"15\" \/><strong>Saugi tr\u0105\u0161a, kuri nekelia pavojaus, skirta naudoti patalpose ir lauke.<\/strong>\u00a0\u0160ios tr\u0105\u0161os, kuri\u0173 sud\u0117tyje n\u0117ra kenksming\u0173 chemini\u0173 produkt\u0173, tausoja \u0161velnias anturi\u0173 \u0161aknis ir sud\u0117tyje n\u0117ra aplinkai toksi\u0161k\u0173 pried\u0173. J\u0105 saugu naudoti naminiams gyv\u016bnams ir vaikams, jei naudojama laikantis rekomendacij\u0173. Ji skatina laipsni\u0161k\u0105 ir \u0161veln\u0173 tr\u0119\u0161im\u0105, i\u0161vengiant bet kokio augalui kenksmingo streso.<\/p>\n<p><img decoding=\"async\" style=\"margin-right: 12px;\" src=\"https:\/\/www.ferberpainting.com\/wp-content\/uploads\/2026\/02\/Check.svg\" alt=\"\" width=\"18\" height=\"15\" \/><strong>Lengva naudoti ir nesud\u0117tinga pri\u017ei\u016br\u0117ti.<\/strong>\u00a0\u0160ios skystos tr\u0105\u0161os skied\u017eiamos tiesiai laistymo vandenyje, tod\u0117l tr\u0119\u0161iama tolygiai ir veiksmingai. Galima tr\u0119\u0161ti klasikiniu b\u016bdu laistant prie augalo pagrindo arba pur\u0161kiant ant lap\u0173, tod\u0117l maistin\u0117s med\u017eiagos greitai pasisavinamos per lapus ir \u0161aknis, taip optimizuojant anturi\u0173 gyvybingum\u0105.<\/p>\n<p><img decoding=\"async\" style=\"margin-right: 12px;\" src=\"https:\/\/www.ferberpainting.com\/wp-content\/uploads\/2026\/02\/Check.svg\" alt=\"\" width=\"18\" height=\"15\" \/><strong>Ilgalaik\u0117 priemon\u0117, u\u017etikrinanti nuolatin\u012f ir gyvybing\u0105 \u017eyd\u0117jim\u0105.<\/strong>\u00a0D\u0117l laipsni\u0161ko maisting\u0173j\u0173 med\u017eiag\u0173 i\u0161siskyrimo \u0161ios tr\u0105\u0161os skatina gaus\u0173 ir ilgalaik\u012f \u017eyd\u0117jim\u0105, i\u0161laikydamos ve\u0161li\u0105 lapij\u0105 ir ry\u0161kias spalvas. Be to, jos skatina nauding\u0105 mikrob\u0173 veikl\u0105 substrate, gerina mineralini\u0173 med\u017eiag\u0173 \u012fsisavinim\u0105 ir prisideda prie bendros augal\u0173 sveikatos.<\/p>\n<p><img decoding=\"async\" style=\"margin-right: 12px;\" src=\"https:\/\/www.ferberpainting.com\/wp-content\/uploads\/2026\/02\/Check.svg\" alt=\"\" width=\"18\" height=\"15\" \/><strong>Matomi rezultatai jau po keli\u0173 savai\u010di\u0173.<\/strong>\u00a0Nuo pirm\u0173j\u0173 tr\u0119\u0161imo savai\u010di\u0173 \u0161ios tr\u0105\u0161os skatina nauj\u0173 \u016bgli\u0173 augim\u0105, stiprina lap\u0173 blizges\u012f ir ry\u0161kina \u017eied\u0173 spalv\u0105. Jos taip pat apsaugo lapus nuo pageltimo ir stiprina atsparum\u0105 ligoms, u\u017etikrindamos subalansuot\u0105 puikiai sveik\u0173 anturium\u0173 augim\u0105.<\/p>\n<h2><strong>Naudojimo protokolas<\/strong><\/h2>\n<ul>\n<li><strong>Tr\u0105\u0161\u0173 skiedimas <\/strong>: 1 litrui vandens sumai\u0161ykite 5 ml tr\u0105\u0161\u0173. Prie\u0161 kiekvien\u0105 tr\u0119\u0161im\u0105 tirpal\u0105 kruop\u0161\u010diai homogenizuokite, kad u\u017etikrintum\u0117te optimal\u0173 maistini\u0173 med\u017eiag\u0173 pasiskirstym\u0105.<\/li>\n<li><strong>Taikymo b\u016bdas <\/strong>:\n<ul>\n<li><strong>Laistant <\/strong>: Praskiest\u0105 tirpal\u0105 pilkite tiesiai ant augalo pagrindo, vengdami pernelyg sudr\u0117kinti substrat\u0105, kad neu\u017edusint\u0173 \u0161akn\u0173.<\/li>\n<li><strong>Pur\u0161kiant ant lap\u0173<\/strong>\u00a0: Tirpal\u0105 lengvai u\u017epurk\u0161kite ant lap\u0173, geriausia anksti ryte arba v\u0117lai vakare, kad jis greitai nei\u0161garuot\u0173 ir geriau \u012fsigert\u0173.<\/li>\n<\/ul>\n<\/li>\n<li><strong>Naudojimo da\u017enumas <\/strong>: Tr\u0105\u0161as tr\u0119\u0161kite kas 15 dien\u0173 augimo ir \u017eyd\u0117jimo laikotarpiu (pavasar\u012f-vasar\u0105) ir kart\u0105 per m\u0117nes\u012f ramyb\u0117s laikotarpiu (ruden\u012f-\u017eiem\u0105), kad i\u0161laikytum\u0117te ger\u0105 mitybos balans\u0105.<\/li>\n<li><strong>Papildomas laistymas <\/strong>: Po tr\u0119\u0161imo palaukite 48 valandas, kol v\u0117l palaistysite, kad augalas optimaliai \u012fsisavint\u0173 maisting\u0105sias med\u017eiagas ir i\u0161vengtum\u0117te per didelio i\u0161plovimo.<\/li>\n<li><strong>Naudojimo atsargumo priemon\u0117s <\/strong>: Nevir\u0161ykite rekomenduojam\u0173 dozi\u0173, kad i\u0161vengtum\u0117te per didelio mineralini\u0173 med\u017eiag\u0173 kaupimosi substrate, kuris gali trukdyti \u0161akn\u0173 vystymuisi ir paveikti \u017eyd\u0117jim\u0105. Kad tr\u0105\u0161os b\u016bt\u0173 optimaliai \u012fsisavinamos, visada tr\u0119\u0161kite \u0161iek tiek dr\u0117gn\u0105 dirv\u0105.<\/li>\n<li><strong>Saugojimas ir konservavimas <\/strong>: Laikykite tr\u0105\u0161as sausoje ir \u0161iltoje vietoje, apsaugotoje nuo \u0161viesos ir dr\u0117gm\u0117s. Po kiekvieno naudojimo visada sandariai u\u017edarykite talpykl\u0105, kad i\u0161saugotum\u0117te produkto veiksmingum\u0105 ir i\u0161vengtum\u0117te garavimo.<\/li>\n<\/ul>\n<p>\u0160iomis tr\u0105\u0161omis, skirtomis anturiumams, suteikite augalui visapusi\u0161k\u0105 ir idealiai pritaikyt\u0105 mityb\u0105, atitinkan\u010di\u0105 konkre\u010dius jo poreikius, skatinan\u010di\u0105 ve\u0161li\u0105 lapij\u0105, ilgesn\u012f \u017eyd\u0117jim\u0105 ir geresn\u012f atsparum\u0105 temperat\u016br\u0173 svyravimams bei ligoms. Tai idealus sprendimas sveikiems anturiumams, kurie i\u0161tisus metus puo\u0161 j\u016bs\u0173 interjer\u0105 ry\u0161kiais, gyvybingais \u017eiedais.<\/p>\n<p>&nbsp;<\/p>\n<p>&nbsp;<\/p>","protected":false},"excerpt":{"rendered":"<p>A balanced fertilizer for healthy anthuriums.\u00a0This fertilizer for anthuriums is specially designed to stimulate the growth, flowering, and resistance of this tropical plant known for its bright flowers and lush foliage. Thanks to its NPK 15-15-15 composition, it offers a perfect balance between nitrogen (N), which promotes foliage development, phosphorus (P), which supports the formation [&hellip;]<\/p>\n","protected":false},"featured_media":24406,"comment_status":"open","ping_status":"closed","template":"","meta":{"_uag_custom_page_level_css":"","site-sidebar-layout":"default","site-content-layout":"","ast-site-content-layout":"default","site-content-style":"default","site-sidebar-style":"default","ast-global-header-display":"","ast-banner-title-visibility":"","ast-main-header-display":"","ast-hfb-above-header-display":"","ast-hfb-below-header-display":"","ast-hfb-mobile-header-display":"","site-post-title":"","ast-breadcrumbs-content":"","ast-featured-img":"","footer-sml-layout":"","ast-disable-related-posts":"","theme-transparent-header-meta":"default","adv-header-id-meta":"","stick-header-meta":"","header-above-stick-meta":"","header-main-stick-meta":"","header-below-stick-meta":"","astra-migrate-meta-layouts":"set","ast-page-background-enabled":"default","ast-page-background-meta":{"desktop":{"background-color":"var(--ast-global-color-4)","background-image":"","background-repeat":"repeat","background-position":"center center","background-size":"auto","background-attachment":"scroll","background-type":"","background-media":"","overlay-type":"","overlay-color":"","overlay-opacity":"","overlay-gradient":""},"tablet":{"background-color":"","background-image":"","background-repeat":"repeat","background-position":"center center","background-size":"auto","background-attachment":"scroll","background-type":"","background-media":"","overlay-type":"","overlay-color":"","overlay-opacity":"","overlay-gradient":""},"mobile":{"background-color":"","background-image":"","background-repeat":"repeat","background-position":"center center","background-size":"auto","background-attachment":"scroll","background-type":"","background-media":"","overlay-type":"","overlay-color":"","overlay-opacity":"","overlay-gradient":""}},"ast-content-background-meta":{"desktop":{"background-color":"var(--ast-global-color-5)","background-image":"","background-repeat":"repeat","background-position":"center center","background-size":"auto","background-attachment":"scroll","background-type":"","background-media":"","overlay-type":"","overlay-color":"","overlay-opacity":"","overlay-gradient":""},"tablet":{"background-color":"var(--ast-global-color-5)","background-image":"","background-repeat":"repeat","background-position":"center center","background-size":"auto","background-attachment":"scroll","background-type":"","background-media":"","overlay-type":"","overlay-color":"","overlay-opacity":"","overlay-gradient":""},"mobile":{"background-color":"var(--ast-global-color-5)","background-image":"","background-repeat":"repeat","background-position":"center center","background-size":"auto","background-attachment":"scroll","background-type":"","background-media":"","overlay-type":"","overlay-color":"","overlay-opacity":"","overlay-gradient":""}}},"product_brand":[],"product_cat":[178],"product_tag":[],"class_list":{"0":"post-23056","1":"product","2":"type-product","3":"status-publish","4":"has-post-thumbnail","6":"product_cat-fertilizers","7":"desktop-align-left","8":"tablet-align-left","9":"mobile-align-left","11":"first","12":"instock","13":"sale","14":"taxable","15":"shipping-taxable","16":"purchasable","17":"product-type-variable","18":"has-default-attributes"},"spectra_custom_meta":{"_visibility":["visible"],"_shopify_product_id":["9066014572789"],"_s2w_shopify_domain":["ferberpainting.myshopify.com"],"_shopify_variant_id":["46501402444021"],"_sku":["FPANTHURIUMFERTILIZER"],"_manage_stock":["no"],"total_sales":["2"],"_tax_status":["taxable"],"_tax_class":[""],"_backorders":["no"],"_sold_individually":["no"],"_virtual":["no"],"_downloadable":["no"],"_download_limit":["-1"],"_download_expiry":["-1"],"_stock":[null],"_stock_status":["instock"],"_wc_average_rating":["4.86"],"_wc_review_count":["7"],"_product_attributes":["a:1:{s:6:\"volume\";a:6:{s:4:\"name\";s:6:\"Volume\";s:5:\"value\";s:20:\"5 liters | 25 liters\";s:8:\"position\";i:1;s:10:\"is_visible\";i:0;s:12:\"is_variation\";i:1;s:11:\"is_taxonomy\";i:0;}}"],"_product_version":["10.5.2"],"_thumbnail_id":["24406"],"_product_image_gallery":["24407"],"_edit_lock":["1771955096:1"],"wpse_downloadable_file_names":[""],"wpse_downloadable_file_urls":[""],"_edit_last":["1"],"_default_attributes":["a:1:{s:6:\"volume\";s:8:\"5 liters\";}"],"_wc_rating_count":["a:2:{i:4;i:1;i:5;i:6;}"],"_price":["29.90","129.90"],"merchant-center-availability":["yes"],"merchant-center-category":["113"],"_wp_page_template":["default"],"site-sidebar-layout":["default"],"ast-site-content-layout":["default"],"site-content-style":["default"],"site-sidebar-style":["default"],"theme-transparent-header-meta":["default"],"astra-migrate-meta-layouts":["set"],"_uag_css_file_name":["uag-css-23056.css"],"_elementor_page_assets":["a:0:{}"],"_uag_page_assets":["a:9:{s:3:\"css\";s:7133:\".uag-blocks-common-selector{z-index:var(--z-index-desktop) !important}@media(max-width: 976px){.uag-blocks-common-selector{z-index:var(--z-index-tablet) !important}}@media(max-width: 767px){.uag-blocks-common-selector{z-index:var(--z-index-mobile) !important}}.wp-block-uagb-image{display:flex}.wp-block-uagb-image__figure{position:relative;display:flex;flex-direction:column;max-width:100%;height:auto;margin:0}.wp-block-uagb-image__figure img{height:auto;display:flex;max-width:100%;transition:box-shadow .2s ease}.wp-block-uagb-image__figure>a{display:inline-block}.wp-block-uagb-image__figure figcaption{text-align:center;margin-top:.5em;margin-bottom:1em}.wp-block-uagb-image .components-placeholder.block-editor-media-placeholder .components-placeholder__instructions{align-self:center}.wp-block-uagb-image--align-left{text-align:left}.wp-block-uagb-image--align-right{text-align:right}.wp-block-uagb-image--align-center{text-align:center}.wp-block-uagb-image--align-full .wp-block-uagb-image__figure{margin-left:calc(50% - 50vw);margin-right:calc(50% - 50vw);max-width:100vw;width:100vw;height:auto}.wp-block-uagb-image--align-full .wp-block-uagb-image__figure img{height:auto;width:100% !important}.wp-block-uagb-image--align-wide .wp-block-uagb-image__figure img{height:auto;width:100%}.wp-block-uagb-image--layout-overlay__color-wrapper{position:absolute;left:0;top:0;right:0;bottom:0;opacity:.2;background:rgba(0,0,0,.5);transition:opacity .35s ease-in-out}.wp-block-uagb-image--layout-overlay-link{position:absolute;left:0;right:0;bottom:0;top:0}.wp-block-uagb-image--layout-overlay .wp-block-uagb-image__figure:hover .wp-block-uagb-image--layout-overlay__color-wrapper{opacity:1}.wp-block-uagb-image--layout-overlay__inner{position:absolute;left:15px;right:15px;bottom:15px;top:15px;display:flex;align-items:center;justify-content:center;flex-direction:column;border-color:#fff;transition:.35s ease-in-out}.wp-block-uagb-image--layout-overlay__inner.top-left,.wp-block-uagb-image--layout-overlay__inner.top-center,.wp-block-uagb-image--layout-overlay__inner.top-right{justify-content:flex-start}.wp-block-uagb-image--layout-overlay__inner.bottom-left,.wp-block-uagb-image--layout-overlay__inner.bottom-center,.wp-block-uagb-image--layout-overlay__inner.bottom-right{justify-content:flex-end}.wp-block-uagb-image--layout-overlay__inner.top-left,.wp-block-uagb-image--layout-overlay__inner.center-left,.wp-block-uagb-image--layout-overlay__inner.bottom-left{align-items:flex-start}.wp-block-uagb-image--layout-overlay__inner.top-right,.wp-block-uagb-image--layout-overlay__inner.center-right,.wp-block-uagb-image--layout-overlay__inner.bottom-right{align-items:flex-end}.wp-block-uagb-image--layout-overlay__inner .uagb-image-heading{color:#fff;transition:transform .35s,opacity .35s ease-in-out;transform:translate3d(0, 24px, 0);margin:0;line-height:1em}.wp-block-uagb-image--layout-overlay__inner .uagb-image-separator{width:30%;border-top-width:2px;border-top-color:#fff;border-top-style:solid;margin-bottom:10px;opacity:0;transition:transform .4s,opacity .4s ease-in-out;transform:translate3d(0, 30px, 0)}.wp-block-uagb-image--layout-overlay__inner .uagb-image-caption{opacity:0;overflow:visible;color:#fff;transition:transform .45s,opacity .45s ease-in-out;transform:translate3d(0, 35px, 0)}.wp-block-uagb-image--layout-overlay__inner:hover .uagb-image-heading,.wp-block-uagb-image--layout-overlay__inner:hover .uagb-image-separator,.wp-block-uagb-image--layout-overlay__inner:hover .uagb-image-caption{opacity:1;transform:translate3d(0, 0, 0)}.wp-block-uagb-image--effect-zoomin .wp-block-uagb-image__figure img,.wp-block-uagb-image--effect-zoomin .wp-block-uagb-image__figure .wp-block-uagb-image--layout-overlay__color-wrapper{transform:scale(1);transition:transform .35s ease-in-out}.wp-block-uagb-image--effect-zoomin .wp-block-uagb-image__figure:hover img,.wp-block-uagb-image--effect-zoomin .wp-block-uagb-image__figure:hover .wp-block-uagb-image--layout-overlay__color-wrapper{transform:scale(1.05)}.wp-block-uagb-image--effect-slide .wp-block-uagb-image__figure img,.wp-block-uagb-image--effect-slide .wp-block-uagb-image__figure .wp-block-uagb-image--layout-overlay__color-wrapper{width:calc(100% + 40px) !important;max-width:none !important;transform:translate3d(-40px, 0, 0);transition:transform .35s ease-in-out}.wp-block-uagb-image--effect-slide .wp-block-uagb-image__figure:hover img,.wp-block-uagb-image--effect-slide .wp-block-uagb-image__figure:hover .wp-block-uagb-image--layout-overlay__color-wrapper{transform:translate3d(0, 0, 0)}.wp-block-uagb-image--effect-grayscale img{filter:grayscale(0%);transition:.35s ease-in-out}.wp-block-uagb-image--effect-grayscale:hover img{filter:grayscale(100%)}.wp-block-uagb-image--effect-blur img{filter:blur(0);transition:.35s ease-in-out}.wp-block-uagb-image--effect-blur:hover img{filter:blur(3px)}.uagb-block-e6f939b3.wp-block-uagb-image--layout-default figure img{box-shadow: 0px 0px 0 #00000070;}.uagb-block-e6f939b3.wp-block-uagb-image .wp-block-uagb-image__figure figcaption{font-style: normal;align-self: center;}.uagb-block-e6f939b3.wp-block-uagb-image--layout-overlay figure img{box-shadow: 0px 0px 0 #00000070;}.uagb-block-e6f939b3.wp-block-uagb-image--layout-overlay .wp-block-uagb-image--layout-overlay__color-wrapper{opacity: 0.2;}.uagb-block-e6f939b3.wp-block-uagb-image--layout-overlay .wp-block-uagb-image--layout-overlay__inner{left: 15px;right: 15px;top: 15px;bottom: 15px;}.uagb-block-e6f939b3.wp-block-uagb-image--layout-overlay .wp-block-uagb-image--layout-overlay__inner .uagb-image-heading{font-style: normal;color: #fff;opacity: 1;}.uagb-block-e6f939b3.wp-block-uagb-image--layout-overlay .wp-block-uagb-image--layout-overlay__inner .uagb-image-heading a{color: #fff;}.uagb-block-e6f939b3.wp-block-uagb-image--layout-overlay .wp-block-uagb-image--layout-overlay__inner .uagb-image-caption{opacity: 0;}.uagb-block-e6f939b3.wp-block-uagb-image--layout-overlay .wp-block-uagb-image__figure:hover .wp-block-uagb-image--layout-overlay__color-wrapper{opacity: 1;}.uagb-block-e6f939b3.wp-block-uagb-image .wp-block-uagb-image--layout-overlay__inner .uagb-image-separator{width: 30%;border-top-width: 2px;border-top-color: #fff;opacity: 0;}.uagb-block-e6f939b3.wp-block-uagb-image .wp-block-uagb-image__figure img{width: px;height: auto;}.uagb-block-e6f939b3.wp-block-uagb-image .wp-block-uagb-image__figure:hover .wp-block-uagb-image--layout-overlay__inner .uagb-image-caption{opacity: 1;}.uagb-block-e6f939b3.wp-block-uagb-image .wp-block-uagb-image__figure:hover .wp-block-uagb-image--layout-overlay__inner .uagb-image-separator{opacity: 1;}.uagb-block-e6f939b3.wp-block-uagb-image--layout-default figure:hover img{box-shadow: 0px 0px 0 #00000070;}.uagb-block-e6f939b3.wp-block-uagb-image--layout-overlay figure:hover img{box-shadow: 0px 0px 0 #00000070;}@media only screen and (max-width: 976px) {.uagb-block-e6f939b3.wp-block-uagb-image .wp-block-uagb-image__figure img{width: px;height: auto;}}@media only screen and (max-width: 767px) {.uagb-block-e6f939b3.wp-block-uagb-image .wp-block-uagb-image__figure img{width: px;height: auto;}}\";s:2:\"js\";s:0:\"\";s:18:\"current_block_list\";a:13:{i:0;s:11:\"core\/search\";i:1;s:10:\"core\/group\";i:2;s:12:\"core\/heading\";i:3;s:17:\"core\/latest-posts\";i:4;s:20:\"core\/latest-comments\";i:5;s:13:\"core\/archives\";i:6;s:15:\"core\/categories\";i:7;s:14:\"core\/paragraph\";i:8;s:10:\"uagb\/image\";i:9;s:11:\"core\/spacer\";i:10;s:30:\"woocommerce\/product-categories\";i:11;s:10:\"core\/image\";i:12;s:14:\"core\/shortcode\";}s:8:\"uag_flag\";b:1;s:11:\"uag_version\";s:10:\"1777197367\";s:6:\"gfonts\";a:0:{}s:10:\"gfonts_url\";s:0:\"\";s:12:\"gfonts_files\";a:0:{}s:14:\"uag_faq_layout\";b:0;}"]},"uagb_featured_image_src":{"full":["https:\/\/www.ferberpainting.com\/wp-content\/uploads\/2025\/05\/AnthuriumFertilizer5L.png",2560,2560,false],"thumbnail":["https:\/\/www.ferberpainting.com\/wp-content\/uploads\/2025\/05\/AnthuriumFertilizer5L-150x150.png",150,150,true],"medium":["https:\/\/www.ferberpainting.com\/wp-content\/uploads\/2025\/05\/AnthuriumFertilizer5L-300x300.png",300,300,true],"medium_large":["https:\/\/www.ferberpainting.com\/wp-content\/uploads\/2025\/05\/AnthuriumFertilizer5L-768x768.png",768,768,true],"large":["https:\/\/www.ferberpainting.com\/wp-content\/uploads\/2025\/05\/AnthuriumFertilizer5L-1024x1024.png",1024,1024,true],"1536x1536":["https:\/\/www.ferberpainting.com\/wp-content\/uploads\/2025\/05\/AnthuriumFertilizer5L-1536x1536.png",1536,1536,true],"2048x2048":["https:\/\/www.ferberpainting.com\/wp-content\/uploads\/2025\/05\/AnthuriumFertilizer5L-2048x2048.png",2048,2048,true],"trp-custom-language-flag":["https:\/\/www.ferberpainting.com\/wp-content\/uploads\/2025\/05\/AnthuriumFertilizer5L-12x12.png",12,12,true],"woocommerce_thumbnail":["https:\/\/www.ferberpainting.com\/wp-content\/uploads\/2025\/05\/AnthuriumFertilizer5L-300x300.png",300,300,true],"woocommerce_single":["https:\/\/www.ferberpainting.com\/wp-content\/uploads\/2025\/05\/AnthuriumFertilizer5L-600x600.png",600,600,true],"woocommerce_gallery_thumbnail":["https:\/\/www.ferberpainting.com\/wp-content\/uploads\/2025\/05\/AnthuriumFertilizer5L-100x100.png",100,100,true]},"uagb_author_info":{"display_name":"admin","author_link":"https:\/\/www.ferberpainting.com\/lt\/author\/"},"uagb_comment_info":7,"uagb_excerpt":"A balanced fertilizer for healthy anthuriums.\u00a0This fertilizer for anthuriums is specially designed to stimulate the growth, flowering, and resistance of this tropical plant known for its bright flowers and lush foliage. Thanks to its NPK 15-15-15 composition, it offers a perfect balance between nitrogen (N), which promotes foliage development, phosphorus (P), which supports the formation&hellip;","_links":{"self":[{"href":"https:\/\/www.ferberpainting.com\/lt\/wp-json\/wp\/v2\/product\/23056","targetHints":{"allow":["GET"]}}],"collection":[{"href":"https:\/\/www.ferberpainting.com\/lt\/wp-json\/wp\/v2\/product"}],"about":[{"href":"https:\/\/www.ferberpainting.com\/lt\/wp-json\/wp\/v2\/types\/product"}],"replies":[{"embeddable":true,"href":"https:\/\/www.ferberpainting.com\/lt\/wp-json\/wp\/v2\/comments?post=23056"}],"version-history":[{"count":7,"href":"https:\/\/www.ferberpainting.com\/lt\/wp-json\/wp\/v2\/product\/23056\/revisions"}],"predecessor-version":[{"id":166020,"href":"https:\/\/www.ferberpainting.com\/lt\/wp-json\/wp\/v2\/product\/23056\/revisions\/166020"}],"wp:featuredmedia":[{"embeddable":true,"href":"https:\/\/www.ferberpainting.com\/lt\/wp-json\/wp\/v2\/media\/24406"}],"wp:attachment":[{"href":"https:\/\/www.ferberpainting.com\/lt\/wp-json\/wp\/v2\/media?parent=23056"}],"wp:term":[{"taxonomy":"product_brand","embeddable":true,"href":"https:\/\/www.ferberpainting.com\/lt\/wp-json\/wp\/v2\/product_brand?post=23056"},{"taxonomy":"product_cat","embeddable":true,"href":"https:\/\/www.ferberpainting.com\/lt\/wp-json\/wp\/v2\/product_cat?post=23056"},{"taxonomy":"product_tag","embeddable":true,"href":"https:\/\/www.ferberpainting.com\/lt\/wp-json\/wp\/v2\/product_tag?post=23056"}],"curies":[{"name":"wp","href":"https:\/\/api.w.org\/{rel}","templated":true}]}}