{"id":23052,"date":"2025-05-26T10:22:23","date_gmt":"2025-05-26T08:22:23","guid":{"rendered":"https:\/\/www.ferberpainting.com\/products\/amaryllis-fertilizer\/"},"modified":"2026-02-24T18:44:07","modified_gmt":"2026-02-24T17:44:07","slug":"amaryllis-fertilizer","status":"publish","type":"product","link":"https:\/\/www.ferberpainting.com\/lt\/products\/amaryllis-fertilizer\/","title":{"rendered":"Amarili\u0173 tr\u0105\u0161os"},"content":{"rendered":"<p><img decoding=\"async\" style=\"margin-right: 12px;\" src=\"https:\/\/www.ferberpainting.com\/wp-content\/uploads\/2026\/02\/Check.svg\" alt=\"\" width=\"18\" height=\"15\" \/><strong>Subalansuotos tr\u0105\u0161os \u012fsp\u016bdingam \u017eyd\u0117jimui.<\/strong>\u00a0\u0160ios amarili\u0173 tr\u0105\u0161os specialiai sukurtos \u0161io didingo augalo augimui ir \u017eyd\u0117jimui skatinti. D\u0117l NPK 15-15-15 sud\u0117ties \u0161i tr\u0105\u0161a puikiai subalansuoja azot\u0105 (N), kuris skatina tanki\u0105 ir tvirt\u0105 lapij\u0105, fosfor\u0105 (P), kuris skatina \u0161akn\u0173 ir svog\u016bn\u0117li\u0173 vystym\u0105si, ir kal\u012f (K), kuris stiprina \u017eyd\u0117jim\u0105 ir atsparum\u0105 ligoms. Taip u\u017etikrinami ry\u0161k\u016bs, didelio dyd\u017eio ir intensyvi\u0173 spalv\u0173 \u017eiedai.<\/p>\n<p><img decoding=\"async\" style=\"margin-right: 12px;\" src=\"https:\/\/www.ferberpainting.com\/wp-content\/uploads\/2026\/02\/Check.svg\" alt=\"\" width=\"18\" height=\"15\" \/><strong>Pinig\u0173 gr\u0105\u017einimo garantija.<\/strong>\u00a0Mes visi\u0161kai pasitikime m\u016bs\u0173 amarili\u0173 tr\u0105\u0161\u0173 veiksmingumu. Tod\u0117l si\u016blome pinig\u0173 gr\u0105\u017einimo garantij\u0105. Jei panaudoj\u0119 tr\u0105\u0161as pagal rekomendacijas nepasteb\u0117site \u017eymaus savo augal\u0173 augimo ir \u017eyd\u0117jimo pager\u0117jimo, \u012fsipareigojame bes\u0105lygi\u0161kai gr\u0105\u017einti pinigus ir u\u017etikrinti, kad pirkinys bus visi\u0161kai be r\u016bpes\u010di\u0173.<\/p>\n<p><img decoding=\"async\" style=\"margin-right: 12px;\" src=\"https:\/\/www.ferberpainting.com\/wp-content\/uploads\/2026\/02\/Check.svg\" alt=\"\" width=\"18\" height=\"15\" \/><strong>Tinka vis\u0173 veisli\u0173 amariliams, kambarin\u0117ms ir lauko svog\u016bn\u0117liams.<\/strong>\u00a0\u0160ios tr\u0105\u0161os tinka raudoniesiems, rausviesiems, baltiesiems ir dvispalviams amariliams, taip pat kitiems tos pa\u010dios \u0161eimos svog\u016bnams, pavyzd\u017eiui, hippeastrumams. \u0160ios tr\u0105\u0161os idealiai tinka amariliams, auginamiems vazonuose patalpose ir atvirame dirvo\u017eemyje soduose, u\u017etikrinant optimali\u0105 mityb\u0105 kiekvienam auginimo b\u016bdui.<\/p>\n<p><img decoding=\"async\" style=\"margin-right: 12px;\" src=\"https:\/\/www.ferberpainting.com\/wp-content\/uploads\/2026\/02\/Check.svg\" alt=\"\" width=\"18\" height=\"15\" \/><strong>Optimalus ekonominis efektyvumas d\u0117l koncentracijos.<\/strong>\u00a0D\u0117l koncentruoto skys\u010dio sud\u0117ties 5 litr\u0173 talpoje galima paruo\u0161ti iki 1 000 litr\u0173 tr\u0119\u0161iamojo tirpalo, taip u\u017etikrinant ilgalaik\u012f ir ekonomi\u0161k\u0105 tr\u0119\u0161im\u0105. \u0160io produkto doz\u0117 yra 5 ml litrui vandens, tod\u0117l jis leid\u017eia greitai \u012fsisavinti maisting\u0105sias med\u017eiagas ir optimaliai jas naudoti, kartu suma\u017einant atliek\u0173 kiek\u012f.<\/p>\n<p><img decoding=\"async\" style=\"margin-right: 12px;\" src=\"https:\/\/www.ferberpainting.com\/wp-content\/uploads\/2026\/02\/Check.svg\" alt=\"\" width=\"18\" height=\"15\" \/><strong>Saugi ir netoksi\u0161ka tr\u0105\u0161a, skirta naudoti patalpose ir lauke.<\/strong>\u00a0\u0160ios tr\u0105\u0161os yra pagamintos be a\u0161tri\u0173 chemini\u0173 med\u017eiag\u0173 ir neskleid\u017eia nuoding\u0173 gar\u0173, tod\u0117l idealiai tinka naudoti patalpose. Ji nekei\u010dia oro kokyb\u0117s ir yra saugi naminiams gyv\u016bnams, jei naudojama pagal rekomendacijas. \u0160velnus tr\u0105\u0161\u0173 poveikis nepa\u017eeid\u017eia biologin\u0117s dirvo\u017eemio pusiausvyros ir skatina sveik\u0105 aplink\u0105 j\u016bs\u0173 augalams.<\/p>\n<p><img decoding=\"async\" style=\"margin-right: 12px;\" src=\"https:\/\/www.ferberpainting.com\/wp-content\/uploads\/2026\/02\/Check.svg\" alt=\"\" width=\"18\" height=\"15\" \/><strong>Lengva naudoti, kad b\u016bt\u0173 papras\u010diau atlikti technin\u0119 prie\u017ei\u016br\u0105.<\/strong>\u00a0\u0160ios skystos tr\u0105\u0161os skied\u017eiamos tiesiai \u012f laistom\u0105j\u012f vanden\u012f, tod\u0117l tr\u0119\u0161iama tolygiai ir veiksmingai, \u012fdedant nedaug pastang\u0173. Taip pat galima tr\u0119\u0161ti tiesiai prie augalo pagrindo arba purk\u0161ti ant lap\u0173, kad lapai ir \u0161aknys greitai pasisavint\u0173 maisting\u0105sias med\u017eiagas.<\/p>\n<p><img decoding=\"async\" style=\"margin-right: 12px;\" src=\"https:\/\/www.ferberpainting.com\/wp-content\/uploads\/2026\/02\/Check.svg\" alt=\"\" width=\"18\" height=\"15\" \/><strong>Ilgalaikis poveikis optimaliam augimui ir \u017eyd\u0117jimui.<\/strong>\u00a0D\u0117l laipsni\u0161ko maisting\u0173j\u0173 med\u017eiag\u0173 i\u0161siskyrimo \u0161ios tr\u0105\u0161os ilgainiui pamaitina amarilio svog\u016bn\u0117l\u012f, nesukeldamos pernelyg didelio lapijos augimo. Tai skatina gausesn\u012f ir ilgesn\u012f \u017eyd\u0117jim\u0105, didesnius ir atsparesnius \u017eiedus.<\/p>\n<p><img decoding=\"async\" style=\"margin-right: 12px;\" src=\"https:\/\/www.ferberpainting.com\/wp-content\/uploads\/2026\/02\/Check.svg\" alt=\"\" width=\"18\" height=\"15\" \/><strong>Matomi rezultatai jau po pirm\u0173j\u0173 naudojimo savai\u010di\u0173.<\/strong>\u00a0Nuo pirm\u0173j\u0173 naudojimo savai\u010di\u0173 \u0161ios tr\u0105\u0161os skatina lap\u0173 augim\u0105, i\u0161ry\u0161kina \u017eied\u0173 spalv\u0105 ir u\u017etikrina geresn\u0119 \u017eied\u0173 stieb\u0173 atram\u0105. Ji taip pat padeda augalui pasiruo\u0161ti kitam \u017eyd\u0117jimo ciklui kitais metais, nes sustiprina svog\u016bn\u0117l\u012f po \u017eyd\u0117jimo, u\u017etikrindama nenutr\u016bkstamus ir \u012fsp\u016bdingus \u017eyd\u0117jimo ciklus.<\/p>\n<h2><strong>Naudojimo protokolas<\/strong><\/h2>\n<ul>\n<li><strong>Tr\u0105\u0161\u0173 skiedimas <\/strong>: 1 litrui vandens sumai\u0161ykite 5 ml tr\u0105\u0161\u0173. Prie\u0161 kiekvien\u0105 tr\u0119\u0161im\u0105 tirpal\u0105 gerai suplakite, kad maistin\u0117s med\u017eiagos pasiskirstyt\u0173 tolygiai.<\/li>\n<li><strong>Taikymo b\u016bdas <\/strong>:\n<ul>\n<li><strong>Laistant <\/strong>: Atskiest\u0105 tirpal\u0105 pilkite tiesiai ant augalo pagrindo, u\u017etikrindami, kad substratas b\u016bt\u0173 tolygiai sudr\u0117kintas be vandens pertekliaus, kad aplink svog\u016bn\u0117l\u012f nesikaupt\u0173 dr\u0117gm\u0117.<\/li>\n<li><strong>Pur\u0161kiant ant lap\u0173 <\/strong>: Tirpal\u0105 lengvai u\u017epurk\u0161kite ant lap\u0173, geriausia anksti ryte arba v\u0117lai vakare, kad jis greitai nei\u0161garuot\u0173.<\/li>\n<\/ul>\n<\/li>\n<li><strong>Naudojimo da\u017enumas <\/strong>: Tr\u0119\u0161kite kas 15 dien\u0173 augimo ir \u017eyd\u0117jimo laikotarpiu (pavasar\u012f-vasar\u0105) ir kart\u0105 per m\u0117nes\u012f po \u017eyd\u0117jimo, kad sustiprintum\u0117te svog\u016bn\u0117l\u012f prie\u0161 ramyb\u0117s period\u0105 (ruden\u012f-\u017eiem\u0105).<\/li>\n<li><strong>Papildomas laistymas <\/strong>: Po kiekvieno tr\u0119\u0161imo palaukite 48 valandas, kol v\u0117l palaistysite, kad augalas optimaliai \u012fsisavint\u0173 maisting\u0105sias med\u017eiagas.<\/li>\n<li><strong>Naudojimo atsargumo priemon\u0117s <\/strong>: Neperdozuokite tr\u0105\u0161\u0173, kad dirvo\u017eemyje nesusikaupt\u0173 per daug mineralini\u0173 drusk\u0173, kurios gali tur\u0117ti \u012ftakos \u0161akn\u0173 vystymuisi. Visada tr\u0119\u0161kite \u0161iek tiek dr\u0117gn\u0105 substrat\u0105, kad geriau pasisavint\u0173.<\/li>\n<li><strong>Saugojimas ir konservavimas <\/strong>: Tr\u0105\u0161as laikykite sausoje, vidutinio klimato vietoje, apsaugotoje nuo \u0161viesos ir dr\u0117gm\u0117s. Po kiekvieno naudojimo sandariai u\u017edarykite talpykl\u0105, kad produktas i\u0161likt\u0173 veiksmingas ir nei\u0161garuot\u0173.<\/li>\n<\/ul>\n<p>Su \u0161iomis amaril\u0173 tr\u0105\u0161omis augalai bus visapusi\u0161kai ir subalansuotai maitinami, skatinantys energing\u0105 augim\u0105, intensyv\u0173 \u017eyd\u0117jim\u0105 ir didesn\u012f atsparum\u0105 ligoms bei klimato svyravimams. Tai idealus sprendimas \u012fsp\u016bdingiems amariliams, kuri\u0173 \u017eiedai metai i\u0161 met\u0173 spindi ir ilgai i\u0161silaiko.<\/p>\n<p>&nbsp;<\/p>\n<p>&nbsp;<\/p>","protected":false},"excerpt":{"rendered":"<p>A balanced fertilizer for spectacular blooming.\u00a0This amaryllis fertilizer is specially designed to stimulate the growth and blooming of this majestic plant. Thanks to its NPK 15-15-15 formulation, it provides a perfect balance between nitrogen (N), which promotes dense and robust foliage, phosphorus (P), which stimulates root and bulb development, and potassium (K), which strengthens blooming [&hellip;]<\/p>\n","protected":false},"featured_media":23695,"comment_status":"open","ping_status":"closed","template":"","meta":{"_uag_custom_page_level_css":"","site-sidebar-layout":"default","site-content-layout":"","ast-site-content-layout":"default","site-content-style":"default","site-sidebar-style":"default","ast-global-header-display":"","ast-banner-title-visibility":"","ast-main-header-display":"","ast-hfb-above-header-display":"","ast-hfb-below-header-display":"","ast-hfb-mobile-header-display":"","site-post-title":"","ast-breadcrumbs-content":"","ast-featured-img":"","footer-sml-layout":"","ast-disable-related-posts":"","theme-transparent-header-meta":"default","adv-header-id-meta":"","stick-header-meta":"","header-above-stick-meta":"","header-main-stick-meta":"","header-below-stick-meta":"","astra-migrate-meta-layouts":"set","ast-page-background-enabled":"default","ast-page-background-meta":{"desktop":{"background-color":"var(--ast-global-color-4)","background-image":"","background-repeat":"repeat","background-position":"center center","background-size":"auto","background-attachment":"scroll","background-type":"","background-media":"","overlay-type":"","overlay-color":"","overlay-opacity":"","overlay-gradient":""},"tablet":{"background-color":"","background-image":"","background-repeat":"repeat","background-position":"center center","background-size":"auto","background-attachment":"scroll","background-type":"","background-media":"","overlay-type":"","overlay-color":"","overlay-opacity":"","overlay-gradient":""},"mobile":{"background-color":"","background-image":"","background-repeat":"repeat","background-position":"center center","background-size":"auto","background-attachment":"scroll","background-type":"","background-media":"","overlay-type":"","overlay-color":"","overlay-opacity":"","overlay-gradient":""}},"ast-content-background-meta":{"desktop":{"background-color":"var(--ast-global-color-5)","background-image":"","background-repeat":"repeat","background-position":"center center","background-size":"auto","background-attachment":"scroll","background-type":"","background-media":"","overlay-type":"","overlay-color":"","overlay-opacity":"","overlay-gradient":""},"tablet":{"background-color":"var(--ast-global-color-5)","background-image":"","background-repeat":"repeat","background-position":"center center","background-size":"auto","background-attachment":"scroll","background-type":"","background-media":"","overlay-type":"","overlay-color":"","overlay-opacity":"","overlay-gradient":""},"mobile":{"background-color":"var(--ast-global-color-5)","background-image":"","background-repeat":"repeat","background-position":"center center","background-size":"auto","background-attachment":"scroll","background-type":"","background-media":"","overlay-type":"","overlay-color":"","overlay-opacity":"","overlay-gradient":""}}},"product_brand":[],"product_cat":[178],"product_tag":[],"class_list":{"0":"post-23052","1":"product","2":"type-product","3":"status-publish","4":"has-post-thumbnail","6":"product_cat-fertilizers","7":"desktop-align-left","8":"tablet-align-left","9":"mobile-align-left","11":"first","12":"instock","13":"sale","14":"shipping-taxable","15":"purchasable","16":"product-type-variable","17":"has-default-attributes"},"spectra_custom_meta":{"_visibility":["visible"],"_shopify_product_id":["9062550601973"],"_s2w_shopify_domain":["ferberpainting.myshopify.com"],"_shopify_variant_id":["46489551732981"],"_sku":["FPAMARYLLISFERTILIZER"],"_manage_stock":["no"],"total_sales":["6"],"_tax_status":["taxable"],"_tax_class":[""],"_backorders":["no"],"_sold_individually":["no"],"_virtual":["no"],"_downloadable":["no"],"_download_limit":["-1"],"_download_expiry":["-1"],"_stock":[null],"_stock_status":["instock"],"_wc_average_rating":["4.93"],"_wc_review_count":["15"],"_product_attributes":["a:1:{s:6:\"volume\";a:6:{s:4:\"name\";s:6:\"Volume\";s:5:\"value\";s:20:\"5 liters | 25 liters\";s:8:\"position\";i:0;s:10:\"is_visible\";i:0;s:12:\"is_variation\";i:1;s:11:\"is_taxonomy\";i:0;}}"],"_product_version":["10.5.2"],"_thumbnail_id":["23695"],"_product_image_gallery":["23767"],"wpse_downloadable_file_names":[""],"wpse_downloadable_file_urls":[""],"_edit_last":["1"],"_default_attributes":["a:1:{s:6:\"volume\";s:8:\"5 liters\";}"],"_wc_rating_count":["a:2:{i:4;i:1;i:5;i:14;}"],"_edit_lock":["1771954907:1"],"_price":["29.90","129.90"],"merchant-center-availability":["yes"],"merchant-center-category":["113"],"_wp_page_template":["default"],"site-sidebar-layout":["default"],"ast-site-content-layout":["default"],"site-content-style":["default"],"site-sidebar-style":["default"],"theme-transparent-header-meta":["default"],"astra-migrate-meta-layouts":["set"],"_uag_css_file_name":["uag-css-23052.css"],"_elementor_page_assets":["a:0:{}"],"_uag_page_assets":["a:9:{s:3:\"css\";s:6873:\".wp-block-uagb-image{display:flex}.wp-block-uagb-image__figure{position:relative;display:flex;flex-direction:column;max-width:100%;height:auto;margin:0}.wp-block-uagb-image__figure img{height:auto;display:flex;max-width:100%;transition:box-shadow .2s ease}.wp-block-uagb-image__figure>a{display:inline-block}.wp-block-uagb-image__figure figcaption{text-align:center;margin-top:.5em;margin-bottom:1em}.wp-block-uagb-image .components-placeholder.block-editor-media-placeholder .components-placeholder__instructions{align-self:center}.wp-block-uagb-image--align-left{text-align:left}.wp-block-uagb-image--align-right{text-align:right}.wp-block-uagb-image--align-center{text-align:center}.wp-block-uagb-image--align-full .wp-block-uagb-image__figure{margin-left:calc(50% - 50vw);margin-right:calc(50% - 50vw);max-width:100vw;width:100vw;height:auto}.wp-block-uagb-image--align-full .wp-block-uagb-image__figure img{height:auto;width:100% !important}.wp-block-uagb-image--align-wide .wp-block-uagb-image__figure img{height:auto;width:100%}.wp-block-uagb-image--layout-overlay__color-wrapper{position:absolute;left:0;top:0;right:0;bottom:0;opacity:.2;background:rgba(0,0,0,.5);transition:opacity .35s ease-in-out}.wp-block-uagb-image--layout-overlay-link{position:absolute;left:0;right:0;bottom:0;top:0}.wp-block-uagb-image--layout-overlay .wp-block-uagb-image__figure:hover .wp-block-uagb-image--layout-overlay__color-wrapper{opacity:1}.wp-block-uagb-image--layout-overlay__inner{position:absolute;left:15px;right:15px;bottom:15px;top:15px;display:flex;align-items:center;justify-content:center;flex-direction:column;border-color:#fff;transition:.35s ease-in-out}.wp-block-uagb-image--layout-overlay__inner.top-left,.wp-block-uagb-image--layout-overlay__inner.top-center,.wp-block-uagb-image--layout-overlay__inner.top-right{justify-content:flex-start}.wp-block-uagb-image--layout-overlay__inner.bottom-left,.wp-block-uagb-image--layout-overlay__inner.bottom-center,.wp-block-uagb-image--layout-overlay__inner.bottom-right{justify-content:flex-end}.wp-block-uagb-image--layout-overlay__inner.top-left,.wp-block-uagb-image--layout-overlay__inner.center-left,.wp-block-uagb-image--layout-overlay__inner.bottom-left{align-items:flex-start}.wp-block-uagb-image--layout-overlay__inner.top-right,.wp-block-uagb-image--layout-overlay__inner.center-right,.wp-block-uagb-image--layout-overlay__inner.bottom-right{align-items:flex-end}.wp-block-uagb-image--layout-overlay__inner .uagb-image-heading{color:#fff;transition:transform .35s,opacity .35s ease-in-out;transform:translate3d(0, 24px, 0);margin:0;line-height:1em}.wp-block-uagb-image--layout-overlay__inner .uagb-image-separator{width:30%;border-top-width:2px;border-top-color:#fff;border-top-style:solid;margin-bottom:10px;opacity:0;transition:transform .4s,opacity .4s ease-in-out;transform:translate3d(0, 30px, 0)}.wp-block-uagb-image--layout-overlay__inner .uagb-image-caption{opacity:0;overflow:visible;color:#fff;transition:transform .45s,opacity .45s ease-in-out;transform:translate3d(0, 35px, 0)}.wp-block-uagb-image--layout-overlay__inner:hover .uagb-image-heading,.wp-block-uagb-image--layout-overlay__inner:hover .uagb-image-separator,.wp-block-uagb-image--layout-overlay__inner:hover .uagb-image-caption{opacity:1;transform:translate3d(0, 0, 0)}.wp-block-uagb-image--effect-zoomin .wp-block-uagb-image__figure img,.wp-block-uagb-image--effect-zoomin .wp-block-uagb-image__figure .wp-block-uagb-image--layout-overlay__color-wrapper{transform:scale(1);transition:transform .35s ease-in-out}.wp-block-uagb-image--effect-zoomin .wp-block-uagb-image__figure:hover img,.wp-block-uagb-image--effect-zoomin .wp-block-uagb-image__figure:hover .wp-block-uagb-image--layout-overlay__color-wrapper{transform:scale(1.05)}.wp-block-uagb-image--effect-slide .wp-block-uagb-image__figure img,.wp-block-uagb-image--effect-slide .wp-block-uagb-image__figure .wp-block-uagb-image--layout-overlay__color-wrapper{width:calc(100% + 40px) !important;max-width:none !important;transform:translate3d(-40px, 0, 0);transition:transform .35s ease-in-out}.wp-block-uagb-image--effect-slide .wp-block-uagb-image__figure:hover img,.wp-block-uagb-image--effect-slide .wp-block-uagb-image__figure:hover .wp-block-uagb-image--layout-overlay__color-wrapper{transform:translate3d(0, 0, 0)}.wp-block-uagb-image--effect-grayscale img{filter:grayscale(0%);transition:.35s ease-in-out}.wp-block-uagb-image--effect-grayscale:hover img{filter:grayscale(100%)}.wp-block-uagb-image--effect-blur img{filter:blur(0);transition:.35s ease-in-out}.wp-block-uagb-image--effect-blur:hover img{filter:blur(3px)}.uagb-block-e6f939b3.wp-block-uagb-image--layout-default figure img{box-shadow: 0px 0px 0 #00000070;}.uagb-block-e6f939b3.wp-block-uagb-image .wp-block-uagb-image__figure figcaption{font-style: normal;align-self: center;}.uagb-block-e6f939b3.wp-block-uagb-image--layout-overlay figure img{box-shadow: 0px 0px 0 #00000070;}.uagb-block-e6f939b3.wp-block-uagb-image--layout-overlay .wp-block-uagb-image--layout-overlay__color-wrapper{opacity: 0.2;}.uagb-block-e6f939b3.wp-block-uagb-image--layout-overlay .wp-block-uagb-image--layout-overlay__inner{left: 15px;right: 15px;top: 15px;bottom: 15px;}.uagb-block-e6f939b3.wp-block-uagb-image--layout-overlay .wp-block-uagb-image--layout-overlay__inner .uagb-image-heading{font-style: normal;color: #fff;opacity: 1;}.uagb-block-e6f939b3.wp-block-uagb-image--layout-overlay .wp-block-uagb-image--layout-overlay__inner .uagb-image-heading a{color: #fff;}.uagb-block-e6f939b3.wp-block-uagb-image--layout-overlay .wp-block-uagb-image--layout-overlay__inner .uagb-image-caption{opacity: 0;}.uagb-block-e6f939b3.wp-block-uagb-image--layout-overlay .wp-block-uagb-image__figure:hover .wp-block-uagb-image--layout-overlay__color-wrapper{opacity: 1;}.uagb-block-e6f939b3.wp-block-uagb-image .wp-block-uagb-image--layout-overlay__inner .uagb-image-separator{width: 30%;border-top-width: 2px;border-top-color: #fff;opacity: 0;}.uagb-block-e6f939b3.wp-block-uagb-image .wp-block-uagb-image__figure img{width: px;height: auto;}.uagb-block-e6f939b3.wp-block-uagb-image .wp-block-uagb-image__figure:hover .wp-block-uagb-image--layout-overlay__inner .uagb-image-caption{opacity: 1;}.uagb-block-e6f939b3.wp-block-uagb-image .wp-block-uagb-image__figure:hover .wp-block-uagb-image--layout-overlay__inner .uagb-image-separator{opacity: 1;}.uagb-block-e6f939b3.wp-block-uagb-image--layout-default figure:hover img{box-shadow: 0px 0px 0 #00000070;}.uagb-block-e6f939b3.wp-block-uagb-image--layout-overlay figure:hover img{box-shadow: 0px 0px 0 #00000070;}@media only screen and (max-width: 976px) {.uagb-block-e6f939b3.wp-block-uagb-image .wp-block-uagb-image__figure img{width: px;height: auto;}}@media only screen and (max-width: 767px) {.uagb-block-e6f939b3.wp-block-uagb-image .wp-block-uagb-image__figure img{width: px;height: auto;}}\";s:2:\"js\";s:0:\"\";s:18:\"current_block_list\";a:13:{i:0;s:11:\"core\/search\";i:1;s:10:\"core\/group\";i:2;s:12:\"core\/heading\";i:3;s:17:\"core\/latest-posts\";i:4;s:20:\"core\/latest-comments\";i:5;s:13:\"core\/archives\";i:6;s:15:\"core\/categories\";i:7;s:14:\"core\/paragraph\";i:8;s:10:\"uagb\/image\";i:9;s:11:\"core\/spacer\";i:10;s:30:\"woocommerce\/product-categories\";i:11;s:10:\"core\/image\";i:12;s:14:\"core\/shortcode\";}s:8:\"uag_flag\";b:1;s:11:\"uag_version\";s:10:\"1777188819\";s:6:\"gfonts\";a:0:{}s:10:\"gfonts_url\";s:0:\"\";s:12:\"gfonts_files\";a:0:{}s:14:\"uag_faq_layout\";b:0;}"]},"uagb_featured_image_src":{"full":["https:\/\/www.ferberpainting.com\/wp-content\/uploads\/2025\/05\/AmaryllisFertilizer5L.png",2560,2560,false],"thumbnail":["https:\/\/www.ferberpainting.com\/wp-content\/uploads\/2025\/05\/AmaryllisFertilizer5L-150x150.png",150,150,true],"medium":["https:\/\/www.ferberpainting.com\/wp-content\/uploads\/2025\/05\/AmaryllisFertilizer5L-300x300.png",300,300,true],"medium_large":["https:\/\/www.ferberpainting.com\/wp-content\/uploads\/2025\/05\/AmaryllisFertilizer5L-768x768.png",768,768,true],"large":["https:\/\/www.ferberpainting.com\/wp-content\/uploads\/2025\/05\/AmaryllisFertilizer5L-1024x1024.png",1024,1024,true],"1536x1536":["https:\/\/www.ferberpainting.com\/wp-content\/uploads\/2025\/05\/AmaryllisFertilizer5L-1536x1536.png",1536,1536,true],"2048x2048":["https:\/\/www.ferberpainting.com\/wp-content\/uploads\/2025\/05\/AmaryllisFertilizer5L-2048x2048.png",2048,2048,true],"trp-custom-language-flag":["https:\/\/www.ferberpainting.com\/wp-content\/uploads\/2025\/05\/AmaryllisFertilizer5L-12x12.png",12,12,true],"woocommerce_thumbnail":["https:\/\/www.ferberpainting.com\/wp-content\/uploads\/2025\/05\/AmaryllisFertilizer5L-300x300.png",300,300,true],"woocommerce_single":["https:\/\/www.ferberpainting.com\/wp-content\/uploads\/2025\/05\/AmaryllisFertilizer5L-600x600.png",600,600,true],"woocommerce_gallery_thumbnail":["https:\/\/www.ferberpainting.com\/wp-content\/uploads\/2025\/05\/AmaryllisFertilizer5L-100x100.png",100,100,true]},"uagb_author_info":{"display_name":"admin","author_link":"https:\/\/www.ferberpainting.com\/lt\/author\/"},"uagb_comment_info":15,"uagb_excerpt":"A balanced fertilizer for spectacular blooming.\u00a0This amaryllis fertilizer is specially designed to stimulate the growth and blooming of this majestic plant. Thanks to its NPK 15-15-15 formulation, it provides a perfect balance between nitrogen (N), which promotes dense and robust foliage, phosphorus (P), which stimulates root and bulb development, and potassium (K), which strengthens blooming&hellip;","_links":{"self":[{"href":"https:\/\/www.ferberpainting.com\/lt\/wp-json\/wp\/v2\/product\/23052","targetHints":{"allow":["GET"]}}],"collection":[{"href":"https:\/\/www.ferberpainting.com\/lt\/wp-json\/wp\/v2\/product"}],"about":[{"href":"https:\/\/www.ferberpainting.com\/lt\/wp-json\/wp\/v2\/types\/product"}],"replies":[{"embeddable":true,"href":"https:\/\/www.ferberpainting.com\/lt\/wp-json\/wp\/v2\/comments?post=23052"}],"version-history":[{"count":9,"href":"https:\/\/www.ferberpainting.com\/lt\/wp-json\/wp\/v2\/product\/23052\/revisions"}],"predecessor-version":[{"id":166016,"href":"https:\/\/www.ferberpainting.com\/lt\/wp-json\/wp\/v2\/product\/23052\/revisions\/166016"}],"wp:featuredmedia":[{"embeddable":true,"href":"https:\/\/www.ferberpainting.com\/lt\/wp-json\/wp\/v2\/media\/23695"}],"wp:attachment":[{"href":"https:\/\/www.ferberpainting.com\/lt\/wp-json\/wp\/v2\/media?parent=23052"}],"wp:term":[{"taxonomy":"product_brand","embeddable":true,"href":"https:\/\/www.ferberpainting.com\/lt\/wp-json\/wp\/v2\/product_brand?post=23052"},{"taxonomy":"product_cat","embeddable":true,"href":"https:\/\/www.ferberpainting.com\/lt\/wp-json\/wp\/v2\/product_cat?post=23052"},{"taxonomy":"product_tag","embeddable":true,"href":"https:\/\/www.ferberpainting.com\/lt\/wp-json\/wp\/v2\/product_tag?post=23052"}],"curies":[{"name":"wp","href":"https:\/\/api.w.org\/{rel}","templated":true}]}}