{"id":23049,"date":"2025-07-01T18:50:32","date_gmt":"2025-07-01T16:50:32","guid":{"rendered":"https:\/\/www.ferberpainting.com\/?post_type=product&#038;p=23046"},"modified":"2026-02-24T18:43:35","modified_gmt":"2026-02-24T17:43:35","slug":"aluminum-cleaner","status":"publish","type":"product","link":"https:\/\/www.ferberpainting.com\/lt\/products\/aluminum-cleaner\/","title":{"rendered":"Aliuminio valiklis"},"content":{"rendered":"<p><img decoding=\"async\" style=\"margin-right: 12px;\" src=\"https:\/\/www.ferberpainting.com\/wp-content\/uploads\/2026\/02\/Check.svg\" alt=\"\" width=\"18\" height=\"15\" \/><strong>Optimalus veiksmingumas. <\/strong>\u0160is aliuminio valiklis specialiai sukurtas oksidacijos \u017eym\u0117ms, kalki\u0173 nuos\u0117doms, \u012fsisen\u0117jusiems ne\u0161varumams ir tar\u0161os liku\u010diams pa\u0161alinti. Jis atkuria pirmin\u012f aliuminio blizges\u012f giliai valydamas, nekeisdamas ir nebrai\u017eydamas pavir\u0161iaus. Jo galingas veikimas padeda atkurti aliuminio pavir\u0161i\u0173 - neapdorot\u0173, anoduot\u0173 ar lakuot\u0173 - blizges\u012f ir \u0161var\u0105.<\/p>\n<p><img decoding=\"async\" style=\"margin-right: 12px;\" src=\"https:\/\/www.ferberpainting.com\/wp-content\/uploads\/2026\/02\/Check.svg\" alt=\"\" width=\"18\" height=\"15\" \/><strong>Pinig\u0173 gr\u0105\u017einimo garantija.<\/strong> Esame \u012fsitikin\u0119 m\u016bs\u0173 aliuminio valiklio veiksmingumu ir jo geb\u0117jimu suteikti aliuminio pavir\u0161iams tarsi nauj\u0105 apdail\u0105. Jei po naudojimo nesate visi\u0161kai patenkinti, galite atgauti visus sumok\u0117tus pinigus. I\u0161bandykite be rizikos ir \u012fsitikinkite rezultatais patys.<\/p>\n<p><img decoding=\"async\" style=\"margin-right: 12px;\" src=\"https:\/\/www.ferberpainting.com\/wp-content\/uploads\/2026\/02\/Check.svg\" alt=\"\" width=\"18\" height=\"15\" \/><strong>I\u0161skirtinis universalumas.<\/strong>\u00a0\u0160is valiklis skirtas ne tik aliuminiui! Jis taip pat veiksmingas ner\u016bdijan\u010diam plienui, variui, \u017ealvariui ir da\u017eytiems ar anoduotiems metaliniams pavir\u0161iams. Jis idealiai tinka lang\u0173 r\u0117mams, vartams, tur\u0117klams, automobili\u0173 dalims, virtuv\u0117s prietaisams ir pramoninei \u012frangai valyti lauke ir lauke, nepa\u017eeid\u017eiant apdorotos med\u017eiagos.<\/p>\n<p><img decoding=\"async\" style=\"margin-right: 12px;\" src=\"https:\/\/www.ferberpainting.com\/wp-content\/uploads\/2026\/02\/Check.svg\" alt=\"\" width=\"18\" height=\"15\" \/><strong>Ekonomi\u0161kas.<\/strong>\u00a0D\u0117l 5 litr\u0173 formato ir itin koncentruotos formul\u0117s \u0161is valiklis yra labai vertingas. Dideliems pavir\u0161iams valyti pakanka nedidelio kiekio. Vidutini\u0161kai 1 litru galima i\u0161valyti iki 50 m\u00b2 aliuminio pavir\u0161iaus, tod\u0117l tai ekonomi\u0161kas ir tvarus sprendimas tiek reguliariam, tiek intensyviam valymui.<\/p>\n<p><img decoding=\"async\" style=\"margin-right: 12px;\" src=\"https:\/\/www.ferberpainting.com\/wp-content\/uploads\/2026\/02\/Check.svg\" alt=\"\" width=\"18\" height=\"15\" \/><strong>Saugu naudoti.<\/strong>\u00a0Skirtingai nuo a\u0161tri\u0173 chemini\u0173 valikli\u0173, \u0161is produktas yra saugus tiek pavir\u0161iams, tiek naudotojams. Jame n\u0117ra toksi\u0161k\u0173 tirpikli\u0173, jis neskleid\u017eia kenksming\u0173 gar\u0173 ir yra saugus naudoti tiek patalpose, tiek lauke. Naudojant pagal nurodymus, jis ner\u016bdija ir nepa\u017eeid\u017eia apdorot\u0173 med\u017eiag\u0173 bei i\u0161saugo pavir\u0161iaus vientisum\u0105.<\/p>\n<p><img decoding=\"async\" style=\"margin-right: 12px;\" src=\"https:\/\/www.ferberpainting.com\/wp-content\/uploads\/2026\/02\/Check.svg\" alt=\"\" width=\"18\" height=\"15\" \/><strong>Paprasta naudoti.<\/strong>\u00a0\u0160is produktas yra paruo\u0161tas naudoti, jo nereikia skiesti ar sud\u0117tingai ruo\u0161ti. Tiesiog u\u017etepkite j\u012f ant pavir\u0161iaus, leiskite trumpai nusistov\u0117ti ir nuplaukite arba nuvalykite. Greitas ir intuityvus jo naudojimas u\u017etikrina lengv\u0105 ir veiksming\u0105 valym\u0105 tiek asmeniniam, tiek profesionaliam naudojimui.<\/p>\n<p><img decoding=\"async\" style=\"margin-right: 12px;\" src=\"https:\/\/www.ferberpainting.com\/wp-content\/uploads\/2026\/02\/Check.svg\" alt=\"\" width=\"18\" height=\"15\" \/><strong>Ilgalaikis patvarumas.<\/strong>\u00a0Pa\u0161alindamas priemai\u0161as ir apsaugodamas nuo oksidacijos, \u0161is valiklis prailgina aliuminio pavir\u0161i\u0173 tarnavimo laik\u0105. Reguliari prie\u017ei\u016bra padeda i\u0161vengti blukimo ir ankstyvo irimo, u\u017etikrina ilgesn\u012f blizges\u012f ir atsparum\u0105 nusid\u0117v\u0117jimui.<\/p>\n<p><img decoding=\"async\" style=\"margin-right: 12px;\" src=\"https:\/\/www.ferberpainting.com\/wp-content\/uploads\/2026\/02\/Check.svg\" alt=\"\" width=\"18\" height=\"15\" \/><strong>Greitas veiksmas.<\/strong>\u00a0D\u0117l itin reaktyvios formul\u0117s \u0161is valiklis akimirksniu veikia ne\u0161varumus ir oksidacij\u0105. Vos per kelias sekundes jis i\u0161tirpina ne\u0161varumus ir leid\u017eia greitai ir veiksmingai i\u0161valyti. Jis i\u0161 karto duoda matom\u0173 rezultat\u0173, taupydamas j\u016bs\u0173 laik\u0105 ir pastangas.<\/p>\n<h2><strong>Naudojimo instrukcijos<\/strong><\/h2>\n<ul>\n<li><strong>Paruo\u0161imas <\/strong>: Prie\u0161 tepdami gamin\u012f \u012fsitikinkite, kad ant aliuminio pavir\u0161iaus n\u0117ra dulki\u0173 ar kiet\u0173 daleli\u0173.<\/li>\n<li><strong>Parai\u0161ka <\/strong>: Nedidel\u012f kiek\u012f valiklio u\u017etepkite ant mink\u0161tos \u0161luost\u0117s, kempin\u0117s arba tiesiai ant pavir\u0161iaus.<\/li>\n<li><strong>Valymas <\/strong>: Tolygiai paskirstykite produkt\u0105 ir palikite 2-5 minutes, kad i\u0161tirpt\u0173 ne\u0161varumai ir oksidacija. Stiprias d\u0117mes \u0161velniai nu\u0161veiskite mink\u0161tu \u0161epe\u010diu arba neabrazyvine kempine.<\/li>\n<li><strong>Skalavimas <\/strong>: Nuvalykite dr\u0117gna \u0161luoste arba kruop\u0161\u010diai nuplaukite \u0161variu vandeniu, kad pa\u0161alintum\u0117te liku\u010dius ir i\u0161vengtum\u0117te dry\u017ei\u0173.<\/li>\n<li><strong>D\u017eiovinimas ir poliravimas <\/strong>: Nuvalykite sausa mikropluo\u0161to \u0161luoste, kad atgautum\u0117te nat\u016bral\u0173 aliuminio blizges\u012f ir u\u017ebaigtum\u0117te darb\u0105.<\/li>\n<li><strong>Naudojimo da\u017enumas <\/strong>: Tepkite i\u0161kart, kai tik atsiranda oksidacija ar mati\u0161kumas, arba naudokite reguliariai, kad i\u0161laikytum\u0117te aliuminio ry\u0161kum\u0105 ir \u0161var\u0105.<\/li>\n<li><strong>Saugykla <\/strong>: Po kiekvieno naudojimo sandariai u\u017edarykite talpykl\u0119 ir laikykite j\u0105 v\u0117sioje, sausoje, apsaugotoje nuo \u0161viesos ir ekstremalios temperat\u016bros vietoje, kad i\u0161likt\u0173 veiksminga.<\/li>\n<\/ul>\n<p>Naudodami m\u016bs\u0173 aliuminio valikl\u012f saugiai ir be pastang\u0173 atkursite metalini\u0173 pavir\u0161i\u0173 blizges\u012f ir \u0161var\u0105.<\/p>","protected":false},"excerpt":{"rendered":"<p>Optimal Effectiveness. This aluminium cleaner is specially designed to eliminate oxidation marks, limescale deposits, embedded dirt, and pollution residues. It restores aluminium\u2019s original shine by deep-cleaning without altering or scratching the surface. Its powerful action helps restore brilliance and cleanliness to aluminium surfaces\u2014whether raw, anodized, or lacquered. Money-back guarantee. We are confident in the effectiveness [&hellip;]<\/p>\n","protected":false},"featured_media":36582,"comment_status":"open","ping_status":"closed","template":"","meta":{"_uag_custom_page_level_css":"","site-sidebar-layout":"default","site-content-layout":"","ast-site-content-layout":"default","site-content-style":"default","site-sidebar-style":"default","ast-global-header-display":"","ast-banner-title-visibility":"","ast-main-header-display":"","ast-hfb-above-header-display":"","ast-hfb-below-header-display":"","ast-hfb-mobile-header-display":"","site-post-title":"","ast-breadcrumbs-content":"","ast-featured-img":"","footer-sml-layout":"","ast-disable-related-posts":"","theme-transparent-header-meta":"default","adv-header-id-meta":"","stick-header-meta":"","header-above-stick-meta":"","header-main-stick-meta":"","header-below-stick-meta":"","astra-migrate-meta-layouts":"set","ast-page-background-enabled":"default","ast-page-background-meta":{"desktop":{"background-color":"var(--ast-global-color-4)","background-image":"","background-repeat":"repeat","background-position":"center center","background-size":"auto","background-attachment":"scroll","background-type":"","background-media":"","overlay-type":"","overlay-color":"","overlay-opacity":"","overlay-gradient":""},"tablet":{"background-color":"","background-image":"","background-repeat":"repeat","background-position":"center center","background-size":"auto","background-attachment":"scroll","background-type":"","background-media":"","overlay-type":"","overlay-color":"","overlay-opacity":"","overlay-gradient":""},"mobile":{"background-color":"","background-image":"","background-repeat":"repeat","background-position":"center center","background-size":"auto","background-attachment":"scroll","background-type":"","background-media":"","overlay-type":"","overlay-color":"","overlay-opacity":"","overlay-gradient":""}},"ast-content-background-meta":{"desktop":{"background-color":"var(--ast-global-color-5)","background-image":"","background-repeat":"repeat","background-position":"center center","background-size":"auto","background-attachment":"scroll","background-type":"","background-media":"","overlay-type":"","overlay-color":"","overlay-opacity":"","overlay-gradient":""},"tablet":{"background-color":"var(--ast-global-color-5)","background-image":"","background-repeat":"repeat","background-position":"center center","background-size":"auto","background-attachment":"scroll","background-type":"","background-media":"","overlay-type":"","overlay-color":"","overlay-opacity":"","overlay-gradient":""},"mobile":{"background-color":"var(--ast-global-color-5)","background-image":"","background-repeat":"repeat","background-position":"center center","background-size":"auto","background-attachment":"scroll","background-type":"","background-media":"","overlay-type":"","overlay-color":"","overlay-opacity":"","overlay-gradient":""}}},"product_brand":[],"product_cat":[175],"product_tag":[],"class_list":{"0":"post-23049","1":"product","2":"type-product","3":"status-publish","4":"has-post-thumbnail","6":"product_cat-cleaning-products","7":"desktop-align-left","8":"tablet-align-left","9":"mobile-align-left","11":"first","12":"instock","13":"sale","14":"taxable","15":"shipping-taxable","16":"purchasable","17":"product-type-variable","18":"has-default-attributes"},"spectra_custom_meta":{"_visibility":["visible"],"_shopify_product_id":["9101808140533"],"_s2w_shopify_domain":["ferberpainting.myshopify.com"],"_shopify_variant_id":["46613503017205"],"_sku":["FPALUMINUMCLEANER"],"_manage_stock":["no"],"total_sales":["171"],"_tax_status":["taxable"],"_tax_class":[""],"_backorders":["no"],"_sold_individually":["no"],"_virtual":["no"],"_downloadable":["no"],"_download_limit":["-1"],"_download_expiry":["-1"],"_stock":[null],"_stock_status":["instock"],"_wc_average_rating":["5.00"],"_wc_review_count":["12"],"_product_attributes":["a:1:{s:6:\"volume\";a:6:{s:4:\"name\";s:6:\"Volume\";s:5:\"value\";s:20:\"5 liters | 25 liters\";s:8:\"position\";i:1;s:10:\"is_visible\";i:0;s:12:\"is_variation\";i:1;s:11:\"is_taxonomy\";i:0;}}"],"_product_version":["10.5.2"],"wpse_downloadable_file_names":[""],"wpse_downloadable_file_urls":[""],"_edit_last":["1"],"_default_attributes":["a:1:{s:6:\"volume\";s:8:\"5 liters\";}"],"_edit_lock":["1771954880:1"],"_price":["29.90","129.90"],"merchant-center-availability":["yes"],"merchant-center-category":["4973"],"_thumbnail_id":["36582"],"_wp_page_template":["default"],"_wp_old_date":["2025-05-26"],"_product_image_gallery":["36583"],"site-sidebar-layout":["default"],"ast-site-content-layout":["default"],"site-content-style":["default"],"site-sidebar-style":["default"],"theme-transparent-header-meta":["default"],"_wc_rating_count":["a:1:{i:5;i:12;}"],"astra-migrate-meta-layouts":["set"],"_uag_css_file_name":["uag-css-23049.css"],"_elementor_page_assets":["a:0:{}"]},"uagb_featured_image_src":{"full":["https:\/\/www.ferberpainting.com\/wp-content\/uploads\/2025\/05\/Aluminum-Cleaner-5L.png",2560,2560,false],"thumbnail":["https:\/\/www.ferberpainting.com\/wp-content\/uploads\/2025\/05\/Aluminum-Cleaner-5L-150x150.png",150,150,true],"medium":["https:\/\/www.ferberpainting.com\/wp-content\/uploads\/2025\/05\/Aluminum-Cleaner-5L-300x300.png",300,300,true],"medium_large":["https:\/\/www.ferberpainting.com\/wp-content\/uploads\/2025\/05\/Aluminum-Cleaner-5L-768x768.png",768,768,true],"large":["https:\/\/www.ferberpainting.com\/wp-content\/uploads\/2025\/05\/Aluminum-Cleaner-5L-1024x1024.png",1024,1024,true],"1536x1536":["https:\/\/www.ferberpainting.com\/wp-content\/uploads\/2025\/05\/Aluminum-Cleaner-5L-1536x1536.png",1536,1536,true],"2048x2048":["https:\/\/www.ferberpainting.com\/wp-content\/uploads\/2025\/05\/Aluminum-Cleaner-5L-2048x2048.png",2048,2048,true],"trp-custom-language-flag":["https:\/\/www.ferberpainting.com\/wp-content\/uploads\/2025\/05\/Aluminum-Cleaner-5L-12x12.png",12,12,true],"woocommerce_thumbnail":["https:\/\/www.ferberpainting.com\/wp-content\/uploads\/2025\/05\/Aluminum-Cleaner-5L-300x300.png",300,300,true],"woocommerce_single":["https:\/\/www.ferberpainting.com\/wp-content\/uploads\/2025\/05\/Aluminum-Cleaner-5L-600x600.png",600,600,true],"woocommerce_gallery_thumbnail":["https:\/\/www.ferberpainting.com\/wp-content\/uploads\/2025\/05\/Aluminum-Cleaner-5L-100x100.png",100,100,true]},"uagb_author_info":{"display_name":"admin","author_link":"https:\/\/www.ferberpainting.com\/lt\/author\/"},"uagb_comment_info":12,"uagb_excerpt":"Optimal Effectiveness. This aluminium cleaner is specially designed to eliminate oxidation marks, limescale deposits, embedded dirt, and pollution residues. It restores aluminium\u2019s original shine by deep-cleaning without altering or scratching the surface. Its powerful action helps restore brilliance and cleanliness to aluminium surfaces\u2014whether raw, anodized, or lacquered. Money-back guarantee. We are confident in the effectiveness&hellip;","_links":{"self":[{"href":"https:\/\/www.ferberpainting.com\/lt\/wp-json\/wp\/v2\/product\/23049","targetHints":{"allow":["GET"]}}],"collection":[{"href":"https:\/\/www.ferberpainting.com\/lt\/wp-json\/wp\/v2\/product"}],"about":[{"href":"https:\/\/www.ferberpainting.com\/lt\/wp-json\/wp\/v2\/types\/product"}],"replies":[{"embeddable":true,"href":"https:\/\/www.ferberpainting.com\/lt\/wp-json\/wp\/v2\/comments?post=23049"}],"version-history":[{"count":8,"href":"https:\/\/www.ferberpainting.com\/lt\/wp-json\/wp\/v2\/product\/23049\/revisions"}],"predecessor-version":[{"id":166014,"href":"https:\/\/www.ferberpainting.com\/lt\/wp-json\/wp\/v2\/product\/23049\/revisions\/166014"}],"wp:featuredmedia":[{"embeddable":true,"href":"https:\/\/www.ferberpainting.com\/lt\/wp-json\/wp\/v2\/media\/36582"}],"wp:attachment":[{"href":"https:\/\/www.ferberpainting.com\/lt\/wp-json\/wp\/v2\/media?parent=23049"}],"wp:term":[{"taxonomy":"product_brand","embeddable":true,"href":"https:\/\/www.ferberpainting.com\/lt\/wp-json\/wp\/v2\/product_brand?post=23049"},{"taxonomy":"product_cat","embeddable":true,"href":"https:\/\/www.ferberpainting.com\/lt\/wp-json\/wp\/v2\/product_cat?post=23049"},{"taxonomy":"product_tag","embeddable":true,"href":"https:\/\/www.ferberpainting.com\/lt\/wp-json\/wp\/v2\/product_tag?post=23049"}],"curies":[{"name":"wp","href":"https:\/\/api.w.org\/{rel}","templated":true}]}}