{"id":23040,"date":"2025-05-26T10:22:20","date_gmt":"2025-05-26T08:22:20","guid":{"rendered":"https:\/\/www.ferberpainting.com\/products\/air-dry-clay-varnish\/"},"modified":"2026-02-24T18:40:15","modified_gmt":"2026-02-24T17:40:15","slug":"air-dry-clay-varnish","status":"publish","type":"product","link":"https:\/\/www.ferberpainting.com\/lt\/products\/air-dry-clay-varnish\/","title":{"rendered":"D\u017ei\u016bstan\u010dio oro lako molio lakas"},"content":{"rendered":"<p><img decoding=\"async\" style=\"margin-right: 12px;\" src=\"https:\/\/www.ferberpainting.com\/wp-content\/uploads\/2026\/02\/Check.svg\" alt=\"\" width=\"18\" height=\"15\" \/><strong>Optimali apsauga ir apdaila<\/strong> <strong>savaime kiet\u0117jantis molis.<\/strong>\u00a0\u0160is specialiai savaime kiet\u0117jan\u010diam moliui skirtas lakas suteikia k\u016briniams, pagamintiems be kepimo, patvari\u0105 ir atspari\u0105 apdail\u0105. Jis veiksmingai apsaugo pavir\u0161i\u0173 nuo dr\u0117gm\u0117s, dulki\u0173 ir nusid\u0117v\u0117jimo, kartu i\u0161ry\u0161kindamas modelio detales ir tekst\u016br\u0105. Priklausomai nuo naudojimo ir sluoksni\u0173 skai\u010diaus, jis suteikia satinin\u0119, matin\u0119 arba blizgi\u0105 apdail\u0105.<\/p>\n<p><img decoding=\"async\" style=\"margin-right: 12px;\" src=\"https:\/\/www.ferberpainting.com\/wp-content\/uploads\/2026\/02\/Check.svg\" alt=\"\" width=\"18\" height=\"15\" \/><strong>Pinig\u0173 gr\u0105\u017einimo garantija. <\/strong>Visi\u0161kai pasitikime savo laku, skirtu savaime kiet\u0117jan\u010diam moliui. Tod\u0117l si\u016blome pinig\u0173 gr\u0105\u017einimo garantij\u0105. Jei produktas neatitinka j\u016bs\u0173 l\u016bkes\u010di\u0173 po to, kai j\u012f panaudojote pagal rekomendacijas, galite pra\u0161yti gr\u0105\u017einti pinigus be joki\u0173 s\u0105lyg\u0173, taip u\u017etikrindami pirkim\u0105 be r\u016bpes\u010di\u0173.<\/p>\n<p><img decoding=\"async\" style=\"margin-right: 12px;\" src=\"https:\/\/www.ferberpainting.com\/wp-content\/uploads\/2026\/02\/Check.svg\" alt=\"\" width=\"18\" height=\"15\" \/><strong>Suderinamas su \u012fvairi\u0173 tip\u0173 akytomis med\u017eiagomis.<\/strong>\u00a0\u0160is lakas tinka ne tik savaime kiet\u0117jan\u010diam moliui, bet ir kitoms por\u0117toms med\u017eiagoms, pavyzd\u017eiui, tinkui, cementui, terakotai ir tam tikriems nat\u016braliems akmenims. Jis idealiai tinka vis\u0173 r\u016b\u0161i\u0173 amatinink\u0173 k\u016briniams, skulpt\u016broms ir rank\u0173 darbo dekoratyviniams daiktams sandarinti ir apsaugoti.<\/p>\n<p><img decoding=\"async\" style=\"margin-right: 12px;\" src=\"https:\/\/www.ferberpainting.com\/wp-content\/uploads\/2026\/02\/Check.svg\" alt=\"\" width=\"18\" height=\"15\" \/> <strong>Ekonomi\u0161kas derlius ir optimalus naudojimas.<\/strong>\u00a0D\u0117l koncentruotos sud\u0117ties 1 litras lako padengia nuo 8 iki 12 m\u00b2, priklausomai nuo pavir\u0161iaus akytumo ir u\u017etept\u0173 sluoksni\u0173 storio. Gerai apsaugai u\u017etenka vieno sluoksnio, o norint geriau \u012fsiskverbti ant labai sugerian\u010di\u0173 pavir\u0161i\u0173, produkt\u0105 galima \u0161iek tiek praskiesti.<\/p>\n<p><img decoding=\"async\" style=\"margin-right: 12px;\" src=\"https:\/\/www.ferberpainting.com\/wp-content\/uploads\/2026\/02\/Check.svg\" alt=\"\" width=\"18\" height=\"15\" \/><strong>Saugus, netoksi\u0161kas produktas.<\/strong>\u00a0\u0160iame lake n\u0117ra agresyvi\u0173 tirpikli\u0173 ir toksi\u0161k\u0173 gar\u0173, tod\u0117l j\u012f saugu naudoti patalpose ir lauke. Jis yra bekvapis ir gali b\u016bti naudojamas u\u017edarose patalpose be joki\u0173 speciali\u0173 apsaugos priemoni\u0173, tod\u0117l puikiai tinka menininkams, amatininkams ir m\u0117g\u0117jams.<\/p>\n<p><img decoding=\"async\" style=\"margin-right: 12px;\" src=\"https:\/\/www.ferberpainting.com\/wp-content\/uploads\/2026\/02\/Check.svg\" alt=\"\" width=\"18\" height=\"15\" \/><strong>Lengvai u\u017etepamas, kad b\u016bt\u0173 tolygi apdaila.<\/strong>\u00a0\u0160is lakas yra paruo\u0161tas naudoti ir lengvai tepamas teptuku, kempine ar mink\u0161ta \u0161luoste, tod\u0117l j\u012f galima tolygiai paskirstyti be matom\u0173 teptuko \u017eymi\u0173. Jis greitai d\u017ei\u016bsta, tod\u0117l galima dengti papildomais sluoksniais, kad padidintum\u0117te apsaug\u0105 arba pakoreguotum\u0117te apdail\u0105 pagal pageidavim\u0105.<\/p>\n<p><img decoding=\"async\" style=\"margin-right: 12px;\" src=\"https:\/\/www.ferberpainting.com\/wp-content\/uploads\/2026\/02\/Check.svg\" alt=\"\" width=\"18\" height=\"15\" \/><strong>Ilgaam\u017ei\u0161kumas ir sustiprintas atsparumas j\u016bs\u0173 k\u016briniams.<\/strong>\u00a0U\u017eteptas ir i\u0161d\u017ei\u016bv\u0119s \u0161is lakas u\u017etikrina ilgalaik\u0119 apsaug\u0105 nuo vandens, d\u0117mi\u0173 ir kasdienio nusid\u0117v\u0117jimo, taip padidindamas molio k\u016brini\u0173 ilgaam\u017ei\u0161kum\u0105 ir tvirtum\u0105. Jis taip pat sustiprina objekt\u0173 strukt\u016br\u0105, suma\u017eina trapum\u0105 ir apriboja ply\u0161imo rizik\u0105 laikui b\u0117gant.<\/p>\n<p><img decoding=\"async\" style=\"margin-right: 12px;\" src=\"https:\/\/www.ferberpainting.com\/wp-content\/uploads\/2026\/02\/Check.svg\" alt=\"\" width=\"18\" height=\"15\" \/><strong>Greitai d\u017ei\u016bsta, kad b\u016bt\u0173 i\u0161baigtas.<\/strong>\u00a0D\u0117l greitai d\u017ei\u016bstan\u010dios formul\u0117s \u0161is lakas i\u0161d\u017ei\u016bsta ant pavir\u0161iaus per 30-60 minu\u010di\u0173, o did\u017eiausi\u0105 stiprum\u0105 \u012fgauna po 24 valand\u0173. Jis pagreitina i\u0161 savaime kiet\u0117jan\u010dio molio pagamint\u0173 daikt\u0173 apdailos proces\u0105, tod\u0117l nereikia ilgai laukti, kol daiktas bus tvarkomas ar eksponuojamas.<\/p>\n<h2><strong>Naudojimo protokolas<\/strong><\/h2>\n<ul>\n<li><strong>Pavir\u0161iaus paruo\u0161imas <\/strong>: Prie\u0161 tepdami lak\u0105 \u012fsitikinkite, kad savaime kiet\u0117jan\u010dio molio pavir\u0161ius yra visi\u0161kai sausas. Dulkes ar liku\u010dius pa\u0161alinkite sausu skudur\u0117liu ar \u0161variu \u0161epet\u0117liu, kad b\u016bt\u0173 u\u017etikrintas optimalus sukibimas.<\/li>\n<li><strong>Rekomenduojama apr\u0117ptis <\/strong>: Tepkite 1 litr\u0105 8-12 m\u00b2, priklausomai nuo med\u017eiagos akytumo. Pavir\u0161iaus apsaugai pakanka vieno plono sluoksnio, nors keli sluoksniai gali padidinti nepralaidum\u0105 ir estetin\u012f poveik\u012f.<\/li>\n<li><strong>Lako dengimas <\/strong>: Lak\u0105 tepkite mink\u0161tu \u0161epet\u0117liu, kempine arba mink\u0161ta \u0161luoste, tolygiais judesiais, kad produktas tolygiai pasiskirstyt\u0173. Dirbkite plonais sluoksniais, kad i\u0161vengtum\u0117te perteklinio susikaupimo ir pasiektum\u0117te vientis\u0105 apdail\u0105.<\/li>\n<li><strong>D\u017ei\u016bvimo laikas <\/strong>: Prie\u0161 tepdami antr\u0105 sluoksn\u012f, jei reikia, leiskite pirmajam sluoksniui i\u0161d\u017ei\u016bti 30-60 minu\u010di\u0173. Kad visi\u0161kai i\u0161d\u017ei\u016bt\u0173 ir b\u016bt\u0173 maksimaliai atsparus, prie\u0161 tvarkydami objekt\u0105 ar ilgai j\u012f veikdami, palaukite 24 valandas.<\/li>\n<li><strong>Apdailos reguliavimas <\/strong>: Nor\u0117dami i\u0161gauti blizges\u012f, antruoju arba tre\u010diuoju sluoksniu tepkite po to, kai i\u0161d\u017eius ankstesnis sluoksnis. Jei norite i\u0161gauti matin\u012f efekt\u0105, paskutin\u012f sluoksn\u012f, visi\u0161kai i\u0161d\u017ei\u016bvus\u012f, lengvai nu\u0161lifuokite mink\u0161tu audiniu.<\/li>\n<li><strong>Valymo \u012frankiai <\/strong>: I\u0161kart po tepimo \u0161epet\u0117lius, kempin\u0117les ir \u0161luostes nuvalykite \u0161variu vandeniu, kad produktas nesukiet\u0117t\u0173 ant \u012franki\u0173 ir kad juos b\u016bt\u0173 galima pakartotinai naudoti kitiems projektams.<\/li>\n<\/ul>\n<p>&nbsp;<\/p>","protected":false},"excerpt":{"rendered":"<p>Optimal protection and finish for self-hardening clay.\u00a0This varnish specially designed for self-hardening clay provides a durable, resistant finish to creations made without baking. It effectively protects the surface against humidity, dust, and wear, while enhancing details and textures of the model. It offers a satin, matte, or glossy finish depending on application and the number [&hellip;]<\/p>\n","protected":false},"featured_media":23444,"comment_status":"open","ping_status":"closed","template":"","meta":{"_uag_custom_page_level_css":"","site-sidebar-layout":"default","site-content-layout":"","ast-site-content-layout":"default","site-content-style":"default","site-sidebar-style":"default","ast-global-header-display":"","ast-banner-title-visibility":"","ast-main-header-display":"","ast-hfb-above-header-display":"","ast-hfb-below-header-display":"","ast-hfb-mobile-header-display":"","site-post-title":"","ast-breadcrumbs-content":"","ast-featured-img":"","footer-sml-layout":"","ast-disable-related-posts":"","theme-transparent-header-meta":"default","adv-header-id-meta":"","stick-header-meta":"","header-above-stick-meta":"","header-main-stick-meta":"","header-below-stick-meta":"","astra-migrate-meta-layouts":"set","ast-page-background-enabled":"default","ast-page-background-meta":{"desktop":{"background-color":"var(--ast-global-color-4)","background-image":"","background-repeat":"repeat","background-position":"center center","background-size":"auto","background-attachment":"scroll","background-type":"","background-media":"","overlay-type":"","overlay-color":"","overlay-opacity":"","overlay-gradient":""},"tablet":{"background-color":"","background-image":"","background-repeat":"repeat","background-position":"center center","background-size":"auto","background-attachment":"scroll","background-type":"","background-media":"","overlay-type":"","overlay-color":"","overlay-opacity":"","overlay-gradient":""},"mobile":{"background-color":"","background-image":"","background-repeat":"repeat","background-position":"center center","background-size":"auto","background-attachment":"scroll","background-type":"","background-media":"","overlay-type":"","overlay-color":"","overlay-opacity":"","overlay-gradient":""}},"ast-content-background-meta":{"desktop":{"background-color":"var(--ast-global-color-5)","background-image":"","background-repeat":"repeat","background-position":"center center","background-size":"auto","background-attachment":"scroll","background-type":"","background-media":"","overlay-type":"","overlay-color":"","overlay-opacity":"","overlay-gradient":""},"tablet":{"background-color":"var(--ast-global-color-5)","background-image":"","background-repeat":"repeat","background-position":"center center","background-size":"auto","background-attachment":"scroll","background-type":"","background-media":"","overlay-type":"","overlay-color":"","overlay-opacity":"","overlay-gradient":""},"mobile":{"background-color":"var(--ast-global-color-5)","background-image":"","background-repeat":"repeat","background-position":"center center","background-size":"auto","background-attachment":"scroll","background-type":"","background-media":"","overlay-type":"","overlay-color":"","overlay-opacity":"","overlay-gradient":""}}},"product_brand":[],"product_cat":[190],"product_tag":[],"class_list":{"0":"post-23040","1":"product","2":"type-product","3":"status-publish","4":"has-post-thumbnail","6":"product_cat-varnish","7":"desktop-align-left","8":"tablet-align-left","9":"mobile-align-left","11":"first","12":"instock","13":"sale","14":"shipping-taxable","15":"purchasable","16":"product-type-variable","17":"has-default-attributes"},"spectra_custom_meta":{"_visibility":["visible"],"_shopify_product_id":["9060510728437"],"_s2w_shopify_domain":["ferberpainting.myshopify.com"],"_shopify_variant_id":["46483478675701"],"_sku":["FPAIRDRYCLAYVARNISH"],"_manage_stock":["no"],"total_sales":["30"],"_tax_status":["taxable"],"_tax_class":[""],"_backorders":["no"],"_sold_individually":["no"],"_virtual":["no"],"_downloadable":["no"],"_download_limit":["-1"],"_download_expiry":["-1"],"_stock":[null],"_stock_status":["instock"],"_wc_average_rating":["4.75"],"_wc_review_count":["8"],"_product_attributes":["a:1:{s:6:\"volume\";a:6:{s:4:\"name\";s:6:\"Volume\";s:5:\"value\";s:30:\"1 liter | 5 liters | 20 liters\";s:8:\"position\";i:1;s:10:\"is_visible\";i:0;s:12:\"is_variation\";i:1;s:11:\"is_taxonomy\";i:0;}}"],"_product_version":["10.5.2"],"_thumbnail_id":["23444"],"_product_image_gallery":["23496,23553"],"_edit_lock":["1771954850:1"],"_edit_last":["1"],"_wp_page_template":["default"],"site-sidebar-layout":["default"],"ast-site-content-layout":["default"],"site-content-style":["default"],"site-sidebar-style":["default"],"theme-transparent-header-meta":["default"],"wpse_downloadable_file_names":[""],"wpse_downloadable_file_urls":[""],"_default_attributes":["a:1:{s:6:\"volume\";s:7:\"1 liter\";}"],"merchant-center-availability":["yes"],"merchant-center-category":["503738"],"_price":["29.90","129.90","499.90"],"_wc_rating_count":["a:2:{i:4;i:2;i:5;i:6;}"],"astra-migrate-meta-layouts":["set"],"_uag_css_file_name":["uag-css-23040.css"],"_elementor_page_assets":["a:0:{}"],"_uag_page_assets":["a:9:{s:3:\"css\";s:7133:\".uag-blocks-common-selector{z-index:var(--z-index-desktop) !important}@media(max-width: 976px){.uag-blocks-common-selector{z-index:var(--z-index-tablet) !important}}@media(max-width: 767px){.uag-blocks-common-selector{z-index:var(--z-index-mobile) !important}}.wp-block-uagb-image{display:flex}.wp-block-uagb-image__figure{position:relative;display:flex;flex-direction:column;max-width:100%;height:auto;margin:0}.wp-block-uagb-image__figure img{height:auto;display:flex;max-width:100%;transition:box-shadow .2s ease}.wp-block-uagb-image__figure>a{display:inline-block}.wp-block-uagb-image__figure figcaption{text-align:center;margin-top:.5em;margin-bottom:1em}.wp-block-uagb-image .components-placeholder.block-editor-media-placeholder .components-placeholder__instructions{align-self:center}.wp-block-uagb-image--align-left{text-align:left}.wp-block-uagb-image--align-right{text-align:right}.wp-block-uagb-image--align-center{text-align:center}.wp-block-uagb-image--align-full .wp-block-uagb-image__figure{margin-left:calc(50% - 50vw);margin-right:calc(50% - 50vw);max-width:100vw;width:100vw;height:auto}.wp-block-uagb-image--align-full .wp-block-uagb-image__figure img{height:auto;width:100% !important}.wp-block-uagb-image--align-wide .wp-block-uagb-image__figure img{height:auto;width:100%}.wp-block-uagb-image--layout-overlay__color-wrapper{position:absolute;left:0;top:0;right:0;bottom:0;opacity:.2;background:rgba(0,0,0,.5);transition:opacity .35s ease-in-out}.wp-block-uagb-image--layout-overlay-link{position:absolute;left:0;right:0;bottom:0;top:0}.wp-block-uagb-image--layout-overlay .wp-block-uagb-image__figure:hover .wp-block-uagb-image--layout-overlay__color-wrapper{opacity:1}.wp-block-uagb-image--layout-overlay__inner{position:absolute;left:15px;right:15px;bottom:15px;top:15px;display:flex;align-items:center;justify-content:center;flex-direction:column;border-color:#fff;transition:.35s ease-in-out}.wp-block-uagb-image--layout-overlay__inner.top-left,.wp-block-uagb-image--layout-overlay__inner.top-center,.wp-block-uagb-image--layout-overlay__inner.top-right{justify-content:flex-start}.wp-block-uagb-image--layout-overlay__inner.bottom-left,.wp-block-uagb-image--layout-overlay__inner.bottom-center,.wp-block-uagb-image--layout-overlay__inner.bottom-right{justify-content:flex-end}.wp-block-uagb-image--layout-overlay__inner.top-left,.wp-block-uagb-image--layout-overlay__inner.center-left,.wp-block-uagb-image--layout-overlay__inner.bottom-left{align-items:flex-start}.wp-block-uagb-image--layout-overlay__inner.top-right,.wp-block-uagb-image--layout-overlay__inner.center-right,.wp-block-uagb-image--layout-overlay__inner.bottom-right{align-items:flex-end}.wp-block-uagb-image--layout-overlay__inner .uagb-image-heading{color:#fff;transition:transform .35s,opacity .35s ease-in-out;transform:translate3d(0, 24px, 0);margin:0;line-height:1em}.wp-block-uagb-image--layout-overlay__inner .uagb-image-separator{width:30%;border-top-width:2px;border-top-color:#fff;border-top-style:solid;margin-bottom:10px;opacity:0;transition:transform .4s,opacity .4s ease-in-out;transform:translate3d(0, 30px, 0)}.wp-block-uagb-image--layout-overlay__inner .uagb-image-caption{opacity:0;overflow:visible;color:#fff;transition:transform .45s,opacity .45s ease-in-out;transform:translate3d(0, 35px, 0)}.wp-block-uagb-image--layout-overlay__inner:hover .uagb-image-heading,.wp-block-uagb-image--layout-overlay__inner:hover .uagb-image-separator,.wp-block-uagb-image--layout-overlay__inner:hover .uagb-image-caption{opacity:1;transform:translate3d(0, 0, 0)}.wp-block-uagb-image--effect-zoomin .wp-block-uagb-image__figure img,.wp-block-uagb-image--effect-zoomin .wp-block-uagb-image__figure .wp-block-uagb-image--layout-overlay__color-wrapper{transform:scale(1);transition:transform .35s ease-in-out}.wp-block-uagb-image--effect-zoomin .wp-block-uagb-image__figure:hover img,.wp-block-uagb-image--effect-zoomin .wp-block-uagb-image__figure:hover .wp-block-uagb-image--layout-overlay__color-wrapper{transform:scale(1.05)}.wp-block-uagb-image--effect-slide .wp-block-uagb-image__figure img,.wp-block-uagb-image--effect-slide .wp-block-uagb-image__figure .wp-block-uagb-image--layout-overlay__color-wrapper{width:calc(100% + 40px) !important;max-width:none !important;transform:translate3d(-40px, 0, 0);transition:transform .35s ease-in-out}.wp-block-uagb-image--effect-slide .wp-block-uagb-image__figure:hover img,.wp-block-uagb-image--effect-slide .wp-block-uagb-image__figure:hover .wp-block-uagb-image--layout-overlay__color-wrapper{transform:translate3d(0, 0, 0)}.wp-block-uagb-image--effect-grayscale img{filter:grayscale(0%);transition:.35s ease-in-out}.wp-block-uagb-image--effect-grayscale:hover img{filter:grayscale(100%)}.wp-block-uagb-image--effect-blur img{filter:blur(0);transition:.35s ease-in-out}.wp-block-uagb-image--effect-blur:hover img{filter:blur(3px)}.uagb-block-e6f939b3.wp-block-uagb-image--layout-default figure img{box-shadow: 0px 0px 0 #00000070;}.uagb-block-e6f939b3.wp-block-uagb-image .wp-block-uagb-image__figure figcaption{font-style: normal;align-self: center;}.uagb-block-e6f939b3.wp-block-uagb-image--layout-overlay figure img{box-shadow: 0px 0px 0 #00000070;}.uagb-block-e6f939b3.wp-block-uagb-image--layout-overlay .wp-block-uagb-image--layout-overlay__color-wrapper{opacity: 0.2;}.uagb-block-e6f939b3.wp-block-uagb-image--layout-overlay .wp-block-uagb-image--layout-overlay__inner{left: 15px;right: 15px;top: 15px;bottom: 15px;}.uagb-block-e6f939b3.wp-block-uagb-image--layout-overlay .wp-block-uagb-image--layout-overlay__inner .uagb-image-heading{font-style: normal;color: #fff;opacity: 1;}.uagb-block-e6f939b3.wp-block-uagb-image--layout-overlay .wp-block-uagb-image--layout-overlay__inner .uagb-image-heading a{color: #fff;}.uagb-block-e6f939b3.wp-block-uagb-image--layout-overlay .wp-block-uagb-image--layout-overlay__inner .uagb-image-caption{opacity: 0;}.uagb-block-e6f939b3.wp-block-uagb-image--layout-overlay .wp-block-uagb-image__figure:hover .wp-block-uagb-image--layout-overlay__color-wrapper{opacity: 1;}.uagb-block-e6f939b3.wp-block-uagb-image .wp-block-uagb-image--layout-overlay__inner .uagb-image-separator{width: 30%;border-top-width: 2px;border-top-color: #fff;opacity: 0;}.uagb-block-e6f939b3.wp-block-uagb-image .wp-block-uagb-image__figure img{width: px;height: auto;}.uagb-block-e6f939b3.wp-block-uagb-image .wp-block-uagb-image__figure:hover .wp-block-uagb-image--layout-overlay__inner .uagb-image-caption{opacity: 1;}.uagb-block-e6f939b3.wp-block-uagb-image .wp-block-uagb-image__figure:hover .wp-block-uagb-image--layout-overlay__inner .uagb-image-separator{opacity: 1;}.uagb-block-e6f939b3.wp-block-uagb-image--layout-default figure:hover img{box-shadow: 0px 0px 0 #00000070;}.uagb-block-e6f939b3.wp-block-uagb-image--layout-overlay figure:hover img{box-shadow: 0px 0px 0 #00000070;}@media only screen and (max-width: 976px) {.uagb-block-e6f939b3.wp-block-uagb-image .wp-block-uagb-image__figure img{width: px;height: auto;}}@media only screen and (max-width: 767px) {.uagb-block-e6f939b3.wp-block-uagb-image .wp-block-uagb-image__figure img{width: px;height: auto;}}\";s:2:\"js\";s:0:\"\";s:18:\"current_block_list\";a:13:{i:0;s:11:\"core\/search\";i:1;s:10:\"core\/group\";i:2;s:12:\"core\/heading\";i:3;s:17:\"core\/latest-posts\";i:4;s:20:\"core\/latest-comments\";i:5;s:13:\"core\/archives\";i:6;s:15:\"core\/categories\";i:7;s:14:\"core\/paragraph\";i:8;s:10:\"uagb\/image\";i:9;s:11:\"core\/spacer\";i:10;s:30:\"woocommerce\/product-categories\";i:11;s:10:\"core\/image\";i:12;s:14:\"core\/shortcode\";}s:8:\"uag_flag\";b:1;s:11:\"uag_version\";s:10:\"1777099223\";s:6:\"gfonts\";a:0:{}s:10:\"gfonts_url\";s:0:\"\";s:12:\"gfonts_files\";a:0:{}s:14:\"uag_faq_layout\";b:0;}"]},"uagb_featured_image_src":{"full":["https:\/\/www.ferberpainting.com\/wp-content\/uploads\/2025\/05\/Air-DryClayVarnish_1L.png",2560,2276,false],"thumbnail":["https:\/\/www.ferberpainting.com\/wp-content\/uploads\/2025\/05\/Air-DryClayVarnish_1L-150x150.png",150,150,true],"medium":["https:\/\/www.ferberpainting.com\/wp-content\/uploads\/2025\/05\/Air-DryClayVarnish_1L-300x267.png",300,267,true],"medium_large":["https:\/\/www.ferberpainting.com\/wp-content\/uploads\/2025\/05\/Air-DryClayVarnish_1L-768x683.png",768,683,true],"large":["https:\/\/www.ferberpainting.com\/wp-content\/uploads\/2025\/05\/Air-DryClayVarnish_1L-1024x910.png",1024,910,true],"1536x1536":["https:\/\/www.ferberpainting.com\/wp-content\/uploads\/2025\/05\/Air-DryClayVarnish_1L-1536x1366.png",1536,1366,true],"2048x2048":["https:\/\/www.ferberpainting.com\/wp-content\/uploads\/2025\/05\/Air-DryClayVarnish_1L-2048x1821.png",2048,1821,true],"trp-custom-language-flag":["https:\/\/www.ferberpainting.com\/wp-content\/uploads\/2025\/05\/Air-DryClayVarnish_1L-13x12.png",13,12,true],"woocommerce_thumbnail":["https:\/\/www.ferberpainting.com\/wp-content\/uploads\/2025\/05\/Air-DryClayVarnish_1L-300x300.png",300,300,true],"woocommerce_single":["https:\/\/www.ferberpainting.com\/wp-content\/uploads\/2025\/05\/Air-DryClayVarnish_1L-600x533.png",600,533,true],"woocommerce_gallery_thumbnail":["https:\/\/www.ferberpainting.com\/wp-content\/uploads\/2025\/05\/Air-DryClayVarnish_1L-100x100.png",100,100,true]},"uagb_author_info":{"display_name":"admin","author_link":"https:\/\/www.ferberpainting.com\/lt\/author\/"},"uagb_comment_info":8,"uagb_excerpt":"Optimal protection and finish for self-hardening clay.\u00a0This varnish specially designed for self-hardening clay provides a durable, resistant finish to creations made without baking. It effectively protects the surface against humidity, dust, and wear, while enhancing details and textures of the model. It offers a satin, matte, or glossy finish depending on application and the number&hellip;","_links":{"self":[{"href":"https:\/\/www.ferberpainting.com\/lt\/wp-json\/wp\/v2\/product\/23040","targetHints":{"allow":["GET"]}}],"collection":[{"href":"https:\/\/www.ferberpainting.com\/lt\/wp-json\/wp\/v2\/product"}],"about":[{"href":"https:\/\/www.ferberpainting.com\/lt\/wp-json\/wp\/v2\/types\/product"}],"replies":[{"embeddable":true,"href":"https:\/\/www.ferberpainting.com\/lt\/wp-json\/wp\/v2\/comments?post=23040"}],"version-history":[{"count":6,"href":"https:\/\/www.ferberpainting.com\/lt\/wp-json\/wp\/v2\/product\/23040\/revisions"}],"predecessor-version":[{"id":166007,"href":"https:\/\/www.ferberpainting.com\/lt\/wp-json\/wp\/v2\/product\/23040\/revisions\/166007"}],"wp:featuredmedia":[{"embeddable":true,"href":"https:\/\/www.ferberpainting.com\/lt\/wp-json\/wp\/v2\/media\/23444"}],"wp:attachment":[{"href":"https:\/\/www.ferberpainting.com\/lt\/wp-json\/wp\/v2\/media?parent=23040"}],"wp:term":[{"taxonomy":"product_brand","embeddable":true,"href":"https:\/\/www.ferberpainting.com\/lt\/wp-json\/wp\/v2\/product_brand?post=23040"},{"taxonomy":"product_cat","embeddable":true,"href":"https:\/\/www.ferberpainting.com\/lt\/wp-json\/wp\/v2\/product_cat?post=23040"},{"taxonomy":"product_tag","embeddable":true,"href":"https:\/\/www.ferberpainting.com\/lt\/wp-json\/wp\/v2\/product_tag?post=23040"}],"curies":[{"name":"wp","href":"https:\/\/api.w.org\/{rel}","templated":true}]}}