{"id":25672,"date":"2025-05-26T10:33:26","date_gmt":"2025-05-26T08:33:26","guid":{"rendered":"https:\/\/www.ferberpainting.com\/products\/wood-renovator\/"},"modified":"2026-02-18T09:58:42","modified_gmt":"2026-02-18T08:58:42","slug":"wood-renovator","status":"publish","type":"product","link":"https:\/\/www.ferberpainting.com\/it\/products\/wood-renovator\/","title":{"rendered":"Rinnovatore per legno"},"content":{"rendered":"<p><strong><img decoding=\"async\" style=\"margin-right: 12px;\" src=\"https:\/\/www.ferberpainting.com\/wp-content\/uploads\/2026\/02\/Check.svg\" alt=\"\" width=\"18\" height=\"15\" \/>Ridate vita al legno vecchio, opaco e stanco con un effetto di rinnovamento completo.<\/strong> Il nostro rinnovatore del legno \u00e8 stato appositamente formulato per ravvivare le superfici in legno danneggiate dalle intemperie, sbiadite e usurate, ripristinandone il calore naturale, la ricchezza e la profondit\u00e0 del colore. Con il passare del tempo, l'esposizione alla luce solare, alla pioggia, agli sbalzi di temperatura e all'inquinamento fa perdere al legno la sua vivacit\u00e0 e le sue qualit\u00e0 protettive. Questo trattamento di restauro avanzato penetra in profondit\u00e0 nelle fibre, nutrendo e rivitalizzando il materiale dall'interno. Esalta le venature naturali del legno e restituisce un aspetto rinnovato e curato senza doverlo sostituire completamente.<\/p>\n<p><strong><img decoding=\"async\" style=\"margin-right: 12px;\" src=\"https:\/\/www.ferberpainting.com\/wp-content\/uploads\/2026\/02\/Check.svg\" alt=\"\" width=\"18\" height=\"15\" \/>Offriamo una garanzia di rimborso per una totale tranquillit\u00e0.<\/strong> Siamo fermamente convinti della qualit\u00e0 e delle prestazioni del nostro rinnovatore del legno. Se non siete completamente soddisfatti dei risultati, vi rimborseremo l'acquisto. Questa garanzia di rimborso vi assicura di poter ripristinare le vostre superfici in legno senza rischi, sapendo che la vostra soddisfazione \u00e8 la nostra priorit\u00e0 e che il vostro investimento \u00e8 completamente protetto.<\/p>\n<p><strong><img decoding=\"async\" style=\"margin-right: 12px;\" src=\"https:\/\/www.ferberpainting.com\/wp-content\/uploads\/2026\/02\/Check.svg\" alt=\"\" width=\"18\" height=\"15\" \/>La soluzione di risanamento del legno pi\u00f9 efficace sul mercato.<\/strong> La nostra formula ad alte prestazioni \u00e8 stata progettata per superare gli oli e i trattamenti superficiali convenzionali. Invece di rivestire semplicemente il legno, penetra in profondit\u00e0 per ripristinare la flessibilit\u00e0, migliorare la resilienza e aumentare la durata a lungo termine. Funziona sia su legni leggermente esposti alle intemperie che su legni fortemente esposti, offrendo una trasformazione visibile e risultati duraturi che lo distinguono dai normali prodotti di manutenzione.<\/p>\n<p><strong><img decoding=\"async\" style=\"margin-right: 12px;\" src=\"https:\/\/www.ferberpainting.com\/wp-content\/uploads\/2026\/02\/Check.svg\" alt=\"\" width=\"18\" height=\"15\" \/>Il pi\u00f9 economico restauratore di legno professionale disponibile sul mercato.<\/strong> Il restauro del legno di qualit\u00e0 non deve essere necessariamente costoso. Offriamo i prezzi pi\u00f9 competitivi senza compromettere la qualit\u00e0 o le prestazioni. Ottimizzando i processi di produzione e distribuzione, forniamo un rinnovatore del legno di livello professionale al prezzo pi\u00f9 basso rispetto a prodotti analoghi, assicurando un valore eccezionale a proprietari di case e professionisti.<\/p>\n<p><strong><img decoding=\"async\" style=\"margin-right: 12px;\" src=\"https:\/\/www.ferberpainting.com\/wp-content\/uploads\/2026\/02\/Check.svg\" alt=\"\" width=\"18\" height=\"15\" \/>Consegna garantita in 24 ore per un rapido ripristino.<\/strong> Quando la vostra coperta, la vostra recinzione o i vostri mobili in legno hanno bisogno di un intervento immediato, aspettare non \u00e8 un'opzione. Ecco perch\u00e9 forniamo una consegna affidabile in 24 ore, assicurando che il vostro rinnovatore di legno arrivi rapidamente e sia pronto per l'uso immediato. La spedizione rapida vi aiuta a completare il vostro progetto di ristrutturazione in modo efficiente e senza ritardi.<\/p>\n<p><strong><img decoding=\"async\" style=\"margin-right: 12px;\" src=\"https:\/\/www.ferberpainting.com\/wp-content\/uploads\/2026\/02\/Check.svg\" alt=\"\" width=\"18\" height=\"15\" \/>Copertura efficiente fino a 10 m\u00b2 per litro per una pianificazione accurata.<\/strong> Un litro del nostro rinnovatore per legno tratta fino a 10 metri quadrati, a seconda del tipo di legno e del livello di assorbimento. Questo chiaro tasso di copertura consente di calcolare con precisione il fabbisogno di materiale e di controllare efficacemente il budget, garantendo al contempo una penetrazione sufficiente e risultati ottimali.<\/p>\n<p><strong><img decoding=\"async\" style=\"margin-right: 12px;\" src=\"https:\/\/www.ferberpainting.com\/wp-content\/uploads\/2026\/02\/Check.svg\" alt=\"\" width=\"18\" height=\"15\" \/>Esalta il colore naturale e la definizione della grana.<\/strong> Il rinnovatore intensifica i toni e le texture naturali del legno senza creare un aspetto artificiale o lucido. Esalta l'autentica bellezza del materiale, evidenziandone i motivi unici e mantenendo una finitura naturale ed elegante.<\/p>\n<p><strong><img decoding=\"async\" style=\"margin-right: 12px;\" src=\"https:\/\/www.ferberpainting.com\/wp-content\/uploads\/2026\/02\/Check.svg\" alt=\"\" width=\"18\" height=\"15\" \/>Migliora la resistenza all'esposizione ambientale.<\/strong> Nutrendo e proteggendo le fibre del legno, il prodotto aiuta a ridurre gli effetti dei raggi UV, dell'assorbimento dell'umidit\u00e0 e delle fessurazioni superficiali. Contribuisce a prolungare la durata delle strutture in legno e a ridurre la frequenza della manutenzione.<\/p>\n<p><strong><img decoding=\"async\" style=\"margin-right: 12px;\" src=\"https:\/\/www.ferberpainting.com\/wp-content\/uploads\/2026\/02\/Check.svg\" alt=\"\" width=\"18\" height=\"15\" \/>Adatto a un'ampia gamma di superfici in legno.<\/strong> Il rinnovatore del legno pu\u00f2 essere utilizzato su decking, recinzioni, pergole, rivestimenti, mobili da giardino, porte, persiane e altri elementi in legno esposti a condizioni interne o esterne. \u00c8 compatibile sia con il legno duro che con il legno tenero se applicato secondo le istruzioni.<\/p>\n<p><strong><img decoding=\"async\" style=\"margin-right: 12px;\" src=\"https:\/\/www.ferberpainting.com\/wp-content\/uploads\/2026\/02\/Check.svg\" alt=\"\" width=\"18\" height=\"15\" \/>Applicazione semplice per professionisti e utenti fai-da-te.<\/strong> Progettato per la massima praticit\u00e0, il rinnovatore per legno pu\u00f2 essere applicato con pennello, rullo o panno. La sua consistenza omogenea garantisce una distribuzione uniforme e una penetrazione profonda, rendendolo adatto sia a piccoli progetti residenziali che a grandi ristrutturazioni commerciali.<\/p>\n<h2><strong>Istruzioni<\/strong><\/h2>\n<ul>\n<li>Prima dell'applicazione, assicurarsi che la superficie del legno sia pulita, asciutta e priva di polvere, grasso, muffa o vecchi rivestimenti scrostati.<\/li>\n<li>Se necessario, carteggiare leggermente la superficie per eliminare le fibre ruvide e migliorare l'assorbimento.<\/li>\n<li>Agitare o mescolare accuratamente il rinnovatore del legno prima dell'uso.<\/li>\n<li>Applicare il prodotto in modo uniforme con pennello, rullo o panno, seguendo la direzione delle venature del legno.<\/li>\n<li>Il dosaggio consigliato \u00e8 di circa 100 ml per metro quadro, in quanto un litro tratta fino a 10 m\u00b2. Il legno molto poroso o fortemente esposto alle intemperie pu\u00f2 richiedere un prodotto aggiuntivo.<\/li>\n<li>Lasciare che il legno assorba il rinnovatore per 15-30 minuti.<\/li>\n<li>Rimuovere il prodotto in eccesso che non \u00e8 penetrato con un panno pulito per evitare accumuli sulla superficie.<\/li>\n<li>Per un restauro pi\u00f9 profondo, applicare un secondo strato dopo che il primo \u00e8 stato assorbito.<\/li>\n<li>Lasciare asciugare completamente la superficie, in genere 24 ore a seconda delle condizioni ambientali.<\/li>\n<li>Evitare l'esposizione alla pioggia o a forte umidit\u00e0 durante il periodo di asciugatura.<\/li>\n<li>Per una manutenzione a lungo termine, riapplicare periodicamente in base all'esposizione agli agenti atmosferici e all'usura della superficie.<\/li>\n<li>Pulire gli strumenti immediatamente dopo l'uso secondo le raccomandazioni del prodotto.<\/li>\n<li>Conservare il contenitore ben chiuso in un luogo fresco e asciutto, al riparo dal gelo e dalla luce solare diretta.<\/li>\n<li>Tenere fuori dalla portata dei bambini e seguire le precauzioni di sicurezza standard durante la manipolazione e l'applicazione.<\/li>\n<\/ul>","protected":false},"excerpt":{"rendered":"<p>Bring old, dull, and tired wood back to life with a complete renovation effect. Our wood renovator is specially formulated to revive weathered, faded, and worn wooden surfaces, restoring their natural warmth, richness, and depth of color. Over time, exposure to sunlight, rain, temperature changes, and pollution causes wood to lose its vibrancy and protective [&hellip;]<\/p>\n","protected":false},"featured_media":27471,"comment_status":"open","ping_status":"closed","template":"","meta":{"_uag_custom_page_level_css":"","site-sidebar-layout":"default","site-content-layout":"","ast-site-content-layout":"default","site-content-style":"default","site-sidebar-style":"default","ast-global-header-display":"","ast-banner-title-visibility":"","ast-main-header-display":"","ast-hfb-above-header-display":"","ast-hfb-below-header-display":"","ast-hfb-mobile-header-display":"","site-post-title":"","ast-breadcrumbs-content":"","ast-featured-img":"","footer-sml-layout":"","ast-disable-related-posts":"","theme-transparent-header-meta":"default","adv-header-id-meta":"","stick-header-meta":"","header-above-stick-meta":"","header-main-stick-meta":"","header-below-stick-meta":"","astra-migrate-meta-layouts":"set","ast-page-background-enabled":"default","ast-page-background-meta":{"desktop":{"background-color":"var(--ast-global-color-4)","background-image":"","background-repeat":"repeat","background-position":"center center","background-size":"auto","background-attachment":"scroll","background-type":"","background-media":"","overlay-type":"","overlay-color":"","overlay-opacity":"","overlay-gradient":""},"tablet":{"background-color":"","background-image":"","background-repeat":"repeat","background-position":"center center","background-size":"auto","background-attachment":"scroll","background-type":"","background-media":"","overlay-type":"","overlay-color":"","overlay-opacity":"","overlay-gradient":""},"mobile":{"background-color":"","background-image":"","background-repeat":"repeat","background-position":"center center","background-size":"auto","background-attachment":"scroll","background-type":"","background-media":"","overlay-type":"","overlay-color":"","overlay-opacity":"","overlay-gradient":""}},"ast-content-background-meta":{"desktop":{"background-color":"var(--ast-global-color-5)","background-image":"","background-repeat":"repeat","background-position":"center center","background-size":"auto","background-attachment":"scroll","background-type":"","background-media":"","overlay-type":"","overlay-color":"","overlay-opacity":"","overlay-gradient":""},"tablet":{"background-color":"var(--ast-global-color-5)","background-image":"","background-repeat":"repeat","background-position":"center center","background-size":"auto","background-attachment":"scroll","background-type":"","background-media":"","overlay-type":"","overlay-color":"","overlay-opacity":"","overlay-gradient":""},"mobile":{"background-color":"var(--ast-global-color-5)","background-image":"","background-repeat":"repeat","background-position":"center center","background-size":"auto","background-attachment":"scroll","background-type":"","background-media":"","overlay-type":"","overlay-color":"","overlay-opacity":"","overlay-gradient":""}}},"product_brand":[],"product_cat":[175,193],"product_tag":[],"class_list":{"0":"post-25672","1":"product","2":"type-product","3":"status-publish","4":"has-post-thumbnail","6":"product_cat-cleaning-products","7":"product_cat-wood-treatment","8":"desktop-align-left","9":"tablet-align-left","10":"mobile-align-left","12":"first","13":"instock","14":"sale","15":"shipping-taxable","16":"purchasable","17":"product-type-variable","18":"has-default-attributes"},"spectra_custom_meta":{"_visibility":["visible"],"_shopify_product_id":["8051371409653"],"_s2w_shopify_domain":["ferberpainting.myshopify.com"],"_shopify_variant_id":["43849085878517"],"_sku":[""],"_manage_stock":["no"],"total_sales":["24"],"_tax_status":["taxable"],"_tax_class":[""],"_backorders":["no"],"_sold_individually":["no"],"_virtual":["no"],"_downloadable":["no"],"_download_limit":["-1"],"_download_expiry":["-1"],"_stock":[null],"_stock_status":["instock"],"_wc_average_rating":["4.99"],"_wc_review_count":["68"],"_product_attributes":["a:1:{s:6:\"volume\";a:6:{s:4:\"name\";s:6:\"Volume\";s:5:\"value\";s:20:\"5 liters | 25 liters\";s:8:\"position\";i:1;s:10:\"is_visible\";i:0;s:12:\"is_variation\";i:1;s:11:\"is_taxonomy\";i:0;}}"],"_product_version":["10.5.2"],"_thumbnail_id":["27471"],"_price":["29.90","129.90"],"_product_image_gallery":["27472"],"merchant-center-availability":["yes"],"merchant-center-category":["5825"],"merchant-center-id":["RB"],"wpse_downloadable_file_names":[""],"wpse_downloadable_file_urls":[""],"_edit_last":["1"],"_default_attributes":["a:1:{s:6:\"volume\";s:8:\"5 liters\";}"],"_wc_rating_count":["a:2:{i:4;i:1;i:5;i:67;}"],"_edit_lock":["1771405244:1"],"_wp_page_template":["default"],"site-sidebar-layout":["default"],"ast-site-content-layout":["default"],"site-content-style":["default"],"site-sidebar-style":["default"],"theme-transparent-header-meta":["default"],"astra-migrate-meta-layouts":["set"],"_uag_css_file_name":["uag-css-25672.css"],"_elementor_page_assets":["a:0:{}"],"_uag_page_assets":["a:9:{s:3:\"css\";s:7133:\".uag-blocks-common-selector{z-index:var(--z-index-desktop) !important}@media(max-width: 976px){.uag-blocks-common-selector{z-index:var(--z-index-tablet) !important}}@media(max-width: 767px){.uag-blocks-common-selector{z-index:var(--z-index-mobile) !important}}.wp-block-uagb-image{display:flex}.wp-block-uagb-image__figure{position:relative;display:flex;flex-direction:column;max-width:100%;height:auto;margin:0}.wp-block-uagb-image__figure img{height:auto;display:flex;max-width:100%;transition:box-shadow .2s ease}.wp-block-uagb-image__figure>a{display:inline-block}.wp-block-uagb-image__figure figcaption{text-align:center;margin-top:.5em;margin-bottom:1em}.wp-block-uagb-image .components-placeholder.block-editor-media-placeholder .components-placeholder__instructions{align-self:center}.wp-block-uagb-image--align-left{text-align:left}.wp-block-uagb-image--align-right{text-align:right}.wp-block-uagb-image--align-center{text-align:center}.wp-block-uagb-image--align-full .wp-block-uagb-image__figure{margin-left:calc(50% - 50vw);margin-right:calc(50% - 50vw);max-width:100vw;width:100vw;height:auto}.wp-block-uagb-image--align-full .wp-block-uagb-image__figure img{height:auto;width:100% !important}.wp-block-uagb-image--align-wide .wp-block-uagb-image__figure img{height:auto;width:100%}.wp-block-uagb-image--layout-overlay__color-wrapper{position:absolute;left:0;top:0;right:0;bottom:0;opacity:.2;background:rgba(0,0,0,.5);transition:opacity .35s ease-in-out}.wp-block-uagb-image--layout-overlay-link{position:absolute;left:0;right:0;bottom:0;top:0}.wp-block-uagb-image--layout-overlay .wp-block-uagb-image__figure:hover .wp-block-uagb-image--layout-overlay__color-wrapper{opacity:1}.wp-block-uagb-image--layout-overlay__inner{position:absolute;left:15px;right:15px;bottom:15px;top:15px;display:flex;align-items:center;justify-content:center;flex-direction:column;border-color:#fff;transition:.35s ease-in-out}.wp-block-uagb-image--layout-overlay__inner.top-left,.wp-block-uagb-image--layout-overlay__inner.top-center,.wp-block-uagb-image--layout-overlay__inner.top-right{justify-content:flex-start}.wp-block-uagb-image--layout-overlay__inner.bottom-left,.wp-block-uagb-image--layout-overlay__inner.bottom-center,.wp-block-uagb-image--layout-overlay__inner.bottom-right{justify-content:flex-end}.wp-block-uagb-image--layout-overlay__inner.top-left,.wp-block-uagb-image--layout-overlay__inner.center-left,.wp-block-uagb-image--layout-overlay__inner.bottom-left{align-items:flex-start}.wp-block-uagb-image--layout-overlay__inner.top-right,.wp-block-uagb-image--layout-overlay__inner.center-right,.wp-block-uagb-image--layout-overlay__inner.bottom-right{align-items:flex-end}.wp-block-uagb-image--layout-overlay__inner .uagb-image-heading{color:#fff;transition:transform .35s,opacity .35s ease-in-out;transform:translate3d(0, 24px, 0);margin:0;line-height:1em}.wp-block-uagb-image--layout-overlay__inner .uagb-image-separator{width:30%;border-top-width:2px;border-top-color:#fff;border-top-style:solid;margin-bottom:10px;opacity:0;transition:transform .4s,opacity .4s ease-in-out;transform:translate3d(0, 30px, 0)}.wp-block-uagb-image--layout-overlay__inner .uagb-image-caption{opacity:0;overflow:visible;color:#fff;transition:transform .45s,opacity .45s ease-in-out;transform:translate3d(0, 35px, 0)}.wp-block-uagb-image--layout-overlay__inner:hover .uagb-image-heading,.wp-block-uagb-image--layout-overlay__inner:hover .uagb-image-separator,.wp-block-uagb-image--layout-overlay__inner:hover .uagb-image-caption{opacity:1;transform:translate3d(0, 0, 0)}.wp-block-uagb-image--effect-zoomin .wp-block-uagb-image__figure img,.wp-block-uagb-image--effect-zoomin .wp-block-uagb-image__figure .wp-block-uagb-image--layout-overlay__color-wrapper{transform:scale(1);transition:transform .35s ease-in-out}.wp-block-uagb-image--effect-zoomin .wp-block-uagb-image__figure:hover img,.wp-block-uagb-image--effect-zoomin .wp-block-uagb-image__figure:hover .wp-block-uagb-image--layout-overlay__color-wrapper{transform:scale(1.05)}.wp-block-uagb-image--effect-slide .wp-block-uagb-image__figure img,.wp-block-uagb-image--effect-slide .wp-block-uagb-image__figure .wp-block-uagb-image--layout-overlay__color-wrapper{width:calc(100% + 40px) !important;max-width:none !important;transform:translate3d(-40px, 0, 0);transition:transform .35s ease-in-out}.wp-block-uagb-image--effect-slide .wp-block-uagb-image__figure:hover img,.wp-block-uagb-image--effect-slide .wp-block-uagb-image__figure:hover .wp-block-uagb-image--layout-overlay__color-wrapper{transform:translate3d(0, 0, 0)}.wp-block-uagb-image--effect-grayscale img{filter:grayscale(0%);transition:.35s ease-in-out}.wp-block-uagb-image--effect-grayscale:hover img{filter:grayscale(100%)}.wp-block-uagb-image--effect-blur img{filter:blur(0);transition:.35s ease-in-out}.wp-block-uagb-image--effect-blur:hover img{filter:blur(3px)}.uagb-block-e6f939b3.wp-block-uagb-image--layout-default figure img{box-shadow: 0px 0px 0 #00000070;}.uagb-block-e6f939b3.wp-block-uagb-image .wp-block-uagb-image__figure figcaption{font-style: normal;align-self: center;}.uagb-block-e6f939b3.wp-block-uagb-image--layout-overlay figure img{box-shadow: 0px 0px 0 #00000070;}.uagb-block-e6f939b3.wp-block-uagb-image--layout-overlay .wp-block-uagb-image--layout-overlay__color-wrapper{opacity: 0.2;}.uagb-block-e6f939b3.wp-block-uagb-image--layout-overlay .wp-block-uagb-image--layout-overlay__inner{left: 15px;right: 15px;top: 15px;bottom: 15px;}.uagb-block-e6f939b3.wp-block-uagb-image--layout-overlay .wp-block-uagb-image--layout-overlay__inner .uagb-image-heading{font-style: normal;color: #fff;opacity: 1;}.uagb-block-e6f939b3.wp-block-uagb-image--layout-overlay .wp-block-uagb-image--layout-overlay__inner .uagb-image-heading a{color: #fff;}.uagb-block-e6f939b3.wp-block-uagb-image--layout-overlay .wp-block-uagb-image--layout-overlay__inner .uagb-image-caption{opacity: 0;}.uagb-block-e6f939b3.wp-block-uagb-image--layout-overlay .wp-block-uagb-image__figure:hover .wp-block-uagb-image--layout-overlay__color-wrapper{opacity: 1;}.uagb-block-e6f939b3.wp-block-uagb-image .wp-block-uagb-image--layout-overlay__inner .uagb-image-separator{width: 30%;border-top-width: 2px;border-top-color: #fff;opacity: 0;}.uagb-block-e6f939b3.wp-block-uagb-image .wp-block-uagb-image__figure img{width: px;height: auto;}.uagb-block-e6f939b3.wp-block-uagb-image .wp-block-uagb-image__figure:hover .wp-block-uagb-image--layout-overlay__inner .uagb-image-caption{opacity: 1;}.uagb-block-e6f939b3.wp-block-uagb-image .wp-block-uagb-image__figure:hover .wp-block-uagb-image--layout-overlay__inner .uagb-image-separator{opacity: 1;}.uagb-block-e6f939b3.wp-block-uagb-image--layout-default figure:hover img{box-shadow: 0px 0px 0 #00000070;}.uagb-block-e6f939b3.wp-block-uagb-image--layout-overlay figure:hover img{box-shadow: 0px 0px 0 #00000070;}@media only screen and (max-width: 976px) {.uagb-block-e6f939b3.wp-block-uagb-image .wp-block-uagb-image__figure img{width: px;height: auto;}}@media only screen and (max-width: 767px) {.uagb-block-e6f939b3.wp-block-uagb-image .wp-block-uagb-image__figure img{width: px;height: auto;}}\";s:2:\"js\";s:0:\"\";s:18:\"current_block_list\";a:13:{i:0;s:11:\"core\/search\";i:1;s:10:\"core\/group\";i:2;s:12:\"core\/heading\";i:3;s:17:\"core\/latest-posts\";i:4;s:20:\"core\/latest-comments\";i:5;s:13:\"core\/archives\";i:6;s:15:\"core\/categories\";i:7;s:14:\"core\/paragraph\";i:8;s:10:\"uagb\/image\";i:9;s:11:\"core\/spacer\";i:10;s:30:\"woocommerce\/product-categories\";i:11;s:10:\"core\/image\";i:12;s:14:\"core\/shortcode\";}s:8:\"uag_flag\";b:1;s:11:\"uag_version\";s:10:\"1777075265\";s:6:\"gfonts\";a:0:{}s:10:\"gfonts_url\";s:0:\"\";s:12:\"gfonts_files\";a:0:{}s:14:\"uag_faq_layout\";b:0;}"]},"uagb_featured_image_src":{"full":["https:\/\/www.ferberpainting.com\/wp-content\/uploads\/2025\/05\/Renovateurbois5L.jpg",2560,2560,false],"thumbnail":["https:\/\/www.ferberpainting.com\/wp-content\/uploads\/2025\/05\/Renovateurbois5L-150x150.jpg",150,150,true],"medium":["https:\/\/www.ferberpainting.com\/wp-content\/uploads\/2025\/05\/Renovateurbois5L-300x300.jpg",300,300,true],"medium_large":["https:\/\/www.ferberpainting.com\/wp-content\/uploads\/2025\/05\/Renovateurbois5L-768x768.jpg",768,768,true],"large":["https:\/\/www.ferberpainting.com\/wp-content\/uploads\/2025\/05\/Renovateurbois5L-1024x1024.jpg",1024,1024,true],"1536x1536":["https:\/\/www.ferberpainting.com\/wp-content\/uploads\/2025\/05\/Renovateurbois5L-1536x1536.jpg",1536,1536,true],"2048x2048":["https:\/\/www.ferberpainting.com\/wp-content\/uploads\/2025\/05\/Renovateurbois5L-2048x2048.jpg",2048,2048,true],"trp-custom-language-flag":["https:\/\/www.ferberpainting.com\/wp-content\/uploads\/2025\/05\/Renovateurbois5L-12x12.jpg",12,12,true],"woocommerce_thumbnail":["https:\/\/www.ferberpainting.com\/wp-content\/uploads\/2025\/05\/Renovateurbois5L-300x300.jpg",300,300,true],"woocommerce_single":["https:\/\/www.ferberpainting.com\/wp-content\/uploads\/2025\/05\/Renovateurbois5L-600x600.jpg",600,600,true],"woocommerce_gallery_thumbnail":["https:\/\/www.ferberpainting.com\/wp-content\/uploads\/2025\/05\/Renovateurbois5L-100x100.jpg",100,100,true]},"uagb_author_info":{"display_name":"admin","author_link":"https:\/\/www.ferberpainting.com\/it\/author\/"},"uagb_comment_info":68,"uagb_excerpt":"Bring old, dull, and tired wood back to life with a complete renovation effect. Our wood renovator is specially formulated to revive weathered, faded, and worn wooden surfaces, restoring their natural warmth, richness, and depth of color. Over time, exposure to sunlight, rain, temperature changes, and pollution causes wood to lose its vibrancy and protective&hellip;","_links":{"self":[{"href":"https:\/\/www.ferberpainting.com\/it\/wp-json\/wp\/v2\/product\/25672","targetHints":{"allow":["GET"]}}],"collection":[{"href":"https:\/\/www.ferberpainting.com\/it\/wp-json\/wp\/v2\/product"}],"about":[{"href":"https:\/\/www.ferberpainting.com\/it\/wp-json\/wp\/v2\/types\/product"}],"replies":[{"embeddable":true,"href":"https:\/\/www.ferberpainting.com\/it\/wp-json\/wp\/v2\/comments?post=25672"}],"version-history":[{"count":3,"href":"https:\/\/www.ferberpainting.com\/it\/wp-json\/wp\/v2\/product\/25672\/revisions"}],"predecessor-version":[{"id":169164,"href":"https:\/\/www.ferberpainting.com\/it\/wp-json\/wp\/v2\/product\/25672\/revisions\/169164"}],"wp:featuredmedia":[{"embeddable":true,"href":"https:\/\/www.ferberpainting.com\/it\/wp-json\/wp\/v2\/media\/27471"}],"wp:attachment":[{"href":"https:\/\/www.ferberpainting.com\/it\/wp-json\/wp\/v2\/media?parent=25672"}],"wp:term":[{"taxonomy":"product_brand","embeddable":true,"href":"https:\/\/www.ferberpainting.com\/it\/wp-json\/wp\/v2\/product_brand?post=25672"},{"taxonomy":"product_cat","embeddable":true,"href":"https:\/\/www.ferberpainting.com\/it\/wp-json\/wp\/v2\/product_cat?post=25672"},{"taxonomy":"product_tag","embeddable":true,"href":"https:\/\/www.ferberpainting.com\/it\/wp-json\/wp\/v2\/product_tag?post=25672"}],"curies":[{"name":"wp","href":"https:\/\/api.w.org\/{rel}","templated":true}]}}