{"id":25296,"date":"2025-06-30T21:38:54","date_gmt":"2025-06-30T19:38:54","guid":{"rendered":"https:\/\/www.ferberpainting.com\/?post_type=product&#038;p=25296"},"modified":"2026-02-16T10:42:42","modified_gmt":"2026-02-16T09:42:42","slug":"shower-and-bathroom-water-repellent","status":"publish","type":"product","link":"https:\/\/www.ferberpainting.com\/it\/products\/shower-and-bathroom-water-repellent\/","title":{"rendered":"Idrorepellente per la doccia e il bagno"},"content":{"rendered":"<p><strong><img decoding=\"async\" style=\"margin-right: 12px;\" src=\"https:\/\/www.ferberpainting.com\/wp-content\/uploads\/2026\/02\/Check.svg\" alt=\"\" width=\"18\" height=\"15\" \/>Protezione di lunga durata contro l'umidit\u00e0.<\/strong>\u00a0L'impermeabilizzante per bagno e doccia \u00e8 stato appositamente formulato per fornire una protezione ottimale contro l'umidit\u00e0, la muffa e gli spruzzi d'acqua. La sua applicazione crea una barriera invisibile ma altamente efficace sulle superfici, impedendo all'acqua di penetrare nei materiali e permettendo al contempo alla superficie di respirare. Questo prodotto protegge efficacemente pareti, pavimenti e giunti in ambienti costantemente umidi come bagni e docce.<\/p>\n<p><strong><img decoding=\"async\" style=\"margin-right: 12px;\" src=\"https:\/\/www.ferberpainting.com\/wp-content\/uploads\/2026\/02\/Check.svg\" alt=\"\" width=\"18\" height=\"15\" \/>Garanzia di rimborso.<\/strong>\u00a0Siamo sicuri dell'efficacia del nostro impermeabilizzante per bagno e doccia. Per questo motivo offriamo una garanzia di soddisfazione o di rimborso. Se, per qualsiasi motivo, non siete pienamente soddisfatti del prodotto, potete richiedere un rimborso completo. Questa garanzia vi permette di provare il nostro prodotto in tutta tranquillit\u00e0 e di beneficiare dei suoi vantaggi senza rischi.<\/p>\n<p><strong><img decoding=\"async\" style=\"margin-right: 12px;\" src=\"https:\/\/www.ferberpainting.com\/wp-content\/uploads\/2026\/02\/Check.svg\" alt=\"\" width=\"18\" height=\"15\" \/>Multiuso.<\/strong>\u00a0Questo prodotto non si limita alle classiche superfici del bagno e della doccia, come le piastrelle, ma \u00e8 adatto anche a un'ampia variet\u00e0 di materiali come cemento, calcestruzzo, pietra, marmo, intonaco, legno e altro ancora. Questa versatilit\u00e0 consente di trattare un'ampia gamma di superfici nel bagno e nelle aree umide. Che si tratti del pavimento o delle fughe, l'impermeabilizzante fornisce una protezione efficace contro l'umidit\u00e0 e le macchie. Questo lo rende una soluzione completa per preservare le superfici.<\/p>\n<p><strong><img decoding=\"async\" style=\"margin-right: 12px;\" src=\"https:\/\/www.ferberpainting.com\/wp-content\/uploads\/2026\/02\/Check.svg\" alt=\"\" width=\"18\" height=\"15\" \/>Efficiente dal punto di vista dei costi.<\/strong>\u00a0L'impermeabilizzante per bagno e doccia \u00e8 un prodotto molto economico. In media, 1 litro di prodotto pu\u00f2 coprire tra i 6 e gli 8 m\u00b2. Con un contenitore da 5 litri, \u00e8 possibile trattare circa 30-40 m\u00b2 di superficie. Questa elevata copertura significa che \u00e8 possibile trattare una vasta area con una quantit\u00e0 relativamente piccola di prodotto, rendendo questo impermeabilizzante una scelta economica per l'intera casa.<\/p>\n<p><strong><img decoding=\"async\" style=\"margin-right: 12px;\" src=\"https:\/\/www.ferberpainting.com\/wp-content\/uploads\/2026\/02\/Check.svg\" alt=\"\" width=\"18\" height=\"15\" \/>Sicuro da usare.<\/strong>\u00a0Realizzato con ingredienti atossici, l'impermeabilizzante per bagno e doccia \u00e8 ecologico e sicuro per la salute. A differenza di alcuni prodotti di protezione pi\u00f9 aggressivi, non contiene solventi corrosivi o irritanti. Tuttavia, si raccomanda sempre di indossare guanti e di ventilare bene l'ambiente durante l'applicazione per garantire comfort e sicurezza.<\/p>\n<p><strong><img decoding=\"async\" style=\"margin-right: 12px;\" src=\"https:\/\/www.ferberpainting.com\/wp-content\/uploads\/2026\/02\/Check.svg\" alt=\"\" width=\"18\" height=\"15\" \/>Facilit\u00e0 d'uso.<\/strong>\u00a0L'impermeabilizzante per bagno e doccia \u00e8 estremamente facile da applicare. \u00c8 pronto all'uso e non richiede alcuna diluizione. \u00c8 sufficiente applicare il prodotto direttamente sulla superficie pulita e asciutta con uno spruzzatore, un pennello o un rullo. Penetra rapidamente e uniformemente, creando uno strato protettivo senza lasciare segni o residui visibili. Non sono necessarie competenze particolari per l'uso del prodotto, che \u00e8 ideale per gli amanti del fai-da-te di tutti i livelli.<\/p>\n<p><strong><img decoding=\"async\" style=\"margin-right: 12px;\" src=\"https:\/\/www.ferberpainting.com\/wp-content\/uploads\/2026\/02\/Check.svg\" alt=\"\" width=\"18\" height=\"15\" \/>Durata.<\/strong>\u00a0Questo prodotto garantisce una protezione di lunga durata. Dopo l'applicazione, l'impermeabilizzante forma uno strato invisibile che protegge le superfici da umidit\u00e0, spruzzi d'acqua e muffa. Pu\u00f2 durare diversi anni, a seconda del livello di umidit\u00e0 dell'ambiente. L'impermeabilizzante per bagni e docce resiste a condizioni di umidit\u00e0 estreme e rimane efficace nel tempo, consentendo di evitare frequenti riapplicazioni.<\/p>\n<p><strong><img decoding=\"async\" style=\"margin-right: 12px;\" src=\"https:\/\/www.ferberpainting.com\/wp-content\/uploads\/2026\/02\/Check.svg\" alt=\"\" width=\"18\" height=\"15\" \/>Asciugatura rapida.<\/strong>\u00a0L'impermeabilizzante per bagno e doccia si asciuga rapidamente. Il tempo di asciugatura al tatto \u00e8 di circa 1 o 2 ore, il che riduce al minimo il tempo di attesa prima di utilizzare l'area. Per una protezione ottimale, si consiglia di lasciare asciugare completamente il prodotto per 24 ore prima di esporlo all'umidit\u00e0. Questo tempo di asciugatura rapido consente di utilizzare prima gli spazi protetti, beneficiando comunque di una protezione di lunga durata.<\/p>\n<h2><strong>Protocollo d'uso<\/strong><\/h2>\n<ul>\n<li><strong>Preparazione della superficie <\/strong>: Prima di applicare l'impermeabilizzante, assicurarsi che le superfici siano pulite, asciutte e prive di sporco, grasso o muffa. Pulire le piastrelle, le fughe e le altre aree con un prodotto adatto, quindi risciacquare bene con acqua pulita. Assicurarsi che la superficie sia completamente asciutta prima di applicare l'impermeabilizzante per garantire una corretta adesione.<\/li>\n<li><strong>Applicazione del prodotto <\/strong>: L'impermeabilizzante \u00e8 pronto all'uso. Pu\u00f2 essere applicato a spruzzo, a pennello o a rullo. Per un'applicazione uniforme, spruzzare o applicare uno strato sottile e uniforme di prodotto sulle superfici, concentrandosi sulle giunzioni e sulle aree pi\u00f9 esposte all'umidit\u00e0. Lasciare che il prodotto penetri nei materiali senza sovraccaricarli.<\/li>\n<li><strong>Quantit\u00e0 da utilizzare <\/strong>: In media, 1 litro di impermeabilizzante copre tra i 6 e gli 8 m\u00b2. Con un contenitore da 5 litri, \u00e8 possibile trattare circa 30-40 m\u00b2 di superficie. Ci\u00f2 significa che \u00e8 possibile trattare un intero bagno con una quantit\u00e0 di prodotto relativamente ridotta. Per le superfici particolarmente porose, \u00e8 possibile applicare una seconda mano per rafforzare la protezione.<\/li>\n<li><strong>Tempo di asciugatura <\/strong>: Dopo l'applicazione, lasciare asciugare il prodotto per circa 1 o 2 ore al tatto. Tuttavia, per la massima efficacia e per evitare qualsiasi contatto con l'umidit\u00e0, si raccomanda di lasciare asciugare completamente il prodotto per 24 ore. Evitare di esporre la superficie all'umidit\u00e0 durante questo periodo per garantire una corretta adesione dello strato protettivo.<\/li>\n<li><strong>Riapplicazione <\/strong>: A seconda dell'uso e del livello di umidit\u00e0 del bagno o della doccia, pu\u00f2 essere necessario riapplicare l'impermeabilizzante ogni 2-5 anni per mantenere la protezione. A tal fine, pulire la superficie e applicare un nuovo strato di impermeabilizzante, seguendo gli stessi passaggi dell'applicazione iniziale.<\/li>\n<li><strong>Manutenzione <\/strong>: Una volta applicato l'impermeabilizzante, la manutenzione delle superfici trattate diventa molto pi\u00f9 semplice. \u00c8 sufficiente pulirle con un panno o una spugna umida, evitando prodotti abrasivi che potrebbero danneggiare la protezione. Non utilizzare detergenti ad alta pressione sulle superfici trattate per preservare l'efficacia dell'impermeabilizzante.<\/li>\n<\/ul>","protected":false},"excerpt":{"rendered":"<p>Long-lasting protection against humidity.\u00a0The bathroom and shower waterproofer is specially formulated to provide optimal protection against humidity, mold, and water splashes. Its application creates an invisible yet highly effective barrier on surfaces, preventing water from penetrating the materials while allowing the surface to breathe. This product effectively protects your walls, floors, and joints in constantly [&hellip;]<\/p>\n","protected":false},"featured_media":35973,"comment_status":"open","ping_status":"closed","template":"","meta":{"_uag_custom_page_level_css":"","site-sidebar-layout":"default","site-content-layout":"","ast-site-content-layout":"default","site-content-style":"default","site-sidebar-style":"default","ast-global-header-display":"","ast-banner-title-visibility":"","ast-main-header-display":"","ast-hfb-above-header-display":"","ast-hfb-below-header-display":"","ast-hfb-mobile-header-display":"","site-post-title":"","ast-breadcrumbs-content":"","ast-featured-img":"","footer-sml-layout":"","ast-disable-related-posts":"","theme-transparent-header-meta":"default","adv-header-id-meta":"","stick-header-meta":"","header-above-stick-meta":"","header-main-stick-meta":"","header-below-stick-meta":"","astra-migrate-meta-layouts":"set","ast-page-background-enabled":"default","ast-page-background-meta":{"desktop":{"background-color":"var(--ast-global-color-4)","background-image":"","background-repeat":"repeat","background-position":"center center","background-size":"auto","background-attachment":"scroll","background-type":"","background-media":"","overlay-type":"","overlay-color":"","overlay-opacity":"","overlay-gradient":""},"tablet":{"background-color":"","background-image":"","background-repeat":"repeat","background-position":"center center","background-size":"auto","background-attachment":"scroll","background-type":"","background-media":"","overlay-type":"","overlay-color":"","overlay-opacity":"","overlay-gradient":""},"mobile":{"background-color":"","background-image":"","background-repeat":"repeat","background-position":"center center","background-size":"auto","background-attachment":"scroll","background-type":"","background-media":"","overlay-type":"","overlay-color":"","overlay-opacity":"","overlay-gradient":""}},"ast-content-background-meta":{"desktop":{"background-color":"var(--ast-global-color-5)","background-image":"","background-repeat":"repeat","background-position":"center center","background-size":"auto","background-attachment":"scroll","background-type":"","background-media":"","overlay-type":"","overlay-color":"","overlay-opacity":"","overlay-gradient":""},"tablet":{"background-color":"var(--ast-global-color-5)","background-image":"","background-repeat":"repeat","background-position":"center center","background-size":"auto","background-attachment":"scroll","background-type":"","background-media":"","overlay-type":"","overlay-color":"","overlay-opacity":"","overlay-gradient":""},"mobile":{"background-color":"var(--ast-global-color-5)","background-image":"","background-repeat":"repeat","background-position":"center center","background-size":"auto","background-attachment":"scroll","background-type":"","background-media":"","overlay-type":"","overlay-color":"","overlay-opacity":"","overlay-gradient":""}}},"product_brand":[],"product_cat":[191],"product_tag":[],"class_list":{"0":"post-25296","1":"product","2":"type-product","3":"status-publish","4":"has-post-thumbnail","6":"product_cat-water-repellent","7":"desktop-align-left","8":"tablet-align-left","9":"mobile-align-left","11":"first","12":"instock","13":"sale","14":"shipping-taxable","15":"purchasable","16":"product-type-variable","17":"has-default-attributes"},"spectra_custom_meta":{"_visibility":["visible"],"_shopify_product_id":["9106653118709"],"_s2w_shopify_domain":["ferberpainting.myshopify.com"],"_shopify_variant_id":["46626393686261"],"_sku":[""],"_manage_stock":["no"],"total_sales":["341"],"_tax_status":["taxable"],"_tax_class":[""],"_backorders":["no"],"_sold_individually":["no"],"_virtual":["no"],"_downloadable":["no"],"_download_limit":["-1"],"_download_expiry":["-1"],"_stock":[null],"_stock_status":["instock"],"_wc_average_rating":["5.00"],"_wc_review_count":["11"],"_product_attributes":["a:1:{s:6:\"volume\";a:6:{s:4:\"name\";s:6:\"Volume\";s:5:\"value\";s:20:\"5 liters | 25 liters\";s:8:\"position\";i:1;s:10:\"is_visible\";i:0;s:12:\"is_variation\";i:1;s:11:\"is_taxonomy\";i:0;}}"],"_product_version":["10.5.1"],"wpse_downloadable_file_names":[""],"wpse_downloadable_file_urls":[""],"_edit_last":["1"],"_default_attributes":["a:1:{s:6:\"volume\";s:8:\"5 liters\";}"],"_edit_lock":["1773469220:7131"],"_price":["29.90","129.90"],"merchant-center-availability":["yes"],"merchant-center-category":["503744"],"_thumbnail_id":["35973"],"_wp_page_template":["default"],"_wp_old_date":["2025-05-26"],"_product_image_gallery":["35974"],"site-sidebar-layout":["default"],"ast-site-content-layout":["default"],"site-content-style":["default"],"site-sidebar-style":["default"],"theme-transparent-header-meta":["default"],"_wc_rating_count":["a:1:{i:5;i:11;}"],"astra-migrate-meta-layouts":["set"],"_uag_css_file_name":["uag-css-25296.css"],"_elementor_page_assets":["a:0:{}"],"_uag_page_assets":["a:9:{s:3:\"css\";s:7133:\".uag-blocks-common-selector{z-index:var(--z-index-desktop) !important}@media(max-width: 976px){.uag-blocks-common-selector{z-index:var(--z-index-tablet) !important}}@media(max-width: 767px){.uag-blocks-common-selector{z-index:var(--z-index-mobile) !important}}.wp-block-uagb-image{display:flex}.wp-block-uagb-image__figure{position:relative;display:flex;flex-direction:column;max-width:100%;height:auto;margin:0}.wp-block-uagb-image__figure img{height:auto;display:flex;max-width:100%;transition:box-shadow .2s ease}.wp-block-uagb-image__figure>a{display:inline-block}.wp-block-uagb-image__figure figcaption{text-align:center;margin-top:.5em;margin-bottom:1em}.wp-block-uagb-image .components-placeholder.block-editor-media-placeholder .components-placeholder__instructions{align-self:center}.wp-block-uagb-image--align-left{text-align:left}.wp-block-uagb-image--align-right{text-align:right}.wp-block-uagb-image--align-center{text-align:center}.wp-block-uagb-image--align-full .wp-block-uagb-image__figure{margin-left:calc(50% - 50vw);margin-right:calc(50% - 50vw);max-width:100vw;width:100vw;height:auto}.wp-block-uagb-image--align-full .wp-block-uagb-image__figure img{height:auto;width:100% !important}.wp-block-uagb-image--align-wide .wp-block-uagb-image__figure img{height:auto;width:100%}.wp-block-uagb-image--layout-overlay__color-wrapper{position:absolute;left:0;top:0;right:0;bottom:0;opacity:.2;background:rgba(0,0,0,.5);transition:opacity .35s ease-in-out}.wp-block-uagb-image--layout-overlay-link{position:absolute;left:0;right:0;bottom:0;top:0}.wp-block-uagb-image--layout-overlay .wp-block-uagb-image__figure:hover .wp-block-uagb-image--layout-overlay__color-wrapper{opacity:1}.wp-block-uagb-image--layout-overlay__inner{position:absolute;left:15px;right:15px;bottom:15px;top:15px;display:flex;align-items:center;justify-content:center;flex-direction:column;border-color:#fff;transition:.35s ease-in-out}.wp-block-uagb-image--layout-overlay__inner.top-left,.wp-block-uagb-image--layout-overlay__inner.top-center,.wp-block-uagb-image--layout-overlay__inner.top-right{justify-content:flex-start}.wp-block-uagb-image--layout-overlay__inner.bottom-left,.wp-block-uagb-image--layout-overlay__inner.bottom-center,.wp-block-uagb-image--layout-overlay__inner.bottom-right{justify-content:flex-end}.wp-block-uagb-image--layout-overlay__inner.top-left,.wp-block-uagb-image--layout-overlay__inner.center-left,.wp-block-uagb-image--layout-overlay__inner.bottom-left{align-items:flex-start}.wp-block-uagb-image--layout-overlay__inner.top-right,.wp-block-uagb-image--layout-overlay__inner.center-right,.wp-block-uagb-image--layout-overlay__inner.bottom-right{align-items:flex-end}.wp-block-uagb-image--layout-overlay__inner .uagb-image-heading{color:#fff;transition:transform .35s,opacity .35s ease-in-out;transform:translate3d(0, 24px, 0);margin:0;line-height:1em}.wp-block-uagb-image--layout-overlay__inner .uagb-image-separator{width:30%;border-top-width:2px;border-top-color:#fff;border-top-style:solid;margin-bottom:10px;opacity:0;transition:transform .4s,opacity .4s ease-in-out;transform:translate3d(0, 30px, 0)}.wp-block-uagb-image--layout-overlay__inner .uagb-image-caption{opacity:0;overflow:visible;color:#fff;transition:transform .45s,opacity .45s ease-in-out;transform:translate3d(0, 35px, 0)}.wp-block-uagb-image--layout-overlay__inner:hover .uagb-image-heading,.wp-block-uagb-image--layout-overlay__inner:hover .uagb-image-separator,.wp-block-uagb-image--layout-overlay__inner:hover .uagb-image-caption{opacity:1;transform:translate3d(0, 0, 0)}.wp-block-uagb-image--effect-zoomin .wp-block-uagb-image__figure img,.wp-block-uagb-image--effect-zoomin .wp-block-uagb-image__figure .wp-block-uagb-image--layout-overlay__color-wrapper{transform:scale(1);transition:transform .35s ease-in-out}.wp-block-uagb-image--effect-zoomin .wp-block-uagb-image__figure:hover img,.wp-block-uagb-image--effect-zoomin .wp-block-uagb-image__figure:hover .wp-block-uagb-image--layout-overlay__color-wrapper{transform:scale(1.05)}.wp-block-uagb-image--effect-slide .wp-block-uagb-image__figure img,.wp-block-uagb-image--effect-slide .wp-block-uagb-image__figure .wp-block-uagb-image--layout-overlay__color-wrapper{width:calc(100% + 40px) !important;max-width:none !important;transform:translate3d(-40px, 0, 0);transition:transform .35s ease-in-out}.wp-block-uagb-image--effect-slide .wp-block-uagb-image__figure:hover img,.wp-block-uagb-image--effect-slide .wp-block-uagb-image__figure:hover .wp-block-uagb-image--layout-overlay__color-wrapper{transform:translate3d(0, 0, 0)}.wp-block-uagb-image--effect-grayscale img{filter:grayscale(0%);transition:.35s ease-in-out}.wp-block-uagb-image--effect-grayscale:hover img{filter:grayscale(100%)}.wp-block-uagb-image--effect-blur img{filter:blur(0);transition:.35s ease-in-out}.wp-block-uagb-image--effect-blur:hover img{filter:blur(3px)}.uagb-block-e6f939b3.wp-block-uagb-image--layout-default figure img{box-shadow: 0px 0px 0 #00000070;}.uagb-block-e6f939b3.wp-block-uagb-image .wp-block-uagb-image__figure figcaption{font-style: normal;align-self: center;}.uagb-block-e6f939b3.wp-block-uagb-image--layout-overlay figure img{box-shadow: 0px 0px 0 #00000070;}.uagb-block-e6f939b3.wp-block-uagb-image--layout-overlay .wp-block-uagb-image--layout-overlay__color-wrapper{opacity: 0.2;}.uagb-block-e6f939b3.wp-block-uagb-image--layout-overlay .wp-block-uagb-image--layout-overlay__inner{left: 15px;right: 15px;top: 15px;bottom: 15px;}.uagb-block-e6f939b3.wp-block-uagb-image--layout-overlay .wp-block-uagb-image--layout-overlay__inner .uagb-image-heading{font-style: normal;color: #fff;opacity: 1;}.uagb-block-e6f939b3.wp-block-uagb-image--layout-overlay .wp-block-uagb-image--layout-overlay__inner .uagb-image-heading a{color: #fff;}.uagb-block-e6f939b3.wp-block-uagb-image--layout-overlay .wp-block-uagb-image--layout-overlay__inner .uagb-image-caption{opacity: 0;}.uagb-block-e6f939b3.wp-block-uagb-image--layout-overlay .wp-block-uagb-image__figure:hover .wp-block-uagb-image--layout-overlay__color-wrapper{opacity: 1;}.uagb-block-e6f939b3.wp-block-uagb-image .wp-block-uagb-image--layout-overlay__inner .uagb-image-separator{width: 30%;border-top-width: 2px;border-top-color: #fff;opacity: 0;}.uagb-block-e6f939b3.wp-block-uagb-image .wp-block-uagb-image__figure img{width: px;height: auto;}.uagb-block-e6f939b3.wp-block-uagb-image .wp-block-uagb-image__figure:hover .wp-block-uagb-image--layout-overlay__inner .uagb-image-caption{opacity: 1;}.uagb-block-e6f939b3.wp-block-uagb-image .wp-block-uagb-image__figure:hover .wp-block-uagb-image--layout-overlay__inner .uagb-image-separator{opacity: 1;}.uagb-block-e6f939b3.wp-block-uagb-image--layout-default figure:hover img{box-shadow: 0px 0px 0 #00000070;}.uagb-block-e6f939b3.wp-block-uagb-image--layout-overlay figure:hover img{box-shadow: 0px 0px 0 #00000070;}@media only screen and (max-width: 976px) {.uagb-block-e6f939b3.wp-block-uagb-image .wp-block-uagb-image__figure img{width: px;height: auto;}}@media only screen and (max-width: 767px) {.uagb-block-e6f939b3.wp-block-uagb-image .wp-block-uagb-image__figure img{width: px;height: auto;}}\";s:2:\"js\";s:0:\"\";s:18:\"current_block_list\";a:13:{i:0;s:11:\"core\/search\";i:1;s:10:\"core\/group\";i:2;s:12:\"core\/heading\";i:3;s:17:\"core\/latest-posts\";i:4;s:20:\"core\/latest-comments\";i:5;s:13:\"core\/archives\";i:6;s:15:\"core\/categories\";i:7;s:14:\"core\/paragraph\";i:8;s:10:\"uagb\/image\";i:9;s:11:\"core\/spacer\";i:10;s:30:\"woocommerce\/product-categories\";i:11;s:10:\"core\/image\";i:12;s:14:\"core\/shortcode\";}s:8:\"uag_flag\";b:1;s:11:\"uag_version\";s:10:\"1777069654\";s:6:\"gfonts\";a:0:{}s:10:\"gfonts_url\";s:0:\"\";s:12:\"gfonts_files\";a:0:{}s:14:\"uag_faq_layout\";b:0;}"]},"uagb_featured_image_src":{"full":["https:\/\/www.ferberpainting.com\/wp-content\/uploads\/2025\/05\/Shower-and-Bathroom-Water-Repellent-5L-.png",2560,2560,false],"thumbnail":["https:\/\/www.ferberpainting.com\/wp-content\/uploads\/2025\/05\/Shower-and-Bathroom-Water-Repellent-5L--150x150.png",150,150,true],"medium":["https:\/\/www.ferberpainting.com\/wp-content\/uploads\/2025\/05\/Shower-and-Bathroom-Water-Repellent-5L--300x300.png",300,300,true],"medium_large":["https:\/\/www.ferberpainting.com\/wp-content\/uploads\/2025\/05\/Shower-and-Bathroom-Water-Repellent-5L--768x768.png",768,768,true],"large":["https:\/\/www.ferberpainting.com\/wp-content\/uploads\/2025\/05\/Shower-and-Bathroom-Water-Repellent-5L--1024x1024.png",1024,1024,true],"1536x1536":["https:\/\/www.ferberpainting.com\/wp-content\/uploads\/2025\/05\/Shower-and-Bathroom-Water-Repellent-5L--1536x1536.png",1536,1536,true],"2048x2048":["https:\/\/www.ferberpainting.com\/wp-content\/uploads\/2025\/05\/Shower-and-Bathroom-Water-Repellent-5L--2048x2048.png",2048,2048,true],"trp-custom-language-flag":["https:\/\/www.ferberpainting.com\/wp-content\/uploads\/2025\/05\/Shower-and-Bathroom-Water-Repellent-5L--12x12.png",12,12,true],"woocommerce_thumbnail":["https:\/\/www.ferberpainting.com\/wp-content\/uploads\/2025\/05\/Shower-and-Bathroom-Water-Repellent-5L--300x300.png",300,300,true],"woocommerce_single":["https:\/\/www.ferberpainting.com\/wp-content\/uploads\/2025\/05\/Shower-and-Bathroom-Water-Repellent-5L--600x600.png",600,600,true],"woocommerce_gallery_thumbnail":["https:\/\/www.ferberpainting.com\/wp-content\/uploads\/2025\/05\/Shower-and-Bathroom-Water-Repellent-5L--100x100.png",100,100,true]},"uagb_author_info":{"display_name":"admin","author_link":"https:\/\/www.ferberpainting.com\/it\/author\/"},"uagb_comment_info":11,"uagb_excerpt":"Long-lasting protection against humidity.\u00a0The bathroom and shower waterproofer is specially formulated to provide optimal protection against humidity, mold, and water splashes. Its application creates an invisible yet highly effective barrier on surfaces, preventing water from penetrating the materials while allowing the surface to breathe. This product effectively protects your walls, floors, and joints in constantly&hellip;","_links":{"self":[{"href":"https:\/\/www.ferberpainting.com\/it\/wp-json\/wp\/v2\/product\/25296","targetHints":{"allow":["GET"]}}],"collection":[{"href":"https:\/\/www.ferberpainting.com\/it\/wp-json\/wp\/v2\/product"}],"about":[{"href":"https:\/\/www.ferberpainting.com\/it\/wp-json\/wp\/v2\/types\/product"}],"replies":[{"embeddable":true,"href":"https:\/\/www.ferberpainting.com\/it\/wp-json\/wp\/v2\/comments?post=25296"}],"version-history":[{"count":4,"href":"https:\/\/www.ferberpainting.com\/it\/wp-json\/wp\/v2\/product\/25296\/revisions"}],"predecessor-version":[{"id":167282,"href":"https:\/\/www.ferberpainting.com\/it\/wp-json\/wp\/v2\/product\/25296\/revisions\/167282"}],"wp:featuredmedia":[{"embeddable":true,"href":"https:\/\/www.ferberpainting.com\/it\/wp-json\/wp\/v2\/media\/35973"}],"wp:attachment":[{"href":"https:\/\/www.ferberpainting.com\/it\/wp-json\/wp\/v2\/media?parent=25296"}],"wp:term":[{"taxonomy":"product_brand","embeddable":true,"href":"https:\/\/www.ferberpainting.com\/it\/wp-json\/wp\/v2\/product_brand?post=25296"},{"taxonomy":"product_cat","embeddable":true,"href":"https:\/\/www.ferberpainting.com\/it\/wp-json\/wp\/v2\/product_cat?post=25296"},{"taxonomy":"product_tag","embeddable":true,"href":"https:\/\/www.ferberpainting.com\/it\/wp-json\/wp\/v2\/product_tag?post=25296"}],"curies":[{"name":"wp","href":"https:\/\/api.w.org\/{rel}","templated":true}]}}