{"id":23517,"date":"2025-07-01T11:59:28","date_gmt":"2025-07-01T09:59:28","guid":{"rendered":"https:\/\/www.ferberpainting.com\/?post_type=product&#038;p=23508"},"modified":"2026-02-15T19:12:45","modified_gmt":"2026-02-15T18:12:45","slug":"grout-water-repellent","status":"publish","type":"product","link":"https:\/\/www.ferberpainting.com\/it\/products\/grout-water-repellent\/","title":{"rendered":"Idrorepellente per fughe"},"content":{"rendered":"<p><strong><img decoding=\"async\" style=\"margin-right: 12px;\" src=\"https:\/\/www.ferberpainting.com\/wp-content\/uploads\/2026\/02\/Check.svg\" alt=\"\" width=\"18\" height=\"15\" \/>Protezione di lunga durata contro l'umidit\u00e0.<\/strong>\u00a0Questo impermeabilizzante per giunti \u00e8 la soluzione ideale per proteggere i giunti dalle infiltrazioni d'acqua e dall'umidit\u00e0. Crea una barriera impermeabile sulle superfici dei giunti, impedendo all'acqua di penetrare e lasciando traspirare i materiali adiacenti. Perfetto per le fughe di piastrelle, muratura, calcestruzzo o mattoni, garantisce una protezione di lunga durata, sia in interni che in esterni.<\/p>\n<p><strong><img decoding=\"async\" style=\"margin-right: 12px;\" src=\"https:\/\/www.ferberpainting.com\/wp-content\/uploads\/2026\/02\/Check.svg\" alt=\"\" width=\"18\" height=\"15\" \/>Soddisfazione garantita o rimborso.<\/strong>\u00a0Siamo sicuri dell'efficacia del nostro prodotto, per questo offriamo una garanzia soddisfatti o rimborsati. Se non siete completamente soddisfatti dei risultati, potete richiedere un rimborso completo. Questa garanzia vi permette di testare il prodotto senza rischi e di vivere un'esperienza di acquisto senza preoccupazioni.<\/p>\n<p><strong><img decoding=\"async\" style=\"margin-right: 12px;\" src=\"https:\/\/www.ferberpainting.com\/wp-content\/uploads\/2026\/02\/Check.svg\" alt=\"\" width=\"18\" height=\"15\" \/>Compatibile con un'ampia gamma di materiali.<\/strong>\u00a0Questo prodotto \u00e8 stato progettato per essere utilizzato su vari tipi di giunti e materiali. \u00c8 particolarmente efficace sulle fughe di piastrelle, calcestruzzo, cemento e mattoni, oltre che su materiali simili. Da utilizzare in bagno, in cucina, in terrazza o nelle fughe esterne esposte all'umidit\u00e0, questo impermeabilizzante per fughe \u00e8 una soluzione versatile che garantisce prestazioni ottimali su molte superfici.<\/p>\n<p><strong><img decoding=\"async\" style=\"margin-right: 12px;\" src=\"https:\/\/www.ferberpainting.com\/wp-content\/uploads\/2026\/02\/Check.svg\" alt=\"\" width=\"18\" height=\"15\" \/>Prestazioni economiche.<\/strong>\u00a0Questo impermeabilizzante per giunti offre un'eccellente efficienza in termini di costi. Un contenitore da 5 litri pu\u00f2 trattare decine di metri quadrati di giunti, garantendo una protezione a lungo termine con una sola applicazione. In media, un litro tratta circa 10-12 m\u00b2 di giunti, a seconda delle loro dimensioni e della loro porosit\u00e0, il che lo rende un valore eccellente per i grandi progetti.<\/p>\n<p><strong><img decoding=\"async\" style=\"margin-right: 12px;\" src=\"https:\/\/www.ferberpainting.com\/wp-content\/uploads\/2026\/02\/Check.svg\" alt=\"\" width=\"18\" height=\"15\" \/>Sicuro e rispettoso dei materiali.<\/strong>\u00a0Formulato con ingredienti appositamente selezionati per un uso sicuro, questo prodotto rispetta i materiali trattati. Non contiene sostanze chimiche aggressive, il che lo rende ideale per superfici delicate come le fughe delle piastrelle e i materiali porosi. Non altera l'aspetto, la consistenza o il colore delle fughe, consentendo una finitura naturale ed estetica.<\/p>\n<p><strong><img decoding=\"async\" style=\"margin-right: 12px;\" src=\"https:\/\/www.ferberpainting.com\/wp-content\/uploads\/2026\/02\/Check.svg\" alt=\"\" width=\"18\" height=\"15\" \/>Applicazione facile e veloce.<\/strong>\u00a0Questo impermeabilizzante per giunti \u00e8 pronto all'uso, senza necessit\u00e0 di diluizione. La sua semplice applicazione non richiede particolari abilit\u00e0. Basta spruzzarlo direttamente sulle fughe e distribuirlo con un pennello, un rullo o una spugna. Il prodotto viene assorbito facilmente e si asciuga rapidamente, offrendo una protezione immediata contro l'umidit\u00e0.<\/p>\n<p><strong><img decoding=\"async\" style=\"margin-right: 12px;\" src=\"https:\/\/www.ferberpainting.com\/wp-content\/uploads\/2026\/02\/Check.svg\" alt=\"\" width=\"18\" height=\"15\" \/>Maggiore durata.<\/strong>\u00a0Una volta applicato, il prodotto forma una barriera invisibile che protegge le giunzioni dall'umidit\u00e0 e dall'acqua per mesi o addirittura anni, a seconda dell'esposizione. \u00c8 stato progettato per resistere alle condizioni esterne pi\u00f9 difficili e non si degrada facilmente, anche dopo diversi lavaggi o periodi di elevata umidit\u00e0. Si beneficia di una protezione duratura con una manutenzione minima.<\/p>\n<p><strong><img decoding=\"async\" style=\"margin-right: 12px;\" src=\"https:\/\/www.ferberpainting.com\/wp-content\/uploads\/2026\/02\/Check.svg\" alt=\"\" width=\"18\" height=\"15\" \/>Azione rapida ed efficacia immediata.<\/strong>\u00a0Questo impermeabilizzante per giunti agisce molto rapidamente. Dopo una semplice applicazione, il prodotto si asciuga in genere in meno di un'ora e inizia a fornire i suoi effetti protettivi. Inizia a respingere l'acqua quasi immediatamente, consentendo di continuare a utilizzare l'area trattata poco dopo.<\/p>\n<h2><strong>Protocollo d'uso<\/strong><\/h2>\n<ul>\n<li><strong>Preparazione della superficie <\/strong>: Prima di applicare l'impermeabilizzante per giunti, assicurarsi che i giunti siano puliti, asciutti e privi di polvere, sporco o residui. Se necessario, pulire i giunti con un detergente appropriato e lasciarli asciugare completamente. \u00c8 essenziale che le fughe siano completamente asciutte per garantire il corretto assorbimento del prodotto.<\/li>\n<li><strong>Applicazione del prodotto <\/strong>: Il prodotto \u00e8 pronto all'uso e non necessita di diluizione. Agitare leggermente il contenitore prima dell'uso. Spruzzare il prodotto direttamente sulle fughe in modo uniforme. \u00c8 possibile utilizzare anche un pennello o una spugna per distribuire il prodotto e garantirne la completa penetrazione.<\/li>\n<li><strong>Importo da utilizzare <\/strong>: In media, un litro di prodotto copre circa 10-12 m\u00b2 di giunti. Per una protezione ottimale, applicare pi\u00f9 mani leggere piuttosto che un'unica mano spessa.<\/li>\n<li><strong>Tempo di asciugatura <\/strong>: Dopo l'applicazione, lasciare asciugare il prodotto da 30 minuti a 1 ora, a seconda della temperatura e dell'umidit\u00e0. Una volta asciutto, forma una barriera impermeabile che protegge efficacemente dalle infiltrazioni d'acqua. Per ottenere risultati ottimali, evitare di esporre la superficie all'umidit\u00e0 nelle prime ore dopo l'applicazione.<\/li>\n<li><strong>Manutenzione e riapplicazione <\/strong>: Per mantenere l'efficacia del prodotto, si consiglia di riapplicarlo ogni 6-12 mesi, a seconda dell'esposizione agli agenti atmosferici e dell'umidit\u00e0. Una semplice ispezione dei giunti consente di determinare se \u00e8 necessaria una nuova applicazione. Se compaiono segni di usura o di penetrazione di acqua, riapplicare il prodotto.<\/li>\n<li><strong>Ulteriori precauzioni <\/strong>: Evitare l'uso di detergenti aggressivi o abrasivi sulle fughe trattate, perch\u00e9 potrebbero danneggiare il rivestimento impermeabile. In caso di pulizia, scegliere prodotti delicati e non corrosivi per preservare l'impermeabilizzazione e prolungarne la durata.<\/li>\n<\/ul>\n<p>L'impermeabilizzante per fughe \u00e8 una soluzione semplice, rapida ed efficace per prolungare la durata delle fughe proteggendole dall'umidit\u00e0. Che si tratti di giunti di piastrelle, muratura o calcestruzzo, vi aiuter\u00e0 a mantenere le vostre superfici asciutte e resistenti, anche in ambienti molto umidi.<\/p>","protected":false},"excerpt":{"rendered":"<p>Long-Lasting Protection Against Moisture.\u00a0This joint waterproofer is the ideal solution to protect your joints from water infiltration and humidity. It creates a waterproof barrier on joint surfaces, preventing water from penetrating while allowing adjacent materials to breathe. Perfect for tile, masonry, concrete, or brick joints, it provides long-lasting protection, whether used indoors or outdoors. Satisfaction [&hellip;]<\/p>\n","protected":false},"featured_media":36284,"comment_status":"open","ping_status":"closed","template":"","meta":{"_uag_custom_page_level_css":"","site-sidebar-layout":"default","site-content-layout":"","ast-site-content-layout":"default","site-content-style":"default","site-sidebar-style":"default","ast-global-header-display":"","ast-banner-title-visibility":"","ast-main-header-display":"","ast-hfb-above-header-display":"","ast-hfb-below-header-display":"","ast-hfb-mobile-header-display":"","site-post-title":"","ast-breadcrumbs-content":"","ast-featured-img":"","footer-sml-layout":"","ast-disable-related-posts":"","theme-transparent-header-meta":"default","adv-header-id-meta":"","stick-header-meta":"","header-above-stick-meta":"","header-main-stick-meta":"","header-below-stick-meta":"","astra-migrate-meta-layouts":"set","ast-page-background-enabled":"default","ast-page-background-meta":{"desktop":{"background-color":"var(--ast-global-color-4)","background-image":"","background-repeat":"repeat","background-position":"center center","background-size":"auto","background-attachment":"scroll","background-type":"","background-media":"","overlay-type":"","overlay-color":"","overlay-opacity":"","overlay-gradient":""},"tablet":{"background-color":"","background-image":"","background-repeat":"repeat","background-position":"center center","background-size":"auto","background-attachment":"scroll","background-type":"","background-media":"","overlay-type":"","overlay-color":"","overlay-opacity":"","overlay-gradient":""},"mobile":{"background-color":"","background-image":"","background-repeat":"repeat","background-position":"center center","background-size":"auto","background-attachment":"scroll","background-type":"","background-media":"","overlay-type":"","overlay-color":"","overlay-opacity":"","overlay-gradient":""}},"ast-content-background-meta":{"desktop":{"background-color":"var(--ast-global-color-5)","background-image":"","background-repeat":"repeat","background-position":"center center","background-size":"auto","background-attachment":"scroll","background-type":"","background-media":"","overlay-type":"","overlay-color":"","overlay-opacity":"","overlay-gradient":""},"tablet":{"background-color":"var(--ast-global-color-5)","background-image":"","background-repeat":"repeat","background-position":"center center","background-size":"auto","background-attachment":"scroll","background-type":"","background-media":"","overlay-type":"","overlay-color":"","overlay-opacity":"","overlay-gradient":""},"mobile":{"background-color":"var(--ast-global-color-5)","background-image":"","background-repeat":"repeat","background-position":"center center","background-size":"auto","background-attachment":"scroll","background-type":"","background-media":"","overlay-type":"","overlay-color":"","overlay-opacity":"","overlay-gradient":""}}},"product_brand":[],"product_cat":[191],"product_tag":[],"class_list":{"0":"post-23517","1":"product","2":"type-product","3":"status-publish","4":"has-post-thumbnail","6":"product_cat-water-repellent","7":"desktop-align-left","8":"tablet-align-left","9":"mobile-align-left","11":"first","12":"instock","13":"sale","14":"taxable","15":"shipping-taxable","16":"purchasable","17":"product-type-variable","18":"has-default-attributes"},"spectra_custom_meta":{"_visibility":["visible"],"_shopify_product_id":["9106583847157"],"_s2w_shopify_domain":["ferberpainting.myshopify.com"],"_shopify_variant_id":["46626295415029"],"_sku":[""],"_manage_stock":["no"],"total_sales":["15"],"_tax_status":["taxable"],"_tax_class":[""],"_backorders":["no"],"_sold_individually":["no"],"_virtual":["no"],"_downloadable":["no"],"_download_limit":["-1"],"_download_expiry":["-1"],"_stock":[null],"_stock_status":["instock"],"_wc_average_rating":["5.00"],"_wc_review_count":["10"],"_product_attributes":["a:1:{s:6:\"volume\";a:6:{s:4:\"name\";s:6:\"Volume\";s:5:\"value\";s:20:\"5 liters | 25 liters\";s:8:\"position\";i:1;s:10:\"is_visible\";i:0;s:12:\"is_variation\";i:1;s:11:\"is_taxonomy\";i:0;}}"],"_product_version":["10.5.1"],"wpse_downloadable_file_names":[""],"wpse_downloadable_file_urls":[""],"_edit_last":["1"],"_default_attributes":["a:1:{s:6:\"volume\";s:8:\"5 liters\";}"],"_edit_lock":["1771179050:1"],"_price":["29.90","129.90"],"merchant-center-category":["503744"],"merchant-center-availability":["yes"],"_thumbnail_id":["36284"],"_wp_page_template":["default"],"_wp_old_date":["2025-05-26"],"_product_image_gallery":["36278"],"site-sidebar-layout":["default"],"ast-site-content-layout":["default"],"site-content-style":["default"],"site-sidebar-style":["default"],"theme-transparent-header-meta":["default"],"_wc_rating_count":["a:1:{i:5;i:10;}"],"astra-migrate-meta-layouts":["set"],"_uag_css_file_name":["uag-css-23517.css"],"_elementor_page_assets":["a:0:{}"],"_uag_page_assets":["a:9:{s:3:\"css\";s:6873:\".wp-block-uagb-image{display:flex}.wp-block-uagb-image__figure{position:relative;display:flex;flex-direction:column;max-width:100%;height:auto;margin:0}.wp-block-uagb-image__figure img{height:auto;display:flex;max-width:100%;transition:box-shadow .2s ease}.wp-block-uagb-image__figure>a{display:inline-block}.wp-block-uagb-image__figure figcaption{text-align:center;margin-top:.5em;margin-bottom:1em}.wp-block-uagb-image .components-placeholder.block-editor-media-placeholder .components-placeholder__instructions{align-self:center}.wp-block-uagb-image--align-left{text-align:left}.wp-block-uagb-image--align-right{text-align:right}.wp-block-uagb-image--align-center{text-align:center}.wp-block-uagb-image--align-full .wp-block-uagb-image__figure{margin-left:calc(50% - 50vw);margin-right:calc(50% - 50vw);max-width:100vw;width:100vw;height:auto}.wp-block-uagb-image--align-full .wp-block-uagb-image__figure img{height:auto;width:100% !important}.wp-block-uagb-image--align-wide .wp-block-uagb-image__figure img{height:auto;width:100%}.wp-block-uagb-image--layout-overlay__color-wrapper{position:absolute;left:0;top:0;right:0;bottom:0;opacity:.2;background:rgba(0,0,0,.5);transition:opacity .35s ease-in-out}.wp-block-uagb-image--layout-overlay-link{position:absolute;left:0;right:0;bottom:0;top:0}.wp-block-uagb-image--layout-overlay .wp-block-uagb-image__figure:hover .wp-block-uagb-image--layout-overlay__color-wrapper{opacity:1}.wp-block-uagb-image--layout-overlay__inner{position:absolute;left:15px;right:15px;bottom:15px;top:15px;display:flex;align-items:center;justify-content:center;flex-direction:column;border-color:#fff;transition:.35s ease-in-out}.wp-block-uagb-image--layout-overlay__inner.top-left,.wp-block-uagb-image--layout-overlay__inner.top-center,.wp-block-uagb-image--layout-overlay__inner.top-right{justify-content:flex-start}.wp-block-uagb-image--layout-overlay__inner.bottom-left,.wp-block-uagb-image--layout-overlay__inner.bottom-center,.wp-block-uagb-image--layout-overlay__inner.bottom-right{justify-content:flex-end}.wp-block-uagb-image--layout-overlay__inner.top-left,.wp-block-uagb-image--layout-overlay__inner.center-left,.wp-block-uagb-image--layout-overlay__inner.bottom-left{align-items:flex-start}.wp-block-uagb-image--layout-overlay__inner.top-right,.wp-block-uagb-image--layout-overlay__inner.center-right,.wp-block-uagb-image--layout-overlay__inner.bottom-right{align-items:flex-end}.wp-block-uagb-image--layout-overlay__inner .uagb-image-heading{color:#fff;transition:transform .35s,opacity .35s ease-in-out;transform:translate3d(0, 24px, 0);margin:0;line-height:1em}.wp-block-uagb-image--layout-overlay__inner .uagb-image-separator{width:30%;border-top-width:2px;border-top-color:#fff;border-top-style:solid;margin-bottom:10px;opacity:0;transition:transform .4s,opacity .4s ease-in-out;transform:translate3d(0, 30px, 0)}.wp-block-uagb-image--layout-overlay__inner .uagb-image-caption{opacity:0;overflow:visible;color:#fff;transition:transform .45s,opacity .45s ease-in-out;transform:translate3d(0, 35px, 0)}.wp-block-uagb-image--layout-overlay__inner:hover .uagb-image-heading,.wp-block-uagb-image--layout-overlay__inner:hover .uagb-image-separator,.wp-block-uagb-image--layout-overlay__inner:hover .uagb-image-caption{opacity:1;transform:translate3d(0, 0, 0)}.wp-block-uagb-image--effect-zoomin .wp-block-uagb-image__figure img,.wp-block-uagb-image--effect-zoomin .wp-block-uagb-image__figure .wp-block-uagb-image--layout-overlay__color-wrapper{transform:scale(1);transition:transform .35s ease-in-out}.wp-block-uagb-image--effect-zoomin .wp-block-uagb-image__figure:hover img,.wp-block-uagb-image--effect-zoomin .wp-block-uagb-image__figure:hover .wp-block-uagb-image--layout-overlay__color-wrapper{transform:scale(1.05)}.wp-block-uagb-image--effect-slide .wp-block-uagb-image__figure img,.wp-block-uagb-image--effect-slide .wp-block-uagb-image__figure .wp-block-uagb-image--layout-overlay__color-wrapper{width:calc(100% + 40px) !important;max-width:none !important;transform:translate3d(-40px, 0, 0);transition:transform .35s ease-in-out}.wp-block-uagb-image--effect-slide .wp-block-uagb-image__figure:hover img,.wp-block-uagb-image--effect-slide .wp-block-uagb-image__figure:hover .wp-block-uagb-image--layout-overlay__color-wrapper{transform:translate3d(0, 0, 0)}.wp-block-uagb-image--effect-grayscale img{filter:grayscale(0%);transition:.35s ease-in-out}.wp-block-uagb-image--effect-grayscale:hover img{filter:grayscale(100%)}.wp-block-uagb-image--effect-blur img{filter:blur(0);transition:.35s ease-in-out}.wp-block-uagb-image--effect-blur:hover img{filter:blur(3px)}.uagb-block-e6f939b3.wp-block-uagb-image--layout-default figure img{box-shadow: 0px 0px 0 #00000070;}.uagb-block-e6f939b3.wp-block-uagb-image .wp-block-uagb-image__figure figcaption{font-style: normal;align-self: center;}.uagb-block-e6f939b3.wp-block-uagb-image--layout-overlay figure img{box-shadow: 0px 0px 0 #00000070;}.uagb-block-e6f939b3.wp-block-uagb-image--layout-overlay .wp-block-uagb-image--layout-overlay__color-wrapper{opacity: 0.2;}.uagb-block-e6f939b3.wp-block-uagb-image--layout-overlay .wp-block-uagb-image--layout-overlay__inner{left: 15px;right: 15px;top: 15px;bottom: 15px;}.uagb-block-e6f939b3.wp-block-uagb-image--layout-overlay .wp-block-uagb-image--layout-overlay__inner .uagb-image-heading{font-style: normal;color: #fff;opacity: 1;}.uagb-block-e6f939b3.wp-block-uagb-image--layout-overlay .wp-block-uagb-image--layout-overlay__inner .uagb-image-heading a{color: #fff;}.uagb-block-e6f939b3.wp-block-uagb-image--layout-overlay .wp-block-uagb-image--layout-overlay__inner .uagb-image-caption{opacity: 0;}.uagb-block-e6f939b3.wp-block-uagb-image--layout-overlay .wp-block-uagb-image__figure:hover .wp-block-uagb-image--layout-overlay__color-wrapper{opacity: 1;}.uagb-block-e6f939b3.wp-block-uagb-image .wp-block-uagb-image--layout-overlay__inner .uagb-image-separator{width: 30%;border-top-width: 2px;border-top-color: #fff;opacity: 0;}.uagb-block-e6f939b3.wp-block-uagb-image .wp-block-uagb-image__figure img{width: px;height: auto;}.uagb-block-e6f939b3.wp-block-uagb-image .wp-block-uagb-image__figure:hover .wp-block-uagb-image--layout-overlay__inner .uagb-image-caption{opacity: 1;}.uagb-block-e6f939b3.wp-block-uagb-image .wp-block-uagb-image__figure:hover .wp-block-uagb-image--layout-overlay__inner .uagb-image-separator{opacity: 1;}.uagb-block-e6f939b3.wp-block-uagb-image--layout-default figure:hover img{box-shadow: 0px 0px 0 #00000070;}.uagb-block-e6f939b3.wp-block-uagb-image--layout-overlay figure:hover img{box-shadow: 0px 0px 0 #00000070;}@media only screen and (max-width: 976px) {.uagb-block-e6f939b3.wp-block-uagb-image .wp-block-uagb-image__figure img{width: px;height: auto;}}@media only screen and (max-width: 767px) {.uagb-block-e6f939b3.wp-block-uagb-image .wp-block-uagb-image__figure img{width: px;height: auto;}}\";s:2:\"js\";s:0:\"\";s:18:\"current_block_list\";a:13:{i:0;s:11:\"core\/search\";i:1;s:10:\"core\/group\";i:2;s:12:\"core\/heading\";i:3;s:17:\"core\/latest-posts\";i:4;s:20:\"core\/latest-comments\";i:5;s:13:\"core\/archives\";i:6;s:15:\"core\/categories\";i:7;s:14:\"core\/paragraph\";i:8;s:10:\"uagb\/image\";i:9;s:11:\"core\/spacer\";i:10;s:30:\"woocommerce\/product-categories\";i:11;s:10:\"core\/image\";i:12;s:14:\"core\/shortcode\";}s:8:\"uag_flag\";b:1;s:11:\"uag_version\";s:10:\"1777264736\";s:6:\"gfonts\";a:0:{}s:10:\"gfonts_url\";s:0:\"\";s:12:\"gfonts_files\";a:0:{}s:14:\"uag_faq_layout\";b:0;}"]},"uagb_featured_image_src":{"full":["https:\/\/www.ferberpainting.com\/wp-content\/uploads\/2025\/05\/Grout-Water-Repellent-5L-.png",2560,2560,false],"thumbnail":["https:\/\/www.ferberpainting.com\/wp-content\/uploads\/2025\/05\/Grout-Water-Repellent-5L--150x150.png",150,150,true],"medium":["https:\/\/www.ferberpainting.com\/wp-content\/uploads\/2025\/05\/Grout-Water-Repellent-5L--300x300.png",300,300,true],"medium_large":["https:\/\/www.ferberpainting.com\/wp-content\/uploads\/2025\/05\/Grout-Water-Repellent-5L--768x768.png",768,768,true],"large":["https:\/\/www.ferberpainting.com\/wp-content\/uploads\/2025\/05\/Grout-Water-Repellent-5L--1024x1024.png",1024,1024,true],"1536x1536":["https:\/\/www.ferberpainting.com\/wp-content\/uploads\/2025\/05\/Grout-Water-Repellent-5L--1536x1536.png",1536,1536,true],"2048x2048":["https:\/\/www.ferberpainting.com\/wp-content\/uploads\/2025\/05\/Grout-Water-Repellent-5L--2048x2048.png",2048,2048,true],"trp-custom-language-flag":["https:\/\/www.ferberpainting.com\/wp-content\/uploads\/2025\/05\/Grout-Water-Repellent-5L--12x12.png",12,12,true],"woocommerce_thumbnail":["https:\/\/www.ferberpainting.com\/wp-content\/uploads\/2025\/05\/Grout-Water-Repellent-5L--300x300.png",300,300,true],"woocommerce_single":["https:\/\/www.ferberpainting.com\/wp-content\/uploads\/2025\/05\/Grout-Water-Repellent-5L--600x600.png",600,600,true],"woocommerce_gallery_thumbnail":["https:\/\/www.ferberpainting.com\/wp-content\/uploads\/2025\/05\/Grout-Water-Repellent-5L--100x100.png",100,100,true]},"uagb_author_info":{"display_name":"admin","author_link":"https:\/\/www.ferberpainting.com\/it\/author\/"},"uagb_comment_info":10,"uagb_excerpt":"Long-Lasting Protection Against Moisture.\u00a0This joint waterproofer is the ideal solution to protect your joints from water infiltration and humidity. It creates a waterproof barrier on joint surfaces, preventing water from penetrating while allowing adjacent materials to breathe. Perfect for tile, masonry, concrete, or brick joints, it provides long-lasting protection, whether used indoors or outdoors. Satisfaction&hellip;","_links":{"self":[{"href":"https:\/\/www.ferberpainting.com\/it\/wp-json\/wp\/v2\/product\/23517","targetHints":{"allow":["GET"]}}],"collection":[{"href":"https:\/\/www.ferberpainting.com\/it\/wp-json\/wp\/v2\/product"}],"about":[{"href":"https:\/\/www.ferberpainting.com\/it\/wp-json\/wp\/v2\/types\/product"}],"replies":[{"embeddable":true,"href":"https:\/\/www.ferberpainting.com\/it\/wp-json\/wp\/v2\/comments?post=23517"}],"version-history":[{"count":4,"href":"https:\/\/www.ferberpainting.com\/it\/wp-json\/wp\/v2\/product\/23517\/revisions"}],"predecessor-version":[{"id":166347,"href":"https:\/\/www.ferberpainting.com\/it\/wp-json\/wp\/v2\/product\/23517\/revisions\/166347"}],"wp:featuredmedia":[{"embeddable":true,"href":"https:\/\/www.ferberpainting.com\/it\/wp-json\/wp\/v2\/media\/36284"}],"wp:attachment":[{"href":"https:\/\/www.ferberpainting.com\/it\/wp-json\/wp\/v2\/media?parent=23517"}],"wp:term":[{"taxonomy":"product_brand","embeddable":true,"href":"https:\/\/www.ferberpainting.com\/it\/wp-json\/wp\/v2\/product_brand?post=23517"},{"taxonomy":"product_cat","embeddable":true,"href":"https:\/\/www.ferberpainting.com\/it\/wp-json\/wp\/v2\/product_cat?post=23517"},{"taxonomy":"product_tag","embeddable":true,"href":"https:\/\/www.ferberpainting.com\/it\/wp-json\/wp\/v2\/product_tag?post=23517"}],"curies":[{"name":"wp","href":"https:\/\/api.w.org\/{rel}","templated":true}]}}