{"id":25696,"date":"2025-05-26T10:33:37","date_gmt":"2025-05-26T08:33:37","guid":{"rendered":"https:\/\/www.ferberpainting.com\/products\/zamioculcas-fertilizer\/"},"modified":"2026-02-18T10:13:18","modified_gmt":"2026-02-18T09:13:18","slug":"zamioculcas-fertilizer","status":"publish","type":"product","link":"https:\/\/www.ferberpainting.com\/hu\/products\/zamioculcas-fertilizer\/","title":{"rendered":"Zamioculcas m\u0171tr\u00e1gya"},"content":{"rendered":"<p><strong><img decoding=\"async\" style=\"margin-right: 12px;\" src=\"https:\/\/www.ferberpainting.com\/wp-content\/uploads\/2026\/02\/Check.svg\" alt=\"\" width=\"18\" height=\"15\" \/>Kifejezetten a Zamioculcas sz\u00e1m\u00e1ra kifejlesztett m\u0171tr\u00e1gya.<\/strong>\u00a0A Zamioculcas, m\u00e1s n\u00e9ven ZZ n\u00f6v\u00e9ny, egy sz\u00edv\u00f3s szoban\u00f6v\u00e9ny, amely az \u00e9l\u00e9nk lombozat, az egyenletes n\u00f6veked\u00e9s \u00e9s a betegs\u00e9gekkel szembeni er\u0151s ellen\u00e1ll\u00f3 k\u00e9pess\u00e9g fenntart\u00e1sa \u00e9rdek\u00e9ben adapt\u00e1lt tr\u00e1gy\u00e1z\u00e1st ig\u00e9nyel. Ez a 15-15-15 NPK ar\u00e1ny\u00fa m\u0171tr\u00e1gya kiegyens\u00falyozottan biztos\u00edtja az alapvet\u0151 t\u00e1panyagokat, lehet\u0151v\u00e9 t\u00e9ve a Zamioculcas sz\u00e1m\u00e1ra a s\u0171r\u0171 lombozat, az er\u0151s sz\u00e1rak \u00e9s az optim\u00e1lis gy\u00f6keresed\u00e9s kialakul\u00e1s\u00e1t.<\/p>\n<p><strong><img decoding=\"async\" style=\"margin-right: 12px;\" src=\"https:\/\/www.ferberpainting.com\/wp-content\/uploads\/2026\/02\/Check.svg\" alt=\"\" width=\"18\" height=\"15\" \/>P\u00e9nzvisszafizet\u00e9si garancia.<\/strong>\u00a0B\u00edzunk m\u0171tr\u00e1gy\u00e1nk hat\u00e9konys\u00e1g\u00e1ban, \u00e9s garant\u00e1ljuk a Zamioculcas n\u00f6veked\u00e9s\u00e9nek \u00e9s eg\u00e9szs\u00e9g\u00e9nek jelent\u0151s javul\u00e1s\u00e1t. Ha az aj\u00e1nl\u00e1soknak megfelel\u0151 megfelel\u0151 kijuttat\u00e1s ut\u00e1n nem \u00e9szlel \u00e9szrevehet\u0151 hat\u00e1st, jogosult lehet a teljes \u00f6sszeg visszat\u00e9r\u00edt\u00e9s\u00e9re.<\/p>\n<p><strong><img decoding=\"async\" style=\"margin-right: 12px;\" src=\"https:\/\/www.ferberpainting.com\/wp-content\/uploads\/2026\/02\/Check.svg\" alt=\"\" width=\"18\" height=\"15\" \/>Minden hordoz\u00f3anyaghoz alkalmas.<\/strong>\u00a0Ez a m\u0171tr\u00e1gya minden talajt\u00edpussal \u00e9s szubsztr\u00e1ttal kompatibilis, legyen sz\u00f3 vir\u00e1gf\u00f6ldr\u0151l, v\u00edzelvezet\u0151 szubsztr\u00e1tr\u00f3l, perlit vagy k\u00f3kuszrost kever\u00e9kr\u0151l. Komposzttal vagy fak\u00e9reggel m\u00f3dos\u00edtott talajokon is hat\u00e9kony, \u00e9s alkalmas cserepes n\u00f6v\u00e9nyekhez, \u00fcltet\u0151ed\u00e9nyekhez vagy szabadf\u00f6ldh\u00f6z.<\/p>\n<p><strong><img decoding=\"async\" style=\"margin-right: 12px;\" src=\"https:\/\/www.ferberpainting.com\/wp-content\/uploads\/2026\/02\/Check.svg\" alt=\"\" width=\"18\" height=\"15\" \/>Gazdas\u00e1gos \u00e9s tart\u00f3s.<\/strong>\u00a0Koncentr\u00e1lt formul\u00e1j\u00e1nak k\u00f6sz\u00f6nhet\u0151en ez a m\u0171tr\u00e1gya kis mennyis\u00e9g\u0171 term\u00e9kkel hat\u00e9kony tr\u00e1gy\u00e1z\u00e1st biztos\u00edt. 5 ml-t 1 liter v\u00edzben h\u00edg\u00edtva, egy 5 literes kanna ak\u00e1r 1000 liter tr\u00e1gy\u00e1z\u00f3 oldatot is k\u00e9sz\u00edt, garant\u00e1lva a hosszan tart\u00f3 \u00e9s gazdas\u00e1gos haszn\u00e1latot.<\/p>\n<p><strong><img decoding=\"async\" style=\"margin-right: 12px;\" src=\"https:\/\/www.ferberpainting.com\/wp-content\/uploads\/2026\/02\/Check.svg\" alt=\"\" width=\"18\" height=\"15\" \/>A k\u00f6rnyezet sz\u00e1m\u00e1ra biztons\u00e1gos m\u0171tr\u00e1gya.<\/strong>\u00a0Ez a m\u0171tr\u00e1gya m\u00e9rgez\u0151 adal\u00e9kanyagok \u00e9s k\u00e1ros maradv\u00e1nyok n\u00e9lk\u00fcl k\u00e9sz\u00fcl, \u00edgy biztons\u00e1gos a talaj \u00e9s a mikroorganizmusok sz\u00e1m\u00e1ra. Ide\u00e1lis az eg\u00e9szs\u00e9ges \u00e9s fenntarthat\u00f3 termeszt\u00e9shez, a k\u00f6rnyezetre gyakorolt negat\u00edv hat\u00e1sok n\u00e9lk\u00fcl.<\/p>\n<p><strong><img decoding=\"async\" style=\"margin-right: 12px;\" src=\"https:\/\/www.ferberpainting.com\/wp-content\/uploads\/2026\/02\/Check.svg\" alt=\"\" width=\"18\" height=\"15\" \/>K\u00f6nnyen haszn\u00e1lhat\u00f3 \u00e9s gyors felsz\u00edv\u00f3d\u00e1s.<\/strong>\u00a0A m\u0171tr\u00e1gya azonnal felold\u00f3dik a v\u00edzben, biztos\u00edtva a gy\u00f6kerek \u00e9s levelek gyors felsz\u00edv\u00f3d\u00e1s\u00e1t. A n\u00f6v\u00e9ny t\u00f6v\u00e9n\u00e9l t\u00f6rt\u00e9n\u0151 \u00f6nt\u00f6z\u00e9ssel vagy lombpermetez\u00e9ssel juttathat\u00f3 ki, garant\u00e1lva az egyenletes t\u00e1panyageloszl\u00e1st \u00e9s az azonnali asszimil\u00e1ci\u00f3t.<\/p>\n<p><strong><img decoding=\"async\" style=\"margin-right: 12px;\" src=\"https:\/\/www.ferberpainting.com\/wp-content\/uploads\/2026\/02\/Check.svg\" alt=\"\" width=\"18\" height=\"15\" \/>K\u00f6vetkezetes \u00e9s kiegyens\u00falyozott t\u00e1panyagell\u00e1t\u00e1s.<\/strong>\u00a0A szemcs\u00e9s m\u0171tr\u00e1gy\u00e1kkal ellent\u00e9tben, amelyek fokozatosan \u00e9s rendszertelen\u00fcl adj\u00e1k ki az elemeket, ez a foly\u00e9kony m\u0171tr\u00e1gya egyenletes t\u00e1panyageloszl\u00e1st biztos\u00edt, lehet\u0151v\u00e9 t\u00e9ve a Zamioculcas egyenletes \u00e9s ellen\u0151rz\u00f6tt n\u00f6veked\u00e9s\u00e9t. El\u0151seg\u00edti a m\u00e9lyz\u00f6ld lombozatot \u00e9s a robusztus szerkezetet, mik\u00f6zben meger\u0151s\u00edti a n\u00f6v\u00e9nyt a v\u00edzstresszel \u00e9s a hi\u00e1nyokkal szemben.<\/p>\n<p><strong><img decoding=\"async\" style=\"margin-right: 12px;\" src=\"https:\/\/www.ferberpainting.com\/wp-content\/uploads\/2026\/02\/Check.svg\" alt=\"\" width=\"18\" height=\"15\" \/>L\u00e1that\u00f3 eredm\u00e9nyek r\u00f6vid id\u0151n bel\u00fcl.<\/strong>\u00a0A kijuttat\u00e1st k\u00f6vet\u0151 els\u0151 hetekben megfigyelhet\u0151 a lombozat s\u0171r\u0171s\u00e9g\u00e9nek n\u00f6veked\u00e9se, a levelek m\u00e9lyebb sz\u00edne \u00e9s az \u00faj hajt\u00e1sok gyorsabb n\u00f6veked\u00e9se. Ez a m\u0171tr\u00e1gya fokozza a gy\u00f6k\u00e9rtev\u00e9kenys\u00e9get, er\u0151s\u00edti a n\u00f6v\u00e9nyi sz\u00f6veteket, \u00e9s optimaliz\u00e1lja a v\u00edzmegtart\u00e1st, ami jav\u00edtja a sz\u00e1razs\u00e1ggal szembeni ellen\u00e1ll\u00f3 k\u00e9pess\u00e9get.<\/p>\n<p><strong><img decoding=\"async\" style=\"margin-right: 12px;\" src=\"https:\/\/www.ferberpainting.com\/wp-content\/uploads\/2026\/02\/Check.svg\" alt=\"\" width=\"18\" height=\"15\" \/>A Zamioculcas speci\u00e1lis ig\u00e9nyeihez igaz\u00edtva.<\/strong>\u00a0A nitrog\u00e9n, foszfor \u00e9s k\u00e1lium t\u00f6k\u00e9letes egyens\u00faly\u00e1nak k\u00f6sz\u00f6nhet\u0151en ez a m\u0171tr\u00e1gya serkenti a lev\u00e9l- \u00e9s gy\u00f6k\u00e9rfejl\u0151d\u00e9st, mik\u00f6zben meger\u0151s\u00edti a n\u00f6v\u00e9nyt a betegs\u00e9gek \u00e9s a levelek s\u00e1rgul\u00e1sa ellen. A nitrog\u00e9n t\u00e1mogatja az er\u0151teljes n\u00f6veked\u00e9st, a foszfor jav\u00edtja a gy\u00f6keresed\u00e9st \u00e9s a sz\u00e1rszil\u00e1rds\u00e1got, a k\u00e1lium pedig fokozza a betegs\u00e9gekkel \u00e9s k\u00e1rtev\u0151kkel szembeni ellen\u00e1ll\u00f3 k\u00e9pess\u00e9get.<\/p>\n<h2><strong>Haszn\u00e1lati protokoll<\/strong><\/h2>\n<ul>\n<li><strong>Jelentkez\u00e9si id\u0151szak <\/strong>: A m\u0171tr\u00e1gy\u00e1t tavaszt\u00f3l \u0151szig alkalmazza, abban az id\u0151szakban, amikor a Zamioculcas akt\u00edv n\u00f6veked\u00e9si f\u00e1zisban van. Cs\u00f6kkentse a kijuttat\u00e1s gyakoris\u00e1g\u00e1t t\u00e9len, amikor a n\u00f6v\u00e9ny nyugalmi \u00e1llapotba ker\u00fcl.<\/li>\n<li><strong>Az oldat el\u0151k\u00e9sz\u00edt\u00e9se <\/strong>: H\u00edg\u00edtson 5 ml m\u0171tr\u00e1gy\u00e1t 1 liter v\u00edzben, hogy egy kiegyens\u00falyozott, haszn\u00e1latra k\u00e9sz oldatot kapjon.<\/li>\n<li><strong>\u00d6nt\u00f6z\u00e9s alkalmaz\u00e1sa <\/strong>: A gy\u00f6k\u00e9rrothad\u00e1s megel\u0151z\u00e9se \u00e9rdek\u00e9ben k\u00f6zvetlen\u00fcl a n\u00f6v\u00e9ny t\u00f6v\u00e9n\u00e9l \u00f6nt\u00f6zze meg, ker\u00fclve az aljzat t\u00falnedves\u00edt\u00e9s\u00e9t.<\/li>\n<li><strong>Lombpermetez\u00e9s <\/strong>: Enyh\u00e9n permetezze a levelekre, hogy el\u0151seg\u00edtse a t\u00e1panyagok gyors felsz\u00edv\u00f3d\u00e1s\u00e1t \u00e9s meg\u0151rizze a lombozat f\u00e9ny\u00e9t.<\/li>\n<li><strong>Alkalmaz\u00e1si gyakoris\u00e1g <\/strong>: Az akt\u00edv n\u00f6veked\u00e9si id\u0151szakban k\u00e9thetente egyszer, t\u00e9len pedig havonta egyszer, ha a n\u00f6v\u00e9ny tov\u00e1bb n\u00f6vekszik.<\/li>\n<li><strong>Haszn\u00e1lati \u00f3vint\u00e9zked\u00e9sek <\/strong>: Ker\u00fclje a t\u00falzott m\u0171tr\u00e1gy\u00e1z\u00e1st, mivel a t\u00faltr\u00e1gy\u00e1z\u00e1s t\u00fal gyors n\u00f6veked\u00e9shez vezethet, \u00e9s gyeng\u00edtheti a sz\u00e1rszerkezetet.<\/li>\n<\/ul>\n<p>Ennek a Zamioculcas ig\u00e9nyeihez igaz\u00edtott m\u0171tr\u00e1gy\u00e1nak k\u00f6sz\u00f6nhet\u0151en n\u00f6v\u00e9nye optim\u00e1lis t\u00e1panyagell\u00e1t\u00e1sban r\u00e9szes\u00fcl, ami eg\u00e9szs\u00e9ges n\u00f6veked\u00e9st, d\u00fas lombozatot, valamint a betegs\u00e9gekkel \u00e9s az \u00e9ghajlati v\u00e1ltoz\u00e1sokkal szembeni fokozott ellen\u00e1ll\u00f3 k\u00e9pess\u00e9get biztos\u00edt.<\/p>","protected":false},"excerpt":{"rendered":"<p>A fertilizer specially designed for Zamioculcas.\u00a0Zamioculcas, also known as the ZZ plant, is a hardy indoor plant that requires adapted fertilization to maintain vibrant foliage, steady growth, and strong resistance to diseases. This fertilizer, formulated with an NPK ratio of 15-15-15, provides a balanced supply of essential nutrients, allowing Zamioculcas to develop thick foliage, strong [&hellip;]<\/p>\n","protected":false},"featured_media":27487,"comment_status":"open","ping_status":"closed","template":"","meta":{"_uag_custom_page_level_css":"","site-sidebar-layout":"default","site-content-layout":"","ast-site-content-layout":"default","site-content-style":"default","site-sidebar-style":"default","ast-global-header-display":"","ast-banner-title-visibility":"","ast-main-header-display":"","ast-hfb-above-header-display":"","ast-hfb-below-header-display":"","ast-hfb-mobile-header-display":"","site-post-title":"","ast-breadcrumbs-content":"","ast-featured-img":"","footer-sml-layout":"","ast-disable-related-posts":"","theme-transparent-header-meta":"default","adv-header-id-meta":"","stick-header-meta":"","header-above-stick-meta":"","header-main-stick-meta":"","header-below-stick-meta":"","astra-migrate-meta-layouts":"set","ast-page-background-enabled":"default","ast-page-background-meta":{"desktop":{"background-color":"var(--ast-global-color-4)","background-image":"","background-repeat":"repeat","background-position":"center center","background-size":"auto","background-attachment":"scroll","background-type":"","background-media":"","overlay-type":"","overlay-color":"","overlay-opacity":"","overlay-gradient":""},"tablet":{"background-color":"","background-image":"","background-repeat":"repeat","background-position":"center center","background-size":"auto","background-attachment":"scroll","background-type":"","background-media":"","overlay-type":"","overlay-color":"","overlay-opacity":"","overlay-gradient":""},"mobile":{"background-color":"","background-image":"","background-repeat":"repeat","background-position":"center center","background-size":"auto","background-attachment":"scroll","background-type":"","background-media":"","overlay-type":"","overlay-color":"","overlay-opacity":"","overlay-gradient":""}},"ast-content-background-meta":{"desktop":{"background-color":"var(--ast-global-color-5)","background-image":"","background-repeat":"repeat","background-position":"center center","background-size":"auto","background-attachment":"scroll","background-type":"","background-media":"","overlay-type":"","overlay-color":"","overlay-opacity":"","overlay-gradient":""},"tablet":{"background-color":"var(--ast-global-color-5)","background-image":"","background-repeat":"repeat","background-position":"center center","background-size":"auto","background-attachment":"scroll","background-type":"","background-media":"","overlay-type":"","overlay-color":"","overlay-opacity":"","overlay-gradient":""},"mobile":{"background-color":"var(--ast-global-color-5)","background-image":"","background-repeat":"repeat","background-position":"center center","background-size":"auto","background-attachment":"scroll","background-type":"","background-media":"","overlay-type":"","overlay-color":"","overlay-opacity":"","overlay-gradient":""}}},"product_brand":[],"product_cat":[178],"product_tag":[],"class_list":{"0":"post-25696","1":"product","2":"type-product","3":"status-publish","4":"has-post-thumbnail","6":"product_cat-fertilizers","7":"desktop-align-left","8":"tablet-align-left","9":"mobile-align-left","11":"first","12":"instock","13":"sale","14":"taxable","15":"shipping-taxable","16":"purchasable","17":"product-type-variable","18":"has-default-attributes"},"spectra_custom_meta":{"_visibility":["visible"],"_shopify_product_id":["9073318854901"],"_s2w_shopify_domain":["ferberpainting.myshopify.com"],"_shopify_variant_id":["46524612542709"],"_sku":[""],"_manage_stock":["no"],"total_sales":["3"],"_tax_status":["taxable"],"_tax_class":[""],"_backorders":["no"],"_sold_individually":["no"],"_virtual":["no"],"_downloadable":["no"],"_download_limit":["-1"],"_download_expiry":["-1"],"_stock":[null],"_stock_status":["instock"],"_wc_average_rating":["4.57"],"_wc_review_count":["7"],"_product_attributes":["a:1:{s:6:\"volume\";a:6:{s:4:\"name\";s:6:\"Volume\";s:5:\"value\";s:20:\"5 liters | 25 liters\";s:8:\"position\";i:1;s:10:\"is_visible\";i:0;s:12:\"is_variation\";i:1;s:11:\"is_taxonomy\";i:0;}}"],"_product_version":["10.5.2"],"_thumbnail_id":["27487"],"_product_image_gallery":["27488"],"_edit_lock":["1771405859:1"],"_edit_last":["1"],"_wp_page_template":["default"],"site-sidebar-layout":["default"],"ast-site-content-layout":["default"],"site-content-style":["default"],"site-sidebar-style":["default"],"theme-transparent-header-meta":["default"],"wpse_downloadable_file_names":[""],"wpse_downloadable_file_urls":[""],"_default_attributes":["a:1:{s:6:\"volume\";s:8:\"5 liters\";}"],"_price":["29.90","129.90"],"merchant-center-availability":["yes"],"merchant-center-category":["113"],"_wc_rating_count":["a:2:{i:4;i:3;i:5;i:4;}"],"astra-migrate-meta-layouts":["set"],"_uag_css_file_name":["uag-css-25696.css"],"_elementor_page_assets":["a:0:{}"],"_uag_page_assets":["a:9:{s:3:\"css\";s:7133:\".uag-blocks-common-selector{z-index:var(--z-index-desktop) !important}@media(max-width: 976px){.uag-blocks-common-selector{z-index:var(--z-index-tablet) !important}}@media(max-width: 767px){.uag-blocks-common-selector{z-index:var(--z-index-mobile) !important}}.wp-block-uagb-image{display:flex}.wp-block-uagb-image__figure{position:relative;display:flex;flex-direction:column;max-width:100%;height:auto;margin:0}.wp-block-uagb-image__figure img{height:auto;display:flex;max-width:100%;transition:box-shadow .2s ease}.wp-block-uagb-image__figure>a{display:inline-block}.wp-block-uagb-image__figure figcaption{text-align:center;margin-top:.5em;margin-bottom:1em}.wp-block-uagb-image .components-placeholder.block-editor-media-placeholder .components-placeholder__instructions{align-self:center}.wp-block-uagb-image--align-left{text-align:left}.wp-block-uagb-image--align-right{text-align:right}.wp-block-uagb-image--align-center{text-align:center}.wp-block-uagb-image--align-full .wp-block-uagb-image__figure{margin-left:calc(50% - 50vw);margin-right:calc(50% - 50vw);max-width:100vw;width:100vw;height:auto}.wp-block-uagb-image--align-full .wp-block-uagb-image__figure img{height:auto;width:100% !important}.wp-block-uagb-image--align-wide .wp-block-uagb-image__figure img{height:auto;width:100%}.wp-block-uagb-image--layout-overlay__color-wrapper{position:absolute;left:0;top:0;right:0;bottom:0;opacity:.2;background:rgba(0,0,0,.5);transition:opacity .35s ease-in-out}.wp-block-uagb-image--layout-overlay-link{position:absolute;left:0;right:0;bottom:0;top:0}.wp-block-uagb-image--layout-overlay .wp-block-uagb-image__figure:hover .wp-block-uagb-image--layout-overlay__color-wrapper{opacity:1}.wp-block-uagb-image--layout-overlay__inner{position:absolute;left:15px;right:15px;bottom:15px;top:15px;display:flex;align-items:center;justify-content:center;flex-direction:column;border-color:#fff;transition:.35s ease-in-out}.wp-block-uagb-image--layout-overlay__inner.top-left,.wp-block-uagb-image--layout-overlay__inner.top-center,.wp-block-uagb-image--layout-overlay__inner.top-right{justify-content:flex-start}.wp-block-uagb-image--layout-overlay__inner.bottom-left,.wp-block-uagb-image--layout-overlay__inner.bottom-center,.wp-block-uagb-image--layout-overlay__inner.bottom-right{justify-content:flex-end}.wp-block-uagb-image--layout-overlay__inner.top-left,.wp-block-uagb-image--layout-overlay__inner.center-left,.wp-block-uagb-image--layout-overlay__inner.bottom-left{align-items:flex-start}.wp-block-uagb-image--layout-overlay__inner.top-right,.wp-block-uagb-image--layout-overlay__inner.center-right,.wp-block-uagb-image--layout-overlay__inner.bottom-right{align-items:flex-end}.wp-block-uagb-image--layout-overlay__inner .uagb-image-heading{color:#fff;transition:transform .35s,opacity .35s ease-in-out;transform:translate3d(0, 24px, 0);margin:0;line-height:1em}.wp-block-uagb-image--layout-overlay__inner .uagb-image-separator{width:30%;border-top-width:2px;border-top-color:#fff;border-top-style:solid;margin-bottom:10px;opacity:0;transition:transform .4s,opacity .4s ease-in-out;transform:translate3d(0, 30px, 0)}.wp-block-uagb-image--layout-overlay__inner .uagb-image-caption{opacity:0;overflow:visible;color:#fff;transition:transform .45s,opacity .45s ease-in-out;transform:translate3d(0, 35px, 0)}.wp-block-uagb-image--layout-overlay__inner:hover .uagb-image-heading,.wp-block-uagb-image--layout-overlay__inner:hover .uagb-image-separator,.wp-block-uagb-image--layout-overlay__inner:hover .uagb-image-caption{opacity:1;transform:translate3d(0, 0, 0)}.wp-block-uagb-image--effect-zoomin .wp-block-uagb-image__figure img,.wp-block-uagb-image--effect-zoomin .wp-block-uagb-image__figure .wp-block-uagb-image--layout-overlay__color-wrapper{transform:scale(1);transition:transform .35s ease-in-out}.wp-block-uagb-image--effect-zoomin .wp-block-uagb-image__figure:hover img,.wp-block-uagb-image--effect-zoomin .wp-block-uagb-image__figure:hover .wp-block-uagb-image--layout-overlay__color-wrapper{transform:scale(1.05)}.wp-block-uagb-image--effect-slide .wp-block-uagb-image__figure img,.wp-block-uagb-image--effect-slide .wp-block-uagb-image__figure .wp-block-uagb-image--layout-overlay__color-wrapper{width:calc(100% + 40px) !important;max-width:none !important;transform:translate3d(-40px, 0, 0);transition:transform .35s ease-in-out}.wp-block-uagb-image--effect-slide .wp-block-uagb-image__figure:hover img,.wp-block-uagb-image--effect-slide .wp-block-uagb-image__figure:hover .wp-block-uagb-image--layout-overlay__color-wrapper{transform:translate3d(0, 0, 0)}.wp-block-uagb-image--effect-grayscale img{filter:grayscale(0%);transition:.35s ease-in-out}.wp-block-uagb-image--effect-grayscale:hover img{filter:grayscale(100%)}.wp-block-uagb-image--effect-blur img{filter:blur(0);transition:.35s ease-in-out}.wp-block-uagb-image--effect-blur:hover img{filter:blur(3px)}.uagb-block-e6f939b3.wp-block-uagb-image--layout-default figure img{box-shadow: 0px 0px 0 #00000070;}.uagb-block-e6f939b3.wp-block-uagb-image .wp-block-uagb-image__figure figcaption{font-style: normal;align-self: center;}.uagb-block-e6f939b3.wp-block-uagb-image--layout-overlay figure img{box-shadow: 0px 0px 0 #00000070;}.uagb-block-e6f939b3.wp-block-uagb-image--layout-overlay .wp-block-uagb-image--layout-overlay__color-wrapper{opacity: 0.2;}.uagb-block-e6f939b3.wp-block-uagb-image--layout-overlay .wp-block-uagb-image--layout-overlay__inner{left: 15px;right: 15px;top: 15px;bottom: 15px;}.uagb-block-e6f939b3.wp-block-uagb-image--layout-overlay .wp-block-uagb-image--layout-overlay__inner .uagb-image-heading{font-style: normal;color: #fff;opacity: 1;}.uagb-block-e6f939b3.wp-block-uagb-image--layout-overlay .wp-block-uagb-image--layout-overlay__inner .uagb-image-heading a{color: #fff;}.uagb-block-e6f939b3.wp-block-uagb-image--layout-overlay .wp-block-uagb-image--layout-overlay__inner .uagb-image-caption{opacity: 0;}.uagb-block-e6f939b3.wp-block-uagb-image--layout-overlay .wp-block-uagb-image__figure:hover .wp-block-uagb-image--layout-overlay__color-wrapper{opacity: 1;}.uagb-block-e6f939b3.wp-block-uagb-image .wp-block-uagb-image--layout-overlay__inner .uagb-image-separator{width: 30%;border-top-width: 2px;border-top-color: #fff;opacity: 0;}.uagb-block-e6f939b3.wp-block-uagb-image .wp-block-uagb-image__figure img{width: px;height: auto;}.uagb-block-e6f939b3.wp-block-uagb-image .wp-block-uagb-image__figure:hover .wp-block-uagb-image--layout-overlay__inner .uagb-image-caption{opacity: 1;}.uagb-block-e6f939b3.wp-block-uagb-image .wp-block-uagb-image__figure:hover .wp-block-uagb-image--layout-overlay__inner .uagb-image-separator{opacity: 1;}.uagb-block-e6f939b3.wp-block-uagb-image--layout-default figure:hover img{box-shadow: 0px 0px 0 #00000070;}.uagb-block-e6f939b3.wp-block-uagb-image--layout-overlay figure:hover img{box-shadow: 0px 0px 0 #00000070;}@media only screen and (max-width: 976px) {.uagb-block-e6f939b3.wp-block-uagb-image .wp-block-uagb-image__figure img{width: px;height: auto;}}@media only screen and (max-width: 767px) {.uagb-block-e6f939b3.wp-block-uagb-image .wp-block-uagb-image__figure img{width: px;height: auto;}}\";s:2:\"js\";s:0:\"\";s:18:\"current_block_list\";a:13:{i:0;s:11:\"core\/search\";i:1;s:10:\"core\/group\";i:2;s:12:\"core\/heading\";i:3;s:17:\"core\/latest-posts\";i:4;s:20:\"core\/latest-comments\";i:5;s:13:\"core\/archives\";i:6;s:15:\"core\/categories\";i:7;s:14:\"core\/paragraph\";i:8;s:10:\"uagb\/image\";i:9;s:11:\"core\/spacer\";i:10;s:30:\"woocommerce\/product-categories\";i:11;s:10:\"core\/image\";i:12;s:14:\"core\/shortcode\";}s:8:\"uag_flag\";b:1;s:11:\"uag_version\";s:10:\"1777357006\";s:6:\"gfonts\";a:0:{}s:10:\"gfonts_url\";s:0:\"\";s:12:\"gfonts_files\";a:0:{}s:14:\"uag_faq_layout\";b:0;}"]},"uagb_featured_image_src":{"full":["https:\/\/www.ferberpainting.com\/wp-content\/uploads\/2025\/05\/ZamioculcasFertilizer5L.png",2560,2560,false],"thumbnail":["https:\/\/www.ferberpainting.com\/wp-content\/uploads\/2025\/05\/ZamioculcasFertilizer5L-150x150.png",150,150,true],"medium":["https:\/\/www.ferberpainting.com\/wp-content\/uploads\/2025\/05\/ZamioculcasFertilizer5L-300x300.png",300,300,true],"medium_large":["https:\/\/www.ferberpainting.com\/wp-content\/uploads\/2025\/05\/ZamioculcasFertilizer5L-768x768.png",768,768,true],"large":["https:\/\/www.ferberpainting.com\/wp-content\/uploads\/2025\/05\/ZamioculcasFertilizer5L-1024x1024.png",1024,1024,true],"1536x1536":["https:\/\/www.ferberpainting.com\/wp-content\/uploads\/2025\/05\/ZamioculcasFertilizer5L-1536x1536.png",1536,1536,true],"2048x2048":["https:\/\/www.ferberpainting.com\/wp-content\/uploads\/2025\/05\/ZamioculcasFertilizer5L-2048x2048.png",2048,2048,true],"trp-custom-language-flag":["https:\/\/www.ferberpainting.com\/wp-content\/uploads\/2025\/05\/ZamioculcasFertilizer5L-12x12.png",12,12,true],"woocommerce_thumbnail":["https:\/\/www.ferberpainting.com\/wp-content\/uploads\/2025\/05\/ZamioculcasFertilizer5L-300x300.png",300,300,true],"woocommerce_single":["https:\/\/www.ferberpainting.com\/wp-content\/uploads\/2025\/05\/ZamioculcasFertilizer5L-600x600.png",600,600,true],"woocommerce_gallery_thumbnail":["https:\/\/www.ferberpainting.com\/wp-content\/uploads\/2025\/05\/ZamioculcasFertilizer5L-100x100.png",100,100,true]},"uagb_author_info":{"display_name":"admin","author_link":"https:\/\/www.ferberpainting.com\/hu\/author\/"},"uagb_comment_info":7,"uagb_excerpt":"A fertilizer specially designed for Zamioculcas.\u00a0Zamioculcas, also known as the ZZ plant, is a hardy indoor plant that requires adapted fertilization to maintain vibrant foliage, steady growth, and strong resistance to diseases. This fertilizer, formulated with an NPK ratio of 15-15-15, provides a balanced supply of essential nutrients, allowing Zamioculcas to develop thick foliage, strong&hellip;","_links":{"self":[{"href":"https:\/\/www.ferberpainting.com\/hu\/wp-json\/wp\/v2\/product\/25696","targetHints":{"allow":["GET"]}}],"collection":[{"href":"https:\/\/www.ferberpainting.com\/hu\/wp-json\/wp\/v2\/product"}],"about":[{"href":"https:\/\/www.ferberpainting.com\/hu\/wp-json\/wp\/v2\/types\/product"}],"replies":[{"embeddable":true,"href":"https:\/\/www.ferberpainting.com\/hu\/wp-json\/wp\/v2\/comments?post=25696"}],"version-history":[{"count":4,"href":"https:\/\/www.ferberpainting.com\/hu\/wp-json\/wp\/v2\/product\/25696\/revisions"}],"predecessor-version":[{"id":169193,"href":"https:\/\/www.ferberpainting.com\/hu\/wp-json\/wp\/v2\/product\/25696\/revisions\/169193"}],"wp:featuredmedia":[{"embeddable":true,"href":"https:\/\/www.ferberpainting.com\/hu\/wp-json\/wp\/v2\/media\/27487"}],"wp:attachment":[{"href":"https:\/\/www.ferberpainting.com\/hu\/wp-json\/wp\/v2\/media?parent=25696"}],"wp:term":[{"taxonomy":"product_brand","embeddable":true,"href":"https:\/\/www.ferberpainting.com\/hu\/wp-json\/wp\/v2\/product_brand?post=25696"},{"taxonomy":"product_cat","embeddable":true,"href":"https:\/\/www.ferberpainting.com\/hu\/wp-json\/wp\/v2\/product_cat?post=25696"},{"taxonomy":"product_tag","embeddable":true,"href":"https:\/\/www.ferberpainting.com\/hu\/wp-json\/wp\/v2\/product_tag?post=25696"}],"curies":[{"name":"wp","href":"https:\/\/api.w.org\/{rel}","templated":true}]}}