{"id":25692,"date":"2025-05-26T10:33:36","date_gmt":"2025-05-26T08:33:36","guid":{"rendered":"https:\/\/www.ferberpainting.com\/products\/yacht-varnish\/"},"modified":"2026-02-18T10:11:05","modified_gmt":"2026-02-18T09:11:05","slug":"yacht-varnish","status":"publish","type":"product","link":"https:\/\/www.ferberpainting.com\/hu\/products\/yacht-varnish\/","title":{"rendered":"Jachtlakk"},"content":{"rendered":"<p><strong><img decoding=\"async\" style=\"margin-right: 12px;\" src=\"https:\/\/www.ferberpainting.com\/wp-content\/uploads\/2026\/02\/Check.svg\" alt=\"\" width=\"18\" height=\"15\" \/>Kiv\u00e1l\u00f3 v\u00e9delmet ny\u00fajt a zord tengeri k\u00f6r\u00fclm\u00e9nyeknek kitett faanyagok sz\u00e1m\u00e1ra.<\/strong> Tengeri lakkjainkat kifejezetten a sz\u00e9ls\u0151s\u00e9ges nedvess\u00e9gnek, s\u00f3s leveg\u0151nek, UV-sug\u00e1rz\u00e1snak \u00e9s \u00e1lland\u00f3 id\u0151j\u00e1r\u00e1si ingadoz\u00e1soknak kitett fafel\u00fcletek v\u00e9delm\u00e9re tervezt\u00e9k. Rendk\u00edv\u00fcl tart\u00f3s \u00e9s rugalmas v\u00e9d\u0151r\u00e9teget k\u00e9pez, amely megv\u00e9di a f\u00e1t a v\u00edz behatol\u00e1s\u00e1t\u00f3l, a duzzad\u00e1st\u00f3l, a repedez\u00e9st\u0151l \u00e9s a fel\u00fclet roml\u00e1s\u00e1t\u00f3l. Ak\u00e1r haj\u00f3kon, dokkokon, k\u00fclt\u00e9ri b\u00fatorokon vagy tengerparti szerkezeteken haszn\u00e1lj\u00e1k, ez a fejlett lakk hossz\u00fa t\u00e1v\u00fa v\u00e9delmet ny\u00fajt a legig\u00e9nyesebb k\u00f6rnyezetben is.<\/p>\n<p><strong><img decoding=\"async\" style=\"margin-right: 12px;\" src=\"https:\/\/www.ferberpainting.com\/wp-content\/uploads\/2026\/02\/Check.svg\" alt=\"\" width=\"18\" height=\"15\" \/>A teljes bizalom \u00e9rdek\u00e9ben p\u00e9nzvisszafizet\u00e9si garanci\u00e1t k\u00edn\u00e1lunk.<\/strong> Teljesen biztosak vagyunk tengeri lakkjaink teljes\u00edtm\u00e9ny\u00e9ben \u00e9s tart\u00f3ss\u00e1g\u00e1ban. Ha nem teljesen el\u00e9gedett az eredm\u00e9nnyel, visszat\u00e9r\u00edtj\u00fck a v\u00e9tel\u00e1rat. Ez a p\u00e9nzvisszafizet\u00e9si garancia biztos\u00edtja, hogy kock\u00e1zat n\u00e9lk\u00fcl v\u00e9dheti \u00e9rt\u00e9kes fafel\u00fcleteit, tudva, hogy befektet\u00e9se teljes m\u00e9rt\u00e9kben v\u00e9dve van.<\/p>\n<p><strong><img decoding=\"async\" style=\"margin-right: 12px;\" src=\"https:\/\/www.ferberpainting.com\/wp-content\/uploads\/2026\/02\/Check.svg\" alt=\"\" width=\"18\" height=\"15\" \/>A leghat\u00e9konyabb tengeri min\u0151s\u00e9g\u0171 lakk a piacon.<\/strong> A nagy teljes\u00edtm\u00e9ny\u0171 gyant\u00e1kkal \u00e9s UV-stabiliz\u00e1torokkal kifejlesztett tengeri lakkjaink kiv\u00e9teles ellen\u00e1ll\u00e1st biztos\u00edtanak a v\u00edzzel, a s\u00f3val \u00e9s a napf\u00e9nnyel szemben. Fenntartja rugalmass\u00e1g\u00e1t, hogy alkalmazkodjon a fa nedvess\u00e9g \u00e9s h\u0151m\u00e9rs\u00e9klet-v\u00e1ltoz\u00e1s okozta t\u00e1gul\u00e1s\u00e1hoz \u00e9s \u00f6sszeh\u00faz\u00f3d\u00e1s\u00e1hoz. A hagyom\u00e1nyos k\u00fcls\u0151 lakkokhoz k\u00e9pest kiv\u00e1l\u00f3 tapad\u00e1st, rugalmass\u00e1got \u00e9s hossz\u00fa t\u00e1v\u00fa tart\u00f3ss\u00e1got biztos\u00edt, \u00edgy a leghat\u00e9konyabb megold\u00e1s a tengeri \u00e9s nagy ig\u00e9nybev\u00e9telnek kitett alkalmaz\u00e1sokhoz.<\/p>\n<p><strong><img decoding=\"async\" style=\"margin-right: 12px;\" src=\"https:\/\/www.ferberpainting.com\/wp-content\/uploads\/2026\/02\/Check.svg\" alt=\"\" width=\"18\" height=\"15\" \/>A legolcs\u00f3bb professzion\u00e1lis min\u0151s\u00e9g\u0171 tengeri lakk.<\/strong> A pr\u00e9mium min\u0151s\u00e9g\u0171 tengeri v\u00e9delemnek nem kell pr\u00e9mium \u00e1rat fizetnie. Mi k\u00edn\u00e1ljuk a legversenyk\u00e9pesebb \u00e1rakat an\u00e9lk\u00fcl, hogy kompromisszumot k\u00f6tn\u00e9nk a min\u0151s\u00e9g vagy a teljes\u00edtm\u00e9ny ter\u00e9n. Az optimaliz\u00e1lt gy\u00e1rt\u00e1si \u00e9s forgalmaz\u00e1si folyamatok r\u00e9v\u00e9n a hasonl\u00f3 term\u00e9kekhez k\u00e9pest a legalacsonyabb \u00e1ron k\u00edn\u00e1lunk professzion\u00e1lis szil\u00e1rds\u00e1g\u00fa tengeri lakkot, kiv\u00e9teles \u00e9rt\u00e9ket biztos\u00edtva.<\/p>\n<p><strong><img decoding=\"async\" style=\"margin-right: 12px;\" src=\"https:\/\/www.ferberpainting.com\/wp-content\/uploads\/2026\/02\/Check.svg\" alt=\"\" width=\"18\" height=\"15\" \/>Garant\u00e1lt 24 \u00f3r\u00e1s sz\u00e1ll\u00edt\u00e1s, hogy projektje a tervezett hat\u00e1rid\u0151n bel\u00fcl maradjon.<\/strong> A tengeri karbantart\u00e1si \u00e9s fel\u00faj\u00edt\u00e1si projektek gyakran ig\u00e9nyelnek id\u0151ben t\u00f6rt\u00e9n\u0151 v\u00e9grehajt\u00e1st. Ez\u00e9rt k\u00edn\u00e1lunk megb\u00edzhat\u00f3, 24 \u00f3r\u00e1s kisz\u00e1ll\u00edt\u00e1st, amely biztos\u00edtja, hogy a tengeri lakkok gyorsan meg\u00e9rkezzenek, \u00e9s azonnal felhordhat\u00f3k legyenek, \u00edgy seg\u00edtve \u00d6nt abban, hogy a tervezett \u00fctemben haladjon.<\/p>\n<p><strong><img decoding=\"async\" style=\"margin-right: 12px;\" src=\"https:\/\/www.ferberpainting.com\/wp-content\/uploads\/2026\/02\/Check.svg\" alt=\"\" width=\"18\" height=\"15\" \/>Literenk\u00e9nt ak\u00e1r 8 m\u00b2 hat\u00e9kony lefedetts\u00e9g a pontos tervez\u00e9shez.<\/strong> Egy liter tengeri lakkunk ak\u00e1r 8 n\u00e9gyzetm\u00e9tert is kezelhet, a fa nedvsz\u00edv\u00f3 k\u00e9pess\u00e9g\u00e9t\u0151l \u00e9s a felhord\u00e1si vastags\u00e1gt\u00f3l f\u00fcgg\u0151en. Ez az egy\u00e9rtelm\u0171en meghat\u00e1rozott fed\u00e9si ar\u00e1ny lehet\u0151v\u00e9 teszi a pontos anyagsz\u00e1m\u00edt\u00e1st \u00e9s a hat\u00e9kony k\u00f6lts\u00e9gellen\u0151rz\u00e9st, mik\u00f6zben optim\u00e1lis v\u00e9d\u0151teljes\u00edtm\u00e9nyt biztos\u00edt.<\/p>\n<p><strong><img decoding=\"async\" style=\"margin-right: 12px;\" src=\"https:\/\/www.ferberpainting.com\/wp-content\/uploads\/2026\/02\/Check.svg\" alt=\"\" width=\"18\" height=\"15\" \/>Kiv\u00e9teles ellen\u00e1ll\u00e1s a nedvess\u00e9ggel \u00e9s a s\u00f3s v\u00edzzel szemben.<\/strong> A lakk v\u00edz\u00e1ll\u00f3 g\u00e1tat k\u00e9pez, amely megv\u00e9di a f\u00e1t az es\u0151nek, a fr\u00f6ccsen\u0151 v\u00edznek \u00e9s a tengeri nedvess\u00e9gnek val\u00f3 tart\u00f3s kitetts\u00e9gt\u0151l. Jelent\u0151sen cs\u00f6kkenti a rothad\u00e1s, a duzzad\u00e1s \u00e9s a v\u00edz besziv\u00e1rg\u00e1sa \u00e1ltal okozott fel\u00fcleti s\u00e9r\u00fcl\u00e9sek kock\u00e1zat\u00e1t.<\/p>\n<p><strong><img decoding=\"async\" style=\"margin-right: 12px;\" src=\"https:\/\/www.ferberpainting.com\/wp-content\/uploads\/2026\/02\/Check.svg\" alt=\"\" width=\"18\" height=\"15\" \/>Fejlett UV-v\u00e9delem a fakul\u00e1s \u00e9s a repedez\u00e9s megel\u0151z\u00e9se \u00e9rdek\u00e9ben.<\/strong> A be\u00e9p\u00edtett UV-abszorberek \u00e9s stabiliz\u00e1torok seg\u00edtenek meg\u0151rizni a sz\u00edntisztas\u00e1got \u00e9s a fel\u00fcleti integrit\u00e1st, cs\u00f6kkentve a hosszan tart\u00f3 napoz\u00e1s okozta elsz\u00ednez\u0151d\u00e9st \u00e9s fel\u00fcleti k\u00e1rosod\u00e1st. Ez biztos\u00edtja, hogy a fa hossz\u00fa t\u00e1von is meg\u0151rizze gazdag megjelen\u00e9s\u00e9t.<\/p>\n<p><strong><img decoding=\"async\" style=\"margin-right: 12px;\" src=\"https:\/\/www.ferberpainting.com\/wp-content\/uploads\/2026\/02\/Check.svg\" alt=\"\" width=\"18\" height=\"15\" \/>Gazdag, f\u00e9nyes fel\u00fclettel fokozza a term\u00e9szetes szemcs\u00e9ket \u00e9s m\u00e9lys\u00e9get.<\/strong> A lakk kiemeli a fa term\u00e9szetes sz\u00e9ps\u00e9g\u00e9t, kiemeli a szemcsemint\u00e1kat, m\u00e9lys\u00e9get \u00e9s melegs\u00e9get k\u00f6lcs\u00f6n\u00f6z a f\u00e1nak. Olyan sima \u00e9s eleg\u00e1ns fel\u00fcletet hoz l\u00e9tre, amely mind a funkcion\u00e1lis, mind a dekorat\u00edv tengeri faipari munk\u00e1kat feldobja.<\/p>\n<p><strong><img decoding=\"async\" style=\"margin-right: 12px;\" src=\"https:\/\/www.ferberpainting.com\/wp-content\/uploads\/2026\/02\/Check.svg\" alt=\"\" width=\"18\" height=\"15\" \/>K\u00f6nny\u0171 alkalmaz\u00e1s szakemberek \u00e9s haj\u00f3tulajdonosok sz\u00e1m\u00e1ra.<\/strong> A k\u00e9nyelmes haszn\u00e1latra tervezett tengeri lakk ecsettel, hengerrel vagy permetez\u0151vel is felvihet\u0151. Sima \u00e1llaga biztos\u00edtja az egyenletes felhord\u00e1st \u00e9s a professzion\u00e1lis eredm\u00e9nyt, amely tapasztalt k\u00e9zm\u0171vesek \u00e9s bark\u00e1csol\u00f3k sz\u00e1m\u00e1ra egyar\u00e1nt alkalmas.<\/p>\n<h2><strong>Utas\u00edt\u00e1sok<\/strong><\/h2>\n<ul>\n<li>Alkalmaz\u00e1s el\u0151tt gy\u0151z\u0151dj\u00f6n meg arr\u00f3l, hogy a fafel\u00fclet tiszta, sz\u00e1raz, por-, zs\u00edr-, s\u00f3maradv\u00e1ny- \u00e9s r\u00e9gi, instabil bevonatokt\u00f3l mentes.<\/li>\n<li>A fel\u00fcletet enyh\u00e9n csiszolja le, hogy sima alapot hozzon l\u00e9tre \u00e9s jav\u00edtsa a tapad\u00e1st.<\/li>\n<li>T\u00e1vol\u00edtson el minden csiszol\u00e1si port alaposan egy tiszta, sz\u00e1raz ruh\u00e1val.<\/li>\n<li>Haszn\u00e1lat el\u0151tt alaposan keverje fel a tengeri lakkot, hogy biztos\u00edtsa az egyenletes konzisztenci\u00e1t.<\/li>\n<li>Az els\u0151 r\u00e9teget egyenletesen vigye fel j\u00f3 min\u0151s\u00e9g\u0171 ecsettel, hengerrel vagy permetez\u0151vel, a fa szemcsem\u00e9ret\u00e9nek ir\u00e1ny\u00e1t k\u00f6vetve.<\/li>\n<li>Az aj\u00e1nlott adagol\u00e1s k\u00f6r\u00fclbel\u00fcl 125 ml n\u00e9gyzetm\u00e9terenk\u00e9nt, mivel egy liter legfeljebb 8 m\u00b2-t kezel.<\/li>\n<li>Hagyja az els\u0151 r\u00e9teget a k\u00f6rnyezeti felt\u00e9teleknek megfelel\u0151en megsz\u00e1radni, \u00e1ltal\u00e1ban 6-8 \u00f3ra alatt.<\/li>\n<li>A r\u00e9tegek k\u00f6z\u00f6tt enyh\u00e9n csiszoljon a simas\u00e1g \u00e9s a megfelel\u0151 tapad\u00e1s biztos\u00edt\u00e1sa \u00e9rdek\u00e9ben.<\/li>\n<li>Az optim\u00e1lis tengeri v\u00e9delem \u00e9rdek\u00e9ben legal\u00e1bb k\u00e9t-h\u00e1rom r\u00e9tegben vigye fel, az egyes r\u00e9tegek k\u00f6z\u00f6tt megfelel\u0151 sz\u00e1rad\u00e1si id\u0151t hagyva.<\/li>\n<li>Ker\u00fclje a k\u00f6zvetlen napf\u00e9nyben, magas p\u00e1ratartalomban, vagy ha a sz\u00e1rad\u00e1si id\u0151 alatt es\u0151 v\u00e1rhat\u00f3.<\/li>\n<li>Hagyja az utols\u00f3 r\u00e9teg teljes kikem\u00e9nyed\u00e9s\u00e9t, \u00e1ltal\u00e1ban 24-48 \u00f3r\u00e1t, miel\u0151tt nagyobb nedvess\u00e9gnek vagy mechanikai ig\u00e9nybev\u00e9telnek tenn\u00e9 ki.<\/li>\n<li>Haszn\u00e1lat ut\u00e1n azonnal tiszt\u00edtsa meg a szersz\u00e1mokat a term\u00e9kre vonatkoz\u00f3 aj\u00e1nl\u00e1soknak megfelel\u0151en.<\/li>\n<li>A tart\u00e1lyt szorosan lez\u00e1rva, h\u0171v\u00f6s, sz\u00e1raz, fagyt\u00f3l \u00e9s k\u00f6zvetlen napf\u00e9nyt\u0151l v\u00e9dett helyen t\u00e1rolja.<\/li>\n<li>Gyermekek el\u0151l elz\u00e1rva tartand\u00f3, \u00e9s a kezel\u00e9s \u00e9s alkalmaz\u00e1s sor\u00e1n tartsa be a szok\u00e1sos biztons\u00e1gi \u00f3vint\u00e9zked\u00e9seket.<\/li>\n<\/ul>","protected":false},"excerpt":{"rendered":"<p>Delivers superior protection for wood exposed to harsh marine conditions. Our marine varnish is specially engineered to protect wooden surfaces subjected to extreme moisture, salt air, UV radiation, and constant weather fluctuations. It forms a highly durable and flexible protective layer that shields wood from water penetration, swelling, cracking, and surface degradation. Whether used on [&hellip;]<\/p>\n","protected":false},"featured_media":27484,"comment_status":"open","ping_status":"closed","template":"","meta":{"_uag_custom_page_level_css":"","site-sidebar-layout":"default","site-content-layout":"","ast-site-content-layout":"default","site-content-style":"default","site-sidebar-style":"default","ast-global-header-display":"","ast-banner-title-visibility":"","ast-main-header-display":"","ast-hfb-above-header-display":"","ast-hfb-below-header-display":"","ast-hfb-mobile-header-display":"","site-post-title":"","ast-breadcrumbs-content":"","ast-featured-img":"","footer-sml-layout":"","ast-disable-related-posts":"","theme-transparent-header-meta":"default","adv-header-id-meta":"","stick-header-meta":"","header-above-stick-meta":"","header-main-stick-meta":"","header-below-stick-meta":"","astra-migrate-meta-layouts":"set","ast-page-background-enabled":"default","ast-page-background-meta":{"desktop":{"background-color":"var(--ast-global-color-4)","background-image":"","background-repeat":"repeat","background-position":"center center","background-size":"auto","background-attachment":"scroll","background-type":"","background-media":"","overlay-type":"","overlay-color":"","overlay-opacity":"","overlay-gradient":""},"tablet":{"background-color":"","background-image":"","background-repeat":"repeat","background-position":"center center","background-size":"auto","background-attachment":"scroll","background-type":"","background-media":"","overlay-type":"","overlay-color":"","overlay-opacity":"","overlay-gradient":""},"mobile":{"background-color":"","background-image":"","background-repeat":"repeat","background-position":"center center","background-size":"auto","background-attachment":"scroll","background-type":"","background-media":"","overlay-type":"","overlay-color":"","overlay-opacity":"","overlay-gradient":""}},"ast-content-background-meta":{"desktop":{"background-color":"var(--ast-global-color-5)","background-image":"","background-repeat":"repeat","background-position":"center center","background-size":"auto","background-attachment":"scroll","background-type":"","background-media":"","overlay-type":"","overlay-color":"","overlay-opacity":"","overlay-gradient":""},"tablet":{"background-color":"var(--ast-global-color-5)","background-image":"","background-repeat":"repeat","background-position":"center center","background-size":"auto","background-attachment":"scroll","background-type":"","background-media":"","overlay-type":"","overlay-color":"","overlay-opacity":"","overlay-gradient":""},"mobile":{"background-color":"var(--ast-global-color-5)","background-image":"","background-repeat":"repeat","background-position":"center center","background-size":"auto","background-attachment":"scroll","background-type":"","background-media":"","overlay-type":"","overlay-color":"","overlay-opacity":"","overlay-gradient":""}}},"product_brand":[],"product_cat":[190],"product_tag":[],"class_list":{"0":"post-25692","1":"product","2":"type-product","3":"status-publish","4":"has-post-thumbnail","6":"product_cat-varnish","7":"desktop-align-left","8":"tablet-align-left","9":"mobile-align-left","11":"first","12":"instock","13":"sale","14":"shipping-taxable","15":"purchasable","16":"product-type-variable","17":"has-default-attributes"},"spectra_custom_meta":{"_visibility":["visible"],"_shopify_product_id":["1328683122758"],"_s2w_shopify_domain":["ferberpainting.myshopify.com"],"_shopify_variant_id":["12158529175622"],"_sku":[""],"_manage_stock":["no"],"total_sales":["164"],"_tax_status":["taxable"],"_tax_class":[""],"_backorders":["no"],"_sold_individually":["no"],"_virtual":["no"],"_downloadable":["no"],"_download_limit":["-1"],"_download_expiry":["-1"],"_stock":[null],"_stock_status":["instock"],"_wc_average_rating":["4.80"],"_wc_review_count":["139"],"_product_attributes":["a:1:{s:6:\"volume\";a:6:{s:4:\"name\";s:6:\"Volume\";s:5:\"value\";s:30:\"1 liter | 5 liters | 20 liters\";s:8:\"position\";i:1;s:10:\"is_visible\";i:0;s:12:\"is_variation\";i:1;s:11:\"is_taxonomy\";i:0;}}"],"_product_version":["10.5.2"],"_thumbnail_id":["27484"],"_price":["19.90","89.90","299.90"],"_edit_lock":["1775651441:9328"],"_product_image_gallery":["27485,27486"],"merchant-center-availability":["yes"],"merchant-center-category":["503738"],"merchant-center-id":["VY"],"wpse_downloadable_file_names":[""],"wpse_downloadable_file_urls":[""],"_edit_last":["1"],"_default_attributes":["a:1:{s:6:\"volume\";s:7:\"1 liter\";}"],"_wc_rating_count":["a:3:{i:3;i:6;i:4;i:16;i:5;i:117;}"],"_wp_page_template":["default"],"site-sidebar-layout":["default"],"ast-site-content-layout":["default"],"site-content-style":["default"],"site-sidebar-style":["default"],"theme-transparent-header-meta":["default"],"astra-migrate-meta-layouts":["set"],"_uag_css_file_name":["uag-css-25692.css"],"_elementor_page_assets":["a:0:{}"],"_uag_page_assets":["a:9:{s:3:\"css\";s:7133:\".uag-blocks-common-selector{z-index:var(--z-index-desktop) !important}@media(max-width: 976px){.uag-blocks-common-selector{z-index:var(--z-index-tablet) !important}}@media(max-width: 767px){.uag-blocks-common-selector{z-index:var(--z-index-mobile) !important}}.wp-block-uagb-image{display:flex}.wp-block-uagb-image__figure{position:relative;display:flex;flex-direction:column;max-width:100%;height:auto;margin:0}.wp-block-uagb-image__figure img{height:auto;display:flex;max-width:100%;transition:box-shadow .2s ease}.wp-block-uagb-image__figure>a{display:inline-block}.wp-block-uagb-image__figure figcaption{text-align:center;margin-top:.5em;margin-bottom:1em}.wp-block-uagb-image .components-placeholder.block-editor-media-placeholder .components-placeholder__instructions{align-self:center}.wp-block-uagb-image--align-left{text-align:left}.wp-block-uagb-image--align-right{text-align:right}.wp-block-uagb-image--align-center{text-align:center}.wp-block-uagb-image--align-full .wp-block-uagb-image__figure{margin-left:calc(50% - 50vw);margin-right:calc(50% - 50vw);max-width:100vw;width:100vw;height:auto}.wp-block-uagb-image--align-full .wp-block-uagb-image__figure img{height:auto;width:100% !important}.wp-block-uagb-image--align-wide .wp-block-uagb-image__figure img{height:auto;width:100%}.wp-block-uagb-image--layout-overlay__color-wrapper{position:absolute;left:0;top:0;right:0;bottom:0;opacity:.2;background:rgba(0,0,0,.5);transition:opacity .35s ease-in-out}.wp-block-uagb-image--layout-overlay-link{position:absolute;left:0;right:0;bottom:0;top:0}.wp-block-uagb-image--layout-overlay .wp-block-uagb-image__figure:hover .wp-block-uagb-image--layout-overlay__color-wrapper{opacity:1}.wp-block-uagb-image--layout-overlay__inner{position:absolute;left:15px;right:15px;bottom:15px;top:15px;display:flex;align-items:center;justify-content:center;flex-direction:column;border-color:#fff;transition:.35s ease-in-out}.wp-block-uagb-image--layout-overlay__inner.top-left,.wp-block-uagb-image--layout-overlay__inner.top-center,.wp-block-uagb-image--layout-overlay__inner.top-right{justify-content:flex-start}.wp-block-uagb-image--layout-overlay__inner.bottom-left,.wp-block-uagb-image--layout-overlay__inner.bottom-center,.wp-block-uagb-image--layout-overlay__inner.bottom-right{justify-content:flex-end}.wp-block-uagb-image--layout-overlay__inner.top-left,.wp-block-uagb-image--layout-overlay__inner.center-left,.wp-block-uagb-image--layout-overlay__inner.bottom-left{align-items:flex-start}.wp-block-uagb-image--layout-overlay__inner.top-right,.wp-block-uagb-image--layout-overlay__inner.center-right,.wp-block-uagb-image--layout-overlay__inner.bottom-right{align-items:flex-end}.wp-block-uagb-image--layout-overlay__inner .uagb-image-heading{color:#fff;transition:transform .35s,opacity .35s ease-in-out;transform:translate3d(0, 24px, 0);margin:0;line-height:1em}.wp-block-uagb-image--layout-overlay__inner .uagb-image-separator{width:30%;border-top-width:2px;border-top-color:#fff;border-top-style:solid;margin-bottom:10px;opacity:0;transition:transform .4s,opacity .4s ease-in-out;transform:translate3d(0, 30px, 0)}.wp-block-uagb-image--layout-overlay__inner .uagb-image-caption{opacity:0;overflow:visible;color:#fff;transition:transform .45s,opacity .45s ease-in-out;transform:translate3d(0, 35px, 0)}.wp-block-uagb-image--layout-overlay__inner:hover .uagb-image-heading,.wp-block-uagb-image--layout-overlay__inner:hover .uagb-image-separator,.wp-block-uagb-image--layout-overlay__inner:hover .uagb-image-caption{opacity:1;transform:translate3d(0, 0, 0)}.wp-block-uagb-image--effect-zoomin .wp-block-uagb-image__figure img,.wp-block-uagb-image--effect-zoomin .wp-block-uagb-image__figure .wp-block-uagb-image--layout-overlay__color-wrapper{transform:scale(1);transition:transform .35s ease-in-out}.wp-block-uagb-image--effect-zoomin .wp-block-uagb-image__figure:hover img,.wp-block-uagb-image--effect-zoomin .wp-block-uagb-image__figure:hover .wp-block-uagb-image--layout-overlay__color-wrapper{transform:scale(1.05)}.wp-block-uagb-image--effect-slide .wp-block-uagb-image__figure img,.wp-block-uagb-image--effect-slide .wp-block-uagb-image__figure .wp-block-uagb-image--layout-overlay__color-wrapper{width:calc(100% + 40px) !important;max-width:none !important;transform:translate3d(-40px, 0, 0);transition:transform .35s ease-in-out}.wp-block-uagb-image--effect-slide .wp-block-uagb-image__figure:hover img,.wp-block-uagb-image--effect-slide .wp-block-uagb-image__figure:hover .wp-block-uagb-image--layout-overlay__color-wrapper{transform:translate3d(0, 0, 0)}.wp-block-uagb-image--effect-grayscale img{filter:grayscale(0%);transition:.35s ease-in-out}.wp-block-uagb-image--effect-grayscale:hover img{filter:grayscale(100%)}.wp-block-uagb-image--effect-blur img{filter:blur(0);transition:.35s ease-in-out}.wp-block-uagb-image--effect-blur:hover img{filter:blur(3px)}.uagb-block-e6f939b3.wp-block-uagb-image--layout-default figure img{box-shadow: 0px 0px 0 #00000070;}.uagb-block-e6f939b3.wp-block-uagb-image .wp-block-uagb-image__figure figcaption{font-style: normal;align-self: center;}.uagb-block-e6f939b3.wp-block-uagb-image--layout-overlay figure img{box-shadow: 0px 0px 0 #00000070;}.uagb-block-e6f939b3.wp-block-uagb-image--layout-overlay .wp-block-uagb-image--layout-overlay__color-wrapper{opacity: 0.2;}.uagb-block-e6f939b3.wp-block-uagb-image--layout-overlay .wp-block-uagb-image--layout-overlay__inner{left: 15px;right: 15px;top: 15px;bottom: 15px;}.uagb-block-e6f939b3.wp-block-uagb-image--layout-overlay .wp-block-uagb-image--layout-overlay__inner .uagb-image-heading{font-style: normal;color: #fff;opacity: 1;}.uagb-block-e6f939b3.wp-block-uagb-image--layout-overlay .wp-block-uagb-image--layout-overlay__inner .uagb-image-heading a{color: #fff;}.uagb-block-e6f939b3.wp-block-uagb-image--layout-overlay .wp-block-uagb-image--layout-overlay__inner .uagb-image-caption{opacity: 0;}.uagb-block-e6f939b3.wp-block-uagb-image--layout-overlay .wp-block-uagb-image__figure:hover .wp-block-uagb-image--layout-overlay__color-wrapper{opacity: 1;}.uagb-block-e6f939b3.wp-block-uagb-image .wp-block-uagb-image--layout-overlay__inner .uagb-image-separator{width: 30%;border-top-width: 2px;border-top-color: #fff;opacity: 0;}.uagb-block-e6f939b3.wp-block-uagb-image .wp-block-uagb-image__figure img{width: px;height: auto;}.uagb-block-e6f939b3.wp-block-uagb-image .wp-block-uagb-image__figure:hover .wp-block-uagb-image--layout-overlay__inner .uagb-image-caption{opacity: 1;}.uagb-block-e6f939b3.wp-block-uagb-image .wp-block-uagb-image__figure:hover .wp-block-uagb-image--layout-overlay__inner .uagb-image-separator{opacity: 1;}.uagb-block-e6f939b3.wp-block-uagb-image--layout-default figure:hover img{box-shadow: 0px 0px 0 #00000070;}.uagb-block-e6f939b3.wp-block-uagb-image--layout-overlay figure:hover img{box-shadow: 0px 0px 0 #00000070;}@media only screen and (max-width: 976px) {.uagb-block-e6f939b3.wp-block-uagb-image .wp-block-uagb-image__figure img{width: px;height: auto;}}@media only screen and (max-width: 767px) {.uagb-block-e6f939b3.wp-block-uagb-image .wp-block-uagb-image__figure img{width: px;height: auto;}}\";s:2:\"js\";s:0:\"\";s:18:\"current_block_list\";a:13:{i:0;s:11:\"core\/search\";i:1;s:10:\"core\/group\";i:2;s:12:\"core\/heading\";i:3;s:17:\"core\/latest-posts\";i:4;s:20:\"core\/latest-comments\";i:5;s:13:\"core\/archives\";i:6;s:15:\"core\/categories\";i:7;s:14:\"core\/paragraph\";i:8;s:10:\"uagb\/image\";i:9;s:11:\"core\/spacer\";i:10;s:30:\"woocommerce\/product-categories\";i:11;s:10:\"core\/image\";i:12;s:14:\"core\/shortcode\";}s:8:\"uag_flag\";b:1;s:11:\"uag_version\";s:10:\"1777036767\";s:6:\"gfonts\";a:0:{}s:10:\"gfonts_url\";s:0:\"\";s:12:\"gfonts_files\";a:0:{}s:14:\"uag_faq_layout\";b:0;}"]},"uagb_featured_image_src":{"full":["https:\/\/www.ferberpainting.com\/wp-content\/uploads\/2025\/05\/1l_bdfa1082-90cb-4a42-8a3b-fd781a8a2fed.png",2560,2276,false],"thumbnail":["https:\/\/www.ferberpainting.com\/wp-content\/uploads\/2025\/05\/1l_bdfa1082-90cb-4a42-8a3b-fd781a8a2fed-150x150.png",150,150,true],"medium":["https:\/\/www.ferberpainting.com\/wp-content\/uploads\/2025\/05\/1l_bdfa1082-90cb-4a42-8a3b-fd781a8a2fed-300x267.png",300,267,true],"medium_large":["https:\/\/www.ferberpainting.com\/wp-content\/uploads\/2025\/05\/1l_bdfa1082-90cb-4a42-8a3b-fd781a8a2fed-768x683.png",768,683,true],"large":["https:\/\/www.ferberpainting.com\/wp-content\/uploads\/2025\/05\/1l_bdfa1082-90cb-4a42-8a3b-fd781a8a2fed-1024x910.png",1024,910,true],"1536x1536":["https:\/\/www.ferberpainting.com\/wp-content\/uploads\/2025\/05\/1l_bdfa1082-90cb-4a42-8a3b-fd781a8a2fed-1536x1366.png",1536,1366,true],"2048x2048":["https:\/\/www.ferberpainting.com\/wp-content\/uploads\/2025\/05\/1l_bdfa1082-90cb-4a42-8a3b-fd781a8a2fed-2048x1821.png",2048,1821,true],"trp-custom-language-flag":["https:\/\/www.ferberpainting.com\/wp-content\/uploads\/2025\/05\/1l_bdfa1082-90cb-4a42-8a3b-fd781a8a2fed-13x12.png",13,12,true],"woocommerce_thumbnail":["https:\/\/www.ferberpainting.com\/wp-content\/uploads\/2025\/05\/1l_bdfa1082-90cb-4a42-8a3b-fd781a8a2fed-300x300.png",300,300,true],"woocommerce_single":["https:\/\/www.ferberpainting.com\/wp-content\/uploads\/2025\/05\/1l_bdfa1082-90cb-4a42-8a3b-fd781a8a2fed-600x533.png",600,533,true],"woocommerce_gallery_thumbnail":["https:\/\/www.ferberpainting.com\/wp-content\/uploads\/2025\/05\/1l_bdfa1082-90cb-4a42-8a3b-fd781a8a2fed-100x100.png",100,100,true]},"uagb_author_info":{"display_name":"admin","author_link":"https:\/\/www.ferberpainting.com\/hu\/author\/"},"uagb_comment_info":139,"uagb_excerpt":"Delivers superior protection for wood exposed to harsh marine conditions. Our marine varnish is specially engineered to protect wooden surfaces subjected to extreme moisture, salt air, UV radiation, and constant weather fluctuations. It forms a highly durable and flexible protective layer that shields wood from water penetration, swelling, cracking, and surface degradation. Whether used on&hellip;","_links":{"self":[{"href":"https:\/\/www.ferberpainting.com\/hu\/wp-json\/wp\/v2\/product\/25692","targetHints":{"allow":["GET"]}}],"collection":[{"href":"https:\/\/www.ferberpainting.com\/hu\/wp-json\/wp\/v2\/product"}],"about":[{"href":"https:\/\/www.ferberpainting.com\/hu\/wp-json\/wp\/v2\/types\/product"}],"replies":[{"embeddable":true,"href":"https:\/\/www.ferberpainting.com\/hu\/wp-json\/wp\/v2\/comments?post=25692"}],"version-history":[{"count":4,"href":"https:\/\/www.ferberpainting.com\/hu\/wp-json\/wp\/v2\/product\/25692\/revisions"}],"predecessor-version":[{"id":169186,"href":"https:\/\/www.ferberpainting.com\/hu\/wp-json\/wp\/v2\/product\/25692\/revisions\/169186"}],"wp:featuredmedia":[{"embeddable":true,"href":"https:\/\/www.ferberpainting.com\/hu\/wp-json\/wp\/v2\/media\/27484"}],"wp:attachment":[{"href":"https:\/\/www.ferberpainting.com\/hu\/wp-json\/wp\/v2\/media?parent=25692"}],"wp:term":[{"taxonomy":"product_brand","embeddable":true,"href":"https:\/\/www.ferberpainting.com\/hu\/wp-json\/wp\/v2\/product_brand?post=25692"},{"taxonomy":"product_cat","embeddable":true,"href":"https:\/\/www.ferberpainting.com\/hu\/wp-json\/wp\/v2\/product_cat?post=25692"},{"taxonomy":"product_tag","embeddable":true,"href":"https:\/\/www.ferberpainting.com\/hu\/wp-json\/wp\/v2\/product_tag?post=25692"}],"curies":[{"name":"wp","href":"https:\/\/api.w.org\/{rel}","templated":true}]}}