{"id":25689,"date":"2025-06-30T17:22:19","date_gmt":"2025-06-30T15:22:19","guid":{"rendered":"https:\/\/www.ferberpainting.com\/?post_type=product&#038;p=25689"},"modified":"2026-02-18T10:07:46","modified_gmt":"2026-02-18T09:07:46","slug":"wood-water-repellent","status":"publish","type":"product","link":"https:\/\/www.ferberpainting.com\/hu\/products\/wood-water-repellent\/","title":{"rendered":"Fa v\u00edzleperget\u0151"},"content":{"rendered":"<p><strong><img decoding=\"async\" style=\"margin-right: 12px;\" src=\"https:\/\/www.ferberpainting.com\/wp-content\/uploads\/2026\/02\/Check.svg\" alt=\"\" width=\"18\" height=\"15\" \/>Optim\u00e1lis v\u00e9delem a nedvess\u00e9g ellen.<\/strong>\u00a0Ez a fa v\u00edzszigetel\u0151 speci\u00e1lisan \u00fagy lett kifejlesztve, hogy g\u00e1tat k\u00e9pezzen a nedvess\u00e9g, a pen\u00e9sz \u00e9s a fafel\u00fcletek id\u0151 el\u0151tti k\u00e1rosod\u00e1sa ellen. Legyen sz\u00f3 k\u00fclt\u00e9ri b\u00fatorokr\u00f3l, teraszokr\u00f3l, red\u0151ny\u00f6kr\u0151l vagy b\u00e1rmilyen, az id\u0151j\u00e1r\u00e1s viszontags\u00e1gainak kitett faelemr\u0151l, ez a term\u00e9k hossz\u00fa t\u00e1v\u00fa v\u00edzszigetel\u00e9st biztos\u00edt. Nedvess\u00e9gpajzsk\u00e9nt m\u0171k\u00f6dik, megakad\u00e1lyozza a v\u00edz behatol\u00e1s\u00e1t a f\u00e1ba, ez\u00e1ltal cs\u00f6kkenti a duzzad\u00e1s, a pen\u00e9sz \u00e9s a rothad\u00e1s kock\u00e1zat\u00e1t.<\/p>\n<p><strong><img decoding=\"async\" style=\"margin-right: 12px;\" src=\"https:\/\/www.ferberpainting.com\/wp-content\/uploads\/2026\/02\/Check.svg\" alt=\"\" width=\"18\" height=\"15\" \/>P\u00e9nzvisszafizet\u00e9si garancia.<\/strong> Meggy\u0151z\u0151d\u00e9s\u00fcnk, hogy a fa v\u00edzszigetel\u0151nk hat\u00e9kony. Ha nem teljesen el\u00e9gedett az eredm\u00e9nnyel, el\u00e9gedetts\u00e9gi vagy visszat\u00e9r\u00edt\u00e9si garanci\u00e1t v\u00e1llalunk. Ha a term\u00e9k nem felel meg az \u00d6n elv\u00e1r\u00e1sainak, visszak\u00fcldheti, \u00e9s k\u00e9rd\u00e9s n\u00e9lk\u00fcl visszakapja a teljes \u00f6sszeget. Ez a politika biztos\u00edtja a teljes nyugalmat a v\u00e1s\u00e1rl\u00e1s sor\u00e1n.<\/p>\n<p><strong><img decoding=\"async\" style=\"margin-right: 12px;\" src=\"https:\/\/www.ferberpainting.com\/wp-content\/uploads\/2026\/02\/Check.svg\" alt=\"\" width=\"18\" height=\"15\" \/>Sokoldal\u00fa alkalmaz\u00e1s.<\/strong>\u00a0Ez az \u201cuniverz\u00e1lis\u201d term\u00e9k k\u00fcl\u00f6nb\u00f6z\u0151 fafajt\u00e1kon haszn\u00e1lhat\u00f3, kezelt vagy kezeletlen, puha- vagy kem\u00e9nyf\u00e1n egyar\u00e1nt. K\u00fcl\u00f6n\u00f6sen hat\u00e9kony a k\u00fcls\u0151 fel\u00fcleteken, mint p\u00e9ld\u00e1ul teraszok, burkolatok, ker\u00edt\u00e9sek vagy ak\u00e1r kerti b\u00fatorok. V\u00e9di az \u00e9rz\u00e9keny faanyagokat is, p\u00e9ld\u00e1ul a belt\u00e9ri b\u00fatorokat \u00e9s asztalosmunk\u00e1kat, hossz\u00fa t\u00e1v\u00fa v\u00e9delmet biztos\u00edtva, mik\u00f6zben meg\u0151rzi a fa term\u00e9szetes megjelen\u00e9s\u00e9t.<\/p>\n<p><strong><img decoding=\"async\" style=\"margin-right: 12px;\" src=\"https:\/\/www.ferberpainting.com\/wp-content\/uploads\/2026\/02\/Check.svg\" alt=\"\" width=\"18\" height=\"15\" \/>K\u00f6lts\u00e9ghat\u00e9kony.<\/strong>\u00a0Ez a term\u00e9k leny\u0171g\u00f6z\u0151 fed\u0151k\u00e9pess\u00e9get biztos\u00edt, literenk\u00e9nt 8-12 m\u00b2 k\u00f6z\u00f6tt, a fa porozit\u00e1s\u00e1t\u00f3l f\u00fcgg\u0151en. K\u00fcl\u00f6n\u00f6sen gazdas\u00e1gos a nagy fel\u00fcletek eset\u00e9ben, mivel lehet\u0151v\u00e9 teszi a faszerkezetek kezel\u00e9s\u00e9t an\u00e9lk\u00fcl, hogy gyakori \u00fajb\u00f3li alkalmaz\u00e1sra lenne sz\u00fcks\u00e9g. Az 5 literes kanna lehet\u0151v\u00e9 teszi, hogy nagy ter\u00fcleteket hat\u00e9konyan \u00e9s alacsony k\u00f6lts\u00e9ggel v\u00e9djen.<\/p>\n<p><strong><img decoding=\"async\" style=\"margin-right: 12px;\" src=\"https:\/\/www.ferberpainting.com\/wp-content\/uploads\/2026\/02\/Check.svg\" alt=\"\" width=\"18\" height=\"15\" \/>Biztons\u00e1gos \u00e9s k\u00f6rnyezetbar\u00e1t.<\/strong>\u00a0Sok fakezel\u0151 term\u00e9kkel ellent\u00e9tben ez a faanyagv\u00e9d\u0151 szer nem m\u00e9rgez\u0151 \u00e9s biztons\u00e1gos a felhaszn\u00e1l\u00f3k sz\u00e1m\u00e1ra, felt\u00e9ve, hogy betartj\u00e1k az utas\u00edt\u00e1sokat. Nem tartalmaz szennyez\u0151 anyagokat, \u00e9s nem bocs\u00e1t ki k\u00e1ros anyagokat a k\u00f6rnyezetbe. Ez\u00e1ltal biztons\u00e1gos \u00e9s k\u00f6rnyezetbar\u00e1t kezel\u00e9s, amely ide\u00e1lis azok sz\u00e1m\u00e1ra, akiket \u00e9rdekel az eg\u00e9szs\u00e9g \u00e9s a k\u00f6rnyezetre gyakorolt hat\u00e1s.<\/p>\n<p><strong><img decoding=\"async\" style=\"margin-right: 12px;\" src=\"https:\/\/www.ferberpainting.com\/wp-content\/uploads\/2026\/02\/Check.svg\" alt=\"\" width=\"18\" height=\"15\" \/>K\u00f6nnyen alkalmazhat\u00f3.<\/strong>\u00a0Ez a v\u00edzszigetel\u0151 rendk\u00edv\u00fcl k\u00f6nnyen haszn\u00e1lhat\u00f3. Haszn\u00e1latra k\u00e9sz, nem ig\u00e9nyel h\u00edg\u00edt\u00e1st. Egyszer\u0171en vigyen fel egy egyenletes r\u00e9teget ecsettel, hengerrel vagy permetez\u0151vel, az \u00d6n preferenci\u00e1j\u00e1t\u00f3l \u00e9s a fel\u00fclet m\u00e9ret\u00e9t\u0151l f\u00fcgg\u0151en. Az alkalmaz\u00e1s gyors, \u00e9s nem ig\u00e9nyel bonyolult el\u0151k\u00e9sz\u00edt\u00e9st, \u00edgy seg\u00edt id\u0151t megtakar\u00edtani, mik\u00f6zben professzion\u00e1lis kivitelez\u00e9st \u00e9rhet el.<\/p>\n<p><strong><img decoding=\"async\" style=\"margin-right: 12px;\" src=\"https:\/\/www.ferberpainting.com\/wp-content\/uploads\/2026\/02\/Check.svg\" alt=\"\" width=\"18\" height=\"15\" \/>Hossz\u00fa t\u00e1v\u00fa v\u00e9delem \u00e9s tart\u00f3ss\u00e1g.<\/strong>\u00a0Ez a term\u00e9k hosszan tart\u00f3 v\u00e9delmet ny\u00fajt. Egyetlen alkalmaz\u00e1s seg\u00edt meg\u0151rizni a fa term\u00e9szetes megjelen\u00e9s\u00e9t, mik\u00f6zben meger\u0151s\u00edtett ellen\u00e1ll\u00e1st biztos\u00edt a k\u00fclt\u00e9ri agresszi\u00f3kkal szemben. Megv\u00e9di a faszerkezeteket az id\u0151j\u00e1r\u00e1s \u00e9s az \u00e9ghajlat v\u00e1ltoz\u00e1sait\u00f3l, cs\u00f6kkentve a gyakori karbantart\u00e1s sz\u00fcks\u00e9gess\u00e9g\u00e9t. Seg\u00edt tov\u00e1bb\u00e1 megel\u0151zni a nap \u00e9s az id\u0151 okozta elsz\u00ednez\u0151d\u00e9st, meg\u0151rizve a fa eszt\u00e9tikai vonzerej\u00e9t.<\/p>\n<p><strong><img decoding=\"async\" style=\"margin-right: 12px;\" src=\"https:\/\/www.ferberpainting.com\/wp-content\/uploads\/2026\/02\/Check.svg\" alt=\"\" width=\"18\" height=\"15\" \/>Gyors akci\u00f3.<\/strong>\u00a0A fa v\u00edzszigetel\u0151 gyorsan behatol az anyagba, \u00e9s rekordid\u0151 alatt l\u00e1thatatlan v\u00edz\u00e1ll\u00f3 g\u00e1tat hoz l\u00e9tre. N\u00e9h\u00e1ny \u00f3r\u00e1n bel\u00fcl a fa v\u00e9dett\u00e9 v\u00e1lik, a gyors sz\u00e1rad\u00e1si id\u0151 pedig lehet\u0151v\u00e9 teszi, hogy a kezelt fel\u00fcletet gyorsan haszn\u00e1lhassa. Ez a term\u00e9k t\u00f6k\u00e9letes, ha gyors eredm\u00e9nyre van sz\u00fcks\u00e9g, k\u00fcl\u00f6n\u00f6sen s\u00fcrg\u0151s karbantart\u00e1s vagy nagy k\u00fclt\u00e9ri fel\u00fcletek eset\u00e9n.<\/p>\n<h2><strong>Haszn\u00e1lati protokoll<\/strong><\/h2>\n<ul>\n<li><strong>Fel\u00fclet el\u0151k\u00e9sz\u00edt\u00e9s <\/strong>: A v\u00edzszigetel\u0151 felhord\u00e1sa el\u0151tt gy\u0151z\u0151dj\u00f6n meg arr\u00f3l, hogy a fa tiszta, sz\u00e1raz, \u00e9s mentes a szennyez\u0151d\u00e9sekt\u0151l, port\u00f3l vagy m\u00e1s szennyez\u0151d\u00e9sekt\u0151l. Ha sz\u00fcks\u00e9ges, puha kef\u00e9vel \u00e9s szappanos v\u00edzzel tiszt\u00edtsa meg a fel\u00fcletet, majd hagyja megsz\u00e1radni legal\u00e1bb 24 \u00f3r\u00e1n kereszt\u00fcl, miel\u0151tt elkezden\u00e9 a felhord\u00e1st.<\/li>\n<li><strong>Term\u00e9k alkalmaz\u00e1sa <\/strong>: Ez a term\u00e9k haszn\u00e1latra k\u00e9sz, \u00e9s nem ig\u00e9nyel h\u00edg\u00edt\u00e1st. Haszn\u00e1lat el\u0151tt j\u00f3l fel kell r\u00e1zni. Alkalmazza ecsettel, hengerrel vagy permetez\u0151vel. Nagyobb ter\u00fcletek eset\u00e9n a gyorsabb \u00e9s egyenletesebb fed\u00e9s \u00e9rdek\u00e9ben permetez\u0151g\u00e9p haszn\u00e1lata aj\u00e1nlott. \u00dcgyeljen arra, hogy egyenletes r\u00e9teget vigyen fel a fel\u00fcletre.<\/li>\n<li><strong>Felhaszn\u00e1land\u00f3 \u00f6sszeg <\/strong>: Egy liter \u00e1tlagosan 8-12 m\u00b2-t fed le, a fa porozit\u00e1s\u00e1t\u00f3l \u00e9s t\u00edpus\u00e1t\u00f3l f\u00fcgg\u0151en. Er\u0151sen por\u00f3zus faanyag eset\u00e9n vagy az er\u0151sebb v\u00e9delem biztos\u00edt\u00e1sa \u00e9rdek\u00e9ben sz\u00fcks\u00e9g lehet egy m\u00e1sodik r\u00e9tegre.<\/li>\n<li><strong>Sz\u00e1rad\u00e1si id\u0151 <\/strong>: Hagyja a term\u00e9ket 1-2 \u00f3r\u00e1n \u00e1t sz\u00e1radni, miel\u0151tt a f\u00e1t k\u00f6nny\u0171 p\u00e1ratartalomnak tenn\u00e9 ki. A legjobb azonban, ha 24 \u00f3ra sz\u00e1rad\u00e1si id\u0151t hagyunk, miel\u0151tt a fel\u00fcletet \u00fajra felhaszn\u00e1ln\u00e1nk, vagy nedves vagy zord id\u0151j\u00e1r\u00e1snak tenn\u00e9nk ki. Az optim\u00e1lis teljes\u00edtm\u00e9ny biztos\u00edt\u00e1sa \u00e9rdek\u00e9ben 48 \u00f3r\u00e1n kereszt\u00fcl ne tegye ki a kezelt fel\u00fcleteket er\u0151s es\u0151nek.<\/li>\n<li><strong>\u00dajb\u00f3li alkalmaz\u00e1s <\/strong>: Az id\u0151j\u00e1r\u00e1si hat\u00e1sokt\u00f3l f\u00fcgg\u0151en 1-3 \u00e9vente sz\u00fcks\u00e9g lehet az \u00fajb\u00f3li alkalmaz\u00e1sra. Gyakran kitett fel\u00fcletek (teraszok, kerti b\u00fatorok) eset\u00e9ben a maxim\u00e1lis v\u00e9delem fenntart\u00e1sa \u00e9rdek\u00e9ben gyakrabban aj\u00e1nlott az \u00fajb\u00f3li alkalmaz\u00e1s.<\/li>\n<li><strong>Karbantart\u00e1s <\/strong>: A hat\u00e9konys\u00e1g meg\u0151rz\u00e9se \u00e9rdek\u00e9ben ker\u00fclje a csiszol\u00f3 vagy vegyi tiszt\u00edt\u00f3szerek haszn\u00e1lat\u00e1t a kezelt fel\u00fcleteken. Egy egyszer\u0171, v\u00edzzel \u00e9s puha ronggyal t\u00f6rt\u00e9n\u0151 tiszt\u00edt\u00e1s \u00e1ltal\u00e1ban elegend\u0151 ahhoz, hogy a faszerkezetek kiv\u00e1l\u00f3 \u00e1llapotban maradjanak.<\/li>\n<\/ul>\n<p>\u00d6sszefoglalva, a fa v\u00edzszigetel\u0151 egy kihagyhatatlan term\u00e9k mindazok sz\u00e1m\u00e1ra, akik meg akarj\u00e1k v\u00e9deni a fafel\u00fcletek megjelen\u00e9s\u00e9t \u00e9s hossz\u00fa \u00e9lettartam\u00e1t. Egyszer\u0171 haszn\u00e1lat\u00e1nak, hosszan tart\u00f3 v\u00e9delm\u00e9nek \u00e9s k\u00f6rnyezetbar\u00e1t formul\u00e1j\u00e1nak k\u00f6sz\u00f6nhet\u0151en megb\u00edzhat\u00f3 \u00e9s hat\u00e9kony megold\u00e1st k\u00edn\u00e1l a nedvess\u00e9g \u00e9s a v\u00edzk\u00e1rok ellen. Gyors hat\u00e1s\u00e1nak \u00e9s kiv\u00e1l\u00f3 hozam\u00e1nak k\u00f6sz\u00f6nhet\u0151en ide\u00e1lis mind a professzion\u00e1lis, mind a bark\u00e1csolt faanyagv\u00e9delmi projektekhez.<\/p>","protected":false},"excerpt":{"rendered":"<p>Optimal Protection Against Moisture.\u00a0This wood waterproofer is specially formulated to create a barrier against humidity, mold, and premature degradation of wooden surfaces. Whether it&#8217;s for outdoor furniture, decks, shutters, or any wooden element exposed to the elements, this product ensures long-lasting waterproofing. It acts as a moisture shield, preventing water from penetrating the wood, thereby [&hellip;]<\/p>\n","protected":false},"featured_media":35756,"comment_status":"open","ping_status":"closed","template":"","meta":{"_uag_custom_page_level_css":"","site-sidebar-layout":"default","site-content-layout":"","ast-site-content-layout":"default","site-content-style":"default","site-sidebar-style":"default","ast-global-header-display":"","ast-banner-title-visibility":"","ast-main-header-display":"","ast-hfb-above-header-display":"","ast-hfb-below-header-display":"","ast-hfb-mobile-header-display":"","site-post-title":"","ast-breadcrumbs-content":"","ast-featured-img":"","footer-sml-layout":"","ast-disable-related-posts":"","theme-transparent-header-meta":"default","adv-header-id-meta":"","stick-header-meta":"","header-above-stick-meta":"","header-main-stick-meta":"","header-below-stick-meta":"","astra-migrate-meta-layouts":"set","ast-page-background-enabled":"default","ast-page-background-meta":{"desktop":{"background-color":"var(--ast-global-color-4)","background-image":"","background-repeat":"repeat","background-position":"center center","background-size":"auto","background-attachment":"scroll","background-type":"","background-media":"","overlay-type":"","overlay-color":"","overlay-opacity":"","overlay-gradient":""},"tablet":{"background-color":"","background-image":"","background-repeat":"repeat","background-position":"center center","background-size":"auto","background-attachment":"scroll","background-type":"","background-media":"","overlay-type":"","overlay-color":"","overlay-opacity":"","overlay-gradient":""},"mobile":{"background-color":"","background-image":"","background-repeat":"repeat","background-position":"center center","background-size":"auto","background-attachment":"scroll","background-type":"","background-media":"","overlay-type":"","overlay-color":"","overlay-opacity":"","overlay-gradient":""}},"ast-content-background-meta":{"desktop":{"background-color":"var(--ast-global-color-5)","background-image":"","background-repeat":"repeat","background-position":"center center","background-size":"auto","background-attachment":"scroll","background-type":"","background-media":"","overlay-type":"","overlay-color":"","overlay-opacity":"","overlay-gradient":""},"tablet":{"background-color":"var(--ast-global-color-5)","background-image":"","background-repeat":"repeat","background-position":"center center","background-size":"auto","background-attachment":"scroll","background-type":"","background-media":"","overlay-type":"","overlay-color":"","overlay-opacity":"","overlay-gradient":""},"mobile":{"background-color":"var(--ast-global-color-5)","background-image":"","background-repeat":"repeat","background-position":"center center","background-size":"auto","background-attachment":"scroll","background-type":"","background-media":"","overlay-type":"","overlay-color":"","overlay-opacity":"","overlay-gradient":""}}},"product_brand":[],"product_cat":[191],"product_tag":[],"class_list":{"0":"post-25689","1":"product","2":"type-product","3":"status-publish","4":"has-post-thumbnail","6":"product_cat-water-repellent","7":"desktop-align-left","8":"tablet-align-left","9":"mobile-align-left","11":"first","12":"instock","13":"sale","14":"shipping-taxable","15":"purchasable","16":"product-type-variable","17":"has-default-attributes"},"spectra_custom_meta":{"_visibility":["visible"],"_shopify_product_id":["9106613698805"],"_s2w_shopify_domain":["ferberpainting.myshopify.com"],"_shopify_variant_id":["46626330673397"],"_sku":[""],"_manage_stock":["no"],"total_sales":["139"],"_tax_status":["taxable"],"_tax_class":[""],"_backorders":["no"],"_sold_individually":["no"],"_virtual":["no"],"_downloadable":["no"],"_download_limit":["-1"],"_download_expiry":["-1"],"_stock":[null],"_stock_status":["instock"],"_wc_average_rating":["5.00"],"_wc_review_count":["11"],"_product_attributes":["a:1:{s:6:\"volume\";a:6:{s:4:\"name\";s:6:\"Volume\";s:5:\"value\";s:20:\"5 liters | 25 liters\";s:8:\"position\";i:1;s:10:\"is_visible\";i:0;s:12:\"is_variation\";i:1;s:11:\"is_taxonomy\";i:0;}}"],"_product_version":["10.5.2"],"wpse_downloadable_file_names":[""],"wpse_downloadable_file_urls":[""],"_edit_last":["1"],"_default_attributes":["a:1:{s:6:\"volume\";s:8:\"5 liters\";}"],"_edit_lock":["1771405530:1"],"_price":["29.90","129.90"],"merchant-center-availability":["yes"],"merchant-center-category":["503744"],"_thumbnail_id":["35756"],"_wp_page_template":["default"],"_product_image_gallery":["35757"],"site-sidebar-layout":["default"],"ast-site-content-layout":["default"],"site-content-style":["default"],"site-sidebar-style":["default"],"theme-transparent-header-meta":["default"],"_wc_rating_count":["a:1:{i:5;i:11;}"],"astra-migrate-meta-layouts":["set"],"_uag_css_file_name":["uag-css-25689.css"],"_elementor_page_assets":["a:0:{}"],"_uag_page_assets":["a:9:{s:3:\"css\";s:6873:\".wp-block-uagb-image{display:flex}.wp-block-uagb-image__figure{position:relative;display:flex;flex-direction:column;max-width:100%;height:auto;margin:0}.wp-block-uagb-image__figure img{height:auto;display:flex;max-width:100%;transition:box-shadow .2s ease}.wp-block-uagb-image__figure>a{display:inline-block}.wp-block-uagb-image__figure figcaption{text-align:center;margin-top:.5em;margin-bottom:1em}.wp-block-uagb-image .components-placeholder.block-editor-media-placeholder .components-placeholder__instructions{align-self:center}.wp-block-uagb-image--align-left{text-align:left}.wp-block-uagb-image--align-right{text-align:right}.wp-block-uagb-image--align-center{text-align:center}.wp-block-uagb-image--align-full .wp-block-uagb-image__figure{margin-left:calc(50% - 50vw);margin-right:calc(50% - 50vw);max-width:100vw;width:100vw;height:auto}.wp-block-uagb-image--align-full .wp-block-uagb-image__figure img{height:auto;width:100% !important}.wp-block-uagb-image--align-wide .wp-block-uagb-image__figure img{height:auto;width:100%}.wp-block-uagb-image--layout-overlay__color-wrapper{position:absolute;left:0;top:0;right:0;bottom:0;opacity:.2;background:rgba(0,0,0,.5);transition:opacity .35s ease-in-out}.wp-block-uagb-image--layout-overlay-link{position:absolute;left:0;right:0;bottom:0;top:0}.wp-block-uagb-image--layout-overlay .wp-block-uagb-image__figure:hover .wp-block-uagb-image--layout-overlay__color-wrapper{opacity:1}.wp-block-uagb-image--layout-overlay__inner{position:absolute;left:15px;right:15px;bottom:15px;top:15px;display:flex;align-items:center;justify-content:center;flex-direction:column;border-color:#fff;transition:.35s ease-in-out}.wp-block-uagb-image--layout-overlay__inner.top-left,.wp-block-uagb-image--layout-overlay__inner.top-center,.wp-block-uagb-image--layout-overlay__inner.top-right{justify-content:flex-start}.wp-block-uagb-image--layout-overlay__inner.bottom-left,.wp-block-uagb-image--layout-overlay__inner.bottom-center,.wp-block-uagb-image--layout-overlay__inner.bottom-right{justify-content:flex-end}.wp-block-uagb-image--layout-overlay__inner.top-left,.wp-block-uagb-image--layout-overlay__inner.center-left,.wp-block-uagb-image--layout-overlay__inner.bottom-left{align-items:flex-start}.wp-block-uagb-image--layout-overlay__inner.top-right,.wp-block-uagb-image--layout-overlay__inner.center-right,.wp-block-uagb-image--layout-overlay__inner.bottom-right{align-items:flex-end}.wp-block-uagb-image--layout-overlay__inner .uagb-image-heading{color:#fff;transition:transform .35s,opacity .35s ease-in-out;transform:translate3d(0, 24px, 0);margin:0;line-height:1em}.wp-block-uagb-image--layout-overlay__inner .uagb-image-separator{width:30%;border-top-width:2px;border-top-color:#fff;border-top-style:solid;margin-bottom:10px;opacity:0;transition:transform .4s,opacity .4s ease-in-out;transform:translate3d(0, 30px, 0)}.wp-block-uagb-image--layout-overlay__inner .uagb-image-caption{opacity:0;overflow:visible;color:#fff;transition:transform .45s,opacity .45s ease-in-out;transform:translate3d(0, 35px, 0)}.wp-block-uagb-image--layout-overlay__inner:hover .uagb-image-heading,.wp-block-uagb-image--layout-overlay__inner:hover .uagb-image-separator,.wp-block-uagb-image--layout-overlay__inner:hover .uagb-image-caption{opacity:1;transform:translate3d(0, 0, 0)}.wp-block-uagb-image--effect-zoomin .wp-block-uagb-image__figure img,.wp-block-uagb-image--effect-zoomin .wp-block-uagb-image__figure .wp-block-uagb-image--layout-overlay__color-wrapper{transform:scale(1);transition:transform .35s ease-in-out}.wp-block-uagb-image--effect-zoomin .wp-block-uagb-image__figure:hover img,.wp-block-uagb-image--effect-zoomin .wp-block-uagb-image__figure:hover .wp-block-uagb-image--layout-overlay__color-wrapper{transform:scale(1.05)}.wp-block-uagb-image--effect-slide .wp-block-uagb-image__figure img,.wp-block-uagb-image--effect-slide .wp-block-uagb-image__figure .wp-block-uagb-image--layout-overlay__color-wrapper{width:calc(100% + 40px) !important;max-width:none !important;transform:translate3d(-40px, 0, 0);transition:transform .35s ease-in-out}.wp-block-uagb-image--effect-slide .wp-block-uagb-image__figure:hover img,.wp-block-uagb-image--effect-slide .wp-block-uagb-image__figure:hover .wp-block-uagb-image--layout-overlay__color-wrapper{transform:translate3d(0, 0, 0)}.wp-block-uagb-image--effect-grayscale img{filter:grayscale(0%);transition:.35s ease-in-out}.wp-block-uagb-image--effect-grayscale:hover img{filter:grayscale(100%)}.wp-block-uagb-image--effect-blur img{filter:blur(0);transition:.35s ease-in-out}.wp-block-uagb-image--effect-blur:hover img{filter:blur(3px)}.uagb-block-e6f939b3.wp-block-uagb-image--layout-default figure img{box-shadow: 0px 0px 0 #00000070;}.uagb-block-e6f939b3.wp-block-uagb-image .wp-block-uagb-image__figure figcaption{font-style: normal;align-self: center;}.uagb-block-e6f939b3.wp-block-uagb-image--layout-overlay figure img{box-shadow: 0px 0px 0 #00000070;}.uagb-block-e6f939b3.wp-block-uagb-image--layout-overlay .wp-block-uagb-image--layout-overlay__color-wrapper{opacity: 0.2;}.uagb-block-e6f939b3.wp-block-uagb-image--layout-overlay .wp-block-uagb-image--layout-overlay__inner{left: 15px;right: 15px;top: 15px;bottom: 15px;}.uagb-block-e6f939b3.wp-block-uagb-image--layout-overlay .wp-block-uagb-image--layout-overlay__inner .uagb-image-heading{font-style: normal;color: #fff;opacity: 1;}.uagb-block-e6f939b3.wp-block-uagb-image--layout-overlay .wp-block-uagb-image--layout-overlay__inner .uagb-image-heading a{color: #fff;}.uagb-block-e6f939b3.wp-block-uagb-image--layout-overlay .wp-block-uagb-image--layout-overlay__inner .uagb-image-caption{opacity: 0;}.uagb-block-e6f939b3.wp-block-uagb-image--layout-overlay .wp-block-uagb-image__figure:hover .wp-block-uagb-image--layout-overlay__color-wrapper{opacity: 1;}.uagb-block-e6f939b3.wp-block-uagb-image .wp-block-uagb-image--layout-overlay__inner .uagb-image-separator{width: 30%;border-top-width: 2px;border-top-color: #fff;opacity: 0;}.uagb-block-e6f939b3.wp-block-uagb-image .wp-block-uagb-image__figure img{width: px;height: auto;}.uagb-block-e6f939b3.wp-block-uagb-image .wp-block-uagb-image__figure:hover .wp-block-uagb-image--layout-overlay__inner .uagb-image-caption{opacity: 1;}.uagb-block-e6f939b3.wp-block-uagb-image .wp-block-uagb-image__figure:hover .wp-block-uagb-image--layout-overlay__inner .uagb-image-separator{opacity: 1;}.uagb-block-e6f939b3.wp-block-uagb-image--layout-default figure:hover img{box-shadow: 0px 0px 0 #00000070;}.uagb-block-e6f939b3.wp-block-uagb-image--layout-overlay figure:hover img{box-shadow: 0px 0px 0 #00000070;}@media only screen and (max-width: 976px) {.uagb-block-e6f939b3.wp-block-uagb-image .wp-block-uagb-image__figure img{width: px;height: auto;}}@media only screen and (max-width: 767px) {.uagb-block-e6f939b3.wp-block-uagb-image .wp-block-uagb-image__figure img{width: px;height: auto;}}\";s:2:\"js\";s:0:\"\";s:18:\"current_block_list\";a:13:{i:0;s:11:\"core\/search\";i:1;s:10:\"core\/group\";i:2;s:12:\"core\/heading\";i:3;s:17:\"core\/latest-posts\";i:4;s:20:\"core\/latest-comments\";i:5;s:13:\"core\/archives\";i:6;s:15:\"core\/categories\";i:7;s:14:\"core\/paragraph\";i:8;s:10:\"uagb\/image\";i:9;s:11:\"core\/spacer\";i:10;s:30:\"woocommerce\/product-categories\";i:11;s:10:\"core\/image\";i:12;s:14:\"core\/shortcode\";}s:8:\"uag_flag\";b:1;s:11:\"uag_version\";s:10:\"1777095642\";s:6:\"gfonts\";a:0:{}s:10:\"gfonts_url\";s:0:\"\";s:12:\"gfonts_files\";a:0:{}s:14:\"uag_faq_layout\";b:0;}"]},"uagb_featured_image_src":{"full":["https:\/\/www.ferberpainting.com\/wp-content\/uploads\/2025\/06\/Wood-Water-Repellent-5L-.png",2560,2560,false],"thumbnail":["https:\/\/www.ferberpainting.com\/wp-content\/uploads\/2025\/06\/Wood-Water-Repellent-5L--150x150.png",150,150,true],"medium":["https:\/\/www.ferberpainting.com\/wp-content\/uploads\/2025\/06\/Wood-Water-Repellent-5L--300x300.png",300,300,true],"medium_large":["https:\/\/www.ferberpainting.com\/wp-content\/uploads\/2025\/06\/Wood-Water-Repellent-5L--768x768.png",768,768,true],"large":["https:\/\/www.ferberpainting.com\/wp-content\/uploads\/2025\/06\/Wood-Water-Repellent-5L--1024x1024.png",1024,1024,true],"1536x1536":["https:\/\/www.ferberpainting.com\/wp-content\/uploads\/2025\/06\/Wood-Water-Repellent-5L--1536x1536.png",1536,1536,true],"2048x2048":["https:\/\/www.ferberpainting.com\/wp-content\/uploads\/2025\/06\/Wood-Water-Repellent-5L--2048x2048.png",2048,2048,true],"trp-custom-language-flag":["https:\/\/www.ferberpainting.com\/wp-content\/uploads\/2025\/06\/Wood-Water-Repellent-5L--12x12.png",12,12,true],"woocommerce_thumbnail":["https:\/\/www.ferberpainting.com\/wp-content\/uploads\/2025\/06\/Wood-Water-Repellent-5L--300x300.png",300,300,true],"woocommerce_single":["https:\/\/www.ferberpainting.com\/wp-content\/uploads\/2025\/06\/Wood-Water-Repellent-5L--600x600.png",600,600,true],"woocommerce_gallery_thumbnail":["https:\/\/www.ferberpainting.com\/wp-content\/uploads\/2025\/06\/Wood-Water-Repellent-5L--100x100.png",100,100,true]},"uagb_author_info":{"display_name":"admin","author_link":"https:\/\/www.ferberpainting.com\/hu\/author\/"},"uagb_comment_info":11,"uagb_excerpt":"Optimal Protection Against Moisture.\u00a0This wood waterproofer is specially formulated to create a barrier against humidity, mold, and premature degradation of wooden surfaces. Whether it&#8217;s for outdoor furniture, decks, shutters, or any wooden element exposed to the elements, this product ensures long-lasting waterproofing. It acts as a moisture shield, preventing water from penetrating the wood, thereby&hellip;","_links":{"self":[{"href":"https:\/\/www.ferberpainting.com\/hu\/wp-json\/wp\/v2\/product\/25689","targetHints":{"allow":["GET"]}}],"collection":[{"href":"https:\/\/www.ferberpainting.com\/hu\/wp-json\/wp\/v2\/product"}],"about":[{"href":"https:\/\/www.ferberpainting.com\/hu\/wp-json\/wp\/v2\/types\/product"}],"replies":[{"embeddable":true,"href":"https:\/\/www.ferberpainting.com\/hu\/wp-json\/wp\/v2\/comments?post=25689"}],"version-history":[{"count":4,"href":"https:\/\/www.ferberpainting.com\/hu\/wp-json\/wp\/v2\/product\/25689\/revisions"}],"predecessor-version":[{"id":169182,"href":"https:\/\/www.ferberpainting.com\/hu\/wp-json\/wp\/v2\/product\/25689\/revisions\/169182"}],"wp:featuredmedia":[{"embeddable":true,"href":"https:\/\/www.ferberpainting.com\/hu\/wp-json\/wp\/v2\/media\/35756"}],"wp:attachment":[{"href":"https:\/\/www.ferberpainting.com\/hu\/wp-json\/wp\/v2\/media?parent=25689"}],"wp:term":[{"taxonomy":"product_brand","embeddable":true,"href":"https:\/\/www.ferberpainting.com\/hu\/wp-json\/wp\/v2\/product_brand?post=25689"},{"taxonomy":"product_cat","embeddable":true,"href":"https:\/\/www.ferberpainting.com\/hu\/wp-json\/wp\/v2\/product_cat?post=25689"},{"taxonomy":"product_tag","embeddable":true,"href":"https:\/\/www.ferberpainting.com\/hu\/wp-json\/wp\/v2\/product_tag?post=25689"}],"curies":[{"name":"wp","href":"https:\/\/api.w.org\/{rel}","templated":true}]}}