{"id":25675,"date":"2025-05-26T10:33:27","date_gmt":"2025-05-26T08:33:27","guid":{"rendered":"https:\/\/www.ferberpainting.com\/products\/wood-saturator\/"},"modified":"2026-02-18T10:00:16","modified_gmt":"2026-02-18T09:00:16","slug":"wood-saturator","status":"publish","type":"product","link":"https:\/\/www.ferberpainting.com\/hu\/products\/wood-saturator\/","title":{"rendered":"Fa tel\u00edt\u0151szer"},"content":{"rendered":"<p><strong><img decoding=\"async\" style=\"margin-right: 12px;\" src=\"https:\/\/www.ferberpainting.com\/wp-content\/uploads\/2026\/02\/Check.svg\" alt=\"\" width=\"18\" height=\"15\" \/>M\u00e9lyen t\u00e1pl\u00e1lja \u00e9s v\u00e9di a f\u00e1t a magas penetr\u00e1ci\u00f3s tel\u00edt\u00e9si technol\u00f3gi\u00e1val.<\/strong> A fa tel\u00edt\u0151anyagunkat kifejezetten \u00fagy fejlesztett\u00fck ki, hogy m\u00e9lyen behatoljon a faanyag rostjaiba, \u00e9s \u00edgy bel\u00fclr\u0151l hosszan tart\u00f3 t\u00e1pl\u00e1l\u00e1st \u00e9s v\u00e9delmet ny\u00fajtson. A fel\u00fcleti bevonatokkal ellent\u00e9tben, amelyek egy filmr\u00e9teget hoznak l\u00e9tre a fel\u00fcleten, ez a fejlett formula tel\u00edti a fa szerkezet\u00e9t, meger\u0151s\u00edtve azt a nedvess\u00e9g, az UV-expoz\u00edci\u00f3 \u00e9s a k\u00f6rnyezeti stressz ellen. Fokozza a tart\u00f3ss\u00e1got, mik\u00f6zben meg\u0151rzi az anyag term\u00e9szetes text\u00far\u00e1j\u00e1t \u00e9s megjelen\u00e9s\u00e9t, \u00edgy ide\u00e1lis a teraszok, burkolatok, ker\u00edt\u00e9sek, pergol\u00e1k \u00e9s k\u00fclt\u00e9ri b\u00fatorok sz\u00e1m\u00e1ra.<\/p>\n<p><strong><img decoding=\"async\" style=\"margin-right: 12px;\" src=\"https:\/\/www.ferberpainting.com\/wp-content\/uploads\/2026\/02\/Check.svg\" alt=\"\" width=\"18\" height=\"15\" \/>A teljes nyugalom \u00e9rdek\u00e9ben p\u00e9nzvisszafizet\u00e9si garanci\u00e1t k\u00edn\u00e1lunk.<\/strong> Teljesen biztosak vagyunk a fa tel\u00edt\u0151berendez\u00e9s\u00fcnk teljes\u00edtm\u00e9ny\u00e9ben \u00e9s megb\u00edzhat\u00f3s\u00e1g\u00e1ban. Ha nem teljesen el\u00e9gedett az eredm\u00e9nnyel, visszat\u00e9r\u00edtj\u00fck a v\u00e9tel\u00e1rat. Ez a p\u00e9nzvisszafizet\u00e9si garancia biztos\u00edtja, hogy kock\u00e1zat n\u00e9lk\u00fcl v\u00e9dheti \u00e9s jav\u00edthatja fa fel\u00fcleteit, tudva, hogy befektet\u00e9se biztons\u00e1gban van, \u00e9s az \u00d6n el\u00e9gedetts\u00e9ge a mi priorit\u00e1sunk.<\/p>\n<p><strong><img decoding=\"async\" style=\"margin-right: 12px;\" src=\"https:\/\/www.ferberpainting.com\/wp-content\/uploads\/2026\/02\/Check.svg\" alt=\"\" width=\"18\" height=\"15\" \/>A piacon kaphat\u00f3 leghat\u00e9konyabb faanyagtel\u00edt\u0151 kezel\u00e9s.<\/strong> A nagy teljes\u00edtm\u00e9ny\u0171 penetr\u00e1l\u00f3 hat\u00f3anyagokkal kifejlesztett formul\u00e1nk m\u00e9lyen behatol a fa p\u00f3rusaiba, er\u0151s\u00edti \u00e9s stabiliz\u00e1lja a sz\u00e1lakat, mik\u00f6zben fokozza a nedvess\u00e9ggel \u00e9s az id\u0151j\u00e1r\u00e1ssal szembeni ellen\u00e1ll\u00e1st. Jelent\u0151sen cs\u00f6kkenti a naps\u00fct\u00e9s \u00e9s az es\u0151 okozta repedez\u00e9st, hasad\u00e1st \u00e9s kisz\u00e1rad\u00e1st. A hagyom\u00e1nyos olajokkal \u00e9s v\u00e9d\u0151szerekkel \u00f6sszehasonl\u00edtva kiv\u00e1l\u00f3 behatol\u00e1st \u00e9s hosszan tart\u00f3 eredm\u00e9nyt ny\u00fajt, \u00edgy a leghat\u00e9konyabb megold\u00e1s a fa tart\u00f3s v\u00e9delm\u00e9re.<\/p>\n<p><strong><img decoding=\"async\" style=\"margin-right: 12px;\" src=\"https:\/\/www.ferberpainting.com\/wp-content\/uploads\/2026\/02\/Check.svg\" alt=\"\" width=\"18\" height=\"15\" \/>Az el\u00e9rhet\u0151 legolcs\u00f3bb professzion\u00e1lis min\u0151s\u00e9g\u0171 fa tel\u00edt\u0151.<\/strong> A magas szint\u0171 faanyagv\u00e9delemnek megfizethet\u0151nek kell maradnia. Mi k\u00edn\u00e1ljuk a legversenyk\u00e9pesebb \u00e1rakat, mik\u00f6zben fenntartjuk a pr\u00e9mium min\u0151s\u00e9gi szabv\u00e1nyokat. Az optimaliz\u00e1lt gy\u00e1rt\u00e1si \u00e9s forgalmaz\u00e1si folyamatok r\u00e9v\u00e9n a hasonl\u00f3 term\u00e9kekhez k\u00e9pest a legalacsonyabb \u00e1ron k\u00edn\u00e1lunk professzion\u00e1lis er\u0151ss\u00e9g\u0171 faanyagv\u00e9d\u0151 szatur\u00e1tort, \u00edgy biztos\u00edtva kiv\u00e1l\u00f3 \u00e9rt\u00e9ket a h\u00e1ztulajdonosok \u00e9s a szakemberek sz\u00e1m\u00e1ra egyar\u00e1nt.<\/p>\n<p><strong><img decoding=\"async\" style=\"margin-right: 12px;\" src=\"https:\/\/www.ferberpainting.com\/wp-content\/uploads\/2026\/02\/Check.svg\" alt=\"\" width=\"18\" height=\"15\" \/>Garant\u00e1lt 24 \u00f3r\u00e1s sz\u00e1ll\u00edt\u00e1s a gyors \u00e9s megb\u00edzhat\u00f3 v\u00e9delem \u00e9rdek\u00e9ben.<\/strong> Ha a fafel\u00fcleteknek azonnali v\u00e9delemre van sz\u00fcks\u00e9g\u00fck, a v\u00e1rakoz\u00e1s nem opci\u00f3. Ez\u00e9rt biztos\u00edtunk megb\u00edzhat\u00f3, 24 \u00f3r\u00e1s kisz\u00e1ll\u00edt\u00e1st, amely biztos\u00edtja, hogy a fa tel\u00edt\u0151szer gyorsan meg\u00e9rkezzen, \u00e9s k\u00e9sedelem n\u00e9lk\u00fcl k\u00e9szen \u00e1lljon az alkalmaz\u00e1sra. A gyors sz\u00e1ll\u00edt\u00e1s lehet\u0151v\u00e9 teszi, hogy a kezel\u00e9st hat\u00e9konyan elv\u00e9gezze, \u00e9s tartsa a tervezett hat\u00e1rid\u0151t.<\/p>\n<p><strong><img decoding=\"async\" style=\"margin-right: 12px;\" src=\"https:\/\/www.ferberpainting.com\/wp-content\/uploads\/2026\/02\/Check.svg\" alt=\"\" width=\"18\" height=\"15\" \/>Literenk\u00e9nt ak\u00e1r 10 m\u00b2 hat\u00e9kony lefedetts\u00e9g a pontos tervez\u00e9shez.<\/strong> Egy liter fa tel\u00edt\u0151szer\u00fcnk ak\u00e1r 10 n\u00e9gyzetm\u00e9tert is kezelhet, a fa t\u00edpus\u00e1t\u00f3l \u00e9s a felsz\u00edv\u00f3d\u00e1si sebess\u00e9gt\u0151l f\u00fcgg\u0151en. Ez a vil\u00e1gosan meghat\u00e1rozott fedetts\u00e9gi ar\u00e1ny lehet\u0151v\u00e9 teszi az anyagsz\u00fcks\u00e9glet pontos kisz\u00e1m\u00edt\u00e1s\u00e1t \u00e9s a hat\u00e9kony k\u00f6lts\u00e9gvet\u00e9si gazd\u00e1lkod\u00e1st, mik\u00f6zben biztos\u00edtja az optim\u00e1lis tel\u00edtetts\u00e9get.<\/p>\n<p><strong><img decoding=\"async\" style=\"margin-right: 12px;\" src=\"https:\/\/www.ferberpainting.com\/wp-content\/uploads\/2026\/02\/Check.svg\" alt=\"\" width=\"18\" height=\"15\" \/>A term\u00e9szetes sz\u00ednt \u00e9s a szemcs\u00e9ket feler\u0151s\u00edti an\u00e9lk\u00fcl, hogy fel\u00fcleti filmr\u00e9teget k\u00e9pezne.<\/strong> A tel\u00edt\u0151anyag feler\u0151s\u00edti a fa term\u00e9szetes t\u00f3nusait \u00e9s text\u00far\u00e1j\u00e1t, kiemelve annak szemcs\u00e9zetts\u00e9g\u00e9t \u00e9s gazdags\u00e1g\u00e1t, mik\u00f6zben meg\u0151rzi a term\u00e9szetes, matt fel\u00fcletet. Nem h\u00e1mlik, repedezik vagy h\u00f3lyagosodik, mivel a f\u00e1ban fejti ki hat\u00e1s\u00e1t, nem pedig merev fel\u00fcleti r\u00e9teget k\u00e9pez.<\/p>\n<p><strong><img decoding=\"async\" style=\"margin-right: 12px;\" src=\"https:\/\/www.ferberpainting.com\/wp-content\/uploads\/2026\/02\/Check.svg\" alt=\"\" width=\"18\" height=\"15\" \/>Jav\u00edtja a nedvess\u00e9ggel, az UV-sugarakkal \u00e9s az id\u0151j\u00e1r\u00e1ssal szembeni ellen\u00e1ll\u00e1st.<\/strong> A term\u00e9k m\u00e9lyen behatol a faanyag rostjaiba, cs\u00f6kkenti a v\u00edzfelv\u00e9telt \u00e9s lass\u00edtja az UV sug\u00e1rz\u00e1s okozta fakul\u00e1st. Ez seg\u00edt meg\u0151rizni a szerkezeti stabilit\u00e1st \u00e9s a vizu\u00e1lis vonzer\u0151t m\u00e9g zord k\u00fclt\u00e9ri k\u00f6rnyezetben is.<\/p>\n<p><strong><img decoding=\"async\" style=\"margin-right: 12px;\" src=\"https:\/\/www.ferberpainting.com\/wp-content\/uploads\/2026\/02\/Check.svg\" alt=\"\" width=\"18\" height=\"15\" \/>Alkalmas bels\u0151 \u00e9s k\u00fcls\u0151 fa fel\u00fcletekhez.<\/strong> A fa tel\u00edt\u0151anyag alkalmazhat\u00f3 deszk\u00e1zatra, burkolatokra, ker\u00edt\u00e9sekre, kerti b\u00fatorokra, gerend\u00e1kra, ajt\u00f3kra \u00e9s m\u00e1s, k\u00f6rnyezeti ig\u00e9nybev\u00e9telnek kitett faszerkezetekre. Az utas\u00edt\u00e1soknak megfelel\u0151en alkalmazva kem\u00e9ny- \u00e9s puhaf\u00e1n egyar\u00e1nt hat\u00e9konyan m\u0171k\u00f6dik.<\/p>\n<p><strong><img decoding=\"async\" style=\"margin-right: 12px;\" src=\"https:\/\/www.ferberpainting.com\/wp-content\/uploads\/2026\/02\/Check.svg\" alt=\"\" width=\"18\" height=\"15\" \/>K\u00f6nny\u0171 alkalmaz\u00e1s profik \u00e9s bark\u00e1cs felhaszn\u00e1l\u00f3k sz\u00e1m\u00e1ra.<\/strong> A k\u00e9nyelmes haszn\u00e1latra tervezett fa tel\u00edt\u0151anyag ecsettel, hengerrel vagy ronggyal alkalmazhat\u00f3. Foly\u00e9kony \u00e1llaga biztos\u00edtja a sima eloszlat\u00e1st \u00e9s a m\u00e9ly felsz\u00edv\u00f3d\u00e1st, \u00edgy alkalmas mind a kisebb fel\u00faj\u00edt\u00e1si feladatokhoz, mind a nagyszab\u00e1s\u00fa professzion\u00e1lis projektekhez.<\/p>\n<h2><strong>Utas\u00edt\u00e1sok<\/strong><\/h2>\n<ul>\n<li>Alkalmaz\u00e1s el\u0151tt gy\u0151z\u0151dj\u00f6n meg arr\u00f3l, hogy a fa fel\u00fclete tiszta, sz\u00e1raz \u00e9s mentes a port\u00f3l, zs\u00edrt\u00f3l, pen\u00e9szt\u0151l vagy r\u00e9gi, lev\u00e1l\u00f3 bevonatokt\u00f3l.<\/li>\n<li>Ha sz\u00fcks\u00e9ges, enyh\u00e9n csiszolja le a fel\u00fcletet, hogy elt\u00e1vol\u00edtsa a durva sz\u00e1lakat \u00e9s jav\u00edtsa a penetr\u00e1ci\u00f3t.<\/li>\n<li>Haszn\u00e1lat el\u0151tt alaposan keverje fel a fa tel\u00edt\u0151szert, hogy biztos\u00edtsa az egyenletes konzisztenci\u00e1t.<\/li>\n<li>A term\u00e9ket ecsettel, hengerrel vagy ronggyal, a fa szemcsem\u00e9ret\u00e9nek ir\u00e1ny\u00e1t k\u00f6vetve, b\u0151s\u00e9gesen vigye fel.<\/li>\n<li>Az aj\u00e1nlott adagol\u00e1s k\u00f6r\u00fclbel\u00fcl 100 ml n\u00e9gyzetm\u00e9terenk\u00e9nt, mivel egy liter ak\u00e1r 10 m\u00b2-t is kezelhet. Az er\u0151sen por\u00f3zus vagy \u00faj fa valamivel nagyobb fogyaszt\u00e1st ig\u00e9nyelhet.<\/li>\n<li>Hagyja, hogy a term\u00e9k 15-30 percig m\u00e9lyen behatoljon a f\u00e1ba.<\/li>\n<li>T\u00e1vol\u00edtsa el a felesleges, fel nem sz\u00edv\u00f3dott term\u00e9ket egy tiszta ruh\u00e1val, hogy megakad\u00e1lyozza a fel\u00fcleti lerak\u00f3d\u00e1st.<\/li>\n<li>A fokozott v\u00e9delem \u00e9rdek\u00e9ben sz\u00fcks\u00e9g eset\u00e9n vigyen fel egy m\u00e1sodik r\u00e9teget, mik\u00f6zben az els\u0151 r\u00e9teg m\u00e9g kiss\u00e9 nedvsz\u00edv\u00f3.<\/li>\n<li>Hagyja a fel\u00fcletet teljesen megsz\u00e1radni, ami a k\u00f6rnyezeti k\u00f6r\u00fclm\u00e9nyekt\u0151l f\u00fcgg\u0151en \u00e1ltal\u00e1ban 24 \u00f3ra.<\/li>\n<li>A sz\u00e1r\u00edt\u00e1si id\u0151szak alatt ker\u00fclje az es\u0151 vagy az er\u0151s nedvess\u00e9g hat\u00e1s\u00e1t.<\/li>\n<li>A hossz\u00fa t\u00e1v\u00fa v\u00e9delem \u00e9rdek\u00e9ben rendszeresen ellen\u0151rizze a fel\u00fcleteket, \u00e9s az id\u0151j\u00e1r\u00e1si hat\u00e1soknak val\u00f3 kitetts\u00e9g alapj\u00e1n sz\u00fcks\u00e9g szerint alkalmazza \u00fajra.<\/li>\n<li>Haszn\u00e1lat ut\u00e1n azonnal tiszt\u00edtsa meg a szersz\u00e1mokat a term\u00e9kre vonatkoz\u00f3 aj\u00e1nl\u00e1soknak megfelel\u0151en.<\/li>\n<li>A tart\u00e1lyt szorosan lez\u00e1rva, h\u0171v\u00f6s, sz\u00e1raz, fagyt\u00f3l \u00e9s k\u00f6zvetlen napf\u00e9nyt\u0151l v\u00e9dett helyen t\u00e1rolja.<\/li>\n<li>Gyermekek el\u0151l elz\u00e1rva tartand\u00f3, \u00e9s a kezel\u00e9s \u00e9s alkalmaz\u00e1s sor\u00e1n tartsa be a szok\u00e1sos biztons\u00e1gi \u00f3vint\u00e9zked\u00e9seket.<\/li>\n<\/ul>","protected":false},"excerpt":{"rendered":"<p>Deeply nourish and protect wood with high-penetration saturation technology. Our wood saturator is specially formulated to penetrate deeply into wooden fibers, providing long-lasting nourishment and protection from within. Unlike surface coatings that create a film on top, this advanced formula saturates the wood structure, reinforcing it against moisture, UV exposure, and environmental stress. It enhances [&hellip;]<\/p>\n","protected":false},"featured_media":27474,"comment_status":"open","ping_status":"closed","template":"","meta":{"_uag_custom_page_level_css":"","site-sidebar-layout":"default","site-content-layout":"","ast-site-content-layout":"default","site-content-style":"default","site-sidebar-style":"default","ast-global-header-display":"","ast-banner-title-visibility":"","ast-main-header-display":"","ast-hfb-above-header-display":"","ast-hfb-below-header-display":"","ast-hfb-mobile-header-display":"","site-post-title":"","ast-breadcrumbs-content":"","ast-featured-img":"","footer-sml-layout":"","ast-disable-related-posts":"","theme-transparent-header-meta":"default","adv-header-id-meta":"","stick-header-meta":"","header-above-stick-meta":"","header-main-stick-meta":"","header-below-stick-meta":"","astra-migrate-meta-layouts":"set","ast-page-background-enabled":"default","ast-page-background-meta":{"desktop":{"background-color":"var(--ast-global-color-4)","background-image":"","background-repeat":"repeat","background-position":"center center","background-size":"auto","background-attachment":"scroll","background-type":"","background-media":"","overlay-type":"","overlay-color":"","overlay-opacity":"","overlay-gradient":""},"tablet":{"background-color":"","background-image":"","background-repeat":"repeat","background-position":"center center","background-size":"auto","background-attachment":"scroll","background-type":"","background-media":"","overlay-type":"","overlay-color":"","overlay-opacity":"","overlay-gradient":""},"mobile":{"background-color":"","background-image":"","background-repeat":"repeat","background-position":"center center","background-size":"auto","background-attachment":"scroll","background-type":"","background-media":"","overlay-type":"","overlay-color":"","overlay-opacity":"","overlay-gradient":""}},"ast-content-background-meta":{"desktop":{"background-color":"var(--ast-global-color-5)","background-image":"","background-repeat":"repeat","background-position":"center center","background-size":"auto","background-attachment":"scroll","background-type":"","background-media":"","overlay-type":"","overlay-color":"","overlay-opacity":"","overlay-gradient":""},"tablet":{"background-color":"var(--ast-global-color-5)","background-image":"","background-repeat":"repeat","background-position":"center center","background-size":"auto","background-attachment":"scroll","background-type":"","background-media":"","overlay-type":"","overlay-color":"","overlay-opacity":"","overlay-gradient":""},"mobile":{"background-color":"var(--ast-global-color-5)","background-image":"","background-repeat":"repeat","background-position":"center center","background-size":"auto","background-attachment":"scroll","background-type":"","background-media":"","overlay-type":"","overlay-color":"","overlay-opacity":"","overlay-gradient":""}}},"product_brand":[],"product_cat":[193],"product_tag":[],"class_list":{"0":"post-25675","1":"product","2":"type-product","3":"status-publish","4":"has-post-thumbnail","6":"product_cat-wood-treatment","7":"desktop-align-left","8":"tablet-align-left","9":"mobile-align-left","11":"first","12":"instock","13":"sale","14":"shipping-taxable","15":"purchasable","16":"product-type-variable","17":"has-default-attributes"},"spectra_custom_meta":{"_visibility":["visible"],"_shopify_product_id":["8051365937397"],"_s2w_shopify_domain":["ferberpainting.myshopify.com"],"_shopify_variant_id":["43849070969077"],"_sku":[""],"_manage_stock":["no"],"total_sales":["84"],"_tax_status":["taxable"],"_tax_class":[""],"_backorders":["no"],"_sold_individually":["no"],"_virtual":["no"],"_downloadable":["no"],"_download_limit":["-1"],"_download_expiry":["-1"],"_stock":[null],"_stock_status":["instock"],"_wc_average_rating":["4.97"],"_wc_review_count":["64"],"_product_attributes":["a:1:{s:6:\"volume\";a:6:{s:4:\"name\";s:6:\"Volume\";s:5:\"value\";s:20:\"5 liters | 25 liters\";s:8:\"position\";i:1;s:10:\"is_visible\";i:0;s:12:\"is_variation\";i:1;s:11:\"is_taxonomy\";i:0;}}"],"_product_version":["10.5.2"],"_thumbnail_id":["27474"],"_price":["29.90","129.90"],"_product_image_gallery":["27475"],"merchant-center-availability":["yes"],"merchant-center-category":["503738"],"merchant-center-id":["SB"],"wpse_downloadable_file_names":[""],"wpse_downloadable_file_urls":[""],"_edit_last":["1"],"_default_attributes":["a:1:{s:6:\"volume\";s:8:\"5 liters\";}"],"_wc_rating_count":["a:2:{i:4;i:2;i:5;i:62;}"],"_edit_lock":["1771405241:1"],"_wp_page_template":["default"],"site-sidebar-layout":["default"],"ast-site-content-layout":["default"],"site-content-style":["default"],"site-sidebar-style":["default"],"theme-transparent-header-meta":["default"],"astra-migrate-meta-layouts":["set"],"_uag_css_file_name":["uag-css-25675.css"],"_elementor_page_assets":["a:0:{}"],"_uag_page_assets":["a:9:{s:3:\"css\";s:6873:\".wp-block-uagb-image{display:flex}.wp-block-uagb-image__figure{position:relative;display:flex;flex-direction:column;max-width:100%;height:auto;margin:0}.wp-block-uagb-image__figure img{height:auto;display:flex;max-width:100%;transition:box-shadow .2s ease}.wp-block-uagb-image__figure>a{display:inline-block}.wp-block-uagb-image__figure figcaption{text-align:center;margin-top:.5em;margin-bottom:1em}.wp-block-uagb-image .components-placeholder.block-editor-media-placeholder .components-placeholder__instructions{align-self:center}.wp-block-uagb-image--align-left{text-align:left}.wp-block-uagb-image--align-right{text-align:right}.wp-block-uagb-image--align-center{text-align:center}.wp-block-uagb-image--align-full .wp-block-uagb-image__figure{margin-left:calc(50% - 50vw);margin-right:calc(50% - 50vw);max-width:100vw;width:100vw;height:auto}.wp-block-uagb-image--align-full .wp-block-uagb-image__figure img{height:auto;width:100% !important}.wp-block-uagb-image--align-wide .wp-block-uagb-image__figure img{height:auto;width:100%}.wp-block-uagb-image--layout-overlay__color-wrapper{position:absolute;left:0;top:0;right:0;bottom:0;opacity:.2;background:rgba(0,0,0,.5);transition:opacity .35s ease-in-out}.wp-block-uagb-image--layout-overlay-link{position:absolute;left:0;right:0;bottom:0;top:0}.wp-block-uagb-image--layout-overlay .wp-block-uagb-image__figure:hover .wp-block-uagb-image--layout-overlay__color-wrapper{opacity:1}.wp-block-uagb-image--layout-overlay__inner{position:absolute;left:15px;right:15px;bottom:15px;top:15px;display:flex;align-items:center;justify-content:center;flex-direction:column;border-color:#fff;transition:.35s ease-in-out}.wp-block-uagb-image--layout-overlay__inner.top-left,.wp-block-uagb-image--layout-overlay__inner.top-center,.wp-block-uagb-image--layout-overlay__inner.top-right{justify-content:flex-start}.wp-block-uagb-image--layout-overlay__inner.bottom-left,.wp-block-uagb-image--layout-overlay__inner.bottom-center,.wp-block-uagb-image--layout-overlay__inner.bottom-right{justify-content:flex-end}.wp-block-uagb-image--layout-overlay__inner.top-left,.wp-block-uagb-image--layout-overlay__inner.center-left,.wp-block-uagb-image--layout-overlay__inner.bottom-left{align-items:flex-start}.wp-block-uagb-image--layout-overlay__inner.top-right,.wp-block-uagb-image--layout-overlay__inner.center-right,.wp-block-uagb-image--layout-overlay__inner.bottom-right{align-items:flex-end}.wp-block-uagb-image--layout-overlay__inner .uagb-image-heading{color:#fff;transition:transform .35s,opacity .35s ease-in-out;transform:translate3d(0, 24px, 0);margin:0;line-height:1em}.wp-block-uagb-image--layout-overlay__inner .uagb-image-separator{width:30%;border-top-width:2px;border-top-color:#fff;border-top-style:solid;margin-bottom:10px;opacity:0;transition:transform .4s,opacity .4s ease-in-out;transform:translate3d(0, 30px, 0)}.wp-block-uagb-image--layout-overlay__inner .uagb-image-caption{opacity:0;overflow:visible;color:#fff;transition:transform .45s,opacity .45s ease-in-out;transform:translate3d(0, 35px, 0)}.wp-block-uagb-image--layout-overlay__inner:hover .uagb-image-heading,.wp-block-uagb-image--layout-overlay__inner:hover .uagb-image-separator,.wp-block-uagb-image--layout-overlay__inner:hover .uagb-image-caption{opacity:1;transform:translate3d(0, 0, 0)}.wp-block-uagb-image--effect-zoomin .wp-block-uagb-image__figure img,.wp-block-uagb-image--effect-zoomin .wp-block-uagb-image__figure .wp-block-uagb-image--layout-overlay__color-wrapper{transform:scale(1);transition:transform .35s ease-in-out}.wp-block-uagb-image--effect-zoomin .wp-block-uagb-image__figure:hover img,.wp-block-uagb-image--effect-zoomin .wp-block-uagb-image__figure:hover .wp-block-uagb-image--layout-overlay__color-wrapper{transform:scale(1.05)}.wp-block-uagb-image--effect-slide .wp-block-uagb-image__figure img,.wp-block-uagb-image--effect-slide .wp-block-uagb-image__figure .wp-block-uagb-image--layout-overlay__color-wrapper{width:calc(100% + 40px) !important;max-width:none !important;transform:translate3d(-40px, 0, 0);transition:transform .35s ease-in-out}.wp-block-uagb-image--effect-slide .wp-block-uagb-image__figure:hover img,.wp-block-uagb-image--effect-slide .wp-block-uagb-image__figure:hover .wp-block-uagb-image--layout-overlay__color-wrapper{transform:translate3d(0, 0, 0)}.wp-block-uagb-image--effect-grayscale img{filter:grayscale(0%);transition:.35s ease-in-out}.wp-block-uagb-image--effect-grayscale:hover img{filter:grayscale(100%)}.wp-block-uagb-image--effect-blur img{filter:blur(0);transition:.35s ease-in-out}.wp-block-uagb-image--effect-blur:hover img{filter:blur(3px)}.uagb-block-e6f939b3.wp-block-uagb-image--layout-default figure img{box-shadow: 0px 0px 0 #00000070;}.uagb-block-e6f939b3.wp-block-uagb-image .wp-block-uagb-image__figure figcaption{font-style: normal;align-self: center;}.uagb-block-e6f939b3.wp-block-uagb-image--layout-overlay figure img{box-shadow: 0px 0px 0 #00000070;}.uagb-block-e6f939b3.wp-block-uagb-image--layout-overlay .wp-block-uagb-image--layout-overlay__color-wrapper{opacity: 0.2;}.uagb-block-e6f939b3.wp-block-uagb-image--layout-overlay .wp-block-uagb-image--layout-overlay__inner{left: 15px;right: 15px;top: 15px;bottom: 15px;}.uagb-block-e6f939b3.wp-block-uagb-image--layout-overlay .wp-block-uagb-image--layout-overlay__inner .uagb-image-heading{font-style: normal;color: #fff;opacity: 1;}.uagb-block-e6f939b3.wp-block-uagb-image--layout-overlay .wp-block-uagb-image--layout-overlay__inner .uagb-image-heading a{color: #fff;}.uagb-block-e6f939b3.wp-block-uagb-image--layout-overlay .wp-block-uagb-image--layout-overlay__inner .uagb-image-caption{opacity: 0;}.uagb-block-e6f939b3.wp-block-uagb-image--layout-overlay .wp-block-uagb-image__figure:hover .wp-block-uagb-image--layout-overlay__color-wrapper{opacity: 1;}.uagb-block-e6f939b3.wp-block-uagb-image .wp-block-uagb-image--layout-overlay__inner .uagb-image-separator{width: 30%;border-top-width: 2px;border-top-color: #fff;opacity: 0;}.uagb-block-e6f939b3.wp-block-uagb-image .wp-block-uagb-image__figure img{width: px;height: auto;}.uagb-block-e6f939b3.wp-block-uagb-image .wp-block-uagb-image__figure:hover .wp-block-uagb-image--layout-overlay__inner .uagb-image-caption{opacity: 1;}.uagb-block-e6f939b3.wp-block-uagb-image .wp-block-uagb-image__figure:hover .wp-block-uagb-image--layout-overlay__inner .uagb-image-separator{opacity: 1;}.uagb-block-e6f939b3.wp-block-uagb-image--layout-default figure:hover img{box-shadow: 0px 0px 0 #00000070;}.uagb-block-e6f939b3.wp-block-uagb-image--layout-overlay figure:hover img{box-shadow: 0px 0px 0 #00000070;}@media only screen and (max-width: 976px) {.uagb-block-e6f939b3.wp-block-uagb-image .wp-block-uagb-image__figure img{width: px;height: auto;}}@media only screen and (max-width: 767px) {.uagb-block-e6f939b3.wp-block-uagb-image .wp-block-uagb-image__figure img{width: px;height: auto;}}\";s:2:\"js\";s:0:\"\";s:18:\"current_block_list\";a:13:{i:0;s:11:\"core\/search\";i:1;s:10:\"core\/group\";i:2;s:12:\"core\/heading\";i:3;s:17:\"core\/latest-posts\";i:4;s:20:\"core\/latest-comments\";i:5;s:13:\"core\/archives\";i:6;s:15:\"core\/categories\";i:7;s:14:\"core\/paragraph\";i:8;s:10:\"uagb\/image\";i:9;s:11:\"core\/spacer\";i:10;s:30:\"woocommerce\/product-categories\";i:11;s:10:\"core\/image\";i:12;s:14:\"core\/shortcode\";}s:8:\"uag_flag\";b:1;s:11:\"uag_version\";s:10:\"1777096629\";s:6:\"gfonts\";a:0:{}s:10:\"gfonts_url\";s:0:\"\";s:12:\"gfonts_files\";a:0:{}s:14:\"uag_faq_layout\";b:0;}"]},"uagb_featured_image_src":{"full":["https:\/\/www.ferberpainting.com\/wp-content\/uploads\/2025\/05\/WoodStripper5L_2f27881c-1fb2-4067-b04d-40b02fba9caa.jpg",2560,2560,false],"thumbnail":["https:\/\/www.ferberpainting.com\/wp-content\/uploads\/2025\/05\/WoodStripper5L_2f27881c-1fb2-4067-b04d-40b02fba9caa-150x150.jpg",150,150,true],"medium":["https:\/\/www.ferberpainting.com\/wp-content\/uploads\/2025\/05\/WoodStripper5L_2f27881c-1fb2-4067-b04d-40b02fba9caa-300x300.jpg",300,300,true],"medium_large":["https:\/\/www.ferberpainting.com\/wp-content\/uploads\/2025\/05\/WoodStripper5L_2f27881c-1fb2-4067-b04d-40b02fba9caa-768x768.jpg",768,768,true],"large":["https:\/\/www.ferberpainting.com\/wp-content\/uploads\/2025\/05\/WoodStripper5L_2f27881c-1fb2-4067-b04d-40b02fba9caa-1024x1024.jpg",1024,1024,true],"1536x1536":["https:\/\/www.ferberpainting.com\/wp-content\/uploads\/2025\/05\/WoodStripper5L_2f27881c-1fb2-4067-b04d-40b02fba9caa-1536x1536.jpg",1536,1536,true],"2048x2048":["https:\/\/www.ferberpainting.com\/wp-content\/uploads\/2025\/05\/WoodStripper5L_2f27881c-1fb2-4067-b04d-40b02fba9caa-2048x2048.jpg",2048,2048,true],"trp-custom-language-flag":["https:\/\/www.ferberpainting.com\/wp-content\/uploads\/2025\/05\/WoodStripper5L_2f27881c-1fb2-4067-b04d-40b02fba9caa-12x12.jpg",12,12,true],"woocommerce_thumbnail":["https:\/\/www.ferberpainting.com\/wp-content\/uploads\/2025\/05\/WoodStripper5L_2f27881c-1fb2-4067-b04d-40b02fba9caa-300x300.jpg",300,300,true],"woocommerce_single":["https:\/\/www.ferberpainting.com\/wp-content\/uploads\/2025\/05\/WoodStripper5L_2f27881c-1fb2-4067-b04d-40b02fba9caa-600x600.jpg",600,600,true],"woocommerce_gallery_thumbnail":["https:\/\/www.ferberpainting.com\/wp-content\/uploads\/2025\/05\/WoodStripper5L_2f27881c-1fb2-4067-b04d-40b02fba9caa-100x100.jpg",100,100,true]},"uagb_author_info":{"display_name":"admin","author_link":"https:\/\/www.ferberpainting.com\/hu\/author\/"},"uagb_comment_info":64,"uagb_excerpt":"Deeply nourish and protect wood with high-penetration saturation technology. Our wood saturator is specially formulated to penetrate deeply into wooden fibers, providing long-lasting nourishment and protection from within. Unlike surface coatings that create a film on top, this advanced formula saturates the wood structure, reinforcing it against moisture, UV exposure, and environmental stress. It enhances&hellip;","_links":{"self":[{"href":"https:\/\/www.ferberpainting.com\/hu\/wp-json\/wp\/v2\/product\/25675","targetHints":{"allow":["GET"]}}],"collection":[{"href":"https:\/\/www.ferberpainting.com\/hu\/wp-json\/wp\/v2\/product"}],"about":[{"href":"https:\/\/www.ferberpainting.com\/hu\/wp-json\/wp\/v2\/types\/product"}],"replies":[{"embeddable":true,"href":"https:\/\/www.ferberpainting.com\/hu\/wp-json\/wp\/v2\/comments?post=25675"}],"version-history":[{"count":3,"href":"https:\/\/www.ferberpainting.com\/hu\/wp-json\/wp\/v2\/product\/25675\/revisions"}],"predecessor-version":[{"id":169166,"href":"https:\/\/www.ferberpainting.com\/hu\/wp-json\/wp\/v2\/product\/25675\/revisions\/169166"}],"wp:featuredmedia":[{"embeddable":true,"href":"https:\/\/www.ferberpainting.com\/hu\/wp-json\/wp\/v2\/media\/27474"}],"wp:attachment":[{"href":"https:\/\/www.ferberpainting.com\/hu\/wp-json\/wp\/v2\/media?parent=25675"}],"wp:term":[{"taxonomy":"product_brand","embeddable":true,"href":"https:\/\/www.ferberpainting.com\/hu\/wp-json\/wp\/v2\/product_brand?post=25675"},{"taxonomy":"product_cat","embeddable":true,"href":"https:\/\/www.ferberpainting.com\/hu\/wp-json\/wp\/v2\/product_cat?post=25675"},{"taxonomy":"product_tag","embeddable":true,"href":"https:\/\/www.ferberpainting.com\/hu\/wp-json\/wp\/v2\/product_tag?post=25675"}],"curies":[{"name":"wp","href":"https:\/\/api.w.org\/{rel}","templated":true}]}}