{"id":25672,"date":"2025-05-26T10:33:26","date_gmt":"2025-05-26T08:33:26","guid":{"rendered":"https:\/\/www.ferberpainting.com\/products\/wood-renovator\/"},"modified":"2026-02-18T09:58:42","modified_gmt":"2026-02-18T08:58:42","slug":"wood-renovator","status":"publish","type":"product","link":"https:\/\/www.ferberpainting.com\/hu\/products\/wood-renovator\/","title":{"rendered":"Fa fel\u00faj\u00edt\u00f3"},"content":{"rendered":"<p><strong><img decoding=\"async\" style=\"margin-right: 12px;\" src=\"https:\/\/www.ferberpainting.com\/wp-content\/uploads\/2026\/02\/Check.svg\" alt=\"\" width=\"18\" height=\"15\" \/>Keltse \u00e9letre a r\u00e9gi, unalmas \u00e9s f\u00e1radt f\u00e1t egy teljes fel\u00faj\u00edt\u00e1s hat\u00e1s\u00e1val.<\/strong> Fafel\u00faj\u00edt\u00f3szer\u00fcnket kifejezetten arra fejlesztett\u00fck ki, hogy \u00fajj\u00e1\u00e9lessze az id\u0151j\u00e1r\u00e1snak kitett, kifakult \u00e9s kopott fa fel\u00fcleteket, vissza\u00e1ll\u00edtva azok term\u00e9szetes melegs\u00e9g\u00e9t, gazdags\u00e1g\u00e1t \u00e9s sz\u00ednm\u00e9lys\u00e9g\u00e9t. Id\u0151vel a napf\u00e9nynek, es\u0151nek, h\u0151m\u00e9rs\u00e9klet-v\u00e1ltoz\u00e1snak \u00e9s szennyez\u00e9snek val\u00f3 kitetts\u00e9g hat\u00e1s\u00e1ra a fa elvesz\u00edti \u00e9l\u00e9nks\u00e9g\u00e9t \u00e9s v\u00e9d\u0151 tulajdons\u00e1gait. Ez a fejlett fel\u00faj\u00edt\u00f3 kezel\u00e9s m\u00e9lyen behatol a sz\u00e1lakba, bel\u00fclr\u0151l t\u00e1pl\u00e1lja \u00e9s \u00fajj\u00e1\u00e9leszti az anyagot. Kiemeli a fa term\u00e9szetes szemcs\u00e9zetts\u00e9g\u00e9t, \u00e9s helyre\u00e1ll\u00edtja a felfriss\u00fclt, \u00e1polt megjelen\u00e9st an\u00e9lk\u00fcl, hogy teljes cser\u00e9re lenne sz\u00fcks\u00e9g.<\/p>\n<p><strong><img decoding=\"async\" style=\"margin-right: 12px;\" src=\"https:\/\/www.ferberpainting.com\/wp-content\/uploads\/2026\/02\/Check.svg\" alt=\"\" width=\"18\" height=\"15\" \/>A teljes nyugalom \u00e9rdek\u00e9ben p\u00e9nzvisszafizet\u00e9si garanci\u00e1t k\u00edn\u00e1lunk.<\/strong> Hat\u00e1rozottan ki\u00e1llunk fafel\u00faj\u00edt\u00f3ink min\u0151s\u00e9ge \u00e9s teljes\u00edtm\u00e9nye mellett. Ha nem teljesen el\u00e9gedett az eredm\u00e9nnyel, visszat\u00e9r\u00edtj\u00fck a v\u00e9tel\u00e1rat. Ez a p\u00e9nzvisszafizet\u00e9si garancia biztos\u00edtja, hogy kock\u00e1zat n\u00e9lk\u00fcl helyre\u00e1ll\u00edthassa fa fel\u00fcleteit, tudva, hogy az \u00d6n el\u00e9gedetts\u00e9ge sz\u00e1munkra els\u0151dleges fontoss\u00e1g\u00fa, \u00e9s befektet\u00e9se teljes m\u00e9rt\u00e9kben v\u00e9dve van.<\/p>\n<p><strong><img decoding=\"async\" style=\"margin-right: 12px;\" src=\"https:\/\/www.ferberpainting.com\/wp-content\/uploads\/2026\/02\/Check.svg\" alt=\"\" width=\"18\" height=\"15\" \/>A leghat\u00e9konyabb fa fel\u00faj\u00edt\u00e1si megold\u00e1s a piacon.<\/strong> Nagy teljes\u00edtm\u00e9ny\u0171 formul\u00e1nkat \u00fagy tervezt\u00fck, hogy fel\u00fclm\u00falja a hagyom\u00e1nyos olajok \u00e9s fel\u00fcletkezel\u00e9sek teljes\u00edtm\u00e9ny\u00e9t. Ahelyett, hogy egyszer\u0171en bevonja a f\u00e1t, m\u00e9lyen behatol, hogy helyre\u00e1ll\u00edtsa a rugalmass\u00e1got, jav\u00edtsa a rugalmass\u00e1got \u00e9s fokozza a hossz\u00fa t\u00e1v\u00fa tart\u00f3ss\u00e1got. Mind az enyh\u00e9n id\u0151j\u00e1r\u00e1snak kitett, mind az er\u0151sen ig\u00e9nybevett faanyagon m\u0171k\u00f6dik, l\u00e1that\u00f3 \u00e1talakul\u00e1st \u00e9s hosszan tart\u00f3 eredm\u00e9nyeket biztos\u00edt, amelyek megk\u00fcl\u00f6nb\u00f6ztetik a szok\u00e1sos karbantart\u00f3 term\u00e9kekt\u0151l.<\/p>\n<p><strong><img decoding=\"async\" style=\"margin-right: 12px;\" src=\"https:\/\/www.ferberpainting.com\/wp-content\/uploads\/2026\/02\/Check.svg\" alt=\"\" width=\"18\" height=\"15\" \/>Az el\u00e9rhet\u0151 legolcs\u00f3bb professzion\u00e1lis fa fel\u00faj\u00edt\u00f3.<\/strong> A pr\u00e9mium min\u0151s\u00e9g\u0171 fa fel\u00faj\u00edt\u00e1snak nem kell dr\u00e1g\u00e1nak lennie. A legversenyk\u00e9pesebb \u00e1rakat k\u00edn\u00e1ljuk a min\u0151s\u00e9g \u00e9s a teljes\u00edtm\u00e9ny kompromisszumai n\u00e9lk\u00fcl. A gy\u00e1rt\u00e1si \u00e9s forgalmaz\u00e1si folyamatok optimaliz\u00e1l\u00e1s\u00e1val a hasonl\u00f3 term\u00e9kekhez k\u00e9pest a legalacsonyabb \u00e1ron sz\u00e1ll\u00edtunk professzion\u00e1lis er\u0151ss\u00e9g\u0171 fafel\u00faj\u00edt\u00f3t, kiv\u00e9teles \u00e9rt\u00e9ket biztos\u00edtva a h\u00e1ztulajdonosok \u00e9s a szakemberek sz\u00e1m\u00e1ra egyar\u00e1nt.<\/p>\n<p><strong><img decoding=\"async\" style=\"margin-right: 12px;\" src=\"https:\/\/www.ferberpainting.com\/wp-content\/uploads\/2026\/02\/Check.svg\" alt=\"\" width=\"18\" height=\"15\" \/>Garant\u00e1ltan 24 \u00f3r\u00e1s sz\u00e1ll\u00edt\u00e1s a gyors helyre\u00e1ll\u00edt\u00e1s \u00e9rdek\u00e9ben.<\/strong> Ha a f\u00e1b\u00f3l k\u00e9sz\u00fclt fed\u00e9lzet, ker\u00edt\u00e9s vagy b\u00fator azonnali figyelmet ig\u00e9nyel, a v\u00e1rakoz\u00e1s nem opci\u00f3. \u00c9ppen ez\u00e9rt megb\u00edzhat\u00f3 24 \u00f3r\u00e1s kisz\u00e1ll\u00edt\u00e1st biztos\u00edtunk, amely biztos\u00edtja, hogy a fa fel\u00faj\u00edt\u00f3 gyorsan meg\u00e9rkezzen \u00e9s azonnal haszn\u00e1latra k\u00e9sz legyen. A gyors sz\u00e1ll\u00edt\u00e1s seg\u00edt \u00d6nnek abban, hogy fel\u00faj\u00edt\u00e1si projektj\u00e9t hat\u00e9konyan \u00e9s k\u00e9sedelem n\u00e9lk\u00fcl befejezhesse.<\/p>\n<p><strong><img decoding=\"async\" style=\"margin-right: 12px;\" src=\"https:\/\/www.ferberpainting.com\/wp-content\/uploads\/2026\/02\/Check.svg\" alt=\"\" width=\"18\" height=\"15\" \/>Literenk\u00e9nt ak\u00e1r 10 m\u00b2 hat\u00e9kony lefedetts\u00e9g a pontos tervez\u00e9shez.<\/strong> Egy liter fafel\u00faj\u00edt\u00f3szer\u00fcnk a fafajt\u00e1t\u00f3l \u00e9s a felsz\u00edv\u00f3d\u00e1si szintt\u0151l f\u00fcgg\u0151en ak\u00e1r 10 n\u00e9gyzetm\u00e9tert is kezelhet. Ez az egy\u00e9rtelm\u0171 fedetts\u00e9gi ar\u00e1ny lehet\u0151v\u00e9 teszi az anyagsz\u00fcks\u00e9glet pontos kisz\u00e1m\u00edt\u00e1s\u00e1t \u00e9s a k\u00f6lts\u00e9gvet\u00e9s hat\u00e9kony ellen\u0151rz\u00e9s\u00e9t, mik\u00f6zben elegend\u0151 behatol\u00e1st \u00e9s optim\u00e1lis eredm\u00e9nyt biztos\u00edt.<\/p>\n<p><strong><img decoding=\"async\" style=\"margin-right: 12px;\" src=\"https:\/\/www.ferberpainting.com\/wp-content\/uploads\/2026\/02\/Check.svg\" alt=\"\" width=\"18\" height=\"15\" \/>Fokozza a term\u00e9szetes sz\u00edn \u00e9s a szemcs\u00e9k \u00e9less\u00e9g\u00e9t.<\/strong> A fel\u00faj\u00edt\u00f3 feler\u0151s\u00edti a fa term\u00e9szetes t\u00f3nusait \u00e9s text\u00far\u00e1it an\u00e9lk\u00fcl, hogy mesters\u00e9ges vagy f\u00e9nyes megjelen\u00e9st keltene. Kiemeli az anyag autentikus sz\u00e9ps\u00e9g\u00e9t, kiemeli egyedi mint\u00e1zat\u00e1t, mik\u00f6zben term\u00e9szetes, eleg\u00e1ns fel\u00fcletet biztos\u00edt.<\/p>\n<p><strong><img decoding=\"async\" style=\"margin-right: 12px;\" src=\"https:\/\/www.ferberpainting.com\/wp-content\/uploads\/2026\/02\/Check.svg\" alt=\"\" width=\"18\" height=\"15\" \/>Jav\u00edtja a k\u00f6rnyezeti expoz\u00edci\u00f3val szembeni ellen\u00e1ll\u00e1st.<\/strong> A term\u00e9k a faanyag rostjainak t\u00e1pl\u00e1l\u00e1s\u00e1val \u00e9s v\u00e9delm\u00e9vel seg\u00edt cs\u00f6kkenteni az UV-sug\u00e1rz\u00e1s, a nedvess\u00e9gfelv\u00e9tel \u00e9s a fel\u00fcleti reped\u00e9sek hat\u00e1s\u00e1t. Hozz\u00e1j\u00e1rul a faszerkezetek \u00e9lettartam\u00e1nak meghosszabb\u00edt\u00e1s\u00e1hoz \u00e9s a karbantart\u00e1si gyakoris\u00e1g cs\u00f6kkent\u00e9s\u00e9hez.<\/p>\n<p><strong><img decoding=\"async\" style=\"margin-right: 12px;\" src=\"https:\/\/www.ferberpainting.com\/wp-content\/uploads\/2026\/02\/Check.svg\" alt=\"\" width=\"18\" height=\"15\" \/>A fafel\u00fcletek sz\u00e9les sk\u00e1l\u00e1j\u00e1ra alkalmas.<\/strong> A fafel\u00faj\u00edt\u00f3 haszn\u00e1lhat\u00f3 teraszokon, ker\u00edt\u00e9seken, pergol\u00e1kon, burkolatokon, kerti b\u00fatorokon, ajt\u00f3kon, red\u0151ny\u00f6k\u00f6n \u00e9s m\u00e1s, belt\u00e9ri vagy k\u00fclt\u00e9ri k\u00f6r\u00fclm\u00e9nyeknek kitett faelemeken. Az utas\u00edt\u00e1soknak megfelel\u0151en alkalmazva kem\u00e9ny- \u00e9s puhaf\u00e1val egyar\u00e1nt kompatibilis.<\/p>\n<p><strong><img decoding=\"async\" style=\"margin-right: 12px;\" src=\"https:\/\/www.ferberpainting.com\/wp-content\/uploads\/2026\/02\/Check.svg\" alt=\"\" width=\"18\" height=\"15\" \/>K\u00f6nny\u0171 alkalmaz\u00e1s profik \u00e9s bark\u00e1cs felhaszn\u00e1l\u00f3k sz\u00e1m\u00e1ra.<\/strong> A fa fel\u00faj\u00edt\u00f3t a k\u00e9nyelem \u00e9rdek\u00e9ben ecsettel, hengerrel vagy ronggyal lehet felvinni. Sima \u00e1llaga egyenletes eloszl\u00e1st \u00e9s m\u00e9ly behatol\u00e1st biztos\u00edt, \u00edgy alkalmas mind a kisebb lakoss\u00e1gi projektekhez, mind a nagyobb kereskedelmi fel\u00faj\u00edt\u00e1sokhoz.<\/p>\n<h2><strong>Utas\u00edt\u00e1sok<\/strong><\/h2>\n<ul>\n<li>Alkalmaz\u00e1s el\u0151tt gy\u0151z\u0151dj\u00f6n meg arr\u00f3l, hogy a fa fel\u00fclete tiszta, sz\u00e1raz, \u00e9s mentes a port\u00f3l, zs\u00edrt\u00f3l, pen\u00e9szt\u0151l vagy r\u00e9gi, h\u00e1ml\u00f3 bevonatokt\u00f3l.<\/li>\n<li>Ha sz\u00fcks\u00e9ges, enyh\u00e9n csiszolja le a fel\u00fcletet, hogy elt\u00e1vol\u00edtsa a durva sz\u00e1lakat \u00e9s jav\u00edtsa a felsz\u00edv\u00f3d\u00e1st.<\/li>\n<li>Haszn\u00e1lat el\u0151tt alaposan r\u00e1zza fel vagy keverje fel a fafel\u00faj\u00edt\u00f3t.<\/li>\n<li>A term\u00e9ket ecsettel, hengerrel vagy ronggyal egyenletesen, a fa szemcsem\u00e9ret\u00e9nek ir\u00e1ny\u00e1t k\u00f6vetve vigye fel.<\/li>\n<li>Az aj\u00e1nlott adagol\u00e1s k\u00f6r\u00fclbel\u00fcl 100 ml n\u00e9gyzetm\u00e9terenk\u00e9nt, mivel egy liter ak\u00e1r 10 m\u00b2-t is kezelhet. Az er\u0151sen por\u00f3zus vagy er\u0151sen id\u0151j\u00e1r\u00e1si ig\u00e9ny\u0171 fa tov\u00e1bbi term\u00e9ket ig\u00e9nyelhet.<\/li>\n<li>Hagyja, hogy a fa 15-30 percig mag\u00e1ba sz\u00edvja a fel\u00faj\u00edt\u00f3szert.<\/li>\n<li>T\u00e1vol\u00edtsa el a felesleges, nem behatol\u00f3 term\u00e9ket egy tiszta ruh\u00e1val, hogy elker\u00fclje a fel\u00fcleti lerak\u00f3d\u00e1sokat.<\/li>\n<li>M\u00e9lyebb helyre\u00e1ll\u00edt\u00e1shoz vigyen fel egy m\u00e1sodik r\u00e9teget az els\u0151 r\u00e9teg felsz\u00edv\u00f3d\u00e1sa ut\u00e1n.<\/li>\n<li>Hagyja a fel\u00fcletet teljesen megsz\u00e1radni, ami a k\u00f6rnyezeti k\u00f6r\u00fclm\u00e9nyekt\u0151l f\u00fcgg\u0151en \u00e1ltal\u00e1ban 24 \u00f3ra.<\/li>\n<li>A sz\u00e1r\u00edt\u00e1si id\u0151szak alatt ker\u00fclje az es\u0151 vagy az er\u0151s nedvess\u00e9g hat\u00e1s\u00e1t.<\/li>\n<li>Hossz\u00fa t\u00e1v\u00fa karbantart\u00e1s eset\u00e9n az id\u0151j\u00e1r\u00e1si hat\u00e1sokt\u00f3l \u00e9s a fel\u00fclet kop\u00e1s\u00e1t\u00f3l f\u00fcgg\u0151en id\u0151k\u00f6z\u00f6nk\u00e9nt \u00fajra kell alkalmazni.<\/li>\n<li>Haszn\u00e1lat ut\u00e1n azonnal tiszt\u00edtsa meg a szersz\u00e1mokat a term\u00e9kre vonatkoz\u00f3 aj\u00e1nl\u00e1soknak megfelel\u0151en.<\/li>\n<li>A tart\u00e1lyt szorosan lez\u00e1rva, h\u0171v\u00f6s, sz\u00e1raz, fagyt\u00f3l \u00e9s k\u00f6zvetlen napf\u00e9nyt\u0151l v\u00e9dett helyen t\u00e1rolja.<\/li>\n<li>Gyermekek el\u0151l elz\u00e1rva tartand\u00f3, \u00e9s a kezel\u00e9s \u00e9s alkalmaz\u00e1s sor\u00e1n tartsa be a szok\u00e1sos biztons\u00e1gi \u00f3vint\u00e9zked\u00e9seket.<\/li>\n<\/ul>","protected":false},"excerpt":{"rendered":"<p>Bring old, dull, and tired wood back to life with a complete renovation effect. Our wood renovator is specially formulated to revive weathered, faded, and worn wooden surfaces, restoring their natural warmth, richness, and depth of color. Over time, exposure to sunlight, rain, temperature changes, and pollution causes wood to lose its vibrancy and protective [&hellip;]<\/p>\n","protected":false},"featured_media":27471,"comment_status":"open","ping_status":"closed","template":"","meta":{"_uag_custom_page_level_css":"","site-sidebar-layout":"default","site-content-layout":"","ast-site-content-layout":"default","site-content-style":"default","site-sidebar-style":"default","ast-global-header-display":"","ast-banner-title-visibility":"","ast-main-header-display":"","ast-hfb-above-header-display":"","ast-hfb-below-header-display":"","ast-hfb-mobile-header-display":"","site-post-title":"","ast-breadcrumbs-content":"","ast-featured-img":"","footer-sml-layout":"","ast-disable-related-posts":"","theme-transparent-header-meta":"default","adv-header-id-meta":"","stick-header-meta":"","header-above-stick-meta":"","header-main-stick-meta":"","header-below-stick-meta":"","astra-migrate-meta-layouts":"set","ast-page-background-enabled":"default","ast-page-background-meta":{"desktop":{"background-color":"var(--ast-global-color-4)","background-image":"","background-repeat":"repeat","background-position":"center center","background-size":"auto","background-attachment":"scroll","background-type":"","background-media":"","overlay-type":"","overlay-color":"","overlay-opacity":"","overlay-gradient":""},"tablet":{"background-color":"","background-image":"","background-repeat":"repeat","background-position":"center center","background-size":"auto","background-attachment":"scroll","background-type":"","background-media":"","overlay-type":"","overlay-color":"","overlay-opacity":"","overlay-gradient":""},"mobile":{"background-color":"","background-image":"","background-repeat":"repeat","background-position":"center center","background-size":"auto","background-attachment":"scroll","background-type":"","background-media":"","overlay-type":"","overlay-color":"","overlay-opacity":"","overlay-gradient":""}},"ast-content-background-meta":{"desktop":{"background-color":"var(--ast-global-color-5)","background-image":"","background-repeat":"repeat","background-position":"center center","background-size":"auto","background-attachment":"scroll","background-type":"","background-media":"","overlay-type":"","overlay-color":"","overlay-opacity":"","overlay-gradient":""},"tablet":{"background-color":"var(--ast-global-color-5)","background-image":"","background-repeat":"repeat","background-position":"center center","background-size":"auto","background-attachment":"scroll","background-type":"","background-media":"","overlay-type":"","overlay-color":"","overlay-opacity":"","overlay-gradient":""},"mobile":{"background-color":"var(--ast-global-color-5)","background-image":"","background-repeat":"repeat","background-position":"center center","background-size":"auto","background-attachment":"scroll","background-type":"","background-media":"","overlay-type":"","overlay-color":"","overlay-opacity":"","overlay-gradient":""}}},"product_brand":[],"product_cat":[175,193],"product_tag":[],"class_list":{"0":"post-25672","1":"product","2":"type-product","3":"status-publish","4":"has-post-thumbnail","6":"product_cat-cleaning-products","7":"product_cat-wood-treatment","8":"desktop-align-left","9":"tablet-align-left","10":"mobile-align-left","12":"first","13":"instock","14":"sale","15":"shipping-taxable","16":"purchasable","17":"product-type-variable","18":"has-default-attributes"},"spectra_custom_meta":{"_visibility":["visible"],"_shopify_product_id":["8051371409653"],"_s2w_shopify_domain":["ferberpainting.myshopify.com"],"_shopify_variant_id":["43849085878517"],"_sku":[""],"_manage_stock":["no"],"total_sales":["24"],"_tax_status":["taxable"],"_tax_class":[""],"_backorders":["no"],"_sold_individually":["no"],"_virtual":["no"],"_downloadable":["no"],"_download_limit":["-1"],"_download_expiry":["-1"],"_stock":[null],"_stock_status":["instock"],"_wc_average_rating":["4.99"],"_wc_review_count":["68"],"_product_attributes":["a:1:{s:6:\"volume\";a:6:{s:4:\"name\";s:6:\"Volume\";s:5:\"value\";s:20:\"5 liters | 25 liters\";s:8:\"position\";i:1;s:10:\"is_visible\";i:0;s:12:\"is_variation\";i:1;s:11:\"is_taxonomy\";i:0;}}"],"_product_version":["10.5.2"],"_thumbnail_id":["27471"],"_price":["29.90","129.90"],"_product_image_gallery":["27472"],"merchant-center-availability":["yes"],"merchant-center-category":["5825"],"merchant-center-id":["RB"],"wpse_downloadable_file_names":[""],"wpse_downloadable_file_urls":[""],"_edit_last":["1"],"_default_attributes":["a:1:{s:6:\"volume\";s:8:\"5 liters\";}"],"_wc_rating_count":["a:2:{i:4;i:1;i:5;i:67;}"],"_edit_lock":["1771405244:1"],"_wp_page_template":["default"],"site-sidebar-layout":["default"],"ast-site-content-layout":["default"],"site-content-style":["default"],"site-sidebar-style":["default"],"theme-transparent-header-meta":["default"],"astra-migrate-meta-layouts":["set"],"_uag_css_file_name":["uag-css-25672.css"],"_elementor_page_assets":["a:0:{}"],"_uag_page_assets":["a:9:{s:3:\"css\";s:7133:\".uag-blocks-common-selector{z-index:var(--z-index-desktop) !important}@media(max-width: 976px){.uag-blocks-common-selector{z-index:var(--z-index-tablet) !important}}@media(max-width: 767px){.uag-blocks-common-selector{z-index:var(--z-index-mobile) !important}}.wp-block-uagb-image{display:flex}.wp-block-uagb-image__figure{position:relative;display:flex;flex-direction:column;max-width:100%;height:auto;margin:0}.wp-block-uagb-image__figure img{height:auto;display:flex;max-width:100%;transition:box-shadow .2s ease}.wp-block-uagb-image__figure>a{display:inline-block}.wp-block-uagb-image__figure figcaption{text-align:center;margin-top:.5em;margin-bottom:1em}.wp-block-uagb-image .components-placeholder.block-editor-media-placeholder .components-placeholder__instructions{align-self:center}.wp-block-uagb-image--align-left{text-align:left}.wp-block-uagb-image--align-right{text-align:right}.wp-block-uagb-image--align-center{text-align:center}.wp-block-uagb-image--align-full .wp-block-uagb-image__figure{margin-left:calc(50% - 50vw);margin-right:calc(50% - 50vw);max-width:100vw;width:100vw;height:auto}.wp-block-uagb-image--align-full .wp-block-uagb-image__figure img{height:auto;width:100% !important}.wp-block-uagb-image--align-wide .wp-block-uagb-image__figure img{height:auto;width:100%}.wp-block-uagb-image--layout-overlay__color-wrapper{position:absolute;left:0;top:0;right:0;bottom:0;opacity:.2;background:rgba(0,0,0,.5);transition:opacity .35s ease-in-out}.wp-block-uagb-image--layout-overlay-link{position:absolute;left:0;right:0;bottom:0;top:0}.wp-block-uagb-image--layout-overlay .wp-block-uagb-image__figure:hover .wp-block-uagb-image--layout-overlay__color-wrapper{opacity:1}.wp-block-uagb-image--layout-overlay__inner{position:absolute;left:15px;right:15px;bottom:15px;top:15px;display:flex;align-items:center;justify-content:center;flex-direction:column;border-color:#fff;transition:.35s ease-in-out}.wp-block-uagb-image--layout-overlay__inner.top-left,.wp-block-uagb-image--layout-overlay__inner.top-center,.wp-block-uagb-image--layout-overlay__inner.top-right{justify-content:flex-start}.wp-block-uagb-image--layout-overlay__inner.bottom-left,.wp-block-uagb-image--layout-overlay__inner.bottom-center,.wp-block-uagb-image--layout-overlay__inner.bottom-right{justify-content:flex-end}.wp-block-uagb-image--layout-overlay__inner.top-left,.wp-block-uagb-image--layout-overlay__inner.center-left,.wp-block-uagb-image--layout-overlay__inner.bottom-left{align-items:flex-start}.wp-block-uagb-image--layout-overlay__inner.top-right,.wp-block-uagb-image--layout-overlay__inner.center-right,.wp-block-uagb-image--layout-overlay__inner.bottom-right{align-items:flex-end}.wp-block-uagb-image--layout-overlay__inner .uagb-image-heading{color:#fff;transition:transform .35s,opacity .35s ease-in-out;transform:translate3d(0, 24px, 0);margin:0;line-height:1em}.wp-block-uagb-image--layout-overlay__inner .uagb-image-separator{width:30%;border-top-width:2px;border-top-color:#fff;border-top-style:solid;margin-bottom:10px;opacity:0;transition:transform .4s,opacity .4s ease-in-out;transform:translate3d(0, 30px, 0)}.wp-block-uagb-image--layout-overlay__inner .uagb-image-caption{opacity:0;overflow:visible;color:#fff;transition:transform .45s,opacity .45s ease-in-out;transform:translate3d(0, 35px, 0)}.wp-block-uagb-image--layout-overlay__inner:hover .uagb-image-heading,.wp-block-uagb-image--layout-overlay__inner:hover .uagb-image-separator,.wp-block-uagb-image--layout-overlay__inner:hover .uagb-image-caption{opacity:1;transform:translate3d(0, 0, 0)}.wp-block-uagb-image--effect-zoomin .wp-block-uagb-image__figure img,.wp-block-uagb-image--effect-zoomin .wp-block-uagb-image__figure .wp-block-uagb-image--layout-overlay__color-wrapper{transform:scale(1);transition:transform .35s ease-in-out}.wp-block-uagb-image--effect-zoomin .wp-block-uagb-image__figure:hover img,.wp-block-uagb-image--effect-zoomin .wp-block-uagb-image__figure:hover .wp-block-uagb-image--layout-overlay__color-wrapper{transform:scale(1.05)}.wp-block-uagb-image--effect-slide .wp-block-uagb-image__figure img,.wp-block-uagb-image--effect-slide .wp-block-uagb-image__figure .wp-block-uagb-image--layout-overlay__color-wrapper{width:calc(100% + 40px) !important;max-width:none !important;transform:translate3d(-40px, 0, 0);transition:transform .35s ease-in-out}.wp-block-uagb-image--effect-slide .wp-block-uagb-image__figure:hover img,.wp-block-uagb-image--effect-slide .wp-block-uagb-image__figure:hover .wp-block-uagb-image--layout-overlay__color-wrapper{transform:translate3d(0, 0, 0)}.wp-block-uagb-image--effect-grayscale img{filter:grayscale(0%);transition:.35s ease-in-out}.wp-block-uagb-image--effect-grayscale:hover img{filter:grayscale(100%)}.wp-block-uagb-image--effect-blur img{filter:blur(0);transition:.35s ease-in-out}.wp-block-uagb-image--effect-blur:hover img{filter:blur(3px)}.uagb-block-e6f939b3.wp-block-uagb-image--layout-default figure img{box-shadow: 0px 0px 0 #00000070;}.uagb-block-e6f939b3.wp-block-uagb-image .wp-block-uagb-image__figure figcaption{font-style: normal;align-self: center;}.uagb-block-e6f939b3.wp-block-uagb-image--layout-overlay figure img{box-shadow: 0px 0px 0 #00000070;}.uagb-block-e6f939b3.wp-block-uagb-image--layout-overlay .wp-block-uagb-image--layout-overlay__color-wrapper{opacity: 0.2;}.uagb-block-e6f939b3.wp-block-uagb-image--layout-overlay .wp-block-uagb-image--layout-overlay__inner{left: 15px;right: 15px;top: 15px;bottom: 15px;}.uagb-block-e6f939b3.wp-block-uagb-image--layout-overlay .wp-block-uagb-image--layout-overlay__inner .uagb-image-heading{font-style: normal;color: #fff;opacity: 1;}.uagb-block-e6f939b3.wp-block-uagb-image--layout-overlay .wp-block-uagb-image--layout-overlay__inner .uagb-image-heading a{color: #fff;}.uagb-block-e6f939b3.wp-block-uagb-image--layout-overlay .wp-block-uagb-image--layout-overlay__inner .uagb-image-caption{opacity: 0;}.uagb-block-e6f939b3.wp-block-uagb-image--layout-overlay .wp-block-uagb-image__figure:hover .wp-block-uagb-image--layout-overlay__color-wrapper{opacity: 1;}.uagb-block-e6f939b3.wp-block-uagb-image .wp-block-uagb-image--layout-overlay__inner .uagb-image-separator{width: 30%;border-top-width: 2px;border-top-color: #fff;opacity: 0;}.uagb-block-e6f939b3.wp-block-uagb-image .wp-block-uagb-image__figure img{width: px;height: auto;}.uagb-block-e6f939b3.wp-block-uagb-image .wp-block-uagb-image__figure:hover .wp-block-uagb-image--layout-overlay__inner .uagb-image-caption{opacity: 1;}.uagb-block-e6f939b3.wp-block-uagb-image .wp-block-uagb-image__figure:hover .wp-block-uagb-image--layout-overlay__inner .uagb-image-separator{opacity: 1;}.uagb-block-e6f939b3.wp-block-uagb-image--layout-default figure:hover img{box-shadow: 0px 0px 0 #00000070;}.uagb-block-e6f939b3.wp-block-uagb-image--layout-overlay figure:hover img{box-shadow: 0px 0px 0 #00000070;}@media only screen and (max-width: 976px) {.uagb-block-e6f939b3.wp-block-uagb-image .wp-block-uagb-image__figure img{width: px;height: auto;}}@media only screen and (max-width: 767px) {.uagb-block-e6f939b3.wp-block-uagb-image .wp-block-uagb-image__figure img{width: px;height: auto;}}\";s:2:\"js\";s:0:\"\";s:18:\"current_block_list\";a:13:{i:0;s:11:\"core\/search\";i:1;s:10:\"core\/group\";i:2;s:12:\"core\/heading\";i:3;s:17:\"core\/latest-posts\";i:4;s:20:\"core\/latest-comments\";i:5;s:13:\"core\/archives\";i:6;s:15:\"core\/categories\";i:7;s:14:\"core\/paragraph\";i:8;s:10:\"uagb\/image\";i:9;s:11:\"core\/spacer\";i:10;s:30:\"woocommerce\/product-categories\";i:11;s:10:\"core\/image\";i:12;s:14:\"core\/shortcode\";}s:8:\"uag_flag\";b:1;s:11:\"uag_version\";s:10:\"1777069891\";s:6:\"gfonts\";a:0:{}s:10:\"gfonts_url\";s:0:\"\";s:12:\"gfonts_files\";a:0:{}s:14:\"uag_faq_layout\";b:0;}"]},"uagb_featured_image_src":{"full":["https:\/\/www.ferberpainting.com\/wp-content\/uploads\/2025\/05\/Renovateurbois5L.jpg",2560,2560,false],"thumbnail":["https:\/\/www.ferberpainting.com\/wp-content\/uploads\/2025\/05\/Renovateurbois5L-150x150.jpg",150,150,true],"medium":["https:\/\/www.ferberpainting.com\/wp-content\/uploads\/2025\/05\/Renovateurbois5L-300x300.jpg",300,300,true],"medium_large":["https:\/\/www.ferberpainting.com\/wp-content\/uploads\/2025\/05\/Renovateurbois5L-768x768.jpg",768,768,true],"large":["https:\/\/www.ferberpainting.com\/wp-content\/uploads\/2025\/05\/Renovateurbois5L-1024x1024.jpg",1024,1024,true],"1536x1536":["https:\/\/www.ferberpainting.com\/wp-content\/uploads\/2025\/05\/Renovateurbois5L-1536x1536.jpg",1536,1536,true],"2048x2048":["https:\/\/www.ferberpainting.com\/wp-content\/uploads\/2025\/05\/Renovateurbois5L-2048x2048.jpg",2048,2048,true],"trp-custom-language-flag":["https:\/\/www.ferberpainting.com\/wp-content\/uploads\/2025\/05\/Renovateurbois5L-12x12.jpg",12,12,true],"woocommerce_thumbnail":["https:\/\/www.ferberpainting.com\/wp-content\/uploads\/2025\/05\/Renovateurbois5L-300x300.jpg",300,300,true],"woocommerce_single":["https:\/\/www.ferberpainting.com\/wp-content\/uploads\/2025\/05\/Renovateurbois5L-600x600.jpg",600,600,true],"woocommerce_gallery_thumbnail":["https:\/\/www.ferberpainting.com\/wp-content\/uploads\/2025\/05\/Renovateurbois5L-100x100.jpg",100,100,true]},"uagb_author_info":{"display_name":"admin","author_link":"https:\/\/www.ferberpainting.com\/hu\/author\/"},"uagb_comment_info":68,"uagb_excerpt":"Bring old, dull, and tired wood back to life with a complete renovation effect. Our wood renovator is specially formulated to revive weathered, faded, and worn wooden surfaces, restoring their natural warmth, richness, and depth of color. Over time, exposure to sunlight, rain, temperature changes, and pollution causes wood to lose its vibrancy and protective&hellip;","_links":{"self":[{"href":"https:\/\/www.ferberpainting.com\/hu\/wp-json\/wp\/v2\/product\/25672","targetHints":{"allow":["GET"]}}],"collection":[{"href":"https:\/\/www.ferberpainting.com\/hu\/wp-json\/wp\/v2\/product"}],"about":[{"href":"https:\/\/www.ferberpainting.com\/hu\/wp-json\/wp\/v2\/types\/product"}],"replies":[{"embeddable":true,"href":"https:\/\/www.ferberpainting.com\/hu\/wp-json\/wp\/v2\/comments?post=25672"}],"version-history":[{"count":3,"href":"https:\/\/www.ferberpainting.com\/hu\/wp-json\/wp\/v2\/product\/25672\/revisions"}],"predecessor-version":[{"id":169164,"href":"https:\/\/www.ferberpainting.com\/hu\/wp-json\/wp\/v2\/product\/25672\/revisions\/169164"}],"wp:featuredmedia":[{"embeddable":true,"href":"https:\/\/www.ferberpainting.com\/hu\/wp-json\/wp\/v2\/media\/27471"}],"wp:attachment":[{"href":"https:\/\/www.ferberpainting.com\/hu\/wp-json\/wp\/v2\/media?parent=25672"}],"wp:term":[{"taxonomy":"product_brand","embeddable":true,"href":"https:\/\/www.ferberpainting.com\/hu\/wp-json\/wp\/v2\/product_brand?post=25672"},{"taxonomy":"product_cat","embeddable":true,"href":"https:\/\/www.ferberpainting.com\/hu\/wp-json\/wp\/v2\/product_cat?post=25672"},{"taxonomy":"product_tag","embeddable":true,"href":"https:\/\/www.ferberpainting.com\/hu\/wp-json\/wp\/v2\/product_tag?post=25672"}],"curies":[{"name":"wp","href":"https:\/\/api.w.org\/{rel}","templated":true}]}}