{"id":25669,"date":"2025-05-26T10:33:25","date_gmt":"2025-05-26T08:33:25","guid":{"rendered":"https:\/\/www.ferberpainting.com\/products\/wood-oil-remover\/"},"modified":"2026-02-18T09:57:04","modified_gmt":"2026-02-18T08:57:04","slug":"wood-oil-remover","status":"publish","type":"product","link":"https:\/\/www.ferberpainting.com\/hu\/products\/wood-oil-remover\/","title":{"rendered":"Zs\u00edrtalan\u00edt\u00f3 f\u00e1hoz"},"content":{"rendered":"<p><strong><img decoding=\"async\" style=\"margin-right: 12px;\" src=\"https:\/\/www.ferberpainting.com\/wp-content\/uploads\/2026\/02\/Check.svg\" alt=\"\" width=\"18\" height=\"15\" \/>Hat\u00e9konyan t\u00e1vol\u00edtja el az olajfoltokat \u00e9s marad\u00e9kokat a fafel\u00fcletekr\u0151l.<\/strong> A faolaj-elt\u00e1vol\u00edt\u00f3nk speci\u00e1lisan arra lett kifejlesztve, hogy m\u00e9lyen behatoljon a faanyag rostjaiba, \u00e9s elt\u00e1vol\u00edtsa a be\u00e1gyaz\u00f3dott olajfoltokat, zs\u00edrfoltokat \u00e9s szennyez\u0151d\u00e9seket, amelyeket b\u00fatorolajok, f\u0151z\u00e9si fr\u00f6ccsen\u00e9sek, aut\u00f3ipari folyad\u00e9kok vagy karbantart\u00e1si term\u00e9kek okoznak. A fel\u00fcletes tiszt\u00edt\u00f3szerekkel ellent\u00e9tben, amelyek csak a fel\u00fcletet kezelik, ez a fejlett formula a fa por\u00f3zus szerkezet\u00e9ben m\u0171k\u00f6dik, hogy feloldja \u00e9s feloldja az olajlerak\u00f3d\u00e1sokat, helyre\u00e1ll\u00edtva az anyag term\u00e9szetes megjelen\u00e9s\u00e9t an\u00e9lk\u00fcl, hogy k\u00e1ros\u00edtan\u00e1 annak integrit\u00e1s\u00e1t.<\/p>\n<p><strong><img decoding=\"async\" style=\"margin-right: 12px;\" src=\"https:\/\/www.ferberpainting.com\/wp-content\/uploads\/2026\/02\/Check.svg\" alt=\"\" width=\"18\" height=\"15\" \/>A teljes nyugalom \u00e9rdek\u00e9ben p\u00e9nzvisszafizet\u00e9si garanci\u00e1t k\u00edn\u00e1lunk.<\/strong> Teljes m\u00e9rt\u00e9kben ki\u00e1llunk a faolaj-elt\u00e1vol\u00edt\u00f3 teljes\u00edtm\u00e9nye m\u00f6g\u00f6tt. Ha nem teljesen el\u00e9gedett az eredm\u00e9nnyel, visszat\u00e9r\u00edtj\u00fck a v\u00e9tel\u00e1rat. Ez a p\u00e9nzvisszafizet\u00e9si garancia lehet\u0151v\u00e9 teszi, hogy \u00d6n nyugodtan haszn\u00e1lhassa a term\u00e9ket, tudva, hogy befektet\u00e9se biztons\u00e1gban van, \u00e9s az \u00d6n el\u00e9gedetts\u00e9ge a legfontosabb sz\u00e1munkra.<\/p>\n<p><strong><img decoding=\"async\" style=\"margin-right: 12px;\" src=\"https:\/\/www.ferberpainting.com\/wp-content\/uploads\/2026\/02\/Check.svg\" alt=\"\" width=\"18\" height=\"15\" \/>A leghat\u00e9konyabb faolajfolt-elt\u00e1vol\u00edt\u00f3 megold\u00e1s a piacon.<\/strong> A magas penetr\u00e1ci\u00f3s k\u00e9pess\u00e9g\u0171 hat\u00f3anyagokkal kifejlesztett formul\u00e1nkat \u00fagy tervezt\u00fck, hogy m\u00e9g a makacs, m\u00e9lyen a f\u00e1ba iv\u00f3dott olajalap\u00fa foltokat is lebontja. Hat\u00e9konyan hat mind a friss, mind a r\u00e9gebbi foltokra, \u00e9s jelent\u0151sen fel\u00fclm\u00falja a hagyom\u00e1nyos h\u00e1ztart\u00e1si zs\u00edrtalan\u00edt\u00f3k teljes\u00edtm\u00e9ny\u00e9t. Er\u0151teljes hat\u00e1sa l\u00e1that\u00f3 \u00e9s hosszan tart\u00f3 eredm\u00e9nyt biztos\u00edt, \u00edgy a leghat\u00e9konyabb megold\u00e1s az olajjal szennyezett fa fel\u00fcletekhez.<\/p>\n<p><strong><img decoding=\"async\" style=\"margin-right: 12px;\" src=\"https:\/\/www.ferberpainting.com\/wp-content\/uploads\/2026\/02\/Check.svg\" alt=\"\" width=\"18\" height=\"15\" \/>A legolcs\u00f3bb professzion\u00e1lis min\u0151s\u00e9g\u0171 olajelt\u00e1vol\u00edt\u00f3.<\/strong> A nagyteljes\u00edtm\u00e9ny\u0171 tiszt\u00edt\u00e1snak nem kell dr\u00e1g\u00e1nak lennie. A legversenyk\u00e9pesebb \u00e1rakat k\u00edn\u00e1ljuk, mik\u00f6zben a professzion\u00e1lis szint\u0171 min\u0151s\u00e9get is fenntartjuk. A gy\u00e1rt\u00e1si \u00e9s forgalmaz\u00e1si folyamatok optimaliz\u00e1l\u00e1s\u00e1val a hasonl\u00f3 term\u00e9kekhez k\u00e9pest a legalacsonyabb \u00e1ron k\u00edn\u00e1lunk pr\u00e9mium min\u0151s\u00e9g\u0171 faolaj-elt\u00e1vol\u00edt\u00f3t, kiv\u00e1l\u00f3 \u00e9rt\u00e9ket biztos\u00edtva a h\u00e1ztulajdonosok \u00e9s a szakemberek sz\u00e1m\u00e1ra egyar\u00e1nt.<\/p>\n<p><strong><img decoding=\"async\" style=\"margin-right: 12px;\" src=\"https:\/\/www.ferberpainting.com\/wp-content\/uploads\/2026\/02\/Check.svg\" alt=\"\" width=\"18\" height=\"15\" \/>Garant\u00e1ltan 24 \u00f3r\u00e1s sz\u00e1ll\u00edt\u00e1s az azonnali cselekv\u00e9s \u00e9rdek\u00e9ben.<\/strong> Az olajfoltokat a lehet\u0151 leggyorsabban kell kezelni, hogy megakad\u00e1lyozz\u00e1k a m\u00e9lyebb behatol\u00e1st. Ez\u00e9rt k\u00edn\u00e1lunk megb\u00edzhat\u00f3, 24 \u00f3r\u00e1s kisz\u00e1ll\u00edt\u00e1st, amely biztos\u00edtja, hogy a faolajfolt-elt\u00e1vol\u00edt\u00f3 gyorsan meg\u00e9rkezzen \u00e9s azonnal alkalmazhat\u00f3 legyen. A gyors sz\u00e1ll\u00edt\u00e1s seg\u00edt \u00d6nnek abban, hogy felesleges k\u00e9sedelem n\u00e9lk\u00fcl helyre\u00e1ll\u00edtsa fa fel\u00fcleteit.<\/p>\n<p><strong><img decoding=\"async\" style=\"margin-right: 12px;\" src=\"https:\/\/www.ferberpainting.com\/wp-content\/uploads\/2026\/02\/Check.svg\" alt=\"\" width=\"18\" height=\"15\" \/>Literenk\u00e9nt ak\u00e1r 10 m\u00b2 hat\u00e9kony lefedetts\u00e9g a pontos tervez\u00e9shez.<\/strong> Egy liter term\u00e9k a szennyez\u0151d\u00e9s m\u00e9rt\u00e9k\u00e9t\u0151l \u00e9s a fa porozit\u00e1s\u00e1t\u00f3l f\u00fcgg\u0151en ak\u00e1r 10 n\u00e9gyzetm\u00e9tert is kezelhet. Ez az egy\u00e9rtelm\u0171 fedetts\u00e9gi ar\u00e1ny lehet\u0151v\u00e9 teszi a pontos anyagbecsl\u00e9st \u00e9s a k\u00f6lts\u00e9gellen\u0151rz\u00e9st, mik\u00f6zben biztos\u00edtja az optim\u00e1lis foltelt\u00e1vol\u00edt\u00e1shoz sz\u00fcks\u00e9ges elegend\u0151 felhord\u00e1st.<\/p>\n<p><strong><img decoding=\"async\" style=\"margin-right: 12px;\" src=\"https:\/\/www.ferberpainting.com\/wp-content\/uploads\/2026\/02\/Check.svg\" alt=\"\" width=\"18\" height=\"15\" \/>Vissza\u00e1ll\u00edtja a fa term\u00e9szetes megjelen\u00e9s\u00e9t durva kop\u00e1s n\u00e9lk\u00fcl.<\/strong> Az agressz\u00edv csiszol\u00e1s vagy kapar\u00e1s helyett az olajelt\u00e1vol\u00edt\u00f3 k\u00e9miai \u00faton t\u00e1vol\u00edtja el a zs\u00edrt \u00e9s az olajat a sz\u00e1lakb\u00f3l. Ez cs\u00f6kkenti az er\u0151s mechanikai beavatkoz\u00e1s sz\u00fcks\u00e9gess\u00e9g\u00e9t, \u00e9s seg\u00edt meg\u0151rizni a fa eredeti text\u00far\u00e1j\u00e1t \u00e9s szerkezet\u00e9t.<\/p>\n<p><strong><img decoding=\"async\" style=\"margin-right: 12px;\" src=\"https:\/\/www.ferberpainting.com\/wp-content\/uploads\/2026\/02\/Check.svg\" alt=\"\" width=\"18\" height=\"15\" \/>Fel\u00fcletek el\u0151k\u00e9sz\u00edt\u00e9se \u00fajraf\u00e9nyez\u00e9shez vagy kezel\u00e9shez.<\/strong> Az olaj elt\u00e1vol\u00edt\u00e1sa ut\u00e1n a fa fel\u00fclete tiszt\u00e1v\u00e1 v\u00e1lik, \u00e9s befogad\u00f3v\u00e1 v\u00e1lik a tov\u00e1bbi kezel\u00e9sekre, p\u00e9ld\u00e1ul fest\u00e9sre, lakkoz\u00e1sra, t\u00f6m\u00edt\u00e9sre vagy fest\u00e9sre. A megfelel\u0151 el\u0151k\u00e9sz\u00edt\u00e9s jobb tapad\u00e1st \u00e9s tart\u00f3sabb befejez\u0151 eredm\u00e9nyeket biztos\u00edt.<\/p>\n<p><strong><img decoding=\"async\" style=\"margin-right: 12px;\" src=\"https:\/\/www.ferberpainting.com\/wp-content\/uploads\/2026\/02\/Check.svg\" alt=\"\" width=\"18\" height=\"15\" \/>Alkalmas k\u00fcl\u00f6nb\u00f6z\u0151 fafajt\u00e1khoz \u00e9s alkalmaz\u00e1sokhoz.<\/strong> A term\u00e9k kem\u00e9nyfa, puhafa, teraszok, padl\u00f3burkolatok, b\u00fatorok, ajt\u00f3k \u00e9s fapanelek eset\u00e9n haszn\u00e1lhat\u00f3. Az utas\u00edt\u00e1soknak megfelel\u0151en alkalmazva alkalmazkodik a bels\u0151 \u00e9s k\u00fcls\u0151 fafel\u00fcletekhez.<\/p>\n<p><strong><img decoding=\"async\" style=\"margin-right: 12px;\" src=\"https:\/\/www.ferberpainting.com\/wp-content\/uploads\/2026\/02\/Check.svg\" alt=\"\" width=\"18\" height=\"15\" \/>K\u00f6nny\u0171 alkalmaz\u00e1s profik \u00e9s bark\u00e1cs felhaszn\u00e1l\u00f3k sz\u00e1m\u00e1ra.<\/strong> A faolaj-elt\u00e1vol\u00edt\u00f3t a k\u00e9nyelem \u00e9rdek\u00e9ben ecsettel vagy ronggyal lehet alkalmazni. Kezelhet\u0151 \u00e1llaga lehet\u0151v\u00e9 teszi a foltos ter\u00fcletek c\u00e9lzott kezel\u00e9s\u00e9t, mik\u00f6zben egyenletes behatol\u00e1st \u00e9s hat\u00e9kony tiszt\u00edt\u00e1st biztos\u00edt.<\/p>\n<h2><strong>Utas\u00edt\u00e1sok<\/strong><\/h2>\n<ul>\n<li>Alkalmaz\u00e1s el\u0151tt gy\u0151z\u0151dj\u00f6n meg r\u00f3la, hogy a fa fel\u00fclete sz\u00e1raz, \u00e9s mentes a laza port\u00f3l \u00e9s t\u00f6rmel\u00e9kt\u0151l.<\/li>\n<li>Haszn\u00e1lat el\u0151tt alaposan r\u00e1zza fel vagy keverje fel a term\u00e9ket.<\/li>\n<li>A faolaj-elt\u00e1vol\u00edt\u00f3t ecsettel vagy ronggyal nagyvonal\u00faan vigye fel a foltos ter\u00fcletre.<\/li>\n<li>Az aj\u00e1nlott adagol\u00e1s k\u00f6r\u00fclbel\u00fcl 100 ml n\u00e9gyzetm\u00e9terenk\u00e9nt, mivel egy liter ak\u00e1r 10 m\u00b2-t is kezelhet. Er\u0151sen tel\u00edtett ter\u00fcletek eset\u00e9n kiss\u00e9 n\u00f6velje.<\/li>\n<li>Hagyja, hogy a term\u00e9k behatoljon a faanyag rostjaiba 15-30 percig, a folt m\u00e9lys\u00e9g\u00e9t\u0151l f\u00fcgg\u0151en.<\/li>\n<li>A makacs foltok eset\u00e9n a fel\u00fcletet puha vagy k\u00f6zepesen kem\u00e9ny kef\u00e9vel \u00f3vatosan s\u00farolja \u00e1t, a fa szemcse ir\u00e1ny\u00e1t k\u00f6vetve.<\/li>\n<li>T\u00f6r\u00f6lje le a felesleges term\u00e9ket \u00e9s a felold\u00f3dott maradv\u00e1nyokat tiszta, nedvsz\u00edv\u00f3 ruh\u00e1val.<\/li>\n<li>Sz\u00fcks\u00e9g eset\u00e9n \u00f6bl\u00edtse le enyh\u00e9n tiszta v\u00edzzel, \u00e9s hagyja a fel\u00fcletet teljesen megsz\u00e1radni.<\/li>\n<li>M\u00e9ly vagy r\u00e9gi olajfoltok eset\u00e9n ism\u00e9telje meg az elj\u00e1r\u00e1st, am\u00edg el nem \u00e9ri a k\u00edv\u00e1nt eredm\u00e9nyt.<\/li>\n<li>Ha teljesen megsz\u00e1radt, sz\u00fcks\u00e9g eset\u00e9n enyh\u00e9n csiszolja le a sima fel\u00fclet helyre\u00e1ll\u00edt\u00e1s\u00e1hoz, miel\u0151tt b\u00e1rmilyen befejez\u0151 term\u00e9ket alkalmazna.<\/li>\n<li>Haszn\u00e1lat ut\u00e1n azonnal tiszt\u00edtsa meg a szersz\u00e1mokat a term\u00e9kre vonatkoz\u00f3 aj\u00e1nl\u00e1soknak megfelel\u0151en.<\/li>\n<li>A tart\u00e1lyt szorosan lez\u00e1rva, h\u0171v\u00f6s, sz\u00e1raz, fagyt\u00f3l \u00e9s k\u00f6zvetlen napf\u00e9nyt\u0151l v\u00e9dett helyen t\u00e1rolja.<\/li>\n<li>Gyermekek el\u0151l elz\u00e1rva tartand\u00f3, \u00e9s a kezel\u00e9s \u00e9s alkalmaz\u00e1s sor\u00e1n tartsa be a szok\u00e1sos biztons\u00e1gi \u00f3vint\u00e9zked\u00e9seket.<\/li>\n<\/ul>","protected":false},"excerpt":{"rendered":"<p>Effectively remove oil stains and residues from wood surfaces. Our wood oil remover is specially formulated to penetrate deep into wooden fibers and extract embedded oil stains, grease marks, and contamination caused by furniture oils, cooking splashes, automotive fluids, or maintenance products. Unlike superficial cleaners that only treat the surface, this advanced formula works within [&hellip;]<\/p>\n","protected":false},"featured_media":27468,"comment_status":"open","ping_status":"closed","template":"","meta":{"_uag_custom_page_level_css":"","site-sidebar-layout":"default","site-content-layout":"","ast-site-content-layout":"default","site-content-style":"default","site-sidebar-style":"default","ast-global-header-display":"","ast-banner-title-visibility":"","ast-main-header-display":"","ast-hfb-above-header-display":"","ast-hfb-below-header-display":"","ast-hfb-mobile-header-display":"","site-post-title":"","ast-breadcrumbs-content":"","ast-featured-img":"","footer-sml-layout":"","ast-disable-related-posts":"","theme-transparent-header-meta":"default","adv-header-id-meta":"","stick-header-meta":"","header-above-stick-meta":"","header-main-stick-meta":"","header-below-stick-meta":"","astra-migrate-meta-layouts":"set","ast-page-background-enabled":"default","ast-page-background-meta":{"desktop":{"background-color":"var(--ast-global-color-4)","background-image":"","background-repeat":"repeat","background-position":"center center","background-size":"auto","background-attachment":"scroll","background-type":"","background-media":"","overlay-type":"","overlay-color":"","overlay-opacity":"","overlay-gradient":""},"tablet":{"background-color":"","background-image":"","background-repeat":"repeat","background-position":"center center","background-size":"auto","background-attachment":"scroll","background-type":"","background-media":"","overlay-type":"","overlay-color":"","overlay-opacity":"","overlay-gradient":""},"mobile":{"background-color":"","background-image":"","background-repeat":"repeat","background-position":"center center","background-size":"auto","background-attachment":"scroll","background-type":"","background-media":"","overlay-type":"","overlay-color":"","overlay-opacity":"","overlay-gradient":""}},"ast-content-background-meta":{"desktop":{"background-color":"var(--ast-global-color-5)","background-image":"","background-repeat":"repeat","background-position":"center center","background-size":"auto","background-attachment":"scroll","background-type":"","background-media":"","overlay-type":"","overlay-color":"","overlay-opacity":"","overlay-gradient":""},"tablet":{"background-color":"var(--ast-global-color-5)","background-image":"","background-repeat":"repeat","background-position":"center center","background-size":"auto","background-attachment":"scroll","background-type":"","background-media":"","overlay-type":"","overlay-color":"","overlay-opacity":"","overlay-gradient":""},"mobile":{"background-color":"var(--ast-global-color-5)","background-image":"","background-repeat":"repeat","background-position":"center center","background-size":"auto","background-attachment":"scroll","background-type":"","background-media":"","overlay-type":"","overlay-color":"","overlay-opacity":"","overlay-gradient":""}}},"product_brand":[],"product_cat":[175,193],"product_tag":[],"class_list":{"0":"post-25669","1":"product","2":"type-product","3":"status-publish","4":"has-post-thumbnail","6":"product_cat-cleaning-products","7":"product_cat-wood-treatment","8":"desktop-align-left","9":"tablet-align-left","10":"mobile-align-left","12":"first","13":"instock","14":"sale","15":"shipping-taxable","16":"purchasable","17":"product-type-variable","18":"has-default-attributes"},"spectra_custom_meta":{"_visibility":["visible"],"_shopify_product_id":["8050147983605"],"_s2w_shopify_domain":["ferberpainting.myshopify.com"],"_shopify_variant_id":["43843146580213"],"_sku":[""],"_manage_stock":["no"],"total_sales":["10"],"_tax_status":["taxable"],"_tax_class":[""],"_backorders":["no"],"_sold_individually":["no"],"_virtual":["no"],"_downloadable":["no"],"_download_limit":["-1"],"_download_expiry":["-1"],"_stock":[null],"_stock_status":["instock"],"_wc_average_rating":["4.98"],"_wc_review_count":["66"],"_product_attributes":["a:1:{s:6:\"volume\";a:6:{s:4:\"name\";s:6:\"Volume\";s:5:\"value\";s:20:\"5 liters | 25 liters\";s:8:\"position\";i:1;s:10:\"is_visible\";i:0;s:12:\"is_variation\";i:1;s:11:\"is_taxonomy\";i:0;}}"],"_product_version":["10.5.2"],"_thumbnail_id":["27468"],"_price":["29.90","129.90"],"_product_image_gallery":["27469"],"_edit_lock":["1771404887:1"],"merchant-center-availability":["yes"],"merchant-center-category":["2277"],"merchant-center-id":["DSHB5L"],"wpse_downloadable_file_names":[""],"wpse_downloadable_file_urls":[""],"_edit_last":["1"],"_default_attributes":["a:1:{s:6:\"volume\";s:8:\"5 liters\";}"],"_wc_rating_count":["a:2:{i:4;i:1;i:5;i:65;}"],"_wp_page_template":["default"],"site-sidebar-layout":["default"],"ast-site-content-layout":["default"],"site-content-style":["default"],"site-sidebar-style":["default"],"theme-transparent-header-meta":["default"],"astra-migrate-meta-layouts":["set"],"_uag_css_file_name":["uag-css-25669.css"],"_elementor_page_assets":["a:0:{}"]},"uagb_featured_image_src":{"full":["https:\/\/www.ferberpainting.com\/wp-content\/uploads\/2025\/05\/Deshuileurbois5L.jpg",2560,2560,false],"thumbnail":["https:\/\/www.ferberpainting.com\/wp-content\/uploads\/2025\/05\/Deshuileurbois5L-150x150.jpg",150,150,true],"medium":["https:\/\/www.ferberpainting.com\/wp-content\/uploads\/2025\/05\/Deshuileurbois5L-300x300.jpg",300,300,true],"medium_large":["https:\/\/www.ferberpainting.com\/wp-content\/uploads\/2025\/05\/Deshuileurbois5L-768x768.jpg",768,768,true],"large":["https:\/\/www.ferberpainting.com\/wp-content\/uploads\/2025\/05\/Deshuileurbois5L-1024x1024.jpg",1024,1024,true],"1536x1536":["https:\/\/www.ferberpainting.com\/wp-content\/uploads\/2025\/05\/Deshuileurbois5L-1536x1536.jpg",1536,1536,true],"2048x2048":["https:\/\/www.ferberpainting.com\/wp-content\/uploads\/2025\/05\/Deshuileurbois5L-2048x2048.jpg",2048,2048,true],"trp-custom-language-flag":["https:\/\/www.ferberpainting.com\/wp-content\/uploads\/2025\/05\/Deshuileurbois5L-12x12.jpg",12,12,true],"woocommerce_thumbnail":["https:\/\/www.ferberpainting.com\/wp-content\/uploads\/2025\/05\/Deshuileurbois5L-300x300.jpg",300,300,true],"woocommerce_single":["https:\/\/www.ferberpainting.com\/wp-content\/uploads\/2025\/05\/Deshuileurbois5L-600x600.jpg",600,600,true],"woocommerce_gallery_thumbnail":["https:\/\/www.ferberpainting.com\/wp-content\/uploads\/2025\/05\/Deshuileurbois5L-100x100.jpg",100,100,true]},"uagb_author_info":{"display_name":"admin","author_link":"https:\/\/www.ferberpainting.com\/hu\/author\/"},"uagb_comment_info":66,"uagb_excerpt":"Effectively remove oil stains and residues from wood surfaces. Our wood oil remover is specially formulated to penetrate deep into wooden fibers and extract embedded oil stains, grease marks, and contamination caused by furniture oils, cooking splashes, automotive fluids, or maintenance products. Unlike superficial cleaners that only treat the surface, this advanced formula works within&hellip;","_links":{"self":[{"href":"https:\/\/www.ferberpainting.com\/hu\/wp-json\/wp\/v2\/product\/25669","targetHints":{"allow":["GET"]}}],"collection":[{"href":"https:\/\/www.ferberpainting.com\/hu\/wp-json\/wp\/v2\/product"}],"about":[{"href":"https:\/\/www.ferberpainting.com\/hu\/wp-json\/wp\/v2\/types\/product"}],"replies":[{"embeddable":true,"href":"https:\/\/www.ferberpainting.com\/hu\/wp-json\/wp\/v2\/comments?post=25669"}],"version-history":[{"count":3,"href":"https:\/\/www.ferberpainting.com\/hu\/wp-json\/wp\/v2\/product\/25669\/revisions"}],"predecessor-version":[{"id":169160,"href":"https:\/\/www.ferberpainting.com\/hu\/wp-json\/wp\/v2\/product\/25669\/revisions\/169160"}],"wp:featuredmedia":[{"embeddable":true,"href":"https:\/\/www.ferberpainting.com\/hu\/wp-json\/wp\/v2\/media\/27468"}],"wp:attachment":[{"href":"https:\/\/www.ferberpainting.com\/hu\/wp-json\/wp\/v2\/media?parent=25669"}],"wp:term":[{"taxonomy":"product_brand","embeddable":true,"href":"https:\/\/www.ferberpainting.com\/hu\/wp-json\/wp\/v2\/product_brand?post=25669"},{"taxonomy":"product_cat","embeddable":true,"href":"https:\/\/www.ferberpainting.com\/hu\/wp-json\/wp\/v2\/product_cat?post=25669"},{"taxonomy":"product_tag","embeddable":true,"href":"https:\/\/www.ferberpainting.com\/hu\/wp-json\/wp\/v2\/product_tag?post=25669"}],"curies":[{"name":"wp","href":"https:\/\/api.w.org\/{rel}","templated":true}]}}