{"id":25665,"date":"2025-05-26T10:33:17","date_gmt":"2025-05-26T08:33:17","guid":{"rendered":"https:\/\/www.ferberpainting.com\/products\/wood-hardener\/"},"modified":"2026-02-18T09:53:59","modified_gmt":"2026-02-18T08:53:59","slug":"wood-hardener","status":"publish","type":"product","link":"https:\/\/www.ferberpainting.com\/hu\/products\/wood-hardener\/","title":{"rendered":"Faer\u0151s\u00edt\u0151"},"content":{"rendered":"<p><strong><img decoding=\"async\" style=\"margin-right: 12px;\" src=\"https:\/\/www.ferberpainting.com\/wp-content\/uploads\/2026\/02\/Check.svg\" alt=\"\" width=\"18\" height=\"15\" \/>A s\u00e9r\u00fclt vagy meggyeng\u00fclt fa meger\u0151s\u00edt\u00e9se \u00e9s meger\u0151s\u00edt\u00e9se bel\u00fclr\u0151l.<\/strong> A fakem\u00e9ny\u00edt\u0151nket kifejezetten \u00fagy fejlesztett\u00fck ki, hogy m\u00e9lyen behatoljon a puha, korhadt vagy id\u0151j\u00e1r\u00e1s \u00e1ltal elhaszn\u00e1l\u00f3dott faanyag rostjaiba, \u00e9s helyre\u00e1ll\u00edtsa a szerkezeti szil\u00e1rds\u00e1got. A teljes faelemek cser\u00e9je helyett ez a fejlett szil\u00e1rd\u00edt\u00f3 megold\u00e1s a bels\u0151 szerkezet kem\u00e9ny\u00edt\u00e9s\u00e9vel stabiliz\u00e1lja a leromlott \u00e1llapot\u00fa ter\u00fcleteket. \u00d6sszek\u00f6ti a laza sz\u00e1lakat, \u00e9s a t\u00f6r\u00e9keny f\u00e1t szil\u00e1rd, tart\u00f3s alapanyagg\u00e1 alak\u00edtja, amely csiszolhat\u00f3, kit\u00f6lthet\u0151, festhet\u0151 vagy tov\u00e1bb kezelhet\u0151. Ide\u00e1lis megold\u00e1s ablakkeretek, ajt\u00f3k, gerend\u00e1k, b\u00fatorok \u00e9s egy\u00e9b, az \u00f6reged\u00e9s vagy a nedvess\u00e9g \u00e1ltal k\u00e1ros\u00edtott faelemek helyre\u00e1ll\u00edt\u00e1s\u00e1ra.<\/p>\n<p><strong><img decoding=\"async\" style=\"margin-right: 12px;\" src=\"https:\/\/www.ferberpainting.com\/wp-content\/uploads\/2026\/02\/Check.svg\" alt=\"\" width=\"18\" height=\"15\" \/>A teljes nyugalom \u00e9rdek\u00e9ben p\u00e9nzvisszafizet\u00e9si garanci\u00e1t k\u00edn\u00e1lunk.<\/strong> B\u00edzunk a fakem\u00e9ny\u00edt\u0151nk hat\u00e9konys\u00e1g\u00e1ban \u00e9s teljes\u00edtm\u00e9ny\u00e9ben. Ha nem teljesen el\u00e9gedett az eredm\u00e9nnyel, visszat\u00e9r\u00edtj\u00fck a v\u00e9tel\u00e1rat. Ez a p\u00e9nzvisszafizet\u00e9si garancia biztos\u00edtja, hogy kock\u00e1zat n\u00e9lk\u00fcl helyre\u00e1ll\u00edthatja fa fel\u00fcleteit, tudva, hogy befektet\u00e9se teljes m\u00e9rt\u00e9kben v\u00e9dve van, \u00e9s az \u00d6n el\u00e9gedetts\u00e9ge az els\u0151dleges szempontunk.<\/p>\n<p><strong><img decoding=\"async\" style=\"margin-right: 12px;\" src=\"https:\/\/www.ferberpainting.com\/wp-content\/uploads\/2026\/02\/Check.svg\" alt=\"\" width=\"18\" height=\"15\" \/>A piacon kaphat\u00f3 leghat\u00e9konyabb faanyagmegk\u00f6t\u0151 megold\u00e1s.<\/strong> Nagy teljes\u00edtm\u00e9ny\u0171 formul\u00e1nk m\u00e9lyen behatol a por\u00f3zus \u00e9s meggyeng\u00fclt f\u00e1ba, bel\u00fclr\u0151l er\u0151s\u00edtve a szerkezetet, ahelyett, hogy egyszer\u0171en csak bevonja a fel\u00fcletet. Helyre\u00e1ll\u00edtja a teherb\u00edr\u00f3 k\u00e9pess\u00e9get, \u00e9s megakad\u00e1lyozza a tov\u00e1bbi omladoz\u00e1st vagy roml\u00e1st. A hagyom\u00e1nyos jav\u00edt\u00e1si m\u00f3dszerekkel \u00f6sszehasonl\u00edtva a fakem\u00e9ny\u00edt\u0151nk kiv\u00e1l\u00f3 behatol\u00e1st \u00e9s hosszan tart\u00f3 szerkezeti meger\u0151s\u00edt\u00e9st biztos\u00edt, \u00edgy a leghat\u00e9konyabb megold\u00e1s a fa helyre\u00e1ll\u00edt\u00e1s\u00e1ra.<\/p>\n<p><strong><img decoding=\"async\" style=\"margin-right: 12px;\" src=\"https:\/\/www.ferberpainting.com\/wp-content\/uploads\/2026\/02\/Check.svg\" alt=\"\" width=\"18\" height=\"15\" \/>A legolcs\u00f3bb professzion\u00e1lis min\u0151s\u00e9g\u0171 fakem\u00e9ny\u00edt\u0151.<\/strong> A faanyagszerkezetek jav\u00edt\u00e1s\u00e1nak megfizethet\u0151nek kell maradnia. A legversenyk\u00e9pesebb \u00e1rat k\u00edn\u00e1ljuk, mik\u00f6zben fenntartjuk a pr\u00e9mium teljes\u00edtm\u00e9nyszintet. A gy\u00e1rt\u00e1s \u00e9s a logisztika optimaliz\u00e1l\u00e1s\u00e1val a hasonl\u00f3 term\u00e9kekhez k\u00e9pest a legalacsonyabb \u00e1ron k\u00edn\u00e1lunk professzion\u00e1lis szil\u00e1rds\u00e1g\u00fa faanyagmeger\u0151s\u00edt\u0151t, kiv\u00e9teles \u00e9rt\u00e9ket biztos\u00edtva a h\u00e1ztulajdonosok, a restaur\u00e1torok \u00e9s a kivitelez\u0151k sz\u00e1m\u00e1ra.<\/p>\n<p><strong><img decoding=\"async\" style=\"margin-right: 12px;\" src=\"https:\/\/www.ferberpainting.com\/wp-content\/uploads\/2026\/02\/Check.svg\" alt=\"\" width=\"18\" height=\"15\" \/>Garant\u00e1ltan 24 \u00f3r\u00e1s sz\u00e1ll\u00edt\u00e1s az azonnali helyre\u00e1ll\u00edt\u00e1si munk\u00e1khoz.<\/strong> Ha a fa kezd romlani, a gyors cselekv\u00e9s elengedhetetlen a tov\u00e1bbi k\u00e1rok megel\u0151z\u00e9se \u00e9rdek\u00e9ben. Ez\u00e9rt biztos\u00edtunk megb\u00edzhat\u00f3, 24 \u00f3r\u00e1s kisz\u00e1ll\u00edt\u00e1st, amely biztos\u00edtja, hogy a fakem\u00e9ny\u00edt\u0151 gyorsan meg\u00e9rkezzen, \u00e9s azonnal alkalmazhat\u00f3 legyen. A gyors sz\u00e1ll\u00edt\u00e1ssal k\u00e9sedelem n\u00e9lk\u00fcl biztos\u00edthatja \u00e9s stabiliz\u00e1lhatja a faszerkezeteket.<\/p>\n<p><strong><img decoding=\"async\" style=\"margin-right: 12px;\" src=\"https:\/\/www.ferberpainting.com\/wp-content\/uploads\/2026\/02\/Check.svg\" alt=\"\" width=\"18\" height=\"15\" \/>Literenk\u00e9nt ak\u00e1r 8 m\u00b2-es fedetts\u00e9g a hat\u00e9kony tervez\u00e9shez.<\/strong> Egy liter fakem\u00e9ny\u00edt\u0151nk ak\u00e1r 8 n\u00e9gyzetm\u00e9tert is kezelhet, a porozit\u00e1s \u00e9s a k\u00e1rosod\u00e1s m\u00e9rt\u00e9k\u00e9t\u0151l f\u00fcgg\u0151en. Ez az egy\u00e9rtelm\u0171 fedetts\u00e9gi ar\u00e1ny lehet\u0151v\u00e9 teszi az anyagsz\u00fcks\u00e9glet pontos kisz\u00e1m\u00edt\u00e1s\u00e1t, \u00e9s biztos\u00edtja a kezelt fel\u00fclet egyenletes meger\u0151s\u00edt\u00e9s\u00e9t.<\/p>\n<p><strong><img decoding=\"async\" style=\"margin-right: 12px;\" src=\"https:\/\/www.ferberpainting.com\/wp-content\/uploads\/2026\/02\/Check.svg\" alt=\"\" width=\"18\" height=\"15\" \/>El\u0151k\u00e9sz\u00edti a f\u00e1t t\u00f6m\u00e9shez, csiszol\u00e1shoz \u00e9s fest\u00e9shez.<\/strong> A megszil\u00e1rdult fa fel\u00fclete stabil \u00e9s megmunk\u00e1lhat\u00f3 lesz. Sim\u00e1ra csiszolhat\u00f3, \u00e9s ide\u00e1lis alapk\u00e9nt szolg\u00e1l a fa t\u00f6lt\u0151anyagok, fest\u00e9kek, lakkok vagy v\u00e9d\u0151bevonatok sz\u00e1m\u00e1ra. Ez biztos\u00edtja a tart\u00f3s jav\u00edt\u00e1si eredm\u00e9nyeket \u00e9s a jobb befejez\u0151 min\u0151s\u00e9get.<\/p>\n<p><strong><img decoding=\"async\" style=\"margin-right: 12px;\" src=\"https:\/\/www.ferberpainting.com\/wp-content\/uploads\/2026\/02\/Check.svg\" alt=\"\" width=\"18\" height=\"15\" \/>Megakad\u00e1lyozza a tov\u00e1bbi roml\u00e1st \u00e9s a nedvess\u00e9g behatol\u00e1s\u00e1t.<\/strong> A meggyeng\u00fclt rostok meger\u0151s\u00edt\u00e9s\u00e9vel \u00e9s a por\u00f3zus ter\u00fcletek lez\u00e1r\u00e1s\u00e1val a fakem\u00e9ny\u00edt\u0151 seg\u00edt cs\u00f6kkenteni a tov\u00e1bbi v\u00edzfelv\u00e9telt \u00e9s a korhad\u00e1st. Hozz\u00e1j\u00e1rul a kezelt faelemek \u00e9lettartam\u00e1nak meghosszabb\u00edt\u00e1s\u00e1hoz \u00e9s a k\u00f6lts\u00e9ges cser\u00e9k sz\u00fcks\u00e9gess\u00e9g\u00e9nek minimaliz\u00e1l\u00e1s\u00e1hoz.<\/p>\n<p><strong><img decoding=\"async\" style=\"margin-right: 12px;\" src=\"https:\/\/www.ferberpainting.com\/wp-content\/uploads\/2026\/02\/Check.svg\" alt=\"\" width=\"18\" height=\"15\" \/>Alkalmas bels\u0151 \u00e9s k\u00fcls\u0151 fa alkalmaz\u00e1sokhoz.<\/strong> A term\u00e9k alkalmazhat\u00f3 ablakkereteken, ajt\u00f3kon, gerend\u00e1kon, teraszelemeken, b\u00fatorokon \u00e9s belt\u00e9ri vagy k\u00fclt\u00e9ri k\u00f6r\u00fclm\u00e9nyeknek kitett szerkezeti faelemeken. Az utas\u00edt\u00e1soknak megfelel\u0151en alkalmazva hat\u00e9konyan alkalmazkodik a k\u00fcl\u00f6nb\u00f6z\u0151 fat\u00edpusokhoz.<\/p>\n<p><strong><img decoding=\"async\" style=\"margin-right: 12px;\" src=\"https:\/\/www.ferberpainting.com\/wp-content\/uploads\/2026\/02\/Check.svg\" alt=\"\" width=\"18\" height=\"15\" \/>K\u00f6nny\u0171 alkalmaz\u00e1s profik \u00e9s bark\u00e1cs felhaszn\u00e1l\u00f3k sz\u00e1m\u00e1ra.<\/strong> A gyakorlati haszn\u00e1latra tervezett fakem\u00e9ny\u00edt\u0151 ecsettel vagy megfelel\u0151 applik\u00e1torral alkalmazhat\u00f3. Foly\u00e9kony \u00e1llaga lehet\u0151v\u00e9 teszi a m\u00e9ly behatol\u00e1st a s\u00e9r\u00fclt ter\u00fcletekre, biztos\u00edtva az egyenletes eloszl\u00e1st \u00e9s a megb\u00edzhat\u00f3 megszil\u00e1rdul\u00e1st bonyolult elj\u00e1r\u00e1sok n\u00e9lk\u00fcl.<\/p>\n<h2><strong>Utas\u00edt\u00e1sok<\/strong><\/h2>\n<ul>\n<li>A felhord\u00e1s el\u0151tt t\u00e1vol\u00edtson el minden laza, korhadt vagy er\u0151sen korhadt faanyagot kapar\u00f3val, v\u00e9s\u0151vel vagy ecsettel.<\/li>\n<li>Gy\u0151z\u0151dj\u00f6n meg r\u00f3la, hogy a fa fel\u00fclete sz\u00e1raz, tiszta, \u00e9s mentes a port\u00f3l, zs\u00edrt\u00f3l \u00e9s laza r\u00e9szecsk\u00e9kt\u0151l.<\/li>\n<li>Haszn\u00e1lat el\u0151tt alaposan keverje fel a fakem\u00e9ny\u00edt\u0151t, hogy biztos\u00edtsa az egyenletes konzisztenci\u00e1t.<\/li>\n<li>A term\u00e9ket ecsettel nagyvonal\u00faan vigye fel, hogy m\u00e9lyen behatoljon a meggyeng\u00fclt f\u00e1ba.<\/li>\n<li>Az aj\u00e1nlott adagol\u00e1s kb. 125 ml n\u00e9gyzetm\u00e9terenk\u00e9nt, mivel egy liter legfeljebb 8 m\u00b2-t kezel. A s\u00falyosan k\u00e1rosodott ter\u00fcleteken nagyobb felsz\u00edv\u00f3d\u00e1sra lehet sz\u00fcks\u00e9g.<\/li>\n<li>Hagyja, hogy a term\u00e9k beiv\u00f3djon a f\u00e1ba. Ha a fa tov\u00e1bbra is gyorsan sz\u00edvja mag\u00e1ba az oldatot, vizes-nedves elj\u00e1r\u00e1ssal vigyen fel tov\u00e1bbi r\u00e9tegeket.<\/li>\n<li>Ker\u00fclje a felsz\u00edni t\u00f3cs\u00e1k kialakul\u00e1s\u00e1t. Biztos\u00edtsa az egyenletes tel\u00edtetts\u00e9get t\u00falzott felhalmoz\u00f3d\u00e1s n\u00e9lk\u00fcl.<\/li>\n<li>Hagyja a kezelt ter\u00fcletet teljesen megszil\u00e1rdulni, ami a h\u0151m\u00e9rs\u00e9klett\u0151l \u00e9s a szell\u0151z\u00e9st\u0151l f\u00fcgg\u0151en \u00e1ltal\u00e1ban 12-24 \u00f3ra.<\/li>\n<li>Kikem\u00e9nyed\u00e9s ut\u00e1n, ha sz\u00fcks\u00e9ges, csiszolja enyh\u00e9n a fel\u00fcletet, hogy el\u0151k\u00e9sz\u00edtse a kit\u00f6lt\u00e9st vagy a befejez\u00e9st.<\/li>\n<li>Sz\u00fcks\u00e9g eset\u00e9n alkalmazzon f\u00f6lt\u00f6lt\u0151anyagot a hi\u00e1nyz\u00f3 r\u00e9szek helyre\u00e1ll\u00edt\u00e1s\u00e1hoz, majd csiszolja sim\u00e1ra, ha megszil\u00e1rdult.<\/li>\n<li>A hossz\u00fa t\u00e1v\u00fa v\u00e9delem \u00e9rdek\u00e9ben fest\u00e9kkel, lakkal vagy v\u00e9d\u0151bevonattal fejezze be.<\/li>\n<li>Haszn\u00e1lat ut\u00e1n azonnal tiszt\u00edtsa meg a szersz\u00e1mokat a term\u00e9kre vonatkoz\u00f3 aj\u00e1nl\u00e1soknak megfelel\u0151en.<\/li>\n<li>A tart\u00e1lyt szorosan lez\u00e1rva, h\u0171v\u00f6s, sz\u00e1raz, fagyt\u00f3l \u00e9s k\u00f6zvetlen napf\u00e9nyt\u0151l v\u00e9dett helyen t\u00e1rolja. Gyermekek el\u0151l elz\u00e1rva tartand\u00f3, \u00e9s a kezel\u00e9s \u00e9s alkalmaz\u00e1s sor\u00e1n tartsa be a szok\u00e1sos biztons\u00e1gi \u00f3vint\u00e9zked\u00e9seket.<\/li>\n<\/ul>","protected":false},"excerpt":{"rendered":"<p>Reinforce and strengthen damaged or weakened wood from the inside. Our wood hardener is specially formulated to penetrate deeply into soft, decayed, or weathered wood fibers and restore structural strength. Instead of replacing entire wooden elements, this advanced consolidating solution stabilizes deteriorated areas by hardening the internal structure. It binds loose fibers together and transforms [&hellip;]<\/p>\n","protected":false},"featured_media":27465,"comment_status":"open","ping_status":"closed","template":"","meta":{"_uag_custom_page_level_css":"","site-sidebar-layout":"default","site-content-layout":"","ast-site-content-layout":"default","site-content-style":"default","site-sidebar-style":"default","ast-global-header-display":"","ast-banner-title-visibility":"","ast-main-header-display":"","ast-hfb-above-header-display":"","ast-hfb-below-header-display":"","ast-hfb-mobile-header-display":"","site-post-title":"","ast-breadcrumbs-content":"","ast-featured-img":"","footer-sml-layout":"","ast-disable-related-posts":"","theme-transparent-header-meta":"default","adv-header-id-meta":"","stick-header-meta":"","header-above-stick-meta":"","header-main-stick-meta":"","header-below-stick-meta":"","astra-migrate-meta-layouts":"set","ast-page-background-enabled":"default","ast-page-background-meta":{"desktop":{"background-color":"var(--ast-global-color-4)","background-image":"","background-repeat":"repeat","background-position":"center center","background-size":"auto","background-attachment":"scroll","background-type":"","background-media":"","overlay-type":"","overlay-color":"","overlay-opacity":"","overlay-gradient":""},"tablet":{"background-color":"","background-image":"","background-repeat":"repeat","background-position":"center center","background-size":"auto","background-attachment":"scroll","background-type":"","background-media":"","overlay-type":"","overlay-color":"","overlay-opacity":"","overlay-gradient":""},"mobile":{"background-color":"","background-image":"","background-repeat":"repeat","background-position":"center center","background-size":"auto","background-attachment":"scroll","background-type":"","background-media":"","overlay-type":"","overlay-color":"","overlay-opacity":"","overlay-gradient":""}},"ast-content-background-meta":{"desktop":{"background-color":"var(--ast-global-color-5)","background-image":"","background-repeat":"repeat","background-position":"center center","background-size":"auto","background-attachment":"scroll","background-type":"","background-media":"","overlay-type":"","overlay-color":"","overlay-opacity":"","overlay-gradient":""},"tablet":{"background-color":"var(--ast-global-color-5)","background-image":"","background-repeat":"repeat","background-position":"center center","background-size":"auto","background-attachment":"scroll","background-type":"","background-media":"","overlay-type":"","overlay-color":"","overlay-opacity":"","overlay-gradient":""},"mobile":{"background-color":"var(--ast-global-color-5)","background-image":"","background-repeat":"repeat","background-position":"center center","background-size":"auto","background-attachment":"scroll","background-type":"","background-media":"","overlay-type":"","overlay-color":"","overlay-opacity":"","overlay-gradient":""}}},"product_brand":[],"product_cat":[193],"product_tag":[],"class_list":{"0":"post-25665","1":"product","2":"type-product","3":"status-publish","4":"has-post-thumbnail","6":"product_cat-wood-treatment","7":"desktop-align-left","8":"tablet-align-left","9":"mobile-align-left","11":"first","12":"instock","13":"sale","14":"shipping-taxable","15":"purchasable","16":"product-type-variable","17":"has-default-attributes"},"spectra_custom_meta":{"_visibility":["visible"],"_shopify_product_id":["7952768172277"],"_s2w_shopify_domain":["ferberpainting.myshopify.com"],"_shopify_variant_id":["43508659355893"],"_sku":[""],"_manage_stock":["no"],"total_sales":["390"],"_tax_status":["taxable"],"_tax_class":[""],"_backorders":["no"],"_sold_individually":["no"],"_virtual":["no"],"_downloadable":["no"],"_download_limit":["-1"],"_download_expiry":["-1"],"_stock":[null],"_stock_status":["instock"],"_wc_average_rating":["4.95"],"_wc_review_count":["37"],"_product_attributes":["a:1:{s:6:\"volume\";a:6:{s:4:\"name\";s:6:\"Volume\";s:5:\"value\";s:30:\"1 liter | 5 liters | 25 liters\";s:8:\"position\";i:1;s:10:\"is_visible\";i:0;s:12:\"is_variation\";i:1;s:11:\"is_taxonomy\";i:0;}}"],"_product_version":["10.5.2"],"_thumbnail_id":["27465"],"_product_image_gallery":["27466"],"merchant-center-availability":["yes"],"merchant-center-category":["503744"],"merchant-center-id":["WH"],"wpse_downloadable_file_names":[""],"wpse_downloadable_file_urls":[""],"_edit_last":["1"],"_default_attributes":["a:1:{s:6:\"volume\";s:8:\"5 liters\";}"],"_wc_rating_count":["a:2:{i:4;i:2;i:5;i:35;}"],"_edit_lock":["1771404796:1"],"_wp_page_template":["default"],"site-sidebar-layout":["default"],"ast-site-content-layout":["default"],"site-content-style":["default"],"site-sidebar-style":["default"],"theme-transparent-header-meta":["default"],"_price":["29.90","129.90"],"astra-migrate-meta-layouts":["set"],"_uag_css_file_name":["uag-css-25665.css"],"_elementor_page_assets":["a:0:{}"],"_uag_page_assets":["a:9:{s:3:\"css\";s:6873:\".wp-block-uagb-image{display:flex}.wp-block-uagb-image__figure{position:relative;display:flex;flex-direction:column;max-width:100%;height:auto;margin:0}.wp-block-uagb-image__figure img{height:auto;display:flex;max-width:100%;transition:box-shadow .2s ease}.wp-block-uagb-image__figure>a{display:inline-block}.wp-block-uagb-image__figure figcaption{text-align:center;margin-top:.5em;margin-bottom:1em}.wp-block-uagb-image .components-placeholder.block-editor-media-placeholder .components-placeholder__instructions{align-self:center}.wp-block-uagb-image--align-left{text-align:left}.wp-block-uagb-image--align-right{text-align:right}.wp-block-uagb-image--align-center{text-align:center}.wp-block-uagb-image--align-full .wp-block-uagb-image__figure{margin-left:calc(50% - 50vw);margin-right:calc(50% - 50vw);max-width:100vw;width:100vw;height:auto}.wp-block-uagb-image--align-full .wp-block-uagb-image__figure img{height:auto;width:100% !important}.wp-block-uagb-image--align-wide .wp-block-uagb-image__figure img{height:auto;width:100%}.wp-block-uagb-image--layout-overlay__color-wrapper{position:absolute;left:0;top:0;right:0;bottom:0;opacity:.2;background:rgba(0,0,0,.5);transition:opacity .35s ease-in-out}.wp-block-uagb-image--layout-overlay-link{position:absolute;left:0;right:0;bottom:0;top:0}.wp-block-uagb-image--layout-overlay .wp-block-uagb-image__figure:hover .wp-block-uagb-image--layout-overlay__color-wrapper{opacity:1}.wp-block-uagb-image--layout-overlay__inner{position:absolute;left:15px;right:15px;bottom:15px;top:15px;display:flex;align-items:center;justify-content:center;flex-direction:column;border-color:#fff;transition:.35s ease-in-out}.wp-block-uagb-image--layout-overlay__inner.top-left,.wp-block-uagb-image--layout-overlay__inner.top-center,.wp-block-uagb-image--layout-overlay__inner.top-right{justify-content:flex-start}.wp-block-uagb-image--layout-overlay__inner.bottom-left,.wp-block-uagb-image--layout-overlay__inner.bottom-center,.wp-block-uagb-image--layout-overlay__inner.bottom-right{justify-content:flex-end}.wp-block-uagb-image--layout-overlay__inner.top-left,.wp-block-uagb-image--layout-overlay__inner.center-left,.wp-block-uagb-image--layout-overlay__inner.bottom-left{align-items:flex-start}.wp-block-uagb-image--layout-overlay__inner.top-right,.wp-block-uagb-image--layout-overlay__inner.center-right,.wp-block-uagb-image--layout-overlay__inner.bottom-right{align-items:flex-end}.wp-block-uagb-image--layout-overlay__inner .uagb-image-heading{color:#fff;transition:transform .35s,opacity .35s ease-in-out;transform:translate3d(0, 24px, 0);margin:0;line-height:1em}.wp-block-uagb-image--layout-overlay__inner .uagb-image-separator{width:30%;border-top-width:2px;border-top-color:#fff;border-top-style:solid;margin-bottom:10px;opacity:0;transition:transform .4s,opacity .4s ease-in-out;transform:translate3d(0, 30px, 0)}.wp-block-uagb-image--layout-overlay__inner .uagb-image-caption{opacity:0;overflow:visible;color:#fff;transition:transform .45s,opacity .45s ease-in-out;transform:translate3d(0, 35px, 0)}.wp-block-uagb-image--layout-overlay__inner:hover .uagb-image-heading,.wp-block-uagb-image--layout-overlay__inner:hover .uagb-image-separator,.wp-block-uagb-image--layout-overlay__inner:hover .uagb-image-caption{opacity:1;transform:translate3d(0, 0, 0)}.wp-block-uagb-image--effect-zoomin .wp-block-uagb-image__figure img,.wp-block-uagb-image--effect-zoomin .wp-block-uagb-image__figure .wp-block-uagb-image--layout-overlay__color-wrapper{transform:scale(1);transition:transform .35s ease-in-out}.wp-block-uagb-image--effect-zoomin .wp-block-uagb-image__figure:hover img,.wp-block-uagb-image--effect-zoomin .wp-block-uagb-image__figure:hover .wp-block-uagb-image--layout-overlay__color-wrapper{transform:scale(1.05)}.wp-block-uagb-image--effect-slide .wp-block-uagb-image__figure img,.wp-block-uagb-image--effect-slide .wp-block-uagb-image__figure .wp-block-uagb-image--layout-overlay__color-wrapper{width:calc(100% + 40px) !important;max-width:none !important;transform:translate3d(-40px, 0, 0);transition:transform .35s ease-in-out}.wp-block-uagb-image--effect-slide .wp-block-uagb-image__figure:hover img,.wp-block-uagb-image--effect-slide .wp-block-uagb-image__figure:hover .wp-block-uagb-image--layout-overlay__color-wrapper{transform:translate3d(0, 0, 0)}.wp-block-uagb-image--effect-grayscale img{filter:grayscale(0%);transition:.35s ease-in-out}.wp-block-uagb-image--effect-grayscale:hover img{filter:grayscale(100%)}.wp-block-uagb-image--effect-blur img{filter:blur(0);transition:.35s ease-in-out}.wp-block-uagb-image--effect-blur:hover img{filter:blur(3px)}.uagb-block-e6f939b3.wp-block-uagb-image--layout-default figure img{box-shadow: 0px 0px 0 #00000070;}.uagb-block-e6f939b3.wp-block-uagb-image .wp-block-uagb-image__figure figcaption{font-style: normal;align-self: center;}.uagb-block-e6f939b3.wp-block-uagb-image--layout-overlay figure img{box-shadow: 0px 0px 0 #00000070;}.uagb-block-e6f939b3.wp-block-uagb-image--layout-overlay .wp-block-uagb-image--layout-overlay__color-wrapper{opacity: 0.2;}.uagb-block-e6f939b3.wp-block-uagb-image--layout-overlay .wp-block-uagb-image--layout-overlay__inner{left: 15px;right: 15px;top: 15px;bottom: 15px;}.uagb-block-e6f939b3.wp-block-uagb-image--layout-overlay .wp-block-uagb-image--layout-overlay__inner .uagb-image-heading{font-style: normal;color: #fff;opacity: 1;}.uagb-block-e6f939b3.wp-block-uagb-image--layout-overlay .wp-block-uagb-image--layout-overlay__inner .uagb-image-heading a{color: #fff;}.uagb-block-e6f939b3.wp-block-uagb-image--layout-overlay .wp-block-uagb-image--layout-overlay__inner .uagb-image-caption{opacity: 0;}.uagb-block-e6f939b3.wp-block-uagb-image--layout-overlay .wp-block-uagb-image__figure:hover .wp-block-uagb-image--layout-overlay__color-wrapper{opacity: 1;}.uagb-block-e6f939b3.wp-block-uagb-image .wp-block-uagb-image--layout-overlay__inner .uagb-image-separator{width: 30%;border-top-width: 2px;border-top-color: #fff;opacity: 0;}.uagb-block-e6f939b3.wp-block-uagb-image .wp-block-uagb-image__figure img{width: px;height: auto;}.uagb-block-e6f939b3.wp-block-uagb-image .wp-block-uagb-image__figure:hover .wp-block-uagb-image--layout-overlay__inner .uagb-image-caption{opacity: 1;}.uagb-block-e6f939b3.wp-block-uagb-image .wp-block-uagb-image__figure:hover .wp-block-uagb-image--layout-overlay__inner .uagb-image-separator{opacity: 1;}.uagb-block-e6f939b3.wp-block-uagb-image--layout-default figure:hover img{box-shadow: 0px 0px 0 #00000070;}.uagb-block-e6f939b3.wp-block-uagb-image--layout-overlay figure:hover img{box-shadow: 0px 0px 0 #00000070;}@media only screen and (max-width: 976px) {.uagb-block-e6f939b3.wp-block-uagb-image .wp-block-uagb-image__figure img{width: px;height: auto;}}@media only screen and (max-width: 767px) {.uagb-block-e6f939b3.wp-block-uagb-image .wp-block-uagb-image__figure img{width: px;height: auto;}}\";s:2:\"js\";s:0:\"\";s:18:\"current_block_list\";a:13:{i:0;s:11:\"core\/search\";i:1;s:10:\"core\/group\";i:2;s:12:\"core\/heading\";i:3;s:17:\"core\/latest-posts\";i:4;s:20:\"core\/latest-comments\";i:5;s:13:\"core\/archives\";i:6;s:15:\"core\/categories\";i:7;s:14:\"core\/paragraph\";i:8;s:10:\"uagb\/image\";i:9;s:11:\"core\/spacer\";i:10;s:30:\"woocommerce\/product-categories\";i:11;s:10:\"core\/image\";i:12;s:14:\"core\/shortcode\";}s:8:\"uag_flag\";b:1;s:11:\"uag_version\";s:10:\"1777115771\";s:6:\"gfonts\";a:0:{}s:10:\"gfonts_url\";s:0:\"\";s:12:\"gfonts_files\";a:0:{}s:14:\"uag_faq_layout\";b:0;}"]},"uagb_featured_image_src":{"full":["https:\/\/www.ferberpainting.com\/wp-content\/uploads\/2025\/05\/Wood_Hardener_5L.jpg",2560,2560,false],"thumbnail":["https:\/\/www.ferberpainting.com\/wp-content\/uploads\/2025\/05\/Wood_Hardener_5L-150x150.jpg",150,150,true],"medium":["https:\/\/www.ferberpainting.com\/wp-content\/uploads\/2025\/05\/Wood_Hardener_5L-300x300.jpg",300,300,true],"medium_large":["https:\/\/www.ferberpainting.com\/wp-content\/uploads\/2025\/05\/Wood_Hardener_5L-768x768.jpg",768,768,true],"large":["https:\/\/www.ferberpainting.com\/wp-content\/uploads\/2025\/05\/Wood_Hardener_5L-1024x1024.jpg",1024,1024,true],"1536x1536":["https:\/\/www.ferberpainting.com\/wp-content\/uploads\/2025\/05\/Wood_Hardener_5L-1536x1536.jpg",1536,1536,true],"2048x2048":["https:\/\/www.ferberpainting.com\/wp-content\/uploads\/2025\/05\/Wood_Hardener_5L-2048x2048.jpg",2048,2048,true],"trp-custom-language-flag":["https:\/\/www.ferberpainting.com\/wp-content\/uploads\/2025\/05\/Wood_Hardener_5L-12x12.jpg",12,12,true],"woocommerce_thumbnail":["https:\/\/www.ferberpainting.com\/wp-content\/uploads\/2025\/05\/Wood_Hardener_5L-300x300.jpg",300,300,true],"woocommerce_single":["https:\/\/www.ferberpainting.com\/wp-content\/uploads\/2025\/05\/Wood_Hardener_5L-600x600.jpg",600,600,true],"woocommerce_gallery_thumbnail":["https:\/\/www.ferberpainting.com\/wp-content\/uploads\/2025\/05\/Wood_Hardener_5L-100x100.jpg",100,100,true]},"uagb_author_info":{"display_name":"admin","author_link":"https:\/\/www.ferberpainting.com\/hu\/author\/"},"uagb_comment_info":37,"uagb_excerpt":"Reinforce and strengthen damaged or weakened wood from the inside. Our wood hardener is specially formulated to penetrate deeply into soft, decayed, or weathered wood fibers and restore structural strength. Instead of replacing entire wooden elements, this advanced consolidating solution stabilizes deteriorated areas by hardening the internal structure. It binds loose fibers together and transforms&hellip;","_links":{"self":[{"href":"https:\/\/www.ferberpainting.com\/hu\/wp-json\/wp\/v2\/product\/25665","targetHints":{"allow":["GET"]}}],"collection":[{"href":"https:\/\/www.ferberpainting.com\/hu\/wp-json\/wp\/v2\/product"}],"about":[{"href":"https:\/\/www.ferberpainting.com\/hu\/wp-json\/wp\/v2\/types\/product"}],"replies":[{"embeddable":true,"href":"https:\/\/www.ferberpainting.com\/hu\/wp-json\/wp\/v2\/comments?post=25665"}],"version-history":[{"count":4,"href":"https:\/\/www.ferberpainting.com\/hu\/wp-json\/wp\/v2\/product\/25665\/revisions"}],"predecessor-version":[{"id":169156,"href":"https:\/\/www.ferberpainting.com\/hu\/wp-json\/wp\/v2\/product\/25665\/revisions\/169156"}],"wp:featuredmedia":[{"embeddable":true,"href":"https:\/\/www.ferberpainting.com\/hu\/wp-json\/wp\/v2\/media\/27465"}],"wp:attachment":[{"href":"https:\/\/www.ferberpainting.com\/hu\/wp-json\/wp\/v2\/media?parent=25665"}],"wp:term":[{"taxonomy":"product_brand","embeddable":true,"href":"https:\/\/www.ferberpainting.com\/hu\/wp-json\/wp\/v2\/product_brand?post=25665"},{"taxonomy":"product_cat","embeddable":true,"href":"https:\/\/www.ferberpainting.com\/hu\/wp-json\/wp\/v2\/product_cat?post=25665"},{"taxonomy":"product_tag","embeddable":true,"href":"https:\/\/www.ferberpainting.com\/hu\/wp-json\/wp\/v2\/product_tag?post=25665"}],"curies":[{"name":"wp","href":"https:\/\/api.w.org\/{rel}","templated":true}]}}