{"id":25655,"date":"2025-07-01T19:25:17","date_gmt":"2025-07-01T17:25:17","guid":{"rendered":"https:\/\/www.ferberpainting.com\/?post_type=product&#038;p=25655"},"modified":"2026-02-18T09:10:32","modified_gmt":"2026-02-18T08:10:32","slug":"whiteboard-cleaner","status":"publish","type":"product","link":"https:\/\/www.ferberpainting.com\/hu\/products\/whiteboard-cleaner\/","title":{"rendered":"Feh\u00e9rt\u00e1bla tiszt\u00edt\u00f3szer"},"content":{"rendered":"<p><strong><img decoding=\"async\" style=\"margin-right: 12px;\" src=\"https:\/\/www.ferberpainting.com\/wp-content\/uploads\/2026\/02\/Check.svg\" alt=\"\" width=\"18\" height=\"15\" \/>Optim\u00e1lis hat\u00e9konys\u00e1g.<\/strong>\u00a0Ezt a t\u00e1blatiszt\u00edt\u00f3t kifejezetten arra tervezt\u00e9k, hogy hat\u00e9konyan elt\u00e1vol\u00edtsa a sz\u00e1razfilctollak tintamaradv\u00e1nyait, a makacs foltokat, a kr\u00e9taport \u00e9s az \u00edr\u00f3fel\u00fcletet tomp\u00edt\u00f3 szennyez\u0151d\u00e9seket. Fejlett formul\u00e1j\u00e1nak k\u00f6sz\u00f6nhet\u0151en k\u00f6nnyed\u00e9n feloldja a be\u00e1gyaz\u00f3dott pigmenteket, \u00e9s vissza\u00e1ll\u00edtja a t\u00e1bla eredeti feh\u00e9rs\u00e9g\u00e9t. Megakad\u00e1lyozza a besz\u00e1radt tinta okozta szellemnyomok megjelen\u00e9s\u00e9t, \u00e9s biztos\u00edtja a m\u00e9lytiszt\u00edt\u00e1st, mik\u00f6zben meghosszabb\u00edtja az \u00edr\u00f3fel\u00fclet \u00e9lettartam\u00e1t.<\/p>\n<p><strong><img decoding=\"async\" style=\"margin-right: 12px;\" src=\"https:\/\/www.ferberpainting.com\/wp-content\/uploads\/2026\/02\/Check.svg\" alt=\"\" width=\"18\" height=\"15\" \/>P\u00e9nzvisszafizet\u00e9si garancia.<\/strong>\u00a0Teljes m\u00e9rt\u00e9kben b\u00edzunk tiszt\u00edt\u00f3szer\u00fcnk hat\u00e9konys\u00e1g\u00e1ban. Ha a haszn\u00e1lat ut\u00e1n nem teljesen el\u00e9gedett az eredm\u00e9nnyel, teljes visszat\u00e9r\u00edt\u00e9sre jogosult. Pr\u00f3b\u00e1lja ki term\u00e9k\u00fcnket kock\u00e1zatmentesen, \u00e9s \u00e1ll\u00edtsa vissza a t\u00e1bla hib\u00e1tlan megjelen\u00e9s\u00e9t, m\u00e9g hosszabb haszn\u00e1lat ut\u00e1n is.<\/p>\n<p><strong><img decoding=\"async\" style=\"margin-right: 12px;\" src=\"https:\/\/www.ferberpainting.com\/wp-content\/uploads\/2026\/02\/Check.svg\" alt=\"\" width=\"18\" height=\"15\" \/>Kiv\u00e9teles sokoldal\u00fas\u00e1g.<\/strong>\u00a0Ez a tiszt\u00edt\u00f3szer nem korl\u00e1toz\u00f3dik a t\u00e1bl\u00e1kra! \u00dcvegfel\u00fcleteken, t\u00e1bl\u00e1kon, interakt\u00edv k\u00e9perny\u0151k\u00f6n, akrilpaneleken \u00e9s m\u00e9g m\u0171anyag lapokon is hat\u00e9kony. Minden t\u00edpus\u00fa sz\u00e1razon t\u00f6r\u00f6lhet\u0151 t\u00e1bl\u00e1n m\u0171k\u00f6dik, bele\u00e9rtve a m\u00e1gneses \u00e9s nem m\u00e1gneses modelleket is. Ide\u00e1lis irod\u00e1kban, tantermekben, coworking terekben vagy otthon is haszn\u00e1lhat\u00f3. K\u00edm\u00e9letes formul\u00e1ja tiszteletben tartja az \u00e9rz\u00e9keny fel\u00fcleteket, mik\u00f6zben hat\u00e9konyan t\u00e1vol\u00edtja el a szennyez\u0151d\u00e9seket.<\/p>\n<p><strong><img decoding=\"async\" style=\"margin-right: 12px;\" src=\"https:\/\/www.ferberpainting.com\/wp-content\/uploads\/2026\/02\/Check.svg\" alt=\"\" width=\"18\" height=\"15\" \/>K\u00f6lts\u00e9ghat\u00e9kony teljes\u00edtm\u00e9ny.<\/strong>\u00a0Form\u00e1tum\u00e1nak \u00e9s hat\u00e9kony koncentr\u00e1ci\u00f3j\u00e1nak k\u00f6sz\u00f6nhet\u0151en ez a tiszt\u00edt\u00f3szer kiv\u00e1l\u00f3 \u00e9rt\u00e9ket k\u00edn\u00e1l. Kis mennyis\u00e9g elegend\u0151 egy nagy fel\u00fclet k\u00f6nnyed tiszt\u00edt\u00e1s\u00e1hoz. \u00c1tlagosan egy liter term\u00e9kkel ak\u00e1r 100 m\u00b2 \u00edr\u00f3fel\u00fcletet is meg lehet tiszt\u00edtani, \u00edgy gazdas\u00e1gos \u00e9s hat\u00e9kony megold\u00e1st biztos\u00edt napi vagy intenz\u00edv haszn\u00e1latra.<\/p>\n<p><strong><img decoding=\"async\" style=\"margin-right: 12px;\" src=\"https:\/\/www.ferberpainting.com\/wp-content\/uploads\/2026\/02\/Check.svg\" alt=\"\" width=\"18\" height=\"15\" \/>Biztons\u00e1gosan haszn\u00e1lhat\u00f3.<\/strong>\u00a0Az alkoholt vagy agressz\u00edv old\u00f3szereket tartalmaz\u00f3 tiszt\u00edt\u00f3szerekkel ellent\u00e9tben, amelyek k\u00e1ros\u00edthatj\u00e1k a t\u00e1bl\u00e1kat \u00e9s irrit\u00e1l\u00f3 f\u00fcst\u00f6t bocs\u00e1tanak ki, ez a term\u00e9k k\u00e1ros anyagok n\u00e9lk\u00fcl k\u00e9sz\u00fclt. Nem bocs\u00e1t ki g\u0151z\u00f6ket, \u00e9s biztons\u00e1gos belt\u00e9ri haszn\u00e1latra, m\u00e9g z\u00e1rt helyis\u00e9gekben is. Tiszteletben tartja a k\u00e9nyes anyagokat, nem sz\u00ednezi el \u00e9s nem k\u00e1ros\u00edtja a t\u00e1bla bevonat\u00e1t, \u00edgy teljes biztons\u00e1gban biztos\u00edtja az optim\u00e1lis karbantart\u00e1st.<\/p>\n<p><strong><img decoding=\"async\" style=\"margin-right: 12px;\" src=\"https:\/\/www.ferberpainting.com\/wp-content\/uploads\/2026\/02\/Check.svg\" alt=\"\" width=\"18\" height=\"15\" \/>K\u00f6nny\u0171 haszn\u00e1lat.<\/strong>\u00a0Ez a term\u00e9k haszn\u00e1latra k\u00e9sz, nem ig\u00e9nyel h\u00edg\u00edt\u00e1st vagy el\u0151zetes el\u0151k\u00e9sz\u00edt\u00e9st. K\u00f6zvetlen\u00fcl a fel\u00fcletre kell felvinni mikrosz\u00e1las kend\u0151 vagy puha szivacs seg\u00edts\u00e9g\u00e9vel. Gyors hat\u00e1sa intenz\u00edv s\u00farol\u00e1s n\u00e9lk\u00fcl t\u00e1vol\u00edtja el a foltokat. Nem hagy ragacsos maradv\u00e1nyt, \u00e9s alkalmaz\u00e1s ut\u00e1n nem ig\u00e9nyel \u00f6bl\u00edt\u00e9st, \u00edgy k\u00fcl\u00f6n\u00f6sen praktikus a mindennapi tiszt\u00edt\u00e1shoz.<\/p>\n<p><strong><img decoding=\"async\" style=\"margin-right: 12px;\" src=\"https:\/\/www.ferberpainting.com\/wp-content\/uploads\/2026\/02\/Check.svg\" alt=\"\" width=\"18\" height=\"15\" \/>Kiterjesztett tart\u00f3ss\u00e1g.<\/strong>\u00a0A tintamaradv\u00e1nyok \u00e9s szennyez\u0151d\u00e9sek rendszeres elt\u00e1vol\u00edt\u00e1s\u00e1val ez a tiszt\u00edt\u00f3szer seg\u00edt hossz\u00fa t\u00e1von meg\u0151rizni a t\u00e1bla min\u0151s\u00e9g\u00e9t \u00e9s tisztas\u00e1g\u00e1t. Megakad\u00e1lyozza a pigmentek lerak\u00f3d\u00e1s\u00e1t \u00e9s cs\u00f6kkenti az \u00edr\u00f3fel\u00fclet id\u0151 el\u0151tti elhaszn\u00e1l\u00f3d\u00e1s\u00e1nak kock\u00e1zat\u00e1t. A term\u00e9k rendszeres haszn\u00e1lata seg\u00edt meg\u0151rizni a t\u00f6k\u00e9letesen sima \u00e9s \u00e9rz\u00e9keny fel\u00fcletet, meghosszabb\u00edtva a t\u00e1bla \u00e9lettartam\u00e1t \u00e9s elker\u00fclve a gyakori cser\u00e9ket.<\/p>\n<p><strong><img decoding=\"async\" style=\"margin-right: 12px;\" src=\"https:\/\/www.ferberpainting.com\/wp-content\/uploads\/2026\/02\/Check.svg\" alt=\"\" width=\"18\" height=\"15\" \/>Gyors akci\u00f3.<\/strong>\u00a0Rendk\u00edv\u00fcl akt\u00edv formul\u00e1j\u00e1nak k\u00f6sz\u00f6nhet\u0151en ez a tiszt\u00edt\u00f3szer azonnal hat a foltokra \u00e9s a tart\u00f3s tintafoltokra. N\u00e9h\u00e1ny m\u00e1sodperc alatt feloldja a pigmenteket \u00e9s megk\u00f6nny\u00edti azok elt\u00e1vol\u00edt\u00e1s\u00e1t an\u00e9lk\u00fcl, hogy intenz\u00edv er\u0151fesz\u00edt\u00e9st ig\u00e9nyelne. Gyors \u00e9s hat\u00e9kony tiszt\u00edt\u00e1st biztos\u00edt, ide\u00e1lis rendszeres haszn\u00e1latra iskol\u00e1kban, irod\u00e1kban vagy otthoni k\u00f6rnyezetben - biztos\u00edtva a mindig tiszta \u00e9s teljesen m\u0171k\u00f6d\u0151k\u00e9pes t\u00e1bl\u00e1t.<\/p>\n<h2><strong>Haszn\u00e1lati protokoll<\/strong><\/h2>\n<ul>\n<li><strong>El\u0151k\u00e9sz\u00edt\u00e9s <\/strong>: A term\u00e9k felvitele el\u0151tt gy\u0151z\u0151dj\u00f6n meg r\u00f3la, hogy a t\u00e1bla sz\u00e1raz. A tiszt\u00edt\u00e1s megk\u00f6nny\u00edt\u00e9se \u00e9rdek\u00e9ben sz\u00e1raz ruh\u00e1val vagy puha kef\u00e9vel t\u00e1vol\u00edtsa el a port vagy a filctoll maradv\u00e1nyokat.<\/li>\n<li><strong>K\u00e9zi alkalmaz\u00e1s <\/strong>: \u00d6nts\u00f6n kis mennyis\u00e9g\u0171 tiszt\u00edt\u00f3szert egy tiszta mikrosz\u00e1las kend\u0151re vagy nem s\u00farol\u00f3 szivacsra, majd egyenletesen, k\u00f6rk\u00f6r\u00f6s mozdulatokkal vigye fel a fel\u00fcletre, hogy a term\u00e9k behatoljon \u00e9s elt\u00e1vol\u00edtsa a tintamaradv\u00e1nyokat.<\/li>\n<li><strong>Nagy fel\u00fcleti haszn\u00e1lat <\/strong>: Nagym\u00e9ret\u0171 t\u00e1bl\u00e1k vagy rad\u00edrozhat\u00f3 fel\u00fcletek tiszt\u00edt\u00e1s\u00e1hoz haszn\u00e1ljon sz\u00f3r\u00f3fejes flakont a term\u00e9k egyenletes eloszlat\u00e1s\u00e1hoz. Hagyja hatni n\u00e9h\u00e1ny m\u00e1sodpercig, hogy a tiszt\u00edt\u00f3szer feloldja a pigmenteket, miel\u0151tt sz\u00e1raz ruh\u00e1val let\u00f6rli.<\/li>\n<li><strong>Makacs foltok kezel\u00e9se <\/strong>: R\u00e9gi vagy be\u00e1gyaz\u00f3dott tintafoltok eset\u00e9n k\u00f6zvetlen\u00fcl az \u00e9rintett ter\u00fcletre vigye fel a term\u00e9ket, \u00e9s hagyja 1-2 percig hatni, majd puha ruh\u00e1val vagy szivaccsal \u00f3vatosan s\u00farolja le. A teljes tiszt\u00edt\u00e1shoz sz\u00fcks\u00e9g eset\u00e9n ism\u00e9telje meg a m\u0171veletet.<\/li>\n<li><strong>\u00d6bl\u00edt\u00e9s \u00e9s t\u00f6rl\u00e9s <\/strong>: Enyh\u00e9n nedves ruh\u00e1val t\u00f6r\u00f6lje \u00e1t a fel\u00fcletet, hogy elt\u00e1vol\u00edtsa a term\u00e9kmaradv\u00e1nyokat, \u00e9s biztos\u00edtsa a cs\u00edkok \u00e9s filmr\u00e9teg n\u00e9lk\u00fcli, hib\u00e1tlan fel\u00fcletet.<\/li>\n<li><strong>Pol\u00edroz\u00e1s \u00e9s v\u00e9delem <\/strong>: A m\u00e9g f\u00e9nyesebb eredm\u00e9ny \u00e9rdek\u00e9ben egy utols\u00f3, sz\u00e1raz mikrosz\u00e1las kend\u0151vel v\u00e9gzett utols\u00f3 t\u00f6rl\u00e9ssel f\u00e9nyes\u00edtse ki a deszk\u00e1t, \u00e9s keltse \u00e9letre f\u00e9ny\u00e9t. A rendszeres tiszt\u00edt\u00e1s megel\u0151zi a szellemfoltokat \u00e9s jav\u00edtja a j\u00f6v\u0151beni \u00edr\u00e1s tisztas\u00e1g\u00e1t.<\/li>\n<li><strong>Haszn\u00e1lat gyakoris\u00e1ga <\/strong>: Hetente egyszer alkalmazza a rendszeres karbantart\u00e1s \u00e9s a marad\u00e9kok felhalmoz\u00f3d\u00e1s\u00e1nak elker\u00fcl\u00e9se \u00e9rdek\u00e9ben. S\u0171r\u0171n haszn\u00e1lt t\u00e1bl\u00e1k eset\u00e9ben aj\u00e1nlott minden \u00edr\u00e1st k\u00f6vet\u0151en tiszt\u00edtani, hogy a fel\u00fclet tiszta \u00e9s olvashat\u00f3 legyen.<\/li>\n<li><strong>T\u00e1rol\u00e1s <\/strong>: Minden haszn\u00e1lat ut\u00e1n szorosan z\u00e1rja le a tart\u00e1lyt, \u00e9s a term\u00e9k hossz\u00fa t\u00e1v\u00fa hat\u00e9konys\u00e1g\u00e1nak meg\u0151rz\u00e9se \u00e9rdek\u00e9ben t\u00e1rolja h\u0171v\u00f6s, sz\u00e1raz, f\u00e9nyt\u0151l \u00e9s sz\u00e9ls\u0151s\u00e9ges h\u0151m\u00e9rs\u00e9klett\u0151l v\u00e9dett helyen.<\/li>\n<\/ul>\n<p>A t\u00e1blatiszt\u00edt\u00f3val \u00e9lvezheti a hat\u00e9kony \u00e9s f\u00e1rads\u00e1gmentes tiszt\u00edt\u00e1st, mik\u00f6zben meg\u0151rzi az \u00edr\u00f3fel\u00fclet f\u00e9nyerej\u00e9t \u00e9s olvashat\u00f3s\u00e1g\u00e1t. Ide\u00e1lis megold\u00e1s a mindig makul\u00e1tlan \u00e9s funkcion\u00e1lis t\u00e1bla sz\u00e1m\u00e1ra, foltok \u00e9s szellemnyomok n\u00e9lk\u00fcl.<\/p>","protected":false},"excerpt":{"rendered":"<p>Optimal Efficiency.\u00a0This whiteboard cleaner is specially designed to effectively remove ink residues from dry-erase markers, stubborn stains, chalk dust, and dirt buildup that dulls the writing surface. Thanks to its advanced formula, it dissolves embedded pigments effortlessly and restores the board\u2019s original whiteness. It prevents the appearance of ghost marks caused by dried ink and [&hellip;]<\/p>\n","protected":false},"featured_media":36607,"comment_status":"open","ping_status":"closed","template":"","meta":{"_uag_custom_page_level_css":"","site-sidebar-layout":"default","site-content-layout":"","ast-site-content-layout":"default","site-content-style":"default","site-sidebar-style":"default","ast-global-header-display":"","ast-banner-title-visibility":"","ast-main-header-display":"","ast-hfb-above-header-display":"","ast-hfb-below-header-display":"","ast-hfb-mobile-header-display":"","site-post-title":"","ast-breadcrumbs-content":"","ast-featured-img":"","footer-sml-layout":"","ast-disable-related-posts":"","theme-transparent-header-meta":"default","adv-header-id-meta":"","stick-header-meta":"","header-above-stick-meta":"","header-main-stick-meta":"","header-below-stick-meta":"","astra-migrate-meta-layouts":"set","ast-page-background-enabled":"default","ast-page-background-meta":{"desktop":{"background-color":"var(--ast-global-color-4)","background-image":"","background-repeat":"repeat","background-position":"center center","background-size":"auto","background-attachment":"scroll","background-type":"","background-media":"","overlay-type":"","overlay-color":"","overlay-opacity":"","overlay-gradient":""},"tablet":{"background-color":"","background-image":"","background-repeat":"repeat","background-position":"center center","background-size":"auto","background-attachment":"scroll","background-type":"","background-media":"","overlay-type":"","overlay-color":"","overlay-opacity":"","overlay-gradient":""},"mobile":{"background-color":"","background-image":"","background-repeat":"repeat","background-position":"center center","background-size":"auto","background-attachment":"scroll","background-type":"","background-media":"","overlay-type":"","overlay-color":"","overlay-opacity":"","overlay-gradient":""}},"ast-content-background-meta":{"desktop":{"background-color":"var(--ast-global-color-5)","background-image":"","background-repeat":"repeat","background-position":"center center","background-size":"auto","background-attachment":"scroll","background-type":"","background-media":"","overlay-type":"","overlay-color":"","overlay-opacity":"","overlay-gradient":""},"tablet":{"background-color":"var(--ast-global-color-5)","background-image":"","background-repeat":"repeat","background-position":"center center","background-size":"auto","background-attachment":"scroll","background-type":"","background-media":"","overlay-type":"","overlay-color":"","overlay-opacity":"","overlay-gradient":""},"mobile":{"background-color":"var(--ast-global-color-5)","background-image":"","background-repeat":"repeat","background-position":"center center","background-size":"auto","background-attachment":"scroll","background-type":"","background-media":"","overlay-type":"","overlay-color":"","overlay-opacity":"","overlay-gradient":""}}},"product_brand":[],"product_cat":[175],"product_tag":[],"class_list":{"0":"post-25655","1":"product","2":"type-product","3":"status-publish","4":"has-post-thumbnail","6":"product_cat-cleaning-products","7":"desktop-align-left","8":"tablet-align-left","9":"mobile-align-left","11":"first","12":"instock","13":"shipping-taxable","14":"purchasable","15":"product-type-simple"},"spectra_custom_meta":{"_visibility":["visible"],"_shopify_product_id":["9106242404597"],"_s2w_shopify_domain":["ferberpainting.myshopify.com"],"_shopify_variant_id":["46625790230773"],"_sku":["FPWHITEBOARDCLEANER1L"],"_regular_price":["29.90"],"_price":["29.90"],"_sale_price":[""],"_weight":["1.3"],"_global_unique_id":["5056773819702"],"total_sales":["3"],"_tax_status":["taxable"],"_tax_class":[""],"_manage_stock":["no"],"_backorders":["no"],"_sold_individually":["no"],"_virtual":["no"],"_downloadable":["no"],"_download_limit":["-1"],"_download_expiry":["-1"],"_stock":[null],"_stock_status":["instock"],"_wc_average_rating":["5.00"],"_wc_review_count":["10"],"_product_version":["10.5.2"],"_edit_lock":["1771402096:1"],"merchant-center-availability":["yes"],"merchant-center-category":["4973"],"_edit_last":["1"],"_thumbnail_id":["36607"],"_wp_page_template":["default"],"_wp_old_date":["2025-05-26"],"site-sidebar-layout":["default"],"ast-site-content-layout":["default"],"site-content-style":["default"],"site-sidebar-style":["default"],"theme-transparent-header-meta":["default"],"_wc_rating_count":["a:1:{i:5;i:10;}"],"astra-migrate-meta-layouts":["set"],"_uag_css_file_name":["uag-css-25655.css"],"_elementor_page_assets":["a:0:{}"],"_uag_page_assets":["a:9:{s:3:\"css\";s:7133:\".uag-blocks-common-selector{z-index:var(--z-index-desktop) !important}@media(max-width: 976px){.uag-blocks-common-selector{z-index:var(--z-index-tablet) !important}}@media(max-width: 767px){.uag-blocks-common-selector{z-index:var(--z-index-mobile) !important}}.wp-block-uagb-image{display:flex}.wp-block-uagb-image__figure{position:relative;display:flex;flex-direction:column;max-width:100%;height:auto;margin:0}.wp-block-uagb-image__figure img{height:auto;display:flex;max-width:100%;transition:box-shadow .2s ease}.wp-block-uagb-image__figure>a{display:inline-block}.wp-block-uagb-image__figure figcaption{text-align:center;margin-top:.5em;margin-bottom:1em}.wp-block-uagb-image .components-placeholder.block-editor-media-placeholder .components-placeholder__instructions{align-self:center}.wp-block-uagb-image--align-left{text-align:left}.wp-block-uagb-image--align-right{text-align:right}.wp-block-uagb-image--align-center{text-align:center}.wp-block-uagb-image--align-full .wp-block-uagb-image__figure{margin-left:calc(50% - 50vw);margin-right:calc(50% - 50vw);max-width:100vw;width:100vw;height:auto}.wp-block-uagb-image--align-full .wp-block-uagb-image__figure img{height:auto;width:100% !important}.wp-block-uagb-image--align-wide .wp-block-uagb-image__figure img{height:auto;width:100%}.wp-block-uagb-image--layout-overlay__color-wrapper{position:absolute;left:0;top:0;right:0;bottom:0;opacity:.2;background:rgba(0,0,0,.5);transition:opacity .35s ease-in-out}.wp-block-uagb-image--layout-overlay-link{position:absolute;left:0;right:0;bottom:0;top:0}.wp-block-uagb-image--layout-overlay .wp-block-uagb-image__figure:hover .wp-block-uagb-image--layout-overlay__color-wrapper{opacity:1}.wp-block-uagb-image--layout-overlay__inner{position:absolute;left:15px;right:15px;bottom:15px;top:15px;display:flex;align-items:center;justify-content:center;flex-direction:column;border-color:#fff;transition:.35s ease-in-out}.wp-block-uagb-image--layout-overlay__inner.top-left,.wp-block-uagb-image--layout-overlay__inner.top-center,.wp-block-uagb-image--layout-overlay__inner.top-right{justify-content:flex-start}.wp-block-uagb-image--layout-overlay__inner.bottom-left,.wp-block-uagb-image--layout-overlay__inner.bottom-center,.wp-block-uagb-image--layout-overlay__inner.bottom-right{justify-content:flex-end}.wp-block-uagb-image--layout-overlay__inner.top-left,.wp-block-uagb-image--layout-overlay__inner.center-left,.wp-block-uagb-image--layout-overlay__inner.bottom-left{align-items:flex-start}.wp-block-uagb-image--layout-overlay__inner.top-right,.wp-block-uagb-image--layout-overlay__inner.center-right,.wp-block-uagb-image--layout-overlay__inner.bottom-right{align-items:flex-end}.wp-block-uagb-image--layout-overlay__inner .uagb-image-heading{color:#fff;transition:transform .35s,opacity .35s ease-in-out;transform:translate3d(0, 24px, 0);margin:0;line-height:1em}.wp-block-uagb-image--layout-overlay__inner .uagb-image-separator{width:30%;border-top-width:2px;border-top-color:#fff;border-top-style:solid;margin-bottom:10px;opacity:0;transition:transform .4s,opacity .4s ease-in-out;transform:translate3d(0, 30px, 0)}.wp-block-uagb-image--layout-overlay__inner .uagb-image-caption{opacity:0;overflow:visible;color:#fff;transition:transform .45s,opacity .45s ease-in-out;transform:translate3d(0, 35px, 0)}.wp-block-uagb-image--layout-overlay__inner:hover .uagb-image-heading,.wp-block-uagb-image--layout-overlay__inner:hover .uagb-image-separator,.wp-block-uagb-image--layout-overlay__inner:hover .uagb-image-caption{opacity:1;transform:translate3d(0, 0, 0)}.wp-block-uagb-image--effect-zoomin .wp-block-uagb-image__figure img,.wp-block-uagb-image--effect-zoomin .wp-block-uagb-image__figure .wp-block-uagb-image--layout-overlay__color-wrapper{transform:scale(1);transition:transform .35s ease-in-out}.wp-block-uagb-image--effect-zoomin .wp-block-uagb-image__figure:hover img,.wp-block-uagb-image--effect-zoomin .wp-block-uagb-image__figure:hover .wp-block-uagb-image--layout-overlay__color-wrapper{transform:scale(1.05)}.wp-block-uagb-image--effect-slide .wp-block-uagb-image__figure img,.wp-block-uagb-image--effect-slide .wp-block-uagb-image__figure .wp-block-uagb-image--layout-overlay__color-wrapper{width:calc(100% + 40px) !important;max-width:none !important;transform:translate3d(-40px, 0, 0);transition:transform .35s ease-in-out}.wp-block-uagb-image--effect-slide .wp-block-uagb-image__figure:hover img,.wp-block-uagb-image--effect-slide .wp-block-uagb-image__figure:hover .wp-block-uagb-image--layout-overlay__color-wrapper{transform:translate3d(0, 0, 0)}.wp-block-uagb-image--effect-grayscale img{filter:grayscale(0%);transition:.35s ease-in-out}.wp-block-uagb-image--effect-grayscale:hover img{filter:grayscale(100%)}.wp-block-uagb-image--effect-blur img{filter:blur(0);transition:.35s ease-in-out}.wp-block-uagb-image--effect-blur:hover img{filter:blur(3px)}.uagb-block-e6f939b3.wp-block-uagb-image--layout-default figure img{box-shadow: 0px 0px 0 #00000070;}.uagb-block-e6f939b3.wp-block-uagb-image .wp-block-uagb-image__figure figcaption{font-style: normal;align-self: center;}.uagb-block-e6f939b3.wp-block-uagb-image--layout-overlay figure img{box-shadow: 0px 0px 0 #00000070;}.uagb-block-e6f939b3.wp-block-uagb-image--layout-overlay .wp-block-uagb-image--layout-overlay__color-wrapper{opacity: 0.2;}.uagb-block-e6f939b3.wp-block-uagb-image--layout-overlay .wp-block-uagb-image--layout-overlay__inner{left: 15px;right: 15px;top: 15px;bottom: 15px;}.uagb-block-e6f939b3.wp-block-uagb-image--layout-overlay .wp-block-uagb-image--layout-overlay__inner .uagb-image-heading{font-style: normal;color: #fff;opacity: 1;}.uagb-block-e6f939b3.wp-block-uagb-image--layout-overlay .wp-block-uagb-image--layout-overlay__inner .uagb-image-heading a{color: #fff;}.uagb-block-e6f939b3.wp-block-uagb-image--layout-overlay .wp-block-uagb-image--layout-overlay__inner .uagb-image-caption{opacity: 0;}.uagb-block-e6f939b3.wp-block-uagb-image--layout-overlay .wp-block-uagb-image__figure:hover .wp-block-uagb-image--layout-overlay__color-wrapper{opacity: 1;}.uagb-block-e6f939b3.wp-block-uagb-image .wp-block-uagb-image--layout-overlay__inner .uagb-image-separator{width: 30%;border-top-width: 2px;border-top-color: #fff;opacity: 0;}.uagb-block-e6f939b3.wp-block-uagb-image .wp-block-uagb-image__figure img{width: px;height: auto;}.uagb-block-e6f939b3.wp-block-uagb-image .wp-block-uagb-image__figure:hover .wp-block-uagb-image--layout-overlay__inner .uagb-image-caption{opacity: 1;}.uagb-block-e6f939b3.wp-block-uagb-image .wp-block-uagb-image__figure:hover .wp-block-uagb-image--layout-overlay__inner .uagb-image-separator{opacity: 1;}.uagb-block-e6f939b3.wp-block-uagb-image--layout-default figure:hover img{box-shadow: 0px 0px 0 #00000070;}.uagb-block-e6f939b3.wp-block-uagb-image--layout-overlay figure:hover img{box-shadow: 0px 0px 0 #00000070;}@media only screen and (max-width: 976px) {.uagb-block-e6f939b3.wp-block-uagb-image .wp-block-uagb-image__figure img{width: px;height: auto;}}@media only screen and (max-width: 767px) {.uagb-block-e6f939b3.wp-block-uagb-image .wp-block-uagb-image__figure img{width: px;height: auto;}}\";s:2:\"js\";s:0:\"\";s:18:\"current_block_list\";a:13:{i:0;s:11:\"core\/search\";i:1;s:10:\"core\/group\";i:2;s:12:\"core\/heading\";i:3;s:17:\"core\/latest-posts\";i:4;s:20:\"core\/latest-comments\";i:5;s:13:\"core\/archives\";i:6;s:15:\"core\/categories\";i:7;s:14:\"core\/paragraph\";i:8;s:10:\"uagb\/image\";i:9;s:11:\"core\/spacer\";i:10;s:30:\"woocommerce\/product-categories\";i:11;s:10:\"core\/image\";i:12;s:14:\"core\/shortcode\";}s:8:\"uag_flag\";b:1;s:11:\"uag_version\";s:10:\"1776780576\";s:6:\"gfonts\";a:0:{}s:10:\"gfonts_url\";s:0:\"\";s:12:\"gfonts_files\";a:0:{}s:14:\"uag_faq_layout\";b:0;}"]},"uagb_featured_image_src":{"full":["https:\/\/www.ferberpainting.com\/wp-content\/uploads\/2025\/05\/Whiteboard-Cleaner-1L.-png.png",2560,2560,false],"thumbnail":["https:\/\/www.ferberpainting.com\/wp-content\/uploads\/2025\/05\/Whiteboard-Cleaner-1L.-png-150x150.png",150,150,true],"medium":["https:\/\/www.ferberpainting.com\/wp-content\/uploads\/2025\/05\/Whiteboard-Cleaner-1L.-png-300x300.png",300,300,true],"medium_large":["https:\/\/www.ferberpainting.com\/wp-content\/uploads\/2025\/05\/Whiteboard-Cleaner-1L.-png-768x768.png",768,768,true],"large":["https:\/\/www.ferberpainting.com\/wp-content\/uploads\/2025\/05\/Whiteboard-Cleaner-1L.-png-1024x1024.png",1024,1024,true],"1536x1536":["https:\/\/www.ferberpainting.com\/wp-content\/uploads\/2025\/05\/Whiteboard-Cleaner-1L.-png-1536x1536.png",1536,1536,true],"2048x2048":["https:\/\/www.ferberpainting.com\/wp-content\/uploads\/2025\/05\/Whiteboard-Cleaner-1L.-png-2048x2048.png",2048,2048,true],"trp-custom-language-flag":["https:\/\/www.ferberpainting.com\/wp-content\/uploads\/2025\/05\/Whiteboard-Cleaner-1L.-png-12x12.png",12,12,true],"woocommerce_thumbnail":["https:\/\/www.ferberpainting.com\/wp-content\/uploads\/2025\/05\/Whiteboard-Cleaner-1L.-png-300x300.png",300,300,true],"woocommerce_single":["https:\/\/www.ferberpainting.com\/wp-content\/uploads\/2025\/05\/Whiteboard-Cleaner-1L.-png-600x600.png",600,600,true],"woocommerce_gallery_thumbnail":["https:\/\/www.ferberpainting.com\/wp-content\/uploads\/2025\/05\/Whiteboard-Cleaner-1L.-png-100x100.png",100,100,true]},"uagb_author_info":{"display_name":"admin","author_link":"https:\/\/www.ferberpainting.com\/hu\/author\/"},"uagb_comment_info":10,"uagb_excerpt":"Optimal Efficiency.\u00a0This whiteboard cleaner is specially designed to effectively remove ink residues from dry-erase markers, stubborn stains, chalk dust, and dirt buildup that dulls the writing surface. Thanks to its advanced formula, it dissolves embedded pigments effortlessly and restores the board\u2019s original whiteness. It prevents the appearance of ghost marks caused by dried ink and&hellip;","_links":{"self":[{"href":"https:\/\/www.ferberpainting.com\/hu\/wp-json\/wp\/v2\/product\/25655","targetHints":{"allow":["GET"]}}],"collection":[{"href":"https:\/\/www.ferberpainting.com\/hu\/wp-json\/wp\/v2\/product"}],"about":[{"href":"https:\/\/www.ferberpainting.com\/hu\/wp-json\/wp\/v2\/types\/product"}],"replies":[{"embeddable":true,"href":"https:\/\/www.ferberpainting.com\/hu\/wp-json\/wp\/v2\/comments?post=25655"}],"version-history":[{"count":5,"href":"https:\/\/www.ferberpainting.com\/hu\/wp-json\/wp\/v2\/product\/25655\/revisions"}],"predecessor-version":[{"id":169104,"href":"https:\/\/www.ferberpainting.com\/hu\/wp-json\/wp\/v2\/product\/25655\/revisions\/169104"}],"wp:featuredmedia":[{"embeddable":true,"href":"https:\/\/www.ferberpainting.com\/hu\/wp-json\/wp\/v2\/media\/36607"}],"wp:attachment":[{"href":"https:\/\/www.ferberpainting.com\/hu\/wp-json\/wp\/v2\/media?parent=25655"}],"wp:term":[{"taxonomy":"product_brand","embeddable":true,"href":"https:\/\/www.ferberpainting.com\/hu\/wp-json\/wp\/v2\/product_brand?post=25655"},{"taxonomy":"product_cat","embeddable":true,"href":"https:\/\/www.ferberpainting.com\/hu\/wp-json\/wp\/v2\/product_cat?post=25655"},{"taxonomy":"product_tag","embeddable":true,"href":"https:\/\/www.ferberpainting.com\/hu\/wp-json\/wp\/v2\/product_tag?post=25655"}],"curies":[{"name":"wp","href":"https:\/\/api.w.org\/{rel}","templated":true}]}}