{"id":25652,"date":"2025-05-26T10:33:09","date_gmt":"2025-05-26T08:33:09","guid":{"rendered":"https:\/\/www.ferberpainting.com\/products\/weed-killer\/"},"modified":"2026-02-18T09:08:46","modified_gmt":"2026-02-18T08:08:46","slug":"weed-killer","status":"publish","type":"product","link":"https:\/\/www.ferberpainting.com\/hu\/products\/weed-killer\/","title":{"rendered":"Gyomirt\u00f3"},"content":{"rendered":"<p><strong><img decoding=\"async\" style=\"margin-right: 12px;\" src=\"https:\/\/www.ferberpainting.com\/wp-content\/uploads\/2026\/02\/Check.svg\" alt=\"\" width=\"18\" height=\"15\" \/>Er\u0151teljes sziszt\u00e9m\u00e1s hat\u00e1s, amely a gy\u00f6kerekig terjed\u0151en irtja a gyomokat.<\/strong> Gyomirt\u00f3nk 360 g\/l glifoz\u00e1tot tartalmaz, egy rendk\u00edv\u00fcl hat\u00e9kony sziszt\u00e9m\u00e1s hat\u00f3anyagot, amely \u00e1thatol a leveleken, \u00e9s a teljes n\u00f6v\u00e9nyi strukt\u00far\u00e1n kereszt\u00fcl terjed. A kontakt gyomirt\u00f3 szerekkel ellent\u00e9tben, amelyek csak a felsz\u00ednt \u00e9getik, ez a formula bels\u0151leg t\u00e1madja meg a gyomokat, elpuszt\u00edtva mind a l\u00e1that\u00f3 n\u00f6veked\u00e9st, mind a f\u00f6ld alatti gy\u00f6kereket. Ez biztos\u00edtja a teljes kiirt\u00e1st \u00e9s jelent\u0151sen cs\u00f6kkenti az \u00fajran\u00f6veked\u00e9st, \u00edgy ide\u00e1lis a kertek, felhajt\u00f3k, utak \u00e9s mez\u0151gazdas\u00e1gi ter\u00fcletek hossz\u00fa t\u00e1v\u00fa gyomirt\u00e1s\u00e1ra.<\/p>\n<p><strong><img decoding=\"async\" style=\"margin-right: 12px;\" src=\"https:\/\/www.ferberpainting.com\/wp-content\/uploads\/2026\/02\/Check.svg\" alt=\"\" width=\"18\" height=\"15\" \/>P\u00e9nzvisszafizet\u00e9si garanci\u00e1t k\u00edn\u00e1lunk a teljes vev\u0151i el\u00e9gedetts\u00e9g \u00e9rdek\u00e9ben.<\/strong> Hat\u00e1rozottan ki\u00e1llunk gyomirt\u00f3 szer\u00fcnk hat\u00e9konys\u00e1ga mellett. Ha nem teljesen el\u00e9gedett az eredm\u00e9nnyel, visszat\u00e9r\u00edtj\u00fck a v\u00e9tel\u00e1rat. Ez a p\u00e9nzvisszafizet\u00e9si garancia lehet\u0151v\u00e9 teszi, hogy teljes bizalommal haszn\u00e1lhassa a term\u00e9ket, tudva, hogy befektet\u00e9se v\u00e9dve van, \u00e9s az \u00d6n el\u00e9gedetts\u00e9ge a mi priorit\u00e1sunk.<\/p>\n<p><strong><img decoding=\"async\" style=\"margin-right: 12px;\" src=\"https:\/\/www.ferberpainting.com\/wp-content\/uploads\/2026\/02\/Check.svg\" alt=\"\" width=\"18\" height=\"15\" \/>A leghat\u00e9konyabb gyomirt\u00f3 megold\u00e1s a piacon.<\/strong> A 360 g\/l glifoz\u00e1t magas koncentr\u00e1ci\u00f3j\u00e1val a k\u00e9sz\u00edtm\u00e9ny\u00fcnk kiv\u00e1l\u00f3 teljes\u00edtm\u00e9nyt ny\u00fajt az egyny\u00e1ri \u00e9s \u00e9vel\u0151 gyomok ellen. A n\u00f6v\u00e9nyen bel\u00fcli alapvet\u0151 n\u00f6veked\u00e9si folyamatok megzavar\u00e1s\u00e1val hat\u00e9konyan v\u00e9dekezik a f\u0171f\u00e9l\u00e9k, a sz\u00e9leslevel\u0171 gyomok \u00e9s az invaz\u00edv fajok ellen. Sziszt\u00e9m\u00e1s hat\u00e1sa m\u00e9ly \u00e9s alapos irt\u00e1st biztos\u00edt, \u00edgy az egyik legmegb\u00edzhat\u00f3bb \u00e9s leger\u0151sebb gyomirt\u00f3 megold\u00e1s.<\/p>\n<p><strong><img decoding=\"async\" style=\"margin-right: 12px;\" src=\"https:\/\/www.ferberpainting.com\/wp-content\/uploads\/2026\/02\/Check.svg\" alt=\"\" width=\"18\" height=\"15\" \/>A legolcs\u00f3bb professzion\u00e1lis min\u0151s\u00e9g\u0171 gyomirt\u00f3.<\/strong> A nagy teljes\u00edtm\u00e9ny\u0171 gyomirt\u00e1snak megfizethet\u0151nek kell maradnia. Mi k\u00edn\u00e1ljuk a legversenyk\u00e9pesebb \u00e1rakat an\u00e9lk\u00fcl, hogy kompromisszumot k\u00f6tn\u00e9nk a koncentr\u00e1ci\u00f3 vagy a min\u0151s\u00e9g ter\u00e9n. A gy\u00e1rt\u00e1s \u00e9s a logisztika optimaliz\u00e1l\u00e1s\u00e1val a hasonl\u00f3 term\u00e9kekhez k\u00e9pest a legalacsonyabb \u00e1ron k\u00edn\u00e1lunk professzion\u00e1lis er\u0151ss\u00e9g\u0171 glifoz\u00e1t megold\u00e1st, kiv\u00e9teles \u00e9rt\u00e9ket biztos\u00edtva mind a h\u00e1ztulajdonosok, mind a professzion\u00e1lis kert\u00e9p\u00edt\u0151k sz\u00e1m\u00e1ra.<\/p>\n<p><strong><img decoding=\"async\" style=\"margin-right: 12px;\" src=\"https:\/\/www.ferberpainting.com\/wp-content\/uploads\/2026\/02\/Check.svg\" alt=\"\" width=\"18\" height=\"15\" \/>Garant\u00e1ltan 24 \u00f3r\u00e1s sz\u00e1ll\u00edt\u00e1s a gyors cselekv\u00e9s \u00e9rdek\u00e9ben.<\/strong> Amikor a gyomok terjedni kezdenek, az azonnali kezel\u00e9s kulcsfontoss\u00e1g\u00fa. Ez\u00e9rt biztos\u00edtunk megb\u00edzhat\u00f3, 24 \u00f3r\u00e1s kisz\u00e1ll\u00edt\u00e1st, amely biztos\u00edtja, hogy a gyomirt\u00f3 gyorsan meg\u00e9rkezzen, \u00e9s k\u00e9sedelem n\u00e9lk\u00fcl k\u00e9szen \u00e1lljon a kijuttat\u00e1sra. A gyors sz\u00e1ll\u00edt\u00e1s lehet\u0151v\u00e9 teszi, hogy hat\u00e9konyan visszanyerje az uralmat k\u00fclt\u00e9ri ter\u00fcletei felett.<\/p>\n<p><strong><img decoding=\"async\" style=\"margin-right: 12px;\" src=\"https:\/\/www.ferberpainting.com\/wp-content\/uploads\/2026\/02\/Check.svg\" alt=\"\" width=\"18\" height=\"15\" \/>Magas koncentr\u00e1ci\u00f3j\u00fa formula a gazdas\u00e1gos haszn\u00e1lathoz.<\/strong> Az aj\u00e1nlott h\u00edg\u00edt\u00e1si ar\u00e1ny 50 ml term\u00e9k literenk\u00e9nt, ami lehet\u0151v\u00e9 teszi a pontos el\u0151k\u00e9sz\u00edt\u00e9st a kezelend\u0151 ter\u00fclet m\u00e9ret\u00e9nek megfelel\u0151en. Ez a koncentr\u00e1ci\u00f3 biztos\u00edtja a hat\u00e9kony gyomirt\u00e1st, mik\u00f6zben maximaliz\u00e1lja az egy tart\u00e1lyb\u00f3l t\u00f6rt\u00e9n\u0151 alkalmaz\u00e1sok sz\u00e1m\u00e1t.<\/p>\n<p><strong><img decoding=\"async\" style=\"margin-right: 12px;\" src=\"https:\/\/www.ferberpainting.com\/wp-content\/uploads\/2026\/02\/Check.svg\" alt=\"\" width=\"18\" height=\"15\" \/>Napokon bel\u00fcl l\u00e1that\u00f3 eredm\u00e9nyek.<\/strong> A kijuttat\u00e1st k\u00f6vet\u0151en a kezelt gyomok n\u00e9h\u00e1ny napon bel\u00fcl a s\u00e1rgul\u00e1s \u00e9s hervad\u00e1s jeleit mutatj\u00e1k. A n\u00f6v\u00e9nyek teljes elhal\u00e1sa \u00e1ltal\u00e1ban egy-k\u00e9t h\u00e9ten bel\u00fcl k\u00f6vetkezik be, az id\u0151j\u00e1r\u00e1si k\u00f6r\u00fclm\u00e9nyekt\u0151l \u00e9s a gyomn\u00f6v\u00e9ny t\u00edpus\u00e1t\u00f3l f\u00fcgg\u0151en. A gyors sziszt\u00e9m\u00e1s hat\u00e1s hat\u00e9kony \u00e9s \u00e9szrevehet\u0151 eredm\u00e9nyeket biztos\u00edt.<\/p>\n<p><strong><img decoding=\"async\" style=\"margin-right: 12px;\" src=\"https:\/\/www.ferberpainting.com\/wp-content\/uploads\/2026\/02\/Check.svg\" alt=\"\" width=\"18\" height=\"15\" \/>K\u00fclt\u00e9ri ter\u00fcletek sz\u00e9les sk\u00e1l\u00e1j\u00e1ra alkalmas.<\/strong> Ez a gyomirt\u00f3 haszn\u00e1lhat\u00f3 felhajt\u00f3kon, j\u00e1rd\u00e1kon, teraszokon, kavicsos ter\u00fcleteken, ker\u00edt\u00e9svonalakon, kerti \u00e1gy\u00e1sokon \u00fcltet\u00e9s el\u0151tt \u00e9s m\u00e1s, nem term\u0151ter\u00fcleteken. Az el\u0151\u00edr\u00e1soknak megfelel\u0151en alkalmazva megb\u00edzhat\u00f3 v\u00e9delmet ny\u00fajt lakoss\u00e1gi, kereskedelmi \u00e9s mez\u0151gazdas\u00e1gi k\u00f6rnyezetben.<\/p>\n<p><strong><img decoding=\"async\" style=\"margin-right: 12px;\" src=\"https:\/\/www.ferberpainting.com\/wp-content\/uploads\/2026\/02\/Check.svg\" alt=\"\" width=\"18\" height=\"15\" \/>Es\u0151\u00e1ll\u00f3 teljes\u00edtm\u00e9ny az abszorpci\u00f3 ut\u00e1n.<\/strong> Miut\u00e1n a term\u00e9k felsz\u00edv\u00f3dik a n\u00f6v\u00e9ny lombozat\u00e1ba, n\u00e9h\u00e1ny \u00f3r\u00e1n bel\u00fcl ellen\u00e1ll\u00f3v\u00e1 v\u00e1lik az es\u0151vel szemben. Ez biztos\u00edtja a hat\u00e9kony hat\u00e1st m\u00e9g v\u00e1ltoz\u00e9kony id\u0151j\u00e1r\u00e1si k\u00f6r\u00fclm\u00e9nyek k\u00f6z\u00f6tt is, felt\u00e9ve, hogy a kijuttat\u00e1s ut\u00e1n elegend\u0151 sz\u00e1rad\u00e1si id\u0151 \u00e1ll rendelkez\u00e9sre.<\/p>\n<p><strong><img decoding=\"async\" style=\"margin-right: 12px;\" src=\"https:\/\/www.ferberpainting.com\/wp-content\/uploads\/2026\/02\/Check.svg\" alt=\"\" width=\"18\" height=\"15\" \/>K\u00f6nny\u0171 kever\u00e9s \u00e9s permetez\u00e9s.<\/strong> A foly\u00e9kony koncentr\u00e1tumot egyszer\u0171en fel lehet h\u00edg\u00edtani, \u00e9s egy hagyom\u00e1nyos kerti permetez\u0151vel lehet kijuttatni. Vil\u00e1gos adagol\u00e1si utas\u00edt\u00e1sai lehet\u0151v\u00e9 teszik a pontos kever\u00e9st, \u00edgy biztos\u00edtva a k\u00f6vetkezetes \u00e9s hat\u00e9kony gyomirt\u00e1st bonyolult el\u0151k\u00e9sz\u00edt\u00e9si l\u00e9p\u00e9sek n\u00e9lk\u00fcl.<\/p>\n<h2><strong>Utas\u00edt\u00e1sok<\/strong><\/h2>\n<ul>\n<li>A term\u00e9k kezel\u00e9se vagy alkalmaz\u00e1sa el\u0151tt viseljen megfelel\u0151 v\u00e9d\u0151ruh\u00e1zatot, keszty\u0171t \u00e9s szemv\u00e9delmet.<\/li>\n<li>K\u00e9sz\u00edtse el a permetoldatot \u00fagy, hogy 1 liter tiszta v\u00edzhez 50 ml gyomirt\u00f3t h\u00edg\u00edt.<\/li>\n<li>A hat\u00f3anyag egyenletes eloszl\u00e1s\u00e1nak biztos\u00edt\u00e1sa \u00e9rdek\u00e9ben alaposan keverje \u00f6ssze kerti permetez\u0151g\u00e9pben.<\/li>\n<li>Az oldatot egyenletesen vigye fel az akt\u00edvan n\u00f6vekv\u0151 gyomok leveleire, biztos\u00edtva az alapos nedves\u00edt\u00e9st, t\u00falzott lefoly\u00e1s n\u00e9lk\u00fcl.<\/li>\n<li>Ne alkalmazza k\u00edv\u00e1natos n\u00f6v\u00e9nyekre, gyepre vagy kult\u00farn\u00f6v\u00e9nyekre, hacsak nem kifejezetten erre a c\u00e9lra, mivel a term\u00e9k nem szelekt\u00edv, \u00e9s a legt\u00f6bb n\u00f6v\u00e9nyzetet k\u00e1ros\u00edtja.<\/li>\n<li>Sz\u00e1raz, sz\u00e9lcsendes id\u0151ben alkalmazza, hogy elker\u00fclje a k\u00f6rnyez\u0151 n\u00f6v\u00e9nyekre val\u00f3 elsodr\u00f3d\u00e1st.<\/li>\n<li>Ker\u00fclje a kijuttat\u00e1st, ha n\u00e9h\u00e1ny \u00f3r\u00e1n bel\u00fcl es\u0151 v\u00e1rhat\u00f3, hogy a lombozatba val\u00f3 megfelel\u0151 felsz\u00edv\u00f3d\u00e1s lehet\u0151v\u00e9 v\u00e1ljon.<\/li>\n<li>A kezelt gyomn\u00f6v\u00e9nyeket a kijuttat\u00e1st k\u00f6vet\u0151en legal\u00e1bb 7 napig ne kasz\u00e1lja le \u00e9s ne zavarja meg, hogy a sziszt\u00e9m\u00e1s hat\u00e1s el\u00e9rje a gy\u00f6kereket.<\/li>\n<li>A l\u00e1that\u00f3 eredm\u00e9nyek \u00e1ltal\u00e1ban 3-7 napon bel\u00fcl jelentkeznek, a teljes elhal\u00e1s pedig a k\u00f6r\u00fclm\u00e9nyekt\u0151l f\u00fcgg\u0151en 7-14 napon bel\u00fcl k\u00f6vetkezik be.<\/li>\n<li>A sz\u00edv\u00f3s \u00e9vel\u0151 gyomn\u00f6v\u00e9nyek eset\u00e9ben a visszan\u00f6v\u00e9s megjelen\u00e9se ut\u00e1n sz\u00fcks\u00e9g lehet egy m\u00e1sodik alkalmaz\u00e1sra.<\/li>\n<li>Haszn\u00e1lat ut\u00e1n a permetez\u0151 berendez\u00e9st alaposan tiszt\u00edtsa meg v\u00edzzel.<\/li>\n<li>A term\u00e9ket eredeti csomagol\u00e1s\u00e1ban, szorosan lez\u00e1rva, h\u0171v\u00f6s \u00e9s sz\u00e1raz, k\u00f6zvetlen napf\u00e9nyt\u0151l v\u00e9dett helyen t\u00e1rolja.<\/li>\n<li>Gyermekek \u00e9s h\u00e1zi\u00e1llatok el\u0151l elz\u00e1rva tartand\u00f3, \u00e9s mindig tartsa be a glifoz\u00e1t haszn\u00e1lat\u00e1ra \u00e9s \u00e1rtalmatlan\u00edt\u00e1s\u00e1ra vonatkoz\u00f3 helyi el\u0151\u00edr\u00e1sokat.<\/li>\n<\/ul>","protected":false},"excerpt":{"rendered":"<p>Powerful systemic action that eliminates weeds down to the root. Our weed killer contains 360 g\/L of glyphosate, a highly effective systemic active ingredient that penetrates through the leaves and travels throughout the entire plant structure. Unlike contact herbicides that only burn the surface, this formula attacks weeds internally, destroying both visible growth and underground [&hellip;]<\/p>\n","protected":false},"featured_media":27456,"comment_status":"open","ping_status":"closed","template":"","meta":{"_uag_custom_page_level_css":"","site-sidebar-layout":"default","site-content-layout":"","ast-site-content-layout":"default","site-content-style":"default","site-sidebar-style":"default","ast-global-header-display":"","ast-banner-title-visibility":"","ast-main-header-display":"","ast-hfb-above-header-display":"","ast-hfb-below-header-display":"","ast-hfb-mobile-header-display":"","site-post-title":"","ast-breadcrumbs-content":"","ast-featured-img":"","footer-sml-layout":"","ast-disable-related-posts":"","theme-transparent-header-meta":"default","adv-header-id-meta":"","stick-header-meta":"","header-above-stick-meta":"","header-main-stick-meta":"","header-below-stick-meta":"","astra-migrate-meta-layouts":"set","ast-page-background-enabled":"default","ast-page-background-meta":{"desktop":{"background-color":"var(--ast-global-color-4)","background-image":"","background-repeat":"repeat","background-position":"center center","background-size":"auto","background-attachment":"scroll","background-type":"","background-media":"","overlay-type":"","overlay-color":"","overlay-opacity":"","overlay-gradient":""},"tablet":{"background-color":"","background-image":"","background-repeat":"repeat","background-position":"center center","background-size":"auto","background-attachment":"scroll","background-type":"","background-media":"","overlay-type":"","overlay-color":"","overlay-opacity":"","overlay-gradient":""},"mobile":{"background-color":"","background-image":"","background-repeat":"repeat","background-position":"center center","background-size":"auto","background-attachment":"scroll","background-type":"","background-media":"","overlay-type":"","overlay-color":"","overlay-opacity":"","overlay-gradient":""}},"ast-content-background-meta":{"desktop":{"background-color":"var(--ast-global-color-5)","background-image":"","background-repeat":"repeat","background-position":"center center","background-size":"auto","background-attachment":"scroll","background-type":"","background-media":"","overlay-type":"","overlay-color":"","overlay-opacity":"","overlay-gradient":""},"tablet":{"background-color":"var(--ast-global-color-5)","background-image":"","background-repeat":"repeat","background-position":"center center","background-size":"auto","background-attachment":"scroll","background-type":"","background-media":"","overlay-type":"","overlay-color":"","overlay-opacity":"","overlay-gradient":""},"mobile":{"background-color":"var(--ast-global-color-5)","background-image":"","background-repeat":"repeat","background-position":"center center","background-size":"auto","background-attachment":"scroll","background-type":"","background-media":"","overlay-type":"","overlay-color":"","overlay-opacity":"","overlay-gradient":""}}},"product_brand":[],"product_cat":[175],"product_tag":[],"class_list":{"0":"post-25652","1":"product","2":"type-product","3":"status-publish","4":"has-post-thumbnail","6":"product_cat-cleaning-products","7":"desktop-align-left","8":"tablet-align-left","9":"mobile-align-left","11":"first","12":"instock","13":"sale","14":"shipping-taxable","15":"purchasable","16":"product-type-variable","17":"has-default-attributes"},"spectra_custom_meta":{"_visibility":["visible"],"_shopify_product_id":["7950217609461"],"_s2w_shopify_domain":["ferberpainting.myshopify.com"],"_shopify_variant_id":["43501943521525"],"_sku":[""],"_manage_stock":["no"],"total_sales":["2905"],"_tax_status":["taxable"],"_tax_class":[""],"_backorders":["no"],"_sold_individually":["no"],"_virtual":["no"],"_downloadable":["no"],"_download_limit":["-1"],"_download_expiry":["-1"],"_stock":[null],"_stock_status":["instock"],"_wc_average_rating":["4.73"],"_wc_review_count":["94"],"_product_attributes":["a:1:{s:6:\"volume\";a:6:{s:4:\"name\";s:6:\"Volume\";s:5:\"value\";s:20:\"5 liters | 25 liters\";s:8:\"position\";i:1;s:10:\"is_visible\";i:0;s:12:\"is_variation\";i:1;s:11:\"is_taxonomy\";i:0;}}"],"_product_version":["10.5.2"],"_thumbnail_id":["27456"],"_product_image_gallery":["27457"],"merchant-center-availability":["yes"],"merchant-center-category":["3103"],"merchant-center-id":["WK"],"wpse_downloadable_file_names":[""],"wpse_downloadable_file_urls":[""],"_edit_last":["1"],"_default_attributes":["a:1:{s:6:\"volume\";s:8:\"5 liters\";}"],"_wc_rating_count":["a:3:{i:3;i:7;i:4;i:11;i:5;i:76;}"],"_edit_lock":["1773466984:7131"],"_wp_page_template":["default"],"site-sidebar-layout":["default"],"ast-site-content-layout":["default"],"site-content-style":["default"],"site-sidebar-style":["default"],"theme-transparent-header-meta":["default"],"_upsell_ids":["a:3:{i:0;i:23505;i:1;i:25276;i:2;i:25600;}"],"_crosssell_ids":["a:3:{i:0;i:23505;i:1;i:25276;i:2;i:25600;}"],"_price":["29.90","129.90"],"astra-migrate-meta-layouts":["set"],"_uag_css_file_name":["uag-css-25652.css"],"_elementor_page_assets":["a:0:{}"],"_uag_page_assets":["a:9:{s:3:\"css\";s:7133:\".uag-blocks-common-selector{z-index:var(--z-index-desktop) !important}@media(max-width: 976px){.uag-blocks-common-selector{z-index:var(--z-index-tablet) !important}}@media(max-width: 767px){.uag-blocks-common-selector{z-index:var(--z-index-mobile) !important}}.wp-block-uagb-image{display:flex}.wp-block-uagb-image__figure{position:relative;display:flex;flex-direction:column;max-width:100%;height:auto;margin:0}.wp-block-uagb-image__figure img{height:auto;display:flex;max-width:100%;transition:box-shadow .2s ease}.wp-block-uagb-image__figure>a{display:inline-block}.wp-block-uagb-image__figure figcaption{text-align:center;margin-top:.5em;margin-bottom:1em}.wp-block-uagb-image .components-placeholder.block-editor-media-placeholder .components-placeholder__instructions{align-self:center}.wp-block-uagb-image--align-left{text-align:left}.wp-block-uagb-image--align-right{text-align:right}.wp-block-uagb-image--align-center{text-align:center}.wp-block-uagb-image--align-full .wp-block-uagb-image__figure{margin-left:calc(50% - 50vw);margin-right:calc(50% - 50vw);max-width:100vw;width:100vw;height:auto}.wp-block-uagb-image--align-full .wp-block-uagb-image__figure img{height:auto;width:100% !important}.wp-block-uagb-image--align-wide .wp-block-uagb-image__figure img{height:auto;width:100%}.wp-block-uagb-image--layout-overlay__color-wrapper{position:absolute;left:0;top:0;right:0;bottom:0;opacity:.2;background:rgba(0,0,0,.5);transition:opacity .35s ease-in-out}.wp-block-uagb-image--layout-overlay-link{position:absolute;left:0;right:0;bottom:0;top:0}.wp-block-uagb-image--layout-overlay .wp-block-uagb-image__figure:hover .wp-block-uagb-image--layout-overlay__color-wrapper{opacity:1}.wp-block-uagb-image--layout-overlay__inner{position:absolute;left:15px;right:15px;bottom:15px;top:15px;display:flex;align-items:center;justify-content:center;flex-direction:column;border-color:#fff;transition:.35s ease-in-out}.wp-block-uagb-image--layout-overlay__inner.top-left,.wp-block-uagb-image--layout-overlay__inner.top-center,.wp-block-uagb-image--layout-overlay__inner.top-right{justify-content:flex-start}.wp-block-uagb-image--layout-overlay__inner.bottom-left,.wp-block-uagb-image--layout-overlay__inner.bottom-center,.wp-block-uagb-image--layout-overlay__inner.bottom-right{justify-content:flex-end}.wp-block-uagb-image--layout-overlay__inner.top-left,.wp-block-uagb-image--layout-overlay__inner.center-left,.wp-block-uagb-image--layout-overlay__inner.bottom-left{align-items:flex-start}.wp-block-uagb-image--layout-overlay__inner.top-right,.wp-block-uagb-image--layout-overlay__inner.center-right,.wp-block-uagb-image--layout-overlay__inner.bottom-right{align-items:flex-end}.wp-block-uagb-image--layout-overlay__inner .uagb-image-heading{color:#fff;transition:transform .35s,opacity .35s ease-in-out;transform:translate3d(0, 24px, 0);margin:0;line-height:1em}.wp-block-uagb-image--layout-overlay__inner .uagb-image-separator{width:30%;border-top-width:2px;border-top-color:#fff;border-top-style:solid;margin-bottom:10px;opacity:0;transition:transform .4s,opacity .4s ease-in-out;transform:translate3d(0, 30px, 0)}.wp-block-uagb-image--layout-overlay__inner .uagb-image-caption{opacity:0;overflow:visible;color:#fff;transition:transform .45s,opacity .45s ease-in-out;transform:translate3d(0, 35px, 0)}.wp-block-uagb-image--layout-overlay__inner:hover .uagb-image-heading,.wp-block-uagb-image--layout-overlay__inner:hover .uagb-image-separator,.wp-block-uagb-image--layout-overlay__inner:hover .uagb-image-caption{opacity:1;transform:translate3d(0, 0, 0)}.wp-block-uagb-image--effect-zoomin .wp-block-uagb-image__figure img,.wp-block-uagb-image--effect-zoomin .wp-block-uagb-image__figure .wp-block-uagb-image--layout-overlay__color-wrapper{transform:scale(1);transition:transform .35s ease-in-out}.wp-block-uagb-image--effect-zoomin .wp-block-uagb-image__figure:hover img,.wp-block-uagb-image--effect-zoomin .wp-block-uagb-image__figure:hover .wp-block-uagb-image--layout-overlay__color-wrapper{transform:scale(1.05)}.wp-block-uagb-image--effect-slide .wp-block-uagb-image__figure img,.wp-block-uagb-image--effect-slide .wp-block-uagb-image__figure .wp-block-uagb-image--layout-overlay__color-wrapper{width:calc(100% + 40px) !important;max-width:none !important;transform:translate3d(-40px, 0, 0);transition:transform .35s ease-in-out}.wp-block-uagb-image--effect-slide .wp-block-uagb-image__figure:hover img,.wp-block-uagb-image--effect-slide .wp-block-uagb-image__figure:hover .wp-block-uagb-image--layout-overlay__color-wrapper{transform:translate3d(0, 0, 0)}.wp-block-uagb-image--effect-grayscale img{filter:grayscale(0%);transition:.35s ease-in-out}.wp-block-uagb-image--effect-grayscale:hover img{filter:grayscale(100%)}.wp-block-uagb-image--effect-blur img{filter:blur(0);transition:.35s ease-in-out}.wp-block-uagb-image--effect-blur:hover img{filter:blur(3px)}.uagb-block-e6f939b3.wp-block-uagb-image--layout-default figure img{box-shadow: 0px 0px 0 #00000070;}.uagb-block-e6f939b3.wp-block-uagb-image .wp-block-uagb-image__figure figcaption{font-style: normal;align-self: center;}.uagb-block-e6f939b3.wp-block-uagb-image--layout-overlay figure img{box-shadow: 0px 0px 0 #00000070;}.uagb-block-e6f939b3.wp-block-uagb-image--layout-overlay .wp-block-uagb-image--layout-overlay__color-wrapper{opacity: 0.2;}.uagb-block-e6f939b3.wp-block-uagb-image--layout-overlay .wp-block-uagb-image--layout-overlay__inner{left: 15px;right: 15px;top: 15px;bottom: 15px;}.uagb-block-e6f939b3.wp-block-uagb-image--layout-overlay .wp-block-uagb-image--layout-overlay__inner .uagb-image-heading{font-style: normal;color: #fff;opacity: 1;}.uagb-block-e6f939b3.wp-block-uagb-image--layout-overlay .wp-block-uagb-image--layout-overlay__inner .uagb-image-heading a{color: #fff;}.uagb-block-e6f939b3.wp-block-uagb-image--layout-overlay .wp-block-uagb-image--layout-overlay__inner .uagb-image-caption{opacity: 0;}.uagb-block-e6f939b3.wp-block-uagb-image--layout-overlay .wp-block-uagb-image__figure:hover .wp-block-uagb-image--layout-overlay__color-wrapper{opacity: 1;}.uagb-block-e6f939b3.wp-block-uagb-image .wp-block-uagb-image--layout-overlay__inner .uagb-image-separator{width: 30%;border-top-width: 2px;border-top-color: #fff;opacity: 0;}.uagb-block-e6f939b3.wp-block-uagb-image .wp-block-uagb-image__figure img{width: px;height: auto;}.uagb-block-e6f939b3.wp-block-uagb-image .wp-block-uagb-image__figure:hover .wp-block-uagb-image--layout-overlay__inner .uagb-image-caption{opacity: 1;}.uagb-block-e6f939b3.wp-block-uagb-image .wp-block-uagb-image__figure:hover .wp-block-uagb-image--layout-overlay__inner .uagb-image-separator{opacity: 1;}.uagb-block-e6f939b3.wp-block-uagb-image--layout-default figure:hover img{box-shadow: 0px 0px 0 #00000070;}.uagb-block-e6f939b3.wp-block-uagb-image--layout-overlay figure:hover img{box-shadow: 0px 0px 0 #00000070;}@media only screen and (max-width: 976px) {.uagb-block-e6f939b3.wp-block-uagb-image .wp-block-uagb-image__figure img{width: px;height: auto;}}@media only screen and (max-width: 767px) {.uagb-block-e6f939b3.wp-block-uagb-image .wp-block-uagb-image__figure img{width: px;height: auto;}}\";s:2:\"js\";s:0:\"\";s:18:\"current_block_list\";a:13:{i:0;s:11:\"core\/search\";i:1;s:10:\"core\/group\";i:2;s:12:\"core\/heading\";i:3;s:17:\"core\/latest-posts\";i:4;s:20:\"core\/latest-comments\";i:5;s:13:\"core\/archives\";i:6;s:15:\"core\/categories\";i:7;s:14:\"core\/paragraph\";i:8;s:10:\"uagb\/image\";i:9;s:11:\"core\/spacer\";i:10;s:30:\"woocommerce\/product-categories\";i:11;s:10:\"core\/image\";i:12;s:14:\"core\/shortcode\";}s:8:\"uag_flag\";b:1;s:11:\"uag_version\";s:10:\"1777068764\";s:6:\"gfonts\";a:0:{}s:10:\"gfonts_url\";s:0:\"\";s:12:\"gfonts_files\";a:0:{}s:14:\"uag_faq_layout\";b:0;}"]},"uagb_featured_image_src":{"full":["https:\/\/www.ferberpainting.com\/wp-content\/uploads\/2025\/05\/Desherbant_5L.jpg",2560,2560,false],"thumbnail":["https:\/\/www.ferberpainting.com\/wp-content\/uploads\/2025\/05\/Desherbant_5L-150x150.jpg",150,150,true],"medium":["https:\/\/www.ferberpainting.com\/wp-content\/uploads\/2025\/05\/Desherbant_5L-300x300.jpg",300,300,true],"medium_large":["https:\/\/www.ferberpainting.com\/wp-content\/uploads\/2025\/05\/Desherbant_5L-768x768.jpg",768,768,true],"large":["https:\/\/www.ferberpainting.com\/wp-content\/uploads\/2025\/05\/Desherbant_5L-1024x1024.jpg",1024,1024,true],"1536x1536":["https:\/\/www.ferberpainting.com\/wp-content\/uploads\/2025\/05\/Desherbant_5L-1536x1536.jpg",1536,1536,true],"2048x2048":["https:\/\/www.ferberpainting.com\/wp-content\/uploads\/2025\/05\/Desherbant_5L-2048x2048.jpg",2048,2048,true],"trp-custom-language-flag":["https:\/\/www.ferberpainting.com\/wp-content\/uploads\/2025\/05\/Desherbant_5L-12x12.jpg",12,12,true],"woocommerce_thumbnail":["https:\/\/www.ferberpainting.com\/wp-content\/uploads\/2025\/05\/Desherbant_5L-300x300.jpg",300,300,true],"woocommerce_single":["https:\/\/www.ferberpainting.com\/wp-content\/uploads\/2025\/05\/Desherbant_5L-600x600.jpg",600,600,true],"woocommerce_gallery_thumbnail":["https:\/\/www.ferberpainting.com\/wp-content\/uploads\/2025\/05\/Desherbant_5L-100x100.jpg",100,100,true]},"uagb_author_info":{"display_name":"admin","author_link":"https:\/\/www.ferberpainting.com\/hu\/author\/"},"uagb_comment_info":94,"uagb_excerpt":"Powerful systemic action that eliminates weeds down to the root. Our weed killer contains 360 g\/L of glyphosate, a highly effective systemic active ingredient that penetrates through the leaves and travels throughout the entire plant structure. Unlike contact herbicides that only burn the surface, this formula attacks weeds internally, destroying both visible growth and underground&hellip;","_links":{"self":[{"href":"https:\/\/www.ferberpainting.com\/hu\/wp-json\/wp\/v2\/product\/25652","targetHints":{"allow":["GET"]}}],"collection":[{"href":"https:\/\/www.ferberpainting.com\/hu\/wp-json\/wp\/v2\/product"}],"about":[{"href":"https:\/\/www.ferberpainting.com\/hu\/wp-json\/wp\/v2\/types\/product"}],"replies":[{"embeddable":true,"href":"https:\/\/www.ferberpainting.com\/hu\/wp-json\/wp\/v2\/comments?post=25652"}],"version-history":[{"count":4,"href":"https:\/\/www.ferberpainting.com\/hu\/wp-json\/wp\/v2\/product\/25652\/revisions"}],"predecessor-version":[{"id":169102,"href":"https:\/\/www.ferberpainting.com\/hu\/wp-json\/wp\/v2\/product\/25652\/revisions\/169102"}],"wp:featuredmedia":[{"embeddable":true,"href":"https:\/\/www.ferberpainting.com\/hu\/wp-json\/wp\/v2\/media\/27456"}],"wp:attachment":[{"href":"https:\/\/www.ferberpainting.com\/hu\/wp-json\/wp\/v2\/media?parent=25652"}],"wp:term":[{"taxonomy":"product_brand","embeddable":true,"href":"https:\/\/www.ferberpainting.com\/hu\/wp-json\/wp\/v2\/product_brand?post=25652"},{"taxonomy":"product_cat","embeddable":true,"href":"https:\/\/www.ferberpainting.com\/hu\/wp-json\/wp\/v2\/product_cat?post=25652"},{"taxonomy":"product_tag","embeddable":true,"href":"https:\/\/www.ferberpainting.com\/hu\/wp-json\/wp\/v2\/product_tag?post=25652"}],"curies":[{"name":"wp","href":"https:\/\/api.w.org\/{rel}","templated":true}]}}