{"id":25643,"date":"2025-06-30T17:27:55","date_gmt":"2025-06-30T15:27:55","guid":{"rendered":"https:\/\/www.ferberpainting.com\/?post_type=product&#038;p=25643"},"modified":"2026-02-17T21:04:20","modified_gmt":"2026-02-17T20:04:20","slug":"water-softener-resin-cleaner","status":"publish","type":"product","link":"https:\/\/www.ferberpainting.com\/hu\/products\/water-softener-resin-cleaner\/","title":{"rendered":"Gyantatiszt\u00edt\u00f3 v\u00edzl\u00e1gy\u00edt\u00f3hoz"},"content":{"rendered":"<p><strong><img decoding=\"async\" style=\"margin-right: 12px;\" src=\"https:\/\/www.ferberpainting.com\/wp-content\/uploads\/2026\/02\/Check.svg\" alt=\"\" width=\"18\" height=\"15\" \/>Optim\u00e1lis hat\u00e9konys\u00e1g.<\/strong>\u00a0Speci\u00e1lisan \u00f6ssze\u00e1ll\u00edtott \u00f6sszet\u00e9tel\u00e9nek k\u00f6sz\u00f6nhet\u0151en ez a v\u00edzl\u00e1gy\u00edt\u00f3khoz val\u00f3 gyantatiszt\u00edt\u00f3 hat\u00e9konyan elt\u00e1vol\u00edtja a rendszer gyant\u00e1j\u00e1ban felhalmoz\u00f3d\u00f3 \u00e1sv\u00e1nyi lerak\u00f3d\u00e1sokat, vasmaradv\u00e1nyokat, v\u00edzk\u0151 \u00e9s szennyez\u0151d\u00e9seket. A gyanta ioncser\u00e9l\u0151 kapacit\u00e1s\u00e1nak helyre\u00e1ll\u00edt\u00e1s\u00e1val optim\u00e1lis teljes\u00edtm\u00e9nyt biztos\u00edt, garant\u00e1lva a kiv\u00e1l\u00f3 min\u0151s\u00e9g\u0171 l\u00e1gy\u00edtott vizet \u00e9s a t\u00f6k\u00e9letesen m\u0171k\u00f6d\u0151 v\u00edzl\u00e1gy\u00edt\u00f3t.<\/p>\n<p><strong><img decoding=\"async\" style=\"margin-right: 12px;\" src=\"https:\/\/www.ferberpainting.com\/wp-content\/uploads\/2026\/02\/Check.svg\" alt=\"\" width=\"18\" height=\"15\" \/>P\u00e9nzvisszafizet\u00e9si garancia.<\/strong>\u00a0B\u00edzunk tiszt\u00edt\u00f3szer\u00fcnk hat\u00e9konys\u00e1g\u00e1ban \u00e9s abban, hogy k\u00e9pes meghosszabb\u00edtani a v\u00edzl\u00e1gy\u00edt\u00f3 \u00e9lettartam\u00e1t. Ha a haszn\u00e1lat ut\u00e1n nem teljesen el\u00e9gedett az eredm\u00e9nnyel, teljes visszat\u00e9r\u00edt\u00e9sre jogosult. Pr\u00f3b\u00e1lja ki term\u00e9k\u00fcnket teljes bizalommal \u00e9s kock\u00e1zat n\u00e9lk\u00fcl.<\/p>\n<p><strong><img decoding=\"async\" style=\"margin-right: 12px;\" src=\"https:\/\/www.ferberpainting.com\/wp-content\/uploads\/2026\/02\/Check.svg\" alt=\"\" width=\"18\" height=\"15\" \/>Kiv\u00e9teles sokoldal\u00fas\u00e1g.<\/strong>\u00a0Ez a tiszt\u00edt\u00f3szer nem korl\u00e1toz\u00f3dik a h\u00e1ztart\u00e1si l\u00e1gy\u00edt\u00f3kra! A v\u00edzkezel\u0151 rendszerek sz\u00e9les sk\u00e1l\u00e1j\u00e1val kompatibilis, bele\u00e9rtve az ipari v\u00edzl\u00e1gy\u00edt\u00f3kat, sz\u0171r\u0151\u00e1llom\u00e1sokat, mez\u0151gazdas\u00e1gi vagy ipari v\u00edzkezel\u0151 egys\u00e9geket. Minden t\u00edpus\u00fa ioncser\u00e9l\u0151 gyant\u00e1n m\u0171k\u00f6dik, legyen sz\u00f3 szulfon\u00e1lt polisztirol gy\u00f6ngy\u00f6kr\u0151l vagy m\u00e1s szintetikus anyagokr\u00f3l.<\/p>\n<p><strong><img decoding=\"async\" style=\"margin-right: 12px;\" src=\"https:\/\/www.ferberpainting.com\/wp-content\/uploads\/2026\/02\/Check.svg\" alt=\"\" width=\"18\" height=\"15\" \/>K\u00f6lts\u00e9ghat\u00e9kony teljes\u00edtm\u00e9ny.<\/strong>\u00a0Az 5 literes tart\u00e1lyos form\u00e1tummal \u00e9s koncentr\u00e1lt formul\u00e1val ez a tiszt\u00edt\u00f3szer kiv\u00e9teles hat\u00e9konys\u00e1got biztos\u00edt. Egyetlen kezel\u00e9s t\u00f6bb regener\u00e1l\u00e1si ciklust is t\u00e1mogat, \u00e9s minden egyes liter term\u00e9k ak\u00e1r 100 liter gyant\u00e1t is megtiszt\u00edt. Hosszan tart\u00f3 hat\u00e9konys\u00e1ga cs\u00f6kkenti a karbantart\u00e1s gyakoris\u00e1g\u00e1t \u00e9s a regener\u00e1l\u00f3szer-fogyaszt\u00e1st, hossz\u00fa t\u00e1v\u00fa megtakar\u00edt\u00e1st eredm\u00e9nyezve.<\/p>\n<p><strong><img decoding=\"async\" style=\"margin-right: 12px;\" src=\"https:\/\/www.ferberpainting.com\/wp-content\/uploads\/2026\/02\/Check.svg\" alt=\"\" width=\"18\" height=\"15\" \/>Biztons\u00e1gosan haszn\u00e1lhat\u00f3.<\/strong>\u00a0Az agressz\u00edv tiszt\u00edt\u00f3szerekkel ellent\u00e9tben ezt a term\u00e9ket \u00fagy tervezt\u00e9k, hogy biztons\u00e1gos legyen a v\u00edzl\u00e1gy\u00edt\u00f3 bels\u0151 alkatr\u00e9szei sz\u00e1m\u00e1ra. Nem tartalmaz mar\u00f3 old\u00f3szereket vagy k\u00f6rnyezetre k\u00e1ros anyagokat. Az utas\u00edt\u00e1soknak megfelel\u0151en haszn\u00e1lva nem jelent vesz\u00e9lyt a cs\u00f6vekre, t\u00f6m\u00edt\u00e9sekre vagy a rendszer s\u00f3oldattart\u00e1ly\u00e1ra.<\/p>\n<p><strong><img decoding=\"async\" style=\"margin-right: 12px;\" src=\"https:\/\/www.ferberpainting.com\/wp-content\/uploads\/2026\/02\/Check.svg\" alt=\"\" width=\"18\" height=\"15\" \/>K\u00f6nny\u0171 haszn\u00e1lat.<\/strong>\u00a0Ez a tiszt\u00edt\u00f3szer haszn\u00e1latra k\u00e9sz, nem ig\u00e9nyel h\u00edg\u00edt\u00e1st vagy bonyolult kezel\u00e9st. Egyszer\u0171en \u00f6ntse k\u00f6zvetlen\u00fcl a s\u00f3oldattart\u00e1lyba vagy a gyanta regener\u00e1l\u00f3 k\u00f6rbe, \u00edgy azonnal hatni tud. Gyors \u00e9s intuit\u00edv haszn\u00e1lata biztos\u00edtja a hat\u00e9kony karbantart\u00e1st er\u0151fesz\u00edt\u00e9s n\u00e9lk\u00fcl.<\/p>\n<p><strong><img decoding=\"async\" style=\"margin-right: 12px;\" src=\"https:\/\/www.ferberpainting.com\/wp-content\/uploads\/2026\/02\/Check.svg\" alt=\"\" width=\"18\" height=\"15\" \/>Hossz\u00fa \u00e9lettartam.<\/strong>\u00a0A szennyez\u0151d\u00e9sek elt\u00e1vol\u00edt\u00e1s\u00e1val \u00e9s a gyanta ioncser\u00e9l\u0151 kapacit\u00e1s\u00e1nak optimaliz\u00e1l\u00e1s\u00e1val ez a tiszt\u00edt\u00f3szer jelent\u0151sen meghosszabb\u00edtja a v\u00edzl\u00e1gy\u00edt\u00f3 \u00e9lettartam\u00e1t. A term\u00e9k rendszeres haszn\u00e1lata megakad\u00e1lyozza a korai elt\u00f6m\u0151d\u00e9st, cs\u00f6kkenti a k\u00f6lts\u00e9ges jav\u00edt\u00e1sokat, \u00e9s biztos\u00edtja a rendszer egyenletes teljes\u00edtm\u00e9ny\u00e9t hossz\u00fa \u00e9veken kereszt\u00fcl.<\/p>\n<p><strong><img decoding=\"async\" style=\"margin-right: 12px;\" src=\"https:\/\/www.ferberpainting.com\/wp-content\/uploads\/2026\/02\/Check.svg\" alt=\"\" width=\"18\" height=\"15\" \/>Gyors cselekv\u00e9s.<\/strong>\u00a0Amint bel\u00e9p a regener\u00e1l\u00f3 k\u00f6rbe, ez a tiszt\u00edt\u00f3szer n\u00e9h\u00e1ny perc alatt elkezdi feloldani az \u00e1sv\u00e1nyi lerak\u00f3d\u00e1sokat \u00e9s szennyez\u0151d\u00e9seket. Hat\u00e9konyan kezeli m\u00e9g a legmakacsabb maradv\u00e1nyokat is, lehet\u0151v\u00e9 t\u00e9ve a gyanta gyors \u00fajraind\u00edt\u00e1s\u00e1t an\u00e9lk\u00fcl, hogy hossz\u00fa \u00e1ll\u00e1sid\u0151t ig\u00e9nyelne. Ide\u00e1lis az expressz karbantart\u00e1shoz, mik\u00f6zben optim\u00e1lis eredm\u00e9nyeket biztos\u00edt.<\/p>\n<h2><strong>Haszn\u00e1lati protokoll<\/strong><\/h2>\n<ul>\n<li><strong>El\u0151k\u00e9sz\u00edt\u00e9s <\/strong>: Ellen\u0151rizze, hogy a v\u00edzl\u00e1gy\u00edt\u00f3 s\u00f3oldattart\u00e1lya elegend\u0151 vizet tartalmaz-e a tiszt\u00edt\u00f3szer term\u00e9szetes h\u00edg\u00edt\u00e1s\u00e1hoz.<\/li>\n<li><strong>Adagol\u00e1s <\/strong>: \u00d6nts\u00f6n 250 ml term\u00e9ket k\u00f6zvetlen\u00fcl a s\u00f3oldattart\u00e1lyba vagy a v\u00edzl\u00e1gy\u00edt\u00f3 regener\u00e1ci\u00f3s rekesz\u00e9be. Er\u0151sen szennyezett l\u00e1gy\u00edt\u00f3 eset\u00e9n 500 ml-es adag is haszn\u00e1lhat\u00f3.<\/li>\n<li><strong>Indul\u00e1s <\/strong>: K\u00e9zzel ind\u00edtsa el a regener\u00e1l\u00e1si ciklust, hogy a tiszt\u00edt\u00f3szer \u00e1tj\u00e1rja a gyant\u00e1t \u00e9s elt\u00e1vol\u00edtsa a lerak\u00f3d\u00e1sokat.<\/li>\n<li><strong>\u00d6bl\u00edt\u00e9s <\/strong>: A regener\u00e1l\u00e1si ciklus v\u00e9g\u00e9n aj\u00e1nlott egy tov\u00e1bbi \u00f6bl\u00edt\u00e9si ciklus lefuttat\u00e1sa a marad\u00e9k term\u00e9kmaradv\u00e1nyok ki\u00f6bl\u00edt\u00e9se \u00e9rdek\u00e9ben.<\/li>\n<li><strong>Haszn\u00e1lati gyakoris\u00e1g <\/strong>: Haszn\u00e1lja ezt a tiszt\u00edt\u00f3szert 3-6 havonta egyszer, a v\u00edz kem\u00e9nys\u00e9g\u00e9t\u0151l \u00e9s a v\u00edzl\u00e1gy\u00edt\u00f3 haszn\u00e1lat\u00e1nak gyakoris\u00e1g\u00e1t\u00f3l f\u00fcgg\u0151en.<\/li>\n<li><strong>T\u00e1rol\u00e1s <\/strong>: Tartsa a tart\u00e1lyt szorosan lez\u00e1rva, sz\u00e1raz, m\u00e9rs\u00e9kelt h\u0151m\u00e9rs\u00e9klet\u0171 helyen, f\u00e9nyt\u0151l \u00e9s sz\u00e9ls\u0151s\u00e9ges h\u0151m\u00e9rs\u00e9klett\u0151l v\u00e9dve, hogy meg\u0151rizze hat\u00e9konys\u00e1g\u00e1t.<\/li>\n<\/ul>\n<p>A v\u00edzl\u00e1gy\u00edt\u00f3khoz val\u00f3 gyantatiszt\u00edt\u00f3nkkal optimaliz\u00e1lhatja a rendszer teljes\u00edtm\u00e9ny\u00e9t, meghosszabb\u00edthatja \u00e9lettartam\u00e1t, \u00e9s minden nap \u00e9lvezheti a kiv\u00e1l\u00f3 min\u0151s\u00e9g\u0171 l\u00e1gy\u00edtott vizet.<\/p>","protected":false},"excerpt":{"rendered":"<p>Optimal efficiency.\u00a0Thanks to its specially formulated composition, this resin cleaner for water softeners effectively eliminates mineral deposits, iron residues, scale, and impurities that build up in your system\u2019s resin. It ensures optimal performance by restoring the resin\u2019s ion exchange capacity, guaranteeing high-quality softened water and a perfectly functioning softener. Money-back guarantee.\u00a0We are confident in the [&hellip;]<\/p>\n","protected":false},"featured_media":35763,"comment_status":"open","ping_status":"closed","template":"","meta":{"_uag_custom_page_level_css":"","site-sidebar-layout":"default","site-content-layout":"","ast-site-content-layout":"default","site-content-style":"default","site-sidebar-style":"default","ast-global-header-display":"","ast-banner-title-visibility":"","ast-main-header-display":"","ast-hfb-above-header-display":"","ast-hfb-below-header-display":"","ast-hfb-mobile-header-display":"","site-post-title":"","ast-breadcrumbs-content":"","ast-featured-img":"","footer-sml-layout":"","ast-disable-related-posts":"","theme-transparent-header-meta":"default","adv-header-id-meta":"","stick-header-meta":"","header-above-stick-meta":"","header-main-stick-meta":"","header-below-stick-meta":"","astra-migrate-meta-layouts":"set","ast-page-background-enabled":"default","ast-page-background-meta":{"desktop":{"background-color":"var(--ast-global-color-4)","background-image":"","background-repeat":"repeat","background-position":"center center","background-size":"auto","background-attachment":"scroll","background-type":"","background-media":"","overlay-type":"","overlay-color":"","overlay-opacity":"","overlay-gradient":""},"tablet":{"background-color":"","background-image":"","background-repeat":"repeat","background-position":"center center","background-size":"auto","background-attachment":"scroll","background-type":"","background-media":"","overlay-type":"","overlay-color":"","overlay-opacity":"","overlay-gradient":""},"mobile":{"background-color":"","background-image":"","background-repeat":"repeat","background-position":"center center","background-size":"auto","background-attachment":"scroll","background-type":"","background-media":"","overlay-type":"","overlay-color":"","overlay-opacity":"","overlay-gradient":""}},"ast-content-background-meta":{"desktop":{"background-color":"var(--ast-global-color-5)","background-image":"","background-repeat":"repeat","background-position":"center center","background-size":"auto","background-attachment":"scroll","background-type":"","background-media":"","overlay-type":"","overlay-color":"","overlay-opacity":"","overlay-gradient":""},"tablet":{"background-color":"var(--ast-global-color-5)","background-image":"","background-repeat":"repeat","background-position":"center center","background-size":"auto","background-attachment":"scroll","background-type":"","background-media":"","overlay-type":"","overlay-color":"","overlay-opacity":"","overlay-gradient":""},"mobile":{"background-color":"var(--ast-global-color-5)","background-image":"","background-repeat":"repeat","background-position":"center center","background-size":"auto","background-attachment":"scroll","background-type":"","background-media":"","overlay-type":"","overlay-color":"","overlay-opacity":"","overlay-gradient":""}}},"product_brand":[],"product_cat":[175],"product_tag":[],"class_list":{"0":"post-25643","1":"product","2":"type-product","3":"status-publish","4":"has-post-thumbnail","6":"product_cat-cleaning-products","7":"desktop-align-left","8":"tablet-align-left","9":"mobile-align-left","11":"first","12":"instock","13":"sale","14":"shipping-taxable","15":"purchasable","16":"product-type-variable","17":"has-default-attributes"},"spectra_custom_meta":{"_visibility":["visible"],"_shopify_product_id":["9100821004533"],"_s2w_shopify_domain":["ferberpainting.myshopify.com"],"_shopify_variant_id":["46610373443829"],"_sku":[""],"_manage_stock":["no"],"total_sales":["308"],"_tax_status":["taxable"],"_tax_class":[""],"_backorders":["no"],"_sold_individually":["no"],"_virtual":["no"],"_downloadable":["no"],"_download_limit":["-1"],"_download_expiry":["-1"],"_stock":[null],"_stock_status":["instock"],"_wc_average_rating":["5.00"],"_wc_review_count":["39"],"_product_attributes":["a:1:{s:6:\"volume\";a:6:{s:4:\"name\";s:6:\"Volume\";s:5:\"value\";s:20:\"5 liters | 25 liters\";s:8:\"position\";i:1;s:10:\"is_visible\";i:0;s:12:\"is_variation\";i:1;s:11:\"is_taxonomy\";i:0;}}"],"_product_version":["10.5.2"],"wpse_downloadable_file_names":[""],"wpse_downloadable_file_urls":[""],"_edit_last":["1"],"_default_attributes":["a:1:{s:6:\"volume\";s:8:\"5 liters\";}"],"_edit_lock":["1771358523:1"],"merchant-center-availability":["yes"],"merchant-center-category":["2273"],"_thumbnail_id":["35763"],"_wp_page_template":["default"],"_wp_old_date":["2025-05-26"],"_product_image_gallery":["35764"],"site-sidebar-layout":["default"],"ast-site-content-layout":["default"],"site-content-style":["default"],"site-sidebar-style":["default"],"theme-transparent-header-meta":["default"],"_wc_rating_count":["a:1:{i:5;i:39;}"],"_price":["29.90","129.90"],"astra-migrate-meta-layouts":["set"],"_uag_css_file_name":["uag-css-25643.css"],"_elementor_page_assets":["a:0:{}"],"_uag_page_assets":["a:9:{s:3:\"css\";s:6873:\".wp-block-uagb-image{display:flex}.wp-block-uagb-image__figure{position:relative;display:flex;flex-direction:column;max-width:100%;height:auto;margin:0}.wp-block-uagb-image__figure img{height:auto;display:flex;max-width:100%;transition:box-shadow .2s ease}.wp-block-uagb-image__figure>a{display:inline-block}.wp-block-uagb-image__figure figcaption{text-align:center;margin-top:.5em;margin-bottom:1em}.wp-block-uagb-image .components-placeholder.block-editor-media-placeholder .components-placeholder__instructions{align-self:center}.wp-block-uagb-image--align-left{text-align:left}.wp-block-uagb-image--align-right{text-align:right}.wp-block-uagb-image--align-center{text-align:center}.wp-block-uagb-image--align-full .wp-block-uagb-image__figure{margin-left:calc(50% - 50vw);margin-right:calc(50% - 50vw);max-width:100vw;width:100vw;height:auto}.wp-block-uagb-image--align-full .wp-block-uagb-image__figure img{height:auto;width:100% !important}.wp-block-uagb-image--align-wide .wp-block-uagb-image__figure img{height:auto;width:100%}.wp-block-uagb-image--layout-overlay__color-wrapper{position:absolute;left:0;top:0;right:0;bottom:0;opacity:.2;background:rgba(0,0,0,.5);transition:opacity .35s ease-in-out}.wp-block-uagb-image--layout-overlay-link{position:absolute;left:0;right:0;bottom:0;top:0}.wp-block-uagb-image--layout-overlay .wp-block-uagb-image__figure:hover .wp-block-uagb-image--layout-overlay__color-wrapper{opacity:1}.wp-block-uagb-image--layout-overlay__inner{position:absolute;left:15px;right:15px;bottom:15px;top:15px;display:flex;align-items:center;justify-content:center;flex-direction:column;border-color:#fff;transition:.35s ease-in-out}.wp-block-uagb-image--layout-overlay__inner.top-left,.wp-block-uagb-image--layout-overlay__inner.top-center,.wp-block-uagb-image--layout-overlay__inner.top-right{justify-content:flex-start}.wp-block-uagb-image--layout-overlay__inner.bottom-left,.wp-block-uagb-image--layout-overlay__inner.bottom-center,.wp-block-uagb-image--layout-overlay__inner.bottom-right{justify-content:flex-end}.wp-block-uagb-image--layout-overlay__inner.top-left,.wp-block-uagb-image--layout-overlay__inner.center-left,.wp-block-uagb-image--layout-overlay__inner.bottom-left{align-items:flex-start}.wp-block-uagb-image--layout-overlay__inner.top-right,.wp-block-uagb-image--layout-overlay__inner.center-right,.wp-block-uagb-image--layout-overlay__inner.bottom-right{align-items:flex-end}.wp-block-uagb-image--layout-overlay__inner .uagb-image-heading{color:#fff;transition:transform .35s,opacity .35s ease-in-out;transform:translate3d(0, 24px, 0);margin:0;line-height:1em}.wp-block-uagb-image--layout-overlay__inner .uagb-image-separator{width:30%;border-top-width:2px;border-top-color:#fff;border-top-style:solid;margin-bottom:10px;opacity:0;transition:transform .4s,opacity .4s ease-in-out;transform:translate3d(0, 30px, 0)}.wp-block-uagb-image--layout-overlay__inner .uagb-image-caption{opacity:0;overflow:visible;color:#fff;transition:transform .45s,opacity .45s ease-in-out;transform:translate3d(0, 35px, 0)}.wp-block-uagb-image--layout-overlay__inner:hover .uagb-image-heading,.wp-block-uagb-image--layout-overlay__inner:hover .uagb-image-separator,.wp-block-uagb-image--layout-overlay__inner:hover .uagb-image-caption{opacity:1;transform:translate3d(0, 0, 0)}.wp-block-uagb-image--effect-zoomin .wp-block-uagb-image__figure img,.wp-block-uagb-image--effect-zoomin .wp-block-uagb-image__figure .wp-block-uagb-image--layout-overlay__color-wrapper{transform:scale(1);transition:transform .35s ease-in-out}.wp-block-uagb-image--effect-zoomin .wp-block-uagb-image__figure:hover img,.wp-block-uagb-image--effect-zoomin .wp-block-uagb-image__figure:hover .wp-block-uagb-image--layout-overlay__color-wrapper{transform:scale(1.05)}.wp-block-uagb-image--effect-slide .wp-block-uagb-image__figure img,.wp-block-uagb-image--effect-slide .wp-block-uagb-image__figure .wp-block-uagb-image--layout-overlay__color-wrapper{width:calc(100% + 40px) !important;max-width:none !important;transform:translate3d(-40px, 0, 0);transition:transform .35s ease-in-out}.wp-block-uagb-image--effect-slide .wp-block-uagb-image__figure:hover img,.wp-block-uagb-image--effect-slide .wp-block-uagb-image__figure:hover .wp-block-uagb-image--layout-overlay__color-wrapper{transform:translate3d(0, 0, 0)}.wp-block-uagb-image--effect-grayscale img{filter:grayscale(0%);transition:.35s ease-in-out}.wp-block-uagb-image--effect-grayscale:hover img{filter:grayscale(100%)}.wp-block-uagb-image--effect-blur img{filter:blur(0);transition:.35s ease-in-out}.wp-block-uagb-image--effect-blur:hover img{filter:blur(3px)}.uagb-block-e6f939b3.wp-block-uagb-image--layout-default figure img{box-shadow: 0px 0px 0 #00000070;}.uagb-block-e6f939b3.wp-block-uagb-image .wp-block-uagb-image__figure figcaption{font-style: normal;align-self: center;}.uagb-block-e6f939b3.wp-block-uagb-image--layout-overlay figure img{box-shadow: 0px 0px 0 #00000070;}.uagb-block-e6f939b3.wp-block-uagb-image--layout-overlay .wp-block-uagb-image--layout-overlay__color-wrapper{opacity: 0.2;}.uagb-block-e6f939b3.wp-block-uagb-image--layout-overlay .wp-block-uagb-image--layout-overlay__inner{left: 15px;right: 15px;top: 15px;bottom: 15px;}.uagb-block-e6f939b3.wp-block-uagb-image--layout-overlay .wp-block-uagb-image--layout-overlay__inner .uagb-image-heading{font-style: normal;color: #fff;opacity: 1;}.uagb-block-e6f939b3.wp-block-uagb-image--layout-overlay .wp-block-uagb-image--layout-overlay__inner .uagb-image-heading a{color: #fff;}.uagb-block-e6f939b3.wp-block-uagb-image--layout-overlay .wp-block-uagb-image--layout-overlay__inner .uagb-image-caption{opacity: 0;}.uagb-block-e6f939b3.wp-block-uagb-image--layout-overlay .wp-block-uagb-image__figure:hover .wp-block-uagb-image--layout-overlay__color-wrapper{opacity: 1;}.uagb-block-e6f939b3.wp-block-uagb-image .wp-block-uagb-image--layout-overlay__inner .uagb-image-separator{width: 30%;border-top-width: 2px;border-top-color: #fff;opacity: 0;}.uagb-block-e6f939b3.wp-block-uagb-image .wp-block-uagb-image__figure img{width: px;height: auto;}.uagb-block-e6f939b3.wp-block-uagb-image .wp-block-uagb-image__figure:hover .wp-block-uagb-image--layout-overlay__inner .uagb-image-caption{opacity: 1;}.uagb-block-e6f939b3.wp-block-uagb-image .wp-block-uagb-image__figure:hover .wp-block-uagb-image--layout-overlay__inner .uagb-image-separator{opacity: 1;}.uagb-block-e6f939b3.wp-block-uagb-image--layout-default figure:hover img{box-shadow: 0px 0px 0 #00000070;}.uagb-block-e6f939b3.wp-block-uagb-image--layout-overlay figure:hover img{box-shadow: 0px 0px 0 #00000070;}@media only screen and (max-width: 976px) {.uagb-block-e6f939b3.wp-block-uagb-image .wp-block-uagb-image__figure img{width: px;height: auto;}}@media only screen and (max-width: 767px) {.uagb-block-e6f939b3.wp-block-uagb-image .wp-block-uagb-image__figure img{width: px;height: auto;}}\";s:2:\"js\";s:0:\"\";s:18:\"current_block_list\";a:13:{i:0;s:11:\"core\/search\";i:1;s:10:\"core\/group\";i:2;s:12:\"core\/heading\";i:3;s:17:\"core\/latest-posts\";i:4;s:20:\"core\/latest-comments\";i:5;s:13:\"core\/archives\";i:6;s:15:\"core\/categories\";i:7;s:14:\"core\/paragraph\";i:8;s:10:\"uagb\/image\";i:9;s:11:\"core\/spacer\";i:10;s:30:\"woocommerce\/product-categories\";i:11;s:10:\"core\/image\";i:12;s:14:\"core\/shortcode\";}s:8:\"uag_flag\";b:1;s:11:\"uag_version\";s:10:\"1777088953\";s:6:\"gfonts\";a:0:{}s:10:\"gfonts_url\";s:0:\"\";s:12:\"gfonts_files\";a:0:{}s:14:\"uag_faq_layout\";b:0;}"]},"uagb_featured_image_src":{"full":["https:\/\/www.ferberpainting.com\/wp-content\/uploads\/2025\/05\/Water-Softener-Resin-Cleaner-5L.png",2560,2560,false],"thumbnail":["https:\/\/www.ferberpainting.com\/wp-content\/uploads\/2025\/05\/Water-Softener-Resin-Cleaner-5L-150x150.png",150,150,true],"medium":["https:\/\/www.ferberpainting.com\/wp-content\/uploads\/2025\/05\/Water-Softener-Resin-Cleaner-5L-300x300.png",300,300,true],"medium_large":["https:\/\/www.ferberpainting.com\/wp-content\/uploads\/2025\/05\/Water-Softener-Resin-Cleaner-5L-768x768.png",768,768,true],"large":["https:\/\/www.ferberpainting.com\/wp-content\/uploads\/2025\/05\/Water-Softener-Resin-Cleaner-5L-1024x1024.png",1024,1024,true],"1536x1536":["https:\/\/www.ferberpainting.com\/wp-content\/uploads\/2025\/05\/Water-Softener-Resin-Cleaner-5L-1536x1536.png",1536,1536,true],"2048x2048":["https:\/\/www.ferberpainting.com\/wp-content\/uploads\/2025\/05\/Water-Softener-Resin-Cleaner-5L-2048x2048.png",2048,2048,true],"trp-custom-language-flag":["https:\/\/www.ferberpainting.com\/wp-content\/uploads\/2025\/05\/Water-Softener-Resin-Cleaner-5L-12x12.png",12,12,true],"woocommerce_thumbnail":["https:\/\/www.ferberpainting.com\/wp-content\/uploads\/2025\/05\/Water-Softener-Resin-Cleaner-5L-300x300.png",300,300,true],"woocommerce_single":["https:\/\/www.ferberpainting.com\/wp-content\/uploads\/2025\/05\/Water-Softener-Resin-Cleaner-5L-600x600.png",600,600,true],"woocommerce_gallery_thumbnail":["https:\/\/www.ferberpainting.com\/wp-content\/uploads\/2025\/05\/Water-Softener-Resin-Cleaner-5L-100x100.png",100,100,true]},"uagb_author_info":{"display_name":"admin","author_link":"https:\/\/www.ferberpainting.com\/hu\/author\/"},"uagb_comment_info":39,"uagb_excerpt":"Optimal efficiency.\u00a0Thanks to its specially formulated composition, this resin cleaner for water softeners effectively eliminates mineral deposits, iron residues, scale, and impurities that build up in your system\u2019s resin. It ensures optimal performance by restoring the resin\u2019s ion exchange capacity, guaranteeing high-quality softened water and a perfectly functioning softener. Money-back guarantee.\u00a0We are confident in the&hellip;","_links":{"self":[{"href":"https:\/\/www.ferberpainting.com\/hu\/wp-json\/wp\/v2\/product\/25643","targetHints":{"allow":["GET"]}}],"collection":[{"href":"https:\/\/www.ferberpainting.com\/hu\/wp-json\/wp\/v2\/product"}],"about":[{"href":"https:\/\/www.ferberpainting.com\/hu\/wp-json\/wp\/v2\/types\/product"}],"replies":[{"embeddable":true,"href":"https:\/\/www.ferberpainting.com\/hu\/wp-json\/wp\/v2\/comments?post=25643"}],"version-history":[{"count":4,"href":"https:\/\/www.ferberpainting.com\/hu\/wp-json\/wp\/v2\/product\/25643\/revisions"}],"predecessor-version":[{"id":168854,"href":"https:\/\/www.ferberpainting.com\/hu\/wp-json\/wp\/v2\/product\/25643\/revisions\/168854"}],"wp:featuredmedia":[{"embeddable":true,"href":"https:\/\/www.ferberpainting.com\/hu\/wp-json\/wp\/v2\/media\/35763"}],"wp:attachment":[{"href":"https:\/\/www.ferberpainting.com\/hu\/wp-json\/wp\/v2\/media?parent=25643"}],"wp:term":[{"taxonomy":"product_brand","embeddable":true,"href":"https:\/\/www.ferberpainting.com\/hu\/wp-json\/wp\/v2\/product_brand?post=25643"},{"taxonomy":"product_cat","embeddable":true,"href":"https:\/\/www.ferberpainting.com\/hu\/wp-json\/wp\/v2\/product_cat?post=25643"},{"taxonomy":"product_tag","embeddable":true,"href":"https:\/\/www.ferberpainting.com\/hu\/wp-json\/wp\/v2\/product_tag?post=25643"}],"curies":[{"name":"wp","href":"https:\/\/api.w.org\/{rel}","templated":true}]}}