{"id":25639,"date":"2025-05-26T10:32:59","date_gmt":"2025-05-26T08:32:59","guid":{"rendered":"https:\/\/www.ferberpainting.com\/products\/water-lily-fertilizer\/"},"modified":"2026-02-17T20:57:37","modified_gmt":"2026-02-17T19:57:37","slug":"water-lily-fertilizer","status":"publish","type":"product","link":"https:\/\/www.ferberpainting.com\/hu\/products\/water-lily-fertilizer\/","title":{"rendered":"V\u00edzililiom m\u0171tr\u00e1gya 25 kg"},"content":{"rendered":"<p><strong><img decoding=\"async\" style=\"margin-right: 12px;\" src=\"https:\/\/www.ferberpainting.com\/wp-content\/uploads\/2026\/02\/Check.svg\" alt=\"\" width=\"18\" height=\"15\" \/>Kifejezetten b\u0151s\u00e9ges vir\u00e1gz\u00e1s \u00e9s d\u00fas lombozat \u00e9rdek\u00e9ben kifejlesztett m\u0171tr\u00e1gya.<\/strong>\u00a0A tavir\u00f3zsa egy szimbolikus v\u00edzi n\u00f6v\u00e9ny, amelyet pomp\u00e1s \u00fasz\u00f3 vir\u00e1gai \u00e9s eleg\u00e1ns lombja miatt becs\u00fclnek. A b\u0151s\u00e9ges vir\u00e1gz\u00e1s \u00e9s az optim\u00e1lis fejl\u0151d\u00e9s biztos\u00edt\u00e1sa \u00e9rdek\u00e9ben elengedhetetlen a megfelel\u0151 t\u00e1panyagell\u00e1t\u00e1s. Ez az NPK 10-10-10 m\u0171tr\u00e1gya kiegyens\u00falyozott t\u00e1panyagell\u00e1t\u00e1st biztos\u00edt, nitrog\u00e9nnel (N) a levelek n\u00f6veked\u00e9s\u00e9nek serkent\u00e9s\u00e9hez, foszforral (P) a gy\u00f6k\u00e9r- \u00e9s vir\u00e1gfejl\u0151d\u00e9s el\u0151seg\u00edt\u00e9s\u00e9hez, k\u00e1liummal (K) pedig a n\u00f6v\u00e9ny ellen\u00e1ll\u00f3 k\u00e9pess\u00e9g\u00e9nek er\u0151s\u00edt\u00e9s\u00e9hez \u00e9s a n\u00f6v\u00e9ny \u00e9leterej\u00e9nek jav\u00edt\u00e1s\u00e1hoz. Ennek a m\u0171tr\u00e1gy\u00e1nak k\u00f6sz\u00f6nhet\u0151en az \u00d6n tavir\u00f3zs\u00e1i t\u00f6bb vir\u00e1got fognak hozni, z\u00f6ldebbek lesznek a levelei, \u00e9s eg\u00e9sz szezonban jobb eg\u00e9szs\u00e9gi \u00e1llapotban maradnak.<\/p>\n<p><strong><img decoding=\"async\" style=\"margin-right: 12px;\" src=\"https:\/\/www.ferberpainting.com\/wp-content\/uploads\/2026\/02\/Check.svg\" alt=\"\" width=\"18\" height=\"15\" \/>P\u00e9nzvisszafizet\u00e9si garancia.<\/strong>\u00a0Teljes m\u00e9rt\u00e9kben b\u00edzunk a tavir\u00f3zsatr\u00e1gy\u00e1nk hat\u00e9konys\u00e1g\u00e1ban, ez\u00e9rt p\u00e9nzvisszafizet\u00e9si garanci\u00e1t v\u00e1llalunk. Ha az aj\u00e1nl\u00e1sainknak megfelel\u0151 haszn\u00e1lat ut\u00e1n n\u00f6v\u00e9nye nem mutat l\u00e1that\u00f3 javul\u00e1st a vir\u00e1gz\u00e1s, a lombozat vagy a vitalit\u00e1s ter\u00e9n, teljes \u00f6sszeg\u00e9t visszafizetj\u00fck. \u00cdgy teljes lelki nyugalommal tr\u00e1gy\u00e1zhatja tav\u00e1t.<\/p>\n<p><strong><img decoding=\"async\" style=\"margin-right: 12px;\" src=\"https:\/\/www.ferberpainting.com\/wp-content\/uploads\/2026\/02\/Check.svg\" alt=\"\" width=\"18\" height=\"15\" \/>Alkalmas minden fajt\u00e1hoz \u00e9s minden t\u00edpus\u00fa t\u00f3hoz.<\/strong>\u00a0Ez a m\u0171tr\u00e1gya minden tavir\u00f3zsafajt\u00e1hoz alkalmas, legyen sz\u00f3 kem\u00e9ny, tr\u00f3pusi vagy miniat\u0171r tavir\u00f3zs\u00e1r\u00f3l. Term\u00e9szetes tavakban, d\u00edsztavakban, tavakban vagy ak\u00e1r nagy kont\u00e9nerekben is hat\u00e9kony, \u00edgy minden v\u00edzi k\u00f6rnyezetben optim\u00e1lis tr\u00e1gy\u00e1z\u00e1st biztos\u00edt. Emellett kompatibilis mindenf\u00e9le v\u00edzi szubsztr\u00e1tummal, p\u00e9ld\u00e1ul agyagos talajjal, v\u00edzi vir\u00e1gf\u00f6lddel vagy homokkal, \u00edgy az \u00fcltet\u0151k\u00f6zegt\u0151l f\u00fcggetlen\u00fcl k\u00f6nnyen haszn\u00e1lhat\u00f3.<\/p>\n<p><strong><img decoding=\"async\" style=\"margin-right: 12px;\" src=\"https:\/\/www.ferberpainting.com\/wp-content\/uploads\/2026\/02\/Check.svg\" alt=\"\" width=\"18\" height=\"15\" \/>K\u00f6lts\u00e9ghat\u00e9kony hozam \u00e9s tart\u00f3s tr\u00e1gy\u00e1z\u00e1s.<\/strong>\u00a0V\u00edzben old\u00f3d\u00f3 \u00f6sszet\u00e9tel\u00e9nek k\u00f6sz\u00f6nhet\u0151en ez a m\u0171tr\u00e1gya fokozatosan szabad\u00edtja fel a t\u00e1panyagokat, \u00edgy t\u00f6bb h\u00e9ten kereszt\u00fcl biztos\u00edtja a hosszan tart\u00f3 tr\u00e1gy\u00e1z\u00e1st. Egy 25 kg-os zs\u00e1k t\u00f6bb tavir\u00f3zs\u00e1t is k\u00e9pes t\u00e1pl\u00e1lni a szezon sor\u00e1n, \u00edgy kiv\u00e1l\u00f3 \u00e1r-\u00e9rt\u00e9k ar\u00e1nyt k\u00edn\u00e1l. A n\u00f6v\u00e9nyenk\u00e9nti 100 g-os aj\u00e1nlott adagol\u00e1ssal biztos\u00edtja az egyenletes t\u00e1panyagell\u00e1t\u00e1st, el\u0151seg\u00edtve a rendszeres \u00e9s folyamatos vir\u00e1gz\u00e1st, pazarl\u00e1s n\u00e9lk\u00fcl.<\/p>\n<p><strong><img decoding=\"async\" style=\"margin-right: 12px;\" src=\"https:\/\/www.ferberpainting.com\/wp-content\/uploads\/2026\/02\/Check.svg\" alt=\"\" width=\"18\" height=\"15\" \/>A v\u00edzi \u00e1llatvil\u00e1g \u00e9s a tavi \u00f6kosziszt\u00e9ma v\u00e9delm\u00e9re tervezett m\u0171tr\u00e1gya. <\/strong>Kifejezetten v\u00edzi k\u00f6rnyezetben val\u00f3 haszn\u00e1latra tervezt\u00e9k, ez a m\u0171tr\u00e1gya nem szennyezi a vizet, \u00e9s biztons\u00e1gos a halak, k\u00e9t\u00e9lt\u0171ek \u00e9s v\u00edzi rovarok sz\u00e1m\u00e1ra. A t\u00f3 \u00f6kosziszt\u00e9m\u00e1j\u00e1nak megzavar\u00e1sa n\u00e9lk\u00fcl seg\u00edti el\u0151 a n\u00f6v\u00e9nyek n\u00f6veked\u00e9s\u00e9t, harmonikus \u00e9s fenntarthat\u00f3 v\u00edzi k\u00f6rnyezetet biztos\u00edtva. \u00d6sszet\u00e9tele a v\u00edzmin\u0151s\u00e9g fenntart\u00e1s\u00e1ban is seg\u00edt, mivel megakad\u00e1lyozza az eutrofiz\u00e1ci\u00f3s jelens\u00e9geket, amelyek a nemk\u00edv\u00e1natos alg\u00e1k megjelen\u00e9s\u00e9hez vezethetnek.<\/p>\n<p><strong><img decoding=\"async\" style=\"margin-right: 12px;\" src=\"https:\/\/www.ferberpainting.com\/wp-content\/uploads\/2026\/02\/Check.svg\" alt=\"\" width=\"18\" height=\"15\" \/>K\u00f6nny\u0171 kijuttat\u00e1s \u00e9s f\u00e1rads\u00e1gmentes tr\u00e1gy\u00e1z\u00e1s.<\/strong>\u00a0A foly\u00e9kony m\u0171tr\u00e1gy\u00e1kkal ellent\u00e9tben, amelyek felold\u00e1st \u00e9s gyakori kijuttat\u00e1st ig\u00e9nyelnek, ez a m\u0171tr\u00e1gya szil\u00e1rd form\u00e1ban \u00e9rkezik, \u00e9s k\u00f6zvetlen\u00fcl az \u00fcltet\u00e9si aljzatba ker\u00fcl, biztos\u00edtva a t\u00e1panyagok fokozatos \u00e9s homog\u00e9n felszabadul\u00e1s\u00e1t. Haszn\u00e1lata egyszer\u0171 \u00e9s k\u00f6nnyen hozz\u00e1f\u00e9rhet\u0151, mind a kezd\u0151k, mind a tapasztalt v\u00edzikert\u00e9szek sz\u00e1m\u00e1ra. Csak helyezze a tavir\u00f3zs\u00e1k gy\u00f6kerei k\u00f6zel\u00e9be, hogy t\u00f6bb h\u00e9ten kereszt\u00fcl hat\u00e9kony eredm\u00e9nyeket \u00e9rjen el.<\/p>\n<p><strong><img decoding=\"async\" style=\"margin-right: 12px;\" src=\"https:\/\/www.ferberpainting.com\/wp-content\/uploads\/2026\/02\/Check.svg\" alt=\"\" width=\"18\" height=\"15\" \/>Hosszan tart\u00f3 hat\u00e1s a folyamatos vir\u00e1gz\u00e1s\u00e9rt \u00e9s a n\u00f6v\u00e9nyek jobb ellen\u00e1ll\u00f3 k\u00e9pess\u00e9g\u00e9\u00e9rt.<\/strong>\u00a0Fokozatosan felszabadul\u00f3 formul\u00e1j\u00e1nak k\u00f6sz\u00f6nhet\u0151en ez a m\u0171tr\u00e1gya biztos\u00edtja a folyamatos t\u00e1panyagell\u00e1t\u00e1st, \u00edgy a tavir\u00f3zs\u00e1k folyamatosan \u00e9s b\u0151s\u00e9gesen vir\u00e1goznak az eg\u00e9sz ny\u00e1ri szezonban. Er\u0151s\u00edti a n\u00f6v\u00e9nyek ellen\u00e1ll\u00f3 k\u00e9pess\u00e9g\u00e9t a k\u00e1rtev\u0151kkel \u00e9s betegs\u00e9gekkel szemben, \u00edgy biztos\u00edtva er\u0151teljesebb lombozatot \u00e9s er\u0151teljes n\u00f6veked\u00e9st.<\/p>\n<p><strong><img decoding=\"async\" style=\"margin-right: 12px;\" src=\"https:\/\/www.ferberpainting.com\/wp-content\/uploads\/2026\/02\/Check.svg\" alt=\"\" width=\"18\" height=\"15\" \/>L\u00e1that\u00f3 eredm\u00e9nyek az els\u0151 n\u00e9h\u00e1ny h\u00e9ten bel\u00fcl.<\/strong>\u00a0M\u00e1r az els\u0151 alkalmaz\u00e1st\u00f3l kezdve jelent\u0151s javul\u00e1st fog tapasztalni a lev\u00e9l- \u00e9s vir\u00e1gfejl\u0151d\u00e9sben. A tavir\u00f3zs\u00e1k gyorsabban n\u0151nek, b\u0151s\u00e9gesebb lombozatot \u00e9s \u00e9l\u00e9nk, v\u00e1ltozatos sz\u00edn\u0171 vir\u00e1gokat hoznak, kiv\u00e9teles sz\u00e9ps\u00e9get k\u00f6lcs\u00f6n\u00f6zve tav\u00e1nak.<\/p>\n<h2><strong>Haszn\u00e1lati utas\u00edt\u00e1s<\/strong><\/h2>\n<p><strong>Aj\u00e1nlott adagol\u00e1s <\/strong>: A tavir\u00f3zsa m\u00e9ret\u00e9t\u0151l \u00e9s kor\u00e1t\u00f3l f\u00fcgg\u0151en n\u00f6v\u00e9nyenk\u00e9nt 100 g m\u0171tr\u00e1gy\u00e1t alkalmazzon. Fiatal n\u00f6v\u00e9nyek eset\u00e9ben cs\u00f6kkentse az adagot 50 g-ra, hogy elker\u00fclje a t\u00falzott t\u00e1panyagfelv\u00e9telt.<\/p>\n<p><strong>Alkalmaz\u00e1si m\u00f3dszer :<\/strong><\/p>\n<ul>\n<li><strong>Be\u00e9p\u00edt\u00e9s a szubsztr\u00e1tumba <\/strong>: Helyezze a m\u0171tr\u00e1gy\u00e1t szemcs\u00e9s form\u00e1ban k\u00f6zvetlen\u00fcl az \u00fcltet\u0151ed\u00e9ny alj\u00e1ra, enyh\u00e9n betemetve a talajba, hogy megakad\u00e1lyozza a v\u00edzbe sz\u00f3r\u00f3d\u00e1s\u00e1t.<\/li>\n<li><strong>\u00c1ttelep\u00edt\u00e9skor <\/strong>: A m\u0171tr\u00e1gy\u00e1t a riz\u00f3m\u00e1k \u00fcltet\u00e9sekor keverje \u00f6ssze a v\u00edzi talajjal az azonnali \u00e9s tart\u00f3s t\u00e1panyagell\u00e1t\u00e1s biztos\u00edt\u00e1sa \u00e9rdek\u00e9ben.<\/li>\n<li><strong>Alkalmaz\u00e1s meg\u00faj\u00edt\u00e1sa <\/strong>: A teny\u00e9szid\u0151szak alatt 6-8 hetente adjon hozz\u00e1 \u00faj adagot a folyamatos vir\u00e1gz\u00e1s fenntart\u00e1sa \u00e9rdek\u00e9ben.<\/li>\n<\/ul>\n<p><strong>Alkalmaz\u00e1si gyakoris\u00e1g <\/strong>:<\/p>\n<ul>\n<li><strong>A n\u00f6veked\u00e9si \u00e9s vir\u00e1gz\u00e1si id\u0151szakban (tavasz-ny\u00e1r) <\/strong>: A gyors n\u00f6veked\u00e9s \u00e9s a b\u0151s\u00e9ges vir\u00e1gz\u00e1s el\u0151seg\u00edt\u00e9se \u00e9rdek\u00e9ben 6 hetente alkalmazza a m\u0171tr\u00e1gy\u00e1t.<\/li>\n<li><strong>A vegetat\u00edv pihen\u0151id\u0151szakban (\u0151sz-t\u00e9l) <\/strong>: \u00c1ll\u00edtsa le a tr\u00e1gy\u00e1z\u00e1st, \u00e9s hagyja, hogy a n\u00f6v\u00e9ny term\u00e9szetes nyugalmi \u00e1llapotba ker\u00fclj\u00f6n.<\/li>\n<\/ul>\n<p><strong>Haszn\u00e1lati \u00f3vint\u00e9zked\u00e9sek <\/strong>: Ne adagolja t\u00fal a m\u0171tr\u00e1gy\u00e1t, hogy elker\u00fclje a t\u00falzott t\u00e1panyagfelhalmoz\u00f3d\u00e1st a v\u00edzben, ami felbor\u00edthatja a t\u00f3 \u00f6kosziszt\u00e9m\u00e1j\u00e1t. Csak az aljzattal k\u00f6zvetlen\u00fcl \u00e9rintkezve alkalmazza, \u00e9s ne a v\u00edzfel\u00fcletre.<\/p>\n<p><strong>T\u00e1rol\u00e1s \u00e9s meg\u0151rz\u00e9s <\/strong>: A m\u0171tr\u00e1gy\u00e1t sz\u00e1raz helyen, nedvess\u00e9gt\u0151l \u00e9s sz\u00e9ls\u0151s\u00e9ges h\u0151m\u00e9rs\u00e9klett\u0151l v\u00e9dve t\u00e1rolja. Minden haszn\u00e1lat ut\u00e1n gondosan z\u00e1rja vissza a zs\u00e1kot, hogy meg\u0151rizze a hat\u00e9konys\u00e1g\u00e1t \u00e9s elker\u00fclje a v\u00e9letlen sz\u00e9tsz\u00f3r\u00f3d\u00e1st.<\/p>\n<p>Ezzel a tavir\u00f3zsatr\u00e1gy\u00e1val k\u00edn\u00e1ljon a v\u00edzin\u00f6v\u00e9nyeknek teljes t\u00e1panyagell\u00e1t\u00e1st, amely t\u00f6k\u00e9letesen megfelel az egyedi ig\u00e9nyeiknek. L\u00e1tv\u00e1nyos vir\u00e1gz\u00e1st, \u00e9l\u00e9nk lombozatot \u00e9s jobb ellen\u00e1ll\u00e1st biztos\u00edt a k\u00f6rnyezeti felt\u00e9telekkel szemben. Ide\u00e1lis megold\u00e1s, hogy tav\u00e1t d\u00fas, eg\u00e9szs\u00e9ges tavir\u00f3zs\u00e1kkal sz\u00e9p\u00edtse eg\u00e9sz szezonban.<\/p>","protected":false},"excerpt":{"rendered":"<p>A fertilizer specially designed for abundant flowering and lush foliage.\u00a0The water lily is a symbolic aquatic plant, prized for its magnificent floating flowers and elegant foliage. To ensure abundant flowering and optimal development, it is essential to provide it with suitable nutrition. This NPK 10-10-10 fertilizer offers a balanced supply of nutrients, with nitrogen (N) [&hellip;]<\/p>\n","protected":false},"featured_media":27445,"comment_status":"open","ping_status":"closed","template":"","meta":{"_uag_custom_page_level_css":"","site-sidebar-layout":"default","site-content-layout":"","ast-site-content-layout":"default","site-content-style":"default","site-sidebar-style":"default","ast-global-header-display":"","ast-banner-title-visibility":"","ast-main-header-display":"","ast-hfb-above-header-display":"","ast-hfb-below-header-display":"","ast-hfb-mobile-header-display":"","site-post-title":"","ast-breadcrumbs-content":"","ast-featured-img":"","footer-sml-layout":"","ast-disable-related-posts":"","theme-transparent-header-meta":"default","adv-header-id-meta":"","stick-header-meta":"","header-above-stick-meta":"","header-main-stick-meta":"","header-below-stick-meta":"","astra-migrate-meta-layouts":"set","ast-page-background-enabled":"default","ast-page-background-meta":{"desktop":{"background-color":"var(--ast-global-color-4)","background-image":"","background-repeat":"repeat","background-position":"center center","background-size":"auto","background-attachment":"scroll","background-type":"","background-media":"","overlay-type":"","overlay-color":"","overlay-opacity":"","overlay-gradient":""},"tablet":{"background-color":"","background-image":"","background-repeat":"repeat","background-position":"center center","background-size":"auto","background-attachment":"scroll","background-type":"","background-media":"","overlay-type":"","overlay-color":"","overlay-opacity":"","overlay-gradient":""},"mobile":{"background-color":"","background-image":"","background-repeat":"repeat","background-position":"center center","background-size":"auto","background-attachment":"scroll","background-type":"","background-media":"","overlay-type":"","overlay-color":"","overlay-opacity":"","overlay-gradient":""}},"ast-content-background-meta":{"desktop":{"background-color":"var(--ast-global-color-5)","background-image":"","background-repeat":"repeat","background-position":"center center","background-size":"auto","background-attachment":"scroll","background-type":"","background-media":"","overlay-type":"","overlay-color":"","overlay-opacity":"","overlay-gradient":""},"tablet":{"background-color":"var(--ast-global-color-5)","background-image":"","background-repeat":"repeat","background-position":"center center","background-size":"auto","background-attachment":"scroll","background-type":"","background-media":"","overlay-type":"","overlay-color":"","overlay-opacity":"","overlay-gradient":""},"mobile":{"background-color":"var(--ast-global-color-5)","background-image":"","background-repeat":"repeat","background-position":"center center","background-size":"auto","background-attachment":"scroll","background-type":"","background-media":"","overlay-type":"","overlay-color":"","overlay-opacity":"","overlay-gradient":""}}},"product_brand":[],"product_cat":[178],"product_tag":[],"class_list":{"0":"post-25639","1":"product","2":"type-product","3":"status-publish","4":"has-post-thumbnail","6":"product_cat-fertilizers","7":"desktop-align-left","8":"tablet-align-left","9":"mobile-align-left","11":"first","12":"instock","13":"taxable","14":"shipping-taxable","15":"purchasable","16":"product-type-simple"},"spectra_custom_meta":{"_visibility":["visible"],"_shopify_product_id":["9067983438069"],"_s2w_shopify_domain":["ferberpainting.myshopify.com"],"_shopify_variant_id":["46509725942005"],"_sku":["FPWATERLILYFERTILIZER25KG"],"_regular_price":["39.90"],"_price":["39.90"],"_sale_price":[""],"_weight":["18.5"],"_thumbnail_id":["27445"],"_global_unique_id":["5056773817555"],"total_sales":["7"],"_tax_status":["taxable"],"_tax_class":[""],"_manage_stock":["no"],"_backorders":["no"],"_sold_individually":["no"],"_virtual":["no"],"_downloadable":["no"],"_download_limit":["-1"],"_download_expiry":["-1"],"_stock":[null],"_stock_status":["instock"],"_wc_average_rating":["5.00"],"_wc_review_count":["33"],"_product_version":["10.5.2"],"_edit_lock":["1771358121:1"],"_wc_rating_count":["a:1:{i:5;i:33;}"],"merchant-center-category":["113"],"merchant-center-availability":["yes"],"_edit_last":["1"],"_wp_page_template":["default"],"site-sidebar-layout":["default"],"ast-site-content-layout":["default"],"site-content-style":["default"],"site-sidebar-style":["default"],"theme-transparent-header-meta":["default"],"astra-migrate-meta-layouts":["set"],"_uag_css_file_name":["uag-css-25639.css"],"_elementor_page_assets":["a:0:{}"],"_uag_page_assets":["a:9:{s:3:\"css\";s:7133:\".uag-blocks-common-selector{z-index:var(--z-index-desktop) !important}@media(max-width: 976px){.uag-blocks-common-selector{z-index:var(--z-index-tablet) !important}}@media(max-width: 767px){.uag-blocks-common-selector{z-index:var(--z-index-mobile) !important}}.wp-block-uagb-image{display:flex}.wp-block-uagb-image__figure{position:relative;display:flex;flex-direction:column;max-width:100%;height:auto;margin:0}.wp-block-uagb-image__figure img{height:auto;display:flex;max-width:100%;transition:box-shadow .2s ease}.wp-block-uagb-image__figure>a{display:inline-block}.wp-block-uagb-image__figure figcaption{text-align:center;margin-top:.5em;margin-bottom:1em}.wp-block-uagb-image .components-placeholder.block-editor-media-placeholder .components-placeholder__instructions{align-self:center}.wp-block-uagb-image--align-left{text-align:left}.wp-block-uagb-image--align-right{text-align:right}.wp-block-uagb-image--align-center{text-align:center}.wp-block-uagb-image--align-full .wp-block-uagb-image__figure{margin-left:calc(50% - 50vw);margin-right:calc(50% - 50vw);max-width:100vw;width:100vw;height:auto}.wp-block-uagb-image--align-full .wp-block-uagb-image__figure img{height:auto;width:100% !important}.wp-block-uagb-image--align-wide .wp-block-uagb-image__figure img{height:auto;width:100%}.wp-block-uagb-image--layout-overlay__color-wrapper{position:absolute;left:0;top:0;right:0;bottom:0;opacity:.2;background:rgba(0,0,0,.5);transition:opacity .35s ease-in-out}.wp-block-uagb-image--layout-overlay-link{position:absolute;left:0;right:0;bottom:0;top:0}.wp-block-uagb-image--layout-overlay .wp-block-uagb-image__figure:hover .wp-block-uagb-image--layout-overlay__color-wrapper{opacity:1}.wp-block-uagb-image--layout-overlay__inner{position:absolute;left:15px;right:15px;bottom:15px;top:15px;display:flex;align-items:center;justify-content:center;flex-direction:column;border-color:#fff;transition:.35s ease-in-out}.wp-block-uagb-image--layout-overlay__inner.top-left,.wp-block-uagb-image--layout-overlay__inner.top-center,.wp-block-uagb-image--layout-overlay__inner.top-right{justify-content:flex-start}.wp-block-uagb-image--layout-overlay__inner.bottom-left,.wp-block-uagb-image--layout-overlay__inner.bottom-center,.wp-block-uagb-image--layout-overlay__inner.bottom-right{justify-content:flex-end}.wp-block-uagb-image--layout-overlay__inner.top-left,.wp-block-uagb-image--layout-overlay__inner.center-left,.wp-block-uagb-image--layout-overlay__inner.bottom-left{align-items:flex-start}.wp-block-uagb-image--layout-overlay__inner.top-right,.wp-block-uagb-image--layout-overlay__inner.center-right,.wp-block-uagb-image--layout-overlay__inner.bottom-right{align-items:flex-end}.wp-block-uagb-image--layout-overlay__inner .uagb-image-heading{color:#fff;transition:transform .35s,opacity .35s ease-in-out;transform:translate3d(0, 24px, 0);margin:0;line-height:1em}.wp-block-uagb-image--layout-overlay__inner .uagb-image-separator{width:30%;border-top-width:2px;border-top-color:#fff;border-top-style:solid;margin-bottom:10px;opacity:0;transition:transform .4s,opacity .4s ease-in-out;transform:translate3d(0, 30px, 0)}.wp-block-uagb-image--layout-overlay__inner .uagb-image-caption{opacity:0;overflow:visible;color:#fff;transition:transform .45s,opacity .45s ease-in-out;transform:translate3d(0, 35px, 0)}.wp-block-uagb-image--layout-overlay__inner:hover .uagb-image-heading,.wp-block-uagb-image--layout-overlay__inner:hover .uagb-image-separator,.wp-block-uagb-image--layout-overlay__inner:hover .uagb-image-caption{opacity:1;transform:translate3d(0, 0, 0)}.wp-block-uagb-image--effect-zoomin .wp-block-uagb-image__figure img,.wp-block-uagb-image--effect-zoomin .wp-block-uagb-image__figure .wp-block-uagb-image--layout-overlay__color-wrapper{transform:scale(1);transition:transform .35s ease-in-out}.wp-block-uagb-image--effect-zoomin .wp-block-uagb-image__figure:hover img,.wp-block-uagb-image--effect-zoomin .wp-block-uagb-image__figure:hover .wp-block-uagb-image--layout-overlay__color-wrapper{transform:scale(1.05)}.wp-block-uagb-image--effect-slide .wp-block-uagb-image__figure img,.wp-block-uagb-image--effect-slide .wp-block-uagb-image__figure .wp-block-uagb-image--layout-overlay__color-wrapper{width:calc(100% + 40px) !important;max-width:none !important;transform:translate3d(-40px, 0, 0);transition:transform .35s ease-in-out}.wp-block-uagb-image--effect-slide .wp-block-uagb-image__figure:hover img,.wp-block-uagb-image--effect-slide .wp-block-uagb-image__figure:hover .wp-block-uagb-image--layout-overlay__color-wrapper{transform:translate3d(0, 0, 0)}.wp-block-uagb-image--effect-grayscale img{filter:grayscale(0%);transition:.35s ease-in-out}.wp-block-uagb-image--effect-grayscale:hover img{filter:grayscale(100%)}.wp-block-uagb-image--effect-blur img{filter:blur(0);transition:.35s ease-in-out}.wp-block-uagb-image--effect-blur:hover img{filter:blur(3px)}.uagb-block-e6f939b3.wp-block-uagb-image--layout-default figure img{box-shadow: 0px 0px 0 #00000070;}.uagb-block-e6f939b3.wp-block-uagb-image .wp-block-uagb-image__figure figcaption{font-style: normal;align-self: center;}.uagb-block-e6f939b3.wp-block-uagb-image--layout-overlay figure img{box-shadow: 0px 0px 0 #00000070;}.uagb-block-e6f939b3.wp-block-uagb-image--layout-overlay .wp-block-uagb-image--layout-overlay__color-wrapper{opacity: 0.2;}.uagb-block-e6f939b3.wp-block-uagb-image--layout-overlay .wp-block-uagb-image--layout-overlay__inner{left: 15px;right: 15px;top: 15px;bottom: 15px;}.uagb-block-e6f939b3.wp-block-uagb-image--layout-overlay .wp-block-uagb-image--layout-overlay__inner .uagb-image-heading{font-style: normal;color: #fff;opacity: 1;}.uagb-block-e6f939b3.wp-block-uagb-image--layout-overlay .wp-block-uagb-image--layout-overlay__inner .uagb-image-heading a{color: #fff;}.uagb-block-e6f939b3.wp-block-uagb-image--layout-overlay .wp-block-uagb-image--layout-overlay__inner .uagb-image-caption{opacity: 0;}.uagb-block-e6f939b3.wp-block-uagb-image--layout-overlay .wp-block-uagb-image__figure:hover .wp-block-uagb-image--layout-overlay__color-wrapper{opacity: 1;}.uagb-block-e6f939b3.wp-block-uagb-image .wp-block-uagb-image--layout-overlay__inner .uagb-image-separator{width: 30%;border-top-width: 2px;border-top-color: #fff;opacity: 0;}.uagb-block-e6f939b3.wp-block-uagb-image .wp-block-uagb-image__figure img{width: px;height: auto;}.uagb-block-e6f939b3.wp-block-uagb-image .wp-block-uagb-image__figure:hover .wp-block-uagb-image--layout-overlay__inner .uagb-image-caption{opacity: 1;}.uagb-block-e6f939b3.wp-block-uagb-image .wp-block-uagb-image__figure:hover .wp-block-uagb-image--layout-overlay__inner .uagb-image-separator{opacity: 1;}.uagb-block-e6f939b3.wp-block-uagb-image--layout-default figure:hover img{box-shadow: 0px 0px 0 #00000070;}.uagb-block-e6f939b3.wp-block-uagb-image--layout-overlay figure:hover img{box-shadow: 0px 0px 0 #00000070;}@media only screen and (max-width: 976px) {.uagb-block-e6f939b3.wp-block-uagb-image .wp-block-uagb-image__figure img{width: px;height: auto;}}@media only screen and (max-width: 767px) {.uagb-block-e6f939b3.wp-block-uagb-image .wp-block-uagb-image__figure img{width: px;height: auto;}}\";s:2:\"js\";s:0:\"\";s:18:\"current_block_list\";a:13:{i:0;s:11:\"core\/search\";i:1;s:10:\"core\/group\";i:2;s:12:\"core\/heading\";i:3;s:17:\"core\/latest-posts\";i:4;s:20:\"core\/latest-comments\";i:5;s:13:\"core\/archives\";i:6;s:15:\"core\/categories\";i:7;s:14:\"core\/paragraph\";i:8;s:10:\"uagb\/image\";i:9;s:11:\"core\/spacer\";i:10;s:30:\"woocommerce\/product-categories\";i:11;s:10:\"core\/image\";i:12;s:14:\"core\/shortcode\";}s:8:\"uag_flag\";b:1;s:11:\"uag_version\";s:10:\"1777330541\";s:6:\"gfonts\";a:0:{}s:10:\"gfonts_url\";s:0:\"\";s:12:\"gfonts_files\";a:0:{}s:14:\"uag_faq_layout\";b:0;}"]},"uagb_featured_image_src":{"full":["https:\/\/www.ferberpainting.com\/wp-content\/uploads\/2025\/05\/WaterLilyFertilizer25kg2.png",2560,2560,false],"thumbnail":["https:\/\/www.ferberpainting.com\/wp-content\/uploads\/2025\/05\/WaterLilyFertilizer25kg2-150x150.png",150,150,true],"medium":["https:\/\/www.ferberpainting.com\/wp-content\/uploads\/2025\/05\/WaterLilyFertilizer25kg2-300x300.png",300,300,true],"medium_large":["https:\/\/www.ferberpainting.com\/wp-content\/uploads\/2025\/05\/WaterLilyFertilizer25kg2-768x768.png",768,768,true],"large":["https:\/\/www.ferberpainting.com\/wp-content\/uploads\/2025\/05\/WaterLilyFertilizer25kg2-1024x1024.png",1024,1024,true],"1536x1536":["https:\/\/www.ferberpainting.com\/wp-content\/uploads\/2025\/05\/WaterLilyFertilizer25kg2-1536x1536.png",1536,1536,true],"2048x2048":["https:\/\/www.ferberpainting.com\/wp-content\/uploads\/2025\/05\/WaterLilyFertilizer25kg2-2048x2048.png",2048,2048,true],"trp-custom-language-flag":["https:\/\/www.ferberpainting.com\/wp-content\/uploads\/2025\/05\/WaterLilyFertilizer25kg2-12x12.png",12,12,true],"woocommerce_thumbnail":["https:\/\/www.ferberpainting.com\/wp-content\/uploads\/2025\/05\/WaterLilyFertilizer25kg2-300x300.png",300,300,true],"woocommerce_single":["https:\/\/www.ferberpainting.com\/wp-content\/uploads\/2025\/05\/WaterLilyFertilizer25kg2-600x600.png",600,600,true],"woocommerce_gallery_thumbnail":["https:\/\/www.ferberpainting.com\/wp-content\/uploads\/2025\/05\/WaterLilyFertilizer25kg2-100x100.png",100,100,true]},"uagb_author_info":{"display_name":"admin","author_link":"https:\/\/www.ferberpainting.com\/hu\/author\/"},"uagb_comment_info":33,"uagb_excerpt":"A fertilizer specially designed for abundant flowering and lush foliage.\u00a0The water lily is a symbolic aquatic plant, prized for its magnificent floating flowers and elegant foliage. To ensure abundant flowering and optimal development, it is essential to provide it with suitable nutrition. This NPK 10-10-10 fertilizer offers a balanced supply of nutrients, with nitrogen (N)&hellip;","_links":{"self":[{"href":"https:\/\/www.ferberpainting.com\/hu\/wp-json\/wp\/v2\/product\/25639","targetHints":{"allow":["GET"]}}],"collection":[{"href":"https:\/\/www.ferberpainting.com\/hu\/wp-json\/wp\/v2\/product"}],"about":[{"href":"https:\/\/www.ferberpainting.com\/hu\/wp-json\/wp\/v2\/types\/product"}],"replies":[{"embeddable":true,"href":"https:\/\/www.ferberpainting.com\/hu\/wp-json\/wp\/v2\/comments?post=25639"}],"version-history":[{"count":5,"href":"https:\/\/www.ferberpainting.com\/hu\/wp-json\/wp\/v2\/product\/25639\/revisions"}],"predecessor-version":[{"id":168844,"href":"https:\/\/www.ferberpainting.com\/hu\/wp-json\/wp\/v2\/product\/25639\/revisions\/168844"}],"wp:featuredmedia":[{"embeddable":true,"href":"https:\/\/www.ferberpainting.com\/hu\/wp-json\/wp\/v2\/media\/27445"}],"wp:attachment":[{"href":"https:\/\/www.ferberpainting.com\/hu\/wp-json\/wp\/v2\/media?parent=25639"}],"wp:term":[{"taxonomy":"product_brand","embeddable":true,"href":"https:\/\/www.ferberpainting.com\/hu\/wp-json\/wp\/v2\/product_brand?post=25639"},{"taxonomy":"product_cat","embeddable":true,"href":"https:\/\/www.ferberpainting.com\/hu\/wp-json\/wp\/v2\/product_cat?post=25639"},{"taxonomy":"product_tag","embeddable":true,"href":"https:\/\/www.ferberpainting.com\/hu\/wp-json\/wp\/v2\/product_tag?post=25639"}],"curies":[{"name":"wp","href":"https:\/\/api.w.org\/{rel}","templated":true}]}}