{"id":25633,"date":"2025-05-26T10:32:58","date_gmt":"2025-05-26T08:32:58","guid":{"rendered":"https:\/\/www.ferberpainting.com\/products\/wallpaper-adhesive\/"},"modified":"2026-02-17T14:06:30","modified_gmt":"2026-02-17T13:06:30","slug":"wallpaper-adhesive","status":"publish","type":"product","link":"https:\/\/www.ferberpainting.com\/hu\/products\/wallpaper-adhesive\/","title":{"rendered":"Tap\u00e9ta ragaszt\u00f3"},"content":{"rendered":"<p><strong><img decoding=\"async\" style=\"margin-right: 12px;\" src=\"https:\/\/www.ferberpainting.com\/wp-content\/uploads\/2026\/02\/Check.svg\" alt=\"\" width=\"18\" height=\"15\" \/>Optim\u00e1lis tapad\u00e1s minden t\u00edpus\u00fa tap\u00e9t\u00e1hoz.<\/strong>\u00a0Ez a tap\u00e9taragaszt\u00f3 speci\u00e1lisan a falburkolatok tart\u00f3s \u00e9s egyenletes r\u00f6gz\u00edt\u00e9s\u00e9hez k\u00e9sz\u00fclt. Foly\u00e9kony \u00e9s k\u00f6nnyen felvihet\u0151 text\u00far\u00e1ja t\u00f6k\u00e9letes tapad\u00e1st garant\u00e1l, megakad\u00e1lyozza a l\u00e9gbubor\u00e9kok kialakul\u00e1s\u00e1t \u00e9s a korai lev\u00e1l\u00e1st. Minden t\u00edpus\u00fa tap\u00e9t\u00e1val kompatibilis, bele\u00e9rtve a vastag, vinil \u00e9s nem sz\u0151tt modelleket is, hib\u00e1tlan telep\u00edt\u00e9st \u00e9s optim\u00e1lis eszt\u00e9tikai eredm\u00e9nyt tesz lehet\u0151v\u00e9.<\/p>\n<p><strong><img decoding=\"async\" style=\"margin-right: 12px;\" src=\"https:\/\/www.ferberpainting.com\/wp-content\/uploads\/2026\/02\/Check.svg\" alt=\"\" width=\"18\" height=\"15\" \/>P\u00e9nzvisszafizet\u00e9si garancia.<\/strong>\u00a0Teljes m\u00e9rt\u00e9kben megb\u00edzunk tap\u00e9taragaszt\u00f3nk hat\u00e9konys\u00e1g\u00e1ban. Ez\u00e9rt k\u00edn\u00e1lunk p\u00e9nzvisszafizet\u00e9si garanci\u00e1t. Ha a term\u00e9k az aj\u00e1nl\u00e1soknak megfelel\u0151 alkalmaz\u00e1s ut\u00e1n nem felel meg az \u00d6n elv\u00e1r\u00e1sainak, lehet\u0151s\u00e9ge van felt\u00e9telek n\u00e9lk\u00fcl visszat\u00e9r\u00edt\u00e9st k\u00e9rni, \u00edgy biztos\u00edtva a biztons\u00e1gos \u00e9s kock\u00e1zatmentes v\u00e1s\u00e1rl\u00e1st.<\/p>\n<p><strong><img decoding=\"async\" style=\"margin-right: 12px;\" src=\"https:\/\/www.ferberpainting.com\/wp-content\/uploads\/2026\/02\/Check.svg\" alt=\"\" width=\"18\" height=\"15\" \/>Sz\u00e1mos falfel\u00fclettel kompatibilis.<\/strong>\u00a0Ez a ragaszt\u00f3 t\u00f6bbf\u00e9le fel\u00fcleten, p\u00e9ld\u00e1ul vakolaton, cementen, betonon, f\u00e1n, gipszkartononon \u00e9s r\u00e9gi tap\u00e9t\u00e1kon alkalmazhat\u00f3. Hat\u00e9kony tapad\u00e1st garant\u00e1l, m\u00e9g enyh\u00e9n szab\u00e1lytalan falakon is, hossz\u00fa t\u00e1von biztos\u00edtva a burkolat j\u00f3 karbantart\u00e1s\u00e1t.<\/p>\n<p><strong><img decoding=\"async\" style=\"margin-right: 12px;\" src=\"https:\/\/www.ferberpainting.com\/wp-content\/uploads\/2026\/02\/Check.svg\" alt=\"\" width=\"18\" height=\"15\" \/>Gazdas\u00e1gos teljes\u00edtm\u00e9ny \u00e9s optimaliz\u00e1lt alkalmaz\u00e1s.<\/strong>\u00a0A hat\u00e9kony koncentr\u00e1ci\u00f3nak k\u00f6sz\u00f6nhet\u0151en 1 liter ragaszt\u00f3 5 \u00e9s 7 m\u00b2 k\u00f6z\u00f6tti ter\u00fcletet k\u00e9pes lefedni, a tap\u00e9ta vastags\u00e1g\u00e1t\u00f3l \u00e9s a fel\u00fclet porozit\u00e1s\u00e1t\u00f3l f\u00fcgg\u0151en. Sima text\u00far\u00e1ja lehet\u0151v\u00e9 teszi az egyenletes eloszl\u00e1st \u00e9s a cs\u00f6kkentett fogyaszt\u00e1st, \u00edgy kiv\u00e1l\u00f3 min\u0151s\u00e9g-\u00e1r ar\u00e1nyt biztos\u00edt.<\/p>\n<p><strong><img decoding=\"async\" style=\"margin-right: 12px;\" src=\"https:\/\/www.ferberpainting.com\/wp-content\/uploads\/2026\/02\/Check.svg\" alt=\"\" width=\"18\" height=\"15\" \/>Biztons\u00e1gos \u00e9s k\u00f6rnyezetbar\u00e1t term\u00e9k.<\/strong>\u00a0Ez a ragaszt\u00f3 old\u00f3szerek \u00e9s m\u00e9rgez\u0151 \u00f6sszetev\u0151k n\u00e9lk\u00fcl k\u00e9sz\u00fclt, \u00edgy teljesen \u00e1rtalmatlan a felhaszn\u00e1l\u00f3k sz\u00e1m\u00e1ra, \u00e9s nincs negat\u00edv hat\u00e1ssal a belt\u00e9ri leveg\u0151 min\u0151s\u00e9g\u00e9re. Nem bocs\u00e1t ki kellemetlen szagot, \u00edgy z\u00e1rt helyis\u00e9gekben, p\u00e9ld\u00e1ul gyerekszob\u00e1kban vagy irod\u00e1kban is biztons\u00e1gosan alkalmazhat\u00f3.<\/p>\n<p><strong><img decoding=\"async\" style=\"margin-right: 12px;\" src=\"https:\/\/www.ferberpainting.com\/wp-content\/uploads\/2026\/02\/Check.svg\" alt=\"\" width=\"18\" height=\"15\" \/>Egyszer\u0171 alkalmaz\u00e1s a gyors \u00e9s k\u00f6nnyed telep\u00edt\u00e9shez.<\/strong>\u00a0A haszn\u00e1latra k\u00e9sz ragaszt\u00f3 k\u00f6nnyen eloszlathat\u00f3 hengerrel, ecsettel vagy sepr\u0171vel, egyenletes fed\u00e9st \u00e9s azonnali tap\u00e9tar\u00f6gz\u00edt\u00e9st biztos\u00edtva. Nem sz\u00e1rad t\u00fal gyorsan, \u00edgy van id\u0151 a felhelyez\u00e9s kiigaz\u00edt\u00e1s\u00e1ra \u00e9s a cs\u00edkok \u00fajrapoz\u00edcion\u00e1l\u00e1s\u00e1ra, ha sz\u00fcks\u00e9ges.<\/p>\n<p><strong><img decoding=\"async\" style=\"margin-right: 12px;\" src=\"https:\/\/www.ferberpainting.com\/wp-content\/uploads\/2026\/02\/Check.svg\" alt=\"\" width=\"18\" height=\"15\" \/>Tart\u00f3s tapad\u00e1s \u00e9s ellen\u00e1ll\u00e1s az \u00e9ghajlati v\u00e1ltoz\u00e1sokkal szemben.<\/strong>\u00a0A felhord\u00e1s \u00e9s sz\u00e1rad\u00e1s ut\u00e1n ez a ragaszt\u00f3 tart\u00f3s r\u00f6gz\u00edt\u00e9st biztos\u00edt, ellen\u00e1ll a p\u00e1ratartalom \u00e9s a h\u0151m\u00e9rs\u00e9klet v\u00e1ltoz\u00e1sainak. Megakad\u00e1lyozza az \u00e9ghajlati viszonyok okozta h\u00e1ml\u00e1st, \u00e9s garant\u00e1lja a burkolat kiv\u00e1l\u00f3 tart\u00f3ss\u00e1g\u00e1t, ak\u00e1r t\u00f6bb \u00e9v eltelt\u00e9vel is.<\/p>\n<p><strong><img decoding=\"async\" style=\"margin-right: 12px;\" src=\"https:\/\/www.ferberpainting.com\/wp-content\/uploads\/2026\/02\/Check.svg\" alt=\"\" width=\"18\" height=\"15\" \/>Gyorsan sz\u00e1rad a hib\u00e1tlan kivitelez\u00e9s\u00e9rt.<\/strong>\u00a0Gyorsan sz\u00e1rad\u00f3 formul\u00e1ja lehet\u0151v\u00e9 teszi, hogy a tap\u00e9ta n\u00e9h\u00e1ny \u00f3ra alatt t\u00f6k\u00e9letesen megszil\u00e1rduljon, an\u00e9lk\u00fcl, hogy cs\u00f6p\u00f6g\u00e9s vagy l\u00e1that\u00f3 foltok keletkezn\u00e9nek. 24 \u00f3ra eltelt\u00e9vel a fal teljesen megsz\u00e1rad, \u00e9s k\u00e9szen \u00e1ll a tetsz\u00e9s szerinti d\u00edsz\u00edt\u00e9sre vagy elrendez\u00e9sre.<\/p>\n<h2><strong>Haszn\u00e1lati protokoll<\/strong><\/h2>\n<ul>\n<li><strong>Fel\u00fclet el\u0151k\u00e9sz\u00edt\u00e9se <\/strong>: Gy\u0151z\u0151dj\u00f6n meg r\u00f3la, hogy a fel\u00fclet tiszta, sz\u00e1raz, \u00e9s mentes a port\u00f3l, zs\u00edrt\u00f3l vagy r\u00e9gi ragaszt\u00f3maradv\u00e1nyokt\u00f3l. Por\u00f3zus vagy nedvsz\u00edv\u00f3 falak eset\u00e9n alkalmazzon alapoz\u00f3 r\u00e9teget a tapad\u00e1s megk\u00f6nny\u00edt\u00e9se \u00e9s a ragaszt\u00f3 t\u00falzott felsz\u00edv\u00f3d\u00e1s\u00e1nak megakad\u00e1lyoz\u00e1sa \u00e9rdek\u00e9ben.<\/li>\n<li><strong>Aj\u00e1nlott adagol\u00e1s <\/strong>: A tap\u00e9ta t\u00edpus\u00e1t\u00f3l \u00e9s a falfel\u00fclett\u0151l f\u00fcgg\u0151en kb. 1 liter 5-7 m\u00b2-re. Neh\u00e9z vagy textur\u00e1lt tap\u00e9t\u00e1k eset\u00e9ben az optim\u00e1lis tapad\u00e1s \u00e9rdek\u00e9ben nagyobb mennyis\u00e9g\u0171 r\u00e9tegre lehet sz\u00fcks\u00e9g.<\/li>\n<li><strong>Ragaszt\u00f3 alkalmaz\u00e1sa <\/strong>: Vlies tap\u00e9t\u00e1k eset\u00e9ben k\u00f6zvetlen\u00fcl a falra, hagyom\u00e1nyos modellek eset\u00e9ben pedig mag\u00e1ra a tap\u00e9t\u00e1ra kell felvinni a ragaszt\u00f3t hengerrel, ecsettel vagy sz\u00e9les sepr\u0171vel. \u00dcgyelj\u00fcnk az egyenletes eloszl\u00e1sra, hogy elker\u00fclj\u00fck a t\u00falzott vagy el\u00e9gtelen fedetts\u00e9get.<\/li>\n<li><strong>Tap\u00e9ta telep\u00edt\u00e9s <\/strong>: Helyezze a tap\u00e9tacs\u00edkot a falra, \u00e9s fokozatosan sim\u00edtsa el a k\u00f6zep\u00e9t\u0151l a sz\u00e9lek fel\u00e9 haladva, hogy elt\u00e1vol\u00edtsa a l\u00e9gbubor\u00e9kokat \u00e9s biztos\u00edtsa a t\u00f6k\u00e9letes tapad\u00e1st. Ellen\u0151rizze az igaz\u00edt\u00e1st, \u00e9s sz\u00fcks\u00e9g eset\u00e9n igaz\u00edtsa ki, miel\u0151tt a ragaszt\u00f3 sz\u00e1radni kezd.<\/li>\n<li><strong>Sz\u00e1rad\u00e1si id\u0151 <\/strong>: A k\u00f6rnyezeti k\u00f6r\u00fclm\u00e9nyekt\u0151l f\u00fcgg\u0151en 12-24 \u00f3r\u00e1n \u00e1t hagyja sz\u00e1radni. A sz\u00e1r\u00edt\u00e1si f\u00e1zis alatt ker\u00fclje az er\u0151s huzatot vagy a t\u00falzott p\u00e1ratartalmat.<\/li>\n<li><strong>Befejez\u00e9s \u00e9s karbantart\u00e1s <\/strong>: Ha megsz\u00e1radt, a tap\u00e9ta sz\u00fcks\u00e9g eset\u00e9n nedves ruh\u00e1val \u00f3vatosan megtiszt\u00edthat\u00f3. A tapad\u00e1s meger\u0151s\u00edt\u00e9se \u00e9rdek\u00e9ben a teljes sz\u00e1rad\u00e1s ut\u00e1n puha spatul\u00e1val enyh\u00e9n el lehet sim\u00edtani.<\/li>\n<li><strong>Szersz\u00e1mtiszt\u00edt\u00e1s <\/strong>: A felhord\u00e1s ut\u00e1n azonnal tiszt\u00edtsa meg a hengereket \u00e9s ecseteket langyos v\u00edzzel, hogy megakad\u00e1lyozza a ragaszt\u00f3 lerak\u00f3d\u00e1s\u00e1t \u00e9s meghosszabb\u00edtsa a berendez\u00e9s \u00e9lettartam\u00e1t.<\/li>\n<\/ul>","protected":false},"excerpt":{"rendered":"<p>Optimal adhesion for all types of wallpapers.\u00a0This wallpaper adhesive is specially formulated to ensure a durable and uniform fixation of wall coverings. Its fluid and easy-to-apply texture guarantees perfect adhesion, preventing air bubbles and premature peeling. Compatible with all types of wallpapers, including thick, vinyl, and non-woven models, it allows for flawless installation and an [&hellip;]<\/p>\n","protected":false},"featured_media":27443,"comment_status":"open","ping_status":"closed","template":"","meta":{"_uag_custom_page_level_css":"","site-sidebar-layout":"default","site-content-layout":"","ast-site-content-layout":"default","site-content-style":"default","site-sidebar-style":"default","ast-global-header-display":"","ast-banner-title-visibility":"","ast-main-header-display":"","ast-hfb-above-header-display":"","ast-hfb-below-header-display":"","ast-hfb-mobile-header-display":"","site-post-title":"","ast-breadcrumbs-content":"","ast-featured-img":"","footer-sml-layout":"","ast-disable-related-posts":"","theme-transparent-header-meta":"default","adv-header-id-meta":"","stick-header-meta":"","header-above-stick-meta":"","header-main-stick-meta":"","header-below-stick-meta":"","astra-migrate-meta-layouts":"set","ast-page-background-enabled":"default","ast-page-background-meta":{"desktop":{"background-color":"var(--ast-global-color-4)","background-image":"","background-repeat":"repeat","background-position":"center center","background-size":"auto","background-attachment":"scroll","background-type":"","background-media":"","overlay-type":"","overlay-color":"","overlay-opacity":"","overlay-gradient":""},"tablet":{"background-color":"","background-image":"","background-repeat":"repeat","background-position":"center center","background-size":"auto","background-attachment":"scroll","background-type":"","background-media":"","overlay-type":"","overlay-color":"","overlay-opacity":"","overlay-gradient":""},"mobile":{"background-color":"","background-image":"","background-repeat":"repeat","background-position":"center center","background-size":"auto","background-attachment":"scroll","background-type":"","background-media":"","overlay-type":"","overlay-color":"","overlay-opacity":"","overlay-gradient":""}},"ast-content-background-meta":{"desktop":{"background-color":"var(--ast-global-color-5)","background-image":"","background-repeat":"repeat","background-position":"center center","background-size":"auto","background-attachment":"scroll","background-type":"","background-media":"","overlay-type":"","overlay-color":"","overlay-opacity":"","overlay-gradient":""},"tablet":{"background-color":"var(--ast-global-color-5)","background-image":"","background-repeat":"repeat","background-position":"center center","background-size":"auto","background-attachment":"scroll","background-type":"","background-media":"","overlay-type":"","overlay-color":"","overlay-opacity":"","overlay-gradient":""},"mobile":{"background-color":"var(--ast-global-color-5)","background-image":"","background-repeat":"repeat","background-position":"center center","background-size":"auto","background-attachment":"scroll","background-type":"","background-media":"","overlay-type":"","overlay-color":"","overlay-opacity":"","overlay-gradient":""}}},"product_brand":[],"product_cat":[175],"product_tag":[],"class_list":{"0":"post-25633","1":"product","2":"type-product","3":"status-publish","4":"has-post-thumbnail","6":"product_cat-cleaning-products","7":"desktop-align-left","8":"tablet-align-left","9":"mobile-align-left","11":"first","12":"instock","13":"sale","14":"taxable","15":"shipping-taxable","16":"purchasable","17":"product-type-variable","18":"has-default-attributes"},"spectra_custom_meta":{"_visibility":["visible"],"_shopify_product_id":["9060858560757"],"_s2w_shopify_domain":["ferberpainting.myshopify.com"],"_shopify_variant_id":["46484066992373"],"_sku":[""],"_manage_stock":["no"],"total_sales":["7"],"_tax_status":["taxable"],"_tax_class":[""],"_backorders":["no"],"_sold_individually":["no"],"_virtual":["no"],"_downloadable":["no"],"_download_limit":["-1"],"_download_expiry":["-1"],"_stock":[null],"_stock_status":["instock"],"_wc_average_rating":["4.86"],"_wc_review_count":["7"],"_product_attributes":["a:1:{s:6:\"volume\";a:6:{s:4:\"name\";s:6:\"volume\";s:5:\"value\";s:20:\"5 liters | 25 liters\";s:8:\"position\";i:1;s:10:\"is_visible\";i:0;s:12:\"is_variation\";i:1;s:11:\"is_taxonomy\";i:0;}}"],"_product_version":["10.5.2"],"_thumbnail_id":["27443"],"_product_image_gallery":["27444"],"wpse_downloadable_file_names":[""],"wpse_downloadable_file_urls":[""],"_edit_last":["1"],"_edit_lock":["1771333454:1"],"merchant-center-category":["503742"],"merchant-center-availability":["yes"],"_default_attributes":["a:1:{s:6:\"volume\";s:8:\"5 liters\";}"],"_price":["19.90","79.90"],"_wp_page_template":["default"],"site-sidebar-layout":["default"],"ast-site-content-layout":["default"],"site-content-style":["default"],"site-sidebar-style":["default"],"theme-transparent-header-meta":["default"],"_wc_rating_count":["a:2:{i:4;i:1;i:5;i:6;}"],"astra-migrate-meta-layouts":["set"],"_uag_css_file_name":["uag-css-25633.css"],"_elementor_page_assets":["a:0:{}"],"_uag_page_assets":["a:9:{s:3:\"css\";s:7133:\".uag-blocks-common-selector{z-index:var(--z-index-desktop) !important}@media(max-width: 976px){.uag-blocks-common-selector{z-index:var(--z-index-tablet) !important}}@media(max-width: 767px){.uag-blocks-common-selector{z-index:var(--z-index-mobile) !important}}.wp-block-uagb-image{display:flex}.wp-block-uagb-image__figure{position:relative;display:flex;flex-direction:column;max-width:100%;height:auto;margin:0}.wp-block-uagb-image__figure img{height:auto;display:flex;max-width:100%;transition:box-shadow .2s ease}.wp-block-uagb-image__figure>a{display:inline-block}.wp-block-uagb-image__figure figcaption{text-align:center;margin-top:.5em;margin-bottom:1em}.wp-block-uagb-image .components-placeholder.block-editor-media-placeholder .components-placeholder__instructions{align-self:center}.wp-block-uagb-image--align-left{text-align:left}.wp-block-uagb-image--align-right{text-align:right}.wp-block-uagb-image--align-center{text-align:center}.wp-block-uagb-image--align-full .wp-block-uagb-image__figure{margin-left:calc(50% - 50vw);margin-right:calc(50% - 50vw);max-width:100vw;width:100vw;height:auto}.wp-block-uagb-image--align-full .wp-block-uagb-image__figure img{height:auto;width:100% !important}.wp-block-uagb-image--align-wide .wp-block-uagb-image__figure img{height:auto;width:100%}.wp-block-uagb-image--layout-overlay__color-wrapper{position:absolute;left:0;top:0;right:0;bottom:0;opacity:.2;background:rgba(0,0,0,.5);transition:opacity .35s ease-in-out}.wp-block-uagb-image--layout-overlay-link{position:absolute;left:0;right:0;bottom:0;top:0}.wp-block-uagb-image--layout-overlay .wp-block-uagb-image__figure:hover .wp-block-uagb-image--layout-overlay__color-wrapper{opacity:1}.wp-block-uagb-image--layout-overlay__inner{position:absolute;left:15px;right:15px;bottom:15px;top:15px;display:flex;align-items:center;justify-content:center;flex-direction:column;border-color:#fff;transition:.35s ease-in-out}.wp-block-uagb-image--layout-overlay__inner.top-left,.wp-block-uagb-image--layout-overlay__inner.top-center,.wp-block-uagb-image--layout-overlay__inner.top-right{justify-content:flex-start}.wp-block-uagb-image--layout-overlay__inner.bottom-left,.wp-block-uagb-image--layout-overlay__inner.bottom-center,.wp-block-uagb-image--layout-overlay__inner.bottom-right{justify-content:flex-end}.wp-block-uagb-image--layout-overlay__inner.top-left,.wp-block-uagb-image--layout-overlay__inner.center-left,.wp-block-uagb-image--layout-overlay__inner.bottom-left{align-items:flex-start}.wp-block-uagb-image--layout-overlay__inner.top-right,.wp-block-uagb-image--layout-overlay__inner.center-right,.wp-block-uagb-image--layout-overlay__inner.bottom-right{align-items:flex-end}.wp-block-uagb-image--layout-overlay__inner .uagb-image-heading{color:#fff;transition:transform .35s,opacity .35s ease-in-out;transform:translate3d(0, 24px, 0);margin:0;line-height:1em}.wp-block-uagb-image--layout-overlay__inner .uagb-image-separator{width:30%;border-top-width:2px;border-top-color:#fff;border-top-style:solid;margin-bottom:10px;opacity:0;transition:transform .4s,opacity .4s ease-in-out;transform:translate3d(0, 30px, 0)}.wp-block-uagb-image--layout-overlay__inner .uagb-image-caption{opacity:0;overflow:visible;color:#fff;transition:transform .45s,opacity .45s ease-in-out;transform:translate3d(0, 35px, 0)}.wp-block-uagb-image--layout-overlay__inner:hover .uagb-image-heading,.wp-block-uagb-image--layout-overlay__inner:hover .uagb-image-separator,.wp-block-uagb-image--layout-overlay__inner:hover .uagb-image-caption{opacity:1;transform:translate3d(0, 0, 0)}.wp-block-uagb-image--effect-zoomin .wp-block-uagb-image__figure img,.wp-block-uagb-image--effect-zoomin .wp-block-uagb-image__figure .wp-block-uagb-image--layout-overlay__color-wrapper{transform:scale(1);transition:transform .35s ease-in-out}.wp-block-uagb-image--effect-zoomin .wp-block-uagb-image__figure:hover img,.wp-block-uagb-image--effect-zoomin .wp-block-uagb-image__figure:hover .wp-block-uagb-image--layout-overlay__color-wrapper{transform:scale(1.05)}.wp-block-uagb-image--effect-slide .wp-block-uagb-image__figure img,.wp-block-uagb-image--effect-slide .wp-block-uagb-image__figure .wp-block-uagb-image--layout-overlay__color-wrapper{width:calc(100% + 40px) !important;max-width:none !important;transform:translate3d(-40px, 0, 0);transition:transform .35s ease-in-out}.wp-block-uagb-image--effect-slide .wp-block-uagb-image__figure:hover img,.wp-block-uagb-image--effect-slide .wp-block-uagb-image__figure:hover .wp-block-uagb-image--layout-overlay__color-wrapper{transform:translate3d(0, 0, 0)}.wp-block-uagb-image--effect-grayscale img{filter:grayscale(0%);transition:.35s ease-in-out}.wp-block-uagb-image--effect-grayscale:hover img{filter:grayscale(100%)}.wp-block-uagb-image--effect-blur img{filter:blur(0);transition:.35s ease-in-out}.wp-block-uagb-image--effect-blur:hover img{filter:blur(3px)}.uagb-block-e6f939b3.wp-block-uagb-image--layout-default figure img{box-shadow: 0px 0px 0 #00000070;}.uagb-block-e6f939b3.wp-block-uagb-image .wp-block-uagb-image__figure figcaption{font-style: normal;align-self: center;}.uagb-block-e6f939b3.wp-block-uagb-image--layout-overlay figure img{box-shadow: 0px 0px 0 #00000070;}.uagb-block-e6f939b3.wp-block-uagb-image--layout-overlay .wp-block-uagb-image--layout-overlay__color-wrapper{opacity: 0.2;}.uagb-block-e6f939b3.wp-block-uagb-image--layout-overlay .wp-block-uagb-image--layout-overlay__inner{left: 15px;right: 15px;top: 15px;bottom: 15px;}.uagb-block-e6f939b3.wp-block-uagb-image--layout-overlay .wp-block-uagb-image--layout-overlay__inner .uagb-image-heading{font-style: normal;color: #fff;opacity: 1;}.uagb-block-e6f939b3.wp-block-uagb-image--layout-overlay .wp-block-uagb-image--layout-overlay__inner .uagb-image-heading a{color: #fff;}.uagb-block-e6f939b3.wp-block-uagb-image--layout-overlay .wp-block-uagb-image--layout-overlay__inner .uagb-image-caption{opacity: 0;}.uagb-block-e6f939b3.wp-block-uagb-image--layout-overlay .wp-block-uagb-image__figure:hover .wp-block-uagb-image--layout-overlay__color-wrapper{opacity: 1;}.uagb-block-e6f939b3.wp-block-uagb-image .wp-block-uagb-image--layout-overlay__inner .uagb-image-separator{width: 30%;border-top-width: 2px;border-top-color: #fff;opacity: 0;}.uagb-block-e6f939b3.wp-block-uagb-image .wp-block-uagb-image__figure img{width: px;height: auto;}.uagb-block-e6f939b3.wp-block-uagb-image .wp-block-uagb-image__figure:hover .wp-block-uagb-image--layout-overlay__inner .uagb-image-caption{opacity: 1;}.uagb-block-e6f939b3.wp-block-uagb-image .wp-block-uagb-image__figure:hover .wp-block-uagb-image--layout-overlay__inner .uagb-image-separator{opacity: 1;}.uagb-block-e6f939b3.wp-block-uagb-image--layout-default figure:hover img{box-shadow: 0px 0px 0 #00000070;}.uagb-block-e6f939b3.wp-block-uagb-image--layout-overlay figure:hover img{box-shadow: 0px 0px 0 #00000070;}@media only screen and (max-width: 976px) {.uagb-block-e6f939b3.wp-block-uagb-image .wp-block-uagb-image__figure img{width: px;height: auto;}}@media only screen and (max-width: 767px) {.uagb-block-e6f939b3.wp-block-uagb-image .wp-block-uagb-image__figure img{width: px;height: auto;}}\";s:2:\"js\";s:0:\"\";s:18:\"current_block_list\";a:13:{i:0;s:11:\"core\/search\";i:1;s:10:\"core\/group\";i:2;s:12:\"core\/heading\";i:3;s:17:\"core\/latest-posts\";i:4;s:20:\"core\/latest-comments\";i:5;s:13:\"core\/archives\";i:6;s:15:\"core\/categories\";i:7;s:14:\"core\/paragraph\";i:8;s:10:\"uagb\/image\";i:9;s:11:\"core\/spacer\";i:10;s:30:\"woocommerce\/product-categories\";i:11;s:10:\"core\/image\";i:12;s:14:\"core\/shortcode\";}s:8:\"uag_flag\";b:1;s:11:\"uag_version\";s:10:\"1777372274\";s:6:\"gfonts\";a:0:{}s:10:\"gfonts_url\";s:0:\"\";s:12:\"gfonts_files\";a:0:{}s:14:\"uag_faq_layout\";b:0;}"]},"uagb_featured_image_src":{"full":["https:\/\/www.ferberpainting.com\/wp-content\/uploads\/2025\/05\/WallpaperAdhesive5L.png",2560,2560,false],"thumbnail":["https:\/\/www.ferberpainting.com\/wp-content\/uploads\/2025\/05\/WallpaperAdhesive5L-150x150.png",150,150,true],"medium":["https:\/\/www.ferberpainting.com\/wp-content\/uploads\/2025\/05\/WallpaperAdhesive5L-300x300.png",300,300,true],"medium_large":["https:\/\/www.ferberpainting.com\/wp-content\/uploads\/2025\/05\/WallpaperAdhesive5L-768x768.png",768,768,true],"large":["https:\/\/www.ferberpainting.com\/wp-content\/uploads\/2025\/05\/WallpaperAdhesive5L-1024x1024.png",1024,1024,true],"1536x1536":["https:\/\/www.ferberpainting.com\/wp-content\/uploads\/2025\/05\/WallpaperAdhesive5L-1536x1536.png",1536,1536,true],"2048x2048":["https:\/\/www.ferberpainting.com\/wp-content\/uploads\/2025\/05\/WallpaperAdhesive5L-2048x2048.png",2048,2048,true],"trp-custom-language-flag":["https:\/\/www.ferberpainting.com\/wp-content\/uploads\/2025\/05\/WallpaperAdhesive5L-12x12.png",12,12,true],"woocommerce_thumbnail":["https:\/\/www.ferberpainting.com\/wp-content\/uploads\/2025\/05\/WallpaperAdhesive5L-300x300.png",300,300,true],"woocommerce_single":["https:\/\/www.ferberpainting.com\/wp-content\/uploads\/2025\/05\/WallpaperAdhesive5L-600x600.png",600,600,true],"woocommerce_gallery_thumbnail":["https:\/\/www.ferberpainting.com\/wp-content\/uploads\/2025\/05\/WallpaperAdhesive5L-100x100.png",100,100,true]},"uagb_author_info":{"display_name":"admin","author_link":"https:\/\/www.ferberpainting.com\/hu\/author\/"},"uagb_comment_info":7,"uagb_excerpt":"Optimal adhesion for all types of wallpapers.\u00a0This wallpaper adhesive is specially formulated to ensure a durable and uniform fixation of wall coverings. Its fluid and easy-to-apply texture guarantees perfect adhesion, preventing air bubbles and premature peeling. Compatible with all types of wallpapers, including thick, vinyl, and non-woven models, it allows for flawless installation and an&hellip;","_links":{"self":[{"href":"https:\/\/www.ferberpainting.com\/hu\/wp-json\/wp\/v2\/product\/25633","targetHints":{"allow":["GET"]}}],"collection":[{"href":"https:\/\/www.ferberpainting.com\/hu\/wp-json\/wp\/v2\/product"}],"about":[{"href":"https:\/\/www.ferberpainting.com\/hu\/wp-json\/wp\/v2\/types\/product"}],"replies":[{"embeddable":true,"href":"https:\/\/www.ferberpainting.com\/hu\/wp-json\/wp\/v2\/comments?post=25633"}],"version-history":[{"count":3,"href":"https:\/\/www.ferberpainting.com\/hu\/wp-json\/wp\/v2\/product\/25633\/revisions"}],"predecessor-version":[{"id":168607,"href":"https:\/\/www.ferberpainting.com\/hu\/wp-json\/wp\/v2\/product\/25633\/revisions\/168607"}],"wp:featuredmedia":[{"embeddable":true,"href":"https:\/\/www.ferberpainting.com\/hu\/wp-json\/wp\/v2\/media\/27443"}],"wp:attachment":[{"href":"https:\/\/www.ferberpainting.com\/hu\/wp-json\/wp\/v2\/media?parent=25633"}],"wp:term":[{"taxonomy":"product_brand","embeddable":true,"href":"https:\/\/www.ferberpainting.com\/hu\/wp-json\/wp\/v2\/product_brand?post=25633"},{"taxonomy":"product_cat","embeddable":true,"href":"https:\/\/www.ferberpainting.com\/hu\/wp-json\/wp\/v2\/product_cat?post=25633"},{"taxonomy":"product_tag","embeddable":true,"href":"https:\/\/www.ferberpainting.com\/hu\/wp-json\/wp\/v2\/product_tag?post=25633"}],"curies":[{"name":"wp","href":"https:\/\/api.w.org\/{rel}","templated":true}]}}