{"id":25627,"date":"2025-06-30T18:39:01","date_gmt":"2025-06-30T16:39:01","guid":{"rendered":"https:\/\/www.ferberpainting.com\/?post_type=product&#038;p=25627"},"modified":"2026-02-16T14:21:02","modified_gmt":"2026-02-16T13:21:02","slug":"tile-cleaner","status":"publish","type":"product","link":"https:\/\/www.ferberpainting.com\/hu\/products\/tile-cleaner\/","title":{"rendered":"Bakelitlemez tiszt\u00edt\u00f3"},"content":{"rendered":"<p><strong><img decoding=\"async\" style=\"margin-right: 12px;\" src=\"https:\/\/www.ferberpainting.com\/wp-content\/uploads\/2026\/02\/Check.svg\" alt=\"\" width=\"18\" height=\"15\" \/>Optim\u00e1lis hat\u00e9konys\u00e1g.<\/strong>\u00a0Ez a bakelitlemez-tiszt\u00edt\u00f3szer kifejezetten a por, a zs\u00edrmaradv\u00e1nyok, az ujjlenyomatok \u00e9s a hangmin\u0151s\u00e9get ront\u00f3 mikroszkopikus r\u00e9szecsk\u00e9k hat\u00e9kony elt\u00e1vol\u00edt\u00e1s\u00e1ra szolg\u00e1l. Fejlett formul\u00e1j\u00e1nak k\u00f6sz\u00f6nhet\u0151en m\u00e9lyen behatol a bakelit bar\u00e1zd\u00e1iba, hogy feloldja a szennyez\u0151d\u00e9seket an\u00e9lk\u00fcl, hogy k\u00e1ros\u00edtan\u00e1 a fel\u00fcletet. Jelent\u0151sen cs\u00f6kkenti a recseg\u00e9st, a hangzavart \u00e9s a statikus elektromoss\u00e1got, biztos\u00edtva a tiszt\u00e1bb \u00e9s h\u0171s\u00e9gesebb hallgat\u00e1si \u00e9lm\u00e9nyt.<\/p>\n<p><strong><img decoding=\"async\" style=\"margin-right: 12px;\" src=\"https:\/\/www.ferberpainting.com\/wp-content\/uploads\/2026\/02\/Check.svg\" alt=\"\" width=\"18\" height=\"15\" \/>P\u00e9nzvisszafizet\u00e9si garancia.<\/strong>\u00a0Teljesen megb\u00edzunk tiszt\u00edt\u00f3szer\u00fcnk hat\u00e9konys\u00e1g\u00e1ban. Ha nem teljesen el\u00e9gedett az eredm\u00e9nnyel, teljes visszat\u00e9r\u00edt\u00e9sre jogosult. Pr\u00f3b\u00e1lja ki term\u00e9k\u00fcnket kock\u00e1zatmentesen, \u00e9s m\u00e9lytiszt\u00edt\u00e1ssal \u00e1ll\u00edtsa vissza bakelitj\u00e9nek eredeti f\u00e9ny\u00e9t.<\/p>\n<p><strong><img decoding=\"async\" style=\"margin-right: 12px;\" src=\"https:\/\/www.ferberpainting.com\/wp-content\/uploads\/2026\/02\/Check.svg\" alt=\"\" width=\"18\" height=\"15\" \/>Kiv\u00e9teles sokoldal\u00fas\u00e1g.<\/strong>\u00a0Ez a tiszt\u00edt\u00f3szer nem korl\u00e1toz\u00f3dik a bakelitlemezekre! Ide\u00e1lis a CD-k, DVD-k, Blu-ray lemezek \u00e9s m\u00e1s, apr\u00f3l\u00e9kos gondoskod\u00e1st ig\u00e9nyl\u0151, k\u00e9nyes fel\u00fcletek, p\u00e9ld\u00e1ul \u00fcvegk\u00e9perny\u0151k, f\u00e9nyk\u00e9pez\u0151g\u00e9pek lencs\u00e9i \u00e9s optikai alkatr\u00e9szek tiszt\u00edt\u00e1s\u00e1ra is. 33, 45 \u00e9s 78 fordulat\/perces lemezeken m\u0171k\u00f6dik, \u00edgy t\u00f6k\u00e9letes a modern \u00e9s a vintage gy\u0171jtem\u00e9nyekhez egyar\u00e1nt.<\/p>\n<p><strong><img decoding=\"async\" style=\"margin-right: 12px;\" src=\"https:\/\/www.ferberpainting.com\/wp-content\/uploads\/2026\/02\/Check.svg\" alt=\"\" width=\"18\" height=\"15\" \/>Gazdas\u00e1gi hat\u00e9konys\u00e1g.<\/strong>\u00a0Az 5 literes tart\u00e1ly\u00e1nak \u00e9s az ultrahat\u00e9kony formul\u00e1nak k\u00f6sz\u00f6nhet\u0151en ez a tiszt\u00edt\u00f3szer kiv\u00e1l\u00f3 hozamot biztos\u00edt. Egy kis mennyis\u00e9g elegend\u0151 t\u00f6bb tucatnyi lemez tiszt\u00edt\u00e1s\u00e1hoz a hangmin\u0151s\u00e9g roml\u00e1sa n\u00e9lk\u00fcl. Egy liter \u00e1tlagosan 500 bakelitlemezt kezel, \u00edgy k\u00f6lts\u00e9ghat\u00e9kony megold\u00e1s audiofilok \u00e9s gy\u0171jt\u0151k sz\u00e1m\u00e1ra.<\/p>\n<p><strong><img decoding=\"async\" style=\"margin-right: 12px;\" src=\"https:\/\/www.ferberpainting.com\/wp-content\/uploads\/2026\/02\/Check.svg\" alt=\"\" width=\"18\" height=\"15\" \/>Biztons\u00e1gosan haszn\u00e1lhat\u00f3.<\/strong>\u00a0Az alkoholt vagy old\u00f3szereket tartalmaz\u00f3 kem\u00e9ny tiszt\u00edt\u00f3szerekkel ellent\u00e9tben, amelyek k\u00e1ros\u00edthatj\u00e1k a bar\u00e1zd\u00e1kat, ez a term\u00e9k gyeng\u00e9d \u00e9s biztons\u00e1gos. Nem hagy k\u00e9miai maradv\u00e1nyokat, nem okoz tompas\u00e1got a lemezeken, \u00e9s nem k\u00e1ros\u00edtja az olyan \u00e9rz\u00e9keny anyagokat, mint a m\u0171anyag h\u00fcvelyek vagy a k\u00f6zponti c\u00edmk\u00e9k. Nem tartalmaz mar\u00f3 hat\u00e1s\u00fa anyagokat, \u00e9s teljes m\u00e9rt\u00e9kben tiszteletben tartja a vinil szerkezet\u00e9t.<\/p>\n<p><strong><img decoding=\"async\" style=\"margin-right: 12px;\" src=\"https:\/\/www.ferberpainting.com\/wp-content\/uploads\/2026\/02\/Check.svg\" alt=\"\" width=\"18\" height=\"15\" \/>K\u00f6nny\u0171 haszn\u00e1lat.<\/strong>\u00a0Ez a term\u00e9k azonnal felhaszn\u00e1lhat\u00f3, \u00e9s nem ig\u00e9nyel h\u00edg\u00edt\u00e1st vagy bonyolult l\u00e9p\u00e9seket. Puha mikrosz\u00e1las kend\u0151vel, antisztatikus ecsettel vagy erre a c\u00e9lra szolg\u00e1l\u00f3 applik\u00e1torral k\u00f6zvetlen\u00fcl a lemezre lehet felvinni. Gyors \u00e9s hat\u00e9kony tiszt\u00edt\u00e1st biztos\u00edt n\u00e9h\u00e1ny egyszer\u0171 mozdulattal, speci\u00e1lis felszerel\u00e9s n\u00e9lk\u00fcl.<\/p>\n<p><strong><img decoding=\"async\" style=\"margin-right: 12px;\" src=\"https:\/\/www.ferberpainting.com\/wp-content\/uploads\/2026\/02\/Check.svg\" alt=\"\" width=\"18\" height=\"15\" \/>Hossz\u00fa \u00e9lettartam.<\/strong>\u00a0A recseg\u00e9s\u00e9rt \u00e9s a hangtorzul\u00e1s\u00e9rt felel\u0151s szennyez\u0151d\u00e9sek elt\u00e1vol\u00edt\u00e1s\u00e1val ez a tiszt\u00edt\u00f3szer meghosszabb\u00edtja a bakelitlemezek \u00e9s a tollhegyek \u00e9lettartam\u00e1t. Megakad\u00e1lyozza az id\u0151 el\u0151tti kop\u00e1st, \u00e9s optim\u00e1lis \u00e1llapotban \u0151rzi meg \u00e9rt\u00e9kes gy\u0171jtem\u00e9nyeit. Rendszeres haszn\u00e1lata fenntartja a kifog\u00e1stalan hangmin\u0151s\u00e9get \u00e9s megakad\u00e1lyozza a bar\u00e1zd\u00e1k kialakul\u00e1s\u00e1t.<\/p>\n<p><strong><img decoding=\"async\" style=\"margin-right: 12px;\" src=\"https:\/\/www.ferberpainting.com\/wp-content\/uploads\/2026\/02\/Check.svg\" alt=\"\" width=\"18\" height=\"15\" \/>Gyors akci\u00f3.<\/strong>\u00a0Er\u0151sen reakt\u00edv formul\u00e1j\u00e1nak k\u00f6sz\u00f6nhet\u0151en ez a tiszt\u00edt\u00f3szer azonnal hat a szennyez\u0151d\u00e9sekre \u00e9s a fel\u00fcleti lerak\u00f3d\u00e1sokra. M\u00e1sodpercek alatt feloldja a szennyez\u0151d\u00e9seket, \u00e9s hosszas tiszt\u00edt\u00e1si munk\u00e1latok n\u00e9lk\u00fcl, k\u00f6nnyed\u00e9n elt\u00e1vol\u00edthat\u00f3v\u00e1 teszi a szennyez\u0151d\u00e9seket. Gyorsan sz\u00e1rad, cs\u00edkok \u00e9s maradv\u00e1nyok n\u00e9lk\u00fcl, \u00edgy a kezel\u00e9s ut\u00e1n azonnal \u00fajra felhaszn\u00e1lhat\u00f3 a vinil.<\/p>\n<h2><strong>Haszn\u00e1lati utas\u00edt\u00e1sok<\/strong><\/h2>\n<ul>\n<li><strong>El\u0151k\u00e9sz\u00edt\u00e9s <\/strong>: A tiszt\u00edt\u00f3szer felvitele el\u0151tt kezelje a vinilt a sz\u00e9lein\u00e9l fogva, hogy elker\u00fclje az ujjlenyomatok vagy a zs\u00edr hozz\u00e1ad\u00e1s\u00e1t.<\/li>\n<li><strong>K\u00e9zi alkalmaz\u00e1s <\/strong>: \u00d6nts\u00f6n kis mennyis\u00e9g\u0171 tiszt\u00edt\u00f3szert egy tiszta mikrosz\u00e1las kend\u0151re vagy antisztatikus kef\u00e9re. \u00d3vatosan, k\u00f6rk\u00f6r\u00f6s mozdulatokkal, a bar\u00e1zd\u00e1kat k\u00f6vetve vigye fel.<\/li>\n<li><strong>Tiszt\u00edt\u00f3g\u00e9ppel val\u00f3 haszn\u00e1lat <\/strong>: \u00d6ntse a tiszt\u00edt\u00f3szert a g\u00e9p t\u00e1lc\u00e1j\u00e1ba, mer\u00edtse bele a lemezt, \u00e9s ind\u00edtsa el a tiszt\u00edt\u00e1si ciklust.<\/li>\n<li><strong>Marad\u00e9k elt\u00e1vol\u00edt\u00e1sa <\/strong>: T\u00f6r\u00f6lje \u00e1t tiszta, sz\u00e1raz ruh\u00e1val, hogy elt\u00e1vol\u00edtsa a felesleges term\u00e9ket, \u00e9s biztos\u00edtsa a t\u00f6k\u00e9letesen tiszta fel\u00fcletet a lej\u00e1tsz\u00e1shoz.<\/li>\n<li><strong>Sz\u00e1r\u00edt\u00e1s \u00e9s befejez\u00e9s <\/strong>: Hagyja n\u00e9h\u00e1ny m\u00e1sodpercig term\u00e9szetes m\u00f3don sz\u00e1radni, vagy a folyamat felgyors\u00edt\u00e1s\u00e1hoz haszn\u00e1ljon gyeng\u00e9d l\u00e9gf\u00fav\u00f3t.<\/li>\n<li><strong>Haszn\u00e1lat gyakoris\u00e1ga <\/strong>: Minden els\u0151 lej\u00e1tsz\u00e1s el\u0151tt tiszt\u00edtsa meg, \u00e9s v\u00e9gezzen rendszeres karbantart\u00e1st, hogy megakad\u00e1lyozza a por \u00e9s a szennyez\u0151d\u00e9s felhalmoz\u00f3d\u00e1s\u00e1t a hornyokban.<\/li>\n<li><strong>T\u00e1rol\u00e1s <\/strong>: Haszn\u00e1lat ut\u00e1n z\u00e1rja le szorosan a tart\u00e1lyt, \u00e9s a hossz\u00fa t\u00e1v\u00fa hat\u00e9konys\u00e1g meg\u0151rz\u00e9se \u00e9rdek\u00e9ben t\u00e1rolja h\u0171v\u00f6s, sz\u00e1raz, f\u00e9nyt\u0151l \u00e9s sz\u00e9ls\u0151s\u00e9ges h\u0151m\u00e9rs\u00e9klett\u0151l v\u00e9dett helyen.<\/li>\n<\/ul>\n<p>A bakelitlemez-tiszt\u00edt\u00f3val \u00e9lvezze a tiszta hangz\u00e1st, mik\u00f6zben k\u00f6nnyed\u00e9n meg\u0151rzi \u00e9rt\u00e9kes gy\u0171jtem\u00e9ny\u00e9t. Elengedhetetlen term\u00e9k audiofilok, gy\u0171jt\u0151k \u00e9s bakelitlemezek szerelmesei sz\u00e1m\u00e1ra, akiknek fontos a hangmin\u0151s\u00e9g \u00e9s a lemezek hossz\u00fa \u00e9lettartama.<\/p>","protected":false},"excerpt":{"rendered":"<p>Optimal Effectiveness.\u00a0This vinyl record cleaner is specially formulated to efficiently remove dust, grease residues, fingerprints, and microscopic particles that impair sound quality. Thanks to its advanced formula, it penetrates deeply into the grooves of the vinyl to dissolve impurities without damaging the surface. It significantly reduces crackling, audio noise, and static electricity, ensuring a cleaner [&hellip;]<\/p>\n","protected":false},"featured_media":35812,"comment_status":"open","ping_status":"closed","template":"","meta":{"_uag_custom_page_level_css":"","site-sidebar-layout":"default","site-content-layout":"","ast-site-content-layout":"default","site-content-style":"default","site-sidebar-style":"default","ast-global-header-display":"","ast-banner-title-visibility":"","ast-main-header-display":"","ast-hfb-above-header-display":"","ast-hfb-below-header-display":"","ast-hfb-mobile-header-display":"","site-post-title":"","ast-breadcrumbs-content":"","ast-featured-img":"","footer-sml-layout":"","ast-disable-related-posts":"","theme-transparent-header-meta":"default","adv-header-id-meta":"","stick-header-meta":"","header-above-stick-meta":"","header-main-stick-meta":"","header-below-stick-meta":"","astra-migrate-meta-layouts":"set","ast-page-background-enabled":"default","ast-page-background-meta":{"desktop":{"background-color":"var(--ast-global-color-4)","background-image":"","background-repeat":"repeat","background-position":"center center","background-size":"auto","background-attachment":"scroll","background-type":"","background-media":"","overlay-type":"","overlay-color":"","overlay-opacity":"","overlay-gradient":""},"tablet":{"background-color":"","background-image":"","background-repeat":"repeat","background-position":"center center","background-size":"auto","background-attachment":"scroll","background-type":"","background-media":"","overlay-type":"","overlay-color":"","overlay-opacity":"","overlay-gradient":""},"mobile":{"background-color":"","background-image":"","background-repeat":"repeat","background-position":"center center","background-size":"auto","background-attachment":"scroll","background-type":"","background-media":"","overlay-type":"","overlay-color":"","overlay-opacity":"","overlay-gradient":""}},"ast-content-background-meta":{"desktop":{"background-color":"var(--ast-global-color-5)","background-image":"","background-repeat":"repeat","background-position":"center center","background-size":"auto","background-attachment":"scroll","background-type":"","background-media":"","overlay-type":"","overlay-color":"","overlay-opacity":"","overlay-gradient":""},"tablet":{"background-color":"var(--ast-global-color-5)","background-image":"","background-repeat":"repeat","background-position":"center center","background-size":"auto","background-attachment":"scroll","background-type":"","background-media":"","overlay-type":"","overlay-color":"","overlay-opacity":"","overlay-gradient":""},"mobile":{"background-color":"var(--ast-global-color-5)","background-image":"","background-repeat":"repeat","background-position":"center center","background-size":"auto","background-attachment":"scroll","background-type":"","background-media":"","overlay-type":"","overlay-color":"","overlay-opacity":"","overlay-gradient":""}}},"product_brand":[],"product_cat":[175],"product_tag":[],"class_list":{"0":"post-25627","1":"product","2":"type-product","3":"status-publish","4":"has-post-thumbnail","6":"product_cat-cleaning-products","7":"desktop-align-left","8":"tablet-align-left","9":"mobile-align-left","11":"first","12":"instock","13":"sale","14":"taxable","15":"shipping-taxable","16":"purchasable","17":"product-type-variable","18":"has-default-attributes"},"spectra_custom_meta":{"_visibility":["visible"],"_shopify_product_id":["9102335934709"],"_s2w_shopify_domain":["ferberpainting.myshopify.com"],"_shopify_variant_id":["46616003608821"],"_sku":[""],"_manage_stock":["no"],"total_sales":["169"],"_tax_status":["taxable"],"_tax_class":[""],"_backorders":["no"],"_sold_individually":["no"],"_virtual":["no"],"_downloadable":["no"],"_download_limit":["-1"],"_download_expiry":["-1"],"_stock":[null],"_stock_status":["instock"],"_wc_average_rating":["5.00"],"_wc_review_count":["10"],"_product_attributes":["a:1:{s:6:\"volume\";a:6:{s:4:\"name\";s:6:\"Volume\";s:5:\"value\";s:20:\"5 liters | 25 liters\";s:8:\"position\";i:1;s:10:\"is_visible\";i:0;s:12:\"is_variation\";i:1;s:11:\"is_taxonomy\";i:0;}}"],"_product_version":["10.5.1"],"wpse_downloadable_file_names":[""],"wpse_downloadable_file_urls":[""],"_edit_last":["1"],"_default_attributes":["a:1:{s:6:\"volume\";s:8:\"5 liters\";}"],"_edit_lock":["1771333188:1"],"merchant-center-availability":["yes"],"merchant-center-category":["4973"],"_thumbnail_id":["35812"],"_wp_page_template":["default"],"_wp_old_date":["2025-05-26"],"_product_image_gallery":["35813"],"site-sidebar-layout":["default"],"ast-site-content-layout":["default"],"site-content-style":["default"],"site-sidebar-style":["default"],"theme-transparent-header-meta":["default"],"_wc_rating_count":["a:1:{i:5;i:10;}"],"_price":["29.90","129.90"],"astra-migrate-meta-layouts":["set"],"_uag_css_file_name":["uag-css-25627.css"],"_elementor_page_assets":["a:0:{}"],"_uag_page_assets":["a:9:{s:3:\"css\";s:7133:\".uag-blocks-common-selector{z-index:var(--z-index-desktop) !important}@media(max-width: 976px){.uag-blocks-common-selector{z-index:var(--z-index-tablet) !important}}@media(max-width: 767px){.uag-blocks-common-selector{z-index:var(--z-index-mobile) !important}}.wp-block-uagb-image{display:flex}.wp-block-uagb-image__figure{position:relative;display:flex;flex-direction:column;max-width:100%;height:auto;margin:0}.wp-block-uagb-image__figure img{height:auto;display:flex;max-width:100%;transition:box-shadow .2s ease}.wp-block-uagb-image__figure>a{display:inline-block}.wp-block-uagb-image__figure figcaption{text-align:center;margin-top:.5em;margin-bottom:1em}.wp-block-uagb-image .components-placeholder.block-editor-media-placeholder .components-placeholder__instructions{align-self:center}.wp-block-uagb-image--align-left{text-align:left}.wp-block-uagb-image--align-right{text-align:right}.wp-block-uagb-image--align-center{text-align:center}.wp-block-uagb-image--align-full .wp-block-uagb-image__figure{margin-left:calc(50% - 50vw);margin-right:calc(50% - 50vw);max-width:100vw;width:100vw;height:auto}.wp-block-uagb-image--align-full .wp-block-uagb-image__figure img{height:auto;width:100% !important}.wp-block-uagb-image--align-wide .wp-block-uagb-image__figure img{height:auto;width:100%}.wp-block-uagb-image--layout-overlay__color-wrapper{position:absolute;left:0;top:0;right:0;bottom:0;opacity:.2;background:rgba(0,0,0,.5);transition:opacity .35s ease-in-out}.wp-block-uagb-image--layout-overlay-link{position:absolute;left:0;right:0;bottom:0;top:0}.wp-block-uagb-image--layout-overlay .wp-block-uagb-image__figure:hover .wp-block-uagb-image--layout-overlay__color-wrapper{opacity:1}.wp-block-uagb-image--layout-overlay__inner{position:absolute;left:15px;right:15px;bottom:15px;top:15px;display:flex;align-items:center;justify-content:center;flex-direction:column;border-color:#fff;transition:.35s ease-in-out}.wp-block-uagb-image--layout-overlay__inner.top-left,.wp-block-uagb-image--layout-overlay__inner.top-center,.wp-block-uagb-image--layout-overlay__inner.top-right{justify-content:flex-start}.wp-block-uagb-image--layout-overlay__inner.bottom-left,.wp-block-uagb-image--layout-overlay__inner.bottom-center,.wp-block-uagb-image--layout-overlay__inner.bottom-right{justify-content:flex-end}.wp-block-uagb-image--layout-overlay__inner.top-left,.wp-block-uagb-image--layout-overlay__inner.center-left,.wp-block-uagb-image--layout-overlay__inner.bottom-left{align-items:flex-start}.wp-block-uagb-image--layout-overlay__inner.top-right,.wp-block-uagb-image--layout-overlay__inner.center-right,.wp-block-uagb-image--layout-overlay__inner.bottom-right{align-items:flex-end}.wp-block-uagb-image--layout-overlay__inner .uagb-image-heading{color:#fff;transition:transform .35s,opacity .35s ease-in-out;transform:translate3d(0, 24px, 0);margin:0;line-height:1em}.wp-block-uagb-image--layout-overlay__inner .uagb-image-separator{width:30%;border-top-width:2px;border-top-color:#fff;border-top-style:solid;margin-bottom:10px;opacity:0;transition:transform .4s,opacity .4s ease-in-out;transform:translate3d(0, 30px, 0)}.wp-block-uagb-image--layout-overlay__inner .uagb-image-caption{opacity:0;overflow:visible;color:#fff;transition:transform .45s,opacity .45s ease-in-out;transform:translate3d(0, 35px, 0)}.wp-block-uagb-image--layout-overlay__inner:hover .uagb-image-heading,.wp-block-uagb-image--layout-overlay__inner:hover .uagb-image-separator,.wp-block-uagb-image--layout-overlay__inner:hover .uagb-image-caption{opacity:1;transform:translate3d(0, 0, 0)}.wp-block-uagb-image--effect-zoomin .wp-block-uagb-image__figure img,.wp-block-uagb-image--effect-zoomin .wp-block-uagb-image__figure .wp-block-uagb-image--layout-overlay__color-wrapper{transform:scale(1);transition:transform .35s ease-in-out}.wp-block-uagb-image--effect-zoomin .wp-block-uagb-image__figure:hover img,.wp-block-uagb-image--effect-zoomin .wp-block-uagb-image__figure:hover .wp-block-uagb-image--layout-overlay__color-wrapper{transform:scale(1.05)}.wp-block-uagb-image--effect-slide .wp-block-uagb-image__figure img,.wp-block-uagb-image--effect-slide .wp-block-uagb-image__figure .wp-block-uagb-image--layout-overlay__color-wrapper{width:calc(100% + 40px) !important;max-width:none !important;transform:translate3d(-40px, 0, 0);transition:transform .35s ease-in-out}.wp-block-uagb-image--effect-slide .wp-block-uagb-image__figure:hover img,.wp-block-uagb-image--effect-slide .wp-block-uagb-image__figure:hover .wp-block-uagb-image--layout-overlay__color-wrapper{transform:translate3d(0, 0, 0)}.wp-block-uagb-image--effect-grayscale img{filter:grayscale(0%);transition:.35s ease-in-out}.wp-block-uagb-image--effect-grayscale:hover img{filter:grayscale(100%)}.wp-block-uagb-image--effect-blur img{filter:blur(0);transition:.35s ease-in-out}.wp-block-uagb-image--effect-blur:hover img{filter:blur(3px)}.uagb-block-e6f939b3.wp-block-uagb-image--layout-default figure img{box-shadow: 0px 0px 0 #00000070;}.uagb-block-e6f939b3.wp-block-uagb-image .wp-block-uagb-image__figure figcaption{font-style: normal;align-self: center;}.uagb-block-e6f939b3.wp-block-uagb-image--layout-overlay figure img{box-shadow: 0px 0px 0 #00000070;}.uagb-block-e6f939b3.wp-block-uagb-image--layout-overlay .wp-block-uagb-image--layout-overlay__color-wrapper{opacity: 0.2;}.uagb-block-e6f939b3.wp-block-uagb-image--layout-overlay .wp-block-uagb-image--layout-overlay__inner{left: 15px;right: 15px;top: 15px;bottom: 15px;}.uagb-block-e6f939b3.wp-block-uagb-image--layout-overlay .wp-block-uagb-image--layout-overlay__inner .uagb-image-heading{font-style: normal;color: #fff;opacity: 1;}.uagb-block-e6f939b3.wp-block-uagb-image--layout-overlay .wp-block-uagb-image--layout-overlay__inner .uagb-image-heading a{color: #fff;}.uagb-block-e6f939b3.wp-block-uagb-image--layout-overlay .wp-block-uagb-image--layout-overlay__inner .uagb-image-caption{opacity: 0;}.uagb-block-e6f939b3.wp-block-uagb-image--layout-overlay .wp-block-uagb-image__figure:hover .wp-block-uagb-image--layout-overlay__color-wrapper{opacity: 1;}.uagb-block-e6f939b3.wp-block-uagb-image .wp-block-uagb-image--layout-overlay__inner .uagb-image-separator{width: 30%;border-top-width: 2px;border-top-color: #fff;opacity: 0;}.uagb-block-e6f939b3.wp-block-uagb-image .wp-block-uagb-image__figure img{width: px;height: auto;}.uagb-block-e6f939b3.wp-block-uagb-image .wp-block-uagb-image__figure:hover .wp-block-uagb-image--layout-overlay__inner .uagb-image-caption{opacity: 1;}.uagb-block-e6f939b3.wp-block-uagb-image .wp-block-uagb-image__figure:hover .wp-block-uagb-image--layout-overlay__inner .uagb-image-separator{opacity: 1;}.uagb-block-e6f939b3.wp-block-uagb-image--layout-default figure:hover img{box-shadow: 0px 0px 0 #00000070;}.uagb-block-e6f939b3.wp-block-uagb-image--layout-overlay figure:hover img{box-shadow: 0px 0px 0 #00000070;}@media only screen and (max-width: 976px) {.uagb-block-e6f939b3.wp-block-uagb-image .wp-block-uagb-image__figure img{width: px;height: auto;}}@media only screen and (max-width: 767px) {.uagb-block-e6f939b3.wp-block-uagb-image .wp-block-uagb-image__figure img{width: px;height: auto;}}\";s:2:\"js\";s:0:\"\";s:18:\"current_block_list\";a:13:{i:0;s:11:\"core\/search\";i:1;s:10:\"core\/group\";i:2;s:12:\"core\/heading\";i:3;s:17:\"core\/latest-posts\";i:4;s:20:\"core\/latest-comments\";i:5;s:13:\"core\/archives\";i:6;s:15:\"core\/categories\";i:7;s:14:\"core\/paragraph\";i:8;s:10:\"uagb\/image\";i:9;s:11:\"core\/spacer\";i:10;s:30:\"woocommerce\/product-categories\";i:11;s:10:\"core\/image\";i:12;s:14:\"core\/shortcode\";}s:8:\"uag_flag\";b:1;s:11:\"uag_version\";s:10:\"1777196246\";s:6:\"gfonts\";a:0:{}s:10:\"gfonts_url\";s:0:\"\";s:12:\"gfonts_files\";a:0:{}s:14:\"uag_faq_layout\";b:0;}"]},"uagb_featured_image_src":{"full":["https:\/\/www.ferberpainting.com\/wp-content\/uploads\/2025\/05\/Vinyl-Record-Cleaner-5L-Mockup-.png",2560,2560,false],"thumbnail":["https:\/\/www.ferberpainting.com\/wp-content\/uploads\/2025\/05\/Vinyl-Record-Cleaner-5L-Mockup--150x150.png",150,150,true],"medium":["https:\/\/www.ferberpainting.com\/wp-content\/uploads\/2025\/05\/Vinyl-Record-Cleaner-5L-Mockup--300x300.png",300,300,true],"medium_large":["https:\/\/www.ferberpainting.com\/wp-content\/uploads\/2025\/05\/Vinyl-Record-Cleaner-5L-Mockup--768x768.png",768,768,true],"large":["https:\/\/www.ferberpainting.com\/wp-content\/uploads\/2025\/05\/Vinyl-Record-Cleaner-5L-Mockup--1024x1024.png",1024,1024,true],"1536x1536":["https:\/\/www.ferberpainting.com\/wp-content\/uploads\/2025\/05\/Vinyl-Record-Cleaner-5L-Mockup--1536x1536.png",1536,1536,true],"2048x2048":["https:\/\/www.ferberpainting.com\/wp-content\/uploads\/2025\/05\/Vinyl-Record-Cleaner-5L-Mockup--2048x2048.png",2048,2048,true],"trp-custom-language-flag":["https:\/\/www.ferberpainting.com\/wp-content\/uploads\/2025\/05\/Vinyl-Record-Cleaner-5L-Mockup--12x12.png",12,12,true],"woocommerce_thumbnail":["https:\/\/www.ferberpainting.com\/wp-content\/uploads\/2025\/05\/Vinyl-Record-Cleaner-5L-Mockup--300x300.png",300,300,true],"woocommerce_single":["https:\/\/www.ferberpainting.com\/wp-content\/uploads\/2025\/05\/Vinyl-Record-Cleaner-5L-Mockup--600x600.png",600,600,true],"woocommerce_gallery_thumbnail":["https:\/\/www.ferberpainting.com\/wp-content\/uploads\/2025\/05\/Vinyl-Record-Cleaner-5L-Mockup--100x100.png",100,100,true]},"uagb_author_info":{"display_name":"admin","author_link":"https:\/\/www.ferberpainting.com\/hu\/author\/"},"uagb_comment_info":10,"uagb_excerpt":"Optimal Effectiveness.\u00a0This vinyl record cleaner is specially formulated to efficiently remove dust, grease residues, fingerprints, and microscopic particles that impair sound quality. Thanks to its advanced formula, it penetrates deeply into the grooves of the vinyl to dissolve impurities without damaging the surface. It significantly reduces crackling, audio noise, and static electricity, ensuring a cleaner&hellip;","_links":{"self":[{"href":"https:\/\/www.ferberpainting.com\/hu\/wp-json\/wp\/v2\/product\/25627","targetHints":{"allow":["GET"]}}],"collection":[{"href":"https:\/\/www.ferberpainting.com\/hu\/wp-json\/wp\/v2\/product"}],"about":[{"href":"https:\/\/www.ferberpainting.com\/hu\/wp-json\/wp\/v2\/types\/product"}],"replies":[{"embeddable":true,"href":"https:\/\/www.ferberpainting.com\/hu\/wp-json\/wp\/v2\/comments?post=25627"}],"version-history":[{"count":4,"href":"https:\/\/www.ferberpainting.com\/hu\/wp-json\/wp\/v2\/product\/25627\/revisions"}],"predecessor-version":[{"id":167529,"href":"https:\/\/www.ferberpainting.com\/hu\/wp-json\/wp\/v2\/product\/25627\/revisions\/167529"}],"wp:featuredmedia":[{"embeddable":true,"href":"https:\/\/www.ferberpainting.com\/hu\/wp-json\/wp\/v2\/media\/35812"}],"wp:attachment":[{"href":"https:\/\/www.ferberpainting.com\/hu\/wp-json\/wp\/v2\/media?parent=25627"}],"wp:term":[{"taxonomy":"product_brand","embeddable":true,"href":"https:\/\/www.ferberpainting.com\/hu\/wp-json\/wp\/v2\/product_brand?post=25627"},{"taxonomy":"product_cat","embeddable":true,"href":"https:\/\/www.ferberpainting.com\/hu\/wp-json\/wp\/v2\/product_cat?post=25627"},{"taxonomy":"product_tag","embeddable":true,"href":"https:\/\/www.ferberpainting.com\/hu\/wp-json\/wp\/v2\/product_tag?post=25627"}],"curies":[{"name":"wp","href":"https:\/\/api.w.org\/{rel}","templated":true}]}}