{"id":25612,"date":"2025-06-30T19:16:41","date_gmt":"2025-06-30T17:16:41","guid":{"rendered":"https:\/\/www.ferberpainting.com\/?post_type=product&#038;p=25612"},"modified":"2026-02-16T14:02:42","modified_gmt":"2026-02-16T13:02:42","slug":"ultrasonic-cleaner-solution","status":"publish","type":"product","link":"https:\/\/www.ferberpainting.com\/hu\/products\/ultrasonic-cleaner-solution\/","title":{"rendered":"Ultrahangos tiszt\u00edt\u00f3 oldat"},"content":{"rendered":"<p><strong><img decoding=\"async\" style=\"margin-right: 12px;\" src=\"https:\/\/www.ferberpainting.com\/wp-content\/uploads\/2026\/02\/Check.svg\" alt=\"\" width=\"18\" height=\"15\" \/>Optim\u00e1lis hat\u00e9konys\u00e1g.<\/strong>\u00a0Ez az ultrahangos f\u00fcrd\u0151tiszt\u00edt\u00f3 speci\u00e1lisan a szennyez\u0151d\u00e9sek, zs\u00edrmaradv\u00e1nyok, oxid\u00e1ci\u00f3 \u00e9s be\u00e1gyazott szennyez\u0151d\u00e9sek hat\u00e9kony elt\u00e1vol\u00edt\u00e1s\u00e1ra szolg\u00e1l a k\u00fcl\u00f6nb\u00f6z\u0151 t\u00e1rgyakr\u00f3l. Fokozza az ultrahangos tiszt\u00edt\u00e1si hat\u00e1st, lehet\u0151v\u00e9 t\u00e9ve a m\u00e9lytiszt\u00edt\u00e1st, m\u00e9g a nehezen hozz\u00e1f\u00e9rhet\u0151 ter\u00fcleteken is. Er\u0151teljes formul\u00e1ja gyorsan feloldja a nem k\u00edv\u00e1nt r\u00e9szecsk\u00e9ket an\u00e9lk\u00fcl, hogy k\u00e1ros\u00edtan\u00e1 a kezelt fel\u00fcleteket, \u00edgy t\u00f6k\u00e9letes \u00e9s egyenletes tiszt\u00edt\u00e1si eredm\u00e9nyt biztos\u00edt.<\/p>\n<p><strong><img decoding=\"async\" style=\"margin-right: 12px;\" src=\"https:\/\/www.ferberpainting.com\/wp-content\/uploads\/2026\/02\/Check.svg\" alt=\"\" width=\"18\" height=\"15\" \/>P\u00e9nzvisszafizet\u00e9si garancia.<\/strong>\u00a0Teljesen biztosak vagyunk a tiszt\u00edt\u00f3szer\u00fcnk teljes\u00edtm\u00e9ny\u00e9ben. Ha a haszn\u00e1lata ut\u00e1n nem teljesen el\u00e9gedett az eredm\u00e9nnyel, teljes visszat\u00e9r\u00edt\u00e9sre jogosult. Pr\u00f3b\u00e1lja ki teljes lelki nyugalommal, \u00e9s \u00e9lvezze t\u00e1rgyai makul\u00e1tlan tisztas\u00e1g\u00e1t, k\u00f6nnyed\u00e9n.<\/p>\n<p><strong><img decoding=\"async\" style=\"margin-right: 12px;\" src=\"https:\/\/www.ferberpainting.com\/wp-content\/uploads\/2026\/02\/Check.svg\" alt=\"\" width=\"18\" height=\"15\" \/>Kiv\u00e9teles sokoldal\u00fas\u00e1g.<\/strong>\u00a0Ez a tiszt\u00edt\u00f3szer nem korl\u00e1toz\u00f3dik egy anyagt\u00edpusra! Ide\u00e1lis a f\u00e9m, \u00fcveg, m\u0171anyag, ker\u00e1mia \u00e9s finom \u00f6tv\u00f6zet\u0171 t\u00e1rgyak sz\u00e9les sk\u00e1l\u00e1j\u00e1nak tiszt\u00edt\u00e1s\u00e1ra. K\u00fcl\u00f6n\u00f6sen hat\u00e9kony \u00e9kszerek, \u00f3r\u00e1k, szem\u00fcvegek, mechanikus alkatr\u00e9szek, prec\u00edzi\u00f3s m\u0171szerek, nyomtat\u00f3fejek, fog\u00e1szati prot\u00e9zisek, elektronika \u00e9s laborat\u00f3riumi eszk\u00f6z\u00f6k eset\u00e9ben. Sz\u00e1mos anyaggal val\u00f3 kompatibilit\u00e1sa univerz\u00e1lis tiszt\u00edt\u00f3szerr\u00e9 teszi az ultrahangf\u00fcrd\u0151 minden felhaszn\u00e1l\u00e1si ter\u00fclet\u00e9re.<\/p>\n<p><strong><img decoding=\"async\" style=\"margin-right: 12px;\" src=\"https:\/\/www.ferberpainting.com\/wp-content\/uploads\/2026\/02\/Check.svg\" alt=\"\" width=\"18\" height=\"15\" \/>K\u00f6lts\u00e9ghat\u00e9kony.<\/strong>\u00a05 literes tart\u00e1ly\u00e1nak \u00e9s koncentr\u00e1lt formul\u00e1j\u00e1nak k\u00f6sz\u00f6nhet\u0151en ez a tiszt\u00edt\u00f3szer kiemelked\u0151 \u00e9rt\u00e9ket k\u00edn\u00e1l. Egy kis mennyis\u00e9g elegend\u0151 az ultrahangos tart\u00e1ly felt\u00f6lt\u00e9s\u00e9hez \u00e9s a hat\u00e9kony tiszt\u00edt\u00e1s biztos\u00edt\u00e1s\u00e1hoz. \u00c1tlagosan egy liter term\u00e9k ak\u00e1r 100 tiszt\u00edt\u00e1si ciklusra is elegend\u0151, \u00edgy tart\u00f3s \u00e9s gazdas\u00e1gos megold\u00e1s a rendszeres haszn\u00e1latra, ak\u00e1r otthon, ak\u00e1r professzion\u00e1lisan.<\/p>\n<p><strong><img decoding=\"async\" style=\"margin-right: 12px;\" src=\"https:\/\/www.ferberpainting.com\/wp-content\/uploads\/2026\/02\/Check.svg\" alt=\"\" width=\"18\" height=\"15\" \/>Biztons\u00e1gosan haszn\u00e1lhat\u00f3.<\/strong>\u00a0A durva old\u00f3szerekkel vagy mar\u00f3szerekkel ellent\u00e9tben, amelyek bizonyos anyagokat k\u00e1ros\u00edthatnak, ez a term\u00e9k \u00fagy lett kifejlesztve, hogy k\u00edm\u00e9letes \u00e9s biztons\u00e1gos legyen, mik\u00f6zben tiszteletben tartja a k\u00e9nyes fel\u00fcleteket. Nem bocs\u00e1t ki m\u00e9rgez\u0151 g\u0151z\u00f6ket, nem okoz b\u0151rirrit\u00e1ci\u00f3t, \u00e9s az \u00f6bl\u00edt\u00e9s ut\u00e1n nem hagy k\u00e1ros maradv\u00e1nyokat. Gyakori haszn\u00e1latra alkalmas, biztos\u00edtva a k\u00e9nyes t\u00e1rgyak biztons\u00e1gos tiszt\u00edt\u00e1s\u00e1t an\u00e9lk\u00fcl, hogy s\u00e9r\u00fclne az \u00e9ps\u00e9g\u00fck.<\/p>\n<p><strong><img decoding=\"async\" style=\"margin-right: 12px;\" src=\"https:\/\/www.ferberpainting.com\/wp-content\/uploads\/2026\/02\/Check.svg\" alt=\"\" width=\"18\" height=\"15\" \/>K\u00f6nny\u0171 haszn\u00e1lat.<\/strong>\u00a0Ez a term\u00e9k azonnal felhaszn\u00e1lhat\u00f3, nem ig\u00e9nyel h\u00edg\u00edt\u00e1st vagy bonyolult el\u0151k\u00e9sz\u00edt\u00e9st. Egyszer\u0171en \u00f6ntse az ultrahangos f\u00fcrd\u0151be, \u00e9s ind\u00edtsa el a ciklust. Gyors hat\u00e1sa \u00e9s azonnali hat\u00e9konys\u00e1ga lehet\u0151v\u00e9 teszi a k\u00f6nny\u0171 \u00e9s hat\u00e9kony tiszt\u00edt\u00e1st, m\u00e9g a kezd\u0151k sz\u00e1m\u00e1ra is.<\/p>\n<p><strong><img decoding=\"async\" style=\"margin-right: 12px;\" src=\"https:\/\/www.ferberpainting.com\/wp-content\/uploads\/2026\/02\/Check.svg\" alt=\"\" width=\"18\" height=\"15\" \/>Hosszantart\u00f3 \u00e1pol\u00e1s.<\/strong>\u00a0A szennyez\u0151d\u00e9sek elt\u00e1vol\u00edt\u00e1s\u00e1val \u00e9s a tiszt\u00edtott t\u00e1rgyak \u00e9ps\u00e9g\u00e9nek meg\u0151rz\u00e9s\u00e9vel ez a tiszt\u00edt\u00f3szer seg\u00edt meghosszabb\u00edtani azok \u00e9lettartam\u00e1t \u00e9s teljes\u00edtm\u00e9ny\u00e9t. Megakad\u00e1lyozza a szennyez\u0151d\u00e9sek felhalmoz\u00f3d\u00e1s\u00e1t, amelyek befoly\u00e1solhatj\u00e1k a prec\u00edzi\u00f3s m\u0171szerek vagy mechanikus alkatr\u00e9szek m\u0171k\u00f6d\u00e9s\u00e9t. Rendszeres haszn\u00e1lata hossz\u00fa t\u00e1von garant\u00e1lja a tiszta, m\u0171k\u00f6d\u0151k\u00e9pes t\u00e1rgyakat.<\/p>\n<p><strong><img decoding=\"async\" style=\"margin-right: 12px;\" src=\"https:\/\/www.ferberpainting.com\/wp-content\/uploads\/2026\/02\/Check.svg\" alt=\"\" width=\"18\" height=\"15\" \/>Gyors akci\u00f3.<\/strong>\u00a0A rendk\u00edv\u00fcl akt\u00edv formul\u00e1nak k\u00f6sz\u00f6nhet\u0151en ez a tiszt\u00edt\u00f3szer azonnal hat a be\u00e1gyaz\u00f3dott szennyez\u0151d\u00e9sekre \u00e9s maradv\u00e1nyokra. N\u00e9h\u00e1ny perc alatt feloldja a szennyez\u0151d\u00e9seket, \u00edgy azok ultrahangos m\u0171k\u00f6d\u00e9ssel k\u00f6nnyen elt\u00e1vol\u00edthat\u00f3k. Ler\u00f6vid\u00edti a tiszt\u00edt\u00e1si id\u0151t \u00e9s m\u00e1r az els\u0151 haszn\u00e1latt\u00f3l kezdve l\u00e1that\u00f3 eredm\u00e9nyt biztos\u00edt.<\/p>\n<h2><strong>Haszn\u00e1lati utas\u00edt\u00e1sok<\/strong><\/h2>\n<ul>\n<li><strong>El\u0151k\u00e9sz\u00edt\u00e9s <\/strong>: Gy\u0151z\u0151dj\u00f6n meg r\u00f3la, hogy az ultrahangf\u00fcrd\u0151 tiszta \u00e9s k\u00e9sz, miel\u0151tt hozz\u00e1adn\u00e1 a tiszt\u00edt\u00f3szert. A term\u00e9k hat\u00e9konys\u00e1g\u00e1nak optimaliz\u00e1l\u00e1sa \u00e9rdek\u00e9ben t\u00e1vol\u00edtson el minden nagyobb r\u00e9szecsk\u00e9t vagy l\u00e1that\u00f3 szennyez\u0151d\u00e9st a t\u00e1rgyakr\u00f3l.<\/li>\n<li><strong>A tart\u00e1ly felt\u00f6lt\u00e9se <\/strong>: \u00d6ntse a tiszt\u00edt\u00f3szert k\u00f6zvetlen\u00fcl az ultrahangos f\u00fcrd\u0151be, am\u00edg el nem \u00e9ri a t\u00e1rgyak teljes elmer\u00fcl\u00e9s\u00e9hez sz\u00fcks\u00e9ges szintet. Nincs sz\u00fcks\u00e9g h\u00edg\u00edt\u00e1sra, a term\u00e9k haszn\u00e1latra k\u00e9sz.<\/li>\n<li><strong>Objektum mer\u00edt\u00e9s <\/strong>: \u00d3vatosan helyezze az elemeket a k\u00e1dba, \u00fcgyelve arra, hogy ne fedj\u00e9k egym\u00e1st, hogy lehet\u0151v\u00e9 tegye az egyenletes \u00e9s optim\u00e1lis tiszt\u00edt\u00e1st.<\/li>\n<li><strong>Ciklus ind\u00edt\u00e1sa <\/strong>: A hat\u00e9konys\u00e1g n\u00f6vel\u00e9se \u00e9rdek\u00e9ben \u00e1ll\u00edtsa be a f\u00fcrd\u0151 h\u0151m\u00e9rs\u00e9klet\u00e9t (ha van ilyen) 40 \u00e9s 50\u00b0C k\u00f6z\u00e9, \u00e9s aktiv\u00e1lja a ciklust, 5-10 perces id\u0151tartamot v\u00e1lasztva, att\u00f3l f\u00fcgg\u0151en, hogy mennyire szennyezettek a t\u00e1rgyak.<\/li>\n<li><strong>A  weboldal figyelemmel k\u00eds\u00e9r\u00e9se <\/strong>: Figyelje a tiszt\u00edt\u00e1si folyamatot a ciklus alatt. K\u00e9nyesebb vagy er\u0151sen szennyezett t\u00e1rgyak eset\u00e9n sz\u00fcks\u00e9g szerint \u00e1ll\u00edtsa be az id\u0151tartamot.<\/li>\n<li><strong>\u00d6bl\u00edt\u00e9s <\/strong>: A ciklus v\u00e9gezt\u00e9vel vegye ki a t\u00e1rgyakat, \u00e9s alaposan \u00f6bl\u00edtse ki tiszta v\u00edzzel, hogy elt\u00e1vol\u00edtsa a term\u00e9kmaradv\u00e1nyokat, \u00e9s foltmentes legyen a v\u00e9geredm\u00e9ny.<\/li>\n<li><strong>Sz\u00e1r\u00edt\u00e1s \u00e9s befejez\u00e9s <\/strong>: A cs\u00edkmentes eredm\u00e9ny \u00e9rdek\u00e9ben \u00f3vatosan sz\u00e1r\u00edtsa meg a t\u00e1rgyakat puha, tiszta ruh\u00e1val, vagy haszn\u00e1ljon l\u00e9gf\u00fav\u00f3t a v\u00edznyomok elt\u00e1vol\u00edt\u00e1s\u00e1hoz.<\/li>\n<li><strong>F\u00fcrd\u0151 karbantart\u00e1s <\/strong>: T\u00f6bbsz\u00f6ri haszn\u00e1lat ut\u00e1n \u00fcr\u00edtse ki \u00e9s tiszt\u00edtsa meg az ultrahangf\u00fcrd\u0151t, hogy a j\u00f6v\u0151beni tiszt\u00edt\u00e1sok sor\u00e1n optim\u00e1lis eredm\u00e9nyeket \u00e9rjen el.<\/li>\n<li><strong>Haszn\u00e1lati gyakoris\u00e1g <\/strong>: Haszn\u00e1lja olyan gyakran, amilyen gyakran sz\u00fcks\u00e9ges, att\u00f3l f\u00fcgg\u0151en, hogy mennyire szennyezettek a t\u00e1rgyai. A megel\u0151z\u0151 \u00e1pol\u00e1s \u00e9rdek\u00e9ben tervezze meg a pornak, zs\u00edrnak vagy oxid\u00e1ci\u00f3nak kitett t\u00e1rgyak rendszeres tiszt\u00edt\u00e1s\u00e1t.<\/li>\n<li><strong>T\u00e1rol\u00e1s <\/strong>: Haszn\u00e1lat ut\u00e1n tartsa szorosan lez\u00e1rva a tart\u00e1lyt, \u00e9s t\u00e1rolja h\u0171v\u00f6s, sz\u00e1raz helyen, f\u00e9nyt\u0151l \u00e9s sz\u00e9ls\u0151s\u00e9ges h\u0151m\u00e9rs\u00e9klett\u0151l v\u00e9dve, hogy a term\u00e9k teljes hat\u00e9konys\u00e1ga hossz\u00fa id\u0151n kereszt\u00fcl megmaradjon.<\/li>\n<\/ul>\n<p>Ultrahangos f\u00fcrd\u0151tiszt\u00edt\u00f3nkkal biztos\u00edtsa a m\u00e9ly, gyors \u00e9s hat\u00e9kony tiszt\u00edt\u00e1st, mik\u00f6zben meg\u0151rzi k\u00e9nyes t\u00e1rgyainak f\u00e9ny\u00e9t \u00e9s funkcionalit\u00e1s\u00e1t. Ide\u00e1lis megold\u00e1s a biztons\u00e1gos, hat\u00e9kony karbantart\u00e1shoz, b\u00e1rmikor.<\/p>","protected":false},"excerpt":{"rendered":"<p>Optimal Effectiveness.\u00a0This ultrasonic bath cleaner is specially formulated to effectively eliminate impurities, grease residues, oxidation, and embedded contaminants from various objects. It enhances the ultrasonic cleaning action, allowing for deep cleaning, even in hard-to-reach areas. Its powerful formula quickly dissolves unwanted particles without damaging treated surfaces, ensuring a perfect and even cleaning result. Money-back guarantee.\u00a0We [&hellip;]<\/p>\n","protected":false},"featured_media":35840,"comment_status":"open","ping_status":"closed","template":"","meta":{"_uag_custom_page_level_css":"","site-sidebar-layout":"default","site-content-layout":"","ast-site-content-layout":"default","site-content-style":"default","site-sidebar-style":"default","ast-global-header-display":"","ast-banner-title-visibility":"","ast-main-header-display":"","ast-hfb-above-header-display":"","ast-hfb-below-header-display":"","ast-hfb-mobile-header-display":"","site-post-title":"","ast-breadcrumbs-content":"","ast-featured-img":"","footer-sml-layout":"","ast-disable-related-posts":"","theme-transparent-header-meta":"default","adv-header-id-meta":"","stick-header-meta":"","header-above-stick-meta":"","header-main-stick-meta":"","header-below-stick-meta":"","astra-migrate-meta-layouts":"set","ast-page-background-enabled":"default","ast-page-background-meta":{"desktop":{"background-color":"var(--ast-global-color-4)","background-image":"","background-repeat":"repeat","background-position":"center center","background-size":"auto","background-attachment":"scroll","background-type":"","background-media":"","overlay-type":"","overlay-color":"","overlay-opacity":"","overlay-gradient":""},"tablet":{"background-color":"","background-image":"","background-repeat":"repeat","background-position":"center center","background-size":"auto","background-attachment":"scroll","background-type":"","background-media":"","overlay-type":"","overlay-color":"","overlay-opacity":"","overlay-gradient":""},"mobile":{"background-color":"","background-image":"","background-repeat":"repeat","background-position":"center center","background-size":"auto","background-attachment":"scroll","background-type":"","background-media":"","overlay-type":"","overlay-color":"","overlay-opacity":"","overlay-gradient":""}},"ast-content-background-meta":{"desktop":{"background-color":"var(--ast-global-color-5)","background-image":"","background-repeat":"repeat","background-position":"center center","background-size":"auto","background-attachment":"scroll","background-type":"","background-media":"","overlay-type":"","overlay-color":"","overlay-opacity":"","overlay-gradient":""},"tablet":{"background-color":"var(--ast-global-color-5)","background-image":"","background-repeat":"repeat","background-position":"center center","background-size":"auto","background-attachment":"scroll","background-type":"","background-media":"","overlay-type":"","overlay-color":"","overlay-opacity":"","overlay-gradient":""},"mobile":{"background-color":"var(--ast-global-color-5)","background-image":"","background-repeat":"repeat","background-position":"center center","background-size":"auto","background-attachment":"scroll","background-type":"","background-media":"","overlay-type":"","overlay-color":"","overlay-opacity":"","overlay-gradient":""}}},"product_brand":[],"product_cat":[175],"product_tag":[],"class_list":{"0":"post-25612","1":"product","2":"type-product","3":"status-publish","4":"has-post-thumbnail","6":"product_cat-cleaning-products","7":"desktop-align-left","8":"tablet-align-left","9":"mobile-align-left","11":"first","12":"instock","13":"sale","14":"taxable","15":"shipping-taxable","16":"purchasable","17":"product-type-variable","18":"has-default-attributes"},"spectra_custom_meta":{"_visibility":["visible"],"_shopify_product_id":["9102523007221"],"_s2w_shopify_domain":["ferberpainting.myshopify.com"],"_shopify_variant_id":["46616450171125"],"_sku":[""],"_manage_stock":["no"],"total_sales":["66"],"_tax_status":["taxable"],"_tax_class":[""],"_backorders":["no"],"_sold_individually":["no"],"_virtual":["no"],"_downloadable":["no"],"_download_limit":["-1"],"_download_expiry":["-1"],"_stock":[null],"_stock_status":["instock"],"_wc_average_rating":["5.00"],"_wc_review_count":["17"],"_product_attributes":["a:1:{s:6:\"volume\";a:6:{s:4:\"name\";s:6:\"Volume\";s:5:\"value\";s:20:\"5 liters | 25 liters\";s:8:\"position\";i:1;s:10:\"is_visible\";i:0;s:12:\"is_variation\";i:1;s:11:\"is_taxonomy\";i:0;}}"],"_product_version":["10.5.1"],"wpse_downloadable_file_names":[""],"wpse_downloadable_file_urls":[""],"_edit_last":["1"],"_default_attributes":["a:1:{s:6:\"volume\";s:8:\"5 liters\";}"],"_edit_lock":["1771246829:1"],"_price":["29.90","129.90"],"merchant-center-availability":["yes"],"merchant-center-category":["4973"],"_thumbnail_id":["35840"],"_wp_page_template":["default"],"_product_image_gallery":["35841"],"site-sidebar-layout":["default"],"ast-site-content-layout":["default"],"site-content-style":["default"],"site-sidebar-style":["default"],"theme-transparent-header-meta":["default"],"_wc_rating_count":["a:1:{i:5;i:17;}"],"astra-migrate-meta-layouts":["set"],"_uag_css_file_name":["uag-css-25612.css"],"_elementor_page_assets":["a:0:{}"],"_uag_page_assets":["a:9:{s:3:\"css\";s:6873:\".wp-block-uagb-image{display:flex}.wp-block-uagb-image__figure{position:relative;display:flex;flex-direction:column;max-width:100%;height:auto;margin:0}.wp-block-uagb-image__figure img{height:auto;display:flex;max-width:100%;transition:box-shadow .2s ease}.wp-block-uagb-image__figure>a{display:inline-block}.wp-block-uagb-image__figure figcaption{text-align:center;margin-top:.5em;margin-bottom:1em}.wp-block-uagb-image .components-placeholder.block-editor-media-placeholder .components-placeholder__instructions{align-self:center}.wp-block-uagb-image--align-left{text-align:left}.wp-block-uagb-image--align-right{text-align:right}.wp-block-uagb-image--align-center{text-align:center}.wp-block-uagb-image--align-full .wp-block-uagb-image__figure{margin-left:calc(50% - 50vw);margin-right:calc(50% - 50vw);max-width:100vw;width:100vw;height:auto}.wp-block-uagb-image--align-full .wp-block-uagb-image__figure img{height:auto;width:100% !important}.wp-block-uagb-image--align-wide .wp-block-uagb-image__figure img{height:auto;width:100%}.wp-block-uagb-image--layout-overlay__color-wrapper{position:absolute;left:0;top:0;right:0;bottom:0;opacity:.2;background:rgba(0,0,0,.5);transition:opacity .35s ease-in-out}.wp-block-uagb-image--layout-overlay-link{position:absolute;left:0;right:0;bottom:0;top:0}.wp-block-uagb-image--layout-overlay .wp-block-uagb-image__figure:hover .wp-block-uagb-image--layout-overlay__color-wrapper{opacity:1}.wp-block-uagb-image--layout-overlay__inner{position:absolute;left:15px;right:15px;bottom:15px;top:15px;display:flex;align-items:center;justify-content:center;flex-direction:column;border-color:#fff;transition:.35s ease-in-out}.wp-block-uagb-image--layout-overlay__inner.top-left,.wp-block-uagb-image--layout-overlay__inner.top-center,.wp-block-uagb-image--layout-overlay__inner.top-right{justify-content:flex-start}.wp-block-uagb-image--layout-overlay__inner.bottom-left,.wp-block-uagb-image--layout-overlay__inner.bottom-center,.wp-block-uagb-image--layout-overlay__inner.bottom-right{justify-content:flex-end}.wp-block-uagb-image--layout-overlay__inner.top-left,.wp-block-uagb-image--layout-overlay__inner.center-left,.wp-block-uagb-image--layout-overlay__inner.bottom-left{align-items:flex-start}.wp-block-uagb-image--layout-overlay__inner.top-right,.wp-block-uagb-image--layout-overlay__inner.center-right,.wp-block-uagb-image--layout-overlay__inner.bottom-right{align-items:flex-end}.wp-block-uagb-image--layout-overlay__inner .uagb-image-heading{color:#fff;transition:transform .35s,opacity .35s ease-in-out;transform:translate3d(0, 24px, 0);margin:0;line-height:1em}.wp-block-uagb-image--layout-overlay__inner .uagb-image-separator{width:30%;border-top-width:2px;border-top-color:#fff;border-top-style:solid;margin-bottom:10px;opacity:0;transition:transform .4s,opacity .4s ease-in-out;transform:translate3d(0, 30px, 0)}.wp-block-uagb-image--layout-overlay__inner .uagb-image-caption{opacity:0;overflow:visible;color:#fff;transition:transform .45s,opacity .45s ease-in-out;transform:translate3d(0, 35px, 0)}.wp-block-uagb-image--layout-overlay__inner:hover .uagb-image-heading,.wp-block-uagb-image--layout-overlay__inner:hover .uagb-image-separator,.wp-block-uagb-image--layout-overlay__inner:hover .uagb-image-caption{opacity:1;transform:translate3d(0, 0, 0)}.wp-block-uagb-image--effect-zoomin .wp-block-uagb-image__figure img,.wp-block-uagb-image--effect-zoomin .wp-block-uagb-image__figure .wp-block-uagb-image--layout-overlay__color-wrapper{transform:scale(1);transition:transform .35s ease-in-out}.wp-block-uagb-image--effect-zoomin .wp-block-uagb-image__figure:hover img,.wp-block-uagb-image--effect-zoomin .wp-block-uagb-image__figure:hover .wp-block-uagb-image--layout-overlay__color-wrapper{transform:scale(1.05)}.wp-block-uagb-image--effect-slide .wp-block-uagb-image__figure img,.wp-block-uagb-image--effect-slide .wp-block-uagb-image__figure .wp-block-uagb-image--layout-overlay__color-wrapper{width:calc(100% + 40px) !important;max-width:none !important;transform:translate3d(-40px, 0, 0);transition:transform .35s ease-in-out}.wp-block-uagb-image--effect-slide .wp-block-uagb-image__figure:hover img,.wp-block-uagb-image--effect-slide .wp-block-uagb-image__figure:hover .wp-block-uagb-image--layout-overlay__color-wrapper{transform:translate3d(0, 0, 0)}.wp-block-uagb-image--effect-grayscale img{filter:grayscale(0%);transition:.35s ease-in-out}.wp-block-uagb-image--effect-grayscale:hover img{filter:grayscale(100%)}.wp-block-uagb-image--effect-blur img{filter:blur(0);transition:.35s ease-in-out}.wp-block-uagb-image--effect-blur:hover img{filter:blur(3px)}.uagb-block-e6f939b3.wp-block-uagb-image--layout-default figure img{box-shadow: 0px 0px 0 #00000070;}.uagb-block-e6f939b3.wp-block-uagb-image .wp-block-uagb-image__figure figcaption{font-style: normal;align-self: center;}.uagb-block-e6f939b3.wp-block-uagb-image--layout-overlay figure img{box-shadow: 0px 0px 0 #00000070;}.uagb-block-e6f939b3.wp-block-uagb-image--layout-overlay .wp-block-uagb-image--layout-overlay__color-wrapper{opacity: 0.2;}.uagb-block-e6f939b3.wp-block-uagb-image--layout-overlay .wp-block-uagb-image--layout-overlay__inner{left: 15px;right: 15px;top: 15px;bottom: 15px;}.uagb-block-e6f939b3.wp-block-uagb-image--layout-overlay .wp-block-uagb-image--layout-overlay__inner .uagb-image-heading{font-style: normal;color: #fff;opacity: 1;}.uagb-block-e6f939b3.wp-block-uagb-image--layout-overlay .wp-block-uagb-image--layout-overlay__inner .uagb-image-heading a{color: #fff;}.uagb-block-e6f939b3.wp-block-uagb-image--layout-overlay .wp-block-uagb-image--layout-overlay__inner .uagb-image-caption{opacity: 0;}.uagb-block-e6f939b3.wp-block-uagb-image--layout-overlay .wp-block-uagb-image__figure:hover .wp-block-uagb-image--layout-overlay__color-wrapper{opacity: 1;}.uagb-block-e6f939b3.wp-block-uagb-image .wp-block-uagb-image--layout-overlay__inner .uagb-image-separator{width: 30%;border-top-width: 2px;border-top-color: #fff;opacity: 0;}.uagb-block-e6f939b3.wp-block-uagb-image .wp-block-uagb-image__figure img{width: px;height: auto;}.uagb-block-e6f939b3.wp-block-uagb-image .wp-block-uagb-image__figure:hover .wp-block-uagb-image--layout-overlay__inner .uagb-image-caption{opacity: 1;}.uagb-block-e6f939b3.wp-block-uagb-image .wp-block-uagb-image__figure:hover .wp-block-uagb-image--layout-overlay__inner .uagb-image-separator{opacity: 1;}.uagb-block-e6f939b3.wp-block-uagb-image--layout-default figure:hover img{box-shadow: 0px 0px 0 #00000070;}.uagb-block-e6f939b3.wp-block-uagb-image--layout-overlay figure:hover img{box-shadow: 0px 0px 0 #00000070;}@media only screen and (max-width: 976px) {.uagb-block-e6f939b3.wp-block-uagb-image .wp-block-uagb-image__figure img{width: px;height: auto;}}@media only screen and (max-width: 767px) {.uagb-block-e6f939b3.wp-block-uagb-image .wp-block-uagb-image__figure img{width: px;height: auto;}}\";s:2:\"js\";s:0:\"\";s:18:\"current_block_list\";a:13:{i:0;s:11:\"core\/search\";i:1;s:10:\"core\/group\";i:2;s:12:\"core\/heading\";i:3;s:17:\"core\/latest-posts\";i:4;s:20:\"core\/latest-comments\";i:5;s:13:\"core\/archives\";i:6;s:15:\"core\/categories\";i:7;s:14:\"core\/paragraph\";i:8;s:10:\"uagb\/image\";i:9;s:11:\"core\/spacer\";i:10;s:30:\"woocommerce\/product-categories\";i:11;s:10:\"core\/image\";i:12;s:14:\"core\/shortcode\";}s:8:\"uag_flag\";b:1;s:11:\"uag_version\";s:10:\"1777235034\";s:6:\"gfonts\";a:0:{}s:10:\"gfonts_url\";s:0:\"\";s:12:\"gfonts_files\";a:0:{}s:14:\"uag_faq_layout\";b:0;}"]},"uagb_featured_image_src":{"full":["https:\/\/www.ferberpainting.com\/wp-content\/uploads\/2025\/06\/Ultrasonic-Cleaner-Solution-5L.png",2560,2560,false],"thumbnail":["https:\/\/www.ferberpainting.com\/wp-content\/uploads\/2025\/06\/Ultrasonic-Cleaner-Solution-5L-150x150.png",150,150,true],"medium":["https:\/\/www.ferberpainting.com\/wp-content\/uploads\/2025\/06\/Ultrasonic-Cleaner-Solution-5L-300x300.png",300,300,true],"medium_large":["https:\/\/www.ferberpainting.com\/wp-content\/uploads\/2025\/06\/Ultrasonic-Cleaner-Solution-5L-768x768.png",768,768,true],"large":["https:\/\/www.ferberpainting.com\/wp-content\/uploads\/2025\/06\/Ultrasonic-Cleaner-Solution-5L-1024x1024.png",1024,1024,true],"1536x1536":["https:\/\/www.ferberpainting.com\/wp-content\/uploads\/2025\/06\/Ultrasonic-Cleaner-Solution-5L-1536x1536.png",1536,1536,true],"2048x2048":["https:\/\/www.ferberpainting.com\/wp-content\/uploads\/2025\/06\/Ultrasonic-Cleaner-Solution-5L-2048x2048.png",2048,2048,true],"trp-custom-language-flag":["https:\/\/www.ferberpainting.com\/wp-content\/uploads\/2025\/06\/Ultrasonic-Cleaner-Solution-5L-12x12.png",12,12,true],"woocommerce_thumbnail":["https:\/\/www.ferberpainting.com\/wp-content\/uploads\/2025\/06\/Ultrasonic-Cleaner-Solution-5L-300x300.png",300,300,true],"woocommerce_single":["https:\/\/www.ferberpainting.com\/wp-content\/uploads\/2025\/06\/Ultrasonic-Cleaner-Solution-5L-600x600.png",600,600,true],"woocommerce_gallery_thumbnail":["https:\/\/www.ferberpainting.com\/wp-content\/uploads\/2025\/06\/Ultrasonic-Cleaner-Solution-5L-100x100.png",100,100,true]},"uagb_author_info":{"display_name":"admin","author_link":"https:\/\/www.ferberpainting.com\/hu\/author\/"},"uagb_comment_info":17,"uagb_excerpt":"Optimal Effectiveness.\u00a0This ultrasonic bath cleaner is specially formulated to effectively eliminate impurities, grease residues, oxidation, and embedded contaminants from various objects. It enhances the ultrasonic cleaning action, allowing for deep cleaning, even in hard-to-reach areas. Its powerful formula quickly dissolves unwanted particles without damaging treated surfaces, ensuring a perfect and even cleaning result. Money-back guarantee.\u00a0We&hellip;","_links":{"self":[{"href":"https:\/\/www.ferberpainting.com\/hu\/wp-json\/wp\/v2\/product\/25612","targetHints":{"allow":["GET"]}}],"collection":[{"href":"https:\/\/www.ferberpainting.com\/hu\/wp-json\/wp\/v2\/product"}],"about":[{"href":"https:\/\/www.ferberpainting.com\/hu\/wp-json\/wp\/v2\/types\/product"}],"replies":[{"embeddable":true,"href":"https:\/\/www.ferberpainting.com\/hu\/wp-json\/wp\/v2\/comments?post=25612"}],"version-history":[{"count":4,"href":"https:\/\/www.ferberpainting.com\/hu\/wp-json\/wp\/v2\/product\/25612\/revisions"}],"predecessor-version":[{"id":167505,"href":"https:\/\/www.ferberpainting.com\/hu\/wp-json\/wp\/v2\/product\/25612\/revisions\/167505"}],"wp:featuredmedia":[{"embeddable":true,"href":"https:\/\/www.ferberpainting.com\/hu\/wp-json\/wp\/v2\/media\/35840"}],"wp:attachment":[{"href":"https:\/\/www.ferberpainting.com\/hu\/wp-json\/wp\/v2\/media?parent=25612"}],"wp:term":[{"taxonomy":"product_brand","embeddable":true,"href":"https:\/\/www.ferberpainting.com\/hu\/wp-json\/wp\/v2\/product_brand?post=25612"},{"taxonomy":"product_cat","embeddable":true,"href":"https:\/\/www.ferberpainting.com\/hu\/wp-json\/wp\/v2\/product_cat?post=25612"},{"taxonomy":"product_tag","embeddable":true,"href":"https:\/\/www.ferberpainting.com\/hu\/wp-json\/wp\/v2\/product_tag?post=25612"}],"curies":[{"name":"wp","href":"https:\/\/api.w.org\/{rel}","templated":true}]}}