{"id":25604,"date":"2025-05-26T10:32:43","date_gmt":"2025-05-26T08:32:43","guid":{"rendered":"https:\/\/www.ferberpainting.com\/products\/truffle-tree-fertilizer\/"},"modified":"2026-02-16T13:50:18","modified_gmt":"2026-02-16T12:50:18","slug":"truffle-tree-fertilizer","status":"publish","type":"product","link":"https:\/\/www.ferberpainting.com\/hu\/products\/truffle-tree-fertilizer\/","title":{"rendered":"Szarvasgomba tr\u00e1gya 25 kg"},"content":{"rendered":"<p><strong><img decoding=\"async\" style=\"margin-right: 12px;\" src=\"https:\/\/www.ferberpainting.com\/wp-content\/uploads\/2026\/02\/Check.svg\" alt=\"\" width=\"18\" height=\"15\" \/>Kifejezetten a szarvasgomba mikorrhiz\u00e1ci\u00f3j\u00e1nak el\u0151seg\u00edt\u00e9s\u00e9re kifejlesztett m\u0171tr\u00e1gya.<\/strong>\u00a0Ezt a szemcs\u00e9s m\u0171tr\u00e1gy\u00e1t kifejezetten a szarvasgomba f\u00e1k ig\u00e9nyeinek megfelel\u0151en \u00e1ll\u00edtott\u00e1k \u00f6ssze, mivel biztos\u00edtja a fejl\u0151d\u00e9s\u00fckh\u00f6z sz\u00fcks\u00e9ges alapvet\u0151 t\u00e1panyagokat. El\u0151seg\u00edti a kiegyens\u00falyozott \u00e9s progressz\u00edv t\u00e1pl\u00e1lkoz\u00e1st, amely serkenti a gy\u00f6k\u00e9rn\u00f6veked\u00e9st \u00e9s a szarvasgomba mic\u00e9lium be\u00fcltet\u00e9s\u00e9t. Kiegyens\u00falyozott nitrog\u00e9n-, foszfor- \u00e9s k\u00e1liumtartalm\u00e1nak (NPK 10-10-10) k\u00f6sz\u00f6nhet\u0151en ez a m\u0171tr\u00e1gya t\u00e1mogatja a fa \u00e9s a szarvasgomba k\u00f6z\u00f6tti szimbi\u00f3zist, mik\u00f6zben er\u0151s\u00edti a szarvasgombafa \u00e9leterej\u00e9t \u00e9s a k\u00f6rnyezeti stresszel szembeni ellen\u00e1ll\u00f3 k\u00e9pess\u00e9g\u00e9t.<\/p>\n<p><strong><img decoding=\"async\" style=\"margin-right: 12px;\" src=\"https:\/\/www.ferberpainting.com\/wp-content\/uploads\/2026\/02\/Check.svg\" alt=\"\" width=\"18\" height=\"15\" \/>P\u00e9nzvisszafizet\u00e9si garancia.<\/strong>\u00a0Meggy\u0151z\u0151d\u00e9s\u00fcnk, hogy szarvasgomba-m\u0171tr\u00e1gy\u00e1nk hat\u00e9kony, ez\u00e9rt teljes visszat\u00e9r\u00edt\u00e9st k\u00edn\u00e1lunk, ha nem teljesen el\u00e9gedett az eredm\u00e9nnyel. Ha a haszn\u00e1lat ut\u00e1n nem \u00e9szlel javul\u00e1st a f\u00e1k n\u00f6veked\u00e9s\u00e9ben vagy a mikorrhiza k\u00e9pz\u0151d\u00e9s\u00e9ben, v\u00e1llaljuk, hogy felt\u00e9tel n\u00e9lk\u00fcl visszat\u00e9r\u00edtj\u00fck az \u00e1r\u00e1t.<\/p>\n<p><strong><img decoding=\"async\" style=\"margin-right: 12px;\" src=\"https:\/\/www.ferberpainting.com\/wp-content\/uploads\/2026\/02\/Check.svg\" alt=\"\" width=\"18\" height=\"15\" \/>Sokoldal\u00fa m\u0171tr\u00e1gya, amely k\u00fcl\u00f6nb\u00f6z\u0151 talajokhoz \u00e9s szarvasgombafajokhoz alkalmas.<\/strong>\u00a0Ez a m\u0171tr\u00e1gya a szarvasgomb\u00e1s t\u00f6lgyek valamennyi faj\u00e1val, bele\u00e9rtve a kocs\u00e1nyos t\u00f6lgyet, a z\u00f6ld t\u00f6lgyet \u00e9s a feh\u00e9r t\u00f6lgyet, valamint a szarvasgombatermeszt\u00e9sre sz\u00e1nt mogyor\u00f3f\u00e1kkal is kompatibilis. Alkalmazkodik a meszes, agyagos-meszes \u00e9s agyagos talajokhoz is, \u00edgy el\u0151seg\u00edti a jobb t\u00e1panyag-asszimil\u00e1ci\u00f3t \u00e9s az optim\u00e1lis mikorrhiz\u00e1ci\u00f3t.<\/p>\n<p><strong><img decoding=\"async\" style=\"margin-right: 12px;\" src=\"https:\/\/www.ferberpainting.com\/wp-content\/uploads\/2026\/02\/Check.svg\" alt=\"\" width=\"18\" height=\"15\" \/>Kiv\u00e9teles gazdas\u00e1gi hozam a hosszan tart\u00f3 megterm\u00e9keny\u00edt\u00e9shez.<\/strong>\u00a0Magas t\u00e1panyagkoncentr\u00e1ci\u00f3j\u00e1nak k\u00f6sz\u00f6nhet\u0151en ez a m\u0171tr\u00e1gya hat\u00e9kony tr\u00e1gy\u00e1z\u00e1st biztos\u00edt f\u00e1nk\u00e9nt kis mennyis\u00e9g\u0171 term\u00e9kkel. Egy 25 kg-os zs\u00e1kkal nagy \u00fcltetv\u00e9nyter\u00fcletet kezelhet. A f\u00e1nk\u00e9nt 200 grammos hozam\u00e1nak k\u00f6sz\u00f6nhet\u0151en k\u00f6lts\u00e9ghat\u00e9kony \u00e9s hat\u00e9kony v\u00e1laszt\u00e1s minden szarvasgombatermeszt\u0151 sz\u00e1m\u00e1ra.<\/p>\n<p><strong><img decoding=\"async\" style=\"margin-right: 12px;\" src=\"https:\/\/www.ferberpainting.com\/wp-content\/uploads\/2026\/02\/Check.svg\" alt=\"\" width=\"18\" height=\"15\" \/>K\u00f6rnyezetbar\u00e1t m\u0171tr\u00e1gya, amely biztons\u00e1gos az \u00e1llat- \u00e9s n\u00f6v\u00e9nyvil\u00e1g sz\u00e1m\u00e1ra.<\/strong>\u00a0A m\u00e9rgez\u0151 term\u00e9kek n\u00e9lk\u00fcl kifejlesztett m\u0171tr\u00e1gya nem v\u00e1ltoztatja meg a talaj biol\u00f3giai sokf\u00e9les\u00e9g\u00e9t, nem bocs\u00e1t ki k\u00e1ros vegyszermaradv\u00e1nyokat, \u00e9s seg\u00edt meg\u0151rizni a szarvasgomba termeszt\u00e9se szempontj\u00e1b\u00f3l hasznos mikroorganizmusokat. \u00c1rtalmatlan az \u00e1llatokra, rovarokra \u00e9s a talajban jelen l\u00e9v\u0151 szervezetekre, \u00edgy biztos\u00edtja a szarvasgombafa \u00e9s a mikorrhiza h\u00e1l\u00f3zat harmonikus fejl\u0151d\u00e9s\u00e9t.<\/p>\n<p><strong><img decoding=\"async\" style=\"margin-right: 12px;\" src=\"https:\/\/www.ferberpainting.com\/wp-content\/uploads\/2026\/02\/Check.svg\" alt=\"\" width=\"18\" height=\"15\" \/>Egyszer\u0171 \u00e9s gyors alkalmaz\u00e1s a t\u00faladagol\u00e1s vesz\u00e9lye n\u00e9lk\u00fcl.<\/strong>\u00a0Ezt a m\u0171tr\u00e1gy\u00e1t szil\u00e1rd form\u00e1ban haszn\u00e1lj\u00e1k, ami megk\u00f6nny\u00edti a kijuttat\u00e1s\u00e1t el\u0151zetes h\u00edg\u00edt\u00e1s n\u00e9lk\u00fcl. Egyszer\u0171en csak sz\u00f3rja sz\u00e9t az aj\u00e1nlott mennyis\u00e9get a fa k\u00f6r\u00fcl, \u00e9s enyh\u00e9n dolgozza be a talajba a fokozatos t\u00e1panyagfelszabadul\u00e1s biztos\u00edt\u00e1sa \u00e9rdek\u00e9ben.<\/p>\n<p><strong><img decoding=\"async\" style=\"margin-right: 12px;\" src=\"https:\/\/www.ferberpainting.com\/wp-content\/uploads\/2026\/02\/Check.svg\" alt=\"\" width=\"18\" height=\"15\" \/>Hosszan tart\u00f3 hat\u00e1s a szarvasgombafa tart\u00f3s n\u00f6veked\u00e9s\u00e9hez.<\/strong>\u00a0Lass\u00fa felszabadul\u00e1s\u00fa \u00f6sszet\u00e9tel\u00e9nek k\u00f6sz\u00f6nhet\u0151en ez a m\u0171tr\u00e1gya biztos\u00edtja a t\u00e1panyagok egyenletes felszabadul\u00e1s\u00e1t az eg\u00e9sz szezon sor\u00e1n. El\u0151seg\u00edti a gy\u00f6k\u00e9rfejl\u0151d\u00e9st, serkenti a mikorrhiza aktivit\u00e1st \u00e9s jav\u00edtja a szarvasgombafa \u00e1ltal\u00e1nos eg\u00e9szs\u00e9gi \u00e1llapot\u00e1t, ez\u00e1ltal n\u00f6veli a b\u0151s\u00e9ges \u00e9s fenntarthat\u00f3 szarvasgomba-termel\u00e9s es\u00e9ly\u00e9t.<\/p>\n<p><strong><img decoding=\"async\" style=\"margin-right: 12px;\" src=\"https:\/\/www.ferberpainting.com\/wp-content\/uploads\/2026\/02\/Check.svg\" alt=\"\" width=\"18\" height=\"15\" \/>L\u00e1that\u00f3 eredm\u00e9nyek az els\u0151 szezonb\u00f3l.<\/strong>\u00a0M\u00e1r az alkalmaz\u00e1s ut\u00e1ni els\u0151 hetekt\u0151l kezdve megfigyelhet\u0151 a fa dinamikusabb n\u00f6veked\u00e9se, a gy\u00f6k\u00e9rs\u0171r\u0171s\u00e9g javul\u00e1sa \u00e9s a szarvasgombafa eg\u00e9szs\u00e9gi \u00e1llapot\u00e1nak \u00e1ltal\u00e1nos javul\u00e1sa. Ez a m\u0171tr\u00e1gya serkenti a gy\u00f6k\u00e9rk\u00e9pz\u0151d\u00e9st \u00e9s a m\u00e1sodlagos gy\u00f6kerek kialakul\u00e1s\u00e1t, ami el\u0151seg\u00edti a mikorrhiz\u00e1ci\u00f3t \u00e9s a szarvasgombaterm\u00e9st.<\/p>\n<h2><strong>Haszn\u00e1lati protokoll<\/strong><\/h2>\n<p><strong>Aj\u00e1nlott adagol\u00e1s <\/strong>:<\/p>\n<ul>\n<li>200 gramm m\u0171tr\u00e1gya f\u00e1nk\u00e9nt, \u00e9vente egyszer vagy k\u00e9tszer, ide\u00e1lis esetben tavasszal \u00e9s \u0151sszel.<\/li>\n<li>Fiatal \u00fcltetv\u00e9nyek eset\u00e9ben a f\u00e1nk\u00e9nt 100 grammos cs\u00f6kkentett d\u00f3zis elegend\u0151 a gyors megteleped\u00e9s \u00e9s az egyenletes n\u00f6veked\u00e9s el\u0151seg\u00edt\u00e9s\u00e9hez.<\/li>\n<\/ul>\n<p><strong>Alkalmaz\u00e1si m\u00f3dszer <\/strong>:<\/p>\n<ul>\n<li>A m\u0171tr\u00e1gy\u00e1t a fa t\u00f6v\u00e9ben k\u00f6rk\u00f6r\u00f6sen sz\u00f3rja sz\u00e9t, \u00fcgyelve arra, hogy ne k\u00f6zvetlen\u00fcl a t\u00f6rzsre ker\u00fclj\u00f6n.<\/li>\n<li>A jobb t\u00e1panyag-asszimil\u00e1ci\u00f3 \u00e9rdek\u00e9ben a m\u0171tr\u00e1gy\u00e1t gereblye vagy karom seg\u00edts\u00e9g\u00e9vel enyh\u00e9n dolgozza be a talajba.<\/li>\n<li>A kijuttat\u00e1s ut\u00e1n \u00f6nt\u00f6zze meg, hogy el\u0151seg\u00edtse az \u00e1sv\u00e1nyi elemek felszabadul\u00e1s\u00e1t \u00e9s aktiv\u00e1lja a talaj mikrobi\u00e1lis aktivit\u00e1s\u00e1t.<\/li>\n<\/ul>\n<p><strong>Haszn\u00e1lati gyakoris\u00e1g <\/strong>:<\/p>\n<ul>\n<li><strong>Tavasszal (m\u00e1rcius-\u00e1prilis) <\/strong>: A gy\u00f6k\u00e9rfejl\u0151d\u00e9s el\u0151seg\u00edt\u00e9se \u00e9s a szarvasgomba mic\u00e9lium serkent\u00e9se.<\/li>\n<li><strong>\u0150sszel (szeptember-okt\u00f3ber) <\/strong>: A szarvasgombaf\u00e1k felk\u00e9sz\u00edt\u00e9se a hideg \u00e9vszakra \u00e9s a k\u00f6vetkez\u0151 \u00e9vi t\u00e1pl\u00e1lkoz\u00e1suk t\u00e1mogat\u00e1sa.<\/li>\n<\/ul>\n<p><strong>Haszn\u00e1lati \u00f3vint\u00e9zked\u00e9sek <\/strong>:<\/p>\n<ul>\n<li>Ker\u00fclje a t\u00faladagol\u00e1st, mivel a t\u00fal sok tr\u00e1gy\u00e1z\u00e1s kibillentheti a talaj egyens\u00faly\u00e1t \u00e9s lass\u00edthatja a szarvasgomba k\u00e9pz\u0151d\u00e9s\u00e9t.<\/li>\n<li>Ne haszn\u00e1lja ny\u00e1ron, nagy h\u0151s\u00e9g idej\u00e9n, mivel a t\u00e1panyagok felsz\u00edv\u00f3d\u00e1sa alacsonyabb \u00e9s a p\u00e1rolg\u00e1s fokoz\u00f3dik.<\/li>\n<li>A term\u00e9k min\u0151s\u00e9g\u00e9nek \u00e9s hat\u00e9konys\u00e1g\u00e1nak meg\u0151rz\u00e9se \u00e9rdek\u00e9ben sz\u00e1raz, szell\u0151ztetett, p\u00e1r\u00e1t\u00f3l v\u00e9dett helyen t\u00e1rolja.<\/li>\n<\/ul>\n<p>Ez a szarvasgomba-m\u0171tr\u00e1gya ide\u00e1lis megold\u00e1s minden szarvasgombatermeszt\u00e9s\u00e9rt rajong\u00f3 sz\u00e1m\u00e1ra, aki maximaliz\u00e1lni szeretn\u00e9 a f\u00e1k n\u00f6veked\u00e9s\u00e9t \u00e9s optimaliz\u00e1lni a szarvasgombatermel\u00e9st.<br \/>\nK\u00f6nnyen haszn\u00e1lhat\u00f3, k\u00f6lts\u00e9ghat\u00e9kony \u00e9s k\u00f6rnyezetbar\u00e1t, teljes k\u00f6r\u0171 \u00e9s fenntarthat\u00f3 tr\u00e1gy\u00e1z\u00e1st k\u00edn\u00e1l a gazdag \u00e9s term\u0151k\u00e9pes talajhoz.<\/p>","protected":false},"excerpt":{"rendered":"<p>A fertilizer specially designed to promote truffle mycorrhization.\u00a0This granular fertilizer has been specially formulated to meet the needs of truffle trees, by providing the essential nutrients needed for their development. It promotes a balanced and progressive nutrition, which stimulates root growth and the implantation of the truffle mycelium. Thanks to its balanced formulation in nitrogen, [&hellip;]<\/p>\n","protected":false},"featured_media":27436,"comment_status":"open","ping_status":"closed","template":"","meta":{"_uag_custom_page_level_css":"","site-sidebar-layout":"default","site-content-layout":"","ast-site-content-layout":"default","site-content-style":"default","site-sidebar-style":"default","ast-global-header-display":"","ast-banner-title-visibility":"","ast-main-header-display":"","ast-hfb-above-header-display":"","ast-hfb-below-header-display":"","ast-hfb-mobile-header-display":"","site-post-title":"","ast-breadcrumbs-content":"","ast-featured-img":"","footer-sml-layout":"","ast-disable-related-posts":"","theme-transparent-header-meta":"default","adv-header-id-meta":"","stick-header-meta":"","header-above-stick-meta":"","header-main-stick-meta":"","header-below-stick-meta":"","astra-migrate-meta-layouts":"set","ast-page-background-enabled":"default","ast-page-background-meta":{"desktop":{"background-color":"var(--ast-global-color-4)","background-image":"","background-repeat":"repeat","background-position":"center center","background-size":"auto","background-attachment":"scroll","background-type":"","background-media":"","overlay-type":"","overlay-color":"","overlay-opacity":"","overlay-gradient":""},"tablet":{"background-color":"","background-image":"","background-repeat":"repeat","background-position":"center center","background-size":"auto","background-attachment":"scroll","background-type":"","background-media":"","overlay-type":"","overlay-color":"","overlay-opacity":"","overlay-gradient":""},"mobile":{"background-color":"","background-image":"","background-repeat":"repeat","background-position":"center center","background-size":"auto","background-attachment":"scroll","background-type":"","background-media":"","overlay-type":"","overlay-color":"","overlay-opacity":"","overlay-gradient":""}},"ast-content-background-meta":{"desktop":{"background-color":"var(--ast-global-color-5)","background-image":"","background-repeat":"repeat","background-position":"center center","background-size":"auto","background-attachment":"scroll","background-type":"","background-media":"","overlay-type":"","overlay-color":"","overlay-opacity":"","overlay-gradient":""},"tablet":{"background-color":"var(--ast-global-color-5)","background-image":"","background-repeat":"repeat","background-position":"center center","background-size":"auto","background-attachment":"scroll","background-type":"","background-media":"","overlay-type":"","overlay-color":"","overlay-opacity":"","overlay-gradient":""},"mobile":{"background-color":"var(--ast-global-color-5)","background-image":"","background-repeat":"repeat","background-position":"center center","background-size":"auto","background-attachment":"scroll","background-type":"","background-media":"","overlay-type":"","overlay-color":"","overlay-opacity":"","overlay-gradient":""}}},"product_brand":[],"product_cat":[178],"product_tag":[],"class_list":{"0":"post-25604","1":"product","2":"type-product","3":"status-publish","4":"has-post-thumbnail","6":"product_cat-fertilizers","7":"desktop-align-left","8":"tablet-align-left","9":"mobile-align-left","11":"first","12":"instock","13":"taxable","14":"shipping-taxable","15":"purchasable","16":"product-type-simple"},"spectra_custom_meta":{"_visibility":["visible"],"_shopify_product_id":["9073230774517"],"_s2w_shopify_domain":["ferberpainting.myshopify.com"],"_shopify_variant_id":["46524447981813"],"_sku":["FPTRUFFLETREEFERTILIZER25KG"],"_regular_price":["39.90"],"_price":["39.90"],"_sale_price":[""],"_weight":["18.7"],"_thumbnail_id":["27436"],"_global_unique_id":["5056773817920"],"total_sales":["14"],"_tax_status":["taxable"],"_tax_class":[""],"_manage_stock":["no"],"_backorders":["no"],"_sold_individually":["no"],"_virtual":["no"],"_downloadable":["no"],"_download_limit":["-1"],"_download_expiry":["-1"],"_stock":[null],"_stock_status":["instock"],"_wc_average_rating":["5.00"],"_wc_review_count":["33"],"_product_version":["10.5.1"],"_wc_rating_count":["a:1:{i:5;i:33;}"],"_edit_lock":["1771246083:1"],"merchant-center-availability":["yes"],"merchant-center-category":["113"],"_edit_last":["1"],"_wp_page_template":["default"],"site-sidebar-layout":["default"],"ast-site-content-layout":["default"],"site-content-style":["default"],"site-sidebar-style":["default"],"theme-transparent-header-meta":["default"],"astra-migrate-meta-layouts":["set"],"_uag_css_file_name":["uag-css-25604.css"],"_elementor_page_assets":["a:0:{}"]},"uagb_featured_image_src":{"full":["https:\/\/www.ferberpainting.com\/wp-content\/uploads\/2025\/05\/TruffleTreeFertilizer.png",2560,2560,false],"thumbnail":["https:\/\/www.ferberpainting.com\/wp-content\/uploads\/2025\/05\/TruffleTreeFertilizer-150x150.png",150,150,true],"medium":["https:\/\/www.ferberpainting.com\/wp-content\/uploads\/2025\/05\/TruffleTreeFertilizer-300x300.png",300,300,true],"medium_large":["https:\/\/www.ferberpainting.com\/wp-content\/uploads\/2025\/05\/TruffleTreeFertilizer-768x768.png",768,768,true],"large":["https:\/\/www.ferberpainting.com\/wp-content\/uploads\/2025\/05\/TruffleTreeFertilizer-1024x1024.png",1024,1024,true],"1536x1536":["https:\/\/www.ferberpainting.com\/wp-content\/uploads\/2025\/05\/TruffleTreeFertilizer-1536x1536.png",1536,1536,true],"2048x2048":["https:\/\/www.ferberpainting.com\/wp-content\/uploads\/2025\/05\/TruffleTreeFertilizer-2048x2048.png",2048,2048,true],"trp-custom-language-flag":["https:\/\/www.ferberpainting.com\/wp-content\/uploads\/2025\/05\/TruffleTreeFertilizer-12x12.png",12,12,true],"woocommerce_thumbnail":["https:\/\/www.ferberpainting.com\/wp-content\/uploads\/2025\/05\/TruffleTreeFertilizer-300x300.png",300,300,true],"woocommerce_single":["https:\/\/www.ferberpainting.com\/wp-content\/uploads\/2025\/05\/TruffleTreeFertilizer-600x600.png",600,600,true],"woocommerce_gallery_thumbnail":["https:\/\/www.ferberpainting.com\/wp-content\/uploads\/2025\/05\/TruffleTreeFertilizer-100x100.png",100,100,true]},"uagb_author_info":{"display_name":"admin","author_link":"https:\/\/www.ferberpainting.com\/hu\/author\/"},"uagb_comment_info":33,"uagb_excerpt":"A fertilizer specially designed to promote truffle mycorrhization.\u00a0This granular fertilizer has been specially formulated to meet the needs of truffle trees, by providing the essential nutrients needed for their development. It promotes a balanced and progressive nutrition, which stimulates root growth and the implantation of the truffle mycelium. Thanks to its balanced formulation in nitrogen,&hellip;","_links":{"self":[{"href":"https:\/\/www.ferberpainting.com\/hu\/wp-json\/wp\/v2\/product\/25604","targetHints":{"allow":["GET"]}}],"collection":[{"href":"https:\/\/www.ferberpainting.com\/hu\/wp-json\/wp\/v2\/product"}],"about":[{"href":"https:\/\/www.ferberpainting.com\/hu\/wp-json\/wp\/v2\/types\/product"}],"replies":[{"embeddable":true,"href":"https:\/\/www.ferberpainting.com\/hu\/wp-json\/wp\/v2\/comments?post=25604"}],"version-history":[{"count":5,"href":"https:\/\/www.ferberpainting.com\/hu\/wp-json\/wp\/v2\/product\/25604\/revisions"}],"predecessor-version":[{"id":167495,"href":"https:\/\/www.ferberpainting.com\/hu\/wp-json\/wp\/v2\/product\/25604\/revisions\/167495"}],"wp:featuredmedia":[{"embeddable":true,"href":"https:\/\/www.ferberpainting.com\/hu\/wp-json\/wp\/v2\/media\/27436"}],"wp:attachment":[{"href":"https:\/\/www.ferberpainting.com\/hu\/wp-json\/wp\/v2\/media?parent=25604"}],"wp:term":[{"taxonomy":"product_brand","embeddable":true,"href":"https:\/\/www.ferberpainting.com\/hu\/wp-json\/wp\/v2\/product_brand?post=25604"},{"taxonomy":"product_cat","embeddable":true,"href":"https:\/\/www.ferberpainting.com\/hu\/wp-json\/wp\/v2\/product_cat?post=25604"},{"taxonomy":"product_tag","embeddable":true,"href":"https:\/\/www.ferberpainting.com\/hu\/wp-json\/wp\/v2\/product_tag?post=25604"}],"curies":[{"name":"wp","href":"https:\/\/api.w.org\/{rel}","templated":true}]}}