{"id":25599,"date":"2025-05-26T10:32:34","date_gmt":"2025-05-26T08:32:34","guid":{"rendered":"https:\/\/www.ferberpainting.com\/products\/tree-and-shrub-fertilizer\/"},"modified":"2026-02-16T13:24:25","modified_gmt":"2026-02-16T12:24:25","slug":"tree-and-shrub-fertilizer","status":"publish","type":"product","link":"https:\/\/www.ferberpainting.com\/hu\/products\/tree-and-shrub-fertilizer\/","title":{"rendered":"Fa- \u00e9s bokor m\u0171tr\u00e1gya 25 kg"},"content":{"rendered":"<p><strong><img decoding=\"async\" style=\"margin-right: 12px;\" src=\"https:\/\/www.ferberpainting.com\/wp-content\/uploads\/2026\/02\/Check.svg\" alt=\"\" width=\"18\" height=\"15\" \/>Kiegyens\u00falyozott m\u0171tr\u00e1gya az er\u0151teljes n\u00f6veked\u00e9s\u00e9rt.<\/strong>\u00a0Ez a fa- \u00e9s bokorm\u0171tr\u00e1gya kifejezetten a f\u00e1k, cserj\u00e9k \u00e9s s\u00f6v\u00e9nyek t\u00e1panyagsz\u00fcks\u00e9glet\u00e9nek kiel\u00e9g\u00edt\u00e9s\u00e9re k\u00e9sz\u00fclt, el\u0151seg\u00edtve az eg\u00e9szs\u00e9ges \u00e9s kiegyens\u00falyozott n\u00f6veked\u00e9st. NPK 10-10-10 \u00f6sszet\u00e9tel\u00e9nek k\u00f6sz\u00f6nhet\u0151en optim\u00e1lis nitrog\u00e9n- (N) ell\u00e1totts\u00e1got biztos\u00edt a lombozat fejl\u0151d\u00e9s\u00e9hez, foszfort (P) az er\u0151s gy\u00f6keresed\u00e9shez, valamint k\u00e1liumot (K) a betegs\u00e9gekkel \u00e9s az \u00e9ghajlati v\u00e1ltoz\u00e1sokkal szembeni ellen\u00e1ll\u00f3 k\u00e9pess\u00e9g fokoz\u00e1s\u00e1hoz. Ide\u00e1lis a szabadt\u00e9ri \u00fcltetv\u00e9nyek harmonikus n\u00f6veked\u00e9s\u00e9nek \u00e9s b\u0151 vir\u00e1gz\u00e1s\u00e1nak biztos\u00edt\u00e1s\u00e1hoz.<\/p>\n<p><strong><img decoding=\"async\" style=\"margin-right: 12px;\" src=\"https:\/\/www.ferberpainting.com\/wp-content\/uploads\/2026\/02\/Check.svg\" alt=\"\" width=\"18\" height=\"15\" \/>P\u00e9nzvisszafizet\u00e9si garancia.<\/strong>\u00a0Teljes m\u00e9rt\u00e9kben megb\u00edzunk a fa- \u00e9s bokortr\u00e1gy\u00e1ink hat\u00e9konys\u00e1g\u00e1ban. Ez\u00e9rt k\u00edn\u00e1lunk p\u00e9nzvisszafizet\u00e9si garanci\u00e1t. Ha az aj\u00e1nlott haszn\u00e1lat ut\u00e1n nem tapasztal jelent\u0151s javul\u00e1st n\u00f6v\u00e9nyei n\u00f6veked\u00e9s\u00e9ben \u00e9s \u00e9leterej\u00e9ben, akkor minden felt\u00e9tel n\u00e9lk\u00fcl k\u00e9rheti a p\u00e9nzvisszat\u00e9r\u00edt\u00e9st, \u00edgy biztos\u00edtva a gondtalan v\u00e1s\u00e1rl\u00e1st.<\/p>\n<p><strong><img decoding=\"async\" style=\"margin-right: 12px;\" src=\"https:\/\/www.ferberpainting.com\/wp-content\/uploads\/2026\/02\/Check.svg\" alt=\"\" width=\"18\" height=\"15\" \/>Minden t\u00edpus\u00fa f\u00e1hoz \u00e9s cserj\u00e9hez alkalmas.<\/strong>\u00a0Ez a m\u0171tr\u00e1gya gy\u00fcm\u00f6lcsf\u00e1k, d\u00edszf\u00e1k, t\u0171level\u0171ek, s\u00f6v\u00e9nyek \u00e9s vir\u00e1gz\u00f3 cserj\u00e9k sz\u00e1m\u00e1ra alkalmas. Szabadf\u00f6ldi \u00fcltetv\u00e9nyekhez \u00e9s cserepes n\u00f6v\u00e9nyekhez egyar\u00e1nt haszn\u00e1lhat\u00f3. Lassan felszabadul\u00f3 hat\u00e1sa biztos\u00edtja a folyamatos tr\u00e1gy\u00e1z\u00e1st, amely minden n\u00f6v\u00e9nyfajnak kedvez, legyen sz\u00f3 fiatal n\u00f6v\u00e9nyekr\u0151l vagy rendszeres t\u00e1panyag-ut\u00e1np\u00f3tl\u00e1st ig\u00e9nyl\u0151 \u00e9rett f\u00e1kr\u00f3l.<\/p>\n<p><strong><img decoding=\"async\" style=\"margin-right: 12px;\" src=\"https:\/\/www.ferberpainting.com\/wp-content\/uploads\/2026\/02\/Check.svg\" alt=\"\" width=\"18\" height=\"15\" \/>K\u00f6lts\u00e9ghat\u00e9kony hozam \u00e9s tart\u00f3s tr\u00e1gy\u00e1z\u00e1s.<\/strong>\u00a0\u00d6sszet\u00e9tel\u00e9nek k\u00f6sz\u00f6nhet\u0151en ez a m\u0171tr\u00e1gya hosszabb id\u0151n kereszt\u00fcl fokozatosan juttatja a t\u00e1panyagokat a talajba. Egy 25 kg-os zs\u00e1k ak\u00e1r 125 fa tr\u00e1gy\u00e1z\u00e1s\u00e1ra is alkalmas, az aj\u00e1nlott adagol\u00e1s 200 g f\u00e1nk\u00e9nt. Koncentr\u00e1ci\u00f3ja seg\u00edt minimaliz\u00e1lni a gyakori ut\u00e1np\u00f3tl\u00e1s sz\u00fcks\u00e9gess\u00e9g\u00e9t, mik\u00f6zben hat\u00e9kony \u00e9s hosszan tart\u00f3 tr\u00e1gy\u00e1z\u00e1st biztos\u00edt.<\/p>\n<p><strong><img decoding=\"async\" style=\"margin-right: 12px;\" src=\"https:\/\/www.ferberpainting.com\/wp-content\/uploads\/2026\/02\/Check.svg\" alt=\"\" width=\"18\" height=\"15\" \/>Biztons\u00e1gos term\u00e9k, amely tiszteletben tartja a k\u00f6rnyezetet.<\/strong>\u00a0Ez a m\u0171tr\u00e1gya nem m\u00e9rgez\u0151 \u00e9s biztons\u00e1gos a talajra, a n\u00f6v\u00e9nyekre \u00e9s a k\u00f6rnyezetre. Nem tartalmaz agressz\u00edv vegyi anyagokat, amelyek k\u00e1ros\u00edthatj\u00e1k a talaj mikrofaun\u00e1j\u00e1t. Fokozatos felszabadul\u00e1sa korl\u00e1tozza a kimos\u00f3d\u00e1sb\u00f3l ered\u0151 szennyez\u00e9si kock\u00e1zatokat, \u00e9s biztos\u00edtja a t\u00e1panyagok optim\u00e1lis felsz\u00edv\u00f3d\u00e1s\u00e1t a gy\u00f6kerek \u00e1ltal, cs\u00f6kkentve a pazarl\u00e1st.<\/p>\n<p><strong><img decoding=\"async\" style=\"margin-right: 12px;\" src=\"https:\/\/www.ferberpainting.com\/wp-content\/uploads\/2026\/02\/Check.svg\" alt=\"\" width=\"18\" height=\"15\" \/>K\u00f6nny\u0171 kijuttat\u00e1s \u00e9s f\u00e1rads\u00e1gmentes tr\u00e1gy\u00e1z\u00e1s.<\/strong>\u00a0A foly\u00e9kony m\u0171tr\u00e1gy\u00e1kkal ellent\u00e9tben, amelyek el\u0151h\u00edg\u00edt\u00e1st ig\u00e9nyelnek, ez a m\u0171tr\u00e1gya k\u00f6zvetlen\u00fcl a f\u00e1k \u00e9s bokrok t\u00f6v\u00e9be ker\u00fcl, bonyolult el\u0151k\u00e9sz\u00edt\u00e9s n\u00e9lk\u00fcl. Egyszer\u0171en csak ter\u00edtse el a n\u00f6v\u00e9ny k\u00f6r\u00fcl, \u00e9s enyh\u00e9n dolgozza be a talajba, hogy a t\u00e1panyagok fokozatos felszabadul\u00e1s\u00e1t biztos\u00edtsa. Ez az egyszer\u0171 haszn\u00e1lat teszi ide\u00e1lis v\u00e1laszt\u00e1ss\u00e1 mind az amat\u0151r kert\u00e9szek, mind a kert\u00e9p\u00edt\u0151 szakemberek sz\u00e1m\u00e1ra.<\/p>\n<p><strong><img decoding=\"async\" style=\"margin-right: 12px;\" src=\"https:\/\/www.ferberpainting.com\/wp-content\/uploads\/2026\/02\/Check.svg\" alt=\"\" width=\"18\" height=\"15\" \/>Hosszan tart\u00f3 hat\u00e1s az optim\u00e1lis n\u00f6veked\u00e9s\u00e9rt \u00e9s ellen\u00e1ll\u00e1s\u00e9rt.<\/strong>\u00a0Tart\u00f3s hat\u00e1s\u00e1nak k\u00f6sz\u00f6nhet\u0151en ez a m\u0171tr\u00e1gya folyamatosan t\u00e1pl\u00e1lja az \u00fcltetv\u00e9nyeket, el\u0151seg\u00edtve a s\u0171r\u0171bb lombozatot, az \u00e9l\u00e9nkebb vir\u00e1gokat \u00e9s a gy\u00fcm\u00f6lcsf\u00e1k jobb term\u00e9s\u00e9t. Emellett er\u0151s\u00edti a f\u00e1k ellen\u00e1ll\u00f3 k\u00e9pess\u00e9g\u00e9t a betegs\u00e9gekkel, k\u00e1rtev\u0151kkel \u00e9s a zord \u00e9ghajlati viszonyokkal szemben, \u00edgy eg\u00e9sz \u00e9vben biztos\u00edtja a f\u00e1k j\u00f3 eg\u00e9szs\u00e9g\u00e9t.<\/p>\n<p><strong><img decoding=\"async\" style=\"margin-right: 12px;\" src=\"https:\/\/www.ferberpainting.com\/wp-content\/uploads\/2026\/02\/Check.svg\" alt=\"\" width=\"18\" height=\"15\" \/>N\u00e9h\u00e1ny h\u00e9t alatt l\u00e1that\u00f3 eredm\u00e9nyek.<\/strong>\u00a0Ez a m\u0171tr\u00e1gya m\u00e1r az els\u0151 alkalmaz\u00e1st\u00f3l kezdve serkenti a fiatal hajt\u00e1sok n\u00f6veked\u00e9s\u00e9t \u00e9s jav\u00edtja a lombozat sz\u00edn\u00e9t. N\u00e9h\u00e1ny h\u00e9ten bel\u00fcl a f\u00e1k \u00e9s cserj\u00e9k nagyobb \u00e9leter\u0151t mutatnak, gy\u00f6k\u00e9rzet\u00fck pedig meger\u0151s\u00f6dik, \u00edgy jobban fel tudj\u00e1k venni a vizet \u00e9s a talaj t\u00e1panyagait.<\/p>\n<h2><strong>Haszn\u00e1lati protokoll<\/strong><\/h2>\n<ul>\n<li><strong>Jelentkez\u00e9si id\u0151szak <\/strong>: \u00c9vente k\u00e9tszer, tavasszal (m\u00e1rcius-\u00e1prilis) \u00e9s \u0151sszel (szeptember-okt\u00f3ber) alkalmazza, hogy a f\u00e1k \u00e9s cserj\u00e9k n\u00f6veked\u00e9si \u00e9s nyugalmi ciklus\u00e1hoz igazod\u00f3 t\u00e1panyagell\u00e1t\u00e1st biztos\u00edtsa.<\/li>\n<li><strong>Aj\u00e1nlott adagol\u00e1s <\/strong>: F\u00e1nk\u00e9nt vagy bokronk\u00e9nt 200 g m\u0171tr\u00e1gy\u00e1t juttasson ki, ami k\u00f6r\u00fclbel\u00fcl egy teljes mar\u00e9knyit jelent. Cserepes vagy kont\u00e9neres n\u00f6v\u00e9nyek eset\u00e9ben a n\u00f6v\u00e9ny m\u00e9ret\u00e9t\u0151l f\u00fcgg\u0151en \u00e1ll\u00edtsa be az adagot 100 g-ra kont\u00e9nerenk\u00e9nt.<\/li>\n<li><strong>Alkalmaz\u00e1si m\u00f3dszer <\/strong>: A m\u0171tr\u00e1gy\u00e1t a t\u00f6rzs k\u00f6r\u00fcl k\u00f6rk\u00f6r\u00f6sen ter\u00edts\u00fck sz\u00e9t, \u00fcgyelve arra, hogy a t\u00f6v\u00e9t\u0151l kb. 30 cm-re legyen, hogy a gy\u00f6kerek fokozatosan fel tudj\u00e1k sz\u00edvni. Ne helyezze a m\u0171tr\u00e1gy\u00e1t k\u00f6zvetlen\u00fcl a t\u00f6rzsre, hogy elker\u00fclje a t\u00e1panyagok t\u00falzott koncentr\u00e1ci\u00f3j\u00e1t a fa t\u00f6v\u00e9ben.<\/li>\n<li><strong>Be\u00e9p\u00edt\u00e9s a talajba <\/strong>: A talajfelsz\u00ednt gerebly\u00e9vel vagy kap\u00e1val enyh\u00e9n gerebly\u00e9zze fel, hogy el\u0151seg\u00edtse a t\u00e1panyagok besziv\u00e1rg\u00e1s\u00e1t \u00e9s biztos\u00edtsa a j\u00f3 kapcsolatot az aljzattal.<\/li>\n<li><strong>\u00d6nt\u00f6z\u00e9s a kijuttat\u00e1s ut\u00e1n <\/strong>: Ter\u00edt\u00e9s ut\u00e1n b\u0151s\u00e9gesen \u00f6nt\u00f6zze meg, hogy aktiv\u00e1lja a t\u00e1panyagok diff\u00fazi\u00f3j\u00e1t \u00e9s megk\u00f6nny\u00edtse a gy\u00f6kerek felsz\u00edv\u00f3d\u00e1s\u00e1t. A rendszeres \u00f6nt\u00f6z\u00e9s a k\u00f6vetkez\u0151 hetekben hozz\u00e1j\u00e1rul a jobb felsz\u00edv\u00f3d\u00e1shoz \u00e9s a hat\u00e9konyabb tr\u00e1gy\u00e1z\u00e1shoz.<\/li>\n<li><strong>Karbantart\u00e1s \u00e9s fel\u00fcgyelet <\/strong>: A fiatal, teljes n\u00f6veked\u00e9sben l\u00e9v\u0151 f\u00e1k \u00e9s cserj\u00e9k eset\u00e9ben ny\u00e1ron (j\u00falius-augusztusban) egy tov\u00e1bbi alkalmaz\u00e1st lehet v\u00e9gezni a fejl\u0151d\u00e9s\u00fck el\u0151seg\u00edt\u00e9se \u00e9s a sz\u00e1razs\u00e1ggal szembeni ellen\u00e1ll\u00f3 k\u00e9pess\u00e9g\u00fck jav\u00edt\u00e1sa \u00e9rdek\u00e9ben.<\/li>\n<li><strong>Haszn\u00e1lati \u00f3vint\u00e9zked\u00e9sek <\/strong>: Ne l\u00e9pje t\u00fal az aj\u00e1nlott adagokat, hogy a t\u00e1panyagfelesleg ne okozzon kiegyens\u00falyozatlan n\u00f6veked\u00e9st. Ne alkalmazza fagyott talajon vagy intenz\u00edv sz\u00e1razs\u00e1g idej\u00e9n tov\u00e1bbi \u00f6nt\u00f6z\u00e9s n\u00e9lk\u00fcl.<\/li>\n<li><strong>T\u00e1rol\u00e1s \u00e9s meg\u0151rz\u00e9s <\/strong>: A m\u0171tr\u00e1gyazs\u00e1kot sz\u00e1raz, p\u00e1r\u00e1t\u00f3l \u00e9s f\u00e9nyt\u0151l v\u00e9dett helyen t\u00e1rolja. A term\u00e9k min\u0151s\u00e9g\u00e9nek meg\u0151rz\u00e9se \u00e9s a nedvess\u00e9g felsz\u00edv\u00f3d\u00e1s\u00e1nak megakad\u00e1lyoz\u00e1sa \u00e9rdek\u00e9ben a zs\u00e1kot minden haszn\u00e1lat ut\u00e1n mindig szorosan z\u00e1rja le.<\/li>\n<\/ul>\n<p>Ezzel a f\u00e1knak \u00e9s cserj\u00e9knek sz\u00e1nt m\u0171tr\u00e1gy\u00e1val teljes \u00e9s kiegyens\u00falyozott t\u00e1panyagell\u00e1t\u00e1st biztos\u00edt n\u00f6v\u00e9nyeinek, el\u0151seg\u00edtve az er\u0151teljes n\u00f6veked\u00e9st, a k\u00fcls\u0151 behat\u00e1sokkal szembeni jobb ellen\u00e1ll\u00f3k\u00e9pess\u00e9get \u00e9s az intenz\u00edvebb vir\u00e1gz\u00e1st. Ide\u00e1lis megold\u00e1s az eg\u00e9szs\u00e9gt\u0151l ragyog\u00f3 z\u00f6ldter\u00fcletekhez \u00e9s az er\u0151s, term\u0151k\u00e9pes f\u00e1khoz.<\/p>","protected":false},"excerpt":{"rendered":"<p>A balanced fertilizer for vigorous growth.\u00a0This tree and shrub fertilizer is specially formulated to meet the nutritional needs of trees, shrubs, and hedges, promoting healthy and balanced growth. Thanks to its NPK 10-10-10 composition, it provides an optimal supply of nitrogen (N) for foliage development, phosphorus (P) for strong rooting, and potassium (K) to enhance [&hellip;]<\/p>\n","protected":false},"featured_media":27431,"comment_status":"open","ping_status":"closed","template":"","meta":{"_uag_custom_page_level_css":"","site-sidebar-layout":"default","site-content-layout":"","ast-site-content-layout":"default","site-content-style":"default","site-sidebar-style":"default","ast-global-header-display":"","ast-banner-title-visibility":"","ast-main-header-display":"","ast-hfb-above-header-display":"","ast-hfb-below-header-display":"","ast-hfb-mobile-header-display":"","site-post-title":"","ast-breadcrumbs-content":"","ast-featured-img":"","footer-sml-layout":"","ast-disable-related-posts":"","theme-transparent-header-meta":"default","adv-header-id-meta":"","stick-header-meta":"","header-above-stick-meta":"","header-main-stick-meta":"","header-below-stick-meta":"","astra-migrate-meta-layouts":"set","ast-page-background-enabled":"default","ast-page-background-meta":{"desktop":{"background-color":"var(--ast-global-color-4)","background-image":"","background-repeat":"repeat","background-position":"center center","background-size":"auto","background-attachment":"scroll","background-type":"","background-media":"","overlay-type":"","overlay-color":"","overlay-opacity":"","overlay-gradient":""},"tablet":{"background-color":"","background-image":"","background-repeat":"repeat","background-position":"center center","background-size":"auto","background-attachment":"scroll","background-type":"","background-media":"","overlay-type":"","overlay-color":"","overlay-opacity":"","overlay-gradient":""},"mobile":{"background-color":"","background-image":"","background-repeat":"repeat","background-position":"center center","background-size":"auto","background-attachment":"scroll","background-type":"","background-media":"","overlay-type":"","overlay-color":"","overlay-opacity":"","overlay-gradient":""}},"ast-content-background-meta":{"desktop":{"background-color":"var(--ast-global-color-5)","background-image":"","background-repeat":"repeat","background-position":"center center","background-size":"auto","background-attachment":"scroll","background-type":"","background-media":"","overlay-type":"","overlay-color":"","overlay-opacity":"","overlay-gradient":""},"tablet":{"background-color":"var(--ast-global-color-5)","background-image":"","background-repeat":"repeat","background-position":"center center","background-size":"auto","background-attachment":"scroll","background-type":"","background-media":"","overlay-type":"","overlay-color":"","overlay-opacity":"","overlay-gradient":""},"mobile":{"background-color":"var(--ast-global-color-5)","background-image":"","background-repeat":"repeat","background-position":"center center","background-size":"auto","background-attachment":"scroll","background-type":"","background-media":"","overlay-type":"","overlay-color":"","overlay-opacity":"","overlay-gradient":""}}},"product_brand":[],"product_cat":[178],"product_tag":[],"class_list":{"0":"post-25599","1":"product","2":"type-product","3":"status-publish","4":"has-post-thumbnail","6":"product_cat-fertilizers","7":"desktop-align-left","8":"tablet-align-left","9":"mobile-align-left","11":"first","12":"instock","13":"taxable","14":"shipping-taxable","15":"purchasable","16":"product-type-simple"},"spectra_custom_meta":{"_visibility":["visible"],"_shopify_product_id":["9062388728053"],"_s2w_shopify_domain":["ferberpainting.myshopify.com"],"_shopify_variant_id":["46488683741429"],"_sku":["FPTREEANDSHRUBFERTILIZER25KG"],"_regular_price":["39.90"],"_price":["39.90"],"_sale_price":[""],"_weight":["18.5"],"_thumbnail_id":["27431"],"_global_unique_id":["5056773816916"],"total_sales":["12"],"_tax_status":["taxable"],"_tax_class":[""],"_manage_stock":["no"],"_backorders":["no"],"_sold_individually":["no"],"_virtual":["no"],"_downloadable":["no"],"_download_limit":["-1"],"_download_expiry":["-1"],"_stock":[null],"_stock_status":["instock"],"_wc_average_rating":["5.00"],"_wc_review_count":["33"],"_product_version":["10.5.1"],"_edit_lock":["1771244545:1"],"_edit_last":["1"],"_wp_page_template":["default"],"site-sidebar-layout":["default"],"ast-site-content-layout":["default"],"site-content-style":["default"],"site-sidebar-style":["default"],"theme-transparent-header-meta":["default"],"_wc_rating_count":["a:1:{i:5;i:33;}"],"merchant-center-availability":["yes"],"merchant-center-category":["113"],"astra-migrate-meta-layouts":["set"],"_uag_css_file_name":["uag-css-25599.css"],"_elementor_page_assets":["a:0:{}"],"_uag_page_assets":["a:9:{s:3:\"css\";s:7133:\".uag-blocks-common-selector{z-index:var(--z-index-desktop) !important}@media(max-width: 976px){.uag-blocks-common-selector{z-index:var(--z-index-tablet) !important}}@media(max-width: 767px){.uag-blocks-common-selector{z-index:var(--z-index-mobile) !important}}.wp-block-uagb-image{display:flex}.wp-block-uagb-image__figure{position:relative;display:flex;flex-direction:column;max-width:100%;height:auto;margin:0}.wp-block-uagb-image__figure img{height:auto;display:flex;max-width:100%;transition:box-shadow .2s ease}.wp-block-uagb-image__figure>a{display:inline-block}.wp-block-uagb-image__figure figcaption{text-align:center;margin-top:.5em;margin-bottom:1em}.wp-block-uagb-image .components-placeholder.block-editor-media-placeholder .components-placeholder__instructions{align-self:center}.wp-block-uagb-image--align-left{text-align:left}.wp-block-uagb-image--align-right{text-align:right}.wp-block-uagb-image--align-center{text-align:center}.wp-block-uagb-image--align-full .wp-block-uagb-image__figure{margin-left:calc(50% - 50vw);margin-right:calc(50% - 50vw);max-width:100vw;width:100vw;height:auto}.wp-block-uagb-image--align-full .wp-block-uagb-image__figure img{height:auto;width:100% !important}.wp-block-uagb-image--align-wide .wp-block-uagb-image__figure img{height:auto;width:100%}.wp-block-uagb-image--layout-overlay__color-wrapper{position:absolute;left:0;top:0;right:0;bottom:0;opacity:.2;background:rgba(0,0,0,.5);transition:opacity .35s ease-in-out}.wp-block-uagb-image--layout-overlay-link{position:absolute;left:0;right:0;bottom:0;top:0}.wp-block-uagb-image--layout-overlay .wp-block-uagb-image__figure:hover .wp-block-uagb-image--layout-overlay__color-wrapper{opacity:1}.wp-block-uagb-image--layout-overlay__inner{position:absolute;left:15px;right:15px;bottom:15px;top:15px;display:flex;align-items:center;justify-content:center;flex-direction:column;border-color:#fff;transition:.35s ease-in-out}.wp-block-uagb-image--layout-overlay__inner.top-left,.wp-block-uagb-image--layout-overlay__inner.top-center,.wp-block-uagb-image--layout-overlay__inner.top-right{justify-content:flex-start}.wp-block-uagb-image--layout-overlay__inner.bottom-left,.wp-block-uagb-image--layout-overlay__inner.bottom-center,.wp-block-uagb-image--layout-overlay__inner.bottom-right{justify-content:flex-end}.wp-block-uagb-image--layout-overlay__inner.top-left,.wp-block-uagb-image--layout-overlay__inner.center-left,.wp-block-uagb-image--layout-overlay__inner.bottom-left{align-items:flex-start}.wp-block-uagb-image--layout-overlay__inner.top-right,.wp-block-uagb-image--layout-overlay__inner.center-right,.wp-block-uagb-image--layout-overlay__inner.bottom-right{align-items:flex-end}.wp-block-uagb-image--layout-overlay__inner .uagb-image-heading{color:#fff;transition:transform .35s,opacity .35s ease-in-out;transform:translate3d(0, 24px, 0);margin:0;line-height:1em}.wp-block-uagb-image--layout-overlay__inner .uagb-image-separator{width:30%;border-top-width:2px;border-top-color:#fff;border-top-style:solid;margin-bottom:10px;opacity:0;transition:transform .4s,opacity .4s ease-in-out;transform:translate3d(0, 30px, 0)}.wp-block-uagb-image--layout-overlay__inner .uagb-image-caption{opacity:0;overflow:visible;color:#fff;transition:transform .45s,opacity .45s ease-in-out;transform:translate3d(0, 35px, 0)}.wp-block-uagb-image--layout-overlay__inner:hover .uagb-image-heading,.wp-block-uagb-image--layout-overlay__inner:hover .uagb-image-separator,.wp-block-uagb-image--layout-overlay__inner:hover .uagb-image-caption{opacity:1;transform:translate3d(0, 0, 0)}.wp-block-uagb-image--effect-zoomin .wp-block-uagb-image__figure img,.wp-block-uagb-image--effect-zoomin .wp-block-uagb-image__figure .wp-block-uagb-image--layout-overlay__color-wrapper{transform:scale(1);transition:transform .35s ease-in-out}.wp-block-uagb-image--effect-zoomin .wp-block-uagb-image__figure:hover img,.wp-block-uagb-image--effect-zoomin .wp-block-uagb-image__figure:hover .wp-block-uagb-image--layout-overlay__color-wrapper{transform:scale(1.05)}.wp-block-uagb-image--effect-slide .wp-block-uagb-image__figure img,.wp-block-uagb-image--effect-slide .wp-block-uagb-image__figure .wp-block-uagb-image--layout-overlay__color-wrapper{width:calc(100% + 40px) !important;max-width:none !important;transform:translate3d(-40px, 0, 0);transition:transform .35s ease-in-out}.wp-block-uagb-image--effect-slide .wp-block-uagb-image__figure:hover img,.wp-block-uagb-image--effect-slide .wp-block-uagb-image__figure:hover .wp-block-uagb-image--layout-overlay__color-wrapper{transform:translate3d(0, 0, 0)}.wp-block-uagb-image--effect-grayscale img{filter:grayscale(0%);transition:.35s ease-in-out}.wp-block-uagb-image--effect-grayscale:hover img{filter:grayscale(100%)}.wp-block-uagb-image--effect-blur img{filter:blur(0);transition:.35s ease-in-out}.wp-block-uagb-image--effect-blur:hover img{filter:blur(3px)}.uagb-block-e6f939b3.wp-block-uagb-image--layout-default figure img{box-shadow: 0px 0px 0 #00000070;}.uagb-block-e6f939b3.wp-block-uagb-image .wp-block-uagb-image__figure figcaption{font-style: normal;align-self: center;}.uagb-block-e6f939b3.wp-block-uagb-image--layout-overlay figure img{box-shadow: 0px 0px 0 #00000070;}.uagb-block-e6f939b3.wp-block-uagb-image--layout-overlay .wp-block-uagb-image--layout-overlay__color-wrapper{opacity: 0.2;}.uagb-block-e6f939b3.wp-block-uagb-image--layout-overlay .wp-block-uagb-image--layout-overlay__inner{left: 15px;right: 15px;top: 15px;bottom: 15px;}.uagb-block-e6f939b3.wp-block-uagb-image--layout-overlay .wp-block-uagb-image--layout-overlay__inner .uagb-image-heading{font-style: normal;color: #fff;opacity: 1;}.uagb-block-e6f939b3.wp-block-uagb-image--layout-overlay .wp-block-uagb-image--layout-overlay__inner .uagb-image-heading a{color: #fff;}.uagb-block-e6f939b3.wp-block-uagb-image--layout-overlay .wp-block-uagb-image--layout-overlay__inner .uagb-image-caption{opacity: 0;}.uagb-block-e6f939b3.wp-block-uagb-image--layout-overlay .wp-block-uagb-image__figure:hover .wp-block-uagb-image--layout-overlay__color-wrapper{opacity: 1;}.uagb-block-e6f939b3.wp-block-uagb-image .wp-block-uagb-image--layout-overlay__inner .uagb-image-separator{width: 30%;border-top-width: 2px;border-top-color: #fff;opacity: 0;}.uagb-block-e6f939b3.wp-block-uagb-image .wp-block-uagb-image__figure img{width: px;height: auto;}.uagb-block-e6f939b3.wp-block-uagb-image .wp-block-uagb-image__figure:hover .wp-block-uagb-image--layout-overlay__inner .uagb-image-caption{opacity: 1;}.uagb-block-e6f939b3.wp-block-uagb-image .wp-block-uagb-image__figure:hover .wp-block-uagb-image--layout-overlay__inner .uagb-image-separator{opacity: 1;}.uagb-block-e6f939b3.wp-block-uagb-image--layout-default figure:hover img{box-shadow: 0px 0px 0 #00000070;}.uagb-block-e6f939b3.wp-block-uagb-image--layout-overlay figure:hover img{box-shadow: 0px 0px 0 #00000070;}@media only screen and (max-width: 976px) {.uagb-block-e6f939b3.wp-block-uagb-image .wp-block-uagb-image__figure img{width: px;height: auto;}}@media only screen and (max-width: 767px) {.uagb-block-e6f939b3.wp-block-uagb-image .wp-block-uagb-image__figure img{width: px;height: auto;}}\";s:2:\"js\";s:0:\"\";s:18:\"current_block_list\";a:13:{i:0;s:11:\"core\/search\";i:1;s:10:\"core\/group\";i:2;s:12:\"core\/heading\";i:3;s:17:\"core\/latest-posts\";i:4;s:20:\"core\/latest-comments\";i:5;s:13:\"core\/archives\";i:6;s:15:\"core\/categories\";i:7;s:14:\"core\/paragraph\";i:8;s:10:\"uagb\/image\";i:9;s:11:\"core\/spacer\";i:10;s:30:\"woocommerce\/product-categories\";i:11;s:10:\"core\/image\";i:12;s:14:\"core\/shortcode\";}s:8:\"uag_flag\";b:1;s:11:\"uag_version\";s:10:\"1777330416\";s:6:\"gfonts\";a:0:{}s:10:\"gfonts_url\";s:0:\"\";s:12:\"gfonts_files\";a:0:{}s:14:\"uag_faq_layout\";b:0;}"]},"uagb_featured_image_src":{"full":["https:\/\/www.ferberpainting.com\/wp-content\/uploads\/2025\/05\/TreeandShrubFertilizer25kg.png",2560,2560,false],"thumbnail":["https:\/\/www.ferberpainting.com\/wp-content\/uploads\/2025\/05\/TreeandShrubFertilizer25kg-150x150.png",150,150,true],"medium":["https:\/\/www.ferberpainting.com\/wp-content\/uploads\/2025\/05\/TreeandShrubFertilizer25kg-300x300.png",300,300,true],"medium_large":["https:\/\/www.ferberpainting.com\/wp-content\/uploads\/2025\/05\/TreeandShrubFertilizer25kg-768x768.png",768,768,true],"large":["https:\/\/www.ferberpainting.com\/wp-content\/uploads\/2025\/05\/TreeandShrubFertilizer25kg-1024x1024.png",1024,1024,true],"1536x1536":["https:\/\/www.ferberpainting.com\/wp-content\/uploads\/2025\/05\/TreeandShrubFertilizer25kg-1536x1536.png",1536,1536,true],"2048x2048":["https:\/\/www.ferberpainting.com\/wp-content\/uploads\/2025\/05\/TreeandShrubFertilizer25kg-2048x2048.png",2048,2048,true],"trp-custom-language-flag":["https:\/\/www.ferberpainting.com\/wp-content\/uploads\/2025\/05\/TreeandShrubFertilizer25kg-12x12.png",12,12,true],"woocommerce_thumbnail":["https:\/\/www.ferberpainting.com\/wp-content\/uploads\/2025\/05\/TreeandShrubFertilizer25kg-300x300.png",300,300,true],"woocommerce_single":["https:\/\/www.ferberpainting.com\/wp-content\/uploads\/2025\/05\/TreeandShrubFertilizer25kg-600x600.png",600,600,true],"woocommerce_gallery_thumbnail":["https:\/\/www.ferberpainting.com\/wp-content\/uploads\/2025\/05\/TreeandShrubFertilizer25kg-100x100.png",100,100,true]},"uagb_author_info":{"display_name":"admin","author_link":"https:\/\/www.ferberpainting.com\/hu\/author\/"},"uagb_comment_info":33,"uagb_excerpt":"A balanced fertilizer for vigorous growth.\u00a0This tree and shrub fertilizer is specially formulated to meet the nutritional needs of trees, shrubs, and hedges, promoting healthy and balanced growth. Thanks to its NPK 10-10-10 composition, it provides an optimal supply of nitrogen (N) for foliage development, phosphorus (P) for strong rooting, and potassium (K) to enhance&hellip;","_links":{"self":[{"href":"https:\/\/www.ferberpainting.com\/hu\/wp-json\/wp\/v2\/product\/25599","targetHints":{"allow":["GET"]}}],"collection":[{"href":"https:\/\/www.ferberpainting.com\/hu\/wp-json\/wp\/v2\/product"}],"about":[{"href":"https:\/\/www.ferberpainting.com\/hu\/wp-json\/wp\/v2\/types\/product"}],"replies":[{"embeddable":true,"href":"https:\/\/www.ferberpainting.com\/hu\/wp-json\/wp\/v2\/comments?post=25599"}],"version-history":[{"count":5,"href":"https:\/\/www.ferberpainting.com\/hu\/wp-json\/wp\/v2\/product\/25599\/revisions"}],"predecessor-version":[{"id":167462,"href":"https:\/\/www.ferberpainting.com\/hu\/wp-json\/wp\/v2\/product\/25599\/revisions\/167462"}],"wp:featuredmedia":[{"embeddable":true,"href":"https:\/\/www.ferberpainting.com\/hu\/wp-json\/wp\/v2\/media\/27431"}],"wp:attachment":[{"href":"https:\/\/www.ferberpainting.com\/hu\/wp-json\/wp\/v2\/media?parent=25599"}],"wp:term":[{"taxonomy":"product_brand","embeddable":true,"href":"https:\/\/www.ferberpainting.com\/hu\/wp-json\/wp\/v2\/product_brand?post=25599"},{"taxonomy":"product_cat","embeddable":true,"href":"https:\/\/www.ferberpainting.com\/hu\/wp-json\/wp\/v2\/product_cat?post=25599"},{"taxonomy":"product_tag","embeddable":true,"href":"https:\/\/www.ferberpainting.com\/hu\/wp-json\/wp\/v2\/product_tag?post=25599"}],"curies":[{"name":"wp","href":"https:\/\/api.w.org\/{rel}","templated":true}]}}