{"id":25593,"date":"2025-06-30T19:36:48","date_gmt":"2025-06-30T17:36:48","guid":{"rendered":"https:\/\/www.ferberpainting.com\/?post_type=product&#038;p=25593"},"modified":"2026-02-16T13:20:41","modified_gmt":"2026-02-16T12:20:41","slug":"travertine-cleaner","status":"publish","type":"product","link":"https:\/\/www.ferberpainting.com\/hu\/products\/travertine-cleaner\/","title":{"rendered":"Travertin tiszt\u00edt\u00f3"},"content":{"rendered":"<p><strong><img decoding=\"async\" style=\"margin-right: 12px;\" src=\"https:\/\/www.ferberpainting.com\/wp-content\/uploads\/2026\/02\/Check.svg\" alt=\"\" width=\"18\" height=\"15\" \/>Optim\u00e1lis hat\u00e9konys\u00e1g.<\/strong>\u00a0Ezt a travertintiszt\u00edt\u00f3t kifejezetten arra tervezt\u00e9k, hogy hat\u00e9konyan elt\u00e1vol\u00edtsa a foltokat, a be\u00e1gyaz\u00f3dott szennyez\u0151d\u00e9seket, a v\u00edzk\u0151lerak\u00f3d\u00e1sokat \u00e9s m\u00e1s szennyez\u0151d\u00e9seket, amelyek elhom\u00e1lyos\u00edtj\u00e1k a travertin term\u00e9szetes f\u00e9ny\u00e9t. Er\u0151teljes formul\u00e1ja m\u00e9lyen behatol, mik\u00f6zben tiszteletben tartja a k\u0151 porozit\u00e1s\u00e1t, \u00edgy k\u00edm\u00e9letes tiszt\u00edt\u00e1st biztos\u00edt a k\u00e1rosod\u00e1s vesz\u00e9lye n\u00e9lk\u00fcl. Vissza\u00e1ll\u00edtja a travertin fel\u00fcletek friss, ragyog\u00f3 megjelen\u00e9s\u00e9t an\u00e9lk\u00fcl, hogy nyomokat vagy maradv\u00e1nyokat hagyna.<\/p>\n<p><strong><img decoding=\"async\" style=\"margin-right: 12px;\" src=\"https:\/\/www.ferberpainting.com\/wp-content\/uploads\/2026\/02\/Check.svg\" alt=\"\" width=\"18\" height=\"15\" \/>P\u00e9nzvisszafizet\u00e9si garancia.<\/strong>\u00a0Teljes m\u00e9rt\u00e9kben b\u00edzunk a travertin tiszt\u00edt\u00f3szer\u00fcnk hat\u00e9konys\u00e1g\u00e1ban. Ha a haszn\u00e1lat ut\u00e1n nem teljesen el\u00e9gedett az eredm\u00e9nnyel, teljes visszat\u00e9r\u00edt\u00e9sre jogosult. Pr\u00f3b\u00e1lja ki term\u00e9k\u00fcnket kock\u00e1zatmentesen, \u00e9s \u00e9lvezze a t\u00f6k\u00e9letesen tiszta travertin fel\u00fcleteket.<\/p>\n<p><strong><img decoding=\"async\" style=\"margin-right: 12px;\" src=\"https:\/\/www.ferberpainting.com\/wp-content\/uploads\/2026\/02\/Check.svg\" alt=\"\" width=\"18\" height=\"15\" \/>Kiv\u00e9teles sokoldal\u00fas\u00e1g.<\/strong>\u00a0Ez a tiszt\u00edt\u00f3szer nem korl\u00e1toz\u00f3dik a travertinre! M\u00e1s term\u00e9szetes k\u00f6veken, p\u00e9ld\u00e1ul m\u00e9szk\u0151n, m\u00e1rv\u00e1nyon, k\u00e9kk\u0151n \u00e9s n\u00e9h\u00e1ny nem por\u00f3zus k\u00f6v\u00f6n is hat\u00e9kony. Haszn\u00e1lhat\u00f3 padl\u00f3kon, falakon, munkalapokon, teraszokon, l\u00e9pcs\u0151k\u00f6n, f\u00fcrd\u0151szob\u00e1kban \u00e9s m\u00e9g zuhanyz\u00f3kban is. Sokoldal\u00fas\u00e1ga alkalmass\u00e1 teszi mind a mag\u00e1nfelhaszn\u00e1l\u00f3k, mind a term\u00e9szetes k\u0151b\u0151l k\u00e9sz\u00fclt l\u00e9tes\u00edtm\u00e9nyeiket megb\u00edzhat\u00f3 \u00e9s hat\u00e9kony term\u00e9kkel \u00e1polni k\u00edv\u00e1n\u00f3 szakemberek sz\u00e1m\u00e1ra.<\/p>\n<p><strong><img decoding=\"async\" style=\"margin-right: 12px;\" src=\"https:\/\/www.ferberpainting.com\/wp-content\/uploads\/2026\/02\/Check.svg\" alt=\"\" width=\"18\" height=\"15\" \/>K\u00f6lts\u00e9ghat\u00e9kony teljes\u00edtm\u00e9ny.<\/strong>\u00a0Az 5 literes tart\u00e1ly\u00e1nak \u00e9s a magas koncentr\u00e1ci\u00f3nak k\u00f6sz\u00f6nhet\u0151en ez a tiszt\u00edt\u00f3szer kiv\u00e1l\u00f3 \u00e9rt\u00e9ket k\u00edn\u00e1l. Kis mennyis\u00e9g elegend\u0151 egy nagy fel\u00fclet tiszt\u00edt\u00e1s\u00e1hoz, \u00edgy gazdas\u00e1gos \u00e9s hat\u00e9kony megold\u00e1st ny\u00fajt. \u00c1tlagosan egy liter term\u00e9kkel ak\u00e1r 60 m\u00b2 travertin fel\u00fcletet is kezelhet, \u00edgy a karbantart\u00e1si k\u00f6lts\u00e9gek cs\u00f6kkenthet\u0151k, mik\u00f6zben optimaliz\u00e1lhat\u00f3 a haszn\u00e1lat.<\/p>\n<p><strong><img decoding=\"async\" style=\"margin-right: 12px;\" src=\"https:\/\/www.ferberpainting.com\/wp-content\/uploads\/2026\/02\/Check.svg\" alt=\"\" width=\"18\" height=\"15\" \/>Biztons\u00e1gosan haszn\u00e1lhat\u00f3.<\/strong>\u00a0A hagyom\u00e1nyos tiszt\u00edt\u00f3szerekkel ellent\u00e9tben, amelyek mar\u00f3 anyagokat tartalmaznak, amelyek k\u00e1ros\u00edthatj\u00e1k a travertint, ez a term\u00e9k savmentes, \u00e9s tiszteletben tartja a k\u0151 \u00e9rz\u00e9keny term\u00e9szet\u00e9t. Nem okoz k\u00e9miai reakci\u00f3kat, nem sz\u00ednezi el a fel\u00fcleteket, \u00e9s nem gyeng\u00edti a fug\u00e1kat. Ezenk\u00edv\u00fcl nem bocs\u00e1t ki m\u00e9rgez\u0151 g\u0151z\u00f6ket, \u00edgy z\u00e1rt helyis\u00e9gekben is biztons\u00e1gosan haszn\u00e1lhat\u00f3.<\/p>\n<p><strong><img decoding=\"async\" style=\"margin-right: 12px;\" src=\"https:\/\/www.ferberpainting.com\/wp-content\/uploads\/2026\/02\/Check.svg\" alt=\"\" width=\"18\" height=\"15\" \/>K\u00f6nny\u0171 haszn\u00e1lat.<\/strong>\u00a0Ez a term\u00e9k azonnal felhaszn\u00e1lhat\u00f3, nem ig\u00e9nyel h\u00edg\u00edt\u00e1st vagy bonyolult el\u0151k\u00e9sz\u00edt\u00e9st. K\u00f6zvetlen\u00fcl a fel\u00fcletre kell felvinni puha ruh\u00e1val, szivaccsal, ecsettel vagy felmos\u00f3val. Gyors hat\u00e1sa n\u00e9h\u00e1ny perc alatt elt\u00e1vol\u00edtja a szennyez\u0151d\u00e9seket an\u00e9lk\u00fcl, hogy neh\u00e9z \u00f6bl\u00edt\u00e9sre vagy s\u00farol\u00e1sra lenne sz\u00fcks\u00e9g. Egyszer\u0171 \u00e9s k\u00f6nnyen hozz\u00e1f\u00e9rhet\u0151 alkalmaz\u00e1sa mindenki sz\u00e1m\u00e1ra megk\u00f6nny\u00edti a travertin karbantart\u00e1s\u00e1t.<\/p>\n<p><strong><img decoding=\"async\" style=\"margin-right: 12px;\" src=\"https:\/\/www.ferberpainting.com\/wp-content\/uploads\/2026\/02\/Check.svg\" alt=\"\" width=\"18\" height=\"15\" \/>Kiterjesztett tart\u00f3ss\u00e1g.<\/strong>\u00a0Ha rendszeresen tiszt\u00edtja a travertint ezzel a term\u00e9kkel, meghosszabb\u00edtja a fel\u00fcletek \u00e9lettartam\u00e1t \u00e9s meg\u0151rzi term\u00e9szetes sz\u00e9ps\u00e9g\u00fcket. Megakad\u00e1lyozza a maradv\u00e1nyok felhalmoz\u00f3d\u00e1s\u00e1t, amelyek v\u00e9g\u00fcl elsz\u00ednez\u0151dhetnek vagy gyeng\u00edthetik a k\u00f6vet. A rendszeres karbantart\u00e1s ezzel a tiszt\u00edt\u00f3szerrel seg\u00edt megel\u0151zni a foltosod\u00e1st, \u00e9s hossz\u00fa \u00e9veken \u00e1t meg\u0151rzi a k\u0151 \u00e9ps\u00e9g\u00e9t \u00e9s megjelen\u00e9s\u00e9t.<\/p>\n<p><strong><img decoding=\"async\" style=\"margin-right: 12px;\" src=\"https:\/\/www.ferberpainting.com\/wp-content\/uploads\/2026\/02\/Check.svg\" alt=\"\" width=\"18\" height=\"15\" \/>Gyors akci\u00f3.<\/strong>\u00a0A rendk\u00edv\u00fcl akt\u00edv formul\u00e1nak k\u00f6sz\u00f6nhet\u0151en ez a tiszt\u00edt\u00f3szer azonnal hat a szennyez\u0151d\u00e9sekre \u00e9s a v\u00edzk\u0151lerak\u00f3d\u00e1sokra. N\u00e9h\u00e1ny perc alatt feloldja a maradv\u00e1nyokat, \u00e9s intenz\u00edv s\u00farol\u00e1s n\u00e9lk\u00fcl k\u00f6nnyen elt\u00e1vol\u00edthat\u00f3v\u00e1 teszi azokat. Gyors \u00e9s hat\u00e9kony karbantart\u00e1st tesz lehet\u0151v\u00e9, t\u00f6k\u00e9letes a rendszeres \u00e1pol\u00e1shoz vagy a legnehezebb foltok kezel\u00e9s\u00e9hez.<\/p>\n<h2><strong>Haszn\u00e1lati protokoll<\/strong><\/h2>\n<ul>\n<li><strong>El\u0151k\u00e9sz\u00edt\u00e9s <\/strong>: Gy\u0151z\u0151dj\u00f6n meg r\u00f3la, hogy a travertin fel\u00fclete sz\u00e1raz \u00e9s mentes a port\u00f3l vagy szil\u00e1rd t\u00f6rmel\u00e9kt\u0151l. Az optim\u00e1lis tiszt\u00edt\u00e1s \u00e9rdek\u00e9ben a term\u00e9k felvitele el\u0151tt seperje fel vagy porsz\u00edv\u00f3zza fel a fel\u00fcletet.<\/li>\n<li><strong>K\u00e9zi alkalmaz\u00e1s <\/strong>: \u00d6nts\u00f6n kis mennyis\u00e9g\u0171 tiszt\u00edt\u00f3szert egy puha ruh\u00e1ra, szivacsra vagy felmos\u00f3rongyra, majd egyenletesen, k\u00f6rk\u00f6r\u00f6s mozdulatokkal vigye fel a fel\u00fcletre, hogy a term\u00e9k behatoljon \u00e9s feloldja a szennyez\u0151d\u00e9seket.<\/li>\n<li><strong>Nagy fel\u00fcleti haszn\u00e1lat <\/strong>: A travertin padl\u00f3 vagy falak tiszt\u00edt\u00e1s\u00e1hoz haszn\u00e1ljon kef\u00e9s sepr\u0171t vagy felmos\u00f3t, \u00e9s \u00f3vatosan s\u00farolva vigye fel a term\u00e9ket. A hat\u00e9konys\u00e1g optimaliz\u00e1l\u00e1sa \u00e9rdek\u00e9ben hagyja hatni n\u00e9h\u00e1ny percig, miel\u0151tt tiszta ruh\u00e1val let\u00f6rli vagy enyh\u00e9n le\u00f6bl\u00edti.<\/li>\n<li><strong>Makacs foltok kezel\u00e9se <\/strong>: Be\u00e1gyaz\u00f3dott foltok vagy v\u00edzk\u0151 eset\u00e9n vigye fel a term\u00e9ket k\u00f6zvetlen\u00fcl az \u00e9rintett ter\u00fcletre, \u00e9s hagyja hatni 5-10 percig. Az \u00f6bl\u00edt\u00e9s el\u0151tt puha s\u00f6rt\u00e9j\u0171 kef\u00e9vel vagy enyh\u00e9n s\u00farol\u00f3 szivaccsal \u00f3vatosan s\u00farolja le. A legjobb eredm\u00e9ny \u00e9rdek\u00e9ben sz\u00fcks\u00e9g eset\u00e9n ism\u00e9telje meg a m\u0171veletet.<\/li>\n<li><strong>\u00d6bl\u00edt\u00e9s \u00e9s t\u00f6rl\u00e9s <\/strong>: T\u00f6r\u00f6lje \u00e1t a fel\u00fcletet sz\u00e1raz vagy enyh\u00e9n nedves ruh\u00e1val, hogy elt\u00e1vol\u00edtsa a felesleges term\u00e9ket. K\u00fclt\u00e9ri ter\u00fcleteken a tiszt\u00edt\u00e1s befejez\u00e9s\u00e9hez egy gyors \u00f6bl\u00edt\u00e9s v\u00edzsug\u00e1rral is elv\u00e9gezhet\u0151.<\/li>\n<li><strong>Pol\u00edroz\u00e1s \u00e9s v\u00e9delem <\/strong>: A travertin friss, ragyog\u00f3 megjelen\u00e9s\u00e9nek meg\u0151rz\u00e9se \u00e9rdek\u00e9ben tiszta, sz\u00e1raz ruh\u00e1val t\u00f6r\u00f6lje le a fel\u00fcletet, hogy kisim\u00edtsa \u00e9s elt\u00e1vol\u00edtsa a maradv\u00e1nyokat. A rendszeres tiszt\u00edt\u00e1s ezzel a term\u00e9kkel seg\u00edt cs\u00f6kkenteni a lerak\u00f3d\u00e1sokat \u00e9s t\u00f6k\u00e9letes \u00e1llapotban tartani a k\u00f6vet.<\/li>\n<li><strong>Haszn\u00e1lat gyakoris\u00e1ga <\/strong>: Hetente egyszer vagy k\u00e9tszer alkalmazza a rendszeres karbantart\u00e1s \u00e9s a szennyez\u0151d\u00e9sek felhalmoz\u00f3d\u00e1s\u00e1nak megel\u0151z\u00e9se \u00e9rdek\u00e9ben. Gyakran haszn\u00e1lt vagy k\u00fclt\u00e9ri ter\u00fcletek eset\u00e9n gyakoribb tiszt\u00edt\u00e1s is aj\u00e1nlott lehet az optim\u00e1lis v\u00e9delem biztos\u00edt\u00e1sa \u00e9rdek\u00e9ben.<\/li>\n<li><strong>T\u00e1rol\u00e1s <\/strong>: Minden haszn\u00e1lat ut\u00e1n szorosan z\u00e1rja le a tart\u00e1lyt, \u00e9s a term\u00e9k hossz\u00fa t\u00e1v\u00fa hat\u00e9konys\u00e1g\u00e1nak meg\u0151rz\u00e9se \u00e9rdek\u00e9ben t\u00e1rolja h\u0171v\u00f6s, sz\u00e1raz, f\u00e9nyt\u0151l \u00e9s sz\u00e9ls\u0151s\u00e9ges h\u0151m\u00e9rs\u00e9klett\u0151l v\u00e9dett helyen.<\/li>\n<\/ul>\n<p>Travertintiszt\u00edt\u00f3szer\u00fcnkkel \u00e9lvezze a hat\u00e9kony \u00e9s f\u00e1rads\u00e1gmentes karbantart\u00e1st, mik\u00f6zben meg\u0151rzi fel\u00fcleteinek sz\u00e9ps\u00e9g\u00e9t \u00e9s hossz\u00fa \u00e9lettartam\u00e1t. Ide\u00e1lis megold\u00e1s a travertin sz\u00e1m\u00e1ra, amely minden k\u00f6r\u00fclm\u00e9nyek k\u00f6z\u00f6tt tiszta, v\u00e9dett \u00e9s ragyog\u00f3 marad.<\/p>","protected":false},"excerpt":{"rendered":"<p>Optimal Efficiency.\u00a0This travertine cleaner is specially designed to effectively remove stains, embedded dirt, limescale deposits, and other impurities that dull the natural shine of travertine. Its powerful formula penetrates deeply while respecting the porosity of the stone, ensuring gentle cleaning without risk of damage. It restores a fresh, radiant look to your travertine surfaces without [&hellip;]<\/p>\n","protected":false},"featured_media":35857,"comment_status":"open","ping_status":"closed","template":"","meta":{"_uag_custom_page_level_css":"","site-sidebar-layout":"default","site-content-layout":"","ast-site-content-layout":"default","site-content-style":"default","site-sidebar-style":"default","ast-global-header-display":"","ast-banner-title-visibility":"","ast-main-header-display":"","ast-hfb-above-header-display":"","ast-hfb-below-header-display":"","ast-hfb-mobile-header-display":"","site-post-title":"","ast-breadcrumbs-content":"","ast-featured-img":"","footer-sml-layout":"","ast-disable-related-posts":"","theme-transparent-header-meta":"default","adv-header-id-meta":"","stick-header-meta":"","header-above-stick-meta":"","header-main-stick-meta":"","header-below-stick-meta":"","astra-migrate-meta-layouts":"set","ast-page-background-enabled":"default","ast-page-background-meta":{"desktop":{"background-color":"var(--ast-global-color-4)","background-image":"","background-repeat":"repeat","background-position":"center center","background-size":"auto","background-attachment":"scroll","background-type":"","background-media":"","overlay-type":"","overlay-color":"","overlay-opacity":"","overlay-gradient":""},"tablet":{"background-color":"","background-image":"","background-repeat":"repeat","background-position":"center center","background-size":"auto","background-attachment":"scroll","background-type":"","background-media":"","overlay-type":"","overlay-color":"","overlay-opacity":"","overlay-gradient":""},"mobile":{"background-color":"","background-image":"","background-repeat":"repeat","background-position":"center center","background-size":"auto","background-attachment":"scroll","background-type":"","background-media":"","overlay-type":"","overlay-color":"","overlay-opacity":"","overlay-gradient":""}},"ast-content-background-meta":{"desktop":{"background-color":"var(--ast-global-color-5)","background-image":"","background-repeat":"repeat","background-position":"center center","background-size":"auto","background-attachment":"scroll","background-type":"","background-media":"","overlay-type":"","overlay-color":"","overlay-opacity":"","overlay-gradient":""},"tablet":{"background-color":"var(--ast-global-color-5)","background-image":"","background-repeat":"repeat","background-position":"center center","background-size":"auto","background-attachment":"scroll","background-type":"","background-media":"","overlay-type":"","overlay-color":"","overlay-opacity":"","overlay-gradient":""},"mobile":{"background-color":"var(--ast-global-color-5)","background-image":"","background-repeat":"repeat","background-position":"center center","background-size":"auto","background-attachment":"scroll","background-type":"","background-media":"","overlay-type":"","overlay-color":"","overlay-opacity":"","overlay-gradient":""}}},"product_brand":[],"product_cat":[175],"product_tag":[],"class_list":{"0":"post-25593","1":"product","2":"type-product","3":"status-publish","4":"has-post-thumbnail","6":"product_cat-cleaning-products","7":"desktop-align-left","8":"tablet-align-left","9":"mobile-align-left","11":"first","12":"instock","13":"sale","14":"shipping-taxable","15":"purchasable","16":"product-type-variable","17":"has-default-attributes"},"spectra_custom_meta":{"_visibility":["visible"],"_shopify_product_id":["9106523357429"],"_s2w_shopify_domain":["ferberpainting.myshopify.com"],"_shopify_variant_id":["46626224963829"],"_sku":[""],"_manage_stock":["no"],"total_sales":["313"],"_tax_status":["taxable"],"_tax_class":[""],"_backorders":["no"],"_sold_individually":["no"],"_virtual":["no"],"_downloadable":["no"],"_download_limit":["-1"],"_download_expiry":["-1"],"_stock":[null],"_stock_status":["instock"],"_wc_average_rating":["5.00"],"_wc_review_count":["9"],"_product_attributes":["a:1:{s:6:\"volume\";a:6:{s:4:\"name\";s:6:\"Volume\";s:5:\"value\";s:20:\"5 liters | 25 liters\";s:8:\"position\";i:1;s:10:\"is_visible\";i:0;s:12:\"is_variation\";i:1;s:11:\"is_taxonomy\";i:0;}}"],"_product_version":["10.5.1"],"wpse_downloadable_file_names":[""],"wpse_downloadable_file_urls":[""],"_edit_last":["1"],"_default_attributes":["a:1:{s:6:\"volume\";s:8:\"5 liters\";}"],"_edit_lock":["1776339121:7773"],"merchant-center-availability":["yes"],"merchant-center-category":["4977"],"_thumbnail_id":["35857"],"_wp_page_template":["default"],"_wp_old_date":["2025-05-26"],"_product_image_gallery":["35858"],"site-sidebar-layout":["default"],"ast-site-content-layout":["default"],"site-content-style":["default"],"site-sidebar-style":["default"],"theme-transparent-header-meta":["default"],"_price":["29.90","129.90"],"_wc_rating_count":["a:1:{i:5;i:9;}"],"astra-migrate-meta-layouts":["set"],"_uag_css_file_name":["uag-css-25593.css"],"_elementor_page_assets":["a:0:{}"],"_uag_page_assets":["a:9:{s:3:\"css\";s:7133:\".uag-blocks-common-selector{z-index:var(--z-index-desktop) !important}@media(max-width: 976px){.uag-blocks-common-selector{z-index:var(--z-index-tablet) !important}}@media(max-width: 767px){.uag-blocks-common-selector{z-index:var(--z-index-mobile) !important}}.wp-block-uagb-image{display:flex}.wp-block-uagb-image__figure{position:relative;display:flex;flex-direction:column;max-width:100%;height:auto;margin:0}.wp-block-uagb-image__figure img{height:auto;display:flex;max-width:100%;transition:box-shadow .2s ease}.wp-block-uagb-image__figure>a{display:inline-block}.wp-block-uagb-image__figure figcaption{text-align:center;margin-top:.5em;margin-bottom:1em}.wp-block-uagb-image .components-placeholder.block-editor-media-placeholder .components-placeholder__instructions{align-self:center}.wp-block-uagb-image--align-left{text-align:left}.wp-block-uagb-image--align-right{text-align:right}.wp-block-uagb-image--align-center{text-align:center}.wp-block-uagb-image--align-full .wp-block-uagb-image__figure{margin-left:calc(50% - 50vw);margin-right:calc(50% - 50vw);max-width:100vw;width:100vw;height:auto}.wp-block-uagb-image--align-full .wp-block-uagb-image__figure img{height:auto;width:100% !important}.wp-block-uagb-image--align-wide .wp-block-uagb-image__figure img{height:auto;width:100%}.wp-block-uagb-image--layout-overlay__color-wrapper{position:absolute;left:0;top:0;right:0;bottom:0;opacity:.2;background:rgba(0,0,0,.5);transition:opacity .35s ease-in-out}.wp-block-uagb-image--layout-overlay-link{position:absolute;left:0;right:0;bottom:0;top:0}.wp-block-uagb-image--layout-overlay .wp-block-uagb-image__figure:hover .wp-block-uagb-image--layout-overlay__color-wrapper{opacity:1}.wp-block-uagb-image--layout-overlay__inner{position:absolute;left:15px;right:15px;bottom:15px;top:15px;display:flex;align-items:center;justify-content:center;flex-direction:column;border-color:#fff;transition:.35s ease-in-out}.wp-block-uagb-image--layout-overlay__inner.top-left,.wp-block-uagb-image--layout-overlay__inner.top-center,.wp-block-uagb-image--layout-overlay__inner.top-right{justify-content:flex-start}.wp-block-uagb-image--layout-overlay__inner.bottom-left,.wp-block-uagb-image--layout-overlay__inner.bottom-center,.wp-block-uagb-image--layout-overlay__inner.bottom-right{justify-content:flex-end}.wp-block-uagb-image--layout-overlay__inner.top-left,.wp-block-uagb-image--layout-overlay__inner.center-left,.wp-block-uagb-image--layout-overlay__inner.bottom-left{align-items:flex-start}.wp-block-uagb-image--layout-overlay__inner.top-right,.wp-block-uagb-image--layout-overlay__inner.center-right,.wp-block-uagb-image--layout-overlay__inner.bottom-right{align-items:flex-end}.wp-block-uagb-image--layout-overlay__inner .uagb-image-heading{color:#fff;transition:transform .35s,opacity .35s ease-in-out;transform:translate3d(0, 24px, 0);margin:0;line-height:1em}.wp-block-uagb-image--layout-overlay__inner .uagb-image-separator{width:30%;border-top-width:2px;border-top-color:#fff;border-top-style:solid;margin-bottom:10px;opacity:0;transition:transform .4s,opacity .4s ease-in-out;transform:translate3d(0, 30px, 0)}.wp-block-uagb-image--layout-overlay__inner .uagb-image-caption{opacity:0;overflow:visible;color:#fff;transition:transform .45s,opacity .45s ease-in-out;transform:translate3d(0, 35px, 0)}.wp-block-uagb-image--layout-overlay__inner:hover .uagb-image-heading,.wp-block-uagb-image--layout-overlay__inner:hover .uagb-image-separator,.wp-block-uagb-image--layout-overlay__inner:hover .uagb-image-caption{opacity:1;transform:translate3d(0, 0, 0)}.wp-block-uagb-image--effect-zoomin .wp-block-uagb-image__figure img,.wp-block-uagb-image--effect-zoomin .wp-block-uagb-image__figure .wp-block-uagb-image--layout-overlay__color-wrapper{transform:scale(1);transition:transform .35s ease-in-out}.wp-block-uagb-image--effect-zoomin .wp-block-uagb-image__figure:hover img,.wp-block-uagb-image--effect-zoomin .wp-block-uagb-image__figure:hover .wp-block-uagb-image--layout-overlay__color-wrapper{transform:scale(1.05)}.wp-block-uagb-image--effect-slide .wp-block-uagb-image__figure img,.wp-block-uagb-image--effect-slide .wp-block-uagb-image__figure .wp-block-uagb-image--layout-overlay__color-wrapper{width:calc(100% + 40px) !important;max-width:none !important;transform:translate3d(-40px, 0, 0);transition:transform .35s ease-in-out}.wp-block-uagb-image--effect-slide .wp-block-uagb-image__figure:hover img,.wp-block-uagb-image--effect-slide .wp-block-uagb-image__figure:hover .wp-block-uagb-image--layout-overlay__color-wrapper{transform:translate3d(0, 0, 0)}.wp-block-uagb-image--effect-grayscale img{filter:grayscale(0%);transition:.35s ease-in-out}.wp-block-uagb-image--effect-grayscale:hover img{filter:grayscale(100%)}.wp-block-uagb-image--effect-blur img{filter:blur(0);transition:.35s ease-in-out}.wp-block-uagb-image--effect-blur:hover img{filter:blur(3px)}.uagb-block-e6f939b3.wp-block-uagb-image--layout-default figure img{box-shadow: 0px 0px 0 #00000070;}.uagb-block-e6f939b3.wp-block-uagb-image .wp-block-uagb-image__figure figcaption{font-style: normal;align-self: center;}.uagb-block-e6f939b3.wp-block-uagb-image--layout-overlay figure img{box-shadow: 0px 0px 0 #00000070;}.uagb-block-e6f939b3.wp-block-uagb-image--layout-overlay .wp-block-uagb-image--layout-overlay__color-wrapper{opacity: 0.2;}.uagb-block-e6f939b3.wp-block-uagb-image--layout-overlay .wp-block-uagb-image--layout-overlay__inner{left: 15px;right: 15px;top: 15px;bottom: 15px;}.uagb-block-e6f939b3.wp-block-uagb-image--layout-overlay .wp-block-uagb-image--layout-overlay__inner .uagb-image-heading{font-style: normal;color: #fff;opacity: 1;}.uagb-block-e6f939b3.wp-block-uagb-image--layout-overlay .wp-block-uagb-image--layout-overlay__inner .uagb-image-heading a{color: #fff;}.uagb-block-e6f939b3.wp-block-uagb-image--layout-overlay .wp-block-uagb-image--layout-overlay__inner .uagb-image-caption{opacity: 0;}.uagb-block-e6f939b3.wp-block-uagb-image--layout-overlay .wp-block-uagb-image__figure:hover .wp-block-uagb-image--layout-overlay__color-wrapper{opacity: 1;}.uagb-block-e6f939b3.wp-block-uagb-image .wp-block-uagb-image--layout-overlay__inner .uagb-image-separator{width: 30%;border-top-width: 2px;border-top-color: #fff;opacity: 0;}.uagb-block-e6f939b3.wp-block-uagb-image .wp-block-uagb-image__figure img{width: px;height: auto;}.uagb-block-e6f939b3.wp-block-uagb-image .wp-block-uagb-image__figure:hover .wp-block-uagb-image--layout-overlay__inner .uagb-image-caption{opacity: 1;}.uagb-block-e6f939b3.wp-block-uagb-image .wp-block-uagb-image__figure:hover .wp-block-uagb-image--layout-overlay__inner .uagb-image-separator{opacity: 1;}.uagb-block-e6f939b3.wp-block-uagb-image--layout-default figure:hover img{box-shadow: 0px 0px 0 #00000070;}.uagb-block-e6f939b3.wp-block-uagb-image--layout-overlay figure:hover img{box-shadow: 0px 0px 0 #00000070;}@media only screen and (max-width: 976px) {.uagb-block-e6f939b3.wp-block-uagb-image .wp-block-uagb-image__figure img{width: px;height: auto;}}@media only screen and (max-width: 767px) {.uagb-block-e6f939b3.wp-block-uagb-image .wp-block-uagb-image__figure img{width: px;height: auto;}}\";s:2:\"js\";s:0:\"\";s:18:\"current_block_list\";a:13:{i:0;s:11:\"core\/search\";i:1;s:10:\"core\/group\";i:2;s:12:\"core\/heading\";i:3;s:17:\"core\/latest-posts\";i:4;s:20:\"core\/latest-comments\";i:5;s:13:\"core\/archives\";i:6;s:15:\"core\/categories\";i:7;s:14:\"core\/paragraph\";i:8;s:10:\"uagb\/image\";i:9;s:11:\"core\/spacer\";i:10;s:30:\"woocommerce\/product-categories\";i:11;s:10:\"core\/image\";i:12;s:14:\"core\/shortcode\";}s:8:\"uag_flag\";b:1;s:11:\"uag_version\";s:10:\"1777101443\";s:6:\"gfonts\";a:0:{}s:10:\"gfonts_url\";s:0:\"\";s:12:\"gfonts_files\";a:0:{}s:14:\"uag_faq_layout\";b:0;}"]},"uagb_featured_image_src":{"full":["https:\/\/www.ferberpainting.com\/wp-content\/uploads\/2025\/05\/Travertine-Cleaner-5L-.png",2560,2560,false],"thumbnail":["https:\/\/www.ferberpainting.com\/wp-content\/uploads\/2025\/05\/Travertine-Cleaner-5L--150x150.png",150,150,true],"medium":["https:\/\/www.ferberpainting.com\/wp-content\/uploads\/2025\/05\/Travertine-Cleaner-5L--300x300.png",300,300,true],"medium_large":["https:\/\/www.ferberpainting.com\/wp-content\/uploads\/2025\/05\/Travertine-Cleaner-5L--768x768.png",768,768,true],"large":["https:\/\/www.ferberpainting.com\/wp-content\/uploads\/2025\/05\/Travertine-Cleaner-5L--1024x1024.png",1024,1024,true],"1536x1536":["https:\/\/www.ferberpainting.com\/wp-content\/uploads\/2025\/05\/Travertine-Cleaner-5L--1536x1536.png",1536,1536,true],"2048x2048":["https:\/\/www.ferberpainting.com\/wp-content\/uploads\/2025\/05\/Travertine-Cleaner-5L--2048x2048.png",2048,2048,true],"trp-custom-language-flag":["https:\/\/www.ferberpainting.com\/wp-content\/uploads\/2025\/05\/Travertine-Cleaner-5L--12x12.png",12,12,true],"woocommerce_thumbnail":["https:\/\/www.ferberpainting.com\/wp-content\/uploads\/2025\/05\/Travertine-Cleaner-5L--300x300.png",300,300,true],"woocommerce_single":["https:\/\/www.ferberpainting.com\/wp-content\/uploads\/2025\/05\/Travertine-Cleaner-5L--600x600.png",600,600,true],"woocommerce_gallery_thumbnail":["https:\/\/www.ferberpainting.com\/wp-content\/uploads\/2025\/05\/Travertine-Cleaner-5L--100x100.png",100,100,true]},"uagb_author_info":{"display_name":"admin","author_link":"https:\/\/www.ferberpainting.com\/hu\/author\/"},"uagb_comment_info":9,"uagb_excerpt":"Optimal Efficiency.\u00a0This travertine cleaner is specially designed to effectively remove stains, embedded dirt, limescale deposits, and other impurities that dull the natural shine of travertine. Its powerful formula penetrates deeply while respecting the porosity of the stone, ensuring gentle cleaning without risk of damage. It restores a fresh, radiant look to your travertine surfaces without&hellip;","_links":{"self":[{"href":"https:\/\/www.ferberpainting.com\/hu\/wp-json\/wp\/v2\/product\/25593","targetHints":{"allow":["GET"]}}],"collection":[{"href":"https:\/\/www.ferberpainting.com\/hu\/wp-json\/wp\/v2\/product"}],"about":[{"href":"https:\/\/www.ferberpainting.com\/hu\/wp-json\/wp\/v2\/types\/product"}],"replies":[{"embeddable":true,"href":"https:\/\/www.ferberpainting.com\/hu\/wp-json\/wp\/v2\/comments?post=25593"}],"version-history":[{"count":3,"href":"https:\/\/www.ferberpainting.com\/hu\/wp-json\/wp\/v2\/product\/25593\/revisions"}],"predecessor-version":[{"id":167457,"href":"https:\/\/www.ferberpainting.com\/hu\/wp-json\/wp\/v2\/product\/25593\/revisions\/167457"}],"wp:featuredmedia":[{"embeddable":true,"href":"https:\/\/www.ferberpainting.com\/hu\/wp-json\/wp\/v2\/media\/35857"}],"wp:attachment":[{"href":"https:\/\/www.ferberpainting.com\/hu\/wp-json\/wp\/v2\/media?parent=25593"}],"wp:term":[{"taxonomy":"product_brand","embeddable":true,"href":"https:\/\/www.ferberpainting.com\/hu\/wp-json\/wp\/v2\/product_brand?post=25593"},{"taxonomy":"product_cat","embeddable":true,"href":"https:\/\/www.ferberpainting.com\/hu\/wp-json\/wp\/v2\/product_cat?post=25593"},{"taxonomy":"product_tag","embeddable":true,"href":"https:\/\/www.ferberpainting.com\/hu\/wp-json\/wp\/v2\/product_tag?post=25593"}],"curies":[{"name":"wp","href":"https:\/\/api.w.org\/{rel}","templated":true}]}}