{"id":25588,"date":"2025-05-26T10:32:31","date_gmt":"2025-05-26T08:32:31","guid":{"rendered":"https:\/\/www.ferberpainting.com\/products\/toilet-unblocker\/"},"modified":"2026-02-16T13:00:44","modified_gmt":"2026-02-16T12:00:44","slug":"toilet-unblocker","status":"publish","type":"product","link":"https:\/\/www.ferberpainting.com\/hu\/products\/toilet-unblocker\/","title":{"rendered":"WC-lefoly\u00f3tiszt\u00edt\u00f3"},"content":{"rendered":"<p><strong><img decoding=\"async\" style=\"margin-right: 12px;\" src=\"https:\/\/www.ferberpainting.com\/wp-content\/uploads\/2026\/02\/Check.svg\" alt=\"\" width=\"18\" height=\"15\" \/>Gyors \u00e9s hat\u00e9kony dugul\u00e1selh\u00e1r\u00edt\u00e1s.<\/strong>\u00a0Ezt a WC-dugul\u00e1selh\u00e1r\u00edt\u00f3t kifejezetten arra tervezt\u00e9k, hogy feloldja a makacs dugul\u00e1sokat, amelyek megakad\u00e1lyozz\u00e1k a v\u00edz norm\u00e1lis lefoly\u00e1s\u00e1t. M\u00e9lyen behatol a szerves anyagokba, a WC-pap\u00edrmaradv\u00e1nyokba, a zs\u00edrba \u00e9s m\u00e1s elemekbe, amelyek elt\u00f6m\u00edthetik a WC-cs\u00f6veket. Er\u0151teljes formul\u00e1j\u00e1nak k\u00f6sz\u00f6nhet\u0151en helyre\u00e1ll\u00edtja a zavartalan v\u00edzfoly\u00e1st an\u00e9lk\u00fcl, hogy agressz\u00edv mechanikai beavatkoz\u00e1sra lenne sz\u00fcks\u00e9g.<\/p>\n<p><strong><img decoding=\"async\" style=\"margin-right: 12px;\" src=\"https:\/\/www.ferberpainting.com\/wp-content\/uploads\/2026\/02\/Check.svg\" alt=\"\" width=\"18\" height=\"15\" \/>P\u00e9nzvisszafizet\u00e9si garancia. <\/strong>Teljesen megb\u00edzunk a WC-dugul\u00e1selh\u00e1r\u00edt\u00f3nk hat\u00e9konys\u00e1g\u00e1ban. Ez\u00e9rt ny\u00fajtunk p\u00e9nzvisszafizet\u00e9si garanci\u00e1t. Ha a term\u00e9k az utas\u00edt\u00e1soknak megfelel\u0151 haszn\u00e1lat ut\u00e1n sem oldja meg a probl\u00e9m\u00e1j\u00e1t, akkor lehet\u0151s\u00e9ge van felt\u00e9tel n\u00e9lk\u00fcl visszat\u00e9r\u00edt\u00e9st k\u00e9rni, \u00edgy biztos\u00edtva a biztons\u00e1gos \u00e9s kock\u00e1zatmentes v\u00e1s\u00e1rl\u00e1st.<\/p>\n<p><strong><img decoding=\"async\" style=\"margin-right: 12px;\" src=\"https:\/\/www.ferberpainting.com\/wp-content\/uploads\/2026\/02\/Check.svg\" alt=\"\" width=\"18\" height=\"15\" \/>Kompatibilis a k\u00fcl\u00f6nb\u00f6z\u0151 t\u00edpus\u00fa cs\u00f6vekkel \u00e9s szaniterekkel.<\/strong>\u00a0Ez a dugul\u00e1selh\u00e1r\u00edt\u00f3 alkalmas norm\u00e1l WC-khez, falra szerelt WC-khez, macer\u00e1toros WC-khez \u00e9s szeptikus tart\u00e1lyokhoz. A cs\u00f6vek k\u00e1ros\u00edt\u00e1sa n\u00e9lk\u00fcl m\u0171k\u00f6dik, \u00e9s PVC, \u00f6nt\u00f6ttvas, r\u00e9z, rozsdamentes ac\u00e9l \u00e9s ker\u00e1mia cs\u00f6veken haszn\u00e1lhat\u00f3, \u00edgy optim\u00e1lis kompatibilit\u00e1st biztos\u00edt minden modern \u00e9s hagyom\u00e1nyos szaniterrendszerrel.<\/p>\n<p><strong><img decoding=\"async\" style=\"margin-right: 12px;\" src=\"https:\/\/www.ferberpainting.com\/wp-content\/uploads\/2026\/02\/Check.svg\" alt=\"\" width=\"18\" height=\"15\" \/>Gazdas\u00e1gos teljes\u00edtm\u00e9ny \u00e9s optimaliz\u00e1lt adagol\u00e1s.<\/strong>\u00a0Koncentr\u00e1lt formul\u00e1j\u00e1nak k\u00f6sz\u00f6nhet\u0151en 1 liter dugul\u00e1selh\u00e1r\u00edt\u00f3 ak\u00e1r 4 dugul\u00e1s kezel\u00e9s\u00e9re is alkalmas, \u00edgy hat\u00e9kony \u00e9s k\u00f6lts\u00e9ghat\u00e9kony megold\u00e1st k\u00edn\u00e1l a WC-k m\u0171k\u00f6d\u0151k\u00e9pess\u00e9g\u00e9nek fenntart\u00e1s\u00e1ra. C\u00e9lzott hat\u00e1sa lehet\u0151v\u00e9 teszi, hogy beavatkoz\u00e1sonk\u00e9nt csak a megfelel\u0151 mennyis\u00e9get haszn\u00e1lja, cs\u00f6kkentve a pazarl\u00e1st \u00e9s optimaliz\u00e1lva a term\u00e9k teljes\u00edtm\u00e9ny\u00e9t.<\/p>\n<p><strong><img decoding=\"async\" style=\"margin-right: 12px;\" src=\"https:\/\/www.ferberpainting.com\/wp-content\/uploads\/2026\/02\/Check.svg\" alt=\"\" width=\"18\" height=\"15\" \/>Biztons\u00e1gos term\u00e9k, amely v\u00e9di a berendez\u00e9seket.<\/strong>\u00a0Az er\u0151sen mar\u00f3 hat\u00e1s\u00fa dugul\u00e1selh\u00e1r\u00edt\u00f3 szerekkel ellent\u00e9tben, amelyek k\u00e1ros\u00edthatj\u00e1k a cs\u00f6veket, ez a term\u00e9k az anyagok meggyeng\u00edt\u00e9se vagy a t\u00f6m\u00edt\u0151k\u00f6t\u00e9sek vesz\u00e9lyeztet\u00e9se n\u00e9lk\u00fcl fejti ki hat\u00e1s\u00e1t. Ellen\u0151rz\u00f6tt haszn\u00e1lata hossz\u00fa t\u00e1v\u00fa k\u00e1rosod\u00e1s n\u00e9lk\u00fcl sz\u00fcnteti meg a dugul\u00e1sokat, biztos\u00edtva ezzel a szaniter berendez\u00e9sek meg\u0151rz\u00e9s\u00e9t.<\/p>\n<p><strong><img decoding=\"async\" style=\"margin-right: 12px;\" src=\"https:\/\/www.ferberpainting.com\/wp-content\/uploads\/2026\/02\/Check.svg\" alt=\"\" width=\"18\" height=\"15\" \/>K\u00f6nny\u0171 haszn\u00e1lat \u00e9s f\u00e1rads\u00e1gmentes hat\u00e9konys\u00e1g.<\/strong>\u00a0Ez a blokkol\u00e1sold\u00f3 azonnal haszn\u00e1lhat\u00f3, \u00e9s nem ig\u00e9nyel bonyolult kezel\u00e9st. Egyszer\u0171en \u00f6ntse k\u00f6zvetlen\u00fcl a WC-cs\u00e9sz\u00e9be, \u00e9s hagyja hatni n\u00e9h\u00e1ny percig, miel\u0151tt ki\u00f6bl\u00edten\u00e9. Ultragyors hat\u00e1sa hat\u00e9konyan, 15-30 perc alatt elt\u00e1vol\u00edtja a dugul\u00e1sokat, elker\u00fclve az ig\u00e9nyesebb mechanikus m\u00f3dszerek, p\u00e9ld\u00e1ul a dugatty\u00fak vagy lefoly\u00f3k\u00edgy\u00f3k haszn\u00e1lat\u00e1t.<\/p>\n<p><strong><img decoding=\"async\" style=\"margin-right: 12px;\" src=\"https:\/\/www.ferberpainting.com\/wp-content\/uploads\/2026\/02\/Check.svg\" alt=\"\" width=\"18\" height=\"15\" \/>Tart\u00f3ss\u00e1g \u00e9s a j\u00f6v\u0151beli dugul\u00e1sok megel\u0151z\u00e9se.<\/strong>\u00a0A jelenlegi dugul\u00e1sok elt\u00e1vol\u00edt\u00e1sa mellett ez a dugul\u00e1selh\u00e1r\u00edt\u00f3 megakad\u00e1lyozza az \u00faj dugul\u00e1sok kialakul\u00e1s\u00e1t az\u00e1ltal, hogy fokozatosan feloldja a cs\u00f6vekben felhalmoz\u00f3dott maradv\u00e1nyokat \u00e9s lerak\u00f3d\u00e1sokat. Rendszeres haszn\u00e1lata seg\u00edt korl\u00e1tozni a dugul\u00e1svesz\u00e9lyt, \u00e9s hossz\u00fa t\u00e1von biztos\u00edtja a WC optim\u00e1lis m\u0171k\u00f6d\u00e9s\u00e9t.<\/p>\n<p><strong><img decoding=\"async\" style=\"margin-right: 12px;\" src=\"https:\/\/www.ferberpainting.com\/wp-content\/uploads\/2026\/02\/Check.svg\" alt=\"\" width=\"18\" height=\"15\" \/>Azonnali cselekv\u00e9s a gyors k\u00e9nyelem\u00e9rt.<\/strong>\u00a0Amint felhordj\u00e1k, ez a dugul\u00e1selh\u00e1r\u00edt\u00f3 elkezdi feloldani az elz\u00e1r\u00f3 anyagokat \u00e9s helyre\u00e1ll\u00edtani a v\u00edz \u00e1raml\u00e1s\u00e1t. Egy egyszer\u0171 \u00f6bl\u00edt\u00e9s ut\u00e1n a WC-k \u00fajra norm\u00e1lisan m\u0171k\u00f6dnek, lehet\u0151v\u00e9 t\u00e9ve a zavartalan \u00e9s probl\u00e9mamentes haszn\u00e1latot.<\/p>\n<h2><strong>Haszn\u00e1lati protokoll<\/strong><\/h2>\n<ul>\n<li><strong>WC el\u0151k\u00e9sz\u00edt\u00e9s <\/strong>: A term\u00e9k alkalmaz\u00e1sa el\u0151tt gy\u0151z\u0151dj\u00f6n meg arr\u00f3l, hogy nincs t\u00fal sok v\u00edz a WC-cs\u00e9sz\u00e9ben, hogy a dugul\u00e1selh\u00e1r\u00edt\u00f3 jobban sz\u00e9t tudjon sz\u00f3r\u00f3dni. Ha sz\u00fcks\u00e9ges, t\u00e1vol\u00edtsa el a felesleges vizet egy ed\u00e9nnyel, hogy elker\u00fclje a t\u00falfoly\u00e1st.<\/li>\n<li><strong>Aj\u00e1nlott adagol\u00e1s <\/strong>: \u00d6nts\u00f6n 250 ml term\u00e9ket k\u00f6zvetlen\u00fcl a WC-cs\u00e9sz\u00e9be a dugul\u00e1s kezel\u00e9s\u00e9re. 1 literrel ak\u00e1r 4 dugul\u00e1s is kezelhet\u0151. Nagyobb dugul\u00e1s eset\u00e9n az els\u0151 pr\u00f3b\u00e1lkoz\u00e1s ut\u00e1n sz\u00fcks\u00e9g lehet egy m\u00e1sodik alkalmaz\u00e1sra.<\/li>\n<li><strong>Az Unblocker alkalmaz\u00e1sa <\/strong>: Lassan \u00f6ntse a term\u00e9ket a t\u00e1lba, \u00e9s hagyja hatni 15-30 percig, a dugul\u00e1s s\u00falyoss\u00e1g\u00e1t\u00f3l f\u00fcgg\u0151en. S\u00falyos dugul\u00e1sok eset\u00e9n a hat\u00e9konys\u00e1g maximaliz\u00e1l\u00e1sa \u00e9rdek\u00e9ben ak\u00e1r 1 \u00f3r\u00e1n \u00e1t is hagyja hatni.<\/li>\n<li><strong>\u00d6bl\u00edt\u00e9s \u00e9s \u00e1raml\u00e1sszab\u00e1lyoz\u00e1s <\/strong>: A v\u00e1rakoz\u00e1si id\u0151 letelte ut\u00e1n h\u00fazza le a WC-t, \u00e9s alaposan \u00f6bl\u00edtse ki a cs\u00e9sz\u00e9t. Ellen\u0151rizze, hogy az \u00e1raml\u00e1s vissza\u00e1llt-e a norm\u00e1lis szintre. Ha a probl\u00e9ma tov\u00e1bbra is fenn\u00e1ll, ism\u00e9telje meg a m\u0171veletet egy tov\u00e1bbi adaggal.<\/li>\n<li><strong>Megel\u0151z\u0151 karbantart\u00e1s <\/strong>: A j\u00f6v\u0151beli dugul\u00e1sok megel\u0151z\u00e9se \u00e9rdek\u00e9ben aj\u00e1nlott havonta egyszer kis mennyis\u00e9g\u0171 term\u00e9ket haszn\u00e1lni a felhalmoz\u00f3dott lerak\u00f3d\u00e1sok felold\u00e1s\u00e1ra \u00e9s az optim\u00e1lis szennyv\u00edz\u00e1raml\u00e1s biztos\u00edt\u00e1s\u00e1ra.<\/li>\n<li><strong>Haszn\u00e1lati \u00f3vint\u00e9zked\u00e9sek <\/strong>: Ne keverje m\u00e1s vegyszerekkel, k\u00fcl\u00f6n\u00f6sen a mar\u00f3n\u00e1tron- vagy k\u00e9nsavtartalm\u00fa blokkol\u00e1sg\u00e1tl\u00f3kkal. Ker\u00fclj\u00f6n minden b\u0151rrel \u00e9s szemmel val\u00f3 \u00e9rintkez\u00e9st. V\u00e9letlen \u00e9rintkez\u00e9s eset\u00e9n azonnal \u00f6bl\u00edtse le tiszta v\u00edzzel \u00e9s sz\u00fcks\u00e9g eset\u00e9n forduljon orvoshoz.<\/li>\n<li><strong>T\u00e1rol\u00e1s \u00e9s meg\u0151rz\u00e9s <\/strong>: A term\u00e9ket sz\u00e1raz \u00e9s m\u00e9rs\u00e9kelt h\u0151m\u00e9rs\u00e9klet\u0171 helyen, f\u00e9nyt\u0151l v\u00e9dve \u00e9s gyermekek el\u0151l elz\u00e1rva kell t\u00e1rolni. Haszn\u00e1lat ut\u00e1n mindig szorosan z\u00e1rja le az \u00fcveget, hogy megakad\u00e1lyozza a p\u00e1rolg\u00e1st vagy a term\u00e9k leboml\u00e1s\u00e1t.<\/li>\n<\/ul>\n<p>Ezzel a WC-dugul\u00e1selh\u00e1r\u00edt\u00f3val hat\u00e9konyan \u00e9s gyorsan megsz\u00fcntetheti a dugul\u00e1sokat, mik\u00f6zben meg\u00f3vja cs\u00f6veit \u00e9s biztos\u00edtja a szaniterek optim\u00e1lis karbantart\u00e1s\u00e1t.<\/p>","protected":false},"excerpt":{"rendered":"<p>Fast and effective blockage removal.\u00a0This toilet unblocker is specially designed to dissolve stubborn clogs that prevent normal water drainage. It penetrates deep into organic matter, toilet paper residues, grease, and other elements that can obstruct the WC pipes. Thanks to its powerful formula, it restores a smooth flow without requiring aggressive mechanical intervention. Money-back guarantee. [&hellip;]<\/p>\n","protected":false},"featured_media":27428,"comment_status":"open","ping_status":"closed","template":"","meta":{"_uag_custom_page_level_css":"","site-sidebar-layout":"default","site-content-layout":"","ast-site-content-layout":"default","site-content-style":"default","site-sidebar-style":"default","ast-global-header-display":"","ast-banner-title-visibility":"","ast-main-header-display":"","ast-hfb-above-header-display":"","ast-hfb-below-header-display":"","ast-hfb-mobile-header-display":"","site-post-title":"","ast-breadcrumbs-content":"","ast-featured-img":"","footer-sml-layout":"","ast-disable-related-posts":"","theme-transparent-header-meta":"default","adv-header-id-meta":"","stick-header-meta":"","header-above-stick-meta":"","header-main-stick-meta":"","header-below-stick-meta":"","astra-migrate-meta-layouts":"set","ast-page-background-enabled":"default","ast-page-background-meta":{"desktop":{"background-color":"var(--ast-global-color-4)","background-image":"","background-repeat":"repeat","background-position":"center center","background-size":"auto","background-attachment":"scroll","background-type":"","background-media":"","overlay-type":"","overlay-color":"","overlay-opacity":"","overlay-gradient":""},"tablet":{"background-color":"","background-image":"","background-repeat":"repeat","background-position":"center center","background-size":"auto","background-attachment":"scroll","background-type":"","background-media":"","overlay-type":"","overlay-color":"","overlay-opacity":"","overlay-gradient":""},"mobile":{"background-color":"","background-image":"","background-repeat":"repeat","background-position":"center center","background-size":"auto","background-attachment":"scroll","background-type":"","background-media":"","overlay-type":"","overlay-color":"","overlay-opacity":"","overlay-gradient":""}},"ast-content-background-meta":{"desktop":{"background-color":"var(--ast-global-color-5)","background-image":"","background-repeat":"repeat","background-position":"center center","background-size":"auto","background-attachment":"scroll","background-type":"","background-media":"","overlay-type":"","overlay-color":"","overlay-opacity":"","overlay-gradient":""},"tablet":{"background-color":"var(--ast-global-color-5)","background-image":"","background-repeat":"repeat","background-position":"center center","background-size":"auto","background-attachment":"scroll","background-type":"","background-media":"","overlay-type":"","overlay-color":"","overlay-opacity":"","overlay-gradient":""},"mobile":{"background-color":"var(--ast-global-color-5)","background-image":"","background-repeat":"repeat","background-position":"center center","background-size":"auto","background-attachment":"scroll","background-type":"","background-media":"","overlay-type":"","overlay-color":"","overlay-opacity":"","overlay-gradient":""}}},"product_brand":[],"product_cat":[175],"product_tag":[],"class_list":{"0":"post-25588","1":"product","2":"type-product","3":"status-publish","4":"has-post-thumbnail","6":"product_cat-cleaning-products","7":"desktop-align-left","8":"tablet-align-left","9":"mobile-align-left","11":"first","12":"instock","13":"sale","14":"taxable","15":"shipping-taxable","16":"purchasable","17":"product-type-variable","18":"has-default-attributes"},"spectra_custom_meta":{"_visibility":["visible"],"_shopify_product_id":["9062206963957"],"_s2w_shopify_domain":["ferberpainting.myshopify.com"],"_shopify_variant_id":["46488026775797"],"_sku":[""],"_manage_stock":["no"],"total_sales":["147"],"_tax_status":["taxable"],"_tax_class":[""],"_backorders":["no"],"_sold_individually":["no"],"_virtual":["no"],"_downloadable":["no"],"_download_limit":["-1"],"_download_expiry":["-1"],"_stock":[null],"_stock_status":["instock"],"_wc_average_rating":["4.83"],"_wc_review_count":["6"],"_product_attributes":["a:1:{s:6:\"volume\";a:6:{s:4:\"name\";s:6:\"Volume\";s:5:\"value\";s:20:\"5 liters | 25 liters\";s:8:\"position\";i:1;s:10:\"is_visible\";i:0;s:12:\"is_variation\";i:1;s:11:\"is_taxonomy\";i:0;}}"],"_product_version":["10.5.1"],"_thumbnail_id":["27428"],"_product_image_gallery":["27429"],"wpse_downloadable_file_names":[""],"wpse_downloadable_file_urls":[""],"_edit_last":["1"],"_default_attributes":["a:1:{s:6:\"volume\";s:8:\"5 liters\";}"],"_edit_lock":["1771244180:1"],"merchant-center-availability":["yes"],"merchant-center-category":["1749"],"_price":["29.90","129.90"],"_wp_page_template":["default"],"site-sidebar-layout":["default"],"ast-site-content-layout":["default"],"site-content-style":["default"],"site-sidebar-style":["default"],"theme-transparent-header-meta":["default"],"_wc_rating_count":["a:2:{i:4;i:1;i:5;i:5;}"],"astra-migrate-meta-layouts":["set"],"_uag_css_file_name":["uag-css-25588.css"],"_elementor_page_assets":["a:0:{}"],"_uag_page_assets":["a:9:{s:3:\"css\";s:7133:\".uag-blocks-common-selector{z-index:var(--z-index-desktop) !important}@media(max-width: 976px){.uag-blocks-common-selector{z-index:var(--z-index-tablet) !important}}@media(max-width: 767px){.uag-blocks-common-selector{z-index:var(--z-index-mobile) !important}}.wp-block-uagb-image{display:flex}.wp-block-uagb-image__figure{position:relative;display:flex;flex-direction:column;max-width:100%;height:auto;margin:0}.wp-block-uagb-image__figure img{height:auto;display:flex;max-width:100%;transition:box-shadow .2s ease}.wp-block-uagb-image__figure>a{display:inline-block}.wp-block-uagb-image__figure figcaption{text-align:center;margin-top:.5em;margin-bottom:1em}.wp-block-uagb-image .components-placeholder.block-editor-media-placeholder .components-placeholder__instructions{align-self:center}.wp-block-uagb-image--align-left{text-align:left}.wp-block-uagb-image--align-right{text-align:right}.wp-block-uagb-image--align-center{text-align:center}.wp-block-uagb-image--align-full .wp-block-uagb-image__figure{margin-left:calc(50% - 50vw);margin-right:calc(50% - 50vw);max-width:100vw;width:100vw;height:auto}.wp-block-uagb-image--align-full .wp-block-uagb-image__figure img{height:auto;width:100% !important}.wp-block-uagb-image--align-wide .wp-block-uagb-image__figure img{height:auto;width:100%}.wp-block-uagb-image--layout-overlay__color-wrapper{position:absolute;left:0;top:0;right:0;bottom:0;opacity:.2;background:rgba(0,0,0,.5);transition:opacity .35s ease-in-out}.wp-block-uagb-image--layout-overlay-link{position:absolute;left:0;right:0;bottom:0;top:0}.wp-block-uagb-image--layout-overlay .wp-block-uagb-image__figure:hover .wp-block-uagb-image--layout-overlay__color-wrapper{opacity:1}.wp-block-uagb-image--layout-overlay__inner{position:absolute;left:15px;right:15px;bottom:15px;top:15px;display:flex;align-items:center;justify-content:center;flex-direction:column;border-color:#fff;transition:.35s ease-in-out}.wp-block-uagb-image--layout-overlay__inner.top-left,.wp-block-uagb-image--layout-overlay__inner.top-center,.wp-block-uagb-image--layout-overlay__inner.top-right{justify-content:flex-start}.wp-block-uagb-image--layout-overlay__inner.bottom-left,.wp-block-uagb-image--layout-overlay__inner.bottom-center,.wp-block-uagb-image--layout-overlay__inner.bottom-right{justify-content:flex-end}.wp-block-uagb-image--layout-overlay__inner.top-left,.wp-block-uagb-image--layout-overlay__inner.center-left,.wp-block-uagb-image--layout-overlay__inner.bottom-left{align-items:flex-start}.wp-block-uagb-image--layout-overlay__inner.top-right,.wp-block-uagb-image--layout-overlay__inner.center-right,.wp-block-uagb-image--layout-overlay__inner.bottom-right{align-items:flex-end}.wp-block-uagb-image--layout-overlay__inner .uagb-image-heading{color:#fff;transition:transform .35s,opacity .35s ease-in-out;transform:translate3d(0, 24px, 0);margin:0;line-height:1em}.wp-block-uagb-image--layout-overlay__inner .uagb-image-separator{width:30%;border-top-width:2px;border-top-color:#fff;border-top-style:solid;margin-bottom:10px;opacity:0;transition:transform .4s,opacity .4s ease-in-out;transform:translate3d(0, 30px, 0)}.wp-block-uagb-image--layout-overlay__inner .uagb-image-caption{opacity:0;overflow:visible;color:#fff;transition:transform .45s,opacity .45s ease-in-out;transform:translate3d(0, 35px, 0)}.wp-block-uagb-image--layout-overlay__inner:hover .uagb-image-heading,.wp-block-uagb-image--layout-overlay__inner:hover .uagb-image-separator,.wp-block-uagb-image--layout-overlay__inner:hover .uagb-image-caption{opacity:1;transform:translate3d(0, 0, 0)}.wp-block-uagb-image--effect-zoomin .wp-block-uagb-image__figure img,.wp-block-uagb-image--effect-zoomin .wp-block-uagb-image__figure .wp-block-uagb-image--layout-overlay__color-wrapper{transform:scale(1);transition:transform .35s ease-in-out}.wp-block-uagb-image--effect-zoomin .wp-block-uagb-image__figure:hover img,.wp-block-uagb-image--effect-zoomin .wp-block-uagb-image__figure:hover .wp-block-uagb-image--layout-overlay__color-wrapper{transform:scale(1.05)}.wp-block-uagb-image--effect-slide .wp-block-uagb-image__figure img,.wp-block-uagb-image--effect-slide .wp-block-uagb-image__figure .wp-block-uagb-image--layout-overlay__color-wrapper{width:calc(100% + 40px) !important;max-width:none !important;transform:translate3d(-40px, 0, 0);transition:transform .35s ease-in-out}.wp-block-uagb-image--effect-slide .wp-block-uagb-image__figure:hover img,.wp-block-uagb-image--effect-slide .wp-block-uagb-image__figure:hover .wp-block-uagb-image--layout-overlay__color-wrapper{transform:translate3d(0, 0, 0)}.wp-block-uagb-image--effect-grayscale img{filter:grayscale(0%);transition:.35s ease-in-out}.wp-block-uagb-image--effect-grayscale:hover img{filter:grayscale(100%)}.wp-block-uagb-image--effect-blur img{filter:blur(0);transition:.35s ease-in-out}.wp-block-uagb-image--effect-blur:hover img{filter:blur(3px)}.uagb-block-e6f939b3.wp-block-uagb-image--layout-default figure img{box-shadow: 0px 0px 0 #00000070;}.uagb-block-e6f939b3.wp-block-uagb-image .wp-block-uagb-image__figure figcaption{font-style: normal;align-self: center;}.uagb-block-e6f939b3.wp-block-uagb-image--layout-overlay figure img{box-shadow: 0px 0px 0 #00000070;}.uagb-block-e6f939b3.wp-block-uagb-image--layout-overlay .wp-block-uagb-image--layout-overlay__color-wrapper{opacity: 0.2;}.uagb-block-e6f939b3.wp-block-uagb-image--layout-overlay .wp-block-uagb-image--layout-overlay__inner{left: 15px;right: 15px;top: 15px;bottom: 15px;}.uagb-block-e6f939b3.wp-block-uagb-image--layout-overlay .wp-block-uagb-image--layout-overlay__inner .uagb-image-heading{font-style: normal;color: #fff;opacity: 1;}.uagb-block-e6f939b3.wp-block-uagb-image--layout-overlay .wp-block-uagb-image--layout-overlay__inner .uagb-image-heading a{color: #fff;}.uagb-block-e6f939b3.wp-block-uagb-image--layout-overlay .wp-block-uagb-image--layout-overlay__inner .uagb-image-caption{opacity: 0;}.uagb-block-e6f939b3.wp-block-uagb-image--layout-overlay .wp-block-uagb-image__figure:hover .wp-block-uagb-image--layout-overlay__color-wrapper{opacity: 1;}.uagb-block-e6f939b3.wp-block-uagb-image .wp-block-uagb-image--layout-overlay__inner .uagb-image-separator{width: 30%;border-top-width: 2px;border-top-color: #fff;opacity: 0;}.uagb-block-e6f939b3.wp-block-uagb-image .wp-block-uagb-image__figure img{width: px;height: auto;}.uagb-block-e6f939b3.wp-block-uagb-image .wp-block-uagb-image__figure:hover .wp-block-uagb-image--layout-overlay__inner .uagb-image-caption{opacity: 1;}.uagb-block-e6f939b3.wp-block-uagb-image .wp-block-uagb-image__figure:hover .wp-block-uagb-image--layout-overlay__inner .uagb-image-separator{opacity: 1;}.uagb-block-e6f939b3.wp-block-uagb-image--layout-default figure:hover img{box-shadow: 0px 0px 0 #00000070;}.uagb-block-e6f939b3.wp-block-uagb-image--layout-overlay figure:hover img{box-shadow: 0px 0px 0 #00000070;}@media only screen and (max-width: 976px) {.uagb-block-e6f939b3.wp-block-uagb-image .wp-block-uagb-image__figure img{width: px;height: auto;}}@media only screen and (max-width: 767px) {.uagb-block-e6f939b3.wp-block-uagb-image .wp-block-uagb-image__figure img{width: px;height: auto;}}\";s:2:\"js\";s:0:\"\";s:18:\"current_block_list\";a:13:{i:0;s:11:\"core\/search\";i:1;s:10:\"core\/group\";i:2;s:12:\"core\/heading\";i:3;s:17:\"core\/latest-posts\";i:4;s:20:\"core\/latest-comments\";i:5;s:13:\"core\/archives\";i:6;s:15:\"core\/categories\";i:7;s:14:\"core\/paragraph\";i:8;s:10:\"uagb\/image\";i:9;s:11:\"core\/spacer\";i:10;s:30:\"woocommerce\/product-categories\";i:11;s:10:\"core\/image\";i:12;s:14:\"core\/shortcode\";}s:8:\"uag_flag\";b:1;s:11:\"uag_version\";s:10:\"1777357692\";s:6:\"gfonts\";a:0:{}s:10:\"gfonts_url\";s:0:\"\";s:12:\"gfonts_files\";a:0:{}s:14:\"uag_faq_layout\";b:0;}"]},"uagb_featured_image_src":{"full":["https:\/\/www.ferberpainting.com\/wp-content\/uploads\/2025\/05\/ToiletUnblocker5L.png",2560,2560,false],"thumbnail":["https:\/\/www.ferberpainting.com\/wp-content\/uploads\/2025\/05\/ToiletUnblocker5L-150x150.png",150,150,true],"medium":["https:\/\/www.ferberpainting.com\/wp-content\/uploads\/2025\/05\/ToiletUnblocker5L-300x300.png",300,300,true],"medium_large":["https:\/\/www.ferberpainting.com\/wp-content\/uploads\/2025\/05\/ToiletUnblocker5L-768x768.png",768,768,true],"large":["https:\/\/www.ferberpainting.com\/wp-content\/uploads\/2025\/05\/ToiletUnblocker5L-1024x1024.png",1024,1024,true],"1536x1536":["https:\/\/www.ferberpainting.com\/wp-content\/uploads\/2025\/05\/ToiletUnblocker5L-1536x1536.png",1536,1536,true],"2048x2048":["https:\/\/www.ferberpainting.com\/wp-content\/uploads\/2025\/05\/ToiletUnblocker5L-2048x2048.png",2048,2048,true],"trp-custom-language-flag":["https:\/\/www.ferberpainting.com\/wp-content\/uploads\/2025\/05\/ToiletUnblocker5L-12x12.png",12,12,true],"woocommerce_thumbnail":["https:\/\/www.ferberpainting.com\/wp-content\/uploads\/2025\/05\/ToiletUnblocker5L-300x300.png",300,300,true],"woocommerce_single":["https:\/\/www.ferberpainting.com\/wp-content\/uploads\/2025\/05\/ToiletUnblocker5L-600x600.png",600,600,true],"woocommerce_gallery_thumbnail":["https:\/\/www.ferberpainting.com\/wp-content\/uploads\/2025\/05\/ToiletUnblocker5L-100x100.png",100,100,true]},"uagb_author_info":{"display_name":"admin","author_link":"https:\/\/www.ferberpainting.com\/hu\/author\/"},"uagb_comment_info":6,"uagb_excerpt":"Fast and effective blockage removal.\u00a0This toilet unblocker is specially designed to dissolve stubborn clogs that prevent normal water drainage. It penetrates deep into organic matter, toilet paper residues, grease, and other elements that can obstruct the WC pipes. Thanks to its powerful formula, it restores a smooth flow without requiring aggressive mechanical intervention. Money-back guarantee.&hellip;","_links":{"self":[{"href":"https:\/\/www.ferberpainting.com\/hu\/wp-json\/wp\/v2\/product\/25588","targetHints":{"allow":["GET"]}}],"collection":[{"href":"https:\/\/www.ferberpainting.com\/hu\/wp-json\/wp\/v2\/product"}],"about":[{"href":"https:\/\/www.ferberpainting.com\/hu\/wp-json\/wp\/v2\/types\/product"}],"replies":[{"embeddable":true,"href":"https:\/\/www.ferberpainting.com\/hu\/wp-json\/wp\/v2\/comments?post=25588"}],"version-history":[{"count":3,"href":"https:\/\/www.ferberpainting.com\/hu\/wp-json\/wp\/v2\/product\/25588\/revisions"}],"predecessor-version":[{"id":167440,"href":"https:\/\/www.ferberpainting.com\/hu\/wp-json\/wp\/v2\/product\/25588\/revisions\/167440"}],"wp:featuredmedia":[{"embeddable":true,"href":"https:\/\/www.ferberpainting.com\/hu\/wp-json\/wp\/v2\/media\/27428"}],"wp:attachment":[{"href":"https:\/\/www.ferberpainting.com\/hu\/wp-json\/wp\/v2\/media?parent=25588"}],"wp:term":[{"taxonomy":"product_brand","embeddable":true,"href":"https:\/\/www.ferberpainting.com\/hu\/wp-json\/wp\/v2\/product_brand?post=25588"},{"taxonomy":"product_cat","embeddable":true,"href":"https:\/\/www.ferberpainting.com\/hu\/wp-json\/wp\/v2\/product_cat?post=25588"},{"taxonomy":"product_tag","embeddable":true,"href":"https:\/\/www.ferberpainting.com\/hu\/wp-json\/wp\/v2\/product_tag?post=25588"}],"curies":[{"name":"wp","href":"https:\/\/api.w.org\/{rel}","templated":true}]}}