{"id":25585,"date":"2025-06-30T19:22:22","date_gmt":"2025-06-30T17:22:22","guid":{"rendered":"https:\/\/www.ferberpainting.com\/?post_type=product&#038;p=25576"},"modified":"2026-02-16T12:58:43","modified_gmt":"2026-02-16T11:58:43","slug":"toilet-cleaner","status":"publish","type":"product","link":"https:\/\/www.ferberpainting.com\/hu\/products\/toilet-cleaner\/","title":{"rendered":"WC tiszt\u00edt\u00f3"},"content":{"rendered":"<p><strong><img decoding=\"async\" style=\"margin-right: 12px;\" src=\"https:\/\/www.ferberpainting.com\/wp-content\/uploads\/2026\/02\/Check.svg\" alt=\"\" width=\"18\" height=\"15\" \/>Optim\u00e1lis hat\u00e9konys\u00e1g.<\/strong>\u00a0Ez a WC-tiszt\u00edt\u00f3szer kifejezetten a v\u00edzk\u0151, az \u00e1sv\u00e1nyi lerak\u00f3d\u00e1sok, a rozsdafoltok \u00e9s a cs\u00e9sz\u00e9ben \u00e9s a cs\u00f6vekben felhalmoz\u00f3d\u00f3 szerves maradv\u00e1nyok hat\u00e9kony elt\u00e1vol\u00edt\u00e1s\u00e1ra szolg\u00e1l. Er\u0151teljes formul\u00e1j\u00e1nak k\u00f6sz\u00f6nhet\u0151en m\u00e9lyen behatol, hogy feloldja a szennyez\u0151d\u00e9seket \u00e9s semleges\u00edtse a rossz szagokat, biztos\u00edtva a makul\u00e1tlan tisztas\u00e1got \u00e9s a hosszan tart\u00f3 frissess\u00e9get. Minden haszn\u00e1lat ut\u00e1n csillog\u00f3v\u00e1 \u00e9s fert\u0151tlen\u00edtett\u00e9 teszi a WC-ket.<\/p>\n<p><strong><img decoding=\"async\" style=\"margin-right: 12px;\" src=\"https:\/\/www.ferberpainting.com\/wp-content\/uploads\/2026\/02\/Check.svg\" alt=\"\" width=\"18\" height=\"15\" \/>P\u00e9nzvisszafizet\u00e9si garancia.<\/strong>\u00a0Teljes m\u00e9rt\u00e9kben b\u00edzunk a WC-tiszt\u00edt\u00f3szer\u00fcnk hat\u00e9konys\u00e1g\u00e1ban. Ha a haszn\u00e1lat ut\u00e1n nem teljesen el\u00e9gedett az eredm\u00e9nnyel, teljes visszat\u00e9r\u00edt\u00e9sre jogosult. Pr\u00f3b\u00e1lja ki term\u00e9k\u00fcnket kock\u00e1zatmentesen, \u00e9s \u00e9lvezze a mindig tiszta WC-ket, k\u00f6nnyed\u00e9n \u00e9s tart\u00f3s maradv\u00e1nyok n\u00e9lk\u00fcl.<\/p>\n<p><strong><img decoding=\"async\" style=\"margin-right: 12px;\" src=\"https:\/\/www.ferberpainting.com\/wp-content\/uploads\/2026\/02\/Check.svg\" alt=\"\" width=\"18\" height=\"15\" \/>Kiv\u00e9teles sokoldal\u00fas\u00e1g.<\/strong> Ez a tiszt\u00edt\u00f3szer nem korl\u00e1toz\u00f3dik a WC-cs\u00e9sz\u00e9kre, hanem hat\u00e9kony a mosd\u00f3kagyl\u00f3k, f\u00fcrd\u0151k\u00e1dak, zuhanyz\u00f3k, mosd\u00f3kagyl\u00f3k \u00e9s csemp\u00e9k tiszt\u00edt\u00e1s\u00e1ra is. Az anyagok sz\u00e9les sk\u00e1l\u00e1j\u00e1n m\u0171k\u00f6dik, p\u00e9ld\u00e1ul ker\u00e1mia, porcel\u00e1n, \u00fcveg, m\u0171anyag \u00e9s m\u00e9g egyes rozsdamentes ac\u00e9lfel\u00fcleteken is. Ide\u00e1lis h\u00e1ztart\u00e1si, professzion\u00e1lis vagy kommun\u00e1lis haszn\u00e1latra, higi\u00e9nikus \u00e9s eg\u00e9szs\u00e9ges k\u00f6rnyezetet garant\u00e1l.<\/p>\n<p><strong><img decoding=\"async\" style=\"margin-right: 12px;\" src=\"https:\/\/www.ferberpainting.com\/wp-content\/uploads\/2026\/02\/Check.svg\" alt=\"\" width=\"18\" height=\"15\" \/>K\u00f6lts\u00e9ghat\u00e9kony teljes\u00edtm\u00e9ny.<\/strong>\u00a0Az 5 literes tart\u00e1ly\u00e1nak \u00e9s a magas koncentr\u00e1ci\u00f3nak k\u00f6sz\u00f6nhet\u0151en ez a tiszt\u00edt\u00f3szer kiv\u00e1l\u00f3 \u00e9rt\u00e9ket k\u00edn\u00e1l. Kis mennyis\u00e9g is elegend\u0151 egy nagy fel\u00fclet vagy t\u00f6bb WC alapos tiszt\u00edt\u00e1s\u00e1hoz. \u00c1tlagosan egy liter term\u00e9kkel ak\u00e1r 50 m\u00b2 szaniterfel\u00fcletet is meg lehet tiszt\u00edtani, \u00edgy gazdas\u00e1gos \u00e9s hat\u00e9kony megold\u00e1st k\u00edn\u00e1l rendszeres haszn\u00e1latra.<\/p>\n<p><strong><img decoding=\"async\" style=\"margin-right: 12px;\" src=\"https:\/\/www.ferberpainting.com\/wp-content\/uploads\/2026\/02\/Check.svg\" alt=\"\" width=\"18\" height=\"15\" \/>Biztons\u00e1gosan haszn\u00e1lhat\u00f3.<\/strong>\u00a0A savakat vagy mar\u00f3 hat\u00e1s\u00fa anyagokat tartalmaz\u00f3 WC-tiszt\u00edt\u00f3kt\u00f3l elt\u00e9r\u0151en ez a term\u00e9k a fel\u00fcletek \u00e9s az eg\u00e9szs\u00e9gre k\u00e1ros anyagok n\u00e9lk\u00fcl k\u00e9sz\u00fclt. Nem okoz b\u0151rirrit\u00e1ci\u00f3t \u00e9s nem bocs\u00e1t ki m\u00e9rgez\u0151 g\u0151z\u00f6ket, \u00edgy z\u00e1rt helyis\u00e9gekben is biztons\u00e1gosan haszn\u00e1lhat\u00f3. Tiszteletben tartja a v\u00edzvezet\u00e9k-szerelv\u00e9nyeket, \u00e9s nem k\u00e1ros\u00edtja a t\u00f6m\u00edt\u00e9seket vagy a cs\u00f6veket, \u00edgy hat\u00e9kony \u00e9s biztons\u00e1gos tiszt\u00edt\u00e1st biztos\u00edt.<\/p>\n<p><strong><img decoding=\"async\" style=\"margin-right: 12px;\" src=\"https:\/\/www.ferberpainting.com\/wp-content\/uploads\/2026\/02\/Check.svg\" alt=\"\" width=\"18\" height=\"15\" \/>K\u00f6nny\u0171 haszn\u00e1lat.<\/strong>\u00a0Ez a term\u00e9k azonnal felhaszn\u00e1lhat\u00f3, nem ig\u00e9nyel h\u00edg\u00edt\u00e1st vagy \u00f6sszetett el\u0151k\u00e9sz\u00edt\u00e9st. K\u00f6zvetlen\u00fcl a WC-cs\u00e9sz\u00e9be, a falakra \u00e9s a perem al\u00e1 kell felvinni a m\u00e9lytiszt\u00edt\u00e1shoz. Gyors hat\u00e1s\u00e1nak k\u00f6sz\u00f6nhet\u0151en n\u00e9h\u00e1ny perc alatt elt\u00e1vol\u00edtja a v\u00edzk\u0151 \u00e9s a szennyez\u0151d\u00e9seket, intenz\u00edv s\u00farol\u00e1s n\u00e9lk\u00fcl. Intuit\u00edv haszn\u00e1lata megk\u00f6nny\u00edti a napi WC-karbantart\u00e1st, mik\u00f6zben minim\u00e1lis id\u0151 alatt optim\u00e1lis tisztas\u00e1got biztos\u00edt.<\/p>\n<p><strong><img decoding=\"async\" style=\"margin-right: 12px;\" src=\"https:\/\/www.ferberpainting.com\/wp-content\/uploads\/2026\/02\/Check.svg\" alt=\"\" width=\"18\" height=\"15\" \/>Kiterjesztett tart\u00f3ss\u00e1g.<\/strong>\u00a0A v\u00edzk\u0151 \u00e9s a lerak\u00f3d\u00e1sok rendszeres elt\u00e1vol\u00edt\u00e1s\u00e1val ez a tiszt\u00edt\u00f3szer seg\u00edt meghosszabb\u00edtani a szaniterek \u00e9lettartam\u00e1t, \u00e9s megakad\u00e1lyozza a WC-cs\u00e9sz\u00e9k \u00e9s cs\u00f6vek id\u0151 el\u0151tti elhaszn\u00e1l\u00f3d\u00e1s\u00e1t. Megakad\u00e1lyozza a maradv\u00e1nyok felhalmoz\u00f3d\u00e1s\u00e1t, amelyek dugul\u00e1st vagy meghib\u00e1sod\u00e1st okozhatnak, biztos\u00edtva a z\u00f6kken\u0151mentes \u00f6bl\u00edt\u00e9st \u00e9s a k\u00f6nnyebb karbantart\u00e1st. Rendszeres haszn\u00e1lata hossz\u00fa t\u00e1von meg\u0151rzi a WC-k f\u00e9ny\u00e9t \u00e9s hat\u00e9konys\u00e1g\u00e1t is.<\/p>\n<p><strong><img decoding=\"async\" style=\"margin-right: 12px;\" src=\"https:\/\/www.ferberpainting.com\/wp-content\/uploads\/2026\/02\/Check.svg\" alt=\"\" width=\"18\" height=\"15\" \/>Gyors akci\u00f3.<\/strong>\u00a0Rendk\u00edv\u00fcl akt\u00edv formul\u00e1j\u00e1nak k\u00f6sz\u00f6nhet\u0151en ez a tiszt\u00edt\u00f3szer azonnal hat a foltokra \u00e9s az \u00e1sv\u00e1nyi lerak\u00f3d\u00e1sokra. N\u00e9h\u00e1ny perc alatt feloldja a szennyez\u0151d\u00e9seket, \u00e9s nagyobb er\u0151fesz\u00edt\u00e9s n\u00e9lk\u00fcl megk\u00f6nny\u00edti azok elt\u00e1vol\u00edt\u00e1s\u00e1t. Gyors \u00e9s hat\u00e9kony tiszt\u00edt\u00e1st biztos\u00edt - ide\u00e1lis a rendszeres WC-karbantart\u00e1shoz, kifog\u00e1stalan higi\u00e9ni\u00e1t \u00e9s optim\u00e1lis k\u00e9nyelmet biztos\u00edtva.<\/p>\n<h2><strong>Haszn\u00e1lati protokoll<\/strong><\/h2>\n<ul>\n<li><strong>El\u0151k\u00e9sz\u00edt\u00e9s <\/strong>: Gy\u0151z\u0151dj\u00f6n meg r\u00f3la, hogy a WC k\u00e9szen \u00e1ll a tiszt\u00edt\u00e1sra. Sz\u00fcks\u00e9g eset\u00e9n t\u00e1vol\u00edtsa el a felesleges vizet a term\u00e9k jobb teljes\u00edtm\u00e9nye \u00e9rdek\u00e9ben a szabadon l\u00e9v\u0151 fel\u00fcleteken.<\/li>\n<li><strong>K\u00f6zvetlen alkalmaz\u00e1s a t\u00e1lba <\/strong>: \u00d6nts\u00f6n elegend\u0151 mennyis\u00e9g\u0171 tiszt\u00edt\u00f3szert (kb. 100 ml) a bels\u0151 falakra, a perem al\u00e1 \u00e9s a WC-cs\u00e9sze alj\u00e1ra. \u00dcgyeljen arra, hogy a term\u00e9ket j\u00f3l eloszlassa, hogy a teljes fel\u00fcletet befedje.<\/li>\n<li><strong>Alkalmaz\u00e1s eg\u00e9szs\u00e9g\u00fcgyi fel\u00fcleteken <\/strong>: Mosd\u00f3kagyl\u00f3k, f\u00fcrd\u0151k\u00e1dak, zuhanyz\u00f3k vagy csemp\u00e9zett ter\u00fcletek tiszt\u00edt\u00e1s\u00e1hoz vigye fel a term\u00e9ket szivaccsal vagy mikrosz\u00e1las kend\u0151vel. Egyenletesen oszlassuk el, \u00e9s hagyjuk hatni n\u00e9h\u00e1ny percig.<\/li>\n<li><strong>Meg\u00e1ll\u00e1si id\u0151 <\/strong>: Hagyja a term\u00e9ket 5-10 percig hatni, hogy feloldja a szennyez\u0151d\u00e9seket \u00e9s a v\u00edzk\u0151lerak\u00f3d\u00e1sokat. Ellen\u00e1ll\u00f3bb lerak\u00f3d\u00e1sok eset\u00e9n s\u00farol\u00e1s el\u0151tt ak\u00e1r 15 percig is hagyja hatni.<\/li>\n<li><strong>S\u00farol\u00e1s \u00e9s tiszt\u00edt\u00e1s <\/strong>: Haszn\u00e1ljon WC-kef\u00e9t a mosd\u00f3kagyl\u00f3 fal\u00e1nak \u00f3vatos s\u00farol\u00e1s\u00e1ra \u00e9s az oldott lerak\u00f3d\u00e1sok elt\u00e1vol\u00edt\u00e1s\u00e1ra. M\u00e1s fel\u00fcletek eset\u00e9ben az optim\u00e1lis tiszt\u00edt\u00e1s \u00e9rdek\u00e9ben s\u00faroljon \u00f3vatosan szivaccsal vagy puha kef\u00e9vel.<\/li>\n<li><strong>\u00d6bl\u00edt\u00e9s \u00e9s befejez\u00e9s <\/strong>: \u00d6bl\u00edtse \u00e1t a t\u00e1lat, hogy a term\u00e9kmaradv\u00e1nyokat elt\u00e1vol\u00edtsa. K\u00fcls\u0151 vagy higi\u00e9niai fel\u00fcleteken alaposan \u00f6bl\u00edtse le tiszta v\u00edzzel, \u00e9s a hib\u00e1tlan fel\u00fclet \u00e9rdek\u00e9ben t\u00f6r\u00f6lje \u00e1t sz\u00e1raz ruh\u00e1val.<\/li>\n<li><strong>Szagtalan\u00edt\u00e1s \u00e9s v\u00e9delem <\/strong>: Tiszt\u00edt\u00f3 hat\u00e1s\u00e1nak k\u00f6sz\u00f6nhet\u0151en a term\u00e9k megsz\u00fcnteti a rossz szagokat, \u00e9s minden haszn\u00e1lat ut\u00e1n friss illatot hagy maga ut\u00e1n. A rendszeres karbantart\u00e1s biztos\u00edtja, hogy a WC-k mindig tiszt\u00e1k \u00e9s kellemesen haszn\u00e1lhat\u00f3ak legyenek.<\/li>\n<li><strong>Haszn\u00e1lat gyakoris\u00e1ga <\/strong>: Hetente egyszer alkalmazza a rendszeres WC- \u00e9s higi\u00e9niai karbantart\u00e1s \u00e9rdek\u00e9ben. Intenz\u00edv haszn\u00e1lat vagy nagyon kem\u00e9ny vizes k\u00f6rnyezet eset\u00e9n 3 naponta aj\u00e1nlott a tiszt\u00edt\u00e1s a v\u00edzk\u0151 \u00e9s a bakt\u00e9riumok felhalmoz\u00f3d\u00e1s\u00e1nak megel\u0151z\u00e9se \u00e9rdek\u00e9ben.<\/li>\n<li><strong>T\u00e1rol\u00e1s <\/strong>: Minden haszn\u00e1lat ut\u00e1n szorosan z\u00e1rja le a tart\u00e1lyt, \u00e9s t\u00e1rolja h\u0171v\u00f6s, sz\u00e1raz, f\u00e9nyt\u0151l \u00e9s sz\u00e9ls\u0151s\u00e9ges h\u0151m\u00e9rs\u00e9klett\u0151l v\u00e9dett helyen, hogy a term\u00e9k hat\u00e9konys\u00e1ga hossz\u00fa t\u00e1von megmaradjon.<\/li>\n<\/ul>\n<p>WC-tiszt\u00edt\u00f3szer\u00fcnkkel hat\u00e9kony \u00e9s f\u00e1rads\u00e1gmentes tiszt\u00edt\u00e1st biztos\u00edthat, mik\u00f6zben meg\u0151rzi szaniterberendez\u00e9seinek tisztas\u00e1g\u00e1t, f\u00e9ny\u00e9t \u00e9s hossz\u00fa \u00e9lettartam\u00e1t. Ide\u00e1lis megold\u00e1s a t\u00f6k\u00e9letes higi\u00e9ni\u00e1hoz \u00e9s a mindig makul\u00e1tlan WC-khez.<\/p>","protected":false},"excerpt":{"rendered":"<p>Optimal Efficiency.\u00a0This toilet cleaner is specially formulated to effectively remove limescale, mineral deposits, rust stains, and organic residues that accumulate in the bowl and pipes. Thanks to its powerful formula, it penetrates deeply to dissolve impurities and neutralize bad odors, ensuring spotless cleanliness and long-lasting freshness. It leaves your toilets sparkling and disinfected after every [&hellip;]<\/p>\n","protected":false},"featured_media":35845,"comment_status":"open","ping_status":"closed","template":"","meta":{"_uag_custom_page_level_css":"","site-sidebar-layout":"default","site-content-layout":"","ast-site-content-layout":"default","site-content-style":"default","site-sidebar-style":"default","ast-global-header-display":"","ast-banner-title-visibility":"","ast-main-header-display":"","ast-hfb-above-header-display":"","ast-hfb-below-header-display":"","ast-hfb-mobile-header-display":"","site-post-title":"","ast-breadcrumbs-content":"","ast-featured-img":"","footer-sml-layout":"","ast-disable-related-posts":"","theme-transparent-header-meta":"default","adv-header-id-meta":"","stick-header-meta":"","header-above-stick-meta":"","header-main-stick-meta":"","header-below-stick-meta":"","astra-migrate-meta-layouts":"set","ast-page-background-enabled":"default","ast-page-background-meta":{"desktop":{"background-color":"var(--ast-global-color-4)","background-image":"","background-repeat":"repeat","background-position":"center center","background-size":"auto","background-attachment":"scroll","background-type":"","background-media":"","overlay-type":"","overlay-color":"","overlay-opacity":"","overlay-gradient":""},"tablet":{"background-color":"","background-image":"","background-repeat":"repeat","background-position":"center center","background-size":"auto","background-attachment":"scroll","background-type":"","background-media":"","overlay-type":"","overlay-color":"","overlay-opacity":"","overlay-gradient":""},"mobile":{"background-color":"","background-image":"","background-repeat":"repeat","background-position":"center center","background-size":"auto","background-attachment":"scroll","background-type":"","background-media":"","overlay-type":"","overlay-color":"","overlay-opacity":"","overlay-gradient":""}},"ast-content-background-meta":{"desktop":{"background-color":"var(--ast-global-color-5)","background-image":"","background-repeat":"repeat","background-position":"center center","background-size":"auto","background-attachment":"scroll","background-type":"","background-media":"","overlay-type":"","overlay-color":"","overlay-opacity":"","overlay-gradient":""},"tablet":{"background-color":"var(--ast-global-color-5)","background-image":"","background-repeat":"repeat","background-position":"center center","background-size":"auto","background-attachment":"scroll","background-type":"","background-media":"","overlay-type":"","overlay-color":"","overlay-opacity":"","overlay-gradient":""},"mobile":{"background-color":"var(--ast-global-color-5)","background-image":"","background-repeat":"repeat","background-position":"center center","background-size":"auto","background-attachment":"scroll","background-type":"","background-media":"","overlay-type":"","overlay-color":"","overlay-opacity":"","overlay-gradient":""}}},"product_brand":[],"product_cat":[175],"product_tag":[],"class_list":{"0":"post-25585","1":"product","2":"type-product","3":"status-publish","4":"has-post-thumbnail","6":"product_cat-cleaning-products","7":"desktop-align-left","8":"tablet-align-left","9":"mobile-align-left","11":"first","12":"instock","13":"sale","14":"shipping-taxable","15":"purchasable","16":"product-type-variable","17":"has-default-attributes"},"spectra_custom_meta":{"_visibility":["visible"],"_shopify_product_id":["9106242502901"],"_s2w_shopify_domain":["ferberpainting.myshopify.com"],"_shopify_variant_id":["46625790689525"],"_sku":[""],"_manage_stock":["no"],"total_sales":["4"],"_tax_status":["taxable"],"_tax_class":[""],"_backorders":["no"],"_sold_individually":["no"],"_virtual":["no"],"_downloadable":["no"],"_download_limit":["-1"],"_download_expiry":["-1"],"_stock":[null],"_stock_status":["instock"],"_wc_average_rating":["5.00"],"_wc_review_count":["10"],"_product_attributes":["a:1:{s:6:\"volume\";a:6:{s:4:\"name\";s:6:\"Volume\";s:5:\"value\";s:20:\"5 liters | 25 liters\";s:8:\"position\";i:1;s:10:\"is_visible\";i:0;s:12:\"is_variation\";i:1;s:11:\"is_taxonomy\";i:0;}}"],"_product_version":["10.5.1"],"wpse_downloadable_file_names":[""],"wpse_downloadable_file_urls":[""],"_edit_last":["1"],"_default_attributes":["a:1:{s:6:\"volume\";s:8:\"5 liters\";}"],"_edit_lock":["1771242984:1"],"_price":["29.90","129.90"],"merchant-center-availability":["yes"],"merchant-center-category":["4980"],"_thumbnail_id":["35845"],"_wp_page_template":["default"],"_wp_old_date":["2025-05-26"],"_product_image_gallery":["35846"],"site-sidebar-layout":["default"],"ast-site-content-layout":["default"],"site-content-style":["default"],"site-sidebar-style":["default"],"theme-transparent-header-meta":["default"],"_wc_rating_count":["a:1:{i:5;i:10;}"],"astra-migrate-meta-layouts":["set"],"_uag_css_file_name":["uag-css-25585.css"],"_elementor_page_assets":["a:0:{}"]},"uagb_featured_image_src":{"full":["https:\/\/www.ferberpainting.com\/wp-content\/uploads\/2025\/05\/Toilet-Cleaner-5L.png",2560,2560,false],"thumbnail":["https:\/\/www.ferberpainting.com\/wp-content\/uploads\/2025\/05\/Toilet-Cleaner-5L-150x150.png",150,150,true],"medium":["https:\/\/www.ferberpainting.com\/wp-content\/uploads\/2025\/05\/Toilet-Cleaner-5L-300x300.png",300,300,true],"medium_large":["https:\/\/www.ferberpainting.com\/wp-content\/uploads\/2025\/05\/Toilet-Cleaner-5L-768x768.png",768,768,true],"large":["https:\/\/www.ferberpainting.com\/wp-content\/uploads\/2025\/05\/Toilet-Cleaner-5L-1024x1024.png",1024,1024,true],"1536x1536":["https:\/\/www.ferberpainting.com\/wp-content\/uploads\/2025\/05\/Toilet-Cleaner-5L-1536x1536.png",1536,1536,true],"2048x2048":["https:\/\/www.ferberpainting.com\/wp-content\/uploads\/2025\/05\/Toilet-Cleaner-5L-2048x2048.png",2048,2048,true],"trp-custom-language-flag":["https:\/\/www.ferberpainting.com\/wp-content\/uploads\/2025\/05\/Toilet-Cleaner-5L-12x12.png",12,12,true],"woocommerce_thumbnail":["https:\/\/www.ferberpainting.com\/wp-content\/uploads\/2025\/05\/Toilet-Cleaner-5L-300x300.png",300,300,true],"woocommerce_single":["https:\/\/www.ferberpainting.com\/wp-content\/uploads\/2025\/05\/Toilet-Cleaner-5L-600x600.png",600,600,true],"woocommerce_gallery_thumbnail":["https:\/\/www.ferberpainting.com\/wp-content\/uploads\/2025\/05\/Toilet-Cleaner-5L-100x100.png",100,100,true]},"uagb_author_info":{"display_name":"admin","author_link":"https:\/\/www.ferberpainting.com\/hu\/author\/"},"uagb_comment_info":10,"uagb_excerpt":"Optimal Efficiency.\u00a0This toilet cleaner is specially formulated to effectively remove limescale, mineral deposits, rust stains, and organic residues that accumulate in the bowl and pipes. Thanks to its powerful formula, it penetrates deeply to dissolve impurities and neutralize bad odors, ensuring spotless cleanliness and long-lasting freshness. It leaves your toilets sparkling and disinfected after every&hellip;","_links":{"self":[{"href":"https:\/\/www.ferberpainting.com\/hu\/wp-json\/wp\/v2\/product\/25585","targetHints":{"allow":["GET"]}}],"collection":[{"href":"https:\/\/www.ferberpainting.com\/hu\/wp-json\/wp\/v2\/product"}],"about":[{"href":"https:\/\/www.ferberpainting.com\/hu\/wp-json\/wp\/v2\/types\/product"}],"replies":[{"embeddable":true,"href":"https:\/\/www.ferberpainting.com\/hu\/wp-json\/wp\/v2\/comments?post=25585"}],"version-history":[{"count":4,"href":"https:\/\/www.ferberpainting.com\/hu\/wp-json\/wp\/v2\/product\/25585\/revisions"}],"predecessor-version":[{"id":167436,"href":"https:\/\/www.ferberpainting.com\/hu\/wp-json\/wp\/v2\/product\/25585\/revisions\/167436"}],"wp:featuredmedia":[{"embeddable":true,"href":"https:\/\/www.ferberpainting.com\/hu\/wp-json\/wp\/v2\/media\/35845"}],"wp:attachment":[{"href":"https:\/\/www.ferberpainting.com\/hu\/wp-json\/wp\/v2\/media?parent=25585"}],"wp:term":[{"taxonomy":"product_brand","embeddable":true,"href":"https:\/\/www.ferberpainting.com\/hu\/wp-json\/wp\/v2\/product_brand?post=25585"},{"taxonomy":"product_cat","embeddable":true,"href":"https:\/\/www.ferberpainting.com\/hu\/wp-json\/wp\/v2\/product_cat?post=25585"},{"taxonomy":"product_tag","embeddable":true,"href":"https:\/\/www.ferberpainting.com\/hu\/wp-json\/wp\/v2\/product_tag?post=25585"}],"curies":[{"name":"wp","href":"https:\/\/api.w.org\/{rel}","templated":true}]}}