{"id":25572,"date":"2025-05-26T10:32:23","date_gmt":"2025-05-26T08:32:23","guid":{"rendered":"https:\/\/www.ferberpainting.com\/products\/tile-varnish\/"},"modified":"2026-02-16T12:46:23","modified_gmt":"2026-02-16T11:46:23","slug":"tile-varnish","status":"publish","type":"product","link":"https:\/\/www.ferberpainting.com\/hu\/products\/tile-varnish\/","title":{"rendered":"Csempe lakk"},"content":{"rendered":"<p><strong><img decoding=\"async\" style=\"margin-right: 12px;\" src=\"https:\/\/www.ferberpainting.com\/wp-content\/uploads\/2026\/02\/Check.svg\" alt=\"\" width=\"18\" height=\"15\" \/>A csemp\u00e9k tart\u00f3s v\u00e9delme \u00e9s d\u00edsz\u00edt\u00e9se.<\/strong>\u00a0Ezt a csemperakaszt\u00f3t kifejezetten a csemp\u00e9zett fel\u00fcletek v\u00e9delm\u00e9re \u00e9s jav\u00edt\u00e1s\u00e1ra tervezt\u00e9k, mivel fokozott ellen\u00e1ll\u00e1st biztos\u00edt a k\u00fcls\u0151 behat\u00e1sokkal szemben. L\u00e1thatatlan v\u00e9d\u0151filmet k\u00e9pez, amely meg\u0151rzi a csemp\u00e9k f\u00e9ny\u00e9t, cs\u00f6kkenti a kop\u00e1st \u00e9s megk\u00f6nny\u00edti a karbantart\u00e1st, \u00edgy biztos\u00edtva a hib\u00e1tlan \u00e9s tart\u00f3s fel\u00fcletet.<\/p>\n<p><strong><img decoding=\"async\" style=\"margin-right: 12px;\" src=\"https:\/\/www.ferberpainting.com\/wp-content\/uploads\/2026\/02\/Check.svg\" alt=\"\" width=\"18\" height=\"15\" \/>P\u00e9nzvisszafizet\u00e9si garancia.<\/strong>\u00a0Abszol\u00fat megb\u00edzunk a csemperak\u00f3 lakkunk hat\u00e9konys\u00e1g\u00e1ban. Ez\u00e9rt ny\u00fajtunk p\u00e9nzvisszafizet\u00e9si garanci\u00e1t. Ha a term\u00e9k nem felel meg az \u00d6n elv\u00e1r\u00e1sainak az aj\u00e1nl\u00e1sainknak megfelel\u0151 alkalmaz\u00e1s ut\u00e1n, akkor felt\u00e9tel n\u00e9lk\u00fcl k\u00e9rheti a p\u00e9nzvisszat\u00e9r\u00edt\u00e9st, \u00edgy biztos\u00edtva a biztons\u00e1gos \u00e9s kock\u00e1zatmentes v\u00e1s\u00e1rl\u00e1st.<\/p>\n<p><strong><img decoding=\"async\" style=\"margin-right: 12px;\" src=\"https:\/\/www.ferberpainting.com\/wp-content\/uploads\/2026\/02\/Check.svg\" alt=\"\" width=\"18\" height=\"15\" \/>K\u00fcl\u00f6nb\u00f6z\u0151 t\u00edpus\u00fa fel\u00fcletekkel kompatibilis.<\/strong>\u00a0Ez a lakk ide\u00e1lis minden t\u00edpus\u00fa csemp\u00e9hez, legyen az porcel\u00e1n, agyag, terrakotta, term\u00e9szetes k\u0151 vagy viaszolt beton. Alkalmas falfel\u00fcletekre, valamint padl\u00f3kra, munkalapokra vagy h\u00e1tlapokra, sokoldal\u00fa megold\u00e1st k\u00edn\u00e1l a csempeburkolatok fel\u00faj\u00edt\u00e1s\u00e1ra \u00e9s v\u00e9delm\u00e9re.<\/p>\n<p><strong><img decoding=\"async\" style=\"margin-right: 12px;\" src=\"https:\/\/www.ferberpainting.com\/wp-content\/uploads\/2026\/02\/Check.svg\" alt=\"\" width=\"18\" height=\"15\" \/>Optimaliz\u00e1lt gazdas\u00e1gos teljes\u00edtm\u00e9ny.<\/strong>\u00a0Magas koncentr\u00e1ci\u00f3j\u00e1nak k\u00f6sz\u00f6nhet\u0151en 1 liter lakk 8-12 m\u00b2-t fed, a csempe porozit\u00e1s\u00e1t\u00f3l \u00e9s a felvitt r\u00e9teg vastags\u00e1g\u00e1t\u00f3l f\u00fcgg\u0151en. A nagy fed\u0151k\u00e9pess\u00e9ge hat\u00e9kony v\u00e9delmet biztos\u00edt mind\u00f6ssze egy vagy k\u00e9t r\u00e9tegben, optimaliz\u00e1lva a term\u00e9kfogyaszt\u00e1st \u00e9s cs\u00f6kkentve a hossz\u00fa t\u00e1v\u00fa karbantart\u00e1si k\u00f6lts\u00e9geket.<\/p>\n<p><strong><img decoding=\"async\" style=\"margin-right: 12px;\" src=\"https:\/\/www.ferberpainting.com\/wp-content\/uploads\/2026\/02\/Check.svg\" alt=\"\" width=\"18\" height=\"15\" \/>Biztons\u00e1gos \u00e9s nem m\u00e9rgez\u0151 term\u00e9k.<\/strong>\u00a0Kem\u00e9ny old\u00f3szerek \u00e9s k\u00e1ros f\u00fcst\u00f6k n\u00e9lk\u00fcl k\u00e9sz\u00fclt, \u00edgy ez a lakk biztons\u00e1gos a felhaszn\u00e1l\u00f3 sz\u00e1m\u00e1ra \u00e9s k\u00f6rnyezetbar\u00e1t. Nem bocs\u00e1t ki kellemetlen szagot, \u00e9s belt\u00e9rben eg\u00e9szs\u00e9g\u00fcgyi kock\u00e1zat n\u00e9lk\u00fcl haszn\u00e1lhat\u00f3, \u00edgy t\u00f6k\u00e9letesen alkalmas az olyan lak\u00f3terekbe, mint a konyha, a f\u00fcrd\u0151szoba vagy a kereskedelmi helyis\u00e9gek.<\/p>\n<p><strong><img decoding=\"async\" style=\"margin-right: 12px;\" src=\"https:\/\/www.ferberpainting.com\/wp-content\/uploads\/2026\/02\/Check.svg\" alt=\"\" width=\"18\" height=\"15\" \/>K\u00f6nny\u0171 alkalmaz\u00e1s a professzion\u00e1lis eredm\u00e9nyek\u00e9rt.<\/strong>\u00a0Haszn\u00e1latra k\u00e9sz, ez a lakk nem ig\u00e9nyel bonyolult el\u0151k\u00e9sz\u00edt\u00e9st. K\u00f6zvetlen\u00fcl ecsettel, hengerrel vagy permetez\u0151vel vihet\u0151 fel, biztos\u00edtva az egyenletes eloszl\u00e1st \u00e9s a cs\u00edkmentes sz\u00e1rad\u00e1st. Foly\u00e9kony \u00e9s egyenletes felvitele lehet\u0151v\u00e9 teszi a kifog\u00e1stalan kivitel el\u00e9r\u00e9s\u00e9t, m\u00e9g a kezd\u0151 felhaszn\u00e1l\u00f3k sz\u00e1m\u00e1ra is.<\/p>\n<p><strong><img decoding=\"async\" style=\"margin-right: 12px;\" src=\"https:\/\/www.ferberpainting.com\/wp-content\/uploads\/2026\/02\/Check.svg\" alt=\"\" width=\"18\" height=\"15\" \/>Tart\u00f3ss\u00e1g \u00e9s ellen\u00e1ll\u00e1s a mindennapi agresszi\u00f3kkal szemben.<\/strong>\u00a0A lakk felvitele \u00e9s sz\u00e1rad\u00e1sa ut\u00e1n megv\u00e9di a csemp\u00e9ket az \u00fct\u0151d\u00e9sekt\u0151l, karcol\u00e1sokt\u00f3l, nedvess\u00e9gt\u0151l \u00e9s foltokt\u00f3l, megakad\u00e1lyozva a korai \u00f6reged\u00e9st. Ellen\u00e1ll a h\u00e1ztart\u00e1si term\u00e9keknek, a v\u00edzfr\u00f6ccsen\u00e9seknek \u00e9s a gyakori gyalogos forgalomnak, \u00e9s hosszan tart\u00f3 v\u00e9delmet biztos\u00edt an\u00e9lk\u00fcl, hogy a bevonat megjelen\u00e9se megv\u00e1ltozna.<\/p>\n<p><strong><img decoding=\"async\" style=\"margin-right: 12px;\" src=\"https:\/\/www.ferberpainting.com\/wp-content\/uploads\/2026\/02\/Check.svg\" alt=\"\" width=\"18\" height=\"15\" \/>Gyors sz\u00e1rad\u00e1s \u00e9s azonnali \u00fczembe helyez\u00e9s.<\/strong>\u00a0Gyorsan sz\u00e1rad\u00f3 formul\u00e1j\u00e1nak k\u00f6sz\u00f6nhet\u0151en ez a lakk 30-60 perc alatt tapint\u00e1sra megsz\u00e1rad, \u00e9s 24 \u00f3ra eltelt\u00e9vel m\u00e1r kezelhet\u0151. \u00cdgy lehet\u0151v\u00e9 teszi a csemp\u00e9zett fel\u00fcletek expressz fel\u00faj\u00edt\u00e1s\u00e1t an\u00e9lk\u00fcl, hogy a helyis\u00e9geket hossz\u00fa id\u0151re le\u00e1ll\u00edtan\u00e1, \u00edgy ide\u00e1lis a gyors fel\u00faj\u00edt\u00e1sokhoz \u00e9s az azonnali befejez\u00e9st ig\u00e9nyl\u0151 projektekhez.<\/p>\n<h2><strong>Haszn\u00e1lati protokoll<\/strong><\/h2>\n<ul>\n<li><strong>Fel\u00fclet el\u0151k\u00e9sz\u00edt\u00e9s <\/strong>: \u00d3vatosan tiszt\u00edtsa meg a csemp\u00e9ket a por, szennyez\u0151d\u00e9s, zs\u00edr vagy szappanmaradv\u00e1nyok elt\u00e1vol\u00edt\u00e1sa \u00e9rdek\u00e9ben. Ha sz\u00fcks\u00e9ges, zs\u00edrtalan\u00edtsa a fel\u00fcletet megfelel\u0151 tiszt\u00edt\u00f3szerrel, \u00e9s hagyja teljesen megsz\u00e1radni a felhord\u00e1s el\u0151tt.<\/li>\n<li><strong>Aj\u00e1nlott adagol\u00e1s <\/strong>: A csempe porozit\u00e1s\u00e1t\u00f3l \u00e9s text\u00far\u00e1j\u00e1t\u00f3l f\u00fcgg\u0151en 8-12 m\u00b2-re kb. 1 litert kell felvinni. A kev\u00e9ss\u00e9 ig\u00e9nybevett burkol\u00f3lapok eset\u00e9ben elegend\u0151 egy r\u00e9teg, m\u00edg az er\u0151sen ig\u00e9nybevett fel\u00fcletek eset\u00e9ben egy m\u00e1sodik r\u00e9teg fokozza a v\u00e9delmet.<\/li>\n<li><strong>A lakk felvitele <\/strong>: Vigye fel a term\u00e9ket ecsettel, r\u00f6vid sz\u0151r\u0171 hengerrel vagy permetez\u0151vel, \u00fcgyelve arra, hogy a term\u00e9ket j\u00f3l ny\u00fajtsa ki, hogy elker\u00fclje a felesleges felhalmoz\u00f3d\u00e1st \u00e9s a cs\u00f6p\u00f6g\u00e9st. Az egyenletes eloszl\u00e1s biztos\u00edt\u00e1sa \u00e9rdek\u00e9ben szakaszosan dolgozzon.<\/li>\n<li><strong>Sz\u00e1rad\u00e1si id\u0151 <\/strong>: Hagyjon 30-60 perc sz\u00e1rad\u00e1si id\u0151t, miel\u0151tt sz\u00fcks\u00e9g eset\u00e9n egy m\u00e1sodik r\u00e9teget alkalmazna. Az optim\u00e1lis ellen\u00e1ll\u00f3 k\u00e9pess\u00e9g \u00e9rdek\u00e9ben v\u00e1rjon 24 \u00f3r\u00e1t, miel\u0151tt a csemp\u00e9zett ter\u00fcletet \u00fajra norm\u00e1lisan haszn\u00e1ln\u00e1.<\/li>\n<li><strong>Karbantart\u00e1s \u00e9s tart\u00f3ss\u00e1g <\/strong>: Miut\u00e1n a lakk megsz\u00e1radt, a csemp\u00e9ket enyhe h\u00e1ztart\u00e1si tiszt\u00edt\u00f3szerekkel tartsa karban, hogy meg\u0151rizz\u00e9k f\u00e9ny\u00fcket. Kop\u00e1s eset\u00e9n a lakk egyszer\u0171 \u00fajb\u00f3li felvitele helyre\u00e1ll\u00edtja mind a v\u00e9delmet, mind a megjelen\u00e9st.<\/li>\n<li><strong>Tiszt\u00edt\u00f3 eszk\u00f6z\u00f6k <\/strong>: K\u00f6zvetlen\u00fcl a felhord\u00e1s ut\u00e1n tiszt\u00edtsa meg az ecseteket, hengereket \u00e9s sz\u00f3r\u00f3fejeket tiszta v\u00edzzel, miel\u0151tt a lakk megsz\u00e1rad, hogy meghosszabb\u00edtsa az eszk\u00f6z\u00f6k \u00e9lettartam\u00e1t.<\/li>\n<\/ul>","protected":false},"excerpt":{"rendered":"<p>Durable protection and embellishment of tiles.\u00a0This tile varnish is specially designed to protect and enhance tiled surfaces by offering increased resistance to external aggressions. It forms an invisible protective film that preserves the shine of tiles, reduces wear, and facilitates maintenance, thus ensuring a flawless and durable finish. Money-back guarantee.\u00a0We have absolute confidence in the [&hellip;]<\/p>\n","protected":false},"featured_media":27421,"comment_status":"open","ping_status":"closed","template":"","meta":{"_uag_custom_page_level_css":"","site-sidebar-layout":"default","site-content-layout":"","ast-site-content-layout":"default","site-content-style":"default","site-sidebar-style":"default","ast-global-header-display":"","ast-banner-title-visibility":"","ast-main-header-display":"","ast-hfb-above-header-display":"","ast-hfb-below-header-display":"","ast-hfb-mobile-header-display":"","site-post-title":"","ast-breadcrumbs-content":"","ast-featured-img":"","footer-sml-layout":"","ast-disable-related-posts":"","theme-transparent-header-meta":"default","adv-header-id-meta":"","stick-header-meta":"","header-above-stick-meta":"","header-main-stick-meta":"","header-below-stick-meta":"","astra-migrate-meta-layouts":"set","ast-page-background-enabled":"default","ast-page-background-meta":{"desktop":{"background-color":"var(--ast-global-color-4)","background-image":"","background-repeat":"repeat","background-position":"center center","background-size":"auto","background-attachment":"scroll","background-type":"","background-media":"","overlay-type":"","overlay-color":"","overlay-opacity":"","overlay-gradient":""},"tablet":{"background-color":"","background-image":"","background-repeat":"repeat","background-position":"center center","background-size":"auto","background-attachment":"scroll","background-type":"","background-media":"","overlay-type":"","overlay-color":"","overlay-opacity":"","overlay-gradient":""},"mobile":{"background-color":"","background-image":"","background-repeat":"repeat","background-position":"center center","background-size":"auto","background-attachment":"scroll","background-type":"","background-media":"","overlay-type":"","overlay-color":"","overlay-opacity":"","overlay-gradient":""}},"ast-content-background-meta":{"desktop":{"background-color":"var(--ast-global-color-5)","background-image":"","background-repeat":"repeat","background-position":"center center","background-size":"auto","background-attachment":"scroll","background-type":"","background-media":"","overlay-type":"","overlay-color":"","overlay-opacity":"","overlay-gradient":""},"tablet":{"background-color":"var(--ast-global-color-5)","background-image":"","background-repeat":"repeat","background-position":"center center","background-size":"auto","background-attachment":"scroll","background-type":"","background-media":"","overlay-type":"","overlay-color":"","overlay-opacity":"","overlay-gradient":""},"mobile":{"background-color":"var(--ast-global-color-5)","background-image":"","background-repeat":"repeat","background-position":"center center","background-size":"auto","background-attachment":"scroll","background-type":"","background-media":"","overlay-type":"","overlay-color":"","overlay-opacity":"","overlay-gradient":""}}},"product_brand":[],"product_cat":[190],"product_tag":[],"class_list":{"0":"post-25572","1":"product","2":"type-product","3":"status-publish","4":"has-post-thumbnail","6":"product_cat-varnish","7":"desktop-align-left","8":"tablet-align-left","9":"mobile-align-left","11":"first","12":"instock","13":"sale","14":"shipping-taxable","15":"purchasable","16":"product-type-variable","17":"has-default-attributes"},"spectra_custom_meta":{"_visibility":["visible"],"_shopify_product_id":["9060321657077"],"_s2w_shopify_domain":["ferberpainting.myshopify.com"],"_shopify_variant_id":["46483053641973"],"_sku":[""],"_manage_stock":["no"],"total_sales":["251"],"_tax_status":["taxable"],"_tax_class":[""],"_backorders":["no"],"_sold_individually":["no"],"_virtual":["no"],"_downloadable":["no"],"_download_limit":["-1"],"_download_expiry":["-1"],"_stock":[null],"_stock_status":["instock"],"_wc_average_rating":["4.57"],"_wc_review_count":["7"],"_product_attributes":["a:1:{s:6:\"volume\";a:6:{s:4:\"name\";s:6:\"Volume\";s:5:\"value\";s:30:\"1 liter | 5 liters | 20 liters\";s:8:\"position\";i:1;s:10:\"is_visible\";i:0;s:12:\"is_variation\";i:1;s:11:\"is_taxonomy\";i:0;}}"],"_product_version":["10.5.1"],"_thumbnail_id":["27421"],"_product_image_gallery":["27422,27423"],"wpse_downloadable_file_names":[""],"wpse_downloadable_file_urls":[""],"_edit_last":["1"],"_default_attributes":["a:1:{s:6:\"volume\";s:7:\"1 liter\";}"],"_edit_lock":["1771242257:1"],"_price":["29.90","129.90","499.90"],"merchant-center-availability":["yes"],"merchant-center-category":["503738"],"_wp_page_template":["default"],"site-sidebar-layout":["default"],"ast-site-content-layout":["default"],"site-content-style":["default"],"site-sidebar-style":["default"],"theme-transparent-header-meta":["default"],"_wc_rating_count":["a:2:{i:4;i:3;i:5;i:4;}"],"astra-migrate-meta-layouts":["set"],"_uag_css_file_name":["uag-css-25572.css"],"_elementor_page_assets":["a:0:{}"],"_uag_page_assets":["a:9:{s:3:\"css\";s:6873:\".wp-block-uagb-image{display:flex}.wp-block-uagb-image__figure{position:relative;display:flex;flex-direction:column;max-width:100%;height:auto;margin:0}.wp-block-uagb-image__figure img{height:auto;display:flex;max-width:100%;transition:box-shadow .2s ease}.wp-block-uagb-image__figure>a{display:inline-block}.wp-block-uagb-image__figure figcaption{text-align:center;margin-top:.5em;margin-bottom:1em}.wp-block-uagb-image .components-placeholder.block-editor-media-placeholder .components-placeholder__instructions{align-self:center}.wp-block-uagb-image--align-left{text-align:left}.wp-block-uagb-image--align-right{text-align:right}.wp-block-uagb-image--align-center{text-align:center}.wp-block-uagb-image--align-full .wp-block-uagb-image__figure{margin-left:calc(50% - 50vw);margin-right:calc(50% - 50vw);max-width:100vw;width:100vw;height:auto}.wp-block-uagb-image--align-full .wp-block-uagb-image__figure img{height:auto;width:100% !important}.wp-block-uagb-image--align-wide .wp-block-uagb-image__figure img{height:auto;width:100%}.wp-block-uagb-image--layout-overlay__color-wrapper{position:absolute;left:0;top:0;right:0;bottom:0;opacity:.2;background:rgba(0,0,0,.5);transition:opacity .35s ease-in-out}.wp-block-uagb-image--layout-overlay-link{position:absolute;left:0;right:0;bottom:0;top:0}.wp-block-uagb-image--layout-overlay .wp-block-uagb-image__figure:hover .wp-block-uagb-image--layout-overlay__color-wrapper{opacity:1}.wp-block-uagb-image--layout-overlay__inner{position:absolute;left:15px;right:15px;bottom:15px;top:15px;display:flex;align-items:center;justify-content:center;flex-direction:column;border-color:#fff;transition:.35s ease-in-out}.wp-block-uagb-image--layout-overlay__inner.top-left,.wp-block-uagb-image--layout-overlay__inner.top-center,.wp-block-uagb-image--layout-overlay__inner.top-right{justify-content:flex-start}.wp-block-uagb-image--layout-overlay__inner.bottom-left,.wp-block-uagb-image--layout-overlay__inner.bottom-center,.wp-block-uagb-image--layout-overlay__inner.bottom-right{justify-content:flex-end}.wp-block-uagb-image--layout-overlay__inner.top-left,.wp-block-uagb-image--layout-overlay__inner.center-left,.wp-block-uagb-image--layout-overlay__inner.bottom-left{align-items:flex-start}.wp-block-uagb-image--layout-overlay__inner.top-right,.wp-block-uagb-image--layout-overlay__inner.center-right,.wp-block-uagb-image--layout-overlay__inner.bottom-right{align-items:flex-end}.wp-block-uagb-image--layout-overlay__inner .uagb-image-heading{color:#fff;transition:transform .35s,opacity .35s ease-in-out;transform:translate3d(0, 24px, 0);margin:0;line-height:1em}.wp-block-uagb-image--layout-overlay__inner .uagb-image-separator{width:30%;border-top-width:2px;border-top-color:#fff;border-top-style:solid;margin-bottom:10px;opacity:0;transition:transform .4s,opacity .4s ease-in-out;transform:translate3d(0, 30px, 0)}.wp-block-uagb-image--layout-overlay__inner .uagb-image-caption{opacity:0;overflow:visible;color:#fff;transition:transform .45s,opacity .45s ease-in-out;transform:translate3d(0, 35px, 0)}.wp-block-uagb-image--layout-overlay__inner:hover .uagb-image-heading,.wp-block-uagb-image--layout-overlay__inner:hover .uagb-image-separator,.wp-block-uagb-image--layout-overlay__inner:hover .uagb-image-caption{opacity:1;transform:translate3d(0, 0, 0)}.wp-block-uagb-image--effect-zoomin .wp-block-uagb-image__figure img,.wp-block-uagb-image--effect-zoomin .wp-block-uagb-image__figure .wp-block-uagb-image--layout-overlay__color-wrapper{transform:scale(1);transition:transform .35s ease-in-out}.wp-block-uagb-image--effect-zoomin .wp-block-uagb-image__figure:hover img,.wp-block-uagb-image--effect-zoomin .wp-block-uagb-image__figure:hover .wp-block-uagb-image--layout-overlay__color-wrapper{transform:scale(1.05)}.wp-block-uagb-image--effect-slide .wp-block-uagb-image__figure img,.wp-block-uagb-image--effect-slide .wp-block-uagb-image__figure .wp-block-uagb-image--layout-overlay__color-wrapper{width:calc(100% + 40px) !important;max-width:none !important;transform:translate3d(-40px, 0, 0);transition:transform .35s ease-in-out}.wp-block-uagb-image--effect-slide .wp-block-uagb-image__figure:hover img,.wp-block-uagb-image--effect-slide .wp-block-uagb-image__figure:hover .wp-block-uagb-image--layout-overlay__color-wrapper{transform:translate3d(0, 0, 0)}.wp-block-uagb-image--effect-grayscale img{filter:grayscale(0%);transition:.35s ease-in-out}.wp-block-uagb-image--effect-grayscale:hover img{filter:grayscale(100%)}.wp-block-uagb-image--effect-blur img{filter:blur(0);transition:.35s ease-in-out}.wp-block-uagb-image--effect-blur:hover img{filter:blur(3px)}.uagb-block-e6f939b3.wp-block-uagb-image--layout-default figure img{box-shadow: 0px 0px 0 #00000070;}.uagb-block-e6f939b3.wp-block-uagb-image .wp-block-uagb-image__figure figcaption{font-style: normal;align-self: center;}.uagb-block-e6f939b3.wp-block-uagb-image--layout-overlay figure img{box-shadow: 0px 0px 0 #00000070;}.uagb-block-e6f939b3.wp-block-uagb-image--layout-overlay .wp-block-uagb-image--layout-overlay__color-wrapper{opacity: 0.2;}.uagb-block-e6f939b3.wp-block-uagb-image--layout-overlay .wp-block-uagb-image--layout-overlay__inner{left: 15px;right: 15px;top: 15px;bottom: 15px;}.uagb-block-e6f939b3.wp-block-uagb-image--layout-overlay .wp-block-uagb-image--layout-overlay__inner .uagb-image-heading{font-style: normal;color: #fff;opacity: 1;}.uagb-block-e6f939b3.wp-block-uagb-image--layout-overlay .wp-block-uagb-image--layout-overlay__inner .uagb-image-heading a{color: #fff;}.uagb-block-e6f939b3.wp-block-uagb-image--layout-overlay .wp-block-uagb-image--layout-overlay__inner .uagb-image-caption{opacity: 0;}.uagb-block-e6f939b3.wp-block-uagb-image--layout-overlay .wp-block-uagb-image__figure:hover .wp-block-uagb-image--layout-overlay__color-wrapper{opacity: 1;}.uagb-block-e6f939b3.wp-block-uagb-image .wp-block-uagb-image--layout-overlay__inner .uagb-image-separator{width: 30%;border-top-width: 2px;border-top-color: #fff;opacity: 0;}.uagb-block-e6f939b3.wp-block-uagb-image .wp-block-uagb-image__figure img{width: px;height: auto;}.uagb-block-e6f939b3.wp-block-uagb-image .wp-block-uagb-image__figure:hover .wp-block-uagb-image--layout-overlay__inner .uagb-image-caption{opacity: 1;}.uagb-block-e6f939b3.wp-block-uagb-image .wp-block-uagb-image__figure:hover .wp-block-uagb-image--layout-overlay__inner .uagb-image-separator{opacity: 1;}.uagb-block-e6f939b3.wp-block-uagb-image--layout-default figure:hover img{box-shadow: 0px 0px 0 #00000070;}.uagb-block-e6f939b3.wp-block-uagb-image--layout-overlay figure:hover img{box-shadow: 0px 0px 0 #00000070;}@media only screen and (max-width: 976px) {.uagb-block-e6f939b3.wp-block-uagb-image .wp-block-uagb-image__figure img{width: px;height: auto;}}@media only screen and (max-width: 767px) {.uagb-block-e6f939b3.wp-block-uagb-image .wp-block-uagb-image__figure img{width: px;height: auto;}}\";s:2:\"js\";s:0:\"\";s:18:\"current_block_list\";a:13:{i:0;s:11:\"core\/search\";i:1;s:10:\"core\/group\";i:2;s:12:\"core\/heading\";i:3;s:17:\"core\/latest-posts\";i:4;s:20:\"core\/latest-comments\";i:5;s:13:\"core\/archives\";i:6;s:15:\"core\/categories\";i:7;s:14:\"core\/paragraph\";i:8;s:10:\"uagb\/image\";i:9;s:11:\"core\/spacer\";i:10;s:30:\"woocommerce\/product-categories\";i:11;s:10:\"core\/image\";i:12;s:14:\"core\/shortcode\";}s:8:\"uag_flag\";b:1;s:11:\"uag_version\";s:10:\"1777101280\";s:6:\"gfonts\";a:0:{}s:10:\"gfonts_url\";s:0:\"\";s:12:\"gfonts_files\";a:0:{}s:14:\"uag_faq_layout\";b:0;}"]},"uagb_featured_image_src":{"full":["https:\/\/www.ferberpainting.com\/wp-content\/uploads\/2025\/05\/TileVarnish_1L.png",2560,2276,false],"thumbnail":["https:\/\/www.ferberpainting.com\/wp-content\/uploads\/2025\/05\/TileVarnish_1L-150x150.png",150,150,true],"medium":["https:\/\/www.ferberpainting.com\/wp-content\/uploads\/2025\/05\/TileVarnish_1L-300x267.png",300,267,true],"medium_large":["https:\/\/www.ferberpainting.com\/wp-content\/uploads\/2025\/05\/TileVarnish_1L-768x683.png",768,683,true],"large":["https:\/\/www.ferberpainting.com\/wp-content\/uploads\/2025\/05\/TileVarnish_1L-1024x910.png",1024,910,true],"1536x1536":["https:\/\/www.ferberpainting.com\/wp-content\/uploads\/2025\/05\/TileVarnish_1L-1536x1366.png",1536,1366,true],"2048x2048":["https:\/\/www.ferberpainting.com\/wp-content\/uploads\/2025\/05\/TileVarnish_1L-2048x1821.png",2048,1821,true],"trp-custom-language-flag":["https:\/\/www.ferberpainting.com\/wp-content\/uploads\/2025\/05\/TileVarnish_1L-13x12.png",13,12,true],"woocommerce_thumbnail":["https:\/\/www.ferberpainting.com\/wp-content\/uploads\/2025\/05\/TileVarnish_1L-300x300.png",300,300,true],"woocommerce_single":["https:\/\/www.ferberpainting.com\/wp-content\/uploads\/2025\/05\/TileVarnish_1L-600x533.png",600,533,true],"woocommerce_gallery_thumbnail":["https:\/\/www.ferberpainting.com\/wp-content\/uploads\/2025\/05\/TileVarnish_1L-100x100.png",100,100,true]},"uagb_author_info":{"display_name":"admin","author_link":"https:\/\/www.ferberpainting.com\/hu\/author\/"},"uagb_comment_info":7,"uagb_excerpt":"Durable protection and embellishment of tiles.\u00a0This tile varnish is specially designed to protect and enhance tiled surfaces by offering increased resistance to external aggressions. It forms an invisible protective film that preserves the shine of tiles, reduces wear, and facilitates maintenance, thus ensuring a flawless and durable finish. Money-back guarantee.\u00a0We have absolute confidence in the&hellip;","_links":{"self":[{"href":"https:\/\/www.ferberpainting.com\/hu\/wp-json\/wp\/v2\/product\/25572","targetHints":{"allow":["GET"]}}],"collection":[{"href":"https:\/\/www.ferberpainting.com\/hu\/wp-json\/wp\/v2\/product"}],"about":[{"href":"https:\/\/www.ferberpainting.com\/hu\/wp-json\/wp\/v2\/types\/product"}],"replies":[{"embeddable":true,"href":"https:\/\/www.ferberpainting.com\/hu\/wp-json\/wp\/v2\/comments?post=25572"}],"version-history":[{"count":3,"href":"https:\/\/www.ferberpainting.com\/hu\/wp-json\/wp\/v2\/product\/25572\/revisions"}],"predecessor-version":[{"id":167420,"href":"https:\/\/www.ferberpainting.com\/hu\/wp-json\/wp\/v2\/product\/25572\/revisions\/167420"}],"wp:featuredmedia":[{"embeddable":true,"href":"https:\/\/www.ferberpainting.com\/hu\/wp-json\/wp\/v2\/media\/27421"}],"wp:attachment":[{"href":"https:\/\/www.ferberpainting.com\/hu\/wp-json\/wp\/v2\/media?parent=25572"}],"wp:term":[{"taxonomy":"product_brand","embeddable":true,"href":"https:\/\/www.ferberpainting.com\/hu\/wp-json\/wp\/v2\/product_brand?post=25572"},{"taxonomy":"product_cat","embeddable":true,"href":"https:\/\/www.ferberpainting.com\/hu\/wp-json\/wp\/v2\/product_cat?post=25572"},{"taxonomy":"product_tag","embeddable":true,"href":"https:\/\/www.ferberpainting.com\/hu\/wp-json\/wp\/v2\/product_tag?post=25572"}],"curies":[{"name":"wp","href":"https:\/\/api.w.org\/{rel}","templated":true}]}}