{"id":25361,"date":"2025-06-30T20:36:16","date_gmt":"2025-06-30T18:36:16","guid":{"rendered":"https:\/\/www.ferberpainting.com\/?post_type=product&#038;p=25358"},"modified":"2026-02-16T12:35:08","modified_gmt":"2026-02-16T11:35:08","slug":"terracotta-water-repellent","status":"publish","type":"product","link":"https:\/\/www.ferberpainting.com\/hu\/products\/terracotta-water-repellent\/","title":{"rendered":"V\u00edzleperget\u0151 szer terrakott\u00e1hoz \u00e9s tomette csemp\u00e9khez"},"content":{"rendered":"<p><strong><img decoding=\"async\" style=\"margin-right: 12px;\" src=\"https:\/\/www.ferberpainting.com\/wp-content\/uploads\/2026\/02\/Check.svg\" alt=\"\" width=\"18\" height=\"15\" \/>Nedvess\u00e9g elleni v\u00e9delem.<\/strong>\u00a0Ez a terrakotta \u00e9s agyagcserepek v\u00edzszigetel\u0151je kifejezetten a hat\u00e9kony nedvess\u00e9g elleni v\u00e9delemre lett kifejlesztve. M\u00e9lyen behatol a por\u00f3zus anyagokba, \u00e9s l\u00e1thatatlan g\u00e1tat k\u00e9pez, amely megakad\u00e1lyozza a v\u00edz besziv\u00e1rg\u00e1s\u00e1t, mik\u00f6zben lehet\u0151v\u00e9 teszi, hogy az anyag l\u00e9legezzen. Ez azt jelenti, hogy terrakotta vagy agyagcsemp\u00e9s padl\u00f3ja v\u00e9dve van a v\u00edz besziv\u00e1rg\u00e1s\u00e1t\u00f3l, ami id\u0151vel roml\u00e1shoz, pen\u00e9szesed\u00e9shez vagy id\u0151 el\u0151tti kop\u00e1shoz vezethet. Ez az ide\u00e1lis megold\u00e1s a gy\u00f6ny\u00f6r\u0171 fel\u00fcletek meg\u0151rz\u00e9s\u00e9re m\u00e9g magas p\u00e1ratartalm\u00fa k\u00f6rnyezetben is.<\/p>\n<p><strong><img decoding=\"async\" style=\"margin-right: 12px;\" src=\"https:\/\/www.ferberpainting.com\/wp-content\/uploads\/2026\/02\/Check.svg\" alt=\"\" width=\"18\" height=\"15\" \/>P\u00e9nzvisszafizet\u00e9si garancia.<\/strong>\u00a0B\u00edzunk term\u00e9k\u00fcnk hat\u00e9konys\u00e1g\u00e1ban, ez\u00e9rt el\u00e9gedetts\u00e9gi vagy visszat\u00e9r\u00edt\u00e9si garanci\u00e1t v\u00e1llalunk. Ha nem teljesen el\u00e9gedett ennek a v\u00edzszigetel\u0151nek az eredm\u00e9ny\u00e9vel, k\u00e9rheti a teljes visszat\u00e9r\u00edt\u00e9st. Ez a visszat\u00e9r\u00edt\u00e9si politika biztos\u00edtja a nyugalmat a term\u00e9k kock\u00e1zatmentes tesztel\u00e9se sor\u00e1n.<\/p>\n<p><strong><img decoding=\"async\" style=\"margin-right: 12px;\" src=\"https:\/\/www.ferberpainting.com\/wp-content\/uploads\/2026\/02\/Check.svg\" alt=\"\" width=\"18\" height=\"15\" \/>All-in-One v\u00e9delem.<\/strong>\u00a0Ez a terrakotta \u00e9s agyagcser\u00e9p v\u00edzszigetel\u0151 egyed\u00fcl\u00e1ll\u00f3an k\u00e9pes megv\u00e9deni a por\u00f3zus padl\u00f3kat, p\u00e9ld\u00e1ul a terrakotta \u00e9s agyagcser\u00e9p burkol\u00f3lapokat. J\u00f3l m\u0171k\u00f6dik por\u00f3zus term\u00e9szetes anyagokon, p\u00e9ld\u00e1ul m\u00e9szk\u0151n, t\u00e9gl\u00e1n \u00e9s bizonyos cementalap\u00fa fel\u00fcleteken is. Sokoldal\u00fas\u00e1ga miatt nagyszer\u0171 megold\u00e1s nagy, nedvess\u00e9gnek kitett, dekorat\u00edv \u00e9s funkcion\u00e1lis fel\u00fcletekre egyar\u00e1nt, tart\u00f3s \u00e9s l\u00e1thatatlan v\u00e9delmet ny\u00fajtva.<\/p>\n<p><strong><img decoding=\"async\" style=\"margin-right: 12px;\" src=\"https:\/\/www.ferberpainting.com\/wp-content\/uploads\/2026\/02\/Check.svg\" alt=\"\" width=\"18\" height=\"15\" \/>K\u00f6lts\u00e9ghat\u00e9kony.<\/strong>\u00a0Ez a v\u00edzszigetel\u0151 literenk\u00e9nt kiv\u00e1l\u00f3 teljes\u00edtm\u00e9nyt ny\u00fajt. Egy liter \u00e1tlagosan 6 \u00e9s 8 m\u00b2 k\u00f6z\u00f6tti ter\u00fcletet fed le, a fel\u00fclet porozit\u00e1s\u00e1t\u00f3l f\u00fcgg\u0151en. Egy 5 literes tart\u00e1ly ak\u00e1r 40 m\u00b2-t is k\u00e9pes kezelni, \u00edgy okos befektet\u00e9s a padl\u00f3 \u00e9s a dekorat\u00edv fel\u00fcletek v\u00e9delm\u00e9re. Nagy teljes\u00edtm\u00e9nye \u00e9s hossz\u00fa \u00e9lettartama cs\u00f6kkenti a gyakori \u00fajb\u00f3li alkalmaz\u00e1s sz\u00fcks\u00e9gess\u00e9g\u00e9t, \u00e9s seg\u00edt p\u00e9nzt megtakar\u00edtani a karbantart\u00e1son.<\/p>\n<p><strong><img decoding=\"async\" style=\"margin-right: 12px;\" src=\"https:\/\/www.ferberpainting.com\/wp-content\/uploads\/2026\/02\/Check.svg\" alt=\"\" width=\"18\" height=\"15\" \/>Nem m\u00e9rgez\u0151.<\/strong>\u00a0Ezt a term\u00e9ket \u00fagy tervezt\u00e9k, hogy biztons\u00e1gos legyen mind a felhaszn\u00e1l\u00f3k, mind a kezelt fel\u00fcletek sz\u00e1m\u00e1ra. Nem bocs\u00e1t ki k\u00e1ros g\u0151z\u00f6ket \u00e9s nem k\u00e1ros\u00edtja az \u00e9rz\u00e9keny anyagokat. Nem tartalmaz vesz\u00e9lyes anyagokat, \u00edgy ide\u00e1lis otthoni vagy professzion\u00e1lis haszn\u00e1latra. A biztons\u00e1gos \u00e9s hat\u00e9kony eredm\u00e9ny \u00e9rdek\u00e9ben mindig k\u00f6vesse az alkalmaz\u00e1si aj\u00e1nl\u00e1sokat.<\/p>\n<p><strong><img decoding=\"async\" style=\"margin-right: 12px;\" src=\"https:\/\/www.ferberpainting.com\/wp-content\/uploads\/2026\/02\/Check.svg\" alt=\"\" width=\"18\" height=\"15\" \/>K\u00f6nnyen alkalmazhat\u00f3.<\/strong>\u00a0A term\u00e9k haszn\u00e1latra k\u00e9sz, \u00e9s nem ig\u00e9nyel h\u00edg\u00edt\u00e1st. Ecsettel, hengerrel vagy permetez\u0151vel k\u00f6zvetlen\u00fcl a fel\u00fcletre lehet felvinni. Az alkalmaz\u00e1s egyszer\u0171 \u00e9s minden felhaszn\u00e1l\u00f3 sz\u00e1m\u00e1ra el\u00e9rhet\u0151, ak\u00e1r professzion\u00e1lis szersz\u00e1mok n\u00e9lk\u00fcl is. Gyors sz\u00e1rad\u00e1si ideje lehet\u0151v\u00e9 teszi a gyors eredm\u00e9nyt minim\u00e1lis er\u0151fesz\u00edt\u00e9ssel. Nagy ter\u00fcletek eset\u00e9n ez a v\u00edzszigetel\u0151 ide\u00e1lis az alkalmaz\u00e1si id\u0151 cs\u00f6kkent\u00e9s\u00e9re, mik\u00f6zben megb\u00edzhat\u00f3, l\u00e1thatatlan v\u00e9delmet biztos\u00edt.<\/p>\n<p><strong><img decoding=\"async\" style=\"margin-right: 12px;\" src=\"https:\/\/www.ferberpainting.com\/wp-content\/uploads\/2026\/02\/Check.svg\" alt=\"\" width=\"18\" height=\"15\" \/>Tart\u00f3s \u00e9s hossz\u00fa \u00e9lettartam\u00fa.<\/strong>\u00a0A felhord\u00e1s ut\u00e1n ez a v\u00edzszigetel\u0151 \u00e9vekig v\u00e9di a terrakotta \u00e9s agyagcser\u00e9p padl\u00f3t. Norm\u00e1l k\u00f6r\u00fclm\u00e9nyek k\u00f6z\u00f6tt \u00e9s a p\u00e1ratartalomt\u00f3l f\u00fcgg\u0151en egy alkalmaz\u00e1s 2-5 \u00e9vig biztos\u00edthat v\u00e9delmet. Ez a hossz\u00fa \u00e9lettartam jelent\u0151s el\u0151ny a karbantart\u00e1si ig\u00e9nyek cs\u00f6kkent\u00e9se \u00e9s a fel\u00fclet min\u0151s\u00e9g\u00e9nek meg\u0151rz\u00e9se szempontj\u00e1b\u00f3l.<\/p>\n<p><strong><img decoding=\"async\" style=\"margin-right: 12px;\" src=\"https:\/\/www.ferberpainting.com\/wp-content\/uploads\/2026\/02\/Check.svg\" alt=\"\" width=\"18\" height=\"15\" \/>Gyors sz\u00e1rad\u00e1s \u00e9s gyors eredm\u00e9nyek.<\/strong>\u00a0Ez a v\u00edzszigetel\u0151 a gyorsas\u00e1g\u00e1r\u00f3l is ismert. A felhord\u00e1s ut\u00e1n gyorsan behatol a fel\u00fcletbe, \u00e9s ragacsos maradv\u00e1nyok n\u00e9lk\u00fcl kezdi meg m\u0171k\u00f6d\u00e9s\u00e9t. A sz\u00e1rad\u00e1si id\u0151 1-2 \u00f3ra k\u00f6z\u00f6tt mozog, b\u00e1r az optim\u00e1lis eredm\u00e9ny \u00e9rdek\u00e9ben javasoljuk, hogy v\u00e1rjon 24 \u00f3r\u00e1t, miel\u0151tt a fel\u00fcletet v\u00edznek tenn\u00e9 ki. Ez a gyors \u00e1tfut\u00e1si id\u0151 k\u00fcl\u00f6n\u00f6sen hasznos a nedvess\u00e9gre \u00e9rz\u00e9keny fel\u00fcletek folyamatos karbantart\u00e1s\u00e1hoz vagy s\u00fcrg\u0151ss\u00e9gi kezel\u00e9s\u00e9hez.<\/p>\n<h2><strong>Haszn\u00e1lati protokoll<\/strong><\/h2>\n<ul>\n<li><strong>Fel\u00fclet el\u0151k\u00e9sz\u00edt\u00e9s <\/strong>: A term\u00e9k felhord\u00e1sa el\u0151tt gy\u0151z\u0151dj\u00f6n meg arr\u00f3l, hogy a terrakotta vagy agyagcser\u00e9p padl\u00f3 tiszta \u00e9s sz\u00e1raz. Ha sz\u00fcks\u00e9ges, tiszt\u00edtsa meg a fel\u00fcletet tiszt\u00edt\u00f3szerrel a por \u00e9s a zs\u00edr elt\u00e1vol\u00edt\u00e1sa \u00e9rdek\u00e9ben. A fel\u00fcletnek teljesen sz\u00e1raznak kell lennie a term\u00e9k j\u00f3 tapad\u00e1s\u00e1hoz. Ha a csempe nedves, v\u00e1rjon legal\u00e1bb 24 \u00f3r\u00e1t a felhord\u00e1s el\u0151tt.<\/li>\n<li><strong>Term\u00e9k alkalmaz\u00e1sa <\/strong>: Ez a v\u00edzszigetel\u0151 k\u00e9sz, \u00e9s nem ig\u00e9nyel h\u00edg\u00edt\u00e1st. Alkalmazza k\u00f6zvetlen\u00fcl ecsettel, hengerrel vagy permetez\u0151vel. Javasoljuk, hogy szakaszosan dolgozzon az egyenletes fed\u00e9s \u00e9rdek\u00e9ben. A legjobb eredm\u00e9ny el\u00e9r\u00e9se \u00e9rdek\u00e9ben permetez\u0151vel kb. 30 cm t\u00e1vols\u00e1got tartson be. Ha sz\u00fcks\u00e9ges, a jobb tart\u00f3ss\u00e1g \u00e9rdek\u00e9ben alkalmazzon egy m\u00e1sodik r\u00e9teget, k\u00fcl\u00f6n\u00f6sen por\u00f3zus csemp\u00e9ken. A term\u00e9k egyenletes eloszlat\u00e1s\u00e1val ker\u00fclje a t\u00faltel\u00edtetts\u00e9get.<\/li>\n<li><strong>Felhaszn\u00e1land\u00f3 mennyis\u00e9g <\/strong>: Egy liter v\u00edzszigetel\u0151 anyag a fel\u00fclet porozit\u00e1s\u00e1t\u00f3l f\u00fcgg\u0151en \u00e1ltal\u00e1ban 6-8 m\u00b2-t fed le. Egyetlen, optim\u00e1lis bevonat eset\u00e9n egy 5 literes tart\u00e1ly ak\u00e1r 40 m\u00b2-t is k\u00e9pes kezelni. Er\u0151sen nedvsz\u00edv\u00f3 fel\u00fcleteken sz\u00fcks\u00e9g lehet egy m\u00e1sodik r\u00e9tegre. A r\u00e9tegek k\u00f6z\u00f6tt 1-2 \u00f3ra sz\u00e1rad\u00e1si id\u0151t kell hagyni.<\/li>\n<li><strong>Sz\u00e1rad\u00e1si id\u0151 <\/strong>: Hagyja a term\u00e9ket 1-2 \u00f3r\u00e1n \u00e1t sz\u00e1radni, miel\u0151tt a fel\u00fcletet k\u00f6nny\u0171 nedvess\u00e9gnek tenn\u00e9 ki. A teljes hat\u00e9konys\u00e1g \u00e9rdek\u00e9ben hagyja, hogy a v\u00edzz\u00e1r\u00f3 r\u00e9teg 24 \u00f3r\u00e1n kereszt\u00fcl megszil\u00e1rduljon, miel\u0151tt b\u00e1rmilyen v\u00edzzel \u00e9rintkezne. A felhord\u00e1s ut\u00e1n legal\u00e1bb 48 \u00f3r\u00e1n kereszt\u00fcl ker\u00fclje az es\u0151 vagy a magas p\u00e1ratartalom hat\u00e1s\u00e1t.<\/li>\n<li><strong>\u00dajb\u00f3li alkalmaz\u00e1s <\/strong>: Az id\u0151j\u00e1r\u00e1si hat\u00e1sokt\u00f3l f\u00fcgg\u0151en 2-5 \u00e9vente sz\u00fcks\u00e9g lehet az \u00fajb\u00f3li alkalmaz\u00e1sra. Nagy forgalm\u00fa vagy gyakran mosott ter\u00fcleteken az optim\u00e1lis v\u00e9delem fenntart\u00e1sa \u00e9rdek\u00e9ben gyakoribb alkalmaz\u00e1sra lehet sz\u00fcks\u00e9g.<\/li>\n<li><strong>Karbantart\u00e1s <\/strong>: Ez a term\u00e9k nem ig\u00e9nyel k\u00fcl\u00f6nleges karbantart\u00e1st. Egyszer\u0171en csak tiszt\u00edtsa meg a fel\u00fcleteket v\u00edzzel \u00e9s enyhe szappannal a szennyez\u0151d\u00e9sek felhalmoz\u00f3d\u00e1s\u00e1nak megel\u0151z\u00e9se \u00e9rdek\u00e9ben. Ker\u00fclje a durva vegyszereket vagy s\u00farol\u00f3szereket, amelyek k\u00e1ros\u00edthatj\u00e1k a v\u00edz\u00e1ll\u00f3 filmet.<\/li>\n<\/ul>\n<p>\u00d6sszefoglalva, ez a terrakotta \u00e9s agyagcser\u00e9p v\u00edzszigetel\u0151 egy kiv\u00e1l\u00f3 min\u0151s\u00e9g\u0171 term\u00e9k a csempefel\u00fcletek \u00e9lettartam\u00e1nak meghosszabb\u00edt\u00e1s\u00e1ra \u00e9s a nedvess\u00e9g elleni v\u00e9delemre. K\u00f6nnyen alkalmazhat\u00f3, gazdas\u00e1gos \u00e9s hossz\u00fa \u00e9lettartam\u00fa, ide\u00e1lis megold\u00e1s a csemp\u00e9k megjelen\u00e9s\u00e9nek \u00e9s szil\u00e1rds\u00e1g\u00e1nak meg\u0151rz\u00e9s\u00e9re mind lak\u00f3-, mind professzion\u00e1lis k\u00f6rnyezetben.<\/p>","protected":false},"excerpt":{"rendered":"<p>Moisture Protection.\u00a0This waterproofer for terracotta and clay tiles is specifically designed to offer effective moisture protection. It deeply penetrates porous materials, forming an invisible barrier that prevents water from seeping in while still allowing the material to breathe. This means your terracotta or clay tile floors are protected from water infiltration, which can lead to [&hellip;]<\/p>\n","protected":false},"featured_media":35903,"comment_status":"open","ping_status":"closed","template":"","meta":{"_uag_custom_page_level_css":"","site-sidebar-layout":"default","site-content-layout":"","ast-site-content-layout":"default","site-content-style":"default","site-sidebar-style":"default","ast-global-header-display":"","ast-banner-title-visibility":"","ast-main-header-display":"","ast-hfb-above-header-display":"","ast-hfb-below-header-display":"","ast-hfb-mobile-header-display":"","site-post-title":"","ast-breadcrumbs-content":"","ast-featured-img":"","footer-sml-layout":"","ast-disable-related-posts":"","theme-transparent-header-meta":"default","adv-header-id-meta":"","stick-header-meta":"","header-above-stick-meta":"","header-main-stick-meta":"","header-below-stick-meta":"","astra-migrate-meta-layouts":"set","ast-page-background-enabled":"default","ast-page-background-meta":{"desktop":{"background-color":"var(--ast-global-color-4)","background-image":"","background-repeat":"repeat","background-position":"center center","background-size":"auto","background-attachment":"scroll","background-type":"","background-media":"","overlay-type":"","overlay-color":"","overlay-opacity":"","overlay-gradient":""},"tablet":{"background-color":"","background-image":"","background-repeat":"repeat","background-position":"center center","background-size":"auto","background-attachment":"scroll","background-type":"","background-media":"","overlay-type":"","overlay-color":"","overlay-opacity":"","overlay-gradient":""},"mobile":{"background-color":"","background-image":"","background-repeat":"repeat","background-position":"center center","background-size":"auto","background-attachment":"scroll","background-type":"","background-media":"","overlay-type":"","overlay-color":"","overlay-opacity":"","overlay-gradient":""}},"ast-content-background-meta":{"desktop":{"background-color":"var(--ast-global-color-5)","background-image":"","background-repeat":"repeat","background-position":"center center","background-size":"auto","background-attachment":"scroll","background-type":"","background-media":"","overlay-type":"","overlay-color":"","overlay-opacity":"","overlay-gradient":""},"tablet":{"background-color":"var(--ast-global-color-5)","background-image":"","background-repeat":"repeat","background-position":"center center","background-size":"auto","background-attachment":"scroll","background-type":"","background-media":"","overlay-type":"","overlay-color":"","overlay-opacity":"","overlay-gradient":""},"mobile":{"background-color":"var(--ast-global-color-5)","background-image":"","background-repeat":"repeat","background-position":"center center","background-size":"auto","background-attachment":"scroll","background-type":"","background-media":"","overlay-type":"","overlay-color":"","overlay-opacity":"","overlay-gradient":""}}},"product_brand":[],"product_cat":[191],"product_tag":[],"class_list":{"0":"post-25361","1":"product","2":"type-product","3":"status-publish","4":"has-post-thumbnail","6":"product_cat-water-repellent","7":"desktop-align-left","8":"tablet-align-left","9":"mobile-align-left","11":"first","12":"instock","13":"sale","14":"shipping-taxable","15":"purchasable","16":"product-type-variable","17":"has-default-attributes"},"spectra_custom_meta":{"_visibility":["visible"],"_shopify_product_id":["9106628018421"],"_s2w_shopify_domain":["ferberpainting.myshopify.com"],"_shopify_variant_id":["46626359771381"],"_sku":[""],"_manage_stock":["no"],"total_sales":["72"],"_tax_status":["taxable"],"_tax_class":[""],"_backorders":["no"],"_sold_individually":["no"],"_virtual":["no"],"_downloadable":["no"],"_download_limit":["-1"],"_download_expiry":["-1"],"_stock":[null],"_stock_status":["instock"],"_wc_average_rating":["5.00"],"_wc_review_count":["35"],"_product_attributes":["a:1:{s:6:\"volume\";a:6:{s:4:\"name\";s:6:\"Volume\";s:5:\"value\";s:20:\"5 liters | 25 liters\";s:8:\"position\";i:1;s:10:\"is_visible\";i:0;s:12:\"is_variation\";i:1;s:11:\"is_taxonomy\";i:0;}}"],"_product_version":["10.5.1"],"wpse_downloadable_file_names":[""],"wpse_downloadable_file_urls":[""],"_edit_last":["1"],"_default_attributes":["a:1:{s:6:\"volume\";s:8:\"5 liters\";}"],"_edit_lock":["1771241573:1"],"_price":["29.90","129.90"],"merchant-center-availability":["yes"],"merchant-center-category":["503738"],"_thumbnail_id":["35903"],"_wp_page_template":["default"],"_wp_old_date":["2025-05-26"],"_product_image_gallery":["35904"],"site-sidebar-layout":["default"],"ast-site-content-layout":["default"],"site-content-style":["default"],"site-sidebar-style":["default"],"theme-transparent-header-meta":["default"],"_wc_rating_count":["a:1:{i:5;i:35;}"],"astra-migrate-meta-layouts":["set"],"_uag_css_file_name":["uag-css-25361.css"],"_elementor_page_assets":["a:0:{}"],"_uag_page_assets":["a:9:{s:3:\"css\";s:6873:\".wp-block-uagb-image{display:flex}.wp-block-uagb-image__figure{position:relative;display:flex;flex-direction:column;max-width:100%;height:auto;margin:0}.wp-block-uagb-image__figure img{height:auto;display:flex;max-width:100%;transition:box-shadow .2s ease}.wp-block-uagb-image__figure>a{display:inline-block}.wp-block-uagb-image__figure figcaption{text-align:center;margin-top:.5em;margin-bottom:1em}.wp-block-uagb-image .components-placeholder.block-editor-media-placeholder .components-placeholder__instructions{align-self:center}.wp-block-uagb-image--align-left{text-align:left}.wp-block-uagb-image--align-right{text-align:right}.wp-block-uagb-image--align-center{text-align:center}.wp-block-uagb-image--align-full .wp-block-uagb-image__figure{margin-left:calc(50% - 50vw);margin-right:calc(50% - 50vw);max-width:100vw;width:100vw;height:auto}.wp-block-uagb-image--align-full .wp-block-uagb-image__figure img{height:auto;width:100% !important}.wp-block-uagb-image--align-wide .wp-block-uagb-image__figure img{height:auto;width:100%}.wp-block-uagb-image--layout-overlay__color-wrapper{position:absolute;left:0;top:0;right:0;bottom:0;opacity:.2;background:rgba(0,0,0,.5);transition:opacity .35s ease-in-out}.wp-block-uagb-image--layout-overlay-link{position:absolute;left:0;right:0;bottom:0;top:0}.wp-block-uagb-image--layout-overlay .wp-block-uagb-image__figure:hover .wp-block-uagb-image--layout-overlay__color-wrapper{opacity:1}.wp-block-uagb-image--layout-overlay__inner{position:absolute;left:15px;right:15px;bottom:15px;top:15px;display:flex;align-items:center;justify-content:center;flex-direction:column;border-color:#fff;transition:.35s ease-in-out}.wp-block-uagb-image--layout-overlay__inner.top-left,.wp-block-uagb-image--layout-overlay__inner.top-center,.wp-block-uagb-image--layout-overlay__inner.top-right{justify-content:flex-start}.wp-block-uagb-image--layout-overlay__inner.bottom-left,.wp-block-uagb-image--layout-overlay__inner.bottom-center,.wp-block-uagb-image--layout-overlay__inner.bottom-right{justify-content:flex-end}.wp-block-uagb-image--layout-overlay__inner.top-left,.wp-block-uagb-image--layout-overlay__inner.center-left,.wp-block-uagb-image--layout-overlay__inner.bottom-left{align-items:flex-start}.wp-block-uagb-image--layout-overlay__inner.top-right,.wp-block-uagb-image--layout-overlay__inner.center-right,.wp-block-uagb-image--layout-overlay__inner.bottom-right{align-items:flex-end}.wp-block-uagb-image--layout-overlay__inner .uagb-image-heading{color:#fff;transition:transform .35s,opacity .35s ease-in-out;transform:translate3d(0, 24px, 0);margin:0;line-height:1em}.wp-block-uagb-image--layout-overlay__inner .uagb-image-separator{width:30%;border-top-width:2px;border-top-color:#fff;border-top-style:solid;margin-bottom:10px;opacity:0;transition:transform .4s,opacity .4s ease-in-out;transform:translate3d(0, 30px, 0)}.wp-block-uagb-image--layout-overlay__inner .uagb-image-caption{opacity:0;overflow:visible;color:#fff;transition:transform .45s,opacity .45s ease-in-out;transform:translate3d(0, 35px, 0)}.wp-block-uagb-image--layout-overlay__inner:hover .uagb-image-heading,.wp-block-uagb-image--layout-overlay__inner:hover .uagb-image-separator,.wp-block-uagb-image--layout-overlay__inner:hover .uagb-image-caption{opacity:1;transform:translate3d(0, 0, 0)}.wp-block-uagb-image--effect-zoomin .wp-block-uagb-image__figure img,.wp-block-uagb-image--effect-zoomin .wp-block-uagb-image__figure .wp-block-uagb-image--layout-overlay__color-wrapper{transform:scale(1);transition:transform .35s ease-in-out}.wp-block-uagb-image--effect-zoomin .wp-block-uagb-image__figure:hover img,.wp-block-uagb-image--effect-zoomin .wp-block-uagb-image__figure:hover .wp-block-uagb-image--layout-overlay__color-wrapper{transform:scale(1.05)}.wp-block-uagb-image--effect-slide .wp-block-uagb-image__figure img,.wp-block-uagb-image--effect-slide .wp-block-uagb-image__figure .wp-block-uagb-image--layout-overlay__color-wrapper{width:calc(100% + 40px) !important;max-width:none !important;transform:translate3d(-40px, 0, 0);transition:transform .35s ease-in-out}.wp-block-uagb-image--effect-slide .wp-block-uagb-image__figure:hover img,.wp-block-uagb-image--effect-slide .wp-block-uagb-image__figure:hover .wp-block-uagb-image--layout-overlay__color-wrapper{transform:translate3d(0, 0, 0)}.wp-block-uagb-image--effect-grayscale img{filter:grayscale(0%);transition:.35s ease-in-out}.wp-block-uagb-image--effect-grayscale:hover img{filter:grayscale(100%)}.wp-block-uagb-image--effect-blur img{filter:blur(0);transition:.35s ease-in-out}.wp-block-uagb-image--effect-blur:hover img{filter:blur(3px)}.uagb-block-e6f939b3.wp-block-uagb-image--layout-default figure img{box-shadow: 0px 0px 0 #00000070;}.uagb-block-e6f939b3.wp-block-uagb-image .wp-block-uagb-image__figure figcaption{font-style: normal;align-self: center;}.uagb-block-e6f939b3.wp-block-uagb-image--layout-overlay figure img{box-shadow: 0px 0px 0 #00000070;}.uagb-block-e6f939b3.wp-block-uagb-image--layout-overlay .wp-block-uagb-image--layout-overlay__color-wrapper{opacity: 0.2;}.uagb-block-e6f939b3.wp-block-uagb-image--layout-overlay .wp-block-uagb-image--layout-overlay__inner{left: 15px;right: 15px;top: 15px;bottom: 15px;}.uagb-block-e6f939b3.wp-block-uagb-image--layout-overlay .wp-block-uagb-image--layout-overlay__inner .uagb-image-heading{font-style: normal;color: #fff;opacity: 1;}.uagb-block-e6f939b3.wp-block-uagb-image--layout-overlay .wp-block-uagb-image--layout-overlay__inner .uagb-image-heading a{color: #fff;}.uagb-block-e6f939b3.wp-block-uagb-image--layout-overlay .wp-block-uagb-image--layout-overlay__inner .uagb-image-caption{opacity: 0;}.uagb-block-e6f939b3.wp-block-uagb-image--layout-overlay .wp-block-uagb-image__figure:hover .wp-block-uagb-image--layout-overlay__color-wrapper{opacity: 1;}.uagb-block-e6f939b3.wp-block-uagb-image .wp-block-uagb-image--layout-overlay__inner .uagb-image-separator{width: 30%;border-top-width: 2px;border-top-color: #fff;opacity: 0;}.uagb-block-e6f939b3.wp-block-uagb-image .wp-block-uagb-image__figure img{width: px;height: auto;}.uagb-block-e6f939b3.wp-block-uagb-image .wp-block-uagb-image__figure:hover .wp-block-uagb-image--layout-overlay__inner .uagb-image-caption{opacity: 1;}.uagb-block-e6f939b3.wp-block-uagb-image .wp-block-uagb-image__figure:hover .wp-block-uagb-image--layout-overlay__inner .uagb-image-separator{opacity: 1;}.uagb-block-e6f939b3.wp-block-uagb-image--layout-default figure:hover img{box-shadow: 0px 0px 0 #00000070;}.uagb-block-e6f939b3.wp-block-uagb-image--layout-overlay figure:hover img{box-shadow: 0px 0px 0 #00000070;}@media only screen and (max-width: 976px) {.uagb-block-e6f939b3.wp-block-uagb-image .wp-block-uagb-image__figure img{width: px;height: auto;}}@media only screen and (max-width: 767px) {.uagb-block-e6f939b3.wp-block-uagb-image .wp-block-uagb-image__figure img{width: px;height: auto;}}\";s:2:\"js\";s:0:\"\";s:18:\"current_block_list\";a:13:{i:0;s:11:\"core\/search\";i:1;s:10:\"core\/group\";i:2;s:12:\"core\/heading\";i:3;s:17:\"core\/latest-posts\";i:4;s:20:\"core\/latest-comments\";i:5;s:13:\"core\/archives\";i:6;s:15:\"core\/categories\";i:7;s:14:\"core\/paragraph\";i:8;s:10:\"uagb\/image\";i:9;s:11:\"core\/spacer\";i:10;s:30:\"woocommerce\/product-categories\";i:11;s:10:\"core\/image\";i:12;s:14:\"core\/shortcode\";}s:8:\"uag_flag\";b:1;s:11:\"uag_version\";s:10:\"1777125050\";s:6:\"gfonts\";a:0:{}s:10:\"gfonts_url\";s:0:\"\";s:12:\"gfonts_files\";a:0:{}s:14:\"uag_faq_layout\";b:0;}"]},"uagb_featured_image_src":{"full":["https:\/\/www.ferberpainting.com\/wp-content\/uploads\/2025\/05\/Terracotta-Water-Repellent-5L-.png",2560,2560,false],"thumbnail":["https:\/\/www.ferberpainting.com\/wp-content\/uploads\/2025\/05\/Terracotta-Water-Repellent-5L--150x150.png",150,150,true],"medium":["https:\/\/www.ferberpainting.com\/wp-content\/uploads\/2025\/05\/Terracotta-Water-Repellent-5L--300x300.png",300,300,true],"medium_large":["https:\/\/www.ferberpainting.com\/wp-content\/uploads\/2025\/05\/Terracotta-Water-Repellent-5L--768x768.png",768,768,true],"large":["https:\/\/www.ferberpainting.com\/wp-content\/uploads\/2025\/05\/Terracotta-Water-Repellent-5L--1024x1024.png",1024,1024,true],"1536x1536":["https:\/\/www.ferberpainting.com\/wp-content\/uploads\/2025\/05\/Terracotta-Water-Repellent-5L--1536x1536.png",1536,1536,true],"2048x2048":["https:\/\/www.ferberpainting.com\/wp-content\/uploads\/2025\/05\/Terracotta-Water-Repellent-5L--2048x2048.png",2048,2048,true],"trp-custom-language-flag":["https:\/\/www.ferberpainting.com\/wp-content\/uploads\/2025\/05\/Terracotta-Water-Repellent-5L--12x12.png",12,12,true],"woocommerce_thumbnail":["https:\/\/www.ferberpainting.com\/wp-content\/uploads\/2025\/05\/Terracotta-Water-Repellent-5L--300x300.png",300,300,true],"woocommerce_single":["https:\/\/www.ferberpainting.com\/wp-content\/uploads\/2025\/05\/Terracotta-Water-Repellent-5L--600x600.png",600,600,true],"woocommerce_gallery_thumbnail":["https:\/\/www.ferberpainting.com\/wp-content\/uploads\/2025\/05\/Terracotta-Water-Repellent-5L--100x100.png",100,100,true]},"uagb_author_info":{"display_name":"admin","author_link":"https:\/\/www.ferberpainting.com\/hu\/author\/"},"uagb_comment_info":35,"uagb_excerpt":"Moisture Protection.\u00a0This waterproofer for terracotta and clay tiles is specifically designed to offer effective moisture protection. It deeply penetrates porous materials, forming an invisible barrier that prevents water from seeping in while still allowing the material to breathe. This means your terracotta or clay tile floors are protected from water infiltration, which can lead to&hellip;","_links":{"self":[{"href":"https:\/\/www.ferberpainting.com\/hu\/wp-json\/wp\/v2\/product\/25361","targetHints":{"allow":["GET"]}}],"collection":[{"href":"https:\/\/www.ferberpainting.com\/hu\/wp-json\/wp\/v2\/product"}],"about":[{"href":"https:\/\/www.ferberpainting.com\/hu\/wp-json\/wp\/v2\/types\/product"}],"replies":[{"embeddable":true,"href":"https:\/\/www.ferberpainting.com\/hu\/wp-json\/wp\/v2\/comments?post=25361"}],"version-history":[{"count":3,"href":"https:\/\/www.ferberpainting.com\/hu\/wp-json\/wp\/v2\/product\/25361\/revisions"}],"predecessor-version":[{"id":167379,"href":"https:\/\/www.ferberpainting.com\/hu\/wp-json\/wp\/v2\/product\/25361\/revisions\/167379"}],"wp:featuredmedia":[{"embeddable":true,"href":"https:\/\/www.ferberpainting.com\/hu\/wp-json\/wp\/v2\/media\/35903"}],"wp:attachment":[{"href":"https:\/\/www.ferberpainting.com\/hu\/wp-json\/wp\/v2\/media?parent=25361"}],"wp:term":[{"taxonomy":"product_brand","embeddable":true,"href":"https:\/\/www.ferberpainting.com\/hu\/wp-json\/wp\/v2\/product_brand?post=25361"},{"taxonomy":"product_cat","embeddable":true,"href":"https:\/\/www.ferberpainting.com\/hu\/wp-json\/wp\/v2\/product_cat?post=25361"},{"taxonomy":"product_tag","embeddable":true,"href":"https:\/\/www.ferberpainting.com\/hu\/wp-json\/wp\/v2\/product_tag?post=25361"}],"curies":[{"name":"wp","href":"https:\/\/api.w.org\/{rel}","templated":true}]}}