{"id":25355,"date":"2025-05-26T10:31:09","date_gmt":"2025-05-26T08:31:09","guid":{"rendered":"https:\/\/www.ferberpainting.com\/products\/terrace-water-repellent\/"},"modified":"2026-02-16T12:31:27","modified_gmt":"2026-02-16T11:31:27","slug":"terrace-water-repellent","status":"publish","type":"product","link":"https:\/\/www.ferberpainting.com\/hu\/products\/terrace-water-repellent\/","title":{"rendered":"Terasz v\u00edzleperget\u0151"},"content":{"rendered":"<p><strong><img decoding=\"async\" style=\"margin-right: 12px;\" src=\"https:\/\/www.ferberpainting.com\/wp-content\/uploads\/2026\/02\/Check.svg\" alt=\"\" width=\"18\" height=\"15\" \/>Hosszan tart\u00f3 v\u00edz\u00e1ll\u00f3 v\u00e9delmet ny\u00fajt a teraszfel\u00fcleteknek.<\/strong> A terasz v\u00edzleperget\u0151 anyagunkat kifejezetten arra tervezt\u00e9k, hogy megv\u00e9dje a k\u00fclt\u00e9ri \u00e1sv\u00e1nyi fel\u00fcleteket a v\u00edz besziv\u00e1rg\u00e1sa, a nedvess\u00e9g okozta k\u00e1rok \u00e9s az id\u0151j\u00e1r\u00e1s okozta roml\u00e1s ellen. A fejlett formula m\u00e9lyen behatol a por\u00f3zus anyagokba, \u00e9s l\u00e1thatatlan hidrof\u00f3b g\u00e1tat k\u00e9pez, amely tasz\u00edtja az es\u0151vizet, mik\u00f6zben hagyja a fel\u00fcletet l\u00e9legezni. A v\u00edzfelv\u00e9tel megakad\u00e1lyoz\u00e1s\u00e1val cs\u00f6kkenti a repedez\u00e9st, a fagyk\u00e1rokat, a kivir\u00e1gz\u00e1st \u00e9s a szerkezeti gyeng\u00fcl\u00e9st, \u00edgy \u00e9veken \u00e1t meg\u0151rzi terasza megjelen\u00e9s\u00e9t \u00e9s tart\u00f3ss\u00e1g\u00e1t.<\/p>\n<p><strong><img decoding=\"async\" style=\"margin-right: 12px;\" src=\"https:\/\/www.ferberpainting.com\/wp-content\/uploads\/2026\/02\/Check.svg\" alt=\"\" width=\"18\" height=\"15\" \/>A teljes bizalom \u00e9rdek\u00e9ben p\u00e9nzvisszafizet\u00e9si garanci\u00e1t k\u00edn\u00e1lunk.<\/strong> Az \u00d6n el\u00e9gedetts\u00e9ge a mi priorit\u00e1sunk, \u00e9s teljes m\u00e9rt\u00e9kben ki\u00e1llunk a terasz v\u00edzleperget\u0151 anyagaink teljes\u00edtm\u00e9nye m\u00f6g\u00f6tt. Ha nem teljesen el\u00e9gedett az eredm\u00e9nnyel, visszat\u00e9r\u00edtj\u00fck a v\u00e9tel\u00e1r\u00e1t. Ez a p\u00e9nzvisszafizet\u00e9si garancia lehet\u0151v\u00e9 teszi, hogy kock\u00e1zat n\u00e9lk\u00fcl kipr\u00f3b\u00e1lhassa a term\u00e9ket, tudva, hogy befektet\u00e9se v\u00e9dve van, \u00e9s a min\u0151s\u00e9g ir\u00e1nti elk\u00f6telezetts\u00e9g\u00fcnk t\u00e1mogatja.<\/p>\n<p><strong><img decoding=\"async\" style=\"margin-right: 12px;\" src=\"https:\/\/www.ferberpainting.com\/wp-content\/uploads\/2026\/02\/Check.svg\" alt=\"\" width=\"18\" height=\"15\" \/>A leghat\u00e9konyabb v\u00edzleperget\u0151 megold\u00e1s a piacon.<\/strong> Professzion\u00e1lis min\u0151s\u00e9g\u0171 formul\u00e1nk kiv\u00e1l\u00f3 hidrof\u00f3b teljes\u00edtm\u00e9nyt ny\u00fajt a hagyom\u00e1nyos t\u00f6m\u00edt\u0151anyagokhoz k\u00e9pest. M\u00e9lyen behatol a k\u0151be, betonba \u00e9s burkol\u00f3anyagokba, hogy tart\u00f3s bels\u0151 v\u00e9delmet hozzon l\u00e9tre, ahelyett, hogy fel\u00fcletes filmr\u00e9teget k\u00e9pezne, amely lev\u00e1lhat vagy megrepedhet. Az eredm\u00e9ny rendk\u00edv\u00fcl hat\u00e9kony, hossz\u00fa t\u00e1v\u00fa ellen\u00e1ll\u00e1s a v\u00edz behatol\u00e1s\u00e1val szemben, ami seg\u00edt megel\u0151zni a hossz\u00fa t\u00e1v\u00fa nedvess\u00e9gk\u00e1rokat \u00e9s cs\u00f6kkenti a karbantart\u00e1s gyakoris\u00e1g\u00e1t.<\/p>\n<p><strong><img decoding=\"async\" style=\"margin-right: 12px;\" src=\"https:\/\/www.ferberpainting.com\/wp-content\/uploads\/2026\/02\/Check.svg\" alt=\"\" width=\"18\" height=\"15\" \/>Az el\u00e9rhet\u0151 legolcs\u00f3bb professzion\u00e1lis terasz v\u00edzleperget\u0151.<\/strong> A magas szint\u0171 v\u00e9delem nem felt\u00e9tlen\u00fcl dr\u00e1ga. Mi k\u00edn\u00e1ljuk a legversenyk\u00e9pesebb \u00e1rakat an\u00e9lk\u00fcl, hogy kompromisszumot k\u00f6tn\u00e9nk a teljes\u00edtm\u00e9ny ter\u00e9n. A gy\u00e1rt\u00e1si \u00e9s forgalmaz\u00e1si folyamatok optimaliz\u00e1l\u00e1s\u00e1val pr\u00e9mium min\u0151s\u00e9g\u0171 teraszv\u00e9delmet biztos\u00edtunk a hasonl\u00f3 term\u00e9kekhez k\u00e9pest a legalacsonyabb \u00e1ron, \u00edgy maxim\u00e1lis \u00e9rt\u00e9ket kap a befektet\u00e9s\u00e9\u00e9rt.<\/p>\n<p><strong><img decoding=\"async\" style=\"margin-right: 12px;\" src=\"https:\/\/www.ferberpainting.com\/wp-content\/uploads\/2026\/02\/Check.svg\" alt=\"\" width=\"18\" height=\"15\" \/>Garant\u00e1lt 24 \u00f3r\u00e1s sz\u00e1ll\u00edt\u00e1s az azonnali v\u00e9delem \u00e9rdek\u00e9ben.<\/strong> Ha terasza heves es\u0151z\u00e9seknek vagy szezon\u00e1lis id\u0151j\u00e1r\u00e1s-v\u00e1ltoz\u00e1soknak van kit\u00e9ve, a gyors cselekv\u00e9s elengedhetetlen. Ez\u00e9rt k\u00edn\u00e1lunk megb\u00edzhat\u00f3, 24 \u00f3r\u00e1s kisz\u00e1ll\u00edt\u00e1st, amely biztos\u00edtja, hogy terasza v\u00edzleperget\u0151je gyorsan meg\u00e9rkezzen, \u00e9s k\u00e9sedelem n\u00e9lk\u00fcl k\u00e9szen \u00e1lljon a felhord\u00e1sra. Ez a gyors sz\u00e1ll\u00edt\u00e1s lehet\u0151v\u00e9 teszi, hogy \u00d6n azonnal \u00e9s hat\u00e9konyan megv\u00e9dje fel\u00fcleteit.<\/p>\n<p><strong><img decoding=\"async\" style=\"margin-right: 12px;\" src=\"https:\/\/www.ferberpainting.com\/wp-content\/uploads\/2026\/02\/Check.svg\" alt=\"\" width=\"18\" height=\"15\" \/>Literenk\u00e9nt 10 m\u00b2 hat\u00e9kony lefedetts\u00e9g a pontos projekttervez\u00e9shez.<\/strong> Egy liter terasz v\u00edzleperget\u0151 anyagunk ak\u00e1r 10 n\u00e9gyzetm\u00e9tert is kezelhet, a fel\u00fclet porozit\u00e1s\u00e1t\u00f3l \u00e9s a felsz\u00edv\u00f3d\u00e1si sebess\u00e9gt\u0151l f\u00fcgg\u0151en. Ez az egy\u00e9rtelm\u0171 fedetts\u00e9gi ar\u00e1ny megk\u00f6nny\u00edti a sz\u00fcks\u00e9ges mennyis\u00e9g pontos kisz\u00e1m\u00edt\u00e1s\u00e1t, biztos\u00edtva a k\u00f6lts\u00e9gkontrollt \u00e9s a hullad\u00e9k minimaliz\u00e1l\u00e1s\u00e1t, mik\u00f6zben egyenletes v\u00e9delmet biztos\u00edt a teljes kezelt ter\u00fcleten.<\/p>\n<p><strong><img decoding=\"async\" style=\"margin-right: 12px;\" src=\"https:\/\/www.ferberpainting.com\/wp-content\/uploads\/2026\/02\/Check.svg\" alt=\"\" width=\"18\" height=\"15\" \/>L\u00e1thatatlan kivitel, amely meg\u0151rzi a terasz term\u00e9szetes megjelen\u00e9s\u00e9t.<\/strong> A formula \u00e1tl\u00e1tsz\u00f3, nem filmk\u00e9pz\u0151 barriert hoz l\u00e9tre, amely nem v\u00e1ltoztatja meg a fel\u00fclet sz\u00edn\u00e9t, text\u00far\u00e1j\u00e1t vagy eszt\u00e9tikai jelleg\u00e9t. Terasza meg\u0151rzi autentikus megjelen\u00e9s\u00e9t, mik\u00f6zben fejlett nedvess\u00e9gv\u00e9delemben r\u00e9szes\u00fcl, elker\u00fclve a f\u00e9nyes vagy mesters\u00e9ges fel\u00fcleteket.<\/p>\n<p><strong><img decoding=\"async\" style=\"margin-right: 12px;\" src=\"https:\/\/www.ferberpainting.com\/wp-content\/uploads\/2026\/02\/Check.svg\" alt=\"\" width=\"18\" height=\"15\" \/>Cs\u00f6kkenti a fagyk\u00e1rokat, a reped\u00e9seket \u00e9s a kivir\u00e1gz\u00e1st.<\/strong> A v\u00edzfelv\u00e9tel korl\u00e1toz\u00e1s\u00e1val a term\u00e9k jelent\u0151sen cs\u00f6kkenti a reped\u00e9seket \u00e9s fel\u00fcleti roml\u00e1st okoz\u00f3 fagy\u00e1si-olvad\u00e1si ciklusok kock\u00e1zat\u00e1t. Seg\u00edt tov\u00e1bb\u00e1 megel\u0151zni a nedvess\u00e9gv\u00e1ndorl\u00e1s okozta feh\u00e9r s\u00f3lerak\u00f3d\u00e1sokat, \u00edgy a teraszfel\u00fclet id\u0151vel tiszt\u00e1bb \u00e9s vonz\u00f3bb marad.<\/p>\n<p><strong><img decoding=\"async\" style=\"margin-right: 12px;\" src=\"https:\/\/www.ferberpainting.com\/wp-content\/uploads\/2026\/02\/Check.svg\" alt=\"\" width=\"18\" height=\"15\" \/>K\u00fclt\u00e9ri anyagok sz\u00e9les sk\u00e1l\u00e1j\u00e1hoz alkalmas.<\/strong> Ez a sokoldal\u00fa v\u00edzleperget\u0151 alkalmazhat\u00f3 betonra, term\u00e9szetes k\u0151re, j\u00e1r\u00f3lapra, t\u00e9gl\u00e1ra \u00e9s m\u00e1s \u00e1sv\u00e1nyi alap\u00fa teraszanyagokra. Alkalmazkodik a k\u00fcl\u00f6nb\u00f6z\u0151 text\u00far\u00e1khoz \u00e9s fel\u00fcletekhez, mik\u00f6zben meg\u0151rzi a szerkezeti integrit\u00e1st \u00e9s k\u00f6vetkezetes v\u00e9delmet ny\u00fajt.<\/p>\n<p><strong><img decoding=\"async\" style=\"margin-right: 12px;\" src=\"https:\/\/www.ferberpainting.com\/wp-content\/uploads\/2026\/02\/Check.svg\" alt=\"\" width=\"18\" height=\"15\" \/>K\u00f6nny\u0171 alkalmaz\u00e1s szakemberek \u00e9s lak\u00e1stulajdonosok sz\u00e1m\u00e1ra.<\/strong> A k\u00e9nyelmes haszn\u00e1latra tervezett terasz v\u00edzleperget\u0151 ecsettel, hengerrel vagy alacsony nyom\u00e1s\u00fa permetez\u0151vel alkalmazhat\u00f3. A sima, k\u00f6nnyen eloszlathat\u00f3 konzisztencia egyenletes behatol\u00e1st \u00e9s hat\u00e9kony lefedetts\u00e9get biztos\u00edt, \u00edgy alkalmas mind a kis lak\u00f3teraszokon, mind a nagy kereskedelmi k\u00fclt\u00e9ri tereken.<\/p>\n<h2><strong>Utas\u00edt\u00e1sok<\/strong><\/h2>\n<ul>\n<li>A felhord\u00e1s el\u0151tt gy\u0151z\u0151dj\u00f6n meg arr\u00f3l, hogy a terasz fel\u00fclete tiszta, sz\u00e1raz, por, szennyez\u0151d\u00e9s, moha, alga, zs\u00edr vagy kor\u00e1bbi bevonatokt\u00f3l mentes.<\/li>\n<li>A frissen tiszt\u00edtott fel\u00fcleteket hagyja teljesen megsz\u00e1radni, mivel a nedvess\u00e9g cs\u00f6kkentheti a behatol\u00e1st \u00e9s a hat\u00e9konys\u00e1got.<\/li>\n<li>Haszn\u00e1lat el\u0151tt alaposan r\u00e1zza fel vagy keverje fel a term\u00e9ket az egyenletes \u00f6sszet\u00e9tel biztos\u00edt\u00e1sa \u00e9rdek\u00e9ben.<\/li>\n<li>Tesztelje a term\u00e9ket egy kis, nem felt\u0171n\u0151 ter\u00fcleten, hogy megbizonyosodjon a kompatibilit\u00e1sr\u00f3l, \u00e9s ellen\u0151rizze, hogy a megjelen\u00e9s v\u00e1ltozatlan marad.<\/li>\n<li>A v\u00edztasz\u00edt\u00f3t egyenletesen vigye fel ecsettel, hengerrel vagy alacsony nyom\u00e1s\u00fa permetez\u0151vel, biztos\u00edtva, hogy a fel\u00fclet egyenletesen tel\u00edt\u0151dj\u00f6n, an\u00e9lk\u00fcl, hogy t\u00f3cs\u00e1k keletkezn\u00e9nek.<\/li>\n<li>Az aj\u00e1nlott adagol\u00e1s k\u00f6r\u00fclbel\u00fcl 100 ml n\u00e9gyzetm\u00e9terenk\u00e9nt, mivel egy liter ak\u00e1r 10 m\u00b2-t is kezelhet. Az er\u0151sen por\u00f3zus fel\u00fcletek valamivel nagyobb fogyaszt\u00e1st ig\u00e9nyelhetnek.<\/li>\n<li>Egy egys\u00e9ges r\u00e9tegben vigye fel a szok\u00e1sos v\u00e9delemhez. Nagyon por\u00f3zus anyagok eset\u00e9ben egy m\u00e1sodik nedves-nedves felhord\u00e1s is elv\u00e9gezhet\u0151, mik\u00f6zben az els\u0151 r\u00e9teg m\u00e9g felsz\u00edv\u00f3dik.<\/li>\n<li>Ker\u00fclje a kijuttat\u00e1st es\u0151ben, er\u0151s sz\u00e9lben, vagy ha a kezel\u00e9st k\u00f6vet\u0151 24 \u00f3r\u00e1n bel\u00fcl es\u0151 v\u00e1rhat\u00f3.<\/li>\n<li>Hagyja a kezelt fel\u00fcletet legal\u00e1bb 24 \u00f3r\u00e1n \u00e1t sz\u00e1radni, miel\u0151tt er\u0151s es\u0151nek vagy gyalogosforgalomnak tenn\u00e9 ki.<\/li>\n<li>Haszn\u00e1lat ut\u00e1n azonnal tiszt\u00edtsa meg a szersz\u00e1mokat a term\u00e9k tiszt\u00edt\u00e1si aj\u00e1nl\u00e1sainak megfelel\u0151en.<\/li>\n<li>Az optim\u00e1lis hossz\u00fa t\u00e1v\u00fa v\u00e9delem \u00e9rdek\u00e9ben rendszeresen ellen\u0151rizze a fel\u00fcletet, \u00e9s ha a v\u00edz m\u00e1r nem gy\u00f6ngy\u00f6zik a fel\u00fcleten, akkor vigye fel \u00fajra.<\/li>\n<li>A term\u00e9ket szorosan lez\u00e1rva, h\u0171v\u00f6s, sz\u00e1raz, fagyt\u00f3l \u00e9s k\u00f6zvetlen napf\u00e9nyt\u0151l v\u00e9dett helyen t\u00e1rolja. Gyermekek el\u0151l elz\u00e1rva tartand\u00f3, \u00e9s a kezel\u00e9s \u00e9s alkalmaz\u00e1s sor\u00e1n tartsa be a szok\u00e1sos biztons\u00e1gi \u00f3vint\u00e9zked\u00e9seket.<\/li>\n<\/ul>","protected":false},"excerpt":{"rendered":"<p>Provide long-lasting waterproof protection for your terrace surfaces. Our terrace water repellent is specially designed to protect outdoor mineral surfaces against water infiltration, moisture damage, and weather-related deterioration. The advanced formula penetrates deeply into porous materials and forms an invisible hydrophobic barrier that repels rainwater while allowing the surface to breathe. By preventing water absorption, [&hellip;]<\/p>\n","protected":false},"featured_media":27206,"comment_status":"open","ping_status":"closed","template":"","meta":{"_uag_custom_page_level_css":"","site-sidebar-layout":"default","site-content-layout":"","ast-site-content-layout":"default","site-content-style":"default","site-sidebar-style":"default","ast-global-header-display":"","ast-banner-title-visibility":"","ast-main-header-display":"","ast-hfb-above-header-display":"","ast-hfb-below-header-display":"","ast-hfb-mobile-header-display":"","site-post-title":"","ast-breadcrumbs-content":"","ast-featured-img":"","footer-sml-layout":"","ast-disable-related-posts":"","theme-transparent-header-meta":"default","adv-header-id-meta":"","stick-header-meta":"","header-above-stick-meta":"","header-main-stick-meta":"","header-below-stick-meta":"","astra-migrate-meta-layouts":"set","ast-page-background-enabled":"default","ast-page-background-meta":{"desktop":{"background-color":"var(--ast-global-color-4)","background-image":"","background-repeat":"repeat","background-position":"center center","background-size":"auto","background-attachment":"scroll","background-type":"","background-media":"","overlay-type":"","overlay-color":"","overlay-opacity":"","overlay-gradient":""},"tablet":{"background-color":"","background-image":"","background-repeat":"repeat","background-position":"center center","background-size":"auto","background-attachment":"scroll","background-type":"","background-media":"","overlay-type":"","overlay-color":"","overlay-opacity":"","overlay-gradient":""},"mobile":{"background-color":"","background-image":"","background-repeat":"repeat","background-position":"center center","background-size":"auto","background-attachment":"scroll","background-type":"","background-media":"","overlay-type":"","overlay-color":"","overlay-opacity":"","overlay-gradient":""}},"ast-content-background-meta":{"desktop":{"background-color":"var(--ast-global-color-5)","background-image":"","background-repeat":"repeat","background-position":"center center","background-size":"auto","background-attachment":"scroll","background-type":"","background-media":"","overlay-type":"","overlay-color":"","overlay-opacity":"","overlay-gradient":""},"tablet":{"background-color":"var(--ast-global-color-5)","background-image":"","background-repeat":"repeat","background-position":"center center","background-size":"auto","background-attachment":"scroll","background-type":"","background-media":"","overlay-type":"","overlay-color":"","overlay-opacity":"","overlay-gradient":""},"mobile":{"background-color":"var(--ast-global-color-5)","background-image":"","background-repeat":"repeat","background-position":"center center","background-size":"auto","background-attachment":"scroll","background-type":"","background-media":"","overlay-type":"","overlay-color":"","overlay-opacity":"","overlay-gradient":""}}},"product_brand":[],"product_cat":[191],"product_tag":[],"class_list":{"0":"post-25355","1":"product","2":"type-product","3":"status-publish","4":"has-post-thumbnail","6":"product_cat-water-repellent","7":"desktop-align-left","8":"tablet-align-left","9":"mobile-align-left","11":"first","12":"instock","13":"sale","14":"taxable","15":"shipping-taxable","16":"purchasable","17":"product-type-variable","18":"has-default-attributes"},"spectra_custom_meta":{"_visibility":["visible"],"_shopify_product_id":["8051449168117"],"_s2w_shopify_domain":["ferberpainting.myshopify.com"],"_shopify_variant_id":["43849350676725"],"_sku":[""],"_manage_stock":["no"],"total_sales":["201"],"_tax_status":["taxable"],"_tax_class":[""],"_backorders":["no"],"_sold_individually":["no"],"_virtual":["no"],"_downloadable":["no"],"_download_limit":["-1"],"_download_expiry":["-1"],"_stock":[null],"_stock_status":["instock"],"_wc_average_rating":["5.00"],"_wc_review_count":["72"],"_product_attributes":["a:1:{s:6:\"volume\";a:6:{s:4:\"name\";s:6:\"Volume\";s:5:\"value\";s:20:\"5 liters | 25 liters\";s:8:\"position\";i:1;s:10:\"is_visible\";i:0;s:12:\"is_variation\";i:1;s:11:\"is_taxonomy\";i:0;}}"],"_product_version":["10.5.1"],"_thumbnail_id":["27206"],"_price":["29.90","129.90"],"_product_image_gallery":["27207"],"merchant-center-availability":["yes"],"merchant-center-category":["503744"],"merchant-center-id":["HT5L"],"wpse_downloadable_file_names":[""],"wpse_downloadable_file_urls":[""],"_edit_last":["1"],"_default_attributes":["a:1:{s:6:\"volume\";s:8:\"5 liters\";}"],"_wc_rating_count":["a:1:{i:5;i:72;}"],"_edit_lock":["1773040218:5317"],"_wp_page_template":["default"],"site-sidebar-layout":["default"],"ast-site-content-layout":["default"],"site-content-style":["default"],"site-sidebar-style":["default"],"theme-transparent-header-meta":["default"],"astra-migrate-meta-layouts":["set"],"_uag_css_file_name":["uag-css-25355.css"],"_elementor_page_assets":["a:0:{}"],"_uag_page_assets":["a:9:{s:3:\"css\";s:6873:\".wp-block-uagb-image{display:flex}.wp-block-uagb-image__figure{position:relative;display:flex;flex-direction:column;max-width:100%;height:auto;margin:0}.wp-block-uagb-image__figure img{height:auto;display:flex;max-width:100%;transition:box-shadow .2s ease}.wp-block-uagb-image__figure>a{display:inline-block}.wp-block-uagb-image__figure figcaption{text-align:center;margin-top:.5em;margin-bottom:1em}.wp-block-uagb-image .components-placeholder.block-editor-media-placeholder .components-placeholder__instructions{align-self:center}.wp-block-uagb-image--align-left{text-align:left}.wp-block-uagb-image--align-right{text-align:right}.wp-block-uagb-image--align-center{text-align:center}.wp-block-uagb-image--align-full .wp-block-uagb-image__figure{margin-left:calc(50% - 50vw);margin-right:calc(50% - 50vw);max-width:100vw;width:100vw;height:auto}.wp-block-uagb-image--align-full .wp-block-uagb-image__figure img{height:auto;width:100% !important}.wp-block-uagb-image--align-wide .wp-block-uagb-image__figure img{height:auto;width:100%}.wp-block-uagb-image--layout-overlay__color-wrapper{position:absolute;left:0;top:0;right:0;bottom:0;opacity:.2;background:rgba(0,0,0,.5);transition:opacity .35s ease-in-out}.wp-block-uagb-image--layout-overlay-link{position:absolute;left:0;right:0;bottom:0;top:0}.wp-block-uagb-image--layout-overlay .wp-block-uagb-image__figure:hover .wp-block-uagb-image--layout-overlay__color-wrapper{opacity:1}.wp-block-uagb-image--layout-overlay__inner{position:absolute;left:15px;right:15px;bottom:15px;top:15px;display:flex;align-items:center;justify-content:center;flex-direction:column;border-color:#fff;transition:.35s ease-in-out}.wp-block-uagb-image--layout-overlay__inner.top-left,.wp-block-uagb-image--layout-overlay__inner.top-center,.wp-block-uagb-image--layout-overlay__inner.top-right{justify-content:flex-start}.wp-block-uagb-image--layout-overlay__inner.bottom-left,.wp-block-uagb-image--layout-overlay__inner.bottom-center,.wp-block-uagb-image--layout-overlay__inner.bottom-right{justify-content:flex-end}.wp-block-uagb-image--layout-overlay__inner.top-left,.wp-block-uagb-image--layout-overlay__inner.center-left,.wp-block-uagb-image--layout-overlay__inner.bottom-left{align-items:flex-start}.wp-block-uagb-image--layout-overlay__inner.top-right,.wp-block-uagb-image--layout-overlay__inner.center-right,.wp-block-uagb-image--layout-overlay__inner.bottom-right{align-items:flex-end}.wp-block-uagb-image--layout-overlay__inner .uagb-image-heading{color:#fff;transition:transform .35s,opacity .35s ease-in-out;transform:translate3d(0, 24px, 0);margin:0;line-height:1em}.wp-block-uagb-image--layout-overlay__inner .uagb-image-separator{width:30%;border-top-width:2px;border-top-color:#fff;border-top-style:solid;margin-bottom:10px;opacity:0;transition:transform .4s,opacity .4s ease-in-out;transform:translate3d(0, 30px, 0)}.wp-block-uagb-image--layout-overlay__inner .uagb-image-caption{opacity:0;overflow:visible;color:#fff;transition:transform .45s,opacity .45s ease-in-out;transform:translate3d(0, 35px, 0)}.wp-block-uagb-image--layout-overlay__inner:hover .uagb-image-heading,.wp-block-uagb-image--layout-overlay__inner:hover .uagb-image-separator,.wp-block-uagb-image--layout-overlay__inner:hover .uagb-image-caption{opacity:1;transform:translate3d(0, 0, 0)}.wp-block-uagb-image--effect-zoomin .wp-block-uagb-image__figure img,.wp-block-uagb-image--effect-zoomin .wp-block-uagb-image__figure .wp-block-uagb-image--layout-overlay__color-wrapper{transform:scale(1);transition:transform .35s ease-in-out}.wp-block-uagb-image--effect-zoomin .wp-block-uagb-image__figure:hover img,.wp-block-uagb-image--effect-zoomin .wp-block-uagb-image__figure:hover .wp-block-uagb-image--layout-overlay__color-wrapper{transform:scale(1.05)}.wp-block-uagb-image--effect-slide .wp-block-uagb-image__figure img,.wp-block-uagb-image--effect-slide .wp-block-uagb-image__figure .wp-block-uagb-image--layout-overlay__color-wrapper{width:calc(100% + 40px) !important;max-width:none !important;transform:translate3d(-40px, 0, 0);transition:transform .35s ease-in-out}.wp-block-uagb-image--effect-slide .wp-block-uagb-image__figure:hover img,.wp-block-uagb-image--effect-slide .wp-block-uagb-image__figure:hover .wp-block-uagb-image--layout-overlay__color-wrapper{transform:translate3d(0, 0, 0)}.wp-block-uagb-image--effect-grayscale img{filter:grayscale(0%);transition:.35s ease-in-out}.wp-block-uagb-image--effect-grayscale:hover img{filter:grayscale(100%)}.wp-block-uagb-image--effect-blur img{filter:blur(0);transition:.35s ease-in-out}.wp-block-uagb-image--effect-blur:hover img{filter:blur(3px)}.uagb-block-e6f939b3.wp-block-uagb-image--layout-default figure img{box-shadow: 0px 0px 0 #00000070;}.uagb-block-e6f939b3.wp-block-uagb-image .wp-block-uagb-image__figure figcaption{font-style: normal;align-self: center;}.uagb-block-e6f939b3.wp-block-uagb-image--layout-overlay figure img{box-shadow: 0px 0px 0 #00000070;}.uagb-block-e6f939b3.wp-block-uagb-image--layout-overlay .wp-block-uagb-image--layout-overlay__color-wrapper{opacity: 0.2;}.uagb-block-e6f939b3.wp-block-uagb-image--layout-overlay .wp-block-uagb-image--layout-overlay__inner{left: 15px;right: 15px;top: 15px;bottom: 15px;}.uagb-block-e6f939b3.wp-block-uagb-image--layout-overlay .wp-block-uagb-image--layout-overlay__inner .uagb-image-heading{font-style: normal;color: #fff;opacity: 1;}.uagb-block-e6f939b3.wp-block-uagb-image--layout-overlay .wp-block-uagb-image--layout-overlay__inner .uagb-image-heading a{color: #fff;}.uagb-block-e6f939b3.wp-block-uagb-image--layout-overlay .wp-block-uagb-image--layout-overlay__inner .uagb-image-caption{opacity: 0;}.uagb-block-e6f939b3.wp-block-uagb-image--layout-overlay .wp-block-uagb-image__figure:hover .wp-block-uagb-image--layout-overlay__color-wrapper{opacity: 1;}.uagb-block-e6f939b3.wp-block-uagb-image .wp-block-uagb-image--layout-overlay__inner .uagb-image-separator{width: 30%;border-top-width: 2px;border-top-color: #fff;opacity: 0;}.uagb-block-e6f939b3.wp-block-uagb-image .wp-block-uagb-image__figure img{width: px;height: auto;}.uagb-block-e6f939b3.wp-block-uagb-image .wp-block-uagb-image__figure:hover .wp-block-uagb-image--layout-overlay__inner .uagb-image-caption{opacity: 1;}.uagb-block-e6f939b3.wp-block-uagb-image .wp-block-uagb-image__figure:hover .wp-block-uagb-image--layout-overlay__inner .uagb-image-separator{opacity: 1;}.uagb-block-e6f939b3.wp-block-uagb-image--layout-default figure:hover img{box-shadow: 0px 0px 0 #00000070;}.uagb-block-e6f939b3.wp-block-uagb-image--layout-overlay figure:hover img{box-shadow: 0px 0px 0 #00000070;}@media only screen and (max-width: 976px) {.uagb-block-e6f939b3.wp-block-uagb-image .wp-block-uagb-image__figure img{width: px;height: auto;}}@media only screen and (max-width: 767px) {.uagb-block-e6f939b3.wp-block-uagb-image .wp-block-uagb-image__figure img{width: px;height: auto;}}\";s:2:\"js\";s:0:\"\";s:18:\"current_block_list\";a:13:{i:0;s:11:\"core\/search\";i:1;s:10:\"core\/group\";i:2;s:12:\"core\/heading\";i:3;s:17:\"core\/latest-posts\";i:4;s:20:\"core\/latest-comments\";i:5;s:13:\"core\/archives\";i:6;s:15:\"core\/categories\";i:7;s:14:\"core\/paragraph\";i:8;s:10:\"uagb\/image\";i:9;s:11:\"core\/spacer\";i:10;s:30:\"woocommerce\/product-categories\";i:11;s:10:\"core\/image\";i:12;s:14:\"core\/shortcode\";}s:8:\"uag_flag\";b:1;s:11:\"uag_version\";s:10:\"1777398398\";s:6:\"gfonts\";a:0:{}s:10:\"gfonts_url\";s:0:\"\";s:12:\"gfonts_files\";a:0:{}s:14:\"uag_faq_layout\";b:0;}"]},"uagb_featured_image_src":{"full":["https:\/\/www.ferberpainting.com\/wp-content\/uploads\/2025\/05\/Terrace_Water_Repellent_5L.jpg",2560,2560,false],"thumbnail":["https:\/\/www.ferberpainting.com\/wp-content\/uploads\/2025\/05\/Terrace_Water_Repellent_5L-150x150.jpg",150,150,true],"medium":["https:\/\/www.ferberpainting.com\/wp-content\/uploads\/2025\/05\/Terrace_Water_Repellent_5L-300x300.jpg",300,300,true],"medium_large":["https:\/\/www.ferberpainting.com\/wp-content\/uploads\/2025\/05\/Terrace_Water_Repellent_5L-768x768.jpg",768,768,true],"large":["https:\/\/www.ferberpainting.com\/wp-content\/uploads\/2025\/05\/Terrace_Water_Repellent_5L-1024x1024.jpg",1024,1024,true],"1536x1536":["https:\/\/www.ferberpainting.com\/wp-content\/uploads\/2025\/05\/Terrace_Water_Repellent_5L-1536x1536.jpg",1536,1536,true],"2048x2048":["https:\/\/www.ferberpainting.com\/wp-content\/uploads\/2025\/05\/Terrace_Water_Repellent_5L-2048x2048.jpg",2048,2048,true],"trp-custom-language-flag":["https:\/\/www.ferberpainting.com\/wp-content\/uploads\/2025\/05\/Terrace_Water_Repellent_5L-12x12.jpg",12,12,true],"woocommerce_thumbnail":["https:\/\/www.ferberpainting.com\/wp-content\/uploads\/2025\/05\/Terrace_Water_Repellent_5L-300x300.jpg",300,300,true],"woocommerce_single":["https:\/\/www.ferberpainting.com\/wp-content\/uploads\/2025\/05\/Terrace_Water_Repellent_5L-600x600.jpg",600,600,true],"woocommerce_gallery_thumbnail":["https:\/\/www.ferberpainting.com\/wp-content\/uploads\/2025\/05\/Terrace_Water_Repellent_5L-100x100.jpg",100,100,true]},"uagb_author_info":{"display_name":"admin","author_link":"https:\/\/www.ferberpainting.com\/hu\/author\/"},"uagb_comment_info":72,"uagb_excerpt":"Provide long-lasting waterproof protection for your terrace surfaces. Our terrace water repellent is specially designed to protect outdoor mineral surfaces against water infiltration, moisture damage, and weather-related deterioration. The advanced formula penetrates deeply into porous materials and forms an invisible hydrophobic barrier that repels rainwater while allowing the surface to breathe. By preventing water absorption,&hellip;","_links":{"self":[{"href":"https:\/\/www.ferberpainting.com\/hu\/wp-json\/wp\/v2\/product\/25355","targetHints":{"allow":["GET"]}}],"collection":[{"href":"https:\/\/www.ferberpainting.com\/hu\/wp-json\/wp\/v2\/product"}],"about":[{"href":"https:\/\/www.ferberpainting.com\/hu\/wp-json\/wp\/v2\/types\/product"}],"replies":[{"embeddable":true,"href":"https:\/\/www.ferberpainting.com\/hu\/wp-json\/wp\/v2\/comments?post=25355"}],"version-history":[{"count":2,"href":"https:\/\/www.ferberpainting.com\/hu\/wp-json\/wp\/v2\/product\/25355\/revisions"}],"predecessor-version":[{"id":167374,"href":"https:\/\/www.ferberpainting.com\/hu\/wp-json\/wp\/v2\/product\/25355\/revisions\/167374"}],"wp:featuredmedia":[{"embeddable":true,"href":"https:\/\/www.ferberpainting.com\/hu\/wp-json\/wp\/v2\/media\/27206"}],"wp:attachment":[{"href":"https:\/\/www.ferberpainting.com\/hu\/wp-json\/wp\/v2\/media?parent=25355"}],"wp:term":[{"taxonomy":"product_brand","embeddable":true,"href":"https:\/\/www.ferberpainting.com\/hu\/wp-json\/wp\/v2\/product_brand?post=25355"},{"taxonomy":"product_cat","embeddable":true,"href":"https:\/\/www.ferberpainting.com\/hu\/wp-json\/wp\/v2\/product_cat?post=25355"},{"taxonomy":"product_tag","embeddable":true,"href":"https:\/\/www.ferberpainting.com\/hu\/wp-json\/wp\/v2\/product_tag?post=25355"}],"curies":[{"name":"wp","href":"https:\/\/api.w.org\/{rel}","templated":true}]}}