{"id":25332,"date":"2025-05-26T10:30:54","date_gmt":"2025-05-26T08:30:54","guid":{"rendered":"https:\/\/www.ferberpainting.com\/products\/succulent-fertilizer\/"},"modified":"2026-02-16T12:11:29","modified_gmt":"2026-02-16T11:11:29","slug":"succulent-fertilizer","status":"publish","type":"product","link":"https:\/\/www.ferberpainting.com\/hu\/products\/succulent-fertilizer\/","title":{"rendered":"Zamatos m\u0171tr\u00e1gya"},"content":{"rendered":"<p><strong><img decoding=\"async\" style=\"margin-right: 12px;\" src=\"https:\/\/www.ferberpainting.com\/wp-content\/uploads\/2026\/02\/Check.svg\" alt=\"\" width=\"18\" height=\"15\" \/>Kifejezetten kaktuszok \u00e9s szukkulensek sz\u00e1m\u00e1ra kifejlesztett m\u0171tr\u00e1gya.<\/strong>\u00a0A szukkulens n\u00f6v\u00e9nyeknek, p\u00e9ld\u00e1ul a kaktuszoknak, ag\u00e1v\u00e9knak, alo\u00e9knak \u00e9s echeveri\u00e1knak saj\u00e1tos t\u00e1panyagsz\u00fcks\u00e9gleteik vannak, amelyek elt\u00e9rnek a belt\u00e9ri vagy k\u00fclt\u00e9ri z\u00f6ld n\u00f6v\u00e9nyek t\u00e1panyagsz\u00fcks\u00e9gleteit\u0151l. NPK 15-15-15 m\u0171tr\u00e1gy\u00e1nkat \u00fagy tervezt\u00fck, hogy optim\u00e1lis egyens\u00falyt biztos\u00edtson a nitrog\u00e9n, a foszfor \u00e9s a k\u00e1lium k\u00f6z\u00f6tt, el\u0151seg\u00edtve az er\u0151teljes n\u00f6veked\u00e9st, a d\u00fas lombozatot \u00e9s a b\u0151s\u00e9ges vir\u00e1gz\u00e1st. Foly\u00e9kony formul\u00e1j\u00e1nak k\u00f6sz\u00f6nhet\u0151en k\u00f6nnyen asszimil\u00e1l\u00f3dik \u00e9s gyorsan behatol a szubsztr\u00e1tumba, \u00edgy r\u00f6vid id\u0151n bel\u00fcl l\u00e1that\u00f3 eredm\u00e9nyeket \u00e9rhet el.<\/p>\n<p><strong><img decoding=\"async\" style=\"margin-right: 12px;\" src=\"https:\/\/www.ferberpainting.com\/wp-content\/uploads\/2026\/02\/Check.svg\" alt=\"\" width=\"18\" height=\"15\" \/>P\u00e9nzvisszafizet\u00e9si garancia.<\/strong>\u00a0Szil\u00e1rdan hisz\u00fcnk m\u0171tr\u00e1gy\u00e1ink hat\u00e9konys\u00e1g\u00e1ban, ez\u00e9rt p\u00e9nzvisszafizet\u00e9si garanci\u00e1t k\u00edn\u00e1lunk. Ha az aj\u00e1nl\u00e1soknak megfelel\u0151 haszn\u00e1latot k\u00f6vet\u0151en kaktuszai \u00e9s szukkulensei nem mutatnak javul\u00e1st a n\u00f6veked\u00e9s\u00fckben vagy vitalit\u00e1sukban, v\u00e1llaljuk, hogy teljes m\u00e9rt\u00e9kben visszat\u00e9r\u00edtj\u00fck az \u00e1r\u00e1t.<\/p>\n<p><strong><img decoding=\"async\" style=\"margin-right: 12px;\" src=\"https:\/\/www.ferberpainting.com\/wp-content\/uploads\/2026\/02\/Check.svg\" alt=\"\" width=\"18\" height=\"15\" \/>Kompatibilis minden kaktusz- \u00e9s szukkulens-t\u00edpussal.<\/strong>\u00a0Ezt a m\u0171tr\u00e1gy\u00e1t a kaktuszok \u00e9s szukkulensek minden fajt\u00e1j\u00e1hoz tervezt\u00e9k, bele\u00e9rtve a kaktuszokat, euforbi\u00e1kat, krassul\u00e1kat, szedumokat, alo\u00e9kat, agav\u00e9kat \u00e9s litopszokat. Ak\u00e1r belt\u00e9rben, ak\u00e1r k\u00fclt\u00e9ren, cser\u00e9pben vagy szabadf\u00f6ld\u00f6n neveli n\u00f6v\u00e9nyeit, ez a m\u0171tr\u00e1gya minden sz\u00fcks\u00e9ges t\u00e1panyagot biztos\u00edt sz\u00e1mukra a fejl\u0151d\u00e9s\u00fckh\u00f6z \u00e9s vir\u00e1gz\u00e1sukhoz.<\/p>\n<p><strong><img decoding=\"async\" style=\"margin-right: 12px;\" src=\"https:\/\/www.ferberpainting.com\/wp-content\/uploads\/2026\/02\/Check.svg\" alt=\"\" width=\"18\" height=\"15\" \/>Kiv\u00e1l\u00f3 gazdas\u00e1gi hozam.<\/strong>\u00a0Magas koncentr\u00e1ci\u00f3j\u00e1nak k\u00f6sz\u00f6nhet\u0151en ez a m\u0171tr\u00e1gya literenk\u00e9nt 5 ml v\u00edzzel h\u00edgul, \u00edgy hosszabb ideig haszn\u00e1lhat\u00f3. Az 5 literes tart\u00e1ly ak\u00e1r 1000 liter m\u0171tr\u00e1gyaoldat elk\u00e9sz\u00edt\u00e9s\u00e9t is lehet\u0151v\u00e9 teszi, \u00edgy a v\u00e1s\u00e1rl\u00e1s gyakoris\u00e1g\u00e1nak cs\u00f6kkent\u00e9s\u00e9vel kiv\u00e1l\u00f3 min\u0151s\u00e9g\/\u00e1r ar\u00e1nyt biztos\u00edt.<\/p>\n<p><strong><img decoding=\"async\" style=\"margin-right: 12px;\" src=\"https:\/\/www.ferberpainting.com\/wp-content\/uploads\/2026\/02\/Check.svg\" alt=\"\" width=\"18\" height=\"15\" \/>Biztons\u00e1gos a n\u00f6v\u00e9nyek \u00e9s a k\u00f6rnyezet sz\u00e1m\u00e1ra.<\/strong>\u00a0Ez a m\u0171tr\u00e1gya nem tartalmaz olyan agressz\u00edv vegyi anyagokat, amelyek k\u00e1ros\u00edthatn\u00e1k a szukkulensek gy\u00f6kereit vagy finom lombozat\u00e1t. \u00d6sszet\u00e9tele tiszteletben tartja az aljzat egyens\u00faly\u00e1t, elker\u00fclve a s\u00f3k \u00e9s \u00e1sv\u00e1nyi anyagok k\u00e1ros felhalmoz\u00f3d\u00e1s\u00e1t, \u00e9s eg\u00e9szs\u00e9ges, term\u00e9szetes n\u00f6veked\u00e9st biztos\u00edt nemk\u00edv\u00e1natos mell\u00e9khat\u00e1sok n\u00e9lk\u00fcl.<\/p>\n<p><strong><img decoding=\"async\" style=\"margin-right: 12px;\" src=\"https:\/\/www.ferberpainting.com\/wp-content\/uploads\/2026\/02\/Check.svg\" alt=\"\" width=\"18\" height=\"15\" \/>K\u00f6nnyen haszn\u00e1lhat\u00f3 \u00e9s gyorsan alkalmazhat\u00f3.<\/strong>\u00a0A szil\u00e1rd m\u0171tr\u00e1gy\u00e1kkal ellent\u00e9tben, amelyeket el kell \u00e1sni vagy pontosan ki kell m\u00e9rni, foly\u00e9kony m\u0171tr\u00e1gy\u00e1inkat egyszer\u0171en \u00f6sszekeverj\u00fck a v\u00edzzel, \u00e9s \u00f6nt\u00f6z\u00e9skor k\u00f6zvetlen\u00fcl az aljzatra juttatjuk. Nincs sz\u00fcks\u00e9g k\u00fcl\u00f6nleges eszk\u00f6z\u00f6kre vagy bonyolult technik\u00e1kra: egy egyszer\u0171 h\u00edg\u00edt\u00e1s elegend\u0151 a kaktuszok \u00e9s szukkulensek hat\u00e9kony t\u00e1pl\u00e1l\u00e1s\u00e1hoz.<\/p>\n<p><strong><img decoding=\"async\" style=\"margin-right: 12px;\" src=\"https:\/\/www.ferberpainting.com\/wp-content\/uploads\/2026\/02\/Check.svg\" alt=\"\" width=\"18\" height=\"15\" \/>Tart\u00f3s m\u0171tr\u00e1gya, amely hossz\u00fa t\u00e1von t\u00e1mogatja a n\u00f6veked\u00e9st.<\/strong>\u00a0A t\u00e1panyagok t\u00f6k\u00e9letes egyens\u00faly\u00e1t biztos\u00edtva ez a m\u0171tr\u00e1gya er\u0151s\u00edti a szukkulensek gy\u00f6kereit, leveleit \u00e9s sejtes szerkezet\u00e9t, \u00edgy jobban ellen\u00e1llnak a sz\u00e1razs\u00e1gnak, betegs\u00e9geknek \u00e9s hi\u00e1nyoss\u00e1goknak. Fokozatos felszabadul\u00e1s\u00e1nak k\u00f6sz\u00f6nhet\u0151en folyamatos tr\u00e1gy\u00e1z\u00e1st biztos\u00edt a t\u00faltr\u00e1gy\u00e1z\u00e1s vesz\u00e9lye n\u00e9lk\u00fcl.<\/p>\n<p><strong><img decoding=\"async\" style=\"margin-right: 12px;\" src=\"https:\/\/www.ferberpainting.com\/wp-content\/uploads\/2026\/02\/Check.svg\" alt=\"\" width=\"18\" height=\"15\" \/>Gyorsan l\u00e1that\u00f3 eredm\u00e9nyek.<\/strong>\u00a0M\u00e1r az els\u0151 alkalmaz\u00e1st\u00f3l kezdve gyorsabb n\u00f6veked\u00e9st, vastagabb leveleket, vir\u00e1gz\u00f3 fajok eset\u00e9ben pedig \u00e9l\u00e9nkebb \u00e9s \u00e9l\u00e9nkebb sz\u00ednekkel javul\u00f3 vir\u00e1gz\u00e1st fog tapasztalni. Ez a m\u0171tr\u00e1gya seg\u00edt a n\u00f6v\u00e9nyeknek a v\u00edztartal\u00e9kaik fejleszt\u00e9s\u00e9ben is, \u00edgy ellen\u00e1ll\u00f3bbak lesznek a neh\u00e9z k\u00f6r\u00fclm\u00e9nyekkel szemben.<\/p>\n<h2><strong>Haszn\u00e1lati protokoll <\/strong><\/h2>\n<p><strong>Aj\u00e1nlott h\u00edg\u00edt\u00e1s :<\/strong><\/p>\n<ul>\n<li><strong>Rendszeres karbantart\u00e1shoz <\/strong>: H\u00edg\u00edtson fel 5 ml m\u0171tr\u00e1gy\u00e1t literenk\u00e9nt, \u00e9s k\u00f6zvetlen\u00fcl \u00f6nt\u00f6zze meg az aljzatot.<\/li>\n<li><strong>Az intenz\u00edv n\u00f6veked\u00e9si id\u0151szakban (tavasz\/ny\u00e1r) l\u00e9v\u0151 n\u00f6v\u00e9ny eset\u00e9ben<\/strong> : A meger\u0151s\u00edtett t\u00e1panyagell\u00e1t\u00e1s \u00e9rdek\u00e9ben haszn\u00e1ljon kiss\u00e9 er\u0151sebb h\u00edg\u00edt\u00e1st, 7 ml\/liter v\u00edzzel.<\/li>\n<li><strong>Pihen\u0151 id\u0151szakban l\u00e9v\u0151 n\u00f6v\u00e9ny eset\u00e9ben (\u0151szi\/t\u00e9li)<\/strong> : Cs\u00f6kkentse a koncentr\u00e1ci\u00f3t 2 ml\/liter v\u00edzre, a kijuttat\u00e1sokat elosztva.<\/li>\n<\/ul>\n<p><strong>Alkalmaz\u00e1si gyakoris\u00e1g <\/strong>:<\/p>\n<ul>\n<li><strong>Akt\u00edvan fejl\u0151d\u0151 n\u00f6v\u00e9nyek <\/strong>: K\u00e9thetente alkalmazza.<\/li>\n<li><strong>Vegetat\u00edv nyugalmi \u00e1llapotban l\u00e9v\u0151 n\u00f6v\u00e9nyek <\/strong>: Havonta egyszer alkalmazza a j\u00f3 t\u00e1panyagszint fenntart\u00e1sa \u00e9rdek\u00e9ben.<\/li>\n<\/ul>\n<p><strong>Alkalmaz\u00e1si m\u00f3dszer <\/strong>:<\/p>\n<ul>\n<li><strong>\u00d6nt\u00f6z\u00e9s a b\u00e1zisn\u00e1l <\/strong>: \u00d6ntse az oldatot k\u00f6zvetlen\u00fcl az aljzatra, ker\u00fclve a levelek nedves\u00edt\u00e9s\u00e9t a rothad\u00e1s vesz\u00e9ly\u00e9nek elker\u00fcl\u00e9se \u00e9rdek\u00e9ben.<\/li>\n<li><strong>Lombpermetez\u00e9s (nem k\u00f6telez\u0151) <\/strong>: A leveleken kereszt\u00fcl nedvess\u00e9get felsz\u00edv\u00f3 szukkulensek eset\u00e9ben 4-6 hetente egy enyhe permetez\u00e9ssel lehet a n\u00f6v\u00e9nyt kezelni.<\/li>\n<li><strong>Cserepes n\u00f6v\u00e9nyekhez <\/strong>: \u00d6nt\u00f6zz\u00fck addig, am\u00edg a v\u00edz el nem kezd kifolyni a lyukakb\u00f3l, biztos\u00edtva a t\u00e1panyagok j\u00f3 eloszl\u00e1s\u00e1t.<\/li>\n<li><strong>K\u00fclt\u00e9ri n\u00f6v\u00e9nyekhez <\/strong>: Vigye fel a talp k\u00f6r\u00fcl, \u00fcgyelve arra, hogy a m\u0171tr\u00e1gya ne maradjon a talajban, hogy elker\u00fclje a t\u00faladagol\u00e1st.<\/li>\n<\/ul>\n<p><strong>Haszn\u00e1lati \u00f3vint\u00e9zked\u00e9sek <\/strong>:<\/p>\n<ul>\n<li><strong>Ne adagolja t\u00fal <\/strong>: A szukkulensek lassan n\u00f6v\u0151 n\u00f6v\u00e9nyek; a t\u00falzott m\u0171tr\u00e1gy\u00e1z\u00e1s megterhelheti a gy\u00f6kereket \u00e9s meg\u00e9getheti a leveleket.<\/li>\n<li><strong>Ker\u00fclje az alkalmaz\u00e1st k\u00f6zvetlen napf\u00e9nyben <\/strong>: A jobb felsz\u00edv\u00f3d\u00e1s \u00e9rdek\u00e9ben aj\u00e1nlott a m\u0171tr\u00e1gy\u00e1t kora reggel vagy k\u00e9s\u0151 este kijuttatni.<\/li>\n<li><strong>Ne tr\u00e1gy\u00e1zzon beteg vagy legyeng\u00fclt n\u00f6v\u00e9nyt. <\/strong>: V\u00e1rja meg, am\u00edg fel\u00e9p\u00fcl, miel\u0151tt tov\u00e1bbi t\u00e1panyagokat adna.<\/li>\n<\/ul>\n<p><strong>T\u00e1rol\u00e1s \u00e9s konzerv\u00e1l\u00e1s <\/strong>:<\/p>\n<ul>\n<li>Sz\u00e1raz helyen \u00e9s f\u00e9nyt\u0151l v\u00e9dve t\u00e1roland\u00f3.<\/li>\n<li>Minden haszn\u00e1lat ut\u00e1n szorosan z\u00e1rja le az \u00fcveget, hogy megakad\u00e1lyozza a p\u00e1rolg\u00e1st vagy a szennyez\u0151d\u00e9st.<\/li>\n<\/ul>\n<p>Ennek a zamatos \u00e9s k\u00f6v\u00e9r n\u00f6v\u00e9nyeknek sz\u00e1nt m\u0171tr\u00e1gy\u00e1nak k\u00f6sz\u00f6nhet\u0151en minden sz\u00fcks\u00e9ges er\u0151forr\u00e1st biztos\u00edt n\u00f6v\u00e9nyeinek a harmonikus n\u00f6veked\u00e9shez, kiegyens\u00falyozott n\u00f6veked\u00e9st \u00e9s a sz\u00e9ls\u0151s\u00e9ges k\u00f6r\u00fclm\u00e9nyekkel szembeni fokozott ellen\u00e1ll\u00f3 k\u00e9pess\u00e9get biztos\u00edtva. Ak\u00e1r szukkulensek kedvel\u0151je, ak\u00e1r kaktuszgy\u0171jt\u0151, ez a m\u0171tr\u00e1gya ide\u00e1lis sz\u00f6vets\u00e9ges az er\u0151s, vir\u00e1gz\u00f3 \u00e9s eg\u00e9szs\u00e9ges n\u00f6v\u00e9nyekhez.<\/p>","protected":false},"excerpt":{"rendered":"<p>A fertilizer specially formulated for cacti and succulents.\u00a0Succulent plants, such as cacti, agaves, aloes, and echeverias, have specific nutritional needs that differ from those of indoor or outdoor green plants. Our NPK 15-15-15 fertilizer has been designed to provide an optimal balance of nitrogen, phosphorus, and potassium, promoting robust growth, lush foliage, and abundant flowering. [&hellip;]<\/p>\n","protected":false},"featured_media":27195,"comment_status":"open","ping_status":"closed","template":"","meta":{"_uag_custom_page_level_css":"","site-sidebar-layout":"default","site-content-layout":"","ast-site-content-layout":"default","site-content-style":"default","site-sidebar-style":"default","ast-global-header-display":"","ast-banner-title-visibility":"","ast-main-header-display":"","ast-hfb-above-header-display":"","ast-hfb-below-header-display":"","ast-hfb-mobile-header-display":"","site-post-title":"","ast-breadcrumbs-content":"","ast-featured-img":"","footer-sml-layout":"","ast-disable-related-posts":"","theme-transparent-header-meta":"default","adv-header-id-meta":"","stick-header-meta":"","header-above-stick-meta":"","header-main-stick-meta":"","header-below-stick-meta":"","astra-migrate-meta-layouts":"set","ast-page-background-enabled":"default","ast-page-background-meta":{"desktop":{"background-color":"var(--ast-global-color-4)","background-image":"","background-repeat":"repeat","background-position":"center center","background-size":"auto","background-attachment":"scroll","background-type":"","background-media":"","overlay-type":"","overlay-color":"","overlay-opacity":"","overlay-gradient":""},"tablet":{"background-color":"","background-image":"","background-repeat":"repeat","background-position":"center center","background-size":"auto","background-attachment":"scroll","background-type":"","background-media":"","overlay-type":"","overlay-color":"","overlay-opacity":"","overlay-gradient":""},"mobile":{"background-color":"","background-image":"","background-repeat":"repeat","background-position":"center center","background-size":"auto","background-attachment":"scroll","background-type":"","background-media":"","overlay-type":"","overlay-color":"","overlay-opacity":"","overlay-gradient":""}},"ast-content-background-meta":{"desktop":{"background-color":"var(--ast-global-color-5)","background-image":"","background-repeat":"repeat","background-position":"center center","background-size":"auto","background-attachment":"scroll","background-type":"","background-media":"","overlay-type":"","overlay-color":"","overlay-opacity":"","overlay-gradient":""},"tablet":{"background-color":"var(--ast-global-color-5)","background-image":"","background-repeat":"repeat","background-position":"center center","background-size":"auto","background-attachment":"scroll","background-type":"","background-media":"","overlay-type":"","overlay-color":"","overlay-opacity":"","overlay-gradient":""},"mobile":{"background-color":"var(--ast-global-color-5)","background-image":"","background-repeat":"repeat","background-position":"center center","background-size":"auto","background-attachment":"scroll","background-type":"","background-media":"","overlay-type":"","overlay-color":"","overlay-opacity":"","overlay-gradient":""}}},"product_brand":[],"product_cat":[178],"product_tag":[],"class_list":{"0":"post-25332","1":"product","2":"type-product","3":"status-publish","4":"has-post-thumbnail","6":"product_cat-fertilizers","7":"desktop-align-left","8":"tablet-align-left","9":"mobile-align-left","11":"first","12":"instock","13":"sale","14":"taxable","15":"shipping-taxable","16":"purchasable","17":"product-type-variable","18":"has-default-attributes"},"spectra_custom_meta":{"_visibility":["visible"],"_shopify_product_id":["9071223570677"],"_s2w_shopify_domain":["ferberpainting.myshopify.com"],"_shopify_variant_id":["46516075790581"],"_sku":[""],"_manage_stock":["no"],"total_sales":["7"],"_tax_status":["taxable"],"_tax_class":[""],"_backorders":["no"],"_sold_individually":["no"],"_virtual":["no"],"_downloadable":["no"],"_download_limit":["-1"],"_download_expiry":["-1"],"_stock":[null],"_stock_status":["instock"],"_wc_average_rating":["4.63"],"_wc_review_count":["8"],"_product_attributes":["a:1:{s:6:\"volume\";a:6:{s:4:\"name\";s:6:\"Volume\";s:5:\"value\";s:20:\"5 liters | 25 liters\";s:8:\"position\";i:1;s:10:\"is_visible\";i:0;s:12:\"is_variation\";i:1;s:11:\"is_taxonomy\";i:0;}}"],"_product_version":["10.5.1"],"_thumbnail_id":["27195"],"_product_image_gallery":["27196"],"wpse_downloadable_file_names":[""],"wpse_downloadable_file_urls":[""],"_edit_last":["1"],"_default_attributes":["a:1:{s:6:\"volume\";s:8:\"5 liters\";}"],"_edit_lock":["1771240150:1"],"_price":["29.90","129.90"],"merchant-center-availability":["yes"],"merchant-center-category":["113"],"_wp_page_template":["default"],"site-sidebar-layout":["default"],"ast-site-content-layout":["default"],"site-content-style":["default"],"site-sidebar-style":["default"],"theme-transparent-header-meta":["default"],"_wc_rating_count":["a:2:{i:4;i:3;i:5;i:5;}"],"astra-migrate-meta-layouts":["set"],"_uag_css_file_name":["uag-css-25332.css"],"_elementor_page_assets":["a:0:{}"],"_uag_page_assets":["a:9:{s:3:\"css\";s:7133:\".uag-blocks-common-selector{z-index:var(--z-index-desktop) !important}@media(max-width: 976px){.uag-blocks-common-selector{z-index:var(--z-index-tablet) !important}}@media(max-width: 767px){.uag-blocks-common-selector{z-index:var(--z-index-mobile) !important}}.wp-block-uagb-image{display:flex}.wp-block-uagb-image__figure{position:relative;display:flex;flex-direction:column;max-width:100%;height:auto;margin:0}.wp-block-uagb-image__figure img{height:auto;display:flex;max-width:100%;transition:box-shadow .2s ease}.wp-block-uagb-image__figure>a{display:inline-block}.wp-block-uagb-image__figure figcaption{text-align:center;margin-top:.5em;margin-bottom:1em}.wp-block-uagb-image .components-placeholder.block-editor-media-placeholder .components-placeholder__instructions{align-self:center}.wp-block-uagb-image--align-left{text-align:left}.wp-block-uagb-image--align-right{text-align:right}.wp-block-uagb-image--align-center{text-align:center}.wp-block-uagb-image--align-full .wp-block-uagb-image__figure{margin-left:calc(50% - 50vw);margin-right:calc(50% - 50vw);max-width:100vw;width:100vw;height:auto}.wp-block-uagb-image--align-full .wp-block-uagb-image__figure img{height:auto;width:100% !important}.wp-block-uagb-image--align-wide .wp-block-uagb-image__figure img{height:auto;width:100%}.wp-block-uagb-image--layout-overlay__color-wrapper{position:absolute;left:0;top:0;right:0;bottom:0;opacity:.2;background:rgba(0,0,0,.5);transition:opacity .35s ease-in-out}.wp-block-uagb-image--layout-overlay-link{position:absolute;left:0;right:0;bottom:0;top:0}.wp-block-uagb-image--layout-overlay .wp-block-uagb-image__figure:hover .wp-block-uagb-image--layout-overlay__color-wrapper{opacity:1}.wp-block-uagb-image--layout-overlay__inner{position:absolute;left:15px;right:15px;bottom:15px;top:15px;display:flex;align-items:center;justify-content:center;flex-direction:column;border-color:#fff;transition:.35s ease-in-out}.wp-block-uagb-image--layout-overlay__inner.top-left,.wp-block-uagb-image--layout-overlay__inner.top-center,.wp-block-uagb-image--layout-overlay__inner.top-right{justify-content:flex-start}.wp-block-uagb-image--layout-overlay__inner.bottom-left,.wp-block-uagb-image--layout-overlay__inner.bottom-center,.wp-block-uagb-image--layout-overlay__inner.bottom-right{justify-content:flex-end}.wp-block-uagb-image--layout-overlay__inner.top-left,.wp-block-uagb-image--layout-overlay__inner.center-left,.wp-block-uagb-image--layout-overlay__inner.bottom-left{align-items:flex-start}.wp-block-uagb-image--layout-overlay__inner.top-right,.wp-block-uagb-image--layout-overlay__inner.center-right,.wp-block-uagb-image--layout-overlay__inner.bottom-right{align-items:flex-end}.wp-block-uagb-image--layout-overlay__inner .uagb-image-heading{color:#fff;transition:transform .35s,opacity .35s ease-in-out;transform:translate3d(0, 24px, 0);margin:0;line-height:1em}.wp-block-uagb-image--layout-overlay__inner .uagb-image-separator{width:30%;border-top-width:2px;border-top-color:#fff;border-top-style:solid;margin-bottom:10px;opacity:0;transition:transform .4s,opacity .4s ease-in-out;transform:translate3d(0, 30px, 0)}.wp-block-uagb-image--layout-overlay__inner .uagb-image-caption{opacity:0;overflow:visible;color:#fff;transition:transform .45s,opacity .45s ease-in-out;transform:translate3d(0, 35px, 0)}.wp-block-uagb-image--layout-overlay__inner:hover .uagb-image-heading,.wp-block-uagb-image--layout-overlay__inner:hover .uagb-image-separator,.wp-block-uagb-image--layout-overlay__inner:hover .uagb-image-caption{opacity:1;transform:translate3d(0, 0, 0)}.wp-block-uagb-image--effect-zoomin .wp-block-uagb-image__figure img,.wp-block-uagb-image--effect-zoomin .wp-block-uagb-image__figure .wp-block-uagb-image--layout-overlay__color-wrapper{transform:scale(1);transition:transform .35s ease-in-out}.wp-block-uagb-image--effect-zoomin .wp-block-uagb-image__figure:hover img,.wp-block-uagb-image--effect-zoomin .wp-block-uagb-image__figure:hover .wp-block-uagb-image--layout-overlay__color-wrapper{transform:scale(1.05)}.wp-block-uagb-image--effect-slide .wp-block-uagb-image__figure img,.wp-block-uagb-image--effect-slide .wp-block-uagb-image__figure .wp-block-uagb-image--layout-overlay__color-wrapper{width:calc(100% + 40px) !important;max-width:none !important;transform:translate3d(-40px, 0, 0);transition:transform .35s ease-in-out}.wp-block-uagb-image--effect-slide .wp-block-uagb-image__figure:hover img,.wp-block-uagb-image--effect-slide .wp-block-uagb-image__figure:hover .wp-block-uagb-image--layout-overlay__color-wrapper{transform:translate3d(0, 0, 0)}.wp-block-uagb-image--effect-grayscale img{filter:grayscale(0%);transition:.35s ease-in-out}.wp-block-uagb-image--effect-grayscale:hover img{filter:grayscale(100%)}.wp-block-uagb-image--effect-blur img{filter:blur(0);transition:.35s ease-in-out}.wp-block-uagb-image--effect-blur:hover img{filter:blur(3px)}.uagb-block-e6f939b3.wp-block-uagb-image--layout-default figure img{box-shadow: 0px 0px 0 #00000070;}.uagb-block-e6f939b3.wp-block-uagb-image .wp-block-uagb-image__figure figcaption{font-style: normal;align-self: center;}.uagb-block-e6f939b3.wp-block-uagb-image--layout-overlay figure img{box-shadow: 0px 0px 0 #00000070;}.uagb-block-e6f939b3.wp-block-uagb-image--layout-overlay .wp-block-uagb-image--layout-overlay__color-wrapper{opacity: 0.2;}.uagb-block-e6f939b3.wp-block-uagb-image--layout-overlay .wp-block-uagb-image--layout-overlay__inner{left: 15px;right: 15px;top: 15px;bottom: 15px;}.uagb-block-e6f939b3.wp-block-uagb-image--layout-overlay .wp-block-uagb-image--layout-overlay__inner .uagb-image-heading{font-style: normal;color: #fff;opacity: 1;}.uagb-block-e6f939b3.wp-block-uagb-image--layout-overlay .wp-block-uagb-image--layout-overlay__inner .uagb-image-heading a{color: #fff;}.uagb-block-e6f939b3.wp-block-uagb-image--layout-overlay .wp-block-uagb-image--layout-overlay__inner .uagb-image-caption{opacity: 0;}.uagb-block-e6f939b3.wp-block-uagb-image--layout-overlay .wp-block-uagb-image__figure:hover .wp-block-uagb-image--layout-overlay__color-wrapper{opacity: 1;}.uagb-block-e6f939b3.wp-block-uagb-image .wp-block-uagb-image--layout-overlay__inner .uagb-image-separator{width: 30%;border-top-width: 2px;border-top-color: #fff;opacity: 0;}.uagb-block-e6f939b3.wp-block-uagb-image .wp-block-uagb-image__figure img{width: px;height: auto;}.uagb-block-e6f939b3.wp-block-uagb-image .wp-block-uagb-image__figure:hover .wp-block-uagb-image--layout-overlay__inner .uagb-image-caption{opacity: 1;}.uagb-block-e6f939b3.wp-block-uagb-image .wp-block-uagb-image__figure:hover .wp-block-uagb-image--layout-overlay__inner .uagb-image-separator{opacity: 1;}.uagb-block-e6f939b3.wp-block-uagb-image--layout-default figure:hover img{box-shadow: 0px 0px 0 #00000070;}.uagb-block-e6f939b3.wp-block-uagb-image--layout-overlay figure:hover img{box-shadow: 0px 0px 0 #00000070;}@media only screen and (max-width: 976px) {.uagb-block-e6f939b3.wp-block-uagb-image .wp-block-uagb-image__figure img{width: px;height: auto;}}@media only screen and (max-width: 767px) {.uagb-block-e6f939b3.wp-block-uagb-image .wp-block-uagb-image__figure img{width: px;height: auto;}}\";s:2:\"js\";s:0:\"\";s:18:\"current_block_list\";a:13:{i:0;s:11:\"core\/search\";i:1;s:10:\"core\/group\";i:2;s:12:\"core\/heading\";i:3;s:17:\"core\/latest-posts\";i:4;s:20:\"core\/latest-comments\";i:5;s:13:\"core\/archives\";i:6;s:15:\"core\/categories\";i:7;s:14:\"core\/paragraph\";i:8;s:10:\"uagb\/image\";i:9;s:11:\"core\/spacer\";i:10;s:30:\"woocommerce\/product-categories\";i:11;s:10:\"core\/image\";i:12;s:14:\"core\/shortcode\";}s:8:\"uag_flag\";b:1;s:11:\"uag_version\";s:10:\"1777343789\";s:6:\"gfonts\";a:0:{}s:10:\"gfonts_url\";s:0:\"\";s:12:\"gfonts_files\";a:0:{}s:14:\"uag_faq_layout\";b:0;}"]},"uagb_featured_image_src":{"full":["https:\/\/www.ferberpainting.com\/wp-content\/uploads\/2025\/05\/SucculentFertilizer5L.png",2560,2560,false],"thumbnail":["https:\/\/www.ferberpainting.com\/wp-content\/uploads\/2025\/05\/SucculentFertilizer5L-150x150.png",150,150,true],"medium":["https:\/\/www.ferberpainting.com\/wp-content\/uploads\/2025\/05\/SucculentFertilizer5L-300x300.png",300,300,true],"medium_large":["https:\/\/www.ferberpainting.com\/wp-content\/uploads\/2025\/05\/SucculentFertilizer5L-768x768.png",768,768,true],"large":["https:\/\/www.ferberpainting.com\/wp-content\/uploads\/2025\/05\/SucculentFertilizer5L-1024x1024.png",1024,1024,true],"1536x1536":["https:\/\/www.ferberpainting.com\/wp-content\/uploads\/2025\/05\/SucculentFertilizer5L-1536x1536.png",1536,1536,true],"2048x2048":["https:\/\/www.ferberpainting.com\/wp-content\/uploads\/2025\/05\/SucculentFertilizer5L-2048x2048.png",2048,2048,true],"trp-custom-language-flag":["https:\/\/www.ferberpainting.com\/wp-content\/uploads\/2025\/05\/SucculentFertilizer5L-12x12.png",12,12,true],"woocommerce_thumbnail":["https:\/\/www.ferberpainting.com\/wp-content\/uploads\/2025\/05\/SucculentFertilizer5L-300x300.png",300,300,true],"woocommerce_single":["https:\/\/www.ferberpainting.com\/wp-content\/uploads\/2025\/05\/SucculentFertilizer5L-600x600.png",600,600,true],"woocommerce_gallery_thumbnail":["https:\/\/www.ferberpainting.com\/wp-content\/uploads\/2025\/05\/SucculentFertilizer5L-100x100.png",100,100,true]},"uagb_author_info":{"display_name":"admin","author_link":"https:\/\/www.ferberpainting.com\/hu\/author\/"},"uagb_comment_info":8,"uagb_excerpt":"A fertilizer specially formulated for cacti and succulents.\u00a0Succulent plants, such as cacti, agaves, aloes, and echeverias, have specific nutritional needs that differ from those of indoor or outdoor green plants. Our NPK 15-15-15 fertilizer has been designed to provide an optimal balance of nitrogen, phosphorus, and potassium, promoting robust growth, lush foliage, and abundant flowering.&hellip;","_links":{"self":[{"href":"https:\/\/www.ferberpainting.com\/hu\/wp-json\/wp\/v2\/product\/25332","targetHints":{"allow":["GET"]}}],"collection":[{"href":"https:\/\/www.ferberpainting.com\/hu\/wp-json\/wp\/v2\/product"}],"about":[{"href":"https:\/\/www.ferberpainting.com\/hu\/wp-json\/wp\/v2\/types\/product"}],"replies":[{"embeddable":true,"href":"https:\/\/www.ferberpainting.com\/hu\/wp-json\/wp\/v2\/comments?post=25332"}],"version-history":[{"count":4,"href":"https:\/\/www.ferberpainting.com\/hu\/wp-json\/wp\/v2\/product\/25332\/revisions"}],"predecessor-version":[{"id":167355,"href":"https:\/\/www.ferberpainting.com\/hu\/wp-json\/wp\/v2\/product\/25332\/revisions\/167355"}],"wp:featuredmedia":[{"embeddable":true,"href":"https:\/\/www.ferberpainting.com\/hu\/wp-json\/wp\/v2\/media\/27195"}],"wp:attachment":[{"href":"https:\/\/www.ferberpainting.com\/hu\/wp-json\/wp\/v2\/media?parent=25332"}],"wp:term":[{"taxonomy":"product_brand","embeddable":true,"href":"https:\/\/www.ferberpainting.com\/hu\/wp-json\/wp\/v2\/product_brand?post=25332"},{"taxonomy":"product_cat","embeddable":true,"href":"https:\/\/www.ferberpainting.com\/hu\/wp-json\/wp\/v2\/product_cat?post=25332"},{"taxonomy":"product_tag","embeddable":true,"href":"https:\/\/www.ferberpainting.com\/hu\/wp-json\/wp\/v2\/product_tag?post=25332"}],"curies":[{"name":"wp","href":"https:\/\/api.w.org\/{rel}","templated":true}]}}