{"id":25329,"date":"2025-05-26T10:30:53","date_gmt":"2025-05-26T08:30:53","guid":{"rendered":"https:\/\/www.ferberpainting.com\/products\/strelitzia-fertilizer\/"},"modified":"2026-02-16T12:08:52","modified_gmt":"2026-02-16T11:08:52","slug":"strelitzia-fertilizer","status":"publish","type":"product","link":"https:\/\/www.ferberpainting.com\/hu\/products\/strelitzia-fertilizer\/","title":{"rendered":"Strelitzia m\u0171tr\u00e1gya"},"content":{"rendered":"<p><strong><img decoding=\"async\" style=\"margin-right: 12px;\" src=\"https:\/\/www.ferberpainting.com\/wp-content\/uploads\/2026\/02\/Check.svg\" alt=\"\" width=\"18\" height=\"15\" \/>Er\u0151teljes m\u0171tr\u00e1gya a strelitzia buja n\u00f6veked\u00e9s\u00e9hez.<\/strong>\u00a0Ez a kifejezetten a strelitzia, m\u00e1s n\u00e9ven paradicsommad\u00e1r sz\u00e1m\u00e1ra kifejlesztett m\u0171tr\u00e1gya er\u0151teljes n\u00f6veked\u00e9st, s\u0171r\u0171 lombozatot \u00e9s \u00e9l\u00e9nk vir\u00e1gokat biztos\u00edt. T\u00e1panyag-kiegyens\u00falyozott formul\u00e1j\u00e1nak (NPK 15-15-15) k\u00f6sz\u00f6nhet\u0151en serkenti a gy\u00f6k\u00e9rfejl\u0151d\u00e9st, fokozza a betegs\u00e9gekkel szembeni ellen\u00e1ll\u00f3 k\u00e9pess\u00e9get, \u00e9s optimaliz\u00e1lja a vir\u00e1gz\u00e1st, mivel minden l\u00e9nyeges elemet biztos\u00edt a n\u00f6v\u00e9ny sz\u00e1m\u00e1ra.<\/p>\n<p><strong><img decoding=\"async\" style=\"margin-right: 12px;\" src=\"https:\/\/www.ferberpainting.com\/wp-content\/uploads\/2026\/02\/Check.svg\" alt=\"\" width=\"18\" height=\"15\" \/>P\u00e9nzvisszafizet\u00e9si garancia.<\/strong>\u00a0B\u00edzunk a m\u0171tr\u00e1gy\u00e1nk hat\u00e9konys\u00e1g\u00e1ban. Ez\u00e9rt k\u00edn\u00e1lunk p\u00e9nzvisszafizet\u00e9si garanci\u00e1t. Ha a megfelel\u0151 haszn\u00e1lat ut\u00e1n nem \u00e9szlel l\u00e1that\u00f3 javul\u00e1st a strelitzia n\u00f6veked\u00e9s\u00e9ben vagy vir\u00e1gz\u00e1s\u00e1ban, v\u00e1llaljuk, hogy teljes m\u00e9rt\u00e9kben visszat\u00e9r\u00edtj\u00fck az \u00e1r\u00e1t.<\/p>\n<p><strong><img decoding=\"async\" style=\"margin-right: 12px;\" src=\"https:\/\/www.ferberpainting.com\/wp-content\/uploads\/2026\/02\/Check.svg\" alt=\"\" width=\"18\" height=\"15\" \/>Minden talajt\u00edpussal \u00e9s termeszt\u00e9si k\u00f6r\u00fclm\u00e9nnyel kompatibilis.<\/strong>\u00a0Ez a m\u0171tr\u00e1gya a strelitzia minden fajt\u00e1j\u00e1hoz alkalmas, ak\u00e1r szabadf\u00f6ld\u00f6n, ak\u00e1r cser\u00e9pben, ak\u00e1r \u00fcvegh\u00e1zban termesztik. Minden t\u00edpus\u00fa szubsztr\u00e1tumon hat\u00e9kony, bele\u00e9rtve a homokos, agyagos \u00e9s agyagos talajokat is. Seg\u00edt szab\u00e1lyozni a talaj pH-szintj\u00e9t, \u00e9s biztos\u00edtja a t\u00e1panyagok optim\u00e1lis felsz\u00edv\u00f3d\u00e1s\u00e1t a kiegyens\u00falyozott n\u00f6veked\u00e9s \u00e9rdek\u00e9ben.<\/p>\n<p><strong><img decoding=\"async\" style=\"margin-right: 12px;\" src=\"https:\/\/www.ferberpainting.com\/wp-content\/uploads\/2026\/02\/Check.svg\" alt=\"\" width=\"18\" height=\"15\" \/>K\u00f6lts\u00e9ghat\u00e9kony \u00e9s optimaliz\u00e1lt tr\u00e1gy\u00e1z\u00e1s.<\/strong>\u00a0Koncentr\u00e1lt formul\u00e1ja lehet\u0151v\u00e9 teszi a hosszan tart\u00f3, nagy hozam\u00fa haszn\u00e1latot. Egy 5 literes tart\u00e1lyban ak\u00e1r 1000 liter h\u00edg\u00edtott m\u0171tr\u00e1gya is elk\u00e9sz\u00edthet\u0151, amely nagy ter\u00fcletet fed le, \u00e9s biztos\u00edtja a n\u00f6v\u00e9ny rendszeres \u00e9s hat\u00e9kony t\u00e1pl\u00e1l\u00e1s\u00e1t.<\/p>\n<p><strong><img decoding=\"async\" style=\"margin-right: 12px;\" src=\"https:\/\/www.ferberpainting.com\/wp-content\/uploads\/2026\/02\/Check.svg\" alt=\"\" width=\"18\" height=\"15\" \/>A n\u00f6v\u00e9nyek \u00e9s a k\u00f6rnyezet sz\u00e1m\u00e1ra biztons\u00e1gos term\u00e9k.<\/strong>\u00a0Ez a m\u0171tr\u00e1gya durva vegyi anyagok n\u00e9lk\u00fcl k\u00e9sz\u00fclt, \u00edgy tiszteletben tartja a term\u00e9szetet \u00e9s az \u00f6kosziszt\u00e9m\u00e1kat. Nem k\u00e1ros\u00edtja a gy\u00f6kereket, \u00e9s el\u0151seg\u00edti a t\u00e1panyagok fokozatos asszimil\u00e1ci\u00f3j\u00e1t. A t\u00falzott kimos\u00f3d\u00e1s vesz\u00e9lye n\u00e9lk\u00fcl nem szennyezi a talajvizet, \u00edgy garant\u00e1lja a k\u00f6rnyezetbar\u00e1t \u00e9s felel\u0151s tr\u00e1gy\u00e1z\u00e1st.<\/p>\n<p><strong><img decoding=\"async\" style=\"margin-right: 12px;\" src=\"https:\/\/www.ferberpainting.com\/wp-content\/uploads\/2026\/02\/Check.svg\" alt=\"\" width=\"18\" height=\"15\" \/>K\u00f6nnyen haszn\u00e1lhat\u00f3 minden kert\u00e9sz sz\u00e1m\u00e1ra.<\/strong>\u00a0Ezt a m\u0171tr\u00e1gy\u00e1t egyszer\u0171 elk\u00e9sz\u00edteni \u00e9s alkalmazni. Gyorsan felold\u00f3dik a v\u00edzben, \u00e9s \u00f6nt\u00f6z\u0151kann\u00e1val vagy permetez\u0151vel is haszn\u00e1lhat\u00f3. Nincs sz\u00fcks\u00e9g bonyolult kezel\u00e9sre, \u00edgy mind az amat\u0151r, mind a profi kert\u00e9szek sz\u00e1m\u00e1ra el\u00e9rhet\u0151v\u00e9 v\u00e1lik.<\/p>\n<p><strong><img decoding=\"async\" style=\"margin-right: 12px;\" src=\"https:\/\/www.ferberpainting.com\/wp-content\/uploads\/2026\/02\/Check.svg\" alt=\"\" width=\"18\" height=\"15\" \/>Hosszan tart\u00f3 tr\u00e1gy\u00e1z\u00e1s az \u00e9l\u00e9nk \u00e9s tart\u00f3s vir\u00e1gz\u00e1s\u00e9rt.<\/strong>\u00a0Lassan felszabadul\u00f3 formul\u00e1j\u00e1nak k\u00f6sz\u00f6nhet\u0151en ez a m\u0171tr\u00e1gya biztos\u00edtja a n\u00f6v\u00e9ny folyamatos t\u00e1pl\u00e1l\u00e1s\u00e1t, lehet\u0151v\u00e9 t\u00e9ve a rendszeres n\u00f6veked\u00e9st \u00e9s a b\u0151s\u00e9gesebb vir\u00e1gz\u00e1st. Er\u0151s\u00edti a sz\u00e1rakat \u00e9s a leveleket, \u00edgy a n\u00f6v\u00e9ny robusztusabb\u00e1 \u00e9s ellen\u00e1ll\u00f3bb\u00e1 v\u00e1lik a k\u00fcls\u0151 behat\u00e1sokkal szemben.<\/p>\n<p><strong><img decoding=\"async\" style=\"margin-right: 12px;\" src=\"https:\/\/www.ferberpainting.com\/wp-content\/uploads\/2026\/02\/Check.svg\" alt=\"\" width=\"18\" height=\"15\" \/>N\u00e9h\u00e1ny h\u00e9ten bel\u00fcl l\u00e1that\u00f3 eredm\u00e9nyek.<\/strong>\u00a0M\u00e1r az els\u0151 alkalmaz\u00e1st\u00f3l kezdve megfigyelheti a lombozat sz\u00edn\u00e9nek elm\u00e9ly\u00fcl\u00e9s\u00e9t, er\u0151teljesebb n\u00f6veked\u00e9st \u00e9s a vir\u00e1gok sz\u00e1m\u00e1nak n\u00f6veked\u00e9s\u00e9t. A strelitzia ezut\u00e1n teljes d\u00edsz\u00edt\u0151 potenci\u00e1lj\u00e1t fogja megmutatni.<\/p>\n<h2><strong>Haszn\u00e1lati protokoll<\/strong><\/h2>\n<p><strong>Aj\u00e1nlott adagol\u00e1s <\/strong>:<\/p>\n<ul>\n<li><strong>A veget\u00e1ci\u00f3s id\u0151szakban (tavasz-ny\u00e1r)<\/strong>: 5 ml m\u0171tr\u00e1gy\u00e1t h\u00edg\u00edtson fel literenk\u00e9nt, \u00e9s k\u00e9thetente \u00f6nt\u00f6zze meg.<\/li>\n<li><strong>A vir\u00e1gz\u00e1si id\u0151szakban<\/strong>: hetente alkalmazzuk a vir\u00e1gk\u00e9pz\u00e9s t\u00e1mogat\u00e1s\u00e1ra.<\/li>\n<li><strong>\u0150sszel-t\u00e9len<\/strong>: a kijuttat\u00e1sokat havonta egyszer kell elv\u00e9gezni, hogy ne k\u00e9nyszer\u00edts\u00fck a n\u00f6v\u00e9nyt a nyugalmi id\u0151szak\u00e1ban.<\/li>\n<\/ul>\n<p><strong>Alkalmaz\u00e1si m\u00f3dszer <\/strong>:<\/p>\n<ul>\n<li>Keverje \u00f6ssze a m\u0171tr\u00e1gy\u00e1t v\u00edzzel a megadott ar\u00e1nyoknak megfelel\u0151en.<\/li>\n<li>\u00d6nt\u00f6zze k\u00f6zvetlen\u00fcl a strelitzia t\u00f6v\u00e9t, ker\u00fclve a lombozat nedves\u00edt\u00e9s\u00e9t.<\/li>\n<li>A t\u00e1panyagok gyors elp\u00e1rolg\u00e1s\u00e1nak elker\u00fcl\u00e9se \u00e9rdek\u00e9ben ne alkalmazza cs\u00facsh\u0151m\u00e9rs\u00e9klet idej\u00e9n.<\/li>\n<\/ul>\n<p><strong>Haszn\u00e1lati \u00f3vint\u00e9zked\u00e9sek <\/strong>:<\/p>\n<ul>\n<li>Ne adagolja t\u00fal, mivel a t\u00faladagol\u00e1s t\u00e1pl\u00e1lkoz\u00e1si egyens\u00falyhi\u00e1nyt \u00e9s lass\u00fa n\u00f6veked\u00e9st okozhat.<\/li>\n<li>elszak\u00edtotta a t\u00e1rol\u00f3ed\u00e9nyt a f\u00e9nyt\u0151l \u00e9s a nedvess\u00e9gt\u0151l, hogy meg\u0151rizze minden tulajdons\u00e1g\u00e1t.<\/li>\n<li>Ne haszn\u00e1lja nyugv\u00f3 n\u00f6v\u00e9nyeken an\u00e9lk\u00fcl, hogy ellen\u0151rizn\u00e9 azok speci\u00e1lis ig\u00e9nyeit.<\/li>\n<\/ul>\n<p>Ezzel a strelitzia m\u0171tr\u00e1gy\u00e1val optim\u00e1lis n\u00f6veked\u00e9st \u00e9s l\u00e1tv\u00e1nyos vir\u00e1gz\u00e1st biztos\u00edthat n\u00f6v\u00e9ny\u00e9nek. Gyors hat\u00e1sa \u00e9s kiegyens\u00falyozott formul\u00e1ja n\u00e9lk\u00fcl\u00f6zhetetlen term\u00e9kk\u00e9 teszi a buja egzotikus n\u00f6v\u00e9nyek minden kedvel\u0151je sz\u00e1m\u00e1ra.<\/p>","protected":false},"excerpt":{"rendered":"<p>A powerful fertilizer for lush growth of strelitzia.\u00a0This fertilizer specially designed for strelitzia, also known as bird of paradise, promotes vigorous growth, dense foliage and vibrant flowers. Thanks to its nutrient-balanced formula (NPK 15-15-15), it stimulates root development, enhances disease resistance, and optimizes flowering by providing all the essential elements to the plant. Money-back guarantee.\u00a0We [&hellip;]<\/p>\n","protected":false},"featured_media":27193,"comment_status":"open","ping_status":"closed","template":"","meta":{"_uag_custom_page_level_css":"","site-sidebar-layout":"default","site-content-layout":"","ast-site-content-layout":"default","site-content-style":"default","site-sidebar-style":"default","ast-global-header-display":"","ast-banner-title-visibility":"","ast-main-header-display":"","ast-hfb-above-header-display":"","ast-hfb-below-header-display":"","ast-hfb-mobile-header-display":"","site-post-title":"","ast-breadcrumbs-content":"","ast-featured-img":"","footer-sml-layout":"","ast-disable-related-posts":"","theme-transparent-header-meta":"default","adv-header-id-meta":"","stick-header-meta":"","header-above-stick-meta":"","header-main-stick-meta":"","header-below-stick-meta":"","astra-migrate-meta-layouts":"set","ast-page-background-enabled":"default","ast-page-background-meta":{"desktop":{"background-color":"var(--ast-global-color-4)","background-image":"","background-repeat":"repeat","background-position":"center center","background-size":"auto","background-attachment":"scroll","background-type":"","background-media":"","overlay-type":"","overlay-color":"","overlay-opacity":"","overlay-gradient":""},"tablet":{"background-color":"","background-image":"","background-repeat":"repeat","background-position":"center center","background-size":"auto","background-attachment":"scroll","background-type":"","background-media":"","overlay-type":"","overlay-color":"","overlay-opacity":"","overlay-gradient":""},"mobile":{"background-color":"","background-image":"","background-repeat":"repeat","background-position":"center center","background-size":"auto","background-attachment":"scroll","background-type":"","background-media":"","overlay-type":"","overlay-color":"","overlay-opacity":"","overlay-gradient":""}},"ast-content-background-meta":{"desktop":{"background-color":"var(--ast-global-color-5)","background-image":"","background-repeat":"repeat","background-position":"center center","background-size":"auto","background-attachment":"scroll","background-type":"","background-media":"","overlay-type":"","overlay-color":"","overlay-opacity":"","overlay-gradient":""},"tablet":{"background-color":"var(--ast-global-color-5)","background-image":"","background-repeat":"repeat","background-position":"center center","background-size":"auto","background-attachment":"scroll","background-type":"","background-media":"","overlay-type":"","overlay-color":"","overlay-opacity":"","overlay-gradient":""},"mobile":{"background-color":"var(--ast-global-color-5)","background-image":"","background-repeat":"repeat","background-position":"center center","background-size":"auto","background-attachment":"scroll","background-type":"","background-media":"","overlay-type":"","overlay-color":"","overlay-opacity":"","overlay-gradient":""}}},"product_brand":[],"product_cat":[178],"product_tag":[],"class_list":{"0":"post-25329","1":"product","2":"type-product","3":"status-publish","4":"has-post-thumbnail","6":"product_cat-fertilizers","7":"desktop-align-left","8":"tablet-align-left","9":"mobile-align-left","11":"first","12":"instock","13":"sale","14":"taxable","15":"shipping-taxable","16":"purchasable","17":"product-type-variable","18":"has-default-attributes"},"spectra_custom_meta":{"_visibility":["visible"],"_shopify_product_id":["9072667394293"],"_s2w_shopify_domain":["ferberpainting.myshopify.com"],"_shopify_variant_id":["46522171752693"],"_sku":[""],"_manage_stock":["no"],"total_sales":["65"],"_tax_status":["taxable"],"_tax_class":[""],"_backorders":["no"],"_sold_individually":["no"],"_virtual":["no"],"_downloadable":["no"],"_download_limit":["-1"],"_download_expiry":["-1"],"_stock":[null],"_stock_status":["instock"],"_wc_average_rating":["4.57"],"_wc_review_count":["7"],"_product_attributes":["a:1:{s:6:\"volume\";a:6:{s:4:\"name\";s:6:\"Volume\";s:5:\"value\";s:20:\"5 liters | 25 liters\";s:8:\"position\";i:1;s:10:\"is_visible\";i:0;s:12:\"is_variation\";i:1;s:11:\"is_taxonomy\";i:0;}}"],"_product_version":["10.5.1"],"_thumbnail_id":["27193"],"_product_image_gallery":["27194"],"wpse_downloadable_file_names":[""],"wpse_downloadable_file_urls":[""],"_edit_last":["1"],"_default_attributes":["a:1:{s:6:\"volume\";s:8:\"5 liters\";}"],"_edit_lock":["1771239994:1"],"merchant-center-availability":["yes"],"merchant-center-category":["113"],"_price":["29.90","129.90"],"_wp_page_template":["default"],"site-sidebar-layout":["default"],"ast-site-content-layout":["default"],"site-content-style":["default"],"site-sidebar-style":["default"],"theme-transparent-header-meta":["default"],"_wc_rating_count":["a:2:{i:4;i:3;i:5;i:4;}"],"astra-migrate-meta-layouts":["set"],"_uag_css_file_name":["uag-css-25329.css"],"_elementor_page_assets":["a:0:{}"],"_uag_page_assets":["a:9:{s:3:\"css\";s:6873:\".wp-block-uagb-image{display:flex}.wp-block-uagb-image__figure{position:relative;display:flex;flex-direction:column;max-width:100%;height:auto;margin:0}.wp-block-uagb-image__figure img{height:auto;display:flex;max-width:100%;transition:box-shadow .2s ease}.wp-block-uagb-image__figure>a{display:inline-block}.wp-block-uagb-image__figure figcaption{text-align:center;margin-top:.5em;margin-bottom:1em}.wp-block-uagb-image .components-placeholder.block-editor-media-placeholder .components-placeholder__instructions{align-self:center}.wp-block-uagb-image--align-left{text-align:left}.wp-block-uagb-image--align-right{text-align:right}.wp-block-uagb-image--align-center{text-align:center}.wp-block-uagb-image--align-full .wp-block-uagb-image__figure{margin-left:calc(50% - 50vw);margin-right:calc(50% - 50vw);max-width:100vw;width:100vw;height:auto}.wp-block-uagb-image--align-full .wp-block-uagb-image__figure img{height:auto;width:100% !important}.wp-block-uagb-image--align-wide .wp-block-uagb-image__figure img{height:auto;width:100%}.wp-block-uagb-image--layout-overlay__color-wrapper{position:absolute;left:0;top:0;right:0;bottom:0;opacity:.2;background:rgba(0,0,0,.5);transition:opacity .35s ease-in-out}.wp-block-uagb-image--layout-overlay-link{position:absolute;left:0;right:0;bottom:0;top:0}.wp-block-uagb-image--layout-overlay .wp-block-uagb-image__figure:hover .wp-block-uagb-image--layout-overlay__color-wrapper{opacity:1}.wp-block-uagb-image--layout-overlay__inner{position:absolute;left:15px;right:15px;bottom:15px;top:15px;display:flex;align-items:center;justify-content:center;flex-direction:column;border-color:#fff;transition:.35s ease-in-out}.wp-block-uagb-image--layout-overlay__inner.top-left,.wp-block-uagb-image--layout-overlay__inner.top-center,.wp-block-uagb-image--layout-overlay__inner.top-right{justify-content:flex-start}.wp-block-uagb-image--layout-overlay__inner.bottom-left,.wp-block-uagb-image--layout-overlay__inner.bottom-center,.wp-block-uagb-image--layout-overlay__inner.bottom-right{justify-content:flex-end}.wp-block-uagb-image--layout-overlay__inner.top-left,.wp-block-uagb-image--layout-overlay__inner.center-left,.wp-block-uagb-image--layout-overlay__inner.bottom-left{align-items:flex-start}.wp-block-uagb-image--layout-overlay__inner.top-right,.wp-block-uagb-image--layout-overlay__inner.center-right,.wp-block-uagb-image--layout-overlay__inner.bottom-right{align-items:flex-end}.wp-block-uagb-image--layout-overlay__inner .uagb-image-heading{color:#fff;transition:transform .35s,opacity .35s ease-in-out;transform:translate3d(0, 24px, 0);margin:0;line-height:1em}.wp-block-uagb-image--layout-overlay__inner .uagb-image-separator{width:30%;border-top-width:2px;border-top-color:#fff;border-top-style:solid;margin-bottom:10px;opacity:0;transition:transform .4s,opacity .4s ease-in-out;transform:translate3d(0, 30px, 0)}.wp-block-uagb-image--layout-overlay__inner .uagb-image-caption{opacity:0;overflow:visible;color:#fff;transition:transform .45s,opacity .45s ease-in-out;transform:translate3d(0, 35px, 0)}.wp-block-uagb-image--layout-overlay__inner:hover .uagb-image-heading,.wp-block-uagb-image--layout-overlay__inner:hover .uagb-image-separator,.wp-block-uagb-image--layout-overlay__inner:hover .uagb-image-caption{opacity:1;transform:translate3d(0, 0, 0)}.wp-block-uagb-image--effect-zoomin .wp-block-uagb-image__figure img,.wp-block-uagb-image--effect-zoomin .wp-block-uagb-image__figure .wp-block-uagb-image--layout-overlay__color-wrapper{transform:scale(1);transition:transform .35s ease-in-out}.wp-block-uagb-image--effect-zoomin .wp-block-uagb-image__figure:hover img,.wp-block-uagb-image--effect-zoomin .wp-block-uagb-image__figure:hover .wp-block-uagb-image--layout-overlay__color-wrapper{transform:scale(1.05)}.wp-block-uagb-image--effect-slide .wp-block-uagb-image__figure img,.wp-block-uagb-image--effect-slide .wp-block-uagb-image__figure .wp-block-uagb-image--layout-overlay__color-wrapper{width:calc(100% + 40px) !important;max-width:none !important;transform:translate3d(-40px, 0, 0);transition:transform .35s ease-in-out}.wp-block-uagb-image--effect-slide .wp-block-uagb-image__figure:hover img,.wp-block-uagb-image--effect-slide .wp-block-uagb-image__figure:hover .wp-block-uagb-image--layout-overlay__color-wrapper{transform:translate3d(0, 0, 0)}.wp-block-uagb-image--effect-grayscale img{filter:grayscale(0%);transition:.35s ease-in-out}.wp-block-uagb-image--effect-grayscale:hover img{filter:grayscale(100%)}.wp-block-uagb-image--effect-blur img{filter:blur(0);transition:.35s ease-in-out}.wp-block-uagb-image--effect-blur:hover img{filter:blur(3px)}.uagb-block-e6f939b3.wp-block-uagb-image--layout-default figure img{box-shadow: 0px 0px 0 #00000070;}.uagb-block-e6f939b3.wp-block-uagb-image .wp-block-uagb-image__figure figcaption{font-style: normal;align-self: center;}.uagb-block-e6f939b3.wp-block-uagb-image--layout-overlay figure img{box-shadow: 0px 0px 0 #00000070;}.uagb-block-e6f939b3.wp-block-uagb-image--layout-overlay .wp-block-uagb-image--layout-overlay__color-wrapper{opacity: 0.2;}.uagb-block-e6f939b3.wp-block-uagb-image--layout-overlay .wp-block-uagb-image--layout-overlay__inner{left: 15px;right: 15px;top: 15px;bottom: 15px;}.uagb-block-e6f939b3.wp-block-uagb-image--layout-overlay .wp-block-uagb-image--layout-overlay__inner .uagb-image-heading{font-style: normal;color: #fff;opacity: 1;}.uagb-block-e6f939b3.wp-block-uagb-image--layout-overlay .wp-block-uagb-image--layout-overlay__inner .uagb-image-heading a{color: #fff;}.uagb-block-e6f939b3.wp-block-uagb-image--layout-overlay .wp-block-uagb-image--layout-overlay__inner .uagb-image-caption{opacity: 0;}.uagb-block-e6f939b3.wp-block-uagb-image--layout-overlay .wp-block-uagb-image__figure:hover .wp-block-uagb-image--layout-overlay__color-wrapper{opacity: 1;}.uagb-block-e6f939b3.wp-block-uagb-image .wp-block-uagb-image--layout-overlay__inner .uagb-image-separator{width: 30%;border-top-width: 2px;border-top-color: #fff;opacity: 0;}.uagb-block-e6f939b3.wp-block-uagb-image .wp-block-uagb-image__figure img{width: px;height: auto;}.uagb-block-e6f939b3.wp-block-uagb-image .wp-block-uagb-image__figure:hover .wp-block-uagb-image--layout-overlay__inner .uagb-image-caption{opacity: 1;}.uagb-block-e6f939b3.wp-block-uagb-image .wp-block-uagb-image__figure:hover .wp-block-uagb-image--layout-overlay__inner .uagb-image-separator{opacity: 1;}.uagb-block-e6f939b3.wp-block-uagb-image--layout-default figure:hover img{box-shadow: 0px 0px 0 #00000070;}.uagb-block-e6f939b3.wp-block-uagb-image--layout-overlay figure:hover img{box-shadow: 0px 0px 0 #00000070;}@media only screen and (max-width: 976px) {.uagb-block-e6f939b3.wp-block-uagb-image .wp-block-uagb-image__figure img{width: px;height: auto;}}@media only screen and (max-width: 767px) {.uagb-block-e6f939b3.wp-block-uagb-image .wp-block-uagb-image__figure img{width: px;height: auto;}}\";s:2:\"js\";s:0:\"\";s:18:\"current_block_list\";a:13:{i:0;s:11:\"core\/search\";i:1;s:10:\"core\/group\";i:2;s:12:\"core\/heading\";i:3;s:17:\"core\/latest-posts\";i:4;s:20:\"core\/latest-comments\";i:5;s:13:\"core\/archives\";i:6;s:15:\"core\/categories\";i:7;s:14:\"core\/paragraph\";i:8;s:10:\"uagb\/image\";i:9;s:11:\"core\/spacer\";i:10;s:30:\"woocommerce\/product-categories\";i:11;s:10:\"core\/image\";i:12;s:14:\"core\/shortcode\";}s:8:\"uag_flag\";b:1;s:11:\"uag_version\";s:10:\"1777323130\";s:6:\"gfonts\";a:0:{}s:10:\"gfonts_url\";s:0:\"\";s:12:\"gfonts_files\";a:0:{}s:14:\"uag_faq_layout\";b:0;}"]},"uagb_featured_image_src":{"full":["https:\/\/www.ferberpainting.com\/wp-content\/uploads\/2025\/05\/StrelitziaFertilizer5L.png",2560,2560,false],"thumbnail":["https:\/\/www.ferberpainting.com\/wp-content\/uploads\/2025\/05\/StrelitziaFertilizer5L-150x150.png",150,150,true],"medium":["https:\/\/www.ferberpainting.com\/wp-content\/uploads\/2025\/05\/StrelitziaFertilizer5L-300x300.png",300,300,true],"medium_large":["https:\/\/www.ferberpainting.com\/wp-content\/uploads\/2025\/05\/StrelitziaFertilizer5L-768x768.png",768,768,true],"large":["https:\/\/www.ferberpainting.com\/wp-content\/uploads\/2025\/05\/StrelitziaFertilizer5L-1024x1024.png",1024,1024,true],"1536x1536":["https:\/\/www.ferberpainting.com\/wp-content\/uploads\/2025\/05\/StrelitziaFertilizer5L-1536x1536.png",1536,1536,true],"2048x2048":["https:\/\/www.ferberpainting.com\/wp-content\/uploads\/2025\/05\/StrelitziaFertilizer5L-2048x2048.png",2048,2048,true],"trp-custom-language-flag":["https:\/\/www.ferberpainting.com\/wp-content\/uploads\/2025\/05\/StrelitziaFertilizer5L-12x12.png",12,12,true],"woocommerce_thumbnail":["https:\/\/www.ferberpainting.com\/wp-content\/uploads\/2025\/05\/StrelitziaFertilizer5L-300x300.png",300,300,true],"woocommerce_single":["https:\/\/www.ferberpainting.com\/wp-content\/uploads\/2025\/05\/StrelitziaFertilizer5L-600x600.png",600,600,true],"woocommerce_gallery_thumbnail":["https:\/\/www.ferberpainting.com\/wp-content\/uploads\/2025\/05\/StrelitziaFertilizer5L-100x100.png",100,100,true]},"uagb_author_info":{"display_name":"admin","author_link":"https:\/\/www.ferberpainting.com\/hu\/author\/"},"uagb_comment_info":7,"uagb_excerpt":"A powerful fertilizer for lush growth of strelitzia.\u00a0This fertilizer specially designed for strelitzia, also known as bird of paradise, promotes vigorous growth, dense foliage and vibrant flowers. Thanks to its nutrient-balanced formula (NPK 15-15-15), it stimulates root development, enhances disease resistance, and optimizes flowering by providing all the essential elements to the plant. Money-back guarantee.\u00a0We&hellip;","_links":{"self":[{"href":"https:\/\/www.ferberpainting.com\/hu\/wp-json\/wp\/v2\/product\/25329","targetHints":{"allow":["GET"]}}],"collection":[{"href":"https:\/\/www.ferberpainting.com\/hu\/wp-json\/wp\/v2\/product"}],"about":[{"href":"https:\/\/www.ferberpainting.com\/hu\/wp-json\/wp\/v2\/types\/product"}],"replies":[{"embeddable":true,"href":"https:\/\/www.ferberpainting.com\/hu\/wp-json\/wp\/v2\/comments?post=25329"}],"version-history":[{"count":4,"href":"https:\/\/www.ferberpainting.com\/hu\/wp-json\/wp\/v2\/product\/25329\/revisions"}],"predecessor-version":[{"id":167353,"href":"https:\/\/www.ferberpainting.com\/hu\/wp-json\/wp\/v2\/product\/25329\/revisions\/167353"}],"wp:featuredmedia":[{"embeddable":true,"href":"https:\/\/www.ferberpainting.com\/hu\/wp-json\/wp\/v2\/media\/27193"}],"wp:attachment":[{"href":"https:\/\/www.ferberpainting.com\/hu\/wp-json\/wp\/v2\/media?parent=25329"}],"wp:term":[{"taxonomy":"product_brand","embeddable":true,"href":"https:\/\/www.ferberpainting.com\/hu\/wp-json\/wp\/v2\/product_brand?post=25329"},{"taxonomy":"product_cat","embeddable":true,"href":"https:\/\/www.ferberpainting.com\/hu\/wp-json\/wp\/v2\/product_cat?post=25329"},{"taxonomy":"product_tag","embeddable":true,"href":"https:\/\/www.ferberpainting.com\/hu\/wp-json\/wp\/v2\/product_tag?post=25329"}],"curies":[{"name":"wp","href":"https:\/\/api.w.org\/{rel}","templated":true}]}}